{"id":826,"date":"2026-03-26T07:15:31","date_gmt":"2026-03-26T07:15:31","guid":{"rendered":"https:\/\/www.grandmercuredalat.com\/?page_id=826"},"modified":"2026-03-31T07:44:35","modified_gmt":"2026-03-31T07:44:35","slug":"spa-suc-khoe","status":"publish","type":"page","link":"https:\/\/www.grandmercuredalat.com\/vi\/wellness\/spa-suc-khoe\/","title":{"rendered":"La Maison Wellness"},"content":{"rendered":"<p>B\u01b0\u1edbc v\u00e0o \u1ed1c \u0111\u1ea3o an y\u00ean c\u00f9ng\u00a0<strong>La Maison Wellness <\/strong>spa t\u1ea1i \u0110\u00e0 L\u1ea1t, n\u00e9p m\u00ecnh trong khu\u00f4n vi\u00ean thanh l\u1ecbch c\u1ee7a Grand Mercure Dalat Resort. Ngay khi \u0111\u1eb7t ch\u00e2n qua ng\u01b0\u1ee1ng c\u1eeda, b\u1ea1n s\u1ebd c\u1ea3m nh\u1eadn m\u1ed9t kh\u00f4ng gian tinh t\u1ebf v\u00e0 t\u0129nh t\u1ea1i, n\u01a1i v\u1ebb \u0111\u1eb9p c\u1ed5 \u0111i\u1ec3n Ph\u00e1p h\u00f2a quy\u1ec7n c\u00f9ng khung c\u1ea3nh thi\u00ean nhi\u00ean ngo\u1ea1n m\u1ee5c c\u1ee7a v\u00f9ng cao nguy\u00ean Vi\u1ec7t Nam.<\/p>\n<p>T\u1ea1i \u0111\u00e2y, s\u1ef1 tho\u1ea3i m\u00e1i v\u00e0 th\u01b0 gi\u00e3n c\u1ee7a b\u1ea1n lu\u00f4n \u0111\u01b0\u1ee3c \u0111\u1eb7t l\u00ean h\u00e0ng \u0111\u1ea7u. Ch\u00fang t\u00f4i tr\u00e2n tr\u1ecdng m\u1eddi b\u1ea1n t\u1eadn h\u01b0\u1edfng nh\u1eefng li\u1ec7u ph\u00e1p ch\u0103m s\u00f3c s\u1ee9c kh\u1ecfe cao c\u1ea5p, \u0111\u01b0\u1ee3c k\u1ebft h\u1ee3p h\u00e0i h\u00f2a gi\u1eefa th\u1ea3o d\u01b0\u1ee3c \u0111\u1ecba ph\u01b0\u01a1ng t\u01b0\u01a1i m\u1edbi v\u00e0 k\u1ef9 thu\u1eadt tr\u1ecb li\u1ec7u hi\u1ec7n \u0111\u1ea1i, nh\u1eb9 nh\u00e0ng. \u0110\u00e2y l\u00e0 c\u00e1ch ho\u00e0n h\u1ea3o \u0111\u1ec3 c\u01a1 th\u1ec3 t\u00ecm l\u1ea1i s\u1ef1 c\u00e2n b\u1eb1ng t\u1ef1 nhi\u00ean, t\u00e2m tr\u00ed \u0111\u01b0\u1ee3c xoa d\u1ecbu v\u00e0 ngu\u1ed3n n\u0103ng l\u01b0\u1ee3ng n\u1ed9i t\u1ea1i \u0111\u01b0\u1ee3c t\u00e1i t\u1ea1o sau m\u1ed9t ng\u00e0y kh\u00e1m ph\u00e1 nh\u1eefng gi\u00e1 tr\u1ecb v\u0103n h\u00f3a \u0111\u1eb7c s\u1eafc.<\/p>\n<p>\u0110i\u1ec3m l\u00e0m n\u00ean s\u1ef1 kh\u00e1c bi\u1ec7t ch\u00ednh l\u00e0 c\u00e1c li\u1ec7u tr\u00ecnh \u0111\u1eb7c tr\u01b0ng c\u1ee7a spa. \u0110\u01b0\u1ee3c truy\u1ec1n c\u1ea3m h\u1ee9ng t\u1eeb nh\u1eefng th\u1ea3o m\u1ed9c b\u1ea3n \u0111\u1ecba c\u1ee7a \u0110\u00e0 L\u1ea1t, m\u1ed7i tr\u1ea3i nghi\u1ec7m s\u1ebd mang \u0111\u1ebfn m\u1ed9t h\u00e0nh tr\u00ecnh tr\u1ecb li\u1ec7u \u0111\u1ed9c \u0111\u00e1o, \u0111\u1eadm ch\u1ea5t &#8220;th\u01b0 gi\u00e3n c\u00f9ng cao nguy\u00ean&#8221;. \u0110\u00e2y s\u1ebd l\u00e0 n\u01a1i s\u1ef1 th\u01b0 gi\u00e3n s\u00e2u l\u1eafng h\u00f2a quy\u1ec7n c\u00f9ng chi\u1ec1u s\u00e2u v\u0103n h\u00f3a, t\u1ea1o n\u00ean m\u1ed9t tr\u1ea3i nghi\u1ec7m kh\u00f3 c\u00f3 th\u1ec3 t\u00ecm th\u1ea5y \u1edf b\u1ea5t k\u1ef3 <strong><a href=\"https:\/\/www.grandmercuredalat.com\/vi\/khach-san-tai-da-lat\/\" target=\"_blank\" rel=\"noopener\">kh\u00e1ch s\u1ea1n t\u1ea1i \u0110\u00e0 L\u1ea1t<\/a><\/strong> n\u00e0o kh\u00e1c.<\/p>\n","protected":false},"excerpt":{"rendered":"<p>B\u01b0\u1edbc v\u00e0o \u1ed1c \u0111\u1ea3o an y\u00ean c\u00f9ng\u00a0La Maison Wellness spa t\u1ea1i \u0110\u00e0 L\u1ea1t, n\u00e9p m\u00ecnh trong khu\u00f4n vi\u00ean thanh l\u1ecbch c\u1ee7a Grand Mercure Dalat Resort. Ngay khi \u0111\u1eb7t ch\u00e2n qua ng\u01b0\u1ee1ng c\u1eeda, b\u1ea1n s\u1ebd c\u1ea3m nh\u1eadn m\u1ed9t kh\u00f4ng gian tinh t\u1ebf v\u00e0 t\u0129nh t\u1ea1i, n\u01a1i v\u1ebb \u0111\u1eb9p c\u1ed5 \u0111i\u1ec3n Ph\u00e1p h\u00f2a quy\u1ec7n c\u00f9ng khung c\u1ea3nh [&hellip;]<\/p>\n","protected":false},"author":39,"featured_media":805,"parent":280,"menu_order":0,"comment_status":"closed","ping_status":"closed","template":"template-spa.php","meta":{"footnotes":""},"categories":[],"class_list":["post-826","page","type-page","status-publish","has-post-thumbnail","hentry"],"acf":[],"yoast_head":"<!-- This site is optimized with the Yoast SEO plugin v26.9 - https:\/\/yoast.com\/product\/yoast-seo-wordpress\/ -->\n<title>Spa t\u1ea1i \u0110\u00e0 L\u1ea1t \u0110\u1eb3ng C\u1ea5p | La Maison Wellness Spa<\/title>\n<meta name=\"description\" content=\"\u0110\u1eafm m\u00ecnh trong tr\u1ea3i nghi\u1ec7m spa t\u1ea1i \u0110\u00e0 L\u1ea1t, n\u01a1i ngh\u1ec7 thu\u1eadt tr\u1ecb li\u1ec7u truy\u1ec1n th\u1ed1ng Vi\u1ec7t Nam h\u00f2a quy\u1ec7n c\u00f9ng li\u1ec7u ph\u00e1p hi\u1ec7n \u0111\u1ea1i. \u0110\u1eb7t ch\u1ed7 ngay!\" \/>\n<meta name=\"robots\" content=\"index, follow, max-snippet:-1, max-image-preview:large, max-video-preview:-1\" \/>\n<link rel=\"canonical\" href=\"https:\/\/www.grandmercuredalat.com\/vi\/wellness\/spa-suc-khoe\/\" \/>\n<meta property=\"og:locale\" content=\"vi_VN\" \/>\n<meta property=\"og:type\" content=\"article\" \/>\n<meta property=\"og:title\" content=\"Spa t\u1ea1i \u0110\u00e0 L\u1ea1t \u0110\u1eb3ng C\u1ea5p | La Maison Wellness Spa\" \/>\n<meta property=\"og:description\" content=\"\u0110\u1eafm m\u00ecnh trong tr\u1ea3i nghi\u1ec7m spa t\u1ea1i \u0110\u00e0 L\u1ea1t, n\u01a1i ngh\u1ec7 thu\u1eadt tr\u1ecb li\u1ec7u truy\u1ec1n th\u1ed1ng Vi\u1ec7t Nam h\u00f2a quy\u1ec7n c\u00f9ng li\u1ec7u ph\u00e1p hi\u1ec7n \u0111\u1ea1i. \u0110\u1eb7t ch\u1ed7 ngay!\" \/>\n<meta property=\"og:url\" content=\"https:\/\/www.grandmercuredalat.com\/vi\/wellness\/spa-suc-khoe\/\" \/>\n<meta property=\"og:site_name\" content=\"Grand Mercure Dalat Resort\" \/>\n<meta property=\"article:modified_time\" content=\"2026-03-31T07:44:35+00:00\" \/>\n<meta property=\"og:image\" content=\"https:\/\/www.grandmercuredalat.com\/wp-content\/uploads\/sites\/4\/2026\/03\/Spa-in-Dalat-scaled.jpg\" \/>\n\t<meta property=\"og:image:width\" content=\"2560\" \/>\n\t<meta property=\"og:image:height\" content=\"1706\" \/>\n\t<meta property=\"og:image:type\" content=\"image\/jpeg\" \/>\n<meta name=\"twitter:card\" content=\"summary_large_image\" \/>\n<meta name=\"twitter:label1\" content=\"Est. reading time\" \/>\n\t<meta name=\"twitter:data1\" content=\"2 minutes\" \/>\n<script type=\"application\/ld+json\" class=\"yoast-schema-graph\">{\"@context\":\"https:\/\/schema.org\",\"@graph\":[{\"@type\":\"WebPage\",\"@id\":\"https:\/\/www.grandmercuredalat.com\/vi\/wellness\/spa-suc-khoe\/\",\"url\":\"https:\/\/www.grandmercuredalat.com\/vi\/wellness\/spa-suc-khoe\/\",\"name\":\"Spa t\u1ea1i \u0110\u00e0 L\u1ea1t \u0110\u1eb3ng C\u1ea5p | La Maison Wellness Spa\",\"isPartOf\":{\"@id\":\"https:\/\/www.grandmercuredalat.com\/#website\"},\"primaryImageOfPage\":{\"@id\":\"https:\/\/www.grandmercuredalat.com\/vi\/wellness\/spa-suc-khoe\/#primaryimage\"},\"image\":{\"@id\":\"https:\/\/www.grandmercuredalat.com\/vi\/wellness\/spa-suc-khoe\/#primaryimage\"},\"thumbnailUrl\":\"https:\/\/www.grandmercuredalat.com\/wp-content\/uploads\/sites\/4\/2026\/03\/Spa-in-Dalat-scaled.jpg\",\"datePublished\":\"2026-03-26T07:15:31+00:00\",\"dateModified\":\"2026-03-31T07:44:35+00:00\",\"description\":\"\u0110\u1eafm m\u00ecnh trong tr\u1ea3i nghi\u1ec7m spa t\u1ea1i \u0110\u00e0 L\u1ea1t, n\u01a1i ngh\u1ec7 thu\u1eadt tr\u1ecb li\u1ec7u truy\u1ec1n th\u1ed1ng Vi\u1ec7t Nam h\u00f2a quy\u1ec7n c\u00f9ng li\u1ec7u ph\u00e1p hi\u1ec7n \u0111\u1ea1i. \u0110\u1eb7t ch\u1ed7 ngay!\",\"breadcrumb\":{\"@id\":\"https:\/\/www.grandmercuredalat.com\/vi\/wellness\/spa-suc-khoe\/#breadcrumb\"},\"inLanguage\":\"vi-VN\",\"potentialAction\":[{\"@type\":\"ReadAction\",\"target\":[\"https:\/\/www.grandmercuredalat.com\/vi\/wellness\/spa-suc-khoe\/\"]}]},{\"@type\":\"ImageObject\",\"inLanguage\":\"vi-VN\",\"@id\":\"https:\/\/www.grandmercuredalat.com\/vi\/wellness\/spa-suc-khoe\/#primaryimage\",\"url\":\"https:\/\/www.grandmercuredalat.com\/wp-content\/uploads\/sites\/4\/2026\/03\/Spa-in-Dalat-scaled.jpg\",\"contentUrl\":\"https:\/\/www.grandmercuredalat.com\/wp-content\/uploads\/sites\/4\/2026\/03\/Spa-in-Dalat-scaled.jpg\",\"width\":2560,\"height\":1706,\"caption\":\"Spa t\u1ea1i \u0110\u00e0 L\u1ea1t\"},{\"@type\":\"BreadcrumbList\",\"@id\":\"https:\/\/www.grandmercuredalat.com\/vi\/wellness\/spa-suc-khoe\/#breadcrumb\",\"itemListElement\":[{\"@type\":\"ListItem\",\"position\":1,\"name\":\"Home\",\"item\":\"https:\/\/www.grandmercuredalat.com\/vi\/\"},{\"@type\":\"ListItem\",\"position\":2,\"name\":\"Spa &amp; S\u1ee9c Kh\u1ecfe\",\"item\":\"https:\/\/www.grandmercuredalat.com\/vi\/wellness\/\"},{\"@type\":\"ListItem\",\"position\":3,\"name\":\"La Maison Wellness\"}]},{\"@type\":\"WebSite\",\"@id\":\"https:\/\/www.grandmercuredalat.com\/#website\",\"url\":\"https:\/\/www.grandmercuredalat.com\/\",\"name\":\"Grand Mercure Dalat Resort\",\"description\":\"\",\"publisher\":{\"@id\":\"https:\/\/www.grandmercuredalat.com\/#organization\"},\"potentialAction\":[{\"@type\":\"SearchAction\",\"target\":{\"@type\":\"EntryPoint\",\"urlTemplate\":\"https:\/\/www.grandmercuredalat.com\/?s={search_term_string}\"},\"query-input\":{\"@type\":\"PropertyValueSpecification\",\"valueRequired\":true,\"valueName\":\"search_term_string\"}}],\"inLanguage\":\"vi-VN\"},{\"@type\":\"Organization\",\"@id\":\"https:\/\/www.grandmercuredalat.com\/#organization\",\"name\":\"Grand Mercure Dalat Resort\",\"url\":\"https:\/\/www.grandmercuredalat.com\/\",\"logo\":{\"@type\":\"ImageObject\",\"inLanguage\":\"vi-VN\",\"@id\":\"https:\/\/www.grandmercuredalat.com\/#\/schema\/logo\/image\/\",\"url\":\"https:\/\/www.grandmercuredalat.com\/wp-content\/uploads\/sites\/4\/2025\/10\/Pool-26.jpg\",\"contentUrl\":\"https:\/\/www.grandmercuredalat.com\/wp-content\/uploads\/sites\/4\/2025\/10\/Pool-26.jpg\",\"width\":1800,\"height\":1200,\"caption\":\"Grand Mercure Dalat Resort\"},\"image\":{\"@id\":\"https:\/\/www.grandmercuredalat.com\/#\/schema\/logo\/image\/\"}}]}<\/script>\n<!-- \/ Yoast SEO plugin. -->","yoast_head_json":{"title":"Spa t\u1ea1i \u0110\u00e0 L\u1ea1t \u0110\u1eb3ng C\u1ea5p | La Maison Wellness Spa","description":"\u0110\u1eafm m\u00ecnh trong tr\u1ea3i nghi\u1ec7m spa t\u1ea1i \u0110\u00e0 L\u1ea1t, n\u01a1i ngh\u1ec7 thu\u1eadt tr\u1ecb li\u1ec7u truy\u1ec1n th\u1ed1ng Vi\u1ec7t Nam h\u00f2a quy\u1ec7n c\u00f9ng li\u1ec7u ph\u00e1p hi\u1ec7n \u0111\u1ea1i. \u0110\u1eb7t ch\u1ed7 ngay!","robots":{"index":"index","follow":"follow","max-snippet":"max-snippet:-1","max-image-preview":"max-image-preview:large","max-video-preview":"max-video-preview:-1"},"canonical":"https:\/\/www.grandmercuredalat.com\/vi\/wellness\/spa-suc-khoe\/","og_locale":"vi_VN","og_type":"article","og_title":"Spa t\u1ea1i \u0110\u00e0 L\u1ea1t \u0110\u1eb3ng C\u1ea5p | La Maison Wellness Spa","og_description":"\u0110\u1eafm m\u00ecnh trong tr\u1ea3i nghi\u1ec7m spa t\u1ea1i \u0110\u00e0 L\u1ea1t, n\u01a1i ngh\u1ec7 thu\u1eadt tr\u1ecb li\u1ec7u truy\u1ec1n th\u1ed1ng Vi\u1ec7t Nam h\u00f2a quy\u1ec7n c\u00f9ng li\u1ec7u ph\u00e1p hi\u1ec7n \u0111\u1ea1i. \u0110\u1eb7t ch\u1ed7 ngay!","og_url":"https:\/\/www.grandmercuredalat.com\/vi\/wellness\/spa-suc-khoe\/","og_site_name":"Grand Mercure Dalat Resort","article_modified_time":"2026-03-31T07:44:35+00:00","og_image":[{"width":2560,"height":1706,"url":"https:\/\/www.grandmercuredalat.com\/wp-content\/uploads\/sites\/4\/2026\/03\/Spa-in-Dalat-scaled.jpg","type":"image\/jpeg"}],"twitter_card":"summary_large_image","twitter_misc":{"Est. reading time":"2 minutes"},"schema":{"@context":"https:\/\/schema.org","@graph":[{"@type":"WebPage","@id":"https:\/\/www.grandmercuredalat.com\/vi\/wellness\/spa-suc-khoe\/","url":"https:\/\/www.grandmercuredalat.com\/vi\/wellness\/spa-suc-khoe\/","name":"Spa t\u1ea1i \u0110\u00e0 L\u1ea1t \u0110\u1eb3ng C\u1ea5p | La Maison Wellness Spa","isPartOf":{"@id":"https:\/\/www.grandmercuredalat.com\/#website"},"primaryImageOfPage":{"@id":"https:\/\/www.grandmercuredalat.com\/vi\/wellness\/spa-suc-khoe\/#primaryimage"},"image":{"@id":"https:\/\/www.grandmercuredalat.com\/vi\/wellness\/spa-suc-khoe\/#primaryimage"},"thumbnailUrl":"https:\/\/www.grandmercuredalat.com\/wp-content\/uploads\/sites\/4\/2026\/03\/Spa-in-Dalat-scaled.jpg","datePublished":"2026-03-26T07:15:31+00:00","dateModified":"2026-03-31T07:44:35+00:00","description":"\u0110\u1eafm m\u00ecnh trong tr\u1ea3i nghi\u1ec7m spa t\u1ea1i \u0110\u00e0 L\u1ea1t, n\u01a1i ngh\u1ec7 thu\u1eadt tr\u1ecb li\u1ec7u truy\u1ec1n th\u1ed1ng Vi\u1ec7t Nam h\u00f2a quy\u1ec7n c\u00f9ng li\u1ec7u ph\u00e1p hi\u1ec7n \u0111\u1ea1i. \u0110\u1eb7t ch\u1ed7 ngay!","breadcrumb":{"@id":"https:\/\/www.grandmercuredalat.com\/vi\/wellness\/spa-suc-khoe\/#breadcrumb"},"inLanguage":"vi-VN","potentialAction":[{"@type":"ReadAction","target":["https:\/\/www.grandmercuredalat.com\/vi\/wellness\/spa-suc-khoe\/"]}]},{"@type":"ImageObject","inLanguage":"vi-VN","@id":"https:\/\/www.grandmercuredalat.com\/vi\/wellness\/spa-suc-khoe\/#primaryimage","url":"https:\/\/www.grandmercuredalat.com\/wp-content\/uploads\/sites\/4\/2026\/03\/Spa-in-Dalat-scaled.jpg","contentUrl":"https:\/\/www.grandmercuredalat.com\/wp-content\/uploads\/sites\/4\/2026\/03\/Spa-in-Dalat-scaled.jpg","width":2560,"height":1706,"caption":"Spa t\u1ea1i \u0110\u00e0 L\u1ea1t"},{"@type":"BreadcrumbList","@id":"https:\/\/www.grandmercuredalat.com\/vi\/wellness\/spa-suc-khoe\/#breadcrumb","itemListElement":[{"@type":"ListItem","position":1,"name":"Home","item":"https:\/\/www.grandmercuredalat.com\/vi\/"},{"@type":"ListItem","position":2,"name":"Spa &amp; S\u1ee9c Kh\u1ecfe","item":"https:\/\/www.grandmercuredalat.com\/vi\/wellness\/"},{"@type":"ListItem","position":3,"name":"La Maison Wellness"}]},{"@type":"WebSite","@id":"https:\/\/www.grandmercuredalat.com\/#website","url":"https:\/\/www.grandmercuredalat.com\/","name":"Grand Mercure Dalat Resort","description":"","publisher":{"@id":"https:\/\/www.grandmercuredalat.com\/#organization"},"potentialAction":[{"@type":"SearchAction","target":{"@type":"EntryPoint","urlTemplate":"https:\/\/www.grandmercuredalat.com\/?s={search_term_string}"},"query-input":{"@type":"PropertyValueSpecification","valueRequired":true,"valueName":"search_term_string"}}],"inLanguage":"vi-VN"},{"@type":"Organization","@id":"https:\/\/www.grandmercuredalat.com\/#organization","name":"Grand Mercure Dalat Resort","url":"https:\/\/www.grandmercuredalat.com\/","logo":{"@type":"ImageObject","inLanguage":"vi-VN","@id":"https:\/\/www.grandmercuredalat.com\/#\/schema\/logo\/image\/","url":"https:\/\/www.grandmercuredalat.com\/wp-content\/uploads\/sites\/4\/2025\/10\/Pool-26.jpg","contentUrl":"https:\/\/www.grandmercuredalat.com\/wp-content\/uploads\/sites\/4\/2025\/10\/Pool-26.jpg","width":1800,"height":1200,"caption":"Grand Mercure Dalat Resort"},"image":{"@id":"https:\/\/www.grandmercuredalat.com\/#\/schema\/logo\/image\/"}}]}},"_links":{"self":[{"href":"https:\/\/www.grandmercuredalat.com\/vi\/wp-json\/wp\/v2\/pages\/826","targetHints":{"allow":["GET"]}}],"collection":[{"href":"https:\/\/www.grandmercuredalat.com\/vi\/wp-json\/wp\/v2\/pages"}],"about":[{"href":"https:\/\/www.grandmercuredalat.com\/vi\/wp-json\/wp\/v2\/types\/page"}],"author":[{"embeddable":true,"href":"https:\/\/www.grandmercuredalat.com\/vi\/wp-json\/wp\/v2\/users\/39"}],"replies":[{"embeddable":true,"href":"https:\/\/www.grandmercuredalat.com\/vi\/wp-json\/wp\/v2\/comments?post=826"}],"version-history":[{"count":0,"href":"https:\/\/www.grandmercuredalat.com\/vi\/wp-json\/wp\/v2\/pages\/826\/revisions"}],"up":[{"embeddable":true,"href":"https:\/\/www.grandmercuredalat.com\/vi\/wp-json\/wp\/v2\/pages\/280"}],"wp:featuredmedia":[{"embeddable":true,"href":"https:\/\/www.grandmercuredalat.com\/vi\/wp-json\/wp\/v2\/media\/805"}],"wp:attachment":[{"href":"https:\/\/www.grandmercuredalat.com\/vi\/wp-json\/wp\/v2\/media?parent=826"}],"wp:term":[{"taxonomy":"category","embeddable":true,"href":"https:\/\/www.grandmercuredalat.com\/vi\/wp-json\/wp\/v2\/categories?post=826"}],"curies":[{"name":"wp","href":"https:\/\/api.w.org\/{rel}","templated":true}]}}