{"id":343,"date":"2025-09-30T06:15:17","date_gmt":"2025-09-30T06:15:17","guid":{"rendered":"https:\/\/grandmercuredalatresort.accorv2prod2.decms.eu\/grand-mercure-dalat-resort\/"},"modified":"2026-01-22T08:55:54","modified_gmt":"2026-01-22T08:55:54","slug":"grand-mercure-dalat-resort","status":"publish","type":"page","link":"https:\/\/www.grandmercuredalat.com\/vi\/","title":{"rendered":"Grand Mercure Dalat Resort"},"content":{"rendered":"<p>\u0110\u1eafm m\u00ecnh trong s\u1ee9c quy\u1ebfn r\u0169 m\u00ea ho\u1eb7c c\u1ee7a n\u00e9t thanh l\u1ecbch Ph\u00e1p v\u1edbi b\u1ed9 s\u01b0u t\u1eadp 12 bi\u1ec7t th\u1ef1 l\u1ed9ng l\u1eaby, m\u1ed7i c\u0103n \u0111\u1ec1u t\u1ecfa ra m\u1ed9t v\u1ebb \u0111\u1eb9p c\u1ed5 \u0111i\u1ec3n v\u01b0\u1ee3t th\u1eddi gian. Ch\u1ecdn l\u1ef1a gi\u1eefa 131 <strong><a href=\"https:\/\/www.grandmercuredalat.com\/vi\/rooms-suites\/\" target=\"_blank\" rel=\"noopener\">ph\u00f2ng ngh\u1ec9 v\u00e0 suite<\/a><\/strong> \u0111\u01b0\u1ee3c thi\u1ebft k\u1ebf tinh x\u1ea3o, mang 6 phong c\u00e1ch \u0111\u1ed9c \u0111\u00e1o, \u0111\u01b0\u1ee3c tuy\u1ec3n ch\u1ecdn ri\u00eang cho k\u1ef3 ngh\u1ec9 l\u00e3ng m\u1ea1n c\u1ee7a b\u1ea1n, chuy\u1ebfn du l\u1ecbch gia \u0111\u00ecnh y\u00ean b\u00ecnh hay cu\u1ed1i tu\u1ea7n th\u01b0 th\u00e1i. <strong>Grand Mercure Dalat Resort<\/strong>\u00a0mang \u0111\u1ebfn cho b\u1ea1n m\u1ed9t ch\u1ed1n d\u1eebng ch\u00e2n ho\u00e0n h\u1ea3o \u0111\u1ec3 t\u1eadn h\u01b0\u1edfng s\u1ef1 th\u01b0 gi\u00e3n v\u00e0 t\u1ea1o n\u00ean nh\u1eefng k\u1ef7 ni\u1ec7m kh\u00f3 qu\u00ean.<\/p>\n<p>Kh\u00f4ng ch\u1ec9 l\u00e0 m\u1ed9t khu ngh\u1ec9 d\u01b0\u1ee1ng, \u0111\u00e2y l\u00e0 c\u00e1nh c\u1eeda d\u1eabn l\u1ed1i b\u1ea1n b\u01b0\u1edbc v\u00e0o m\u1ed9t tr\u1ea3i nghi\u1ec7m \u0110\u00e0 L\u1ea1t \u0111\u00edch th\u1ef1c. H\u00e3y t\u01b0\u1edfng t\u01b0\u1ee3ng b\u1ea1n \u0111\u1eb7t ch\u00e2n \u0111\u1ebfn n\u01a1i \u0111\u00e2y trong s\u1ef1 sang tr\u1ecdng nh\u1eb9 nh\u00e0ng v\u1edbi d\u1ecbch v\u1ee5 \u0111\u01b0a \u0111\u00f3n ri\u00eang t\u1eeb s\u00e2n bay, thong dong kh\u00e1m ph\u00e1 c\u1ea3nh s\u1eafc y\u00ean b\u00ecnh tr\u00ean nh\u1eefng chi\u1ebfc xe \u0111\u1ea1p \u0111i\u1ec7n th\u00e2n thi\u1ec7n v\u1edbi m\u00f4i tr\u01b0\u1eddng, ho\u1eb7c t\u1eadn h\u01b0\u1edfng bu\u1ed5i picnic \u0111\u1ea7y thi v\u1ecb gi\u1eefa nh\u1eefng m\u1ea3ng m\u00e0u xanh m\u01b0\u1edbt. Th\u01b0\u1edfng th\u1ee9c tr\u00e0 chi\u1ec1u trong l\u00e0n gi\u00f3 s\u01b0\u01a1ng m\u1edd \u1ea3o qu\u1ea5n quanh, t\u1eebng chi ti\u1ebft \u0111\u01b0\u1ee3c ch\u0103m ch\u00fat t\u1ec9 m\u1ec9 \u0111\u1ec3 \u0111an n\u00ean nh\u1eefng k\u00fd \u1ee9c v\u0129nh c\u1eedu. \u1ede \u0111\u00e2y, t\u1eebng kho\u1ea3nh kh\u1eafc l\u00e0 m\u1ed9t ki\u1ec7t t\u00e1c c\u1ee7a s\u1ef1 th\u01b0 gi\u00e3n v\u00e0 k\u1ebft n\u1ed1i, \u0111ang ch\u1edd b\u1ea1n kh\u00e1m ph\u00e1.<\/p>\n<p>T\u1eeb vi\u1ec7c d\u1ea1o b\u01b0\u1edbc tr\u00ean l\u1ed1i \u0111i ng\u1eadp tr\u00e0n hoa h\u1ed3ng \u0111\u1ebfn s\u0103n t\u00ecm nh\u1eefng g\u00f3c \u1ea3nh &#8220;&#8221;tri\u1ec7u like&#8221;&#8221;, k\u1ef3 ngh\u1ec9 t\u1ea1i Grand Mercure Dalat h\u1ee9a h\u1eb9n mang \u0111\u1ebfn m\u1ed9t h\u00e0nh tr\u00ecnh \u0111\u00e1nh th\u1ee9c m\u1ecdi gi\u00e1c quan, kh\u00f4ng n\u01a1i n\u00e0o s\u00e1nh \u0111\u01b0\u1ee3c.<\/p>\n<p><strong><a href=\"https:\/\/all.accor.com\/booking\/en\/accor\/hotel\/B8H0?;utm_campaign=hotel_website_search&amp;_gl=1*57dkdp*_ga*OTI5NDkxOTk0LjE3NjU5NjA0ODM.*_ga_SN42EZTV50*czE3NjU5NjA0ODIkbzEkZzAkdDE3NjU5NjA0ODIkajYwJGwwJGgw&amp;utm_medium=accor_regional_websites&amp;utm_source=hotelwebsite_B8H0&amp;basketId=98fb081c-1c63-45e4-965e-2c67bebb8704\" target=\"_blank\" rel=\"noopener\">\u0110\u1eb7t ph\u00f2ng ngay qua ALL.com<\/a><\/strong> \u0111\u1ec3 nh\u1eadn ngay nh\u1eefng \u01b0u \u0111\u00e3i t\u1ed1t nh\u1ea5t ngay h\u00f4m nay!<\/p>\n","protected":false},"excerpt":{"rendered":"<p>\u0110\u1eafm m\u00ecnh trong s\u1ee9c quy\u1ebfn r\u0169 m\u00ea ho\u1eb7c c\u1ee7a n\u00e9t thanh l\u1ecbch Ph\u00e1p v\u1edbi b\u1ed9 s\u01b0u t\u1eadp 12 bi\u1ec7t th\u1ef1 l\u1ed9ng l\u1eaby, m\u1ed7i c\u0103n \u0111\u1ec1u t\u1ecfa ra m\u1ed9t v\u1ebb \u0111\u1eb9p c\u1ed5 \u0111i\u1ec3n v\u01b0\u1ee3t th\u1eddi gian. Ch\u1ecdn l\u1ef1a gi\u1eefa 131 ph\u00f2ng ngh\u1ec9 v\u00e0 suite \u0111\u01b0\u1ee3c thi\u1ebft k\u1ebf tinh x\u1ea3o, mang 6 phong c\u00e1ch \u0111\u1ed9c \u0111\u00e1o, \u0111\u01b0\u1ee3c [&hellip;]<\/p>\n","protected":false},"author":30,"featured_media":543,"parent":0,"menu_order":0,"comment_status":"closed","ping_status":"closed","template":"","meta":{"footnotes":""},"categories":[],"class_list":["post-343","page","type-page","status-publish","has-post-thumbnail","hentry"],"acf":[],"yoast_head":"<!-- This site is optimized with the Yoast SEO plugin v26.9 - https:\/\/yoast.com\/product\/yoast-seo-wordpress\/ -->\n<title>Grand Mercure Dalat Resort - Resort 5 sao sang tr\u1ecdng t\u1ea1i Vi\u1ec7t Nam<\/title>\n<meta name=\"description\" content=\"Tr\u1ea3i nghi\u1ec7m n\u00e9t sang tr\u1ecdng \u0111\u1eadm ch\u1ea5t Ph\u00e1p t\u1ea1i Grand Mercure Dalat Resort v\u1edbi 131 ph\u00f2ng thanh l\u1ecbch v\u00e0 12 bi\u1ec7t th\u1ef1 \u0111\u1ea7y quy\u1ebfn r\u0169. \u0110\u1eb7t ph\u00f2ng ngay!\" \/>\n<meta name=\"robots\" content=\"index, follow, max-snippet:-1, max-image-preview:large, max-video-preview:-1\" \/>\n<link rel=\"canonical\" href=\"https:\/\/www.grandmercuredalat.com\/vi\/\" \/>\n<meta property=\"og:locale\" content=\"vi_VN\" \/>\n<meta property=\"og:type\" content=\"article\" \/>\n<meta property=\"og:title\" content=\"Grand Mercure Dalat Resort - Resort 5 sao sang tr\u1ecdng t\u1ea1i Vi\u1ec7t Nam\" \/>\n<meta property=\"og:description\" content=\"Tr\u1ea3i nghi\u1ec7m n\u00e9t sang tr\u1ecdng \u0111\u1eadm ch\u1ea5t Ph\u00e1p t\u1ea1i Grand Mercure Dalat Resort v\u1edbi 131 ph\u00f2ng thanh l\u1ecbch v\u00e0 12 bi\u1ec7t th\u1ef1 \u0111\u1ea7y quy\u1ebfn r\u0169. \u0110\u1eb7t ph\u00f2ng ngay!\" \/>\n<meta property=\"og:url\" content=\"https:\/\/www.grandmercuredalat.com\/vi\/\" \/>\n<meta property=\"og:site_name\" content=\"Grand Mercure Dalat Resort\" \/>\n<meta property=\"article:modified_time\" content=\"2026-01-22T08:55:54+00:00\" \/>\n<meta property=\"og:image\" content=\"https:\/\/www.grandmercuredalat.com\/wp-content\/uploads\/sites\/4\/2025\/11\/Where-r-we.jpg\" \/>\n\t<meta property=\"og:image:width\" content=\"1300\" \/>\n\t<meta property=\"og:image:height\" content=\"716\" \/>\n\t<meta property=\"og:image:type\" content=\"image\/jpeg\" \/>\n<meta name=\"twitter:card\" content=\"summary_large_image\" \/>\n<meta name=\"twitter:label1\" content=\"Est. reading time\" \/>\n\t<meta name=\"twitter:data1\" content=\"2 minutes\" \/>\n<script type=\"application\/ld+json\" class=\"yoast-schema-graph\">{\"@context\":\"https:\/\/schema.org\",\"@graph\":[{\"@type\":\"WebPage\",\"@id\":\"https:\/\/www.grandmercuredalat.com\/vi\/\",\"url\":\"https:\/\/www.grandmercuredalat.com\/vi\/\",\"name\":\"Grand Mercure Dalat Resort - Resort 5 sao sang tr\u1ecdng t\u1ea1i Vi\u1ec7t Nam\",\"isPartOf\":{\"@id\":\"https:\/\/www.grandmercuredalat.com\/#website\"},\"primaryImageOfPage\":{\"@id\":\"https:\/\/www.grandmercuredalat.com\/vi\/#primaryimage\"},\"image\":{\"@id\":\"https:\/\/www.grandmercuredalat.com\/vi\/#primaryimage\"},\"thumbnailUrl\":\"https:\/\/www.grandmercuredalat.com\/wp-content\/uploads\/sites\/4\/2025\/11\/Where-r-we.jpg\",\"datePublished\":\"2025-09-30T06:15:17+00:00\",\"dateModified\":\"2026-01-22T08:55:54+00:00\",\"description\":\"Tr\u1ea3i nghi\u1ec7m n\u00e9t sang tr\u1ecdng \u0111\u1eadm ch\u1ea5t Ph\u00e1p t\u1ea1i Grand Mercure Dalat Resort v\u1edbi 131 ph\u00f2ng thanh l\u1ecbch v\u00e0 12 bi\u1ec7t th\u1ef1 \u0111\u1ea7y quy\u1ebfn r\u0169. \u0110\u1eb7t ph\u00f2ng ngay!\",\"breadcrumb\":{\"@id\":\"https:\/\/www.grandmercuredalat.com\/vi\/#breadcrumb\"},\"inLanguage\":\"vi-VN\",\"potentialAction\":[{\"@type\":\"ReadAction\",\"target\":[\"https:\/\/www.grandmercuredalat.com\/vi\/\"]}]},{\"@type\":\"ImageObject\",\"inLanguage\":\"vi-VN\",\"@id\":\"https:\/\/www.grandmercuredalat.com\/vi\/#primaryimage\",\"url\":\"https:\/\/www.grandmercuredalat.com\/wp-content\/uploads\/sites\/4\/2025\/11\/Where-r-we.jpg\",\"contentUrl\":\"https:\/\/www.grandmercuredalat.com\/wp-content\/uploads\/sites\/4\/2025\/11\/Where-r-we.jpg\",\"width\":1300,\"height\":716,\"caption\":\"Kh\u00e1ch s\u1ea1n 5 sao t\u1ea1i \u0110\u00e0 L\u1ea1t\"},{\"@type\":\"BreadcrumbList\",\"@id\":\"https:\/\/www.grandmercuredalat.com\/vi\/#breadcrumb\",\"itemListElement\":[{\"@type\":\"ListItem\",\"position\":1,\"name\":\"Home\",\"item\":\"https:\/\/www.grandmercuredalat.com\/vi\/\"},{\"@type\":\"ListItem\",\"position\":2,\"name\":\"Grand Mercure Dalat Resort\"}]},{\"@type\":\"WebSite\",\"@id\":\"https:\/\/www.grandmercuredalat.com\/#website\",\"url\":\"https:\/\/www.grandmercuredalat.com\/\",\"name\":\"Grand Mercure Dalat Resort\",\"description\":\"\",\"publisher\":{\"@id\":\"https:\/\/www.grandmercuredalat.com\/#organization\"},\"potentialAction\":[{\"@type\":\"SearchAction\",\"target\":{\"@type\":\"EntryPoint\",\"urlTemplate\":\"https:\/\/www.grandmercuredalat.com\/?s={search_term_string}\"},\"query-input\":{\"@type\":\"PropertyValueSpecification\",\"valueRequired\":true,\"valueName\":\"search_term_string\"}}],\"inLanguage\":\"vi-VN\"},{\"@type\":\"Organization\",\"@id\":\"https:\/\/www.grandmercuredalat.com\/#organization\",\"name\":\"Grand Mercure Dalat Resort\",\"url\":\"https:\/\/www.grandmercuredalat.com\/\",\"logo\":{\"@type\":\"ImageObject\",\"inLanguage\":\"vi-VN\",\"@id\":\"https:\/\/www.grandmercuredalat.com\/#\/schema\/logo\/image\/\",\"url\":\"https:\/\/www.grandmercuredalat.com\/wp-content\/uploads\/sites\/4\/2025\/10\/Pool-26.jpg\",\"contentUrl\":\"https:\/\/www.grandmercuredalat.com\/wp-content\/uploads\/sites\/4\/2025\/10\/Pool-26.jpg\",\"width\":1800,\"height\":1200,\"caption\":\"Grand Mercure Dalat Resort\"},\"image\":{\"@id\":\"https:\/\/www.grandmercuredalat.com\/#\/schema\/logo\/image\/\"}}]}<\/script>\n<!-- \/ Yoast SEO plugin. -->","yoast_head_json":{"title":"Grand Mercure Dalat Resort - Resort 5 sao sang tr\u1ecdng t\u1ea1i Vi\u1ec7t Nam","description":"Tr\u1ea3i nghi\u1ec7m n\u00e9t sang tr\u1ecdng \u0111\u1eadm ch\u1ea5t Ph\u00e1p t\u1ea1i Grand Mercure Dalat Resort v\u1edbi 131 ph\u00f2ng thanh l\u1ecbch v\u00e0 12 bi\u1ec7t th\u1ef1 \u0111\u1ea7y quy\u1ebfn r\u0169. \u0110\u1eb7t ph\u00f2ng ngay!","robots":{"index":"index","follow":"follow","max-snippet":"max-snippet:-1","max-image-preview":"max-image-preview:large","max-video-preview":"max-video-preview:-1"},"canonical":"https:\/\/www.grandmercuredalat.com\/vi\/","og_locale":"vi_VN","og_type":"article","og_title":"Grand Mercure Dalat Resort - Resort 5 sao sang tr\u1ecdng t\u1ea1i Vi\u1ec7t Nam","og_description":"Tr\u1ea3i nghi\u1ec7m n\u00e9t sang tr\u1ecdng \u0111\u1eadm ch\u1ea5t Ph\u00e1p t\u1ea1i Grand Mercure Dalat Resort v\u1edbi 131 ph\u00f2ng thanh l\u1ecbch v\u00e0 12 bi\u1ec7t th\u1ef1 \u0111\u1ea7y quy\u1ebfn r\u0169. \u0110\u1eb7t ph\u00f2ng ngay!","og_url":"https:\/\/www.grandmercuredalat.com\/vi\/","og_site_name":"Grand Mercure Dalat Resort","article_modified_time":"2026-01-22T08:55:54+00:00","og_image":[{"width":1300,"height":716,"url":"https:\/\/www.grandmercuredalat.com\/wp-content\/uploads\/sites\/4\/2025\/11\/Where-r-we.jpg","type":"image\/jpeg"}],"twitter_card":"summary_large_image","twitter_misc":{"Est. reading time":"2 minutes"},"schema":{"@context":"https:\/\/schema.org","@graph":[{"@type":"WebPage","@id":"https:\/\/www.grandmercuredalat.com\/vi\/","url":"https:\/\/www.grandmercuredalat.com\/vi\/","name":"Grand Mercure Dalat Resort - Resort 5 sao sang tr\u1ecdng t\u1ea1i Vi\u1ec7t Nam","isPartOf":{"@id":"https:\/\/www.grandmercuredalat.com\/#website"},"primaryImageOfPage":{"@id":"https:\/\/www.grandmercuredalat.com\/vi\/#primaryimage"},"image":{"@id":"https:\/\/www.grandmercuredalat.com\/vi\/#primaryimage"},"thumbnailUrl":"https:\/\/www.grandmercuredalat.com\/wp-content\/uploads\/sites\/4\/2025\/11\/Where-r-we.jpg","datePublished":"2025-09-30T06:15:17+00:00","dateModified":"2026-01-22T08:55:54+00:00","description":"Tr\u1ea3i nghi\u1ec7m n\u00e9t sang tr\u1ecdng \u0111\u1eadm ch\u1ea5t Ph\u00e1p t\u1ea1i Grand Mercure Dalat Resort v\u1edbi 131 ph\u00f2ng thanh l\u1ecbch v\u00e0 12 bi\u1ec7t th\u1ef1 \u0111\u1ea7y quy\u1ebfn r\u0169. \u0110\u1eb7t ph\u00f2ng ngay!","breadcrumb":{"@id":"https:\/\/www.grandmercuredalat.com\/vi\/#breadcrumb"},"inLanguage":"vi-VN","potentialAction":[{"@type":"ReadAction","target":["https:\/\/www.grandmercuredalat.com\/vi\/"]}]},{"@type":"ImageObject","inLanguage":"vi-VN","@id":"https:\/\/www.grandmercuredalat.com\/vi\/#primaryimage","url":"https:\/\/www.grandmercuredalat.com\/wp-content\/uploads\/sites\/4\/2025\/11\/Where-r-we.jpg","contentUrl":"https:\/\/www.grandmercuredalat.com\/wp-content\/uploads\/sites\/4\/2025\/11\/Where-r-we.jpg","width":1300,"height":716,"caption":"Kh\u00e1ch s\u1ea1n 5 sao t\u1ea1i \u0110\u00e0 L\u1ea1t"},{"@type":"BreadcrumbList","@id":"https:\/\/www.grandmercuredalat.com\/vi\/#breadcrumb","itemListElement":[{"@type":"ListItem","position":1,"name":"Home","item":"https:\/\/www.grandmercuredalat.com\/vi\/"},{"@type":"ListItem","position":2,"name":"Grand Mercure Dalat Resort"}]},{"@type":"WebSite","@id":"https:\/\/www.grandmercuredalat.com\/#website","url":"https:\/\/www.grandmercuredalat.com\/","name":"Grand Mercure Dalat Resort","description":"","publisher":{"@id":"https:\/\/www.grandmercuredalat.com\/#organization"},"potentialAction":[{"@type":"SearchAction","target":{"@type":"EntryPoint","urlTemplate":"https:\/\/www.grandmercuredalat.com\/?s={search_term_string}"},"query-input":{"@type":"PropertyValueSpecification","valueRequired":true,"valueName":"search_term_string"}}],"inLanguage":"vi-VN"},{"@type":"Organization","@id":"https:\/\/www.grandmercuredalat.com\/#organization","name":"Grand Mercure Dalat Resort","url":"https:\/\/www.grandmercuredalat.com\/","logo":{"@type":"ImageObject","inLanguage":"vi-VN","@id":"https:\/\/www.grandmercuredalat.com\/#\/schema\/logo\/image\/","url":"https:\/\/www.grandmercuredalat.com\/wp-content\/uploads\/sites\/4\/2025\/10\/Pool-26.jpg","contentUrl":"https:\/\/www.grandmercuredalat.com\/wp-content\/uploads\/sites\/4\/2025\/10\/Pool-26.jpg","width":1800,"height":1200,"caption":"Grand Mercure Dalat Resort"},"image":{"@id":"https:\/\/www.grandmercuredalat.com\/#\/schema\/logo\/image\/"}}]}},"_links":{"self":[{"href":"https:\/\/www.grandmercuredalat.com\/vi\/wp-json\/wp\/v2\/pages\/343","targetHints":{"allow":["GET"]}}],"collection":[{"href":"https:\/\/www.grandmercuredalat.com\/vi\/wp-json\/wp\/v2\/pages"}],"about":[{"href":"https:\/\/www.grandmercuredalat.com\/vi\/wp-json\/wp\/v2\/types\/page"}],"author":[{"embeddable":true,"href":"https:\/\/www.grandmercuredalat.com\/vi\/wp-json\/wp\/v2\/users\/30"}],"replies":[{"embeddable":true,"href":"https:\/\/www.grandmercuredalat.com\/vi\/wp-json\/wp\/v2\/comments?post=343"}],"version-history":[{"count":0,"href":"https:\/\/www.grandmercuredalat.com\/vi\/wp-json\/wp\/v2\/pages\/343\/revisions"}],"wp:featuredmedia":[{"embeddable":true,"href":"https:\/\/www.grandmercuredalat.com\/vi\/wp-json\/wp\/v2\/media\/543"}],"wp:attachment":[{"href":"https:\/\/www.grandmercuredalat.com\/vi\/wp-json\/wp\/v2\/media?parent=343"}],"wp:term":[{"taxonomy":"category","embeddable":true,"href":"https:\/\/www.grandmercuredalat.com\/vi\/wp-json\/wp\/v2\/categories?post=343"}],"curies":[{"name":"wp","href":"https:\/\/api.w.org\/{rel}","templated":true}]}}