{"id":330,"date":"2025-10-06T06:24:57","date_gmt":"2025-10-06T06:24:57","guid":{"rendered":"https:\/\/grandmercuredalatresort.accorv2prod2.decms.eu\/rooms-suites\/presidential-villa-executive-pass\/"},"modified":"2026-01-23T10:15:27","modified_gmt":"2026-01-23T10:15:27","slug":"presidential-villa-executive-pass","status":"publish","type":"page","link":"https:\/\/www.grandmercuredalat.com\/vi\/rooms-suites\/presidential-villa-executive-pass\/","title":{"rendered":"Bi\u1ec7t Th\u1ef1 T\u1ed5ng Th\u1ed1ng \u2013 Tr\u1ea3i Nghi\u1ec7m \u0110\u1eb7c Quy\u1ec1n Executive"},"content":{"rendered":"<p>M\u1ecdi chi ti\u1ebft trong kh\u00f4ng gian 130m\u00b2 c\u1ee7a <strong>Bi\u1ec7t Th\u1ef1 T\u1ed5ng Th\u1ed1ng t\u1ea1i \u0110\u00e0 L\u1ea1t<\/strong> \u0111\u1ec1u \u0111\u01b0\u1ee3c ch\u0103m ch\u00fat t\u1ec9 m\u1ec9 \u0111\u1ec3 mang \u0111\u1ebfn cho b\u1ea1n s\u1ef1 t\u1eadn h\u01b0\u1edfng tr\u1ecdn v\u1eb9n. D\u00f9 l\u00e0 nh\u00e2m nhi t\u00e1ch c\u00e0 ph\u00ea s\u00e1ng t\u1ea1i s\u00e2n ri\u00eang c\u1ee7a villa, t\u1ed5 ch\u1ee9c nh\u1eefng bu\u1ed5i g\u1eb7p g\u1ee1 th\u00e2n m\u1eadt hay th\u01b0 gi\u00e3n trong khu v\u1ef1c ti\u1ebfp kh\u00e1ch \u00eam \u00e1i, t\u1eebng kho\u1ea3nh kh\u1eafc n\u01a1i \u0111\u00e2y \u0111\u1ec1u tr\u1edf n\u00ean \u0111\u1eb7c bi\u1ec7t.<\/p>\n<p>N\u00e2ng t\u1ea7m k\u1ef3 ngh\u1ec9 v\u1edbi s\u1ef1 xa hoa \u0111\u01b0\u1ee3c c\u00e1 nh\u00e2n h\u00f3a cho ri\u00eang b\u1ea1n. D\u1ec5 d\u00e0ng c\u00e2n b\u1eb1ng gi\u1eefa c\u00f4ng vi\u1ec7c, gi\u1ea3i tr\u00ed hay th\u1eddi gian b\u00ean gia \u0111\u00ecnh v\u1edbi ph\u00f2ng kh\u00e1ch, ph\u00f2ng \u0103n v\u00e0 kh\u00f4ng gian l\u00e0m vi\u1ec7c \u0111\u01b0\u1ee3c thi\u1ebft k\u1ebf t\u00e1ch bi\u1ec7t. \u0110\u1eafm ch\u00ecm trong s\u1ef1 sang tr\u1ecdng v\u1edbi hai ph\u00f2ng ng\u1ee7 r\u1ed9ng r\u00e3i, bao g\u1ed3m m\u1ed9t gi\u01b0\u1eddng King, hai gi\u01b0\u1eddng \u0111\u01a1n v\u00e0 c\u00e1c ph\u00f2ng t\u1eafm ri\u00eang \u0111\u1eb3ng c\u1ea5p. T\u1ea1o n\u00ean b\u1ea7u kh\u00f4ng kh\u00ed l\u00fd t\u01b0\u1edfng v\u1edbi h\u1ec7 th\u1ed1ng \u0111i\u1ec1u h\u00f2a hai chi\u1ec1u v\u00e0 s\u01b0\u1edfi \u1ea5m.<\/p>\n<p>\u0110\u1eb7t s\u1ef1 th\u01b0 th\u00e1i c\u1ee7a b\u1ea1n l\u00ean h\u00e0ng \u0111\u1ea7u v\u1edbi s\u1ef1 k\u1ebft h\u1ee3p h\u00e0i h\u00f2a gi\u1eefa ti\u1ec7n nghi tr\u1ef1c tuy\u1ebfn v\u00e0 nh\u1eefng ph\u00fat gi\u00e2y t\u0129nh l\u1eb7ng. Lu\u00f4n k\u1ebft n\u1ed1i v\u1edbi WiFi t\u1ed1c \u0111\u1ed9 cao, trong khi \u0111\u1eafm m\u00ecnh v\u00e0o khung c\u1ea3nh v\u01b0\u1eddn, th\u00e0nh ph\u1ed1 ho\u1eb7c to\u00e0n c\u1ea3nh tuy\u1ec7t \u0111\u1eb9p. T\u1eadn h\u01b0\u1edfng s\u1ef1 y\u00ean b\u00ecnh khi \u0111\u01b0\u1ee3c bao quanh b\u1edfi thi\u00ean nhi\u00ean, nh\u00e2m nhi \u0111\u1ed3 u\u1ed1ng t\u1eeb minibar mi\u1ec5n ph\u00ed ho\u1eb7c th\u01b0\u1edfng th\u1ee9c c\u00e0 ph\u00ea t\u01b0\u01a1i t\u1eeb m\u00e1y pha c\u00e0 ph\u00ea trong ph\u00f2ng.<\/p>\n<p>K\u1ef3 ngh\u1ec9 t\u1ea1i Bi\u1ec7t Th\u1ef1 T\u1ed5ng Th\u1ed1ng bao g\u1ed3m \u0111\u1eb7c quy\u1ec1n Executive Pass, t\u1eb7ng b\u1ea1n t\u00edn d\u1ee5ng \u1ea9m th\u1ef1c 1.000.000 VN\u0110 m\u1ed7i \u0111\u00eam. H\u00e3y t\u1eadn h\u01b0\u1edfng r\u01b0\u1ee3u h\u1ea3o h\u1ea1ng, c\u00e0 ph\u00ea th\u1ee7 c\u00f4ng v\u00e0 ti\u1ec7c tr\u00e0 chi\u1ec1u t\u1ea1i <strong><a href=\"https:\/\/www.grandmercuredalat.com\/vi\/restaurants-bars\/moon-lounge\/\" target=\"_blank\" rel=\"noopener\">Moon Lounge<\/a><\/strong> ho\u1eb7c 1929\u2019s Lobby Bar.<\/p>\n<p>T\u00e1i t\u1ea1o \u0111\u1ecbnh ngh\u0129a c\u1ee7a th\u01b0 gi\u00e3n v\u00e0 sang tr\u1ecdng.<\/p>\n","protected":false},"excerpt":{"rendered":"<p>M\u1ecdi chi ti\u1ebft trong kh\u00f4ng gian 130m\u00b2 c\u1ee7a Bi\u1ec7t Th\u1ef1 T\u1ed5ng Th\u1ed1ng t\u1ea1i \u0110\u00e0 L\u1ea1t \u0111\u1ec1u \u0111\u01b0\u1ee3c ch\u0103m ch\u00fat t\u1ec9 m\u1ec9 \u0111\u1ec3 mang \u0111\u1ebfn cho b\u1ea1n s\u1ef1 t\u1eadn h\u01b0\u1edfng tr\u1ecdn v\u1eb9n. D\u00f9 l\u00e0 nh\u00e2m nhi t\u00e1ch c\u00e0 ph\u00ea s\u00e1ng t\u1ea1i s\u00e2n ri\u00eang c\u1ee7a villa, t\u1ed5 ch\u1ee9c nh\u1eefng bu\u1ed5i g\u1eb7p g\u1ee1 th\u00e2n m\u1eadt hay th\u01b0 gi\u00e3n [&hellip;]<\/p>\n","protected":false},"author":30,"featured_media":68,"parent":249,"menu_order":10,"comment_status":"closed","ping_status":"closed","template":"template-room.php","meta":{"footnotes":""},"categories":[33],"class_list":["post-330","page","type-page","status-publish","has-post-thumbnail","hentry","category-suites-vi"],"acf":[],"yoast_head":"<!-- This site is optimized with the Yoast SEO plugin v26.9 - https:\/\/yoast.com\/product\/yoast-seo-wordpress\/ -->\n<title>Bi\u1ec7t Th\u1ef1 T\u1ed5ng Th\u1ed1ng | T\u1eadn H\u01b0\u1edfng Nh\u1eefng Kho\u1ea3nh Kh\u1eafc B\u00ecnh Y\u00ean<\/title>\n<meta name=\"description\" content=\"Tr\u1ea3i nghi\u1ec7m s\u1ef1 xa hoa b\u1eadc nh\u1ea5t trong bi\u1ec7t th\u1ef1 t\u1ed5ng th\u1ed1ng r\u1ed9ng 130m\u00b2 v\u1edbi hai ph\u00f2ng ng\u1ee7 sang tr\u1ecdng, ph\u00f2ng kh\u00e1ch t\u00e1ch bi\u1ec7t v\u00e0 ban c\u00f4ng y\u00ean t\u0129nh.\" \/>\n<meta name=\"robots\" content=\"index, follow, max-snippet:-1, max-image-preview:large, max-video-preview:-1\" \/>\n<link rel=\"canonical\" href=\"https:\/\/www.grandmercuredalat.com\/vi\/rooms-suites\/presidential-villa-executive-pass\/\" \/>\n<meta property=\"og:locale\" content=\"vi_VN\" \/>\n<meta property=\"og:type\" content=\"article\" \/>\n<meta property=\"og:title\" content=\"Bi\u1ec7t Th\u1ef1 T\u1ed5ng Th\u1ed1ng | T\u1eadn H\u01b0\u1edfng Nh\u1eefng Kho\u1ea3nh Kh\u1eafc B\u00ecnh Y\u00ean\" \/>\n<meta property=\"og:description\" content=\"Tr\u1ea3i nghi\u1ec7m s\u1ef1 xa hoa b\u1eadc nh\u1ea5t trong bi\u1ec7t th\u1ef1 t\u1ed5ng th\u1ed1ng r\u1ed9ng 130m\u00b2 v\u1edbi hai ph\u00f2ng ng\u1ee7 sang tr\u1ecdng, ph\u00f2ng kh\u00e1ch t\u00e1ch bi\u1ec7t v\u00e0 ban c\u00f4ng y\u00ean t\u0129nh.\" \/>\n<meta property=\"og:url\" content=\"https:\/\/www.grandmercuredalat.com\/vi\/rooms-suites\/presidential-villa-executive-pass\/\" \/>\n<meta property=\"og:site_name\" content=\"Grand Mercure Dalat Resort\" \/>\n<meta property=\"article:modified_time\" content=\"2026-01-23T10:15:27+00:00\" \/>\n<meta property=\"og:image\" content=\"https:\/\/www.grandmercuredalat.com\/wp-content\/uploads\/sites\/4\/2025\/10\/PRESIDENTIAL-5.jpg\" \/>\n\t<meta property=\"og:image:width\" content=\"1601\" \/>\n\t<meta property=\"og:image:height\" content=\"1200\" \/>\n\t<meta property=\"og:image:type\" content=\"image\/jpeg\" \/>\n<meta name=\"twitter:card\" content=\"summary_large_image\" \/>\n<meta name=\"twitter:label1\" content=\"Est. reading time\" \/>\n\t<meta name=\"twitter:data1\" content=\"2 minutes\" \/>\n<script type=\"application\/ld+json\" class=\"yoast-schema-graph\">{\"@context\":\"https:\/\/schema.org\",\"@graph\":[{\"@type\":\"WebPage\",\"@id\":\"https:\/\/www.grandmercuredalat.com\/vi\/rooms-suites\/presidential-villa-executive-pass\/\",\"url\":\"https:\/\/www.grandmercuredalat.com\/vi\/rooms-suites\/presidential-villa-executive-pass\/\",\"name\":\"Bi\u1ec7t Th\u1ef1 T\u1ed5ng Th\u1ed1ng | T\u1eadn H\u01b0\u1edfng Nh\u1eefng Kho\u1ea3nh Kh\u1eafc B\u00ecnh Y\u00ean\",\"isPartOf\":{\"@id\":\"https:\/\/www.grandmercuredalat.com\/#website\"},\"primaryImageOfPage\":{\"@id\":\"https:\/\/www.grandmercuredalat.com\/vi\/rooms-suites\/presidential-villa-executive-pass\/#primaryimage\"},\"image\":{\"@id\":\"https:\/\/www.grandmercuredalat.com\/vi\/rooms-suites\/presidential-villa-executive-pass\/#primaryimage\"},\"thumbnailUrl\":\"https:\/\/www.grandmercuredalat.com\/wp-content\/uploads\/sites\/4\/2025\/10\/PRESIDENTIAL-5.jpg\",\"datePublished\":\"2025-10-06T06:24:57+00:00\",\"dateModified\":\"2026-01-23T10:15:27+00:00\",\"description\":\"Tr\u1ea3i nghi\u1ec7m s\u1ef1 xa hoa b\u1eadc nh\u1ea5t trong bi\u1ec7t th\u1ef1 t\u1ed5ng th\u1ed1ng r\u1ed9ng 130m\u00b2 v\u1edbi hai ph\u00f2ng ng\u1ee7 sang tr\u1ecdng, ph\u00f2ng kh\u00e1ch t\u00e1ch bi\u1ec7t v\u00e0 ban c\u00f4ng y\u00ean t\u0129nh.\",\"breadcrumb\":{\"@id\":\"https:\/\/www.grandmercuredalat.com\/vi\/rooms-suites\/presidential-villa-executive-pass\/#breadcrumb\"},\"inLanguage\":\"vi-VN\",\"potentialAction\":[{\"@type\":\"ReadAction\",\"target\":[\"https:\/\/www.grandmercuredalat.com\/vi\/rooms-suites\/presidential-villa-executive-pass\/\"]}]},{\"@type\":\"ImageObject\",\"inLanguage\":\"vi-VN\",\"@id\":\"https:\/\/www.grandmercuredalat.com\/vi\/rooms-suites\/presidential-villa-executive-pass\/#primaryimage\",\"url\":\"https:\/\/www.grandmercuredalat.com\/wp-content\/uploads\/sites\/4\/2025\/10\/PRESIDENTIAL-5.jpg\",\"contentUrl\":\"https:\/\/www.grandmercuredalat.com\/wp-content\/uploads\/sites\/4\/2025\/10\/PRESIDENTIAL-5.jpg\",\"width\":1601,\"height\":1200,\"caption\":\"Presidential Villa in Dalat\"},{\"@type\":\"BreadcrumbList\",\"@id\":\"https:\/\/www.grandmercuredalat.com\/vi\/rooms-suites\/presidential-villa-executive-pass\/#breadcrumb\",\"itemListElement\":[{\"@type\":\"ListItem\",\"position\":1,\"name\":\"Home\",\"item\":\"https:\/\/www.grandmercuredalat.com\/vi\/\"},{\"@type\":\"ListItem\",\"position\":2,\"name\":\"Ph\u00f2ng Ngh\u1ec9 &amp; Suites\",\"item\":\"https:\/\/www.grandmercuredalat.com\/vi\/rooms-suites\/\"},{\"@type\":\"ListItem\",\"position\":3,\"name\":\"Bi\u1ec7t Th\u1ef1 T\u1ed5ng Th\u1ed1ng \u2013 Tr\u1ea3i Nghi\u1ec7m \u0110\u1eb7c Quy\u1ec1n Executive\"}]},{\"@type\":\"WebSite\",\"@id\":\"https:\/\/www.grandmercuredalat.com\/#website\",\"url\":\"https:\/\/www.grandmercuredalat.com\/\",\"name\":\"Grand Mercure Dalat Resort\",\"description\":\"\",\"publisher\":{\"@id\":\"https:\/\/www.grandmercuredalat.com\/#organization\"},\"potentialAction\":[{\"@type\":\"SearchAction\",\"target\":{\"@type\":\"EntryPoint\",\"urlTemplate\":\"https:\/\/www.grandmercuredalat.com\/?s={search_term_string}\"},\"query-input\":{\"@type\":\"PropertyValueSpecification\",\"valueRequired\":true,\"valueName\":\"search_term_string\"}}],\"inLanguage\":\"vi-VN\"},{\"@type\":\"Organization\",\"@id\":\"https:\/\/www.grandmercuredalat.com\/#organization\",\"name\":\"Grand Mercure Dalat Resort\",\"url\":\"https:\/\/www.grandmercuredalat.com\/\",\"logo\":{\"@type\":\"ImageObject\",\"inLanguage\":\"vi-VN\",\"@id\":\"https:\/\/www.grandmercuredalat.com\/#\/schema\/logo\/image\/\",\"url\":\"https:\/\/www.grandmercuredalat.com\/wp-content\/uploads\/sites\/4\/2025\/10\/Pool-26.jpg\",\"contentUrl\":\"https:\/\/www.grandmercuredalat.com\/wp-content\/uploads\/sites\/4\/2025\/10\/Pool-26.jpg\",\"width\":1800,\"height\":1200,\"caption\":\"Grand Mercure Dalat Resort\"},\"image\":{\"@id\":\"https:\/\/www.grandmercuredalat.com\/#\/schema\/logo\/image\/\"}}]}<\/script>\n<!-- \/ Yoast SEO plugin. -->","yoast_head_json":{"title":"Bi\u1ec7t Th\u1ef1 T\u1ed5ng Th\u1ed1ng | T\u1eadn H\u01b0\u1edfng Nh\u1eefng Kho\u1ea3nh Kh\u1eafc B\u00ecnh Y\u00ean","description":"Tr\u1ea3i nghi\u1ec7m s\u1ef1 xa hoa b\u1eadc nh\u1ea5t trong bi\u1ec7t th\u1ef1 t\u1ed5ng th\u1ed1ng r\u1ed9ng 130m\u00b2 v\u1edbi hai ph\u00f2ng ng\u1ee7 sang tr\u1ecdng, ph\u00f2ng kh\u00e1ch t\u00e1ch bi\u1ec7t v\u00e0 ban c\u00f4ng y\u00ean t\u0129nh.","robots":{"index":"index","follow":"follow","max-snippet":"max-snippet:-1","max-image-preview":"max-image-preview:large","max-video-preview":"max-video-preview:-1"},"canonical":"https:\/\/www.grandmercuredalat.com\/vi\/rooms-suites\/presidential-villa-executive-pass\/","og_locale":"vi_VN","og_type":"article","og_title":"Bi\u1ec7t Th\u1ef1 T\u1ed5ng Th\u1ed1ng | T\u1eadn H\u01b0\u1edfng Nh\u1eefng Kho\u1ea3nh Kh\u1eafc B\u00ecnh Y\u00ean","og_description":"Tr\u1ea3i nghi\u1ec7m s\u1ef1 xa hoa b\u1eadc nh\u1ea5t trong bi\u1ec7t th\u1ef1 t\u1ed5ng th\u1ed1ng r\u1ed9ng 130m\u00b2 v\u1edbi hai ph\u00f2ng ng\u1ee7 sang tr\u1ecdng, ph\u00f2ng kh\u00e1ch t\u00e1ch bi\u1ec7t v\u00e0 ban c\u00f4ng y\u00ean t\u0129nh.","og_url":"https:\/\/www.grandmercuredalat.com\/vi\/rooms-suites\/presidential-villa-executive-pass\/","og_site_name":"Grand Mercure Dalat Resort","article_modified_time":"2026-01-23T10:15:27+00:00","og_image":[{"width":1601,"height":1200,"url":"https:\/\/www.grandmercuredalat.com\/wp-content\/uploads\/sites\/4\/2025\/10\/PRESIDENTIAL-5.jpg","type":"image\/jpeg"}],"twitter_card":"summary_large_image","twitter_misc":{"Est. reading time":"2 minutes"},"schema":{"@context":"https:\/\/schema.org","@graph":[{"@type":"WebPage","@id":"https:\/\/www.grandmercuredalat.com\/vi\/rooms-suites\/presidential-villa-executive-pass\/","url":"https:\/\/www.grandmercuredalat.com\/vi\/rooms-suites\/presidential-villa-executive-pass\/","name":"Bi\u1ec7t Th\u1ef1 T\u1ed5ng Th\u1ed1ng | T\u1eadn H\u01b0\u1edfng Nh\u1eefng Kho\u1ea3nh Kh\u1eafc B\u00ecnh Y\u00ean","isPartOf":{"@id":"https:\/\/www.grandmercuredalat.com\/#website"},"primaryImageOfPage":{"@id":"https:\/\/www.grandmercuredalat.com\/vi\/rooms-suites\/presidential-villa-executive-pass\/#primaryimage"},"image":{"@id":"https:\/\/www.grandmercuredalat.com\/vi\/rooms-suites\/presidential-villa-executive-pass\/#primaryimage"},"thumbnailUrl":"https:\/\/www.grandmercuredalat.com\/wp-content\/uploads\/sites\/4\/2025\/10\/PRESIDENTIAL-5.jpg","datePublished":"2025-10-06T06:24:57+00:00","dateModified":"2026-01-23T10:15:27+00:00","description":"Tr\u1ea3i nghi\u1ec7m s\u1ef1 xa hoa b\u1eadc nh\u1ea5t trong bi\u1ec7t th\u1ef1 t\u1ed5ng th\u1ed1ng r\u1ed9ng 130m\u00b2 v\u1edbi hai ph\u00f2ng ng\u1ee7 sang tr\u1ecdng, ph\u00f2ng kh\u00e1ch t\u00e1ch bi\u1ec7t v\u00e0 ban c\u00f4ng y\u00ean t\u0129nh.","breadcrumb":{"@id":"https:\/\/www.grandmercuredalat.com\/vi\/rooms-suites\/presidential-villa-executive-pass\/#breadcrumb"},"inLanguage":"vi-VN","potentialAction":[{"@type":"ReadAction","target":["https:\/\/www.grandmercuredalat.com\/vi\/rooms-suites\/presidential-villa-executive-pass\/"]}]},{"@type":"ImageObject","inLanguage":"vi-VN","@id":"https:\/\/www.grandmercuredalat.com\/vi\/rooms-suites\/presidential-villa-executive-pass\/#primaryimage","url":"https:\/\/www.grandmercuredalat.com\/wp-content\/uploads\/sites\/4\/2025\/10\/PRESIDENTIAL-5.jpg","contentUrl":"https:\/\/www.grandmercuredalat.com\/wp-content\/uploads\/sites\/4\/2025\/10\/PRESIDENTIAL-5.jpg","width":1601,"height":1200,"caption":"Presidential Villa in Dalat"},{"@type":"BreadcrumbList","@id":"https:\/\/www.grandmercuredalat.com\/vi\/rooms-suites\/presidential-villa-executive-pass\/#breadcrumb","itemListElement":[{"@type":"ListItem","position":1,"name":"Home","item":"https:\/\/www.grandmercuredalat.com\/vi\/"},{"@type":"ListItem","position":2,"name":"Ph\u00f2ng Ngh\u1ec9 &amp; Suites","item":"https:\/\/www.grandmercuredalat.com\/vi\/rooms-suites\/"},{"@type":"ListItem","position":3,"name":"Bi\u1ec7t Th\u1ef1 T\u1ed5ng Th\u1ed1ng \u2013 Tr\u1ea3i Nghi\u1ec7m \u0110\u1eb7c Quy\u1ec1n Executive"}]},{"@type":"WebSite","@id":"https:\/\/www.grandmercuredalat.com\/#website","url":"https:\/\/www.grandmercuredalat.com\/","name":"Grand Mercure Dalat Resort","description":"","publisher":{"@id":"https:\/\/www.grandmercuredalat.com\/#organization"},"potentialAction":[{"@type":"SearchAction","target":{"@type":"EntryPoint","urlTemplate":"https:\/\/www.grandmercuredalat.com\/?s={search_term_string}"},"query-input":{"@type":"PropertyValueSpecification","valueRequired":true,"valueName":"search_term_string"}}],"inLanguage":"vi-VN"},{"@type":"Organization","@id":"https:\/\/www.grandmercuredalat.com\/#organization","name":"Grand Mercure Dalat Resort","url":"https:\/\/www.grandmercuredalat.com\/","logo":{"@type":"ImageObject","inLanguage":"vi-VN","@id":"https:\/\/www.grandmercuredalat.com\/#\/schema\/logo\/image\/","url":"https:\/\/www.grandmercuredalat.com\/wp-content\/uploads\/sites\/4\/2025\/10\/Pool-26.jpg","contentUrl":"https:\/\/www.grandmercuredalat.com\/wp-content\/uploads\/sites\/4\/2025\/10\/Pool-26.jpg","width":1800,"height":1200,"caption":"Grand Mercure Dalat Resort"},"image":{"@id":"https:\/\/www.grandmercuredalat.com\/#\/schema\/logo\/image\/"}}]}},"_links":{"self":[{"href":"https:\/\/www.grandmercuredalat.com\/vi\/wp-json\/wp\/v2\/pages\/330","targetHints":{"allow":["GET"]}}],"collection":[{"href":"https:\/\/www.grandmercuredalat.com\/vi\/wp-json\/wp\/v2\/pages"}],"about":[{"href":"https:\/\/www.grandmercuredalat.com\/vi\/wp-json\/wp\/v2\/types\/page"}],"author":[{"embeddable":true,"href":"https:\/\/www.grandmercuredalat.com\/vi\/wp-json\/wp\/v2\/users\/30"}],"replies":[{"embeddable":true,"href":"https:\/\/www.grandmercuredalat.com\/vi\/wp-json\/wp\/v2\/comments?post=330"}],"version-history":[{"count":0,"href":"https:\/\/www.grandmercuredalat.com\/vi\/wp-json\/wp\/v2\/pages\/330\/revisions"}],"up":[{"embeddable":true,"href":"https:\/\/www.grandmercuredalat.com\/vi\/wp-json\/wp\/v2\/pages\/249"}],"wp:featuredmedia":[{"embeddable":true,"href":"https:\/\/www.grandmercuredalat.com\/vi\/wp-json\/wp\/v2\/media\/68"}],"wp:attachment":[{"href":"https:\/\/www.grandmercuredalat.com\/vi\/wp-json\/wp\/v2\/media?parent=330"}],"wp:term":[{"taxonomy":"category","embeddable":true,"href":"https:\/\/www.grandmercuredalat.com\/vi\/wp-json\/wp\/v2\/categories?post=330"}],"curies":[{"name":"wp","href":"https:\/\/api.w.org\/{rel}","templated":true}]}}