{"id":329,"date":"2025-10-06T06:16:55","date_gmt":"2025-10-06T06:16:55","guid":{"rendered":"https:\/\/grandmercuredalatresort.accorv2prod2.decms.eu\/rooms-suites\/executive-suite-executive-pass\/"},"modified":"2026-01-23T10:13:28","modified_gmt":"2026-01-23T10:13:28","slug":"executive-suite-executive-pass","status":"publish","type":"page","link":"https:\/\/www.grandmercuredalat.com\/vi\/rooms-suites\/executive-suite-executive-pass\/","title":{"rendered":"Ph\u00f2ng Executive Suite \u2013 Tr\u1ea3i Nghi\u1ec7m \u0110\u1eb7c Quy\u1ec1n Executive"},"content":{"rendered":"<p>B\u01b0\u1edbc v\u00e0o th\u1ebf gi\u1edbi c\u1ee7a s\u1ef1 tinh t\u1ebf v\u1edbi <strong>ph\u00f2ng Executive Suite<\/strong>, n\u01a1i n\u00e9t thanh l\u1ecbch h\u00f2a quy\u1ec7n c\u00f9ng c\u1ea3m gi\u00e1c \u00eam \u00e1i trong m\u1ed9t t\u1ed5ng th\u1ec3 ho\u00e0n h\u1ea3o. \u0110\u01b0\u1ee3c thi\u1ebft k\u1ebf d\u00e0nh ri\u00eang cho nh\u1eefng du kh\u00e1ch s\u00e0nh \u0111i\u1ec7u, t\u1eebng chi ti\u1ebft \u0111\u1ec1u \u0111\u01b0\u1ee3c ch\u0103m ch\u00fat \u0111\u1ec3 mang \u0111\u1ebfn m\u1ed9t k\u1ef3 ngh\u1ec9 v\u1eeba \u0111\u00e1ng nh\u1edb v\u1eeba tr\u00e0n \u0111\u1ea7y s\u1ef1 sang tr\u1ecdng nh\u1eb9 nh\u00e0ng.<\/p>\n<p>T\u1eadn h\u01b0\u1edfng kh\u00f4ng gian r\u1ed9ng 90m\u00b2 v\u1edbi ph\u00f2ng kh\u00e1ch v\u00e0 ph\u00f2ng l\u00e0m vi\u1ec7c t\u00e1ch bi\u1ec7t, l\u00fd t\u01b0\u1edfng \u0111\u1ec3 th\u01b0 gi\u00e3n ho\u1eb7c l\u00e0m vi\u1ec7c hi\u1ec7u qu\u1ea3.<\/p>\n<p>Ng\u1ee7 th\u1eadt s\u00e2u tr\u00ean b\u1ed9 drap cao c\u1ea5p, \u0111\u1eafm m\u00ecnh trong v\u00f2i sen m\u01b0a s\u1ea3ng kho\u00e1i ho\u1eb7c b\u1ed3n t\u1eafm sang tr\u1ecdng, \u0111i k\u00e8m \u00e1o cho\u00e0ng v\u00e0 ti\u1ec7n nghi chu\u1ea9n spa. Ng\u1eafm nh\u00ecn th\u00e0nh ph\u1ed1, m\u1ea3ng xanh ho\u1eb7c c\u00f4ng vi\u00ean t\u1eeb ban c\u00f4ng ri\u00eang, nh\u00e2m nhi \u0111\u1ed3 u\u1ed1ng t\u1eeb minibar ho\u1eb7c th\u01b0\u1edfng th\u1ee9c t\u00e1ch c\u00e0 ph\u00ea pha m\u00e1y ngay trong ph\u00f2ng.<br \/>\nK\u1ef3 ngh\u1ec9 c\u1ee7a b\u1ea1n \u0111\u01b0\u1ee3c n\u00e2ng t\u1ea7m v\u1edbi quy\u1ec1n l\u1ee3i \u0111\u1eb7c bi\u1ec7t t\u1eeb Executive Pass, bao g\u1ed3m t\u00edn d\u1ee5ng \u1ea9m th\u1ef1c 1.000.000 VN\u0110 m\u1ed7i \u0111\u00eam. T\u1eadn h\u01b0\u1edfng r\u01b0\u1ee3u cao c\u1ea5p, c\u00e0 ph\u00ea th\u1ee7 c\u00f4ng v\u00e0 ti\u1ec7c tr\u00e0 chi\u1ec1u tinh t\u1ebf t\u1ea1i Moon Lounge n\u1ed5i ti\u1ebfng ho\u1eb7c kh\u00f4ng gian sang tr\u1ecdng c\u1ee7a <strong><a href=\"https:\/\/www.grandmercuredalat.com\/vi\/restaurants-bars\/1929-lobby-bar\/\" target=\"_blank\" rel=\"noopener\">qu\u1ea7y bar ti\u1ec1n s\u1ea3nh 1929<\/a><\/strong>.<\/p>\n","protected":false},"excerpt":{"rendered":"<p>B\u01b0\u1edbc v\u00e0o th\u1ebf gi\u1edbi c\u1ee7a s\u1ef1 tinh t\u1ebf v\u1edbi ph\u00f2ng Executive Suite, n\u01a1i n\u00e9t thanh l\u1ecbch h\u00f2a quy\u1ec7n c\u00f9ng c\u1ea3m gi\u00e1c \u00eam \u00e1i trong m\u1ed9t t\u1ed5ng th\u1ec3 ho\u00e0n h\u1ea3o. \u0110\u01b0\u1ee3c thi\u1ebft k\u1ebf d\u00e0nh ri\u00eang cho nh\u1eefng du kh\u00e1ch s\u00e0nh \u0111i\u1ec7u, t\u1eebng chi ti\u1ebft \u0111\u1ec1u \u0111\u01b0\u1ee3c ch\u0103m ch\u00fat \u0111\u1ec3 mang \u0111\u1ebfn m\u1ed9t k\u1ef3 ngh\u1ec9 v\u1eeba \u0111\u00e1ng [&hellip;]<\/p>\n","protected":false},"author":30,"featured_media":61,"parent":249,"menu_order":9,"comment_status":"closed","ping_status":"closed","template":"template-room.php","meta":{"footnotes":""},"categories":[33],"class_list":["post-329","page","type-page","status-publish","has-post-thumbnail","hentry","category-suites-vi"],"acf":[],"yoast_head":"<!-- This site is optimized with the Yoast SEO plugin v26.9 - https:\/\/yoast.com\/product\/yoast-seo-wordpress\/ -->\n<title>Ph\u00f2ng Executive Suite | K\u1ef3 Ngh\u1ec9 Sang Tr\u1ecdng V\u1edbi Ban C\u00f4ng Ri\u00eang<\/title>\n<meta name=\"description\" content=\"Th\u01b0 gi\u00e3n trong kh\u00f4ng gian Executive Suite r\u1ed9ng 90m\u00b2 sang tr\u1ecdng, v\u1edbi ph\u00f2ng kh\u00e1ch t\u00e1ch bi\u1ec7t, ti\u1ec7n nghi cao c\u1ea5p v\u00e0 ban c\u00f4ng ri\u00eang t\u01b0.\" \/>\n<meta name=\"robots\" content=\"index, follow, max-snippet:-1, max-image-preview:large, max-video-preview:-1\" \/>\n<link rel=\"canonical\" href=\"https:\/\/www.grandmercuredalat.com\/vi\/rooms-suites\/executive-suite-executive-pass\/\" \/>\n<meta property=\"og:locale\" content=\"vi_VN\" \/>\n<meta property=\"og:type\" content=\"article\" \/>\n<meta property=\"og:title\" content=\"Ph\u00f2ng Executive Suite | K\u1ef3 Ngh\u1ec9 Sang Tr\u1ecdng V\u1edbi Ban C\u00f4ng Ri\u00eang\" \/>\n<meta property=\"og:description\" content=\"Th\u01b0 gi\u00e3n trong kh\u00f4ng gian Executive Suite r\u1ed9ng 90m\u00b2 sang tr\u1ecdng, v\u1edbi ph\u00f2ng kh\u00e1ch t\u00e1ch bi\u1ec7t, ti\u1ec7n nghi cao c\u1ea5p v\u00e0 ban c\u00f4ng ri\u00eang t\u01b0.\" \/>\n<meta property=\"og:url\" content=\"https:\/\/www.grandmercuredalat.com\/vi\/rooms-suites\/executive-suite-executive-pass\/\" \/>\n<meta property=\"og:site_name\" content=\"Grand Mercure Dalat Resort\" \/>\n<meta property=\"article:modified_time\" content=\"2026-01-23T10:13:28+00:00\" \/>\n<meta property=\"og:image\" content=\"https:\/\/www.grandmercuredalat.com\/wp-content\/uploads\/sites\/4\/2025\/10\/EXECUTIVE-SUITE_4.jpg\" \/>\n\t<meta property=\"og:image:width\" content=\"1601\" \/>\n\t<meta property=\"og:image:height\" content=\"1200\" \/>\n\t<meta property=\"og:image:type\" content=\"image\/jpeg\" \/>\n<meta name=\"twitter:card\" content=\"summary_large_image\" \/>\n<meta name=\"twitter:label1\" content=\"Est. reading time\" \/>\n\t<meta name=\"twitter:data1\" content=\"2 minutes\" \/>\n<script type=\"application\/ld+json\" class=\"yoast-schema-graph\">{\"@context\":\"https:\/\/schema.org\",\"@graph\":[{\"@type\":\"WebPage\",\"@id\":\"https:\/\/www.grandmercuredalat.com\/vi\/rooms-suites\/executive-suite-executive-pass\/\",\"url\":\"https:\/\/www.grandmercuredalat.com\/vi\/rooms-suites\/executive-suite-executive-pass\/\",\"name\":\"Ph\u00f2ng Executive Suite | K\u1ef3 Ngh\u1ec9 Sang Tr\u1ecdng V\u1edbi Ban C\u00f4ng Ri\u00eang\",\"isPartOf\":{\"@id\":\"https:\/\/www.grandmercuredalat.com\/#website\"},\"primaryImageOfPage\":{\"@id\":\"https:\/\/www.grandmercuredalat.com\/vi\/rooms-suites\/executive-suite-executive-pass\/#primaryimage\"},\"image\":{\"@id\":\"https:\/\/www.grandmercuredalat.com\/vi\/rooms-suites\/executive-suite-executive-pass\/#primaryimage\"},\"thumbnailUrl\":\"https:\/\/www.grandmercuredalat.com\/wp-content\/uploads\/sites\/4\/2025\/10\/EXECUTIVE-SUITE_4.jpg\",\"datePublished\":\"2025-10-06T06:16:55+00:00\",\"dateModified\":\"2026-01-23T10:13:28+00:00\",\"description\":\"Th\u01b0 gi\u00e3n trong kh\u00f4ng gian Executive Suite r\u1ed9ng 90m\u00b2 sang tr\u1ecdng, v\u1edbi ph\u00f2ng kh\u00e1ch t\u00e1ch bi\u1ec7t, ti\u1ec7n nghi cao c\u1ea5p v\u00e0 ban c\u00f4ng ri\u00eang t\u01b0.\",\"breadcrumb\":{\"@id\":\"https:\/\/www.grandmercuredalat.com\/vi\/rooms-suites\/executive-suite-executive-pass\/#breadcrumb\"},\"inLanguage\":\"vi-VN\",\"potentialAction\":[{\"@type\":\"ReadAction\",\"target\":[\"https:\/\/www.grandmercuredalat.com\/vi\/rooms-suites\/executive-suite-executive-pass\/\"]}]},{\"@type\":\"ImageObject\",\"inLanguage\":\"vi-VN\",\"@id\":\"https:\/\/www.grandmercuredalat.com\/vi\/rooms-suites\/executive-suite-executive-pass\/#primaryimage\",\"url\":\"https:\/\/www.grandmercuredalat.com\/wp-content\/uploads\/sites\/4\/2025\/10\/EXECUTIVE-SUITE_4.jpg\",\"contentUrl\":\"https:\/\/www.grandmercuredalat.com\/wp-content\/uploads\/sites\/4\/2025\/10\/EXECUTIVE-SUITE_4.jpg\",\"width\":1601,\"height\":1200,\"caption\":\"Executive Suite\"},{\"@type\":\"BreadcrumbList\",\"@id\":\"https:\/\/www.grandmercuredalat.com\/vi\/rooms-suites\/executive-suite-executive-pass\/#breadcrumb\",\"itemListElement\":[{\"@type\":\"ListItem\",\"position\":1,\"name\":\"Home\",\"item\":\"https:\/\/www.grandmercuredalat.com\/vi\/\"},{\"@type\":\"ListItem\",\"position\":2,\"name\":\"Ph\u00f2ng Ngh\u1ec9 &amp; Suites\",\"item\":\"https:\/\/www.grandmercuredalat.com\/vi\/rooms-suites\/\"},{\"@type\":\"ListItem\",\"position\":3,\"name\":\"Ph\u00f2ng Executive Suite \u2013 Tr\u1ea3i Nghi\u1ec7m \u0110\u1eb7c Quy\u1ec1n Executive\"}]},{\"@type\":\"WebSite\",\"@id\":\"https:\/\/www.grandmercuredalat.com\/#website\",\"url\":\"https:\/\/www.grandmercuredalat.com\/\",\"name\":\"Grand Mercure Dalat Resort\",\"description\":\"\",\"publisher\":{\"@id\":\"https:\/\/www.grandmercuredalat.com\/#organization\"},\"potentialAction\":[{\"@type\":\"SearchAction\",\"target\":{\"@type\":\"EntryPoint\",\"urlTemplate\":\"https:\/\/www.grandmercuredalat.com\/?s={search_term_string}\"},\"query-input\":{\"@type\":\"PropertyValueSpecification\",\"valueRequired\":true,\"valueName\":\"search_term_string\"}}],\"inLanguage\":\"vi-VN\"},{\"@type\":\"Organization\",\"@id\":\"https:\/\/www.grandmercuredalat.com\/#organization\",\"name\":\"Grand Mercure Dalat Resort\",\"url\":\"https:\/\/www.grandmercuredalat.com\/\",\"logo\":{\"@type\":\"ImageObject\",\"inLanguage\":\"vi-VN\",\"@id\":\"https:\/\/www.grandmercuredalat.com\/#\/schema\/logo\/image\/\",\"url\":\"https:\/\/www.grandmercuredalat.com\/wp-content\/uploads\/sites\/4\/2025\/10\/Pool-26.jpg\",\"contentUrl\":\"https:\/\/www.grandmercuredalat.com\/wp-content\/uploads\/sites\/4\/2025\/10\/Pool-26.jpg\",\"width\":1800,\"height\":1200,\"caption\":\"Grand Mercure Dalat Resort\"},\"image\":{\"@id\":\"https:\/\/www.grandmercuredalat.com\/#\/schema\/logo\/image\/\"}}]}<\/script>\n<!-- \/ Yoast SEO plugin. -->","yoast_head_json":{"title":"Ph\u00f2ng Executive Suite | K\u1ef3 Ngh\u1ec9 Sang Tr\u1ecdng V\u1edbi Ban C\u00f4ng Ri\u00eang","description":"Th\u01b0 gi\u00e3n trong kh\u00f4ng gian Executive Suite r\u1ed9ng 90m\u00b2 sang tr\u1ecdng, v\u1edbi ph\u00f2ng kh\u00e1ch t\u00e1ch bi\u1ec7t, ti\u1ec7n nghi cao c\u1ea5p v\u00e0 ban c\u00f4ng ri\u00eang t\u01b0.","robots":{"index":"index","follow":"follow","max-snippet":"max-snippet:-1","max-image-preview":"max-image-preview:large","max-video-preview":"max-video-preview:-1"},"canonical":"https:\/\/www.grandmercuredalat.com\/vi\/rooms-suites\/executive-suite-executive-pass\/","og_locale":"vi_VN","og_type":"article","og_title":"Ph\u00f2ng Executive Suite | K\u1ef3 Ngh\u1ec9 Sang Tr\u1ecdng V\u1edbi Ban C\u00f4ng Ri\u00eang","og_description":"Th\u01b0 gi\u00e3n trong kh\u00f4ng gian Executive Suite r\u1ed9ng 90m\u00b2 sang tr\u1ecdng, v\u1edbi ph\u00f2ng kh\u00e1ch t\u00e1ch bi\u1ec7t, ti\u1ec7n nghi cao c\u1ea5p v\u00e0 ban c\u00f4ng ri\u00eang t\u01b0.","og_url":"https:\/\/www.grandmercuredalat.com\/vi\/rooms-suites\/executive-suite-executive-pass\/","og_site_name":"Grand Mercure Dalat Resort","article_modified_time":"2026-01-23T10:13:28+00:00","og_image":[{"width":1601,"height":1200,"url":"https:\/\/www.grandmercuredalat.com\/wp-content\/uploads\/sites\/4\/2025\/10\/EXECUTIVE-SUITE_4.jpg","type":"image\/jpeg"}],"twitter_card":"summary_large_image","twitter_misc":{"Est. reading time":"2 minutes"},"schema":{"@context":"https:\/\/schema.org","@graph":[{"@type":"WebPage","@id":"https:\/\/www.grandmercuredalat.com\/vi\/rooms-suites\/executive-suite-executive-pass\/","url":"https:\/\/www.grandmercuredalat.com\/vi\/rooms-suites\/executive-suite-executive-pass\/","name":"Ph\u00f2ng Executive Suite | K\u1ef3 Ngh\u1ec9 Sang Tr\u1ecdng V\u1edbi Ban C\u00f4ng Ri\u00eang","isPartOf":{"@id":"https:\/\/www.grandmercuredalat.com\/#website"},"primaryImageOfPage":{"@id":"https:\/\/www.grandmercuredalat.com\/vi\/rooms-suites\/executive-suite-executive-pass\/#primaryimage"},"image":{"@id":"https:\/\/www.grandmercuredalat.com\/vi\/rooms-suites\/executive-suite-executive-pass\/#primaryimage"},"thumbnailUrl":"https:\/\/www.grandmercuredalat.com\/wp-content\/uploads\/sites\/4\/2025\/10\/EXECUTIVE-SUITE_4.jpg","datePublished":"2025-10-06T06:16:55+00:00","dateModified":"2026-01-23T10:13:28+00:00","description":"Th\u01b0 gi\u00e3n trong kh\u00f4ng gian Executive Suite r\u1ed9ng 90m\u00b2 sang tr\u1ecdng, v\u1edbi ph\u00f2ng kh\u00e1ch t\u00e1ch bi\u1ec7t, ti\u1ec7n nghi cao c\u1ea5p v\u00e0 ban c\u00f4ng ri\u00eang t\u01b0.","breadcrumb":{"@id":"https:\/\/www.grandmercuredalat.com\/vi\/rooms-suites\/executive-suite-executive-pass\/#breadcrumb"},"inLanguage":"vi-VN","potentialAction":[{"@type":"ReadAction","target":["https:\/\/www.grandmercuredalat.com\/vi\/rooms-suites\/executive-suite-executive-pass\/"]}]},{"@type":"ImageObject","inLanguage":"vi-VN","@id":"https:\/\/www.grandmercuredalat.com\/vi\/rooms-suites\/executive-suite-executive-pass\/#primaryimage","url":"https:\/\/www.grandmercuredalat.com\/wp-content\/uploads\/sites\/4\/2025\/10\/EXECUTIVE-SUITE_4.jpg","contentUrl":"https:\/\/www.grandmercuredalat.com\/wp-content\/uploads\/sites\/4\/2025\/10\/EXECUTIVE-SUITE_4.jpg","width":1601,"height":1200,"caption":"Executive Suite"},{"@type":"BreadcrumbList","@id":"https:\/\/www.grandmercuredalat.com\/vi\/rooms-suites\/executive-suite-executive-pass\/#breadcrumb","itemListElement":[{"@type":"ListItem","position":1,"name":"Home","item":"https:\/\/www.grandmercuredalat.com\/vi\/"},{"@type":"ListItem","position":2,"name":"Ph\u00f2ng Ngh\u1ec9 &amp; Suites","item":"https:\/\/www.grandmercuredalat.com\/vi\/rooms-suites\/"},{"@type":"ListItem","position":3,"name":"Ph\u00f2ng Executive Suite \u2013 Tr\u1ea3i Nghi\u1ec7m \u0110\u1eb7c Quy\u1ec1n Executive"}]},{"@type":"WebSite","@id":"https:\/\/www.grandmercuredalat.com\/#website","url":"https:\/\/www.grandmercuredalat.com\/","name":"Grand Mercure Dalat Resort","description":"","publisher":{"@id":"https:\/\/www.grandmercuredalat.com\/#organization"},"potentialAction":[{"@type":"SearchAction","target":{"@type":"EntryPoint","urlTemplate":"https:\/\/www.grandmercuredalat.com\/?s={search_term_string}"},"query-input":{"@type":"PropertyValueSpecification","valueRequired":true,"valueName":"search_term_string"}}],"inLanguage":"vi-VN"},{"@type":"Organization","@id":"https:\/\/www.grandmercuredalat.com\/#organization","name":"Grand Mercure Dalat Resort","url":"https:\/\/www.grandmercuredalat.com\/","logo":{"@type":"ImageObject","inLanguage":"vi-VN","@id":"https:\/\/www.grandmercuredalat.com\/#\/schema\/logo\/image\/","url":"https:\/\/www.grandmercuredalat.com\/wp-content\/uploads\/sites\/4\/2025\/10\/Pool-26.jpg","contentUrl":"https:\/\/www.grandmercuredalat.com\/wp-content\/uploads\/sites\/4\/2025\/10\/Pool-26.jpg","width":1800,"height":1200,"caption":"Grand Mercure Dalat Resort"},"image":{"@id":"https:\/\/www.grandmercuredalat.com\/#\/schema\/logo\/image\/"}}]}},"_links":{"self":[{"href":"https:\/\/www.grandmercuredalat.com\/vi\/wp-json\/wp\/v2\/pages\/329","targetHints":{"allow":["GET"]}}],"collection":[{"href":"https:\/\/www.grandmercuredalat.com\/vi\/wp-json\/wp\/v2\/pages"}],"about":[{"href":"https:\/\/www.grandmercuredalat.com\/vi\/wp-json\/wp\/v2\/types\/page"}],"author":[{"embeddable":true,"href":"https:\/\/www.grandmercuredalat.com\/vi\/wp-json\/wp\/v2\/users\/30"}],"replies":[{"embeddable":true,"href":"https:\/\/www.grandmercuredalat.com\/vi\/wp-json\/wp\/v2\/comments?post=329"}],"version-history":[{"count":0,"href":"https:\/\/www.grandmercuredalat.com\/vi\/wp-json\/wp\/v2\/pages\/329\/revisions"}],"up":[{"embeddable":true,"href":"https:\/\/www.grandmercuredalat.com\/vi\/wp-json\/wp\/v2\/pages\/249"}],"wp:featuredmedia":[{"embeddable":true,"href":"https:\/\/www.grandmercuredalat.com\/vi\/wp-json\/wp\/v2\/media\/61"}],"wp:attachment":[{"href":"https:\/\/www.grandmercuredalat.com\/vi\/wp-json\/wp\/v2\/media?parent=329"}],"wp:term":[{"taxonomy":"category","embeddable":true,"href":"https:\/\/www.grandmercuredalat.com\/vi\/wp-json\/wp\/v2\/categories?post=329"}],"curies":[{"name":"wp","href":"https:\/\/api.w.org\/{rel}","templated":true}]}}