{"id":328,"date":"2025-10-06T06:11:56","date_gmt":"2025-10-06T06:11:56","guid":{"rendered":"https:\/\/grandmercuredalatresort.accorv2prod2.decms.eu\/rooms-suites\/executive-hollywood-executive-pass\/"},"modified":"2026-01-23T10:10:57","modified_gmt":"2026-01-23T10:10:57","slug":"executive-hollywood-executive-pass","status":"publish","type":"page","link":"https:\/\/www.grandmercuredalat.com\/vi\/rooms-suites\/executive-hollywood-executive-pass\/","title":{"rendered":"Ph\u00f2ng Executive Hollywood &#8211; Tr\u1ea3i Nghi\u1ec7m \u0110\u1eb7c Quy\u1ec1n Executive"},"content":{"rendered":"<p>B\u01b0\u1edbc v\u00e0o kh\u00f4ng gian r\u1ed9ng r\u00e3i c\u1ee7a <strong>ph\u00f2ng Executive Hollywood<\/strong> \u2013 Tr\u1ea3i Nghi\u1ec7m \u0110\u1eb7c Quy\u1ec1n Executive, n\u01a1i 45m\u00b2 mang \u0111\u1eadm n\u00e9t thanh l\u1ecbch c\u1ed5 \u0111i\u1ec3n Ph\u00e1p mang \u0111\u1ebfn s\u1ef1 tho\u1ea3i m\u00e1i v\u00e0 tho\u00e1ng \u0111\u00e3ng tuy\u1ec7t v\u1eddi. \u0110\u00e2y l\u00e0 l\u1ef1a ch\u1ecdn ho\u00e0n h\u1ea3o cho b\u1ea1n b\u00e8 ho\u1eb7c \u0111\u1ed3ng nghi\u1ec7p \u0111i du l\u1ecbch c\u00f9ng nhau, \u0111\u01b0\u1ee3c thi\u1ebft k\u1ebf \u0111\u1ec3 mang l\u1ea1i tr\u1ea3i nghi\u1ec7m \u0110\u00e0 L\u1ea1t \u0111\u00edch th\u1ef1c v\u00e0 th\u01b0 th\u00e1i.<\/p>\n<p>Th\u01b0 gi\u00e3n tr\u00ean m\u1ed9t trong hai gi\u01b0\u1eddng \u0111\u01a1n c\u1ee1 l\u1edbn, m\u1ed7i gi\u01b0\u1eddng r\u1ed9ng 2,4m x 2,2m, h\u1ee9a h\u1eb9n mang \u0111\u1ebfn gi\u1ea5c ng\u1ee7 s\u00e2u tr\u1ecdn v\u1eb9n. Ph\u00f2ng t\u1eafm hi\u1ec7n \u0111\u1ea1i v\u00e0 tinh t\u1ebf v\u1edbi khu v\u1ef1c v\u00f2i sen v\u00e0 nh\u00e0 v\u1ec7 sinh t\u00e1ch bi\u1ec7t gi\u00fap kh\u00f4ng gian th\u00eam ph\u1ea7n tho\u00e1ng \u0111\u00e3ng. Ng\u1eafm nh\u00ecn khu v\u01b0\u1eddn ho\u1eb7c c\u00f4ng vi\u00ean quy\u1ebfn r\u0169, c\u1ea3m nh\u1eadn l\u00e0n gi\u00f3 mang h\u01b0\u01a1ng th\u00f4ng d\u1ecbu nh\u1eb9 c\u00f9ng phong c\u00e1ch trang tr\u00ed \u0111\u1eadm ch\u1ea5t \u0111\u1ecba ph\u01b0\u01a1ng, \u0111\u1ec3 b\u1ea1n ho\u00e0n to\u00e0n \u0111\u1eafm ch\u00ecm trong tr\u00e1i tim y\u00ean b\u00ecnh c\u1ee7a th\u1ecb tr\u1ea5n xinh \u0111\u1eb9p n\u00e0y.<\/p>\n<p>Tr\u1ea3i nghi\u1ec7m c\u1ee7a b\u1ea1n \u0111\u01b0\u1ee3c n\u00e2ng t\u1ea7m v\u1edbi Executive Pass, bao g\u1ed3m t\u00edn d\u1ee5ng \u1ea9m th\u1ef1c 1.000.000 VN\u0110 m\u1ed7i \u0111\u00eam. Th\u01b0\u1edfng th\u1ee9c r\u01b0\u1ee3u cao c\u1ea5p, c\u00e0 ph\u00ea th\u1ee7 c\u00f4ng hay ti\u1ec7c tr\u00e0 chi\u1ec1u t\u1ea1i <strong><a href=\"https:\/\/www.grandmercuredalat.com\/vi\/restaurants-bars\/moon-lounge\/\" target=\"_blank\" rel=\"noopener\">Moon Lounge<\/a><\/strong> n\u1ed5i ti\u1ebfng ho\u1eb7c 1929\u2019s Lobby Bar.<\/p>\n<p>T\u1ea1i \u0111\u00e2y, t\u1eebng chi ti\u1ebft \u0111\u1ec1u \u0111\u01b0\u1ee3c ch\u0103m ch\u00fat t\u1ec9 m\u1ec9 \u0111\u1ec3 mang \u0111\u1ebfn cho b\u1ea1n m\u1ed9t b\u1ea7u kh\u00f4ng kh\u00ed r\u1ed9ng m\u1edf, thanh l\u1ecbch v\u00e0 t\u0129nh l\u1eb7ng ch\u01b0a t\u1eebng c\u00f3.<\/p>\n","protected":false},"excerpt":{"rendered":"<p>B\u01b0\u1edbc v\u00e0o kh\u00f4ng gian r\u1ed9ng r\u00e3i c\u1ee7a ph\u00f2ng Executive Hollywood \u2013 Tr\u1ea3i Nghi\u1ec7m \u0110\u1eb7c Quy\u1ec1n Executive, n\u01a1i 45m\u00b2 mang \u0111\u1eadm n\u00e9t thanh l\u1ecbch c\u1ed5 \u0111i\u1ec3n Ph\u00e1p mang \u0111\u1ebfn s\u1ef1 tho\u1ea3i m\u00e1i v\u00e0 tho\u00e1ng \u0111\u00e3ng tuy\u1ec7t v\u1eddi. \u0110\u00e2y l\u00e0 l\u1ef1a ch\u1ecdn ho\u00e0n h\u1ea3o cho b\u1ea1n b\u00e8 ho\u1eb7c \u0111\u1ed3ng nghi\u1ec7p \u0111i du l\u1ecbch c\u00f9ng nhau, \u0111\u01b0\u1ee3c thi\u1ebft [&hellip;]<\/p>\n","protected":false},"author":30,"featured_media":555,"parent":249,"menu_order":8,"comment_status":"closed","ping_status":"closed","template":"template-room.php","meta":{"footnotes":""},"categories":[35],"class_list":["post-328","page","type-page","status-publish","has-post-thumbnail","hentry","category-phong-nghi"],"acf":[],"yoast_head":"<!-- This site is optimized with the Yoast SEO plugin v26.9 - https:\/\/yoast.com\/product\/yoast-seo-wordpress\/ -->\n<title>Ph\u00f2ng Executive Hollywood | Tr\u1ea3i Nghi\u1ec7m \u0110\u1eb7c Quy\u1ec1n Executive<\/title>\n<meta name=\"description\" content=\"Ph\u00f2ng Executive Hollywood r\u1ed9ng 45m\u00b2 mang \u0111\u1eadm n\u00e9t thanh l\u1ecbch c\u1ed5 \u0111i\u1ec3n Ph\u00e1p, mang \u0111\u1ebfn kh\u00f4ng gian tho\u00e1ng \u0111\u00e3ng v\u00e0 s\u1ef1 tho\u1ea3i m\u00e1i tuy\u1ec7t \u0111\u1ed1i.\" \/>\n<meta name=\"robots\" content=\"index, follow, max-snippet:-1, max-image-preview:large, max-video-preview:-1\" \/>\n<link rel=\"canonical\" href=\"https:\/\/www.grandmercuredalat.com\/vi\/rooms-suites\/executive-hollywood-executive-pass\/\" \/>\n<meta property=\"og:locale\" content=\"vi_VN\" \/>\n<meta property=\"og:type\" content=\"article\" \/>\n<meta property=\"og:title\" content=\"Ph\u00f2ng Executive Hollywood | Tr\u1ea3i Nghi\u1ec7m \u0110\u1eb7c Quy\u1ec1n Executive\" \/>\n<meta property=\"og:description\" content=\"Ph\u00f2ng Executive Hollywood r\u1ed9ng 45m\u00b2 mang \u0111\u1eadm n\u00e9t thanh l\u1ecbch c\u1ed5 \u0111i\u1ec3n Ph\u00e1p, mang \u0111\u1ebfn kh\u00f4ng gian tho\u00e1ng \u0111\u00e3ng v\u00e0 s\u1ef1 tho\u1ea3i m\u00e1i tuy\u1ec7t \u0111\u1ed1i.\" \/>\n<meta property=\"og:url\" content=\"https:\/\/www.grandmercuredalat.com\/vi\/rooms-suites\/executive-hollywood-executive-pass\/\" \/>\n<meta property=\"og:site_name\" content=\"Grand Mercure Dalat Resort\" \/>\n<meta property=\"article:modified_time\" content=\"2026-01-23T10:10:57+00:00\" \/>\n<meta property=\"og:image\" content=\"https:\/\/www.grandmercuredalat.com\/wp-content\/uploads\/sites\/4\/2025\/11\/Executive-Hollywood-Executive-Pass-2.jpg\" \/>\n\t<meta property=\"og:image:width\" content=\"1300\" \/>\n\t<meta property=\"og:image:height\" content=\"867\" \/>\n\t<meta property=\"og:image:type\" content=\"image\/jpeg\" \/>\n<meta name=\"twitter:card\" content=\"summary_large_image\" \/>\n<meta name=\"twitter:label1\" content=\"Est. reading time\" \/>\n\t<meta name=\"twitter:data1\" content=\"2 minutes\" \/>\n<script type=\"application\/ld+json\" class=\"yoast-schema-graph\">{\"@context\":\"https:\/\/schema.org\",\"@graph\":[{\"@type\":\"WebPage\",\"@id\":\"https:\/\/www.grandmercuredalat.com\/vi\/rooms-suites\/executive-hollywood-executive-pass\/\",\"url\":\"https:\/\/www.grandmercuredalat.com\/vi\/rooms-suites\/executive-hollywood-executive-pass\/\",\"name\":\"Ph\u00f2ng Executive Hollywood | Tr\u1ea3i Nghi\u1ec7m \u0110\u1eb7c Quy\u1ec1n Executive\",\"isPartOf\":{\"@id\":\"https:\/\/www.grandmercuredalat.com\/#website\"},\"primaryImageOfPage\":{\"@id\":\"https:\/\/www.grandmercuredalat.com\/vi\/rooms-suites\/executive-hollywood-executive-pass\/#primaryimage\"},\"image\":{\"@id\":\"https:\/\/www.grandmercuredalat.com\/vi\/rooms-suites\/executive-hollywood-executive-pass\/#primaryimage\"},\"thumbnailUrl\":\"https:\/\/www.grandmercuredalat.com\/wp-content\/uploads\/sites\/4\/2025\/11\/Executive-Hollywood-Executive-Pass-2.jpg\",\"datePublished\":\"2025-10-06T06:11:56+00:00\",\"dateModified\":\"2026-01-23T10:10:57+00:00\",\"description\":\"Ph\u00f2ng Executive Hollywood r\u1ed9ng 45m\u00b2 mang \u0111\u1eadm n\u00e9t thanh l\u1ecbch c\u1ed5 \u0111i\u1ec3n Ph\u00e1p, mang \u0111\u1ebfn kh\u00f4ng gian tho\u00e1ng \u0111\u00e3ng v\u00e0 s\u1ef1 tho\u1ea3i m\u00e1i tuy\u1ec7t \u0111\u1ed1i.\",\"breadcrumb\":{\"@id\":\"https:\/\/www.grandmercuredalat.com\/vi\/rooms-suites\/executive-hollywood-executive-pass\/#breadcrumb\"},\"inLanguage\":\"vi-VN\",\"potentialAction\":[{\"@type\":\"ReadAction\",\"target\":[\"https:\/\/www.grandmercuredalat.com\/vi\/rooms-suites\/executive-hollywood-executive-pass\/\"]}]},{\"@type\":\"ImageObject\",\"inLanguage\":\"vi-VN\",\"@id\":\"https:\/\/www.grandmercuredalat.com\/vi\/rooms-suites\/executive-hollywood-executive-pass\/#primaryimage\",\"url\":\"https:\/\/www.grandmercuredalat.com\/wp-content\/uploads\/sites\/4\/2025\/11\/Executive-Hollywood-Executive-Pass-2.jpg\",\"contentUrl\":\"https:\/\/www.grandmercuredalat.com\/wp-content\/uploads\/sites\/4\/2025\/11\/Executive-Hollywood-Executive-Pass-2.jpg\",\"width\":1300,\"height\":867,\"caption\":\"HyperFocal: 0\"},{\"@type\":\"BreadcrumbList\",\"@id\":\"https:\/\/www.grandmercuredalat.com\/vi\/rooms-suites\/executive-hollywood-executive-pass\/#breadcrumb\",\"itemListElement\":[{\"@type\":\"ListItem\",\"position\":1,\"name\":\"Home\",\"item\":\"https:\/\/www.grandmercuredalat.com\/vi\/\"},{\"@type\":\"ListItem\",\"position\":2,\"name\":\"Ph\u00f2ng Ngh\u1ec9 &amp; Suites\",\"item\":\"https:\/\/www.grandmercuredalat.com\/vi\/rooms-suites\/\"},{\"@type\":\"ListItem\",\"position\":3,\"name\":\"Ph\u00f2ng Executive Hollywood &#8211; Tr\u1ea3i Nghi\u1ec7m \u0110\u1eb7c Quy\u1ec1n Executive\"}]},{\"@type\":\"WebSite\",\"@id\":\"https:\/\/www.grandmercuredalat.com\/#website\",\"url\":\"https:\/\/www.grandmercuredalat.com\/\",\"name\":\"Grand Mercure Dalat Resort\",\"description\":\"\",\"publisher\":{\"@id\":\"https:\/\/www.grandmercuredalat.com\/#organization\"},\"potentialAction\":[{\"@type\":\"SearchAction\",\"target\":{\"@type\":\"EntryPoint\",\"urlTemplate\":\"https:\/\/www.grandmercuredalat.com\/?s={search_term_string}\"},\"query-input\":{\"@type\":\"PropertyValueSpecification\",\"valueRequired\":true,\"valueName\":\"search_term_string\"}}],\"inLanguage\":\"vi-VN\"},{\"@type\":\"Organization\",\"@id\":\"https:\/\/www.grandmercuredalat.com\/#organization\",\"name\":\"Grand Mercure Dalat Resort\",\"url\":\"https:\/\/www.grandmercuredalat.com\/\",\"logo\":{\"@type\":\"ImageObject\",\"inLanguage\":\"vi-VN\",\"@id\":\"https:\/\/www.grandmercuredalat.com\/#\/schema\/logo\/image\/\",\"url\":\"https:\/\/www.grandmercuredalat.com\/wp-content\/uploads\/sites\/4\/2025\/10\/Pool-26.jpg\",\"contentUrl\":\"https:\/\/www.grandmercuredalat.com\/wp-content\/uploads\/sites\/4\/2025\/10\/Pool-26.jpg\",\"width\":1800,\"height\":1200,\"caption\":\"Grand Mercure Dalat Resort\"},\"image\":{\"@id\":\"https:\/\/www.grandmercuredalat.com\/#\/schema\/logo\/image\/\"}}]}<\/script>\n<!-- \/ Yoast SEO plugin. -->","yoast_head_json":{"title":"Ph\u00f2ng Executive Hollywood | Tr\u1ea3i Nghi\u1ec7m \u0110\u1eb7c Quy\u1ec1n Executive","description":"Ph\u00f2ng Executive Hollywood r\u1ed9ng 45m\u00b2 mang \u0111\u1eadm n\u00e9t thanh l\u1ecbch c\u1ed5 \u0111i\u1ec3n Ph\u00e1p, mang \u0111\u1ebfn kh\u00f4ng gian tho\u00e1ng \u0111\u00e3ng v\u00e0 s\u1ef1 tho\u1ea3i m\u00e1i tuy\u1ec7t \u0111\u1ed1i.","robots":{"index":"index","follow":"follow","max-snippet":"max-snippet:-1","max-image-preview":"max-image-preview:large","max-video-preview":"max-video-preview:-1"},"canonical":"https:\/\/www.grandmercuredalat.com\/vi\/rooms-suites\/executive-hollywood-executive-pass\/","og_locale":"vi_VN","og_type":"article","og_title":"Ph\u00f2ng Executive Hollywood | Tr\u1ea3i Nghi\u1ec7m \u0110\u1eb7c Quy\u1ec1n Executive","og_description":"Ph\u00f2ng Executive Hollywood r\u1ed9ng 45m\u00b2 mang \u0111\u1eadm n\u00e9t thanh l\u1ecbch c\u1ed5 \u0111i\u1ec3n Ph\u00e1p, mang \u0111\u1ebfn kh\u00f4ng gian tho\u00e1ng \u0111\u00e3ng v\u00e0 s\u1ef1 tho\u1ea3i m\u00e1i tuy\u1ec7t \u0111\u1ed1i.","og_url":"https:\/\/www.grandmercuredalat.com\/vi\/rooms-suites\/executive-hollywood-executive-pass\/","og_site_name":"Grand Mercure Dalat Resort","article_modified_time":"2026-01-23T10:10:57+00:00","og_image":[{"width":1300,"height":867,"url":"https:\/\/www.grandmercuredalat.com\/wp-content\/uploads\/sites\/4\/2025\/11\/Executive-Hollywood-Executive-Pass-2.jpg","type":"image\/jpeg"}],"twitter_card":"summary_large_image","twitter_misc":{"Est. reading time":"2 minutes"},"schema":{"@context":"https:\/\/schema.org","@graph":[{"@type":"WebPage","@id":"https:\/\/www.grandmercuredalat.com\/vi\/rooms-suites\/executive-hollywood-executive-pass\/","url":"https:\/\/www.grandmercuredalat.com\/vi\/rooms-suites\/executive-hollywood-executive-pass\/","name":"Ph\u00f2ng Executive Hollywood | Tr\u1ea3i Nghi\u1ec7m \u0110\u1eb7c Quy\u1ec1n Executive","isPartOf":{"@id":"https:\/\/www.grandmercuredalat.com\/#website"},"primaryImageOfPage":{"@id":"https:\/\/www.grandmercuredalat.com\/vi\/rooms-suites\/executive-hollywood-executive-pass\/#primaryimage"},"image":{"@id":"https:\/\/www.grandmercuredalat.com\/vi\/rooms-suites\/executive-hollywood-executive-pass\/#primaryimage"},"thumbnailUrl":"https:\/\/www.grandmercuredalat.com\/wp-content\/uploads\/sites\/4\/2025\/11\/Executive-Hollywood-Executive-Pass-2.jpg","datePublished":"2025-10-06T06:11:56+00:00","dateModified":"2026-01-23T10:10:57+00:00","description":"Ph\u00f2ng Executive Hollywood r\u1ed9ng 45m\u00b2 mang \u0111\u1eadm n\u00e9t thanh l\u1ecbch c\u1ed5 \u0111i\u1ec3n Ph\u00e1p, mang \u0111\u1ebfn kh\u00f4ng gian tho\u00e1ng \u0111\u00e3ng v\u00e0 s\u1ef1 tho\u1ea3i m\u00e1i tuy\u1ec7t \u0111\u1ed1i.","breadcrumb":{"@id":"https:\/\/www.grandmercuredalat.com\/vi\/rooms-suites\/executive-hollywood-executive-pass\/#breadcrumb"},"inLanguage":"vi-VN","potentialAction":[{"@type":"ReadAction","target":["https:\/\/www.grandmercuredalat.com\/vi\/rooms-suites\/executive-hollywood-executive-pass\/"]}]},{"@type":"ImageObject","inLanguage":"vi-VN","@id":"https:\/\/www.grandmercuredalat.com\/vi\/rooms-suites\/executive-hollywood-executive-pass\/#primaryimage","url":"https:\/\/www.grandmercuredalat.com\/wp-content\/uploads\/sites\/4\/2025\/11\/Executive-Hollywood-Executive-Pass-2.jpg","contentUrl":"https:\/\/www.grandmercuredalat.com\/wp-content\/uploads\/sites\/4\/2025\/11\/Executive-Hollywood-Executive-Pass-2.jpg","width":1300,"height":867,"caption":"HyperFocal: 0"},{"@type":"BreadcrumbList","@id":"https:\/\/www.grandmercuredalat.com\/vi\/rooms-suites\/executive-hollywood-executive-pass\/#breadcrumb","itemListElement":[{"@type":"ListItem","position":1,"name":"Home","item":"https:\/\/www.grandmercuredalat.com\/vi\/"},{"@type":"ListItem","position":2,"name":"Ph\u00f2ng Ngh\u1ec9 &amp; Suites","item":"https:\/\/www.grandmercuredalat.com\/vi\/rooms-suites\/"},{"@type":"ListItem","position":3,"name":"Ph\u00f2ng Executive Hollywood &#8211; Tr\u1ea3i Nghi\u1ec7m \u0110\u1eb7c Quy\u1ec1n Executive"}]},{"@type":"WebSite","@id":"https:\/\/www.grandmercuredalat.com\/#website","url":"https:\/\/www.grandmercuredalat.com\/","name":"Grand Mercure Dalat Resort","description":"","publisher":{"@id":"https:\/\/www.grandmercuredalat.com\/#organization"},"potentialAction":[{"@type":"SearchAction","target":{"@type":"EntryPoint","urlTemplate":"https:\/\/www.grandmercuredalat.com\/?s={search_term_string}"},"query-input":{"@type":"PropertyValueSpecification","valueRequired":true,"valueName":"search_term_string"}}],"inLanguage":"vi-VN"},{"@type":"Organization","@id":"https:\/\/www.grandmercuredalat.com\/#organization","name":"Grand Mercure Dalat Resort","url":"https:\/\/www.grandmercuredalat.com\/","logo":{"@type":"ImageObject","inLanguage":"vi-VN","@id":"https:\/\/www.grandmercuredalat.com\/#\/schema\/logo\/image\/","url":"https:\/\/www.grandmercuredalat.com\/wp-content\/uploads\/sites\/4\/2025\/10\/Pool-26.jpg","contentUrl":"https:\/\/www.grandmercuredalat.com\/wp-content\/uploads\/sites\/4\/2025\/10\/Pool-26.jpg","width":1800,"height":1200,"caption":"Grand Mercure Dalat Resort"},"image":{"@id":"https:\/\/www.grandmercuredalat.com\/#\/schema\/logo\/image\/"}}]}},"_links":{"self":[{"href":"https:\/\/www.grandmercuredalat.com\/vi\/wp-json\/wp\/v2\/pages\/328","targetHints":{"allow":["GET"]}}],"collection":[{"href":"https:\/\/www.grandmercuredalat.com\/vi\/wp-json\/wp\/v2\/pages"}],"about":[{"href":"https:\/\/www.grandmercuredalat.com\/vi\/wp-json\/wp\/v2\/types\/page"}],"author":[{"embeddable":true,"href":"https:\/\/www.grandmercuredalat.com\/vi\/wp-json\/wp\/v2\/users\/30"}],"replies":[{"embeddable":true,"href":"https:\/\/www.grandmercuredalat.com\/vi\/wp-json\/wp\/v2\/comments?post=328"}],"version-history":[{"count":0,"href":"https:\/\/www.grandmercuredalat.com\/vi\/wp-json\/wp\/v2\/pages\/328\/revisions"}],"up":[{"embeddable":true,"href":"https:\/\/www.grandmercuredalat.com\/vi\/wp-json\/wp\/v2\/pages\/249"}],"wp:featuredmedia":[{"embeddable":true,"href":"https:\/\/www.grandmercuredalat.com\/vi\/wp-json\/wp\/v2\/media\/555"}],"wp:attachment":[{"href":"https:\/\/www.grandmercuredalat.com\/vi\/wp-json\/wp\/v2\/media?parent=328"}],"wp:term":[{"taxonomy":"category","embeddable":true,"href":"https:\/\/www.grandmercuredalat.com\/vi\/wp-json\/wp\/v2\/categories?post=328"}],"curies":[{"name":"wp","href":"https:\/\/api.w.org\/{rel}","templated":true}]}}