{"id":327,"date":"2025-10-06T06:08:59","date_gmt":"2025-10-06T06:08:59","guid":{"rendered":"https:\/\/grandmercuredalatresort.accorv2prod2.decms.eu\/rooms-suites\/executive-twin-bed-executive-pass\/"},"modified":"2026-01-23T10:08:34","modified_gmt":"2026-01-23T10:08:34","slug":"executive-twin-bed-executive-pass","status":"publish","type":"page","link":"https:\/\/www.grandmercuredalat.com\/vi\/rooms-suites\/executive-twin-bed-executive-pass\/","title":{"rendered":"Ph\u00f2ng Executive Gi\u01b0\u1eddng \u0110\u00f4i &#8211; Tr\u1ea3i Nghi\u1ec7m \u0110\u1eb7c Quy\u1ec1n Executive"},"content":{"rendered":"<p>Ch\u00e0o m\u1eebng b\u1ea1n \u0111\u1ebfn v\u1edbi s\u1ef1 giao h\u00f2a ho\u00e0n h\u1ea3o gi\u1eefa n\u00e9t tinh t\u1ebf v\u00e0 v\u1ebb \u0111\u1eb9p b\u1ea3n \u0111\u1ecba. <strong>Ph\u00f2ng Executive Gi\u01b0\u1eddng \u0110\u00f4i<\/strong> k\u00e8m Tr\u1ea3i Nghi\u1ec7m \u0110\u1eb7c Quy\u1ec1n Executive \u0111\u01b0\u1ee3c thi\u1ebft k\u1ebf \u0111\u1ec3 mang \u0111\u1ebfn s\u1ef1 tho\u1ea3i m\u00e1i c\u00f9ng m\u1ed9t tr\u1ea3i nghi\u1ec7m \u0110\u00e0 L\u1ea1t \u0111\u00edch th\u1ef1c. H\u00e3y c\u00f9ng b\u1ea1n b\u00e8 ho\u1eb7c \u0111\u1ed3ng nghi\u1ec7p t\u1eadn h\u01b0\u1edfng kh\u00f4ng gian r\u1ed9ng 45m\u00b2, \u0111\u1eafm m\u00ecnh trong n\u00e9t thanh l\u1ecbch c\u1ed5 \u0111i\u1ec3n Ph\u00e1p h\u00f2a quy\u1ec7n v\u1edbi di s\u1ea3n \u0111\u1ed9c \u0111\u00e1o c\u1ee7a v\u00f9ng \u0111\u1ea5t n\u00e0y. Ph\u00f2ng \u0111\u01b0\u1ee3c trang b\u1ecb hai gi\u01b0\u1eddng \u0111\u01a1n \u00eam \u00e1i, ph\u00f2ng t\u1eafm hi\u1ec7n \u0111\u1ea1i v\u1edbi khu v\u1ef1c v\u00f2i sen v\u00e0 nh\u00e0 v\u1ec7 sinh t\u00e1ch bi\u1ec7t, tivi 43inch c\u00f9ng WiFi mi\u1ec5n ph\u00ed \u2013 t\u1ea5t c\u1ea3 h\u1ee9a h\u1eb9n m\u1ed9t k\u1ef3 ngh\u1ec9 th\u01b0 th\u00e1i v\u00e0 ti\u1ec7n nghi.<\/p>\n<p>B\u1eaft \u0111\u1ea7u ng\u00e0y m\u1edbi v\u1edbi t\u1ea7m nh\u00ecn c\u00f4ng vi\u00ean ho\u1eb7c khu v\u01b0\u1eddn m\u00ea ho\u1eb7c, n\u01a1i v\u1ebb \u0111\u1eb9p \u0111\u1eb7c tr\u01b0ng c\u1ee7a \u0110\u00e0 L\u1ea1t d\u1ea7n hi\u1ec7n ra tr\u01b0\u1edbc m\u1eaft. C\u1ea3m nh\u1eadn l\u00e0n gi\u00f3 m\u00e1t l\u00e0nh, h\u00edt h\u00e0 h\u01b0\u01a1ng th\u00f4ng d\u1ecbu nh\u1eb9 v\u00e0 t\u1eadn h\u01b0\u1edfng kh\u00f4ng gian \u0111\u01b0\u1ee3c trang tr\u00ed mang \u0111\u1eadm d\u1ea5u \u1ea5n c\u1ee7a th\u1ecb tr\u1ea5n quy\u1ebfn r\u0169 n\u00e0y. M\u1ed7i chi ti\u1ebft \u0111\u1ec1u \u0111\u01b0\u1ee3c ch\u0103m ch\u00fat \u0111\u1ec3 b\u1ea1n ho\u00e0n to\u00e0n \u0111\u1eafm m\u00ecnh trong v\u1ebb \u0111\u1eb9p t\u0129nh l\u1eb7ng c\u1ee7a \u0110\u00e0 L\u1ea1t.<\/p>\n<p>K\u1ef3 ngh\u1ec9 c\u1ee7a b\u1ea1n tr\u1edf n\u00ean tr\u1ecdn v\u1eb9n h\u01a1n v\u1edbi quy\u1ec1n l\u1ee3i \u0111\u1eb7c bi\u1ec7t t\u1eeb Executive Pass, bao g\u1ed3m t\u00edn d\u1ee5ng \u1ea9m th\u1ef1c 1.000.000 VN\u0110 m\u1ed7i \u0111\u00eam. T\u1eadn h\u01b0\u1edfng \u1ea9m th\u1ef1c th\u01b0\u1ee3ng h\u1ea1ng \u2013 t\u1eeb r\u01b0\u1ee3u cao c\u1ea5p, c\u00e0 ph\u00ea th\u1ee7 c\u00f4ng \u0111\u1ebfn ti\u1ec7c tr\u00e0 chi\u1ec1u t\u1ea1i Moon Lounge hay th\u01b0\u1edfng th\u1ee9c cocktail t\u1ea1i <strong><a href=\"https:\/\/www.grandmercuredalat.com\/vi\/restaurants-bars\/1929-lobby-bar\/\" target=\"_blank\" rel=\"noopener\">qu\u1ea7y bar ti\u1ec1n s\u1ea3nh 1929<\/a><\/strong>.<\/p>\n<p>M\u1ecdi chi ti\u1ebft \u0111\u1ec1u \u0111\u01b0\u1ee3c thi\u1ebft k\u1ebf \u0111\u1ec3 n\u00e2ng t\u1ea7m chuy\u1ebfn \u0111i c\u1ee7a b\u1ea1n th\u00e0nh m\u1ed9t tr\u1ea3i nghi\u1ec7m thanh l\u1ecbch v\u00e0 tho\u1ea3i m\u00e1i b\u1eadc nh\u1ea5t. Ch\u00e0o m\u1eebng b\u1ea1n \u0111\u1ebfn v\u1edbi thi\u00ean \u0111\u01b0\u1eddng t\u0129nh t\u1ea1i ngay gi\u1eefa l\u00f2ng \u0110\u00e0 L\u1ea1t.<\/p>\n","protected":false},"excerpt":{"rendered":"<p>Ch\u00e0o m\u1eebng b\u1ea1n \u0111\u1ebfn v\u1edbi s\u1ef1 giao h\u00f2a ho\u00e0n h\u1ea3o gi\u1eefa n\u00e9t tinh t\u1ebf v\u00e0 v\u1ebb \u0111\u1eb9p b\u1ea3n \u0111\u1ecba. Ph\u00f2ng Executive Gi\u01b0\u1eddng \u0110\u00f4i k\u00e8m Tr\u1ea3i Nghi\u1ec7m \u0110\u1eb7c Quy\u1ec1n Executive \u0111\u01b0\u1ee3c thi\u1ebft k\u1ebf \u0111\u1ec3 mang \u0111\u1ebfn s\u1ef1 tho\u1ea3i m\u00e1i c\u00f9ng m\u1ed9t tr\u1ea3i nghi\u1ec7m \u0110\u00e0 L\u1ea1t \u0111\u00edch th\u1ef1c. H\u00e3y c\u00f9ng b\u1ea1n b\u00e8 ho\u1eb7c \u0111\u1ed3ng nghi\u1ec7p t\u1eadn h\u01b0\u1edfng [&hellip;]<\/p>\n","protected":false},"author":30,"featured_media":51,"parent":249,"menu_order":7,"comment_status":"closed","ping_status":"closed","template":"template-room.php","meta":{"footnotes":""},"categories":[35],"class_list":["post-327","page","type-page","status-publish","has-post-thumbnail","hentry","category-phong-nghi"],"acf":[],"yoast_head":"<!-- This site is optimized with the Yoast SEO plugin v26.9 - https:\/\/yoast.com\/product\/yoast-seo-wordpress\/ -->\n<title>Ph\u00f2ng Executive Gi\u01b0\u1eddng \u0110\u00f4i - Tr\u1ea3i Nghi\u1ec7m \u0110\u1eb7c Quy\u1ec1n Executive<\/title>\n<meta name=\"description\" content=\"Ph\u00f2ng Executive Gi\u01b0\u1eddng \u0110\u00f4i k\u00e8m Executive Pass mang \u0111\u1ebfn s\u1ef1 tho\u1ea3i m\u00e1i c\u00f9ng tr\u1ea3i nghi\u1ec7m \u0110\u00e0 L\u1ea1t \u0111\u00edch th\u1ef1c cho chuy\u1ebfn du l\u1ecbch c\u00f9ng b\u1ea1n b\u00e8 c\u1ee7a b\u1ea1n.\" \/>\n<meta name=\"robots\" content=\"index, follow, max-snippet:-1, max-image-preview:large, max-video-preview:-1\" \/>\n<link rel=\"canonical\" href=\"https:\/\/www.grandmercuredalat.com\/vi\/rooms-suites\/executive-twin-bed-executive-pass\/\" \/>\n<meta property=\"og:locale\" content=\"vi_VN\" \/>\n<meta property=\"og:type\" content=\"article\" \/>\n<meta property=\"og:title\" content=\"Ph\u00f2ng Executive Gi\u01b0\u1eddng \u0110\u00f4i - Tr\u1ea3i Nghi\u1ec7m \u0110\u1eb7c Quy\u1ec1n Executive\" \/>\n<meta property=\"og:description\" content=\"Ph\u00f2ng Executive Gi\u01b0\u1eddng \u0110\u00f4i k\u00e8m Executive Pass mang \u0111\u1ebfn s\u1ef1 tho\u1ea3i m\u00e1i c\u00f9ng tr\u1ea3i nghi\u1ec7m \u0110\u00e0 L\u1ea1t \u0111\u00edch th\u1ef1c cho chuy\u1ebfn du l\u1ecbch c\u00f9ng b\u1ea1n b\u00e8 c\u1ee7a b\u1ea1n.\" \/>\n<meta property=\"og:url\" content=\"https:\/\/www.grandmercuredalat.com\/vi\/rooms-suites\/executive-twin-bed-executive-pass\/\" \/>\n<meta property=\"og:site_name\" content=\"Grand Mercure Dalat Resort\" \/>\n<meta property=\"article:modified_time\" content=\"2026-01-23T10:08:34+00:00\" \/>\n<meta property=\"og:image\" content=\"https:\/\/www.grandmercuredalat.com\/wp-content\/uploads\/sites\/4\/2025\/10\/EXECUTIVE-TWIN-ROOM_4.jpg\" \/>\n\t<meta property=\"og:image:width\" content=\"1800\" \/>\n\t<meta property=\"og:image:height\" content=\"1200\" \/>\n\t<meta property=\"og:image:type\" content=\"image\/jpeg\" \/>\n<meta name=\"twitter:card\" content=\"summary_large_image\" \/>\n<meta name=\"twitter:label1\" content=\"Est. reading time\" \/>\n\t<meta name=\"twitter:data1\" content=\"2 minutes\" \/>\n<script type=\"application\/ld+json\" class=\"yoast-schema-graph\">{\"@context\":\"https:\/\/schema.org\",\"@graph\":[{\"@type\":\"WebPage\",\"@id\":\"https:\/\/www.grandmercuredalat.com\/vi\/rooms-suites\/executive-twin-bed-executive-pass\/\",\"url\":\"https:\/\/www.grandmercuredalat.com\/vi\/rooms-suites\/executive-twin-bed-executive-pass\/\",\"name\":\"Ph\u00f2ng Executive Gi\u01b0\u1eddng \u0110\u00f4i - Tr\u1ea3i Nghi\u1ec7m \u0110\u1eb7c Quy\u1ec1n Executive\",\"isPartOf\":{\"@id\":\"https:\/\/www.grandmercuredalat.com\/#website\"},\"primaryImageOfPage\":{\"@id\":\"https:\/\/www.grandmercuredalat.com\/vi\/rooms-suites\/executive-twin-bed-executive-pass\/#primaryimage\"},\"image\":{\"@id\":\"https:\/\/www.grandmercuredalat.com\/vi\/rooms-suites\/executive-twin-bed-executive-pass\/#primaryimage\"},\"thumbnailUrl\":\"https:\/\/www.grandmercuredalat.com\/wp-content\/uploads\/sites\/4\/2025\/10\/EXECUTIVE-TWIN-ROOM_4.jpg\",\"datePublished\":\"2025-10-06T06:08:59+00:00\",\"dateModified\":\"2026-01-23T10:08:34+00:00\",\"description\":\"Ph\u00f2ng Executive Gi\u01b0\u1eddng \u0110\u00f4i k\u00e8m Executive Pass mang \u0111\u1ebfn s\u1ef1 tho\u1ea3i m\u00e1i c\u00f9ng tr\u1ea3i nghi\u1ec7m \u0110\u00e0 L\u1ea1t \u0111\u00edch th\u1ef1c cho chuy\u1ebfn du l\u1ecbch c\u00f9ng b\u1ea1n b\u00e8 c\u1ee7a b\u1ea1n.\",\"breadcrumb\":{\"@id\":\"https:\/\/www.grandmercuredalat.com\/vi\/rooms-suites\/executive-twin-bed-executive-pass\/#breadcrumb\"},\"inLanguage\":\"vi-VN\",\"potentialAction\":[{\"@type\":\"ReadAction\",\"target\":[\"https:\/\/www.grandmercuredalat.com\/vi\/rooms-suites\/executive-twin-bed-executive-pass\/\"]}]},{\"@type\":\"ImageObject\",\"inLanguage\":\"vi-VN\",\"@id\":\"https:\/\/www.grandmercuredalat.com\/vi\/rooms-suites\/executive-twin-bed-executive-pass\/#primaryimage\",\"url\":\"https:\/\/www.grandmercuredalat.com\/wp-content\/uploads\/sites\/4\/2025\/10\/EXECUTIVE-TWIN-ROOM_4.jpg\",\"contentUrl\":\"https:\/\/www.grandmercuredalat.com\/wp-content\/uploads\/sites\/4\/2025\/10\/EXECUTIVE-TWIN-ROOM_4.jpg\",\"width\":1800,\"height\":1200,\"caption\":\"Executive Twin Bed\"},{\"@type\":\"BreadcrumbList\",\"@id\":\"https:\/\/www.grandmercuredalat.com\/vi\/rooms-suites\/executive-twin-bed-executive-pass\/#breadcrumb\",\"itemListElement\":[{\"@type\":\"ListItem\",\"position\":1,\"name\":\"Home\",\"item\":\"https:\/\/www.grandmercuredalat.com\/vi\/\"},{\"@type\":\"ListItem\",\"position\":2,\"name\":\"Ph\u00f2ng Ngh\u1ec9 &amp; Suites\",\"item\":\"https:\/\/www.grandmercuredalat.com\/vi\/rooms-suites\/\"},{\"@type\":\"ListItem\",\"position\":3,\"name\":\"Ph\u00f2ng Executive Gi\u01b0\u1eddng \u0110\u00f4i &#8211; Tr\u1ea3i Nghi\u1ec7m \u0110\u1eb7c Quy\u1ec1n Executive\"}]},{\"@type\":\"WebSite\",\"@id\":\"https:\/\/www.grandmercuredalat.com\/#website\",\"url\":\"https:\/\/www.grandmercuredalat.com\/\",\"name\":\"Grand Mercure Dalat Resort\",\"description\":\"\",\"publisher\":{\"@id\":\"https:\/\/www.grandmercuredalat.com\/#organization\"},\"potentialAction\":[{\"@type\":\"SearchAction\",\"target\":{\"@type\":\"EntryPoint\",\"urlTemplate\":\"https:\/\/www.grandmercuredalat.com\/?s={search_term_string}\"},\"query-input\":{\"@type\":\"PropertyValueSpecification\",\"valueRequired\":true,\"valueName\":\"search_term_string\"}}],\"inLanguage\":\"vi-VN\"},{\"@type\":\"Organization\",\"@id\":\"https:\/\/www.grandmercuredalat.com\/#organization\",\"name\":\"Grand Mercure Dalat Resort\",\"url\":\"https:\/\/www.grandmercuredalat.com\/\",\"logo\":{\"@type\":\"ImageObject\",\"inLanguage\":\"vi-VN\",\"@id\":\"https:\/\/www.grandmercuredalat.com\/#\/schema\/logo\/image\/\",\"url\":\"https:\/\/www.grandmercuredalat.com\/wp-content\/uploads\/sites\/4\/2025\/10\/Pool-26.jpg\",\"contentUrl\":\"https:\/\/www.grandmercuredalat.com\/wp-content\/uploads\/sites\/4\/2025\/10\/Pool-26.jpg\",\"width\":1800,\"height\":1200,\"caption\":\"Grand Mercure Dalat Resort\"},\"image\":{\"@id\":\"https:\/\/www.grandmercuredalat.com\/#\/schema\/logo\/image\/\"}}]}<\/script>\n<!-- \/ Yoast SEO plugin. -->","yoast_head_json":{"title":"Ph\u00f2ng Executive Gi\u01b0\u1eddng \u0110\u00f4i - Tr\u1ea3i Nghi\u1ec7m \u0110\u1eb7c Quy\u1ec1n Executive","description":"Ph\u00f2ng Executive Gi\u01b0\u1eddng \u0110\u00f4i k\u00e8m Executive Pass mang \u0111\u1ebfn s\u1ef1 tho\u1ea3i m\u00e1i c\u00f9ng tr\u1ea3i nghi\u1ec7m \u0110\u00e0 L\u1ea1t \u0111\u00edch th\u1ef1c cho chuy\u1ebfn du l\u1ecbch c\u00f9ng b\u1ea1n b\u00e8 c\u1ee7a b\u1ea1n.","robots":{"index":"index","follow":"follow","max-snippet":"max-snippet:-1","max-image-preview":"max-image-preview:large","max-video-preview":"max-video-preview:-1"},"canonical":"https:\/\/www.grandmercuredalat.com\/vi\/rooms-suites\/executive-twin-bed-executive-pass\/","og_locale":"vi_VN","og_type":"article","og_title":"Ph\u00f2ng Executive Gi\u01b0\u1eddng \u0110\u00f4i - Tr\u1ea3i Nghi\u1ec7m \u0110\u1eb7c Quy\u1ec1n Executive","og_description":"Ph\u00f2ng Executive Gi\u01b0\u1eddng \u0110\u00f4i k\u00e8m Executive Pass mang \u0111\u1ebfn s\u1ef1 tho\u1ea3i m\u00e1i c\u00f9ng tr\u1ea3i nghi\u1ec7m \u0110\u00e0 L\u1ea1t \u0111\u00edch th\u1ef1c cho chuy\u1ebfn du l\u1ecbch c\u00f9ng b\u1ea1n b\u00e8 c\u1ee7a b\u1ea1n.","og_url":"https:\/\/www.grandmercuredalat.com\/vi\/rooms-suites\/executive-twin-bed-executive-pass\/","og_site_name":"Grand Mercure Dalat Resort","article_modified_time":"2026-01-23T10:08:34+00:00","og_image":[{"width":1800,"height":1200,"url":"https:\/\/www.grandmercuredalat.com\/wp-content\/uploads\/sites\/4\/2025\/10\/EXECUTIVE-TWIN-ROOM_4.jpg","type":"image\/jpeg"}],"twitter_card":"summary_large_image","twitter_misc":{"Est. reading time":"2 minutes"},"schema":{"@context":"https:\/\/schema.org","@graph":[{"@type":"WebPage","@id":"https:\/\/www.grandmercuredalat.com\/vi\/rooms-suites\/executive-twin-bed-executive-pass\/","url":"https:\/\/www.grandmercuredalat.com\/vi\/rooms-suites\/executive-twin-bed-executive-pass\/","name":"Ph\u00f2ng Executive Gi\u01b0\u1eddng \u0110\u00f4i - Tr\u1ea3i Nghi\u1ec7m \u0110\u1eb7c Quy\u1ec1n Executive","isPartOf":{"@id":"https:\/\/www.grandmercuredalat.com\/#website"},"primaryImageOfPage":{"@id":"https:\/\/www.grandmercuredalat.com\/vi\/rooms-suites\/executive-twin-bed-executive-pass\/#primaryimage"},"image":{"@id":"https:\/\/www.grandmercuredalat.com\/vi\/rooms-suites\/executive-twin-bed-executive-pass\/#primaryimage"},"thumbnailUrl":"https:\/\/www.grandmercuredalat.com\/wp-content\/uploads\/sites\/4\/2025\/10\/EXECUTIVE-TWIN-ROOM_4.jpg","datePublished":"2025-10-06T06:08:59+00:00","dateModified":"2026-01-23T10:08:34+00:00","description":"Ph\u00f2ng Executive Gi\u01b0\u1eddng \u0110\u00f4i k\u00e8m Executive Pass mang \u0111\u1ebfn s\u1ef1 tho\u1ea3i m\u00e1i c\u00f9ng tr\u1ea3i nghi\u1ec7m \u0110\u00e0 L\u1ea1t \u0111\u00edch th\u1ef1c cho chuy\u1ebfn du l\u1ecbch c\u00f9ng b\u1ea1n b\u00e8 c\u1ee7a b\u1ea1n.","breadcrumb":{"@id":"https:\/\/www.grandmercuredalat.com\/vi\/rooms-suites\/executive-twin-bed-executive-pass\/#breadcrumb"},"inLanguage":"vi-VN","potentialAction":[{"@type":"ReadAction","target":["https:\/\/www.grandmercuredalat.com\/vi\/rooms-suites\/executive-twin-bed-executive-pass\/"]}]},{"@type":"ImageObject","inLanguage":"vi-VN","@id":"https:\/\/www.grandmercuredalat.com\/vi\/rooms-suites\/executive-twin-bed-executive-pass\/#primaryimage","url":"https:\/\/www.grandmercuredalat.com\/wp-content\/uploads\/sites\/4\/2025\/10\/EXECUTIVE-TWIN-ROOM_4.jpg","contentUrl":"https:\/\/www.grandmercuredalat.com\/wp-content\/uploads\/sites\/4\/2025\/10\/EXECUTIVE-TWIN-ROOM_4.jpg","width":1800,"height":1200,"caption":"Executive Twin Bed"},{"@type":"BreadcrumbList","@id":"https:\/\/www.grandmercuredalat.com\/vi\/rooms-suites\/executive-twin-bed-executive-pass\/#breadcrumb","itemListElement":[{"@type":"ListItem","position":1,"name":"Home","item":"https:\/\/www.grandmercuredalat.com\/vi\/"},{"@type":"ListItem","position":2,"name":"Ph\u00f2ng Ngh\u1ec9 &amp; Suites","item":"https:\/\/www.grandmercuredalat.com\/vi\/rooms-suites\/"},{"@type":"ListItem","position":3,"name":"Ph\u00f2ng Executive Gi\u01b0\u1eddng \u0110\u00f4i &#8211; Tr\u1ea3i Nghi\u1ec7m \u0110\u1eb7c Quy\u1ec1n Executive"}]},{"@type":"WebSite","@id":"https:\/\/www.grandmercuredalat.com\/#website","url":"https:\/\/www.grandmercuredalat.com\/","name":"Grand Mercure Dalat Resort","description":"","publisher":{"@id":"https:\/\/www.grandmercuredalat.com\/#organization"},"potentialAction":[{"@type":"SearchAction","target":{"@type":"EntryPoint","urlTemplate":"https:\/\/www.grandmercuredalat.com\/?s={search_term_string}"},"query-input":{"@type":"PropertyValueSpecification","valueRequired":true,"valueName":"search_term_string"}}],"inLanguage":"vi-VN"},{"@type":"Organization","@id":"https:\/\/www.grandmercuredalat.com\/#organization","name":"Grand Mercure Dalat Resort","url":"https:\/\/www.grandmercuredalat.com\/","logo":{"@type":"ImageObject","inLanguage":"vi-VN","@id":"https:\/\/www.grandmercuredalat.com\/#\/schema\/logo\/image\/","url":"https:\/\/www.grandmercuredalat.com\/wp-content\/uploads\/sites\/4\/2025\/10\/Pool-26.jpg","contentUrl":"https:\/\/www.grandmercuredalat.com\/wp-content\/uploads\/sites\/4\/2025\/10\/Pool-26.jpg","width":1800,"height":1200,"caption":"Grand Mercure Dalat Resort"},"image":{"@id":"https:\/\/www.grandmercuredalat.com\/#\/schema\/logo\/image\/"}}]}},"_links":{"self":[{"href":"https:\/\/www.grandmercuredalat.com\/vi\/wp-json\/wp\/v2\/pages\/327","targetHints":{"allow":["GET"]}}],"collection":[{"href":"https:\/\/www.grandmercuredalat.com\/vi\/wp-json\/wp\/v2\/pages"}],"about":[{"href":"https:\/\/www.grandmercuredalat.com\/vi\/wp-json\/wp\/v2\/types\/page"}],"author":[{"embeddable":true,"href":"https:\/\/www.grandmercuredalat.com\/vi\/wp-json\/wp\/v2\/users\/30"}],"replies":[{"embeddable":true,"href":"https:\/\/www.grandmercuredalat.com\/vi\/wp-json\/wp\/v2\/comments?post=327"}],"version-history":[{"count":0,"href":"https:\/\/www.grandmercuredalat.com\/vi\/wp-json\/wp\/v2\/pages\/327\/revisions"}],"up":[{"embeddable":true,"href":"https:\/\/www.grandmercuredalat.com\/vi\/wp-json\/wp\/v2\/pages\/249"}],"wp:featuredmedia":[{"embeddable":true,"href":"https:\/\/www.grandmercuredalat.com\/vi\/wp-json\/wp\/v2\/media\/51"}],"wp:attachment":[{"href":"https:\/\/www.grandmercuredalat.com\/vi\/wp-json\/wp\/v2\/media?parent=327"}],"wp:term":[{"taxonomy":"category","embeddable":true,"href":"https:\/\/www.grandmercuredalat.com\/vi\/wp-json\/wp\/v2\/categories?post=327"}],"curies":[{"name":"wp","href":"https:\/\/api.w.org\/{rel}","templated":true}]}}