{"id":326,"date":"2025-10-06T06:02:22","date_gmt":"2025-10-06T06:02:22","guid":{"rendered":"https:\/\/grandmercuredalatresort.accorv2prod2.decms.eu\/rooms-suites\/executive-king-bed-executive-pass\/"},"modified":"2026-01-23T10:05:29","modified_gmt":"2026-01-23T10:05:29","slug":"executive-king-bed-executive-pass","status":"publish","type":"page","link":"https:\/\/www.grandmercuredalat.com\/vi\/rooms-suites\/executive-king-bed-executive-pass\/","title":{"rendered":"Ph\u00f2ng Executive Gi\u01b0\u1eddng King \u2013 Tr\u1ea3i Nghi\u1ec7m \u0110\u1eb7c Quy\u1ec1n Executive"},"content":{"rendered":"<p>Th\u01b0 gi\u00e3n trong kh\u00f4ng gian \u0111\u1eb3ng c\u1ea5p v\u00e0 tinh t\u1ebf b\u1eadc nh\u1ea5t v\u1edbi <strong>Ph\u00f2ng Executive c\u00f9ng v\u1edbi \u0111\u1eb7c quy\u1ec1n<\/strong> s\u1eed d\u1ee5ng c\u00e1c d\u1ecbch v\u1ee5 \u1ea9m th\u1ef1c. V\u1edbi di\u1ec7n t\u00edch r\u1ed9ng 45m\u00b2, c\u0103n ph\u00f2ng \u0111\u01b0\u1ee3c thi\u1ebft k\u1ebf thanh l\u1ecbch, trang tr\u00ed b\u1eb1ng n\u1ed9i th\u1ea5t l\u1ea5y c\u1ea3m h\u1ee9ng t\u1eeb phong c\u00e1ch Ph\u00e1p c\u00f9ng nh\u1eefng chi ti\u1ebft \u0111\u01b0\u1ee3c ch\u0103m ch\u00fat t\u1ec9 m\u1ec9. \u0110\u1eafm m\u00ecnh trong s\u1ef1 \u00eam \u00e1i c\u1ee7a gi\u01b0\u1eddng King, th\u01b0 gi\u00e3n trong ph\u00f2ng t\u1eafm tinh t\u1ebf v\u1edbi khu v\u1ef1c v\u00f2i sen v\u00e0 nh\u00e0 v\u1ec7 sinh t\u00e1ch bi\u1ec7t, v\u00e0 t\u1eadn h\u01b0\u1edfng nh\u1eefng ch\u01b0\u01a1ng tr\u00ecnh gi\u1ea3i tr\u00ed y\u00eau th\u00edch tr\u00ean tivi 43inch c\u00f9ng WiFi mi\u1ec5n ph\u00ed. Ng\u1eafm nh\u00ecn khu v\u01b0\u1eddn tuy\u1ec7t \u0111\u1eb9p t\u1eeb c\u1eeda s\u1ed5, n\u01a1i kh\u00f4ng gian tinh t\u1ebf \u0111\u01b0\u01a1ng \u0111\u1ea1i h\u00f2a quy\u1ec7n c\u00f9ng n\u00e9t duy\u00ean d\u00e1ng \u0111\u1eb7c tr\u01b0ng c\u1ee7a \u0110\u00e0 L\u1ea1t.<\/p>\n<p>Th\u01b0\u1edfng ngo\u1ea1n v\u1ebb \u0111\u1eb9p n\u00ean th\u01a1 c\u1ee7a \u0110\u00e0 L\u1ea1t t\u1eeb ch\u00ednh c\u0103n ph\u00f2ng c\u1ee7a b\u1ea1n, n\u01a1i ti\u1ebfng l\u00e1 x\u00e0o x\u1ea1c v\u00e0 h\u01b0\u01a1ng hoa d\u1ecbu ng\u1ecdt t\u1ea1o n\u00ean m\u1ed9t thi\u00ean \u0111\u01b0\u1eddng ngh\u1ec9 d\u01b0\u1ee1ng \u0111\u1ea7y m\u00ea ho\u1eb7c. M\u1ed7i chi ti\u1ebft trong k\u1ef3 ngh\u1ec9 \u0111\u1ec1u vang v\u1ecdng s\u1ef1 y\u00ean b\u00ecnh v\u00e0 di s\u1ea3n \u0111\u1ed9c \u0111\u00e1o c\u1ee7a v\u00f9ng \u0111\u1ea5t n\u00e0y.<\/p>\n<p>Tr\u1ea3i nghi\u1ec7m c\u1ee7a b\u1ea1n c\u00f2n \u0111\u01b0\u1ee3c n\u00e2ng t\u1ea7m v\u1edbi quy\u1ec1n l\u1ee3i \u0111\u1eb7c bi\u1ec7t t\u1eeb Executive Pass, bao g\u1ed3m t\u00edn d\u1ee5ng \u1ea9m th\u1ef1c tr\u1ecb gi\u00e1 1.000.000 VN\u0110 m\u1ed7i \u0111\u00eam. T\u1ef1 th\u01b0\u1edfng cho m\u00ecnh nh\u1eefng lo\u1ea1i r\u01b0\u1ee3u th\u01b0\u1ee3ng h\u1ea1ng, c\u00e0 ph\u00ea th\u1ee7 c\u00f4ng v\u00e0 ti\u1ec7c tr\u00e0 chi\u1ec1u tinh t\u1ebf t\u1ea1i <strong><a href=\"https:\/\/www.grandmercuredalat.com\/vi\/restaurants-bars\/moon-lounge\/\" target=\"_blank\" rel=\"noopener\">qu\u1ea7y bar Moon Lounge<\/a><\/strong>, ho\u1eb7c th\u01b0 gi\u00e3n v\u1edbi m\u1ed9t ly cocktail \u0111\u01b0\u1ee3c pha ch\u1ebf ho\u00e0n h\u1ea3o t\u1ea1i 1929\u2019s Lobby Bar.<\/p>\n<p>\u0110\u1eafm m\u00ecnh trong tinh hoa s\u1ed1ng \u0111\u1ed9ng c\u1ee7a \u0110\u00e0 L\u1ea1t, n\u01a1i h\u01b0\u01a1ng th\u01a1m, \u00e2m thanh v\u00e0 c\u1ea3nh s\u1eafc \u0111\u1ecba ph\u01b0\u01a1ng h\u00f2a quy\u1ec7n \u0111\u1ec3 t\u1ea1o n\u00ean nh\u1eefng k\u1ef7 ni\u1ec7m kh\u00f3 phai.<\/p>\n","protected":false},"excerpt":{"rendered":"<p>Th\u01b0 gi\u00e3n trong kh\u00f4ng gian \u0111\u1eb3ng c\u1ea5p v\u00e0 tinh t\u1ebf b\u1eadc nh\u1ea5t v\u1edbi Ph\u00f2ng Executive c\u00f9ng v\u1edbi \u0111\u1eb7c quy\u1ec1n s\u1eed d\u1ee5ng c\u00e1c d\u1ecbch v\u1ee5 \u1ea9m th\u1ef1c. V\u1edbi di\u1ec7n t\u00edch r\u1ed9ng 45m\u00b2, c\u0103n ph\u00f2ng \u0111\u01b0\u1ee3c thi\u1ebft k\u1ebf thanh l\u1ecbch, trang tr\u00ed b\u1eb1ng n\u1ed9i th\u1ea5t l\u1ea5y c\u1ea3m h\u1ee9ng t\u1eeb phong c\u00e1ch Ph\u00e1p c\u00f9ng nh\u1eefng chi ti\u1ebft \u0111\u01b0\u1ee3c [&hellip;]<\/p>\n","protected":false},"author":30,"featured_media":0,"parent":249,"menu_order":6,"comment_status":"closed","ping_status":"closed","template":"template-room.php","meta":{"footnotes":""},"categories":[35],"class_list":["post-326","page","type-page","status-publish","hentry","category-phong-nghi"],"acf":[],"yoast_head":"<!-- This site is optimized with the Yoast SEO plugin v26.9 - https:\/\/yoast.com\/product\/yoast-seo-wordpress\/ -->\n<title>Ph\u00f2ng Executive Gi\u01b0\u1eddng King | Tr\u1ea3i Nghi\u1ec7m \u0110\u1eb7c Quy\u1ec1n \u0110\u1eb3ng C\u1ea5p<\/title>\n<meta name=\"description\" content=\"T\u1eadn h\u01b0\u1edfng ph\u00f2ng Executive Gi\u01b0\u1eddng King r\u1ed9ng 45m\u00b2 c\u00f9ng \u0111\u1eb7c quy\u1ec1n Executive Pass, quy\u1ec1n s\u1eed d\u1ee5ng Moon Lounge v\u00e0 t\u1ea7m nh\u00ecn khu v\u01b0\u1eddn.\" \/>\n<meta name=\"robots\" content=\"index, follow, max-snippet:-1, max-image-preview:large, max-video-preview:-1\" \/>\n<link rel=\"canonical\" href=\"https:\/\/www.grandmercuredalat.com\/vi\/rooms-suites\/executive-king-bed-executive-pass\/\" \/>\n<meta property=\"og:locale\" content=\"vi_VN\" \/>\n<meta property=\"og:type\" content=\"article\" \/>\n<meta property=\"og:title\" content=\"Ph\u00f2ng Executive Gi\u01b0\u1eddng King | Tr\u1ea3i Nghi\u1ec7m \u0110\u1eb7c Quy\u1ec1n \u0110\u1eb3ng C\u1ea5p\" \/>\n<meta property=\"og:description\" content=\"T\u1eadn h\u01b0\u1edfng ph\u00f2ng Executive Gi\u01b0\u1eddng King r\u1ed9ng 45m\u00b2 c\u00f9ng \u0111\u1eb7c quy\u1ec1n Executive Pass, quy\u1ec1n s\u1eed d\u1ee5ng Moon Lounge v\u00e0 t\u1ea7m nh\u00ecn khu v\u01b0\u1eddn.\" \/>\n<meta property=\"og:url\" content=\"https:\/\/www.grandmercuredalat.com\/vi\/rooms-suites\/executive-king-bed-executive-pass\/\" \/>\n<meta property=\"og:site_name\" content=\"Grand Mercure Dalat Resort\" \/>\n<meta property=\"article:modified_time\" content=\"2026-01-23T10:05:29+00:00\" \/>\n<meta name=\"twitter:card\" content=\"summary_large_image\" \/>\n<meta name=\"twitter:label1\" content=\"Est. reading time\" \/>\n\t<meta name=\"twitter:data1\" content=\"2 minutes\" \/>\n<script type=\"application\/ld+json\" class=\"yoast-schema-graph\">{\"@context\":\"https:\/\/schema.org\",\"@graph\":[{\"@type\":\"WebPage\",\"@id\":\"https:\/\/www.grandmercuredalat.com\/vi\/rooms-suites\/executive-king-bed-executive-pass\/\",\"url\":\"https:\/\/www.grandmercuredalat.com\/vi\/rooms-suites\/executive-king-bed-executive-pass\/\",\"name\":\"Ph\u00f2ng Executive Gi\u01b0\u1eddng King | Tr\u1ea3i Nghi\u1ec7m \u0110\u1eb7c Quy\u1ec1n \u0110\u1eb3ng C\u1ea5p\",\"isPartOf\":{\"@id\":\"https:\/\/www.grandmercuredalat.com\/#website\"},\"datePublished\":\"2025-10-06T06:02:22+00:00\",\"dateModified\":\"2026-01-23T10:05:29+00:00\",\"description\":\"T\u1eadn h\u01b0\u1edfng ph\u00f2ng Executive Gi\u01b0\u1eddng King r\u1ed9ng 45m\u00b2 c\u00f9ng \u0111\u1eb7c quy\u1ec1n Executive Pass, quy\u1ec1n s\u1eed d\u1ee5ng Moon Lounge v\u00e0 t\u1ea7m nh\u00ecn khu v\u01b0\u1eddn.\",\"breadcrumb\":{\"@id\":\"https:\/\/www.grandmercuredalat.com\/vi\/rooms-suites\/executive-king-bed-executive-pass\/#breadcrumb\"},\"inLanguage\":\"vi-VN\",\"potentialAction\":[{\"@type\":\"ReadAction\",\"target\":[\"https:\/\/www.grandmercuredalat.com\/vi\/rooms-suites\/executive-king-bed-executive-pass\/\"]}]},{\"@type\":\"BreadcrumbList\",\"@id\":\"https:\/\/www.grandmercuredalat.com\/vi\/rooms-suites\/executive-king-bed-executive-pass\/#breadcrumb\",\"itemListElement\":[{\"@type\":\"ListItem\",\"position\":1,\"name\":\"Home\",\"item\":\"https:\/\/www.grandmercuredalat.com\/vi\/\"},{\"@type\":\"ListItem\",\"position\":2,\"name\":\"Ph\u00f2ng Ngh\u1ec9 &amp; Suites\",\"item\":\"https:\/\/www.grandmercuredalat.com\/vi\/rooms-suites\/\"},{\"@type\":\"ListItem\",\"position\":3,\"name\":\"Ph\u00f2ng Executive Gi\u01b0\u1eddng King \u2013 Tr\u1ea3i Nghi\u1ec7m \u0110\u1eb7c Quy\u1ec1n Executive\"}]},{\"@type\":\"WebSite\",\"@id\":\"https:\/\/www.grandmercuredalat.com\/#website\",\"url\":\"https:\/\/www.grandmercuredalat.com\/\",\"name\":\"Grand Mercure Dalat Resort\",\"description\":\"\",\"publisher\":{\"@id\":\"https:\/\/www.grandmercuredalat.com\/#organization\"},\"potentialAction\":[{\"@type\":\"SearchAction\",\"target\":{\"@type\":\"EntryPoint\",\"urlTemplate\":\"https:\/\/www.grandmercuredalat.com\/?s={search_term_string}\"},\"query-input\":{\"@type\":\"PropertyValueSpecification\",\"valueRequired\":true,\"valueName\":\"search_term_string\"}}],\"inLanguage\":\"vi-VN\"},{\"@type\":\"Organization\",\"@id\":\"https:\/\/www.grandmercuredalat.com\/#organization\",\"name\":\"Grand Mercure Dalat Resort\",\"url\":\"https:\/\/www.grandmercuredalat.com\/\",\"logo\":{\"@type\":\"ImageObject\",\"inLanguage\":\"vi-VN\",\"@id\":\"https:\/\/www.grandmercuredalat.com\/#\/schema\/logo\/image\/\",\"url\":\"https:\/\/www.grandmercuredalat.com\/wp-content\/uploads\/sites\/4\/2025\/10\/Pool-26.jpg\",\"contentUrl\":\"https:\/\/www.grandmercuredalat.com\/wp-content\/uploads\/sites\/4\/2025\/10\/Pool-26.jpg\",\"width\":1800,\"height\":1200,\"caption\":\"Grand Mercure Dalat Resort\"},\"image\":{\"@id\":\"https:\/\/www.grandmercuredalat.com\/#\/schema\/logo\/image\/\"}}]}<\/script>\n<!-- \/ Yoast SEO plugin. -->","yoast_head_json":{"title":"Ph\u00f2ng Executive Gi\u01b0\u1eddng King | Tr\u1ea3i Nghi\u1ec7m \u0110\u1eb7c Quy\u1ec1n \u0110\u1eb3ng C\u1ea5p","description":"T\u1eadn h\u01b0\u1edfng ph\u00f2ng Executive Gi\u01b0\u1eddng King r\u1ed9ng 45m\u00b2 c\u00f9ng \u0111\u1eb7c quy\u1ec1n Executive Pass, quy\u1ec1n s\u1eed d\u1ee5ng Moon Lounge v\u00e0 t\u1ea7m nh\u00ecn khu v\u01b0\u1eddn.","robots":{"index":"index","follow":"follow","max-snippet":"max-snippet:-1","max-image-preview":"max-image-preview:large","max-video-preview":"max-video-preview:-1"},"canonical":"https:\/\/www.grandmercuredalat.com\/vi\/rooms-suites\/executive-king-bed-executive-pass\/","og_locale":"vi_VN","og_type":"article","og_title":"Ph\u00f2ng Executive Gi\u01b0\u1eddng King | Tr\u1ea3i Nghi\u1ec7m \u0110\u1eb7c Quy\u1ec1n \u0110\u1eb3ng C\u1ea5p","og_description":"T\u1eadn h\u01b0\u1edfng ph\u00f2ng Executive Gi\u01b0\u1eddng King r\u1ed9ng 45m\u00b2 c\u00f9ng \u0111\u1eb7c quy\u1ec1n Executive Pass, quy\u1ec1n s\u1eed d\u1ee5ng Moon Lounge v\u00e0 t\u1ea7m nh\u00ecn khu v\u01b0\u1eddn.","og_url":"https:\/\/www.grandmercuredalat.com\/vi\/rooms-suites\/executive-king-bed-executive-pass\/","og_site_name":"Grand Mercure Dalat Resort","article_modified_time":"2026-01-23T10:05:29+00:00","twitter_card":"summary_large_image","twitter_misc":{"Est. reading time":"2 minutes"},"schema":{"@context":"https:\/\/schema.org","@graph":[{"@type":"WebPage","@id":"https:\/\/www.grandmercuredalat.com\/vi\/rooms-suites\/executive-king-bed-executive-pass\/","url":"https:\/\/www.grandmercuredalat.com\/vi\/rooms-suites\/executive-king-bed-executive-pass\/","name":"Ph\u00f2ng Executive Gi\u01b0\u1eddng King | Tr\u1ea3i Nghi\u1ec7m \u0110\u1eb7c Quy\u1ec1n \u0110\u1eb3ng C\u1ea5p","isPartOf":{"@id":"https:\/\/www.grandmercuredalat.com\/#website"},"datePublished":"2025-10-06T06:02:22+00:00","dateModified":"2026-01-23T10:05:29+00:00","description":"T\u1eadn h\u01b0\u1edfng ph\u00f2ng Executive Gi\u01b0\u1eddng King r\u1ed9ng 45m\u00b2 c\u00f9ng \u0111\u1eb7c quy\u1ec1n Executive Pass, quy\u1ec1n s\u1eed d\u1ee5ng Moon Lounge v\u00e0 t\u1ea7m nh\u00ecn khu v\u01b0\u1eddn.","breadcrumb":{"@id":"https:\/\/www.grandmercuredalat.com\/vi\/rooms-suites\/executive-king-bed-executive-pass\/#breadcrumb"},"inLanguage":"vi-VN","potentialAction":[{"@type":"ReadAction","target":["https:\/\/www.grandmercuredalat.com\/vi\/rooms-suites\/executive-king-bed-executive-pass\/"]}]},{"@type":"BreadcrumbList","@id":"https:\/\/www.grandmercuredalat.com\/vi\/rooms-suites\/executive-king-bed-executive-pass\/#breadcrumb","itemListElement":[{"@type":"ListItem","position":1,"name":"Home","item":"https:\/\/www.grandmercuredalat.com\/vi\/"},{"@type":"ListItem","position":2,"name":"Ph\u00f2ng Ngh\u1ec9 &amp; Suites","item":"https:\/\/www.grandmercuredalat.com\/vi\/rooms-suites\/"},{"@type":"ListItem","position":3,"name":"Ph\u00f2ng Executive Gi\u01b0\u1eddng King \u2013 Tr\u1ea3i Nghi\u1ec7m \u0110\u1eb7c Quy\u1ec1n Executive"}]},{"@type":"WebSite","@id":"https:\/\/www.grandmercuredalat.com\/#website","url":"https:\/\/www.grandmercuredalat.com\/","name":"Grand Mercure Dalat Resort","description":"","publisher":{"@id":"https:\/\/www.grandmercuredalat.com\/#organization"},"potentialAction":[{"@type":"SearchAction","target":{"@type":"EntryPoint","urlTemplate":"https:\/\/www.grandmercuredalat.com\/?s={search_term_string}"},"query-input":{"@type":"PropertyValueSpecification","valueRequired":true,"valueName":"search_term_string"}}],"inLanguage":"vi-VN"},{"@type":"Organization","@id":"https:\/\/www.grandmercuredalat.com\/#organization","name":"Grand Mercure Dalat Resort","url":"https:\/\/www.grandmercuredalat.com\/","logo":{"@type":"ImageObject","inLanguage":"vi-VN","@id":"https:\/\/www.grandmercuredalat.com\/#\/schema\/logo\/image\/","url":"https:\/\/www.grandmercuredalat.com\/wp-content\/uploads\/sites\/4\/2025\/10\/Pool-26.jpg","contentUrl":"https:\/\/www.grandmercuredalat.com\/wp-content\/uploads\/sites\/4\/2025\/10\/Pool-26.jpg","width":1800,"height":1200,"caption":"Grand Mercure Dalat Resort"},"image":{"@id":"https:\/\/www.grandmercuredalat.com\/#\/schema\/logo\/image\/"}}]}},"_links":{"self":[{"href":"https:\/\/www.grandmercuredalat.com\/vi\/wp-json\/wp\/v2\/pages\/326","targetHints":{"allow":["GET"]}}],"collection":[{"href":"https:\/\/www.grandmercuredalat.com\/vi\/wp-json\/wp\/v2\/pages"}],"about":[{"href":"https:\/\/www.grandmercuredalat.com\/vi\/wp-json\/wp\/v2\/types\/page"}],"author":[{"embeddable":true,"href":"https:\/\/www.grandmercuredalat.com\/vi\/wp-json\/wp\/v2\/users\/30"}],"replies":[{"embeddable":true,"href":"https:\/\/www.grandmercuredalat.com\/vi\/wp-json\/wp\/v2\/comments?post=326"}],"version-history":[{"count":0,"href":"https:\/\/www.grandmercuredalat.com\/vi\/wp-json\/wp\/v2\/pages\/326\/revisions"}],"up":[{"embeddable":true,"href":"https:\/\/www.grandmercuredalat.com\/vi\/wp-json\/wp\/v2\/pages\/249"}],"wp:attachment":[{"href":"https:\/\/www.grandmercuredalat.com\/vi\/wp-json\/wp\/v2\/media?parent=326"}],"wp:term":[{"taxonomy":"category","embeddable":true,"href":"https:\/\/www.grandmercuredalat.com\/vi\/wp-json\/wp\/v2\/categories?post=326"}],"curies":[{"name":"wp","href":"https:\/\/api.w.org\/{rel}","templated":true}]}}