{"id":303,"date":"2025-10-09T05:04:53","date_gmt":"2025-10-09T05:04:53","guid":{"rendered":"https:\/\/grandmercuredalatresort.accorv2prod2.decms.eu\/where-we-are\/"},"modified":"2026-02-17T06:19:04","modified_gmt":"2026-02-17T06:19:04","slug":"where-we-are","status":"publish","type":"page","link":"https:\/\/www.grandmercuredalat.com\/vi\/where-we-are\/","title":{"rendered":"V\u1ecb Tr\u00ed"},"content":{"rendered":"<p>Gi\u1eefa l\u00f2ng th\u00e0nh ph\u1ed1, \u1ea9n m\u00ecnh trong nh\u1eefng khu v\u01b0\u1eddn xanh ng\u00e1t, Grand Mercure Dalat Resort l\u00e0 b\u1ea3n giao h\u00f2a tinh t\u1ebf gi\u1eefa d\u1ea5u \u1ea5n ki\u1ebfn tr\u00fac qua nhi\u1ec1u th\u1eadp k\u1ef7 v\u00e0 v\u1ebb \u0111\u1eb9p huy\u1ec1n di\u1ec7u c\u1ee7a v\u0103n h\u00f3a \u2013 l\u1ecbch s\u1eed n\u01a1i cao nguy\u00ean Trung ph\u1ea7n h\u00f9ng v\u0129. H\u00e3y \u0111\u1ec3 tr\u00e1i tim b\u1ea1n l\u1ea1c b\u01b0\u1edbc gi\u1eefa n\u00e9t th\u01a1 m\u1ed9ng, s\u1ee9c s\u1ed1ng r\u1ef1c r\u1ee1 v\u00e0 chi\u1ec1u s\u00e2u l\u1ecbch s\u1eed l\u00e0m n\u00ean m\u1ed9t \u0110\u00e0 L\u1ea1t kh\u00f3 qu\u00ean.<\/p>\n<p>\u0110\u1eafm say trong h\u01b0\u01a1ng v\u1ecb \u1ea9m th\u1ef1c v\u00e0 nh\u1ecbp s\u1ed1ng c\u1ee7a Ch\u1ee3 \u0110\u00e0 L\u1ea1t, t\u00ecm v\u1ec1 kho\u1ea3nh kh\u1eafc t\u0129nh l\u1eb7ng b\u00ean h\u1ed3 Xu\u00e2n H\u01b0\u01a1ng, hay ch\u1ea1m \u0111\u1ebfn s\u1ef1 sang tr\u1ecdng thanh l\u1ecbch t\u1ea1i <strong><a href=\"https:\/\/www.grandmercuredalat.com\/vi\/places\/dalat-palace-golf-course\/\" target=\"_blank\" rel=\"noopener\">Dalat Palace Golf Course<\/a><\/strong> \u2013 t\u1ea5t c\u1ea3 ch\u1ec9 c\u00e1ch khu ngh\u1ec9 d\u01b0\u1ee1ng v\u1ecfn v\u1eb9n 10 ph\u00fat. V\u00e0 t\u1eeb s\u00e2n bay Li\u00ean Kh\u01b0\u01a1ng, b\u1ea1n s\u1ebd ch\u1ec9 m\u1ea5t 30 ph\u00fat \u0111\u1ec3 ch\u1ea1m ng\u00f5 thi\u00ean \u0111\u01b0\u1eddng m\u1ed9ng m\u01a1 n\u00e0y.<\/p>\n","protected":false},"excerpt":{"rendered":"<p>Gi\u1eefa l\u00f2ng th\u00e0nh ph\u1ed1, \u1ea9n m\u00ecnh trong nh\u1eefng khu v\u01b0\u1eddn xanh ng\u00e1t, Grand Mercure Dalat Resort l\u00e0 b\u1ea3n giao h\u00f2a tinh t\u1ebf gi\u1eefa d\u1ea5u \u1ea5n ki\u1ebfn tr\u00fac qua nhi\u1ec1u th\u1eadp k\u1ef7 v\u00e0 v\u1ebb \u0111\u1eb9p huy\u1ec1n di\u1ec7u c\u1ee7a v\u0103n h\u00f3a \u2013 l\u1ecbch s\u1eed n\u01a1i cao nguy\u00ean Trung ph\u1ea7n h\u00f9ng v\u0129. H\u00e3y \u0111\u1ec3 tr\u00e1i tim b\u1ea1n l\u1ea1c [&hellip;]<\/p>\n","protected":false},"author":30,"featured_media":543,"parent":0,"menu_order":0,"comment_status":"closed","ping_status":"closed","template":"template-location.php","meta":{"footnotes":""},"categories":[],"class_list":["post-303","page","type-page","status-publish","has-post-thumbnail","hentry"],"acf":[],"yoast_head":"<!-- This site is optimized with the Yoast SEO plugin v26.9 - https:\/\/yoast.com\/product\/yoast-seo-wordpress\/ -->\n<title>V\u1ecb tr\u00ed kh\u00e1ch s\u1ea1n | N\u1eb1m ngay trung t\u00e2m th\u00e0nh ph\u1ed1 \u0110\u00e0 L\u1ea1t<\/title>\n<meta name=\"description\" content=\"Kh\u00e1m ph\u00e1 v\u1ecb tr\u00ed tuy\u1ec7t \u0111\u1eb9p c\u1ee7a ch\u00fang t\u00f4i \u2014 \u1ea9n m\u00ecnh gi\u1eefa nh\u1eefng khu v\u01b0\u1eddn xanh m\u00e1t c\u1ee7a \u0110\u00e0 L\u1ea1t, ch\u1ec9 10 ph\u00fat \u0111\u1ebfn h\u1ed3 Xu\u00e2n H\u01b0\u01a1ng v\u00e0 Ch\u1ee3 \u0110\u00e0 L\u1ea1t.\" \/>\n<meta name=\"robots\" content=\"index, follow, max-snippet:-1, max-image-preview:large, max-video-preview:-1\" \/>\n<link rel=\"canonical\" href=\"https:\/\/www.grandmercuredalat.com\/vi\/where-we-are\/\" \/>\n<meta property=\"og:locale\" content=\"vi_VN\" \/>\n<meta property=\"og:type\" content=\"article\" \/>\n<meta property=\"og:title\" content=\"V\u1ecb tr\u00ed kh\u00e1ch s\u1ea1n | N\u1eb1m ngay trung t\u00e2m th\u00e0nh ph\u1ed1 \u0110\u00e0 L\u1ea1t\" \/>\n<meta property=\"og:description\" content=\"Kh\u00e1m ph\u00e1 v\u1ecb tr\u00ed tuy\u1ec7t \u0111\u1eb9p c\u1ee7a ch\u00fang t\u00f4i \u2014 \u1ea9n m\u00ecnh gi\u1eefa nh\u1eefng khu v\u01b0\u1eddn xanh m\u00e1t c\u1ee7a \u0110\u00e0 L\u1ea1t, ch\u1ec9 10 ph\u00fat \u0111\u1ebfn h\u1ed3 Xu\u00e2n H\u01b0\u01a1ng v\u00e0 Ch\u1ee3 \u0110\u00e0 L\u1ea1t.\" \/>\n<meta property=\"og:url\" content=\"https:\/\/www.grandmercuredalat.com\/vi\/where-we-are\/\" \/>\n<meta property=\"og:site_name\" content=\"Grand Mercure Dalat Resort\" \/>\n<meta property=\"article:modified_time\" content=\"2026-02-17T06:19:04+00:00\" \/>\n<meta property=\"og:image\" content=\"https:\/\/www.grandmercuredalat.com\/wp-content\/uploads\/sites\/4\/2025\/11\/Where-r-we.jpg\" \/>\n\t<meta property=\"og:image:width\" content=\"1300\" \/>\n\t<meta property=\"og:image:height\" content=\"716\" \/>\n\t<meta property=\"og:image:type\" content=\"image\/jpeg\" \/>\n<meta name=\"twitter:card\" content=\"summary_large_image\" \/>\n<meta name=\"twitter:label1\" content=\"Est. reading time\" \/>\n\t<meta name=\"twitter:data1\" content=\"1 minute\" \/>\n<script type=\"application\/ld+json\" class=\"yoast-schema-graph\">{\"@context\":\"https:\/\/schema.org\",\"@graph\":[{\"@type\":\"WebPage\",\"@id\":\"https:\/\/www.grandmercuredalat.com\/vi\/where-we-are\/\",\"url\":\"https:\/\/www.grandmercuredalat.com\/vi\/where-we-are\/\",\"name\":\"V\u1ecb tr\u00ed kh\u00e1ch s\u1ea1n | N\u1eb1m ngay trung t\u00e2m th\u00e0nh ph\u1ed1 \u0110\u00e0 L\u1ea1t\",\"isPartOf\":{\"@id\":\"https:\/\/www.grandmercuredalat.com\/#website\"},\"primaryImageOfPage\":{\"@id\":\"https:\/\/www.grandmercuredalat.com\/vi\/where-we-are\/#primaryimage\"},\"image\":{\"@id\":\"https:\/\/www.grandmercuredalat.com\/vi\/where-we-are\/#primaryimage\"},\"thumbnailUrl\":\"https:\/\/www.grandmercuredalat.com\/wp-content\/uploads\/sites\/4\/2025\/11\/Where-r-we.jpg\",\"datePublished\":\"2025-10-09T05:04:53+00:00\",\"dateModified\":\"2026-02-17T06:19:04+00:00\",\"description\":\"Kh\u00e1m ph\u00e1 v\u1ecb tr\u00ed tuy\u1ec7t \u0111\u1eb9p c\u1ee7a ch\u00fang t\u00f4i \u2014 \u1ea9n m\u00ecnh gi\u1eefa nh\u1eefng khu v\u01b0\u1eddn xanh m\u00e1t c\u1ee7a \u0110\u00e0 L\u1ea1t, ch\u1ec9 10 ph\u00fat \u0111\u1ebfn h\u1ed3 Xu\u00e2n H\u01b0\u01a1ng v\u00e0 Ch\u1ee3 \u0110\u00e0 L\u1ea1t.\",\"breadcrumb\":{\"@id\":\"https:\/\/www.grandmercuredalat.com\/vi\/where-we-are\/#breadcrumb\"},\"inLanguage\":\"vi-VN\",\"potentialAction\":[{\"@type\":\"ReadAction\",\"target\":[\"https:\/\/www.grandmercuredalat.com\/vi\/where-we-are\/\"]}]},{\"@type\":\"ImageObject\",\"inLanguage\":\"vi-VN\",\"@id\":\"https:\/\/www.grandmercuredalat.com\/vi\/where-we-are\/#primaryimage\",\"url\":\"https:\/\/www.grandmercuredalat.com\/wp-content\/uploads\/sites\/4\/2025\/11\/Where-r-we.jpg\",\"contentUrl\":\"https:\/\/www.grandmercuredalat.com\/wp-content\/uploads\/sites\/4\/2025\/11\/Where-r-we.jpg\",\"width\":1300,\"height\":716,\"caption\":\"Kh\u00e1ch s\u1ea1n 5 sao t\u1ea1i \u0110\u00e0 L\u1ea1t\"},{\"@type\":\"BreadcrumbList\",\"@id\":\"https:\/\/www.grandmercuredalat.com\/vi\/where-we-are\/#breadcrumb\",\"itemListElement\":[{\"@type\":\"ListItem\",\"position\":1,\"name\":\"Home\",\"item\":\"https:\/\/www.grandmercuredalat.com\/vi\/\"},{\"@type\":\"ListItem\",\"position\":2,\"name\":\"V\u1ecb Tr\u00ed\"}]},{\"@type\":\"WebSite\",\"@id\":\"https:\/\/www.grandmercuredalat.com\/#website\",\"url\":\"https:\/\/www.grandmercuredalat.com\/\",\"name\":\"Grand Mercure Dalat Resort\",\"description\":\"\",\"publisher\":{\"@id\":\"https:\/\/www.grandmercuredalat.com\/#organization\"},\"potentialAction\":[{\"@type\":\"SearchAction\",\"target\":{\"@type\":\"EntryPoint\",\"urlTemplate\":\"https:\/\/www.grandmercuredalat.com\/?s={search_term_string}\"},\"query-input\":{\"@type\":\"PropertyValueSpecification\",\"valueRequired\":true,\"valueName\":\"search_term_string\"}}],\"inLanguage\":\"vi-VN\"},{\"@type\":\"Organization\",\"@id\":\"https:\/\/www.grandmercuredalat.com\/#organization\",\"name\":\"Grand Mercure Dalat Resort\",\"url\":\"https:\/\/www.grandmercuredalat.com\/\",\"logo\":{\"@type\":\"ImageObject\",\"inLanguage\":\"vi-VN\",\"@id\":\"https:\/\/www.grandmercuredalat.com\/#\/schema\/logo\/image\/\",\"url\":\"https:\/\/www.grandmercuredalat.com\/wp-content\/uploads\/sites\/4\/2025\/10\/Pool-26.jpg\",\"contentUrl\":\"https:\/\/www.grandmercuredalat.com\/wp-content\/uploads\/sites\/4\/2025\/10\/Pool-26.jpg\",\"width\":1800,\"height\":1200,\"caption\":\"Grand Mercure Dalat Resort\"},\"image\":{\"@id\":\"https:\/\/www.grandmercuredalat.com\/#\/schema\/logo\/image\/\"}}]}<\/script>\n<!-- \/ Yoast SEO plugin. -->","yoast_head_json":{"title":"V\u1ecb tr\u00ed kh\u00e1ch s\u1ea1n | N\u1eb1m ngay trung t\u00e2m th\u00e0nh ph\u1ed1 \u0110\u00e0 L\u1ea1t","description":"Kh\u00e1m ph\u00e1 v\u1ecb tr\u00ed tuy\u1ec7t \u0111\u1eb9p c\u1ee7a ch\u00fang t\u00f4i \u2014 \u1ea9n m\u00ecnh gi\u1eefa nh\u1eefng khu v\u01b0\u1eddn xanh m\u00e1t c\u1ee7a \u0110\u00e0 L\u1ea1t, ch\u1ec9 10 ph\u00fat \u0111\u1ebfn h\u1ed3 Xu\u00e2n H\u01b0\u01a1ng v\u00e0 Ch\u1ee3 \u0110\u00e0 L\u1ea1t.","robots":{"index":"index","follow":"follow","max-snippet":"max-snippet:-1","max-image-preview":"max-image-preview:large","max-video-preview":"max-video-preview:-1"},"canonical":"https:\/\/www.grandmercuredalat.com\/vi\/where-we-are\/","og_locale":"vi_VN","og_type":"article","og_title":"V\u1ecb tr\u00ed kh\u00e1ch s\u1ea1n | N\u1eb1m ngay trung t\u00e2m th\u00e0nh ph\u1ed1 \u0110\u00e0 L\u1ea1t","og_description":"Kh\u00e1m ph\u00e1 v\u1ecb tr\u00ed tuy\u1ec7t \u0111\u1eb9p c\u1ee7a ch\u00fang t\u00f4i \u2014 \u1ea9n m\u00ecnh gi\u1eefa nh\u1eefng khu v\u01b0\u1eddn xanh m\u00e1t c\u1ee7a \u0110\u00e0 L\u1ea1t, ch\u1ec9 10 ph\u00fat \u0111\u1ebfn h\u1ed3 Xu\u00e2n H\u01b0\u01a1ng v\u00e0 Ch\u1ee3 \u0110\u00e0 L\u1ea1t.","og_url":"https:\/\/www.grandmercuredalat.com\/vi\/where-we-are\/","og_site_name":"Grand Mercure Dalat Resort","article_modified_time":"2026-02-17T06:19:04+00:00","og_image":[{"width":1300,"height":716,"url":"https:\/\/www.grandmercuredalat.com\/wp-content\/uploads\/sites\/4\/2025\/11\/Where-r-we.jpg","type":"image\/jpeg"}],"twitter_card":"summary_large_image","twitter_misc":{"Est. reading time":"1 minute"},"schema":{"@context":"https:\/\/schema.org","@graph":[{"@type":"WebPage","@id":"https:\/\/www.grandmercuredalat.com\/vi\/where-we-are\/","url":"https:\/\/www.grandmercuredalat.com\/vi\/where-we-are\/","name":"V\u1ecb tr\u00ed kh\u00e1ch s\u1ea1n | N\u1eb1m ngay trung t\u00e2m th\u00e0nh ph\u1ed1 \u0110\u00e0 L\u1ea1t","isPartOf":{"@id":"https:\/\/www.grandmercuredalat.com\/#website"},"primaryImageOfPage":{"@id":"https:\/\/www.grandmercuredalat.com\/vi\/where-we-are\/#primaryimage"},"image":{"@id":"https:\/\/www.grandmercuredalat.com\/vi\/where-we-are\/#primaryimage"},"thumbnailUrl":"https:\/\/www.grandmercuredalat.com\/wp-content\/uploads\/sites\/4\/2025\/11\/Where-r-we.jpg","datePublished":"2025-10-09T05:04:53+00:00","dateModified":"2026-02-17T06:19:04+00:00","description":"Kh\u00e1m ph\u00e1 v\u1ecb tr\u00ed tuy\u1ec7t \u0111\u1eb9p c\u1ee7a ch\u00fang t\u00f4i \u2014 \u1ea9n m\u00ecnh gi\u1eefa nh\u1eefng khu v\u01b0\u1eddn xanh m\u00e1t c\u1ee7a \u0110\u00e0 L\u1ea1t, ch\u1ec9 10 ph\u00fat \u0111\u1ebfn h\u1ed3 Xu\u00e2n H\u01b0\u01a1ng v\u00e0 Ch\u1ee3 \u0110\u00e0 L\u1ea1t.","breadcrumb":{"@id":"https:\/\/www.grandmercuredalat.com\/vi\/where-we-are\/#breadcrumb"},"inLanguage":"vi-VN","potentialAction":[{"@type":"ReadAction","target":["https:\/\/www.grandmercuredalat.com\/vi\/where-we-are\/"]}]},{"@type":"ImageObject","inLanguage":"vi-VN","@id":"https:\/\/www.grandmercuredalat.com\/vi\/where-we-are\/#primaryimage","url":"https:\/\/www.grandmercuredalat.com\/wp-content\/uploads\/sites\/4\/2025\/11\/Where-r-we.jpg","contentUrl":"https:\/\/www.grandmercuredalat.com\/wp-content\/uploads\/sites\/4\/2025\/11\/Where-r-we.jpg","width":1300,"height":716,"caption":"Kh\u00e1ch s\u1ea1n 5 sao t\u1ea1i \u0110\u00e0 L\u1ea1t"},{"@type":"BreadcrumbList","@id":"https:\/\/www.grandmercuredalat.com\/vi\/where-we-are\/#breadcrumb","itemListElement":[{"@type":"ListItem","position":1,"name":"Home","item":"https:\/\/www.grandmercuredalat.com\/vi\/"},{"@type":"ListItem","position":2,"name":"V\u1ecb Tr\u00ed"}]},{"@type":"WebSite","@id":"https:\/\/www.grandmercuredalat.com\/#website","url":"https:\/\/www.grandmercuredalat.com\/","name":"Grand Mercure Dalat Resort","description":"","publisher":{"@id":"https:\/\/www.grandmercuredalat.com\/#organization"},"potentialAction":[{"@type":"SearchAction","target":{"@type":"EntryPoint","urlTemplate":"https:\/\/www.grandmercuredalat.com\/?s={search_term_string}"},"query-input":{"@type":"PropertyValueSpecification","valueRequired":true,"valueName":"search_term_string"}}],"inLanguage":"vi-VN"},{"@type":"Organization","@id":"https:\/\/www.grandmercuredalat.com\/#organization","name":"Grand Mercure Dalat Resort","url":"https:\/\/www.grandmercuredalat.com\/","logo":{"@type":"ImageObject","inLanguage":"vi-VN","@id":"https:\/\/www.grandmercuredalat.com\/#\/schema\/logo\/image\/","url":"https:\/\/www.grandmercuredalat.com\/wp-content\/uploads\/sites\/4\/2025\/10\/Pool-26.jpg","contentUrl":"https:\/\/www.grandmercuredalat.com\/wp-content\/uploads\/sites\/4\/2025\/10\/Pool-26.jpg","width":1800,"height":1200,"caption":"Grand Mercure Dalat Resort"},"image":{"@id":"https:\/\/www.grandmercuredalat.com\/#\/schema\/logo\/image\/"}}]}},"_links":{"self":[{"href":"https:\/\/www.grandmercuredalat.com\/vi\/wp-json\/wp\/v2\/pages\/303","targetHints":{"allow":["GET"]}}],"collection":[{"href":"https:\/\/www.grandmercuredalat.com\/vi\/wp-json\/wp\/v2\/pages"}],"about":[{"href":"https:\/\/www.grandmercuredalat.com\/vi\/wp-json\/wp\/v2\/types\/page"}],"author":[{"embeddable":true,"href":"https:\/\/www.grandmercuredalat.com\/vi\/wp-json\/wp\/v2\/users\/30"}],"replies":[{"embeddable":true,"href":"https:\/\/www.grandmercuredalat.com\/vi\/wp-json\/wp\/v2\/comments?post=303"}],"version-history":[{"count":0,"href":"https:\/\/www.grandmercuredalat.com\/vi\/wp-json\/wp\/v2\/pages\/303\/revisions"}],"wp:featuredmedia":[{"embeddable":true,"href":"https:\/\/www.grandmercuredalat.com\/vi\/wp-json\/wp\/v2\/media\/543"}],"wp:attachment":[{"href":"https:\/\/www.grandmercuredalat.com\/vi\/wp-json\/wp\/v2\/media?parent=303"}],"wp:term":[{"taxonomy":"category","embeddable":true,"href":"https:\/\/www.grandmercuredalat.com\/vi\/wp-json\/wp\/v2\/categories?post=303"}],"curies":[{"name":"wp","href":"https:\/\/api.w.org\/{rel}","templated":true}]}}