{"id":300,"date":"2025-10-09T04:28:43","date_gmt":"2025-10-09T04:28:43","guid":{"rendered":"https:\/\/grandmercuredalatresort.accorv2prod2.decms.eu\/weddings\/"},"modified":"2026-04-03T02:55:31","modified_gmt":"2026-04-03T02:55:31","slug":"weddings","status":"publish","type":"page","link":"https:\/\/www.grandmercuredalat.com\/vi\/weddings\/","title":{"rendered":"Ti\u1ec7c C\u01b0\u1edbi"},"content":{"rendered":"<p>H\u00e3y th\u00ec th\u1ea7m \u201cEm \u0111\u1ed3ng \u00fd\u201d gi\u1eefa khung c\u1ea3nh tuy\u1ec7t \u0111\u1eb9p c\u1ee7a Grand Mercure \u0110\u00e0 L\u1ea1t. V\u1edbi t\u1ea7m nh\u00ecn ngo\u1ea1n m\u1ee5c, khu v\u01b0\u1eddn nhi\u1ec7t \u0111\u1edbi xanh m\u01b0\u1edbt v\u00e0 b\u1ea7u kh\u00f4ng kh\u00ed y\u00ean b\u00ecnh, n\u01a1i \u0111\u00e2y l\u00e0 l\u1ef1a ch\u1ecdn ho\u00e0n h\u1ea3o cho m\u1ecdi <strong>ti\u1ec7c c\u01b0\u1edbi t\u1ea1i \u0110\u00e0 L\u1ea1t<\/strong>. D\u00f9 l\u00e0 m\u1ed9t nghi l\u1ec5 th\u00e2n m\u1eadt trong khu v\u01b0\u1eddn hay m\u1ed9t bu\u1ed5i ti\u1ec7c xa hoa t\u1ea1i <strong><a href=\"https:\/\/www.grandmercuredalat.com\/vi\/meetings-events\/\" target=\"_blank\" rel=\"noopener\">ph\u00f2ng y\u1ebfn ti\u1ec7c<\/a><\/strong> tr\u00e1ng l\u1ec7, ch\u00fang t\u00f4i s\u1ebd bi\u1ebfn gi\u1ea5c m\u01a1 c\u1ee7a b\u1ea1n th\u00e0nh hi\u1ec7n th\u1ef1c b\u1eb1ng t\u1ea5t c\u1ea3 s\u1ef1 tinh t\u1ebf v\u00e0 t\u1eadn t\u00e2m.<\/p>\n<p>T\u1eeb nh\u1eefng \u0111\u00f3a hoa \u0111\u01b0\u1ee3c thi\u1ebft k\u1ebf ri\u00eang, \u0111\u1ebfn \u1ea9m th\u1ef1c tuy\u1ec7t h\u1ea3o, t\u1eebng chi ti\u1ebft \u0111\u1ec1u \u0111\u01b0\u1ee3c ch\u0103m ch\u00fat \u0111\u1ec3 mang \u0111\u1ebfn m\u1ed9t tr\u1ea3i nghi\u1ec7m kh\u00f3 qu\u00ean cho b\u1ea1n v\u00e0 nh\u1eefng v\u1ecb kh\u00e1ch y\u00eau th\u01b0\u01a1ng.<\/p>\n<p>T\u1ea1i <strong>Grand Mercure Dalat Resort<\/strong>, c\u00e2u chuy\u1ec7n t\u00ecnh y\u00eau c\u1ee7a b\u1ea1n ch\u00ednh l\u00e0 trung t\u00e2m. V\u1edbi s\u1ef1 \u0111\u1ed3ng h\u00e0nh c\u1ee7a \u0111\u1ed9i ng\u0169 chuy\u00ean nghi\u1ec7p, ng\u00e0y tr\u1ecdng \u0111\u1ea1i c\u1ee7a b\u1ea1n s\u1ebd tr\u1ecdn v\u1eb9n thanh l\u1ecbch, l\u00e3ng m\u1ea1n v\u00e0 duy nh\u1ea5t ch\u1ec9 d\u00e0nh ri\u00eang cho b\u1ea1n.<\/p>\n<p>&nbsp;<\/p>\n<p><img decoding=\"async\" class=\"aligncenter\" src=\"https:\/\/www.grandmercuredalat.com\/wp-content\/uploads\/sites\/4\/2025\/10\/La-Fontaine-Garden-Wedding.jpg\" alt=\"\u0110\u00e1m c\u01b0\u1edbi \u0110\u00e0 L\u1ea1t\" width=\"100%\" \/><\/p>\n<p>&nbsp;<\/p>\n<h2>N\u00f3i l\u1eddi \u2018\u0110\u1ed3ng \u00dd\u2019 gi\u1eefa \u0110\u00e0 L\u1ea1t: H\u00f4n l\u1ec5 trong m\u01a1 \u0111ang ch\u1edd \u0111\u00f3n b\u1ea1n<\/h2>\n<p>\u1ea8n m\u00ecnh gi\u1eefa v\u00f9ng cao nguy\u00ean m\u1edd s\u01b0\u01a1ng c\u1ee7a \u0110\u00e0 L\u1ea1t, n\u01a1i \u0111\u00e2y m\u1edf ra m\u1ed9t khung c\u1ea3nh \u0111\u1ea7y m\u00ea ho\u1eb7c cho nh\u1eefng c\u1eb7p \u0111\u00f4i \u0111ang t\u00ecm ki\u1ebfm m\u1ed9t ti\u1ec7c c\u01b0\u1edbi t\u1ea1i \u0110\u00e0 L\u1ea1t ho\u00e0n h\u1ea3o, n\u01a1i v\u1ebb \u0111\u1eb9p thi\u00ean nhi\u00ean h\u00f2a quy\u1ec7n c\u00f9ng s\u1ef1 tinh t\u1ebf sang tr\u1ecdng. Kh\u00f4ng kh\u00ed se l\u1ea1nh d\u1ecbu nh\u1eb9, nh\u1eefng r\u1eebng th\u00f4ng b\u1ea1t ng\u00e0n c\u00f9ng n\u00e9t ki\u1ebfn tr\u00fac Ph\u00e1p c\u1ed5 \u0111i\u1ec3n t\u1ea1o n\u00ean m\u1ed9t kh\u00f4ng gian l\u00e3ng m\u1ea1n v\u01b0\u1ee3t th\u1eddi gian, l\u00fd t\u01b0\u1edfng \u0111\u1ec3 vi\u1ebft n\u00ean c\u00e2u chuy\u1ec7n t\u00ecnh y\u00eau c\u1ee7a ri\u00eang b\u1ea1n.<\/p>\n<p>T\u1ea1i Grand Mercure Dalat Resort, ch\u00fang t\u00f4i tin r\u1eb1ng ng\u00e0y c\u01b0\u1edbi kh\u00f4ng ch\u1ec9 \u0111\u01a1n thu\u1ea7n l\u00e0 m\u1ed9t s\u1ef1 ki\u1ec7n, m\u00e0 \u0111\u00f3 l\u00e0 kho\u1ea3nh kh\u1eafc \u0111\u00e1ng tr\u00e2n qu\u00fd, l\u00e0 k\u00fd \u1ee9c \u0111\u01b0\u1ee3c n\u00e2ng niu v\u00e0 l\u01b0u gi\u1eef tr\u1ecdn \u0111\u1eddi. M\u1ed7i chi ti\u1ebft \u0111\u1ec1u \u0111\u01b0\u1ee3c ch\u0103m ch\u00fat t\u1ec9 m\u1ec9, m\u1ed7i kh\u00f4ng gian \u0111\u1ec1u \u0111\u01b0\u1ee3c thi\u1ebft k\u1ebf \u0111\u1ec3 ph\u1ea3n chi\u1ebfu h\u00e0nh tr\u00ecnh y\u00eau th\u01b0\u01a1ng \u0111\u1ed9c nh\u1ea5t c\u1ee7a hai b\u1ea1n. H\u00e3y \u0111\u1ec3 ch\u00fang t\u00f4i hi\u1ec7n th\u1ef1c h\u00f3a gi\u1ea5c m\u01a1 \u1ea5y v\u1edbi nh\u1eefng g\u00f3i c\u01b0\u1edbi \u0111\u01b0\u1ee3c tuy\u1ec3n ch\u1ecdn tinh t\u1ebf c\u00f9ng \u0111\u1ed9i ng\u0169 chuy\u00ean gia t\u1eadn t\u00e2m.<\/p>\n<h2>V\u00ec sao n\u00ean ch\u1ecdn Grand Mercure Dalat l\u00e0m \u0111i\u1ec3m \u0111\u1ebfn cho h\u00f4n l\u1ec5 c\u1ee7a b\u1ea1n?<\/h2>\n<p>T\u1eeb nh\u1eefng b\u01b0\u1edbc chu\u1ea9n b\u1ecb \u0111\u1ea7u ti\u00ean cho \u0111\u1ebfn ly r\u01b0\u1ee3u n\u00e2ng ch\u00fac cu\u1ed1i c\u00f9ng trong bu\u1ed5i ti\u1ec7c, \u0111\u1ed9i ng\u0169 t\u1ea1i Grand Mercure Dalat Resort lu\u00f4n \u0111\u1ed3ng h\u00e0nh \u0111\u1ec3 \u0111\u1ea3m b\u1ea3o t\u1eebng kho\u1ea3nh kh\u1eafc trong ng\u00e0y tr\u1ecdng \u0111\u1ea1i c\u1ee7a b\u1ea1n di\u1ec5n ra ho\u00e0n h\u1ea3o v\u00e0 tr\u1ecdn v\u1eb9n nh\u1ea5t.<\/p>\n<p><img decoding=\"async\" class=\"aligncenter\" src=\"https:\/\/www.grandmercuredalat.com\/wp-content\/uploads\/sites\/4\/2025\/11\/Lavender-Garden-1.jpg\" alt=\"\u0110\u1ecba \u0111i\u1ec3m t\u1ed5 ch\u1ee9c ti\u1ec7c c\u01b0\u1edbi t\u1ea1i \u0110\u00e0 L\u1ea1t\" width=\"100%\" \/><\/p>\n<h3>Kh\u00f4ng gian ti\u1ec7c c\u01b0\u1edbi \u0111a d\u1ea1ng<\/h3>\n<p>D\u00f9 b\u1ea1n m\u01a1 v\u1ec1 m\u1ed9t bu\u1ed5i l\u1ec5 \u1ea5m c\u00fang ri\u00eang t\u01b0 hay m\u1ed9t \u0111\u1ea1i ti\u1ec7c l\u1ed9ng l\u1eaby, <strong><a href=\"https:\/\/www.grandmercuredalat.com\/vi\/meetings-events\/\" target=\"_blank\" rel=\"noopener\">c\u00e1c kh\u00f4ng gian t\u1ed5 ch\u1ee9c ti\u1ec7c c\u01b0\u1edbi<\/a><\/strong> t\u1ea1i Grand Mercure Dalat Resort lu\u00f4n s\u1eb5n s\u00e0ng hi\u1ec7n th\u1ef1c h\u00f3a t\u1ea7m nh\u00ecn c\u1ee7a b\u1ea1n. M\u1ed7i \u0111\u1ecba \u0111i\u1ec3m \u0111\u1ec1u c\u00f3 th\u1ec3 \u0111\u01b0\u1ee3c \u201c\u0111o ni \u0111\u00f3ng gi\u00e0y\u201d theo phong c\u00e1ch mong mu\u1ed1n. Chu\u1ea9n ch\u1ec9nh t\u1eeb n\u00e9t thanh l\u1ecbch c\u1ed5 \u0111i\u1ec3n \u0111\u1ebfn v\u1ebb \u0111\u1eb9p tinh t\u1ebf \u0111\u01b0\u01a1ng \u0111\u1ea1i \u0111\u1ec3 l\u1ec5 c\u01b0\u1edbi ph\u1ea3n chi\u1ebfu tr\u1ecdn v\u1eb9n d\u1ea5u \u1ea5n c\u00e1 nh\u00e2n c\u1ee7a hai b\u1ea1n.<\/p>\n<h3>Kh\u00f4ng gian l\u00e3ng m\u1ea1n n\u00ean th\u01a1<\/h3>\n<p>V\u1ebb \u0111\u1eb9p t\u1ef1 nhi\u00ean c\u1ee7a \u0110\u00e0 L\u1ea1t mang \u0111\u1ebfn m\u1ed9t khung c\u1ea3nh kh\u00f4ng th\u1ec3 s\u00e1nh b\u1eb1ng cho ng\u00e0y tr\u1ecdng \u0111\u1ea1i. H\u00e3y t\u01b0\u1edfng t\u01b0\u1ee3ng kho\u1ea3nh kh\u1eafc b\u1ea1n trao l\u1eddi th\u1ec1 nguy\u1ec7n gi\u1eefa khu v\u01b0\u1eddn xanh m\u01b0\u1edbt, bao quanh b\u1edfi n\u00fai \u0111\u1ed3i h\u00f9ng v\u0129, n\u01a1i l\u00e0n gi\u00f3 cao nguy\u00ean d\u1ecbu nh\u1eb9 tr\u1edf th\u00e0nh \u201cnh\u00e2n ch\u1ee9ng\u201d cho t\u00ecnh y\u00eau. Thi\u1ebft k\u1ebf c\u1ee7a kh\u00e1ch s\u1ea1n h\u00f2a quy\u1ec7n ho\u00e0n h\u1ea3o v\u1edbi thi\u00ean nhi\u00ean, t\u1ea1o n\u00ean b\u1ea7u kh\u00f4ng kh\u00ed l\u00e3ng m\u1ea1n v\u00e0 tinh t\u1ebf xuy\u00ean su\u1ed1t bu\u1ed5i l\u1ec5.<\/p>\n<h3>S\u1ee9c ch\u1ee9a linh ho\u1ea1t<\/h3>\n<p>\u0110\u1ed9i ng\u0169 chuy\u00ean gia l\u00ean k\u1ebf ho\u1ea1ch cho ti\u1ec7c c\u01b0\u1edbi c\u1ee7a ch\u00fang t\u00f4i s\u1ebd \u0111\u1ed3ng h\u00e0nh c\u00f9ng b\u1ea1n \u0111\u1ec3 b\u1ed1 tr\u00ed kh\u00f4ng gian ph\u00f9 h\u1ee3p v\u1edbi danh s\u00e1ch kh\u00e1ch m\u1eddi l\u00ean \u0111\u1ebfn 200 ng\u01b0\u1eddi. T\u1eeb l\u1ec5 c\u01b0\u1edbi ngo\u00e0i tr\u1eddi \u1ea5m c\u00fang \u0111\u1ebfn ti\u1ec7c chi\u00eau \u0111\u00e3i sang tr\u1ecdng trong ph\u00f2ng ballroom \u0111\u1eb3ng c\u1ea5p, m\u1ecdi nhu c\u1ea7u \u0111\u1ec1u \u0111\u01b0\u1ee3c \u0111\u00e1p \u1ee9ng m\u1ed9t c\u00e1ch linh ho\u1ea1t v\u00e0 ho\u00e0n m\u1ef9.<\/p>\n<h3>Chuy\u00ean gia l\u00ean k\u1ebf ho\u1ea1ch ti\u1ec7c c\u01b0\u1edbi chuy\u00ean nghi\u1ec7p<\/h3>\n<p>Chuy\u00ean gia l\u00ean k\u1ebf ho\u1ea1ch ti\u1ec7c c\u01b0\u1edbi ri\u00eang t\u01b0 c\u1ee7a b\u1ea1n s\u1ebd l\u00e0 ng\u01b0\u1eddi b\u1ea1n \u0111\u1ed3ng h\u00e0nh xuy\u00ean su\u1ed1t h\u00e0nh tr\u00ecnh chu\u1ea9n b\u1ecb. V\u1edbi kinh nghi\u1ec7m t\u1ed5 ch\u1ee9c nh\u1eefng s\u1ef1 ki\u1ec7n ho\u00e0n h\u1ea3o c\u00f9ng s\u1ef1 t\u1ec9 m\u1ec9 trong t\u1eebng chi ti\u1ebft, k\u1ebft h\u1ee3p v\u1edbi \u0111\u1ed9i ng\u0169 k\u1ef9 thu\u1eadt chuy\u00ean nghi\u1ec7p, m\u1ecdi kho\u1ea3nh kh\u1eafc trong ng\u00e0y c\u01b0\u1edbi c\u1ee7a b\u1ea1n s\u1ebd \u0111\u01b0\u1ee3c ch\u0103m ch\u00fat chu to\u00e0n v\u00e0 tr\u1ecdn v\u1eb9n nh\u1ea5t.<\/p>\n<h3>Tr\u1ea3i nghi\u1ec7m cho kh\u00e1ch h\u00e0ng<\/h3>\n<p>Nh\u1eefng ng\u01b0\u1eddi th\u00e2n y\u00eau c\u1ee7a b\u1ea1n x\u1ee9ng \u0111\u00e1ng \u0111\u01b0\u1ee3c t\u1eadn h\u01b0\u1edfng k\u1ef3 ngh\u1ec9 \u0111\u00e1ng nh\u1edb kh\u00f4ng k\u00e9m ng\u00e0y c\u01b0\u1edbi. T\u1ea1i Grand Mercure Dalat Resort, ch\u00fang t\u00f4i d\u00e0nh t\u1eb7ng \u01b0u \u0111\u00e3i 20% gi\u00e1 ph\u00f2ng cho kh\u00e1ch tham d\u1ef1 ti\u1ec7c c\u01b0\u1edbi, gi\u00fap h\u1ecd d\u1ec5 d\u00e0ng h\u00f2a m\u00ecnh v\u00e0o kh\u00f4ng kh\u00ed l\u1ec5 h\u1ed9i m\u00e0 kh\u00f4ng ph\u1ea3i lo l\u1eafng v\u1ec1 vi\u1ec7c di chuy\u1ec3n. L\u01b0u tr\u00fa ngay t\u1ea1i <strong><a href=\"https:\/\/www.grandmercuredalat.com\/vi\/khach-san-tai-da-lat\/5-star-hotel-in-dalat\/\" target=\"_blank\" rel=\"noopener\">kh\u00e1ch s\u1ea1n 5 sao t\u1ea1i \u0110\u00e0 L\u1ea1t<\/a><\/strong> kh\u00f4ng ch\u1ec9 mang l\u1ea1i s\u1ef1 ti\u1ec7n nghi m\u00e0 c\u00f2n gi\u00fap m\u1ecdi ng\u01b0\u1eddi c\u00f3 th\u00eam th\u1eddi gian b\u00ean nhau, t\u1eadn h\u01b0\u1edfng t\u1eebng kho\u1ea3nh kh\u1eafc \u0111\u00e1ng gi\u00e1.<\/p>\n<h2>G\u00f3i ti\u1ec7c c\u01b0\u1edbi v\u01b0\u1ee3t tr\u00ean m\u1ecdi k\u1ef3 v\u1ecdng<\/h2>\n<p><img decoding=\"async\" class=\"aligncenter\" src=\"https:\/\/www.grandmercuredalat.com\/wp-content\/uploads\/sites\/4\/2025\/10\/Wedding-18.jpg\" alt=\"G\u00f3i \u01b0u \u0111\u00e3i ti\u1ec7c c\u01b0\u1edbi \u0110\u00e0 L\u1ea1t\" width=\"100%\" \/><\/p>\n<p>H\u00e3y l\u1ef1a ch\u1ecdn gi\u1eefa g\u00f3i &#8220;Gold&#8221; ho\u1eb7c g\u00f3i &#8220;Diamond&#8221; t\u1ea1i Grand Mercure Dalat Resort, m\u1ed7i g\u00f3i \u0111\u01b0\u1ee3c thi\u1ebft k\u1ebf tinh t\u1ebf nh\u1eb1m mang \u0111\u1ebfn tr\u1ecdn v\u1eb9n nh\u1eefng g\u00ec b\u1ea1n c\u1ea7n cho m\u1ed9t l\u1ec5 c\u01b0\u1edbi \u0111\u00e1ng nh\u1edb t\u1ea1i \u0110\u00e0 L\u1ea1t. C\u1ea3 hai g\u00f3i \u0111\u1ec1u bao g\u1ed3m:<\/p>\n<ul>\n<li style=\"text-align: left\">C\u1ed5ng hoa sang tr\u1ecdng c\u00f9ng b\u00e0n gallery tinh t\u1ebf, t\u1ea1o \u0111i\u1ec3m nh\u1ea5n ho\u00e0n h\u1ea3o cho nghi th\u1ee9c c\u01b0\u1edbi<\/li>\n<li style=\"text-align: left\">Hoa t\u01b0\u01a1i \u0111\u01b0\u1ee3c b\u00e0i tr\u00ed trang nh\u00e3 tr\u00ean t\u1eebng b\u00e0n ti\u1ec7c<\/li>\n<li style=\"text-align: left\">Nghi th\u1ee9c khai r\u01b0\u1ee3u v\u1edbi l\u1ef1a ch\u1ecdn: th\u00e1p champagne (2 chai) ho\u1eb7c nghi l\u1ec5 t\u01b0\u1edbi c\u00e2y \u00fd ngh\u0129a (1 c\u00e2y)<\/li>\n<li style=\"text-align: left\">Ti\u1ec7c nh\u1eb9 tr\u01b0\u1edbc l\u1ec5 d\u00e0nh ri\u00eang cho c\u00f4 d\u00e2u ch\u00fa r\u1ec3<\/li>\n<li style=\"text-align: left\">MC chuy\u00ean nghi\u1ec7p d\u1eabn d\u1eaft bu\u1ed5i ti\u1ec7c v\u1edbi phong th\u00e1i thanh l\u1ecbch<\/li>\n<li style=\"text-align: left\">Bi\u1ec3u di\u1ec5n saxophone v\u00e0 piano tr\u1ef1c ti\u1ebfp, mang \u0111\u1ebfn kh\u00f4ng gian \u0111\u1ea7y m\u00ea ho\u1eb7c<\/li>\n<li style=\"text-align: left\">M\u00e0n h\u00ecnh LED tr\u00ecnh chi\u1ebfu nh\u1eefng kho\u1ea3nh kh\u1eafc v\u00e0 k\u1ef7 ni\u1ec7m \u0111\u00e1ng nh\u1edb c\u1ee7a hai b\u1ea1n<\/li>\n<li style=\"text-align: left\">\u01afu \u0111\u00e3i 10% cho bu\u1ed5i th\u1eed th\u1ef1c \u0111\u01a1n c\u01b0\u1edbi<\/li>\n<li style=\"text-align: left\">Qu\u1ea7y sparkling wine mi\u1ec5n ph\u00ed ph\u1ee5c v\u1ee5 kh\u00e1ch m\u1eddi<\/li>\n<li style=\"text-align: left\">Bu\u1ed5i ch\u1ee5p h\u00ecnh mi\u1ec5n ph\u00ed cho c\u1eb7p \u0111\u00f4i t\u1ea1i c\u00e1c g\u00f3c c\u1ea3nh quan tuy\u1ec7t \u0111\u1eb9p trong khu ngh\u1ec9 d\u01b0\u1ee1ng<\/li>\n<li style=\"text-align: left\">01 \u0111\u00eam ngh\u1ec9 <strong><a href=\"https:\/\/www.grandmercuredalat.com\/vi\/rooms-suites\/deluxe-king\/\" target=\"_blank\" rel=\"noopener\">ph\u00f2ng Deluxe<\/a><\/strong> d\u00e0nh t\u1eb7ng cho c\u1eb7p \u0111\u00f4i t\u00e2n h\u00f4n<\/li>\n<li style=\"text-align: left\">\u01afu \u0111\u00e3i 15% d\u1ecbch v\u1ee5 spa gi\u00fap b\u1ea1n th\u01b0 gi\u00e3n tr\u01b0\u1edbc ho\u1eb7c sau ng\u00e0y c\u01b0\u1edbi<\/li>\n<li style=\"text-align: left\">T\u1eb7ng 01 b\u00e0n ti\u1ec7c trong bu\u1ed5i chi\u00eau \u0111\u00e3i<\/li>\n<\/ul>\n<p>Ngo\u00e0i ra, c\u00e1c g\u00f3i trang tr\u00ed b\u1ed5 sung s\u1ebd gi\u00fap b\u1ea1n c\u00e1 nh\u00e2n h\u00f3a t\u1eebng chi ti\u1ebft th\u1ecb gi\u00e1c, \u0111\u1ec3 kh\u00f4ng gian ti\u1ec7c c\u01b0\u1edbi mang \u0111\u1eadm d\u1ea5u \u1ea5n ri\u00eang bi\u1ec7t v\u00e0 phong c\u00e1ch c\u1ee7a ch\u00ednh b\u1ea1n.<\/p>\n<h3 style=\"text-align: center\">Kh\u1edfi \u0111\u1ea7u h\u00e0nh tr\u00ecnh v\u0129nh c\u1eedu t\u1ea1i tr\u00e1i tim \u0110\u00e0 L\u1ea1t<\/h3>\n<p>Ng\u00e0y c\u01b0\u1edbi kh\u00f4ng ch\u1ec9 l\u00e0 m\u1ed9t c\u1ed9t m\u1ed1c, m\u00e0 \u0111\u00f3 l\u00e0 kh\u1edfi \u0111\u1ea7u cho h\u00e0nh tr\u00ecnh y\u00eau th\u01b0\u01a1ng d\u00e0i l\u00e2u. T\u1ea1i<strong> <a href=\"https:\/\/www.grandmercuredalat.com\/vi\/\" target=\"_blank\" rel=\"noopener\">Grand Mercure Dalat Resort<\/a><\/strong>, ch\u00fang t\u00f4i vinh d\u1ef1 \u0111\u01b0\u1ee3c \u0111\u1ed3ng h\u00e0nh c\u00f9ng b\u1ea1n trong kho\u1ea3nh kh\u1eafc \u00fd ngh\u0129a n\u00e0y, ki\u1ebfn t\u1ea1o n\u00ean m\u1ed9t tr\u1ea3i nghi\u1ec7m \u0111\u00e1ng nh\u1edb m\u00e0 b\u1ea1n v\u00e0 nh\u1eefng ng\u01b0\u1eddi th\u00e2n y\u00eau s\u1ebd tr\u00e2n qu\u00fd theo n\u0103m th\u00e1ng.<\/p>\n<p>H\u00e3y li\u00ean h\u1ec7 v\u1edbi \u0111\u1ed9i ng\u0169 chuy\u00ean gia ti\u1ec7c c\u01b0\u1edbi c\u1ee7a ch\u00fang t\u00f4i ngay h\u00f4m nay \u0111\u1ec3 kh\u00e1m ph\u00e1 c\u00e1ch ch\u00fang t\u00f4i c\u00f3 th\u1ec3 hi\u1ec7n th\u1ef1c h\u00f3a t\u1ea7m nh\u00ecn c\u1ee7a b\u1ea1n. \u0110\u1ec3 ch\u00fang t\u00f4i t\u1ea1o n\u00ean m\u1ed9t l\u1ec5 c\u01b0\u1edbi \u0111\u1ed9c b\u1ea3n, tinh t\u1ebf, kh\u00e1c bi\u1ec7t v\u00e0 tuy\u1ec7t v\u1eddi nh\u01b0 ch\u00ednh c\u00e2u chuy\u1ec7n t\u00ecnh y\u00eau c\u1ee7a b\u1ea1n gi\u1eefa khung c\u1ea3nh cao nguy\u00ean tuy\u1ec7t m\u1ef9 c\u1ee7a \u0110\u00e0 L\u1ea1t.<\/p>\n","protected":false},"excerpt":{"rendered":"<p>H\u00e3y th\u00ec th\u1ea7m \u201cEm \u0111\u1ed3ng \u00fd\u201d gi\u1eefa khung c\u1ea3nh tuy\u1ec7t \u0111\u1eb9p c\u1ee7a Grand Mercure \u0110\u00e0 L\u1ea1t. V\u1edbi t\u1ea7m nh\u00ecn ngo\u1ea1n m\u1ee5c, khu v\u01b0\u1eddn nhi\u1ec7t \u0111\u1edbi xanh m\u01b0\u1edbt v\u00e0 b\u1ea7u kh\u00f4ng kh\u00ed y\u00ean b\u00ecnh, n\u01a1i \u0111\u00e2y l\u00e0 l\u1ef1a ch\u1ecdn ho\u00e0n h\u1ea3o cho m\u1ecdi ti\u1ec7c c\u01b0\u1edbi t\u1ea1i \u0110\u00e0 L\u1ea1t. D\u00f9 l\u00e0 m\u1ed9t nghi l\u1ec5 th\u00e2n m\u1eadt trong [&hellip;]<\/p>\n","protected":false},"author":30,"featured_media":506,"parent":0,"menu_order":0,"comment_status":"closed","ping_status":"closed","template":"template-wedding.php","meta":{"footnotes":""},"categories":[],"class_list":["post-300","page","type-page","status-publish","has-post-thumbnail","hentry"],"acf":[],"yoast_head":"<!-- This site is optimized with the Yoast SEO plugin v26.9 - https:\/\/yoast.com\/product\/yoast-seo-wordpress\/ -->\n<title>Ti\u1ec7c C\u01b0\u1edbi T\u1ea1i \u0110\u00e0 L\u1ea1t | Kh\u00f4ng Gian V\u01b0\u1eddn &amp; S\u1ea3nh Ti\u1ec7c L\u00e3ng M\u1ea1n<\/title>\n<meta name=\"description\" content=\"Trao l\u1eddi th\u1ec1 nguy\u1ec7n c\u00f9ng ti\u1ec7c c\u01b0\u1edbi t\u1ea1i \u0110\u00e0 L\u1ea1t \u0111\u1ea7y m\u1ed9ng m\u01a1 v\u1edbi Grand Mercure Dalat Resort, \u0111\u1ec3 c\u00e2u chuy\u1ec7n t\u00ecnh y\u00eau c\u1ee7a b\u1ea1n tr\u1edf th\u00e0nh k\u00fd \u1ee9c \u0111\u1eb9p.\" \/>\n<meta name=\"robots\" content=\"index, follow, max-snippet:-1, max-image-preview:large, max-video-preview:-1\" \/>\n<link rel=\"canonical\" href=\"https:\/\/www.grandmercuredalat.com\/vi\/weddings\/\" \/>\n<meta property=\"og:locale\" content=\"vi_VN\" \/>\n<meta property=\"og:type\" content=\"article\" \/>\n<meta property=\"og:title\" content=\"Ti\u1ec7c C\u01b0\u1edbi T\u1ea1i \u0110\u00e0 L\u1ea1t | Kh\u00f4ng Gian V\u01b0\u1eddn &amp; S\u1ea3nh Ti\u1ec7c L\u00e3ng M\u1ea1n\" \/>\n<meta property=\"og:description\" content=\"Trao l\u1eddi th\u1ec1 nguy\u1ec7n c\u00f9ng ti\u1ec7c c\u01b0\u1edbi t\u1ea1i \u0110\u00e0 L\u1ea1t \u0111\u1ea7y m\u1ed9ng m\u01a1 v\u1edbi Grand Mercure Dalat Resort, \u0111\u1ec3 c\u00e2u chuy\u1ec7n t\u00ecnh y\u00eau c\u1ee7a b\u1ea1n tr\u1edf th\u00e0nh k\u00fd \u1ee9c \u0111\u1eb9p.\" \/>\n<meta property=\"og:url\" content=\"https:\/\/www.grandmercuredalat.com\/vi\/weddings\/\" \/>\n<meta property=\"og:site_name\" content=\"Grand Mercure Dalat Resort\" \/>\n<meta property=\"article:modified_time\" content=\"2026-04-03T02:55:31+00:00\" \/>\n<meta property=\"og:image\" content=\"https:\/\/www.grandmercuredalat.com\/wp-content\/uploads\/sites\/4\/2025\/11\/Wedding-min.jpg\" \/>\n\t<meta property=\"og:image:width\" content=\"1067\" \/>\n\t<meta property=\"og:image:height\" content=\"1600\" \/>\n\t<meta property=\"og:image:type\" content=\"image\/jpeg\" \/>\n<meta name=\"twitter:card\" content=\"summary_large_image\" \/>\n<meta name=\"twitter:label1\" content=\"Est. reading time\" \/>\n\t<meta name=\"twitter:data1\" content=\"7 minutes\" \/>\n<script type=\"application\/ld+json\" class=\"yoast-schema-graph\">{\"@context\":\"https:\/\/schema.org\",\"@graph\":[{\"@type\":\"WebPage\",\"@id\":\"https:\/\/www.grandmercuredalat.com\/vi\/weddings\/\",\"url\":\"https:\/\/www.grandmercuredalat.com\/vi\/weddings\/\",\"name\":\"Ti\u1ec7c C\u01b0\u1edbi T\u1ea1i \u0110\u00e0 L\u1ea1t | Kh\u00f4ng Gian V\u01b0\u1eddn & S\u1ea3nh Ti\u1ec7c L\u00e3ng M\u1ea1n\",\"isPartOf\":{\"@id\":\"https:\/\/www.grandmercuredalat.com\/#website\"},\"primaryImageOfPage\":{\"@id\":\"https:\/\/www.grandmercuredalat.com\/vi\/weddings\/#primaryimage\"},\"image\":{\"@id\":\"https:\/\/www.grandmercuredalat.com\/vi\/weddings\/#primaryimage\"},\"thumbnailUrl\":\"https:\/\/www.grandmercuredalat.com\/wp-content\/uploads\/sites\/4\/2025\/11\/Wedding-min.jpg\",\"datePublished\":\"2025-10-09T04:28:43+00:00\",\"dateModified\":\"2026-04-03T02:55:31+00:00\",\"description\":\"Trao l\u1eddi th\u1ec1 nguy\u1ec7n c\u00f9ng ti\u1ec7c c\u01b0\u1edbi t\u1ea1i \u0110\u00e0 L\u1ea1t \u0111\u1ea7y m\u1ed9ng m\u01a1 v\u1edbi Grand Mercure Dalat Resort, \u0111\u1ec3 c\u00e2u chuy\u1ec7n t\u00ecnh y\u00eau c\u1ee7a b\u1ea1n tr\u1edf th\u00e0nh k\u00fd \u1ee9c \u0111\u1eb9p.\",\"breadcrumb\":{\"@id\":\"https:\/\/www.grandmercuredalat.com\/vi\/weddings\/#breadcrumb\"},\"inLanguage\":\"vi-VN\",\"potentialAction\":[{\"@type\":\"ReadAction\",\"target\":[\"https:\/\/www.grandmercuredalat.com\/vi\/weddings\/\"]}]},{\"@type\":\"ImageObject\",\"inLanguage\":\"vi-VN\",\"@id\":\"https:\/\/www.grandmercuredalat.com\/vi\/weddings\/#primaryimage\",\"url\":\"https:\/\/www.grandmercuredalat.com\/wp-content\/uploads\/sites\/4\/2025\/11\/Wedding-min.jpg\",\"contentUrl\":\"https:\/\/www.grandmercuredalat.com\/wp-content\/uploads\/sites\/4\/2025\/11\/Wedding-min.jpg\",\"width\":1067,\"height\":1600,\"caption\":\"Ti\u1ec7c c\u01b0\u1edbi t\u1ea1i \u0110\u00e0 L\u1ea1t\"},{\"@type\":\"BreadcrumbList\",\"@id\":\"https:\/\/www.grandmercuredalat.com\/vi\/weddings\/#breadcrumb\",\"itemListElement\":[{\"@type\":\"ListItem\",\"position\":1,\"name\":\"Home\",\"item\":\"https:\/\/www.grandmercuredalat.com\/vi\/\"},{\"@type\":\"ListItem\",\"position\":2,\"name\":\"Ti\u1ec7c C\u01b0\u1edbi\"}]},{\"@type\":\"WebSite\",\"@id\":\"https:\/\/www.grandmercuredalat.com\/#website\",\"url\":\"https:\/\/www.grandmercuredalat.com\/\",\"name\":\"Grand Mercure Dalat Resort\",\"description\":\"\",\"publisher\":{\"@id\":\"https:\/\/www.grandmercuredalat.com\/#organization\"},\"potentialAction\":[{\"@type\":\"SearchAction\",\"target\":{\"@type\":\"EntryPoint\",\"urlTemplate\":\"https:\/\/www.grandmercuredalat.com\/?s={search_term_string}\"},\"query-input\":{\"@type\":\"PropertyValueSpecification\",\"valueRequired\":true,\"valueName\":\"search_term_string\"}}],\"inLanguage\":\"vi-VN\"},{\"@type\":\"Organization\",\"@id\":\"https:\/\/www.grandmercuredalat.com\/#organization\",\"name\":\"Grand Mercure Dalat Resort\",\"url\":\"https:\/\/www.grandmercuredalat.com\/\",\"logo\":{\"@type\":\"ImageObject\",\"inLanguage\":\"vi-VN\",\"@id\":\"https:\/\/www.grandmercuredalat.com\/#\/schema\/logo\/image\/\",\"url\":\"https:\/\/www.grandmercuredalat.com\/wp-content\/uploads\/sites\/4\/2025\/10\/Pool-26.jpg\",\"contentUrl\":\"https:\/\/www.grandmercuredalat.com\/wp-content\/uploads\/sites\/4\/2025\/10\/Pool-26.jpg\",\"width\":1800,\"height\":1200,\"caption\":\"Grand Mercure Dalat Resort\"},\"image\":{\"@id\":\"https:\/\/www.grandmercuredalat.com\/#\/schema\/logo\/image\/\"}}]}<\/script>\n<!-- \/ Yoast SEO plugin. -->","yoast_head_json":{"title":"Ti\u1ec7c C\u01b0\u1edbi T\u1ea1i \u0110\u00e0 L\u1ea1t | Kh\u00f4ng Gian V\u01b0\u1eddn & S\u1ea3nh Ti\u1ec7c L\u00e3ng M\u1ea1n","description":"Trao l\u1eddi th\u1ec1 nguy\u1ec7n c\u00f9ng ti\u1ec7c c\u01b0\u1edbi t\u1ea1i \u0110\u00e0 L\u1ea1t \u0111\u1ea7y m\u1ed9ng m\u01a1 v\u1edbi Grand Mercure Dalat Resort, \u0111\u1ec3 c\u00e2u chuy\u1ec7n t\u00ecnh y\u00eau c\u1ee7a b\u1ea1n tr\u1edf th\u00e0nh k\u00fd \u1ee9c \u0111\u1eb9p.","robots":{"index":"index","follow":"follow","max-snippet":"max-snippet:-1","max-image-preview":"max-image-preview:large","max-video-preview":"max-video-preview:-1"},"canonical":"https:\/\/www.grandmercuredalat.com\/vi\/weddings\/","og_locale":"vi_VN","og_type":"article","og_title":"Ti\u1ec7c C\u01b0\u1edbi T\u1ea1i \u0110\u00e0 L\u1ea1t | Kh\u00f4ng Gian V\u01b0\u1eddn & S\u1ea3nh Ti\u1ec7c L\u00e3ng M\u1ea1n","og_description":"Trao l\u1eddi th\u1ec1 nguy\u1ec7n c\u00f9ng ti\u1ec7c c\u01b0\u1edbi t\u1ea1i \u0110\u00e0 L\u1ea1t \u0111\u1ea7y m\u1ed9ng m\u01a1 v\u1edbi Grand Mercure Dalat Resort, \u0111\u1ec3 c\u00e2u chuy\u1ec7n t\u00ecnh y\u00eau c\u1ee7a b\u1ea1n tr\u1edf th\u00e0nh k\u00fd \u1ee9c \u0111\u1eb9p.","og_url":"https:\/\/www.grandmercuredalat.com\/vi\/weddings\/","og_site_name":"Grand Mercure Dalat Resort","article_modified_time":"2026-04-03T02:55:31+00:00","og_image":[{"width":1067,"height":1600,"url":"https:\/\/www.grandmercuredalat.com\/wp-content\/uploads\/sites\/4\/2025\/11\/Wedding-min.jpg","type":"image\/jpeg"}],"twitter_card":"summary_large_image","twitter_misc":{"Est. reading time":"7 minutes"},"schema":{"@context":"https:\/\/schema.org","@graph":[{"@type":"WebPage","@id":"https:\/\/www.grandmercuredalat.com\/vi\/weddings\/","url":"https:\/\/www.grandmercuredalat.com\/vi\/weddings\/","name":"Ti\u1ec7c C\u01b0\u1edbi T\u1ea1i \u0110\u00e0 L\u1ea1t | Kh\u00f4ng Gian V\u01b0\u1eddn & S\u1ea3nh Ti\u1ec7c L\u00e3ng M\u1ea1n","isPartOf":{"@id":"https:\/\/www.grandmercuredalat.com\/#website"},"primaryImageOfPage":{"@id":"https:\/\/www.grandmercuredalat.com\/vi\/weddings\/#primaryimage"},"image":{"@id":"https:\/\/www.grandmercuredalat.com\/vi\/weddings\/#primaryimage"},"thumbnailUrl":"https:\/\/www.grandmercuredalat.com\/wp-content\/uploads\/sites\/4\/2025\/11\/Wedding-min.jpg","datePublished":"2025-10-09T04:28:43+00:00","dateModified":"2026-04-03T02:55:31+00:00","description":"Trao l\u1eddi th\u1ec1 nguy\u1ec7n c\u00f9ng ti\u1ec7c c\u01b0\u1edbi t\u1ea1i \u0110\u00e0 L\u1ea1t \u0111\u1ea7y m\u1ed9ng m\u01a1 v\u1edbi Grand Mercure Dalat Resort, \u0111\u1ec3 c\u00e2u chuy\u1ec7n t\u00ecnh y\u00eau c\u1ee7a b\u1ea1n tr\u1edf th\u00e0nh k\u00fd \u1ee9c \u0111\u1eb9p.","breadcrumb":{"@id":"https:\/\/www.grandmercuredalat.com\/vi\/weddings\/#breadcrumb"},"inLanguage":"vi-VN","potentialAction":[{"@type":"ReadAction","target":["https:\/\/www.grandmercuredalat.com\/vi\/weddings\/"]}]},{"@type":"ImageObject","inLanguage":"vi-VN","@id":"https:\/\/www.grandmercuredalat.com\/vi\/weddings\/#primaryimage","url":"https:\/\/www.grandmercuredalat.com\/wp-content\/uploads\/sites\/4\/2025\/11\/Wedding-min.jpg","contentUrl":"https:\/\/www.grandmercuredalat.com\/wp-content\/uploads\/sites\/4\/2025\/11\/Wedding-min.jpg","width":1067,"height":1600,"caption":"Ti\u1ec7c c\u01b0\u1edbi t\u1ea1i \u0110\u00e0 L\u1ea1t"},{"@type":"BreadcrumbList","@id":"https:\/\/www.grandmercuredalat.com\/vi\/weddings\/#breadcrumb","itemListElement":[{"@type":"ListItem","position":1,"name":"Home","item":"https:\/\/www.grandmercuredalat.com\/vi\/"},{"@type":"ListItem","position":2,"name":"Ti\u1ec7c C\u01b0\u1edbi"}]},{"@type":"WebSite","@id":"https:\/\/www.grandmercuredalat.com\/#website","url":"https:\/\/www.grandmercuredalat.com\/","name":"Grand Mercure Dalat Resort","description":"","publisher":{"@id":"https:\/\/www.grandmercuredalat.com\/#organization"},"potentialAction":[{"@type":"SearchAction","target":{"@type":"EntryPoint","urlTemplate":"https:\/\/www.grandmercuredalat.com\/?s={search_term_string}"},"query-input":{"@type":"PropertyValueSpecification","valueRequired":true,"valueName":"search_term_string"}}],"inLanguage":"vi-VN"},{"@type":"Organization","@id":"https:\/\/www.grandmercuredalat.com\/#organization","name":"Grand Mercure Dalat Resort","url":"https:\/\/www.grandmercuredalat.com\/","logo":{"@type":"ImageObject","inLanguage":"vi-VN","@id":"https:\/\/www.grandmercuredalat.com\/#\/schema\/logo\/image\/","url":"https:\/\/www.grandmercuredalat.com\/wp-content\/uploads\/sites\/4\/2025\/10\/Pool-26.jpg","contentUrl":"https:\/\/www.grandmercuredalat.com\/wp-content\/uploads\/sites\/4\/2025\/10\/Pool-26.jpg","width":1800,"height":1200,"caption":"Grand Mercure Dalat Resort"},"image":{"@id":"https:\/\/www.grandmercuredalat.com\/#\/schema\/logo\/image\/"}}]}},"_links":{"self":[{"href":"https:\/\/www.grandmercuredalat.com\/vi\/wp-json\/wp\/v2\/pages\/300","targetHints":{"allow":["GET"]}}],"collection":[{"href":"https:\/\/www.grandmercuredalat.com\/vi\/wp-json\/wp\/v2\/pages"}],"about":[{"href":"https:\/\/www.grandmercuredalat.com\/vi\/wp-json\/wp\/v2\/types\/page"}],"author":[{"embeddable":true,"href":"https:\/\/www.grandmercuredalat.com\/vi\/wp-json\/wp\/v2\/users\/30"}],"replies":[{"embeddable":true,"href":"https:\/\/www.grandmercuredalat.com\/vi\/wp-json\/wp\/v2\/comments?post=300"}],"version-history":[{"count":0,"href":"https:\/\/www.grandmercuredalat.com\/vi\/wp-json\/wp\/v2\/pages\/300\/revisions"}],"wp:featuredmedia":[{"embeddable":true,"href":"https:\/\/www.grandmercuredalat.com\/vi\/wp-json\/wp\/v2\/media\/506"}],"wp:attachment":[{"href":"https:\/\/www.grandmercuredalat.com\/vi\/wp-json\/wp\/v2\/media?parent=300"}],"wp:term":[{"taxonomy":"category","embeddable":true,"href":"https:\/\/www.grandmercuredalat.com\/vi\/wp-json\/wp\/v2\/categories?post=300"}],"curies":[{"name":"wp","href":"https:\/\/api.w.org\/{rel}","templated":true}]}}