{"id":291,"date":"2025-10-09T04:10:15","date_gmt":"2025-10-09T04:10:15","guid":{"rendered":"https:\/\/grandmercuredalatresort.accorv2prod2.decms.eu\/meetings-events\/poolside\/"},"modified":"2026-03-02T08:35:01","modified_gmt":"2026-03-02T08:35:01","slug":"poolside","status":"publish","type":"page","link":"https:\/\/www.grandmercuredalat.com\/vi\/meetings-events\/poolside\/","title":{"rendered":"H\u1ed3 B\u01a1i Ngo\u00e0i Tr\u1eddi"},"content":{"rendered":"<p>\u1ea8n m\u00ecnh trong tr\u00e1i tim c\u1ee7a Grand Mercure Dalat Resort, kh\u00f4ng gian ti\u1ec7c b\u00ean <strong>h\u1ed3 b\u01a1i ngo\u00e0i tr\u1eddi<\/strong> m\u1edf ra m\u1ed9t khung c\u1ea3nh ngo\u00e0i tr\u1eddi \u0111\u1ea7y m\u00ea ho\u1eb7c \u2013 n\u01a1i m\u1ecdi s\u1ef1 ki\u1ec7n tr\u1edf n\u00ean th\u1eadt kh\u00f3 qu\u00ean. Bao quanh l\u00e0 v\u01b0\u1eddn h\u1ed3ng ngan ng\u00e1t h\u01b0\u01a1ng, nh\u1eefng tri\u1ec1n \u0111\u1ed3i xanh m\u01b0\u1edbt v\u00e0 l\u00e0n gi\u00f3 cao nguy\u00ean m\u00e1t l\u00e0nh, \u0111\u1ecba \u0111i\u1ec3m n\u00e0y kh\u00e9o l\u00e9o h\u00f2a quy\u1ec7n v\u1ebb \u0111\u1eb9p thi\u00ean nhi\u00ean v\u1edbi n\u00e9t sang tr\u1ecdng tinh t\u1ebf.<\/p>\n<p>V\u1edbi s\u1ee9c ch\u1ee9a l\u00ean \u0111\u1ebfn 120 kh\u00e1ch, \u0111\u00e2y l\u00e0 n\u01a1i l\u00fd t\u01b0\u1edfng cho ti\u1ec7c trao l\u1eddi th\u1ec1, ti\u1ec7c coctail \u0111\u1ee9ng hay nh\u1eefng bu\u1ed5i ti\u1ec7c ri\u00eang t\u01b0 c\u1ea7n s\u1ef1 tinh t\u1ebf v\u00e0 g\u1eafn k\u1ebft c\u00f9ng thi\u00ean nhi\u00ean. D\u00f9 b\u1ea1n m\u01a1 v\u1ec1 m\u1ed9t \u0111\u00e1m c\u01b0\u1edbi l\u00e3ng m\u1ea1n, m\u1ed9t bu\u1ed5i t\u0129nh d\u01b0\u1ee1ng th\u00e2n m\u1eadt, hay m\u1ed9t b\u1eefa ti\u1ec7c s\u00f4i \u0111\u1ed9ng, \u0111\u1ed9i ng\u0169 chuy\u00ean nghi\u1ec7p c\u1ee7a ch\u00fang t\u00f4i s\u1ebd ch\u0103m ch\u00fat t\u1eebng chi ti\u1ebft \u0111\u1ec3 s\u1ef1 ki\u1ec7n c\u1ee7a b\u1ea1n tr\u1ecdn v\u1eb9n nh\u1ea5t.<\/p>\n<p>H\u00e3y \u0111\u1ec3 s\u1ef1 thanh l\u1ecbch h\u00f2a c\u00f9ng thi\u00ean nhi\u00ean v\u00e0 t\u1eadn h\u01b0\u1edfng s\u1ef1 an y\u00ean ch\u1ec9 c\u00f3 t\u1ea1i h\u1ed3 b\u01a1i c\u1ee7a <strong><a href=\"https:\/\/www.grandmercuredalat.com\/vi\/\" target=\"_blank\" rel=\"noopener\">Grand Mercure Dalat Resort<\/a><\/strong>.<\/p>\n","protected":false},"excerpt":{"rendered":"<p>\u1ea8n m\u00ecnh trong tr\u00e1i tim c\u1ee7a Grand Mercure Dalat Resort, kh\u00f4ng gian ti\u1ec7c b\u00ean h\u1ed3 b\u01a1i ngo\u00e0i tr\u1eddi m\u1edf ra m\u1ed9t khung c\u1ea3nh ngo\u00e0i tr\u1eddi \u0111\u1ea7y m\u00ea ho\u1eb7c \u2013 n\u01a1i m\u1ecdi s\u1ef1 ki\u1ec7n tr\u1edf n\u00ean th\u1eadt kh\u00f3 qu\u00ean. Bao quanh l\u00e0 v\u01b0\u1eddn h\u1ed3ng ngan ng\u00e1t h\u01b0\u01a1ng, nh\u1eefng tri\u1ec1n \u0111\u1ed3i xanh m\u01b0\u1edbt v\u00e0 l\u00e0n gi\u00f3 cao [&hellip;]<\/p>\n","protected":false},"author":30,"featured_media":442,"parent":285,"menu_order":5,"comment_status":"closed","ping_status":"closed","template":"template-meeting-room.php","meta":{"footnotes":""},"categories":[],"class_list":["post-291","page","type-page","status-publish","has-post-thumbnail","hentry"],"acf":[],"yoast_head":"<!-- This site is optimized with the Yoast SEO plugin v26.9 - https:\/\/yoast.com\/product\/yoast-seo-wordpress\/ -->\n<title>H\u1ed3 B\u01a1i Ngo\u00e0i Tr\u1eddi t\u1ea1i \u0110\u00e0 L\u1ea1t | S\u1ef1 ki\u1ec7n sang tr\u1ecdng b\u00ean h\u1ed3 b\u01a1i<\/title>\n<meta name=\"description\" content=\"T\u1ed5 ch\u1ee9c nh\u1eefng l\u1ec5 k\u1ef7 ni\u1ec7m kh\u00f3 qu\u00ean t\u1ea1i kh\u00f4ng gian h\u1ed3 b\u01a1i ngo\u00e0i tr\u1eddi, n\u01a1i v\u01b0\u1eddn h\u1ed3ng t\u01b0\u01a1i th\u1eafm v\u00e0 l\u00e0n gi\u00f3 m\u00e1t l\u00e0nh c\u1ee7a cao nguy\u00ean t\u1ea1o n\u00ean b\u1ee9c tranh thi\u00ean nhi\u00ean ho\u00e0n h\u1ea3o.\" \/>\n<meta name=\"robots\" content=\"index, follow, max-snippet:-1, max-image-preview:large, max-video-preview:-1\" \/>\n<link rel=\"canonical\" href=\"https:\/\/www.grandmercuredalat.com\/vi\/meetings-events\/poolside\/\" \/>\n<meta property=\"og:locale\" content=\"vi_VN\" \/>\n<meta property=\"og:type\" content=\"article\" \/>\n<meta property=\"og:title\" content=\"H\u1ed3 B\u01a1i Ngo\u00e0i Tr\u1eddi t\u1ea1i \u0110\u00e0 L\u1ea1t | S\u1ef1 ki\u1ec7n sang tr\u1ecdng b\u00ean h\u1ed3 b\u01a1i\" \/>\n<meta property=\"og:description\" content=\"T\u1ed5 ch\u1ee9c nh\u1eefng l\u1ec5 k\u1ef7 ni\u1ec7m kh\u00f3 qu\u00ean t\u1ea1i kh\u00f4ng gian h\u1ed3 b\u01a1i ngo\u00e0i tr\u1eddi, n\u01a1i v\u01b0\u1eddn h\u1ed3ng t\u01b0\u01a1i th\u1eafm v\u00e0 l\u00e0n gi\u00f3 m\u00e1t l\u00e0nh c\u1ee7a cao nguy\u00ean t\u1ea1o n\u00ean b\u1ee9c tranh thi\u00ean nhi\u00ean ho\u00e0n h\u1ea3o.\" \/>\n<meta property=\"og:url\" content=\"https:\/\/www.grandmercuredalat.com\/vi\/meetings-events\/poolside\/\" \/>\n<meta property=\"og:site_name\" content=\"Grand Mercure Dalat Resort\" \/>\n<meta property=\"article:modified_time\" content=\"2026-03-02T08:35:01+00:00\" \/>\n<meta property=\"og:image\" content=\"https:\/\/www.grandmercuredalat.com\/wp-content\/uploads\/sites\/4\/2025\/10\/Poolside-ceremony.jpg\" \/>\n\t<meta property=\"og:image:width\" content=\"2134\" \/>\n\t<meta property=\"og:image:height\" content=\"1416\" \/>\n\t<meta property=\"og:image:type\" content=\"image\/jpeg\" \/>\n<meta name=\"twitter:card\" content=\"summary_large_image\" \/>\n<meta name=\"twitter:label1\" content=\"Est. reading time\" \/>\n\t<meta name=\"twitter:data1\" content=\"1 minute\" \/>\n<script type=\"application\/ld+json\" class=\"yoast-schema-graph\">{\"@context\":\"https:\/\/schema.org\",\"@graph\":[{\"@type\":\"WebPage\",\"@id\":\"https:\/\/www.grandmercuredalat.com\/vi\/meetings-events\/poolside\/\",\"url\":\"https:\/\/www.grandmercuredalat.com\/vi\/meetings-events\/poolside\/\",\"name\":\"H\u1ed3 B\u01a1i Ngo\u00e0i Tr\u1eddi t\u1ea1i \u0110\u00e0 L\u1ea1t | S\u1ef1 ki\u1ec7n sang tr\u1ecdng b\u00ean h\u1ed3 b\u01a1i\",\"isPartOf\":{\"@id\":\"https:\/\/www.grandmercuredalat.com\/#website\"},\"primaryImageOfPage\":{\"@id\":\"https:\/\/www.grandmercuredalat.com\/vi\/meetings-events\/poolside\/#primaryimage\"},\"image\":{\"@id\":\"https:\/\/www.grandmercuredalat.com\/vi\/meetings-events\/poolside\/#primaryimage\"},\"thumbnailUrl\":\"https:\/\/www.grandmercuredalat.com\/wp-content\/uploads\/sites\/4\/2025\/10\/Poolside-ceremony.jpg\",\"datePublished\":\"2025-10-09T04:10:15+00:00\",\"dateModified\":\"2026-03-02T08:35:01+00:00\",\"description\":\"T\u1ed5 ch\u1ee9c nh\u1eefng l\u1ec5 k\u1ef7 ni\u1ec7m kh\u00f3 qu\u00ean t\u1ea1i kh\u00f4ng gian h\u1ed3 b\u01a1i ngo\u00e0i tr\u1eddi, n\u01a1i v\u01b0\u1eddn h\u1ed3ng t\u01b0\u01a1i th\u1eafm v\u00e0 l\u00e0n gi\u00f3 m\u00e1t l\u00e0nh c\u1ee7a cao nguy\u00ean t\u1ea1o n\u00ean b\u1ee9c tranh thi\u00ean nhi\u00ean ho\u00e0n h\u1ea3o.\",\"breadcrumb\":{\"@id\":\"https:\/\/www.grandmercuredalat.com\/vi\/meetings-events\/poolside\/#breadcrumb\"},\"inLanguage\":\"vi-VN\",\"potentialAction\":[{\"@type\":\"ReadAction\",\"target\":[\"https:\/\/www.grandmercuredalat.com\/vi\/meetings-events\/poolside\/\"]}]},{\"@type\":\"ImageObject\",\"inLanguage\":\"vi-VN\",\"@id\":\"https:\/\/www.grandmercuredalat.com\/vi\/meetings-events\/poolside\/#primaryimage\",\"url\":\"https:\/\/www.grandmercuredalat.com\/wp-content\/uploads\/sites\/4\/2025\/10\/Poolside-ceremony.jpg\",\"contentUrl\":\"https:\/\/www.grandmercuredalat.com\/wp-content\/uploads\/sites\/4\/2025\/10\/Poolside-ceremony.jpg\",\"width\":2134,\"height\":1416,\"caption\":\"Poolside-ceremony\"},{\"@type\":\"BreadcrumbList\",\"@id\":\"https:\/\/www.grandmercuredalat.com\/vi\/meetings-events\/poolside\/#breadcrumb\",\"itemListElement\":[{\"@type\":\"ListItem\",\"position\":1,\"name\":\"Home\",\"item\":\"https:\/\/www.grandmercuredalat.com\/vi\/\"},{\"@type\":\"ListItem\",\"position\":2,\"name\":\"H\u1ed9i Ngh\u1ecb &amp; S\u1ef1 Ki\u1ec7n\",\"item\":\"https:\/\/www.grandmercuredalat.com\/vi\/meetings-events\/\"},{\"@type\":\"ListItem\",\"position\":3,\"name\":\"H\u1ed3 B\u01a1i Ngo\u00e0i Tr\u1eddi\"}]},{\"@type\":\"WebSite\",\"@id\":\"https:\/\/www.grandmercuredalat.com\/#website\",\"url\":\"https:\/\/www.grandmercuredalat.com\/\",\"name\":\"Grand Mercure Dalat Resort\",\"description\":\"\",\"publisher\":{\"@id\":\"https:\/\/www.grandmercuredalat.com\/#organization\"},\"potentialAction\":[{\"@type\":\"SearchAction\",\"target\":{\"@type\":\"EntryPoint\",\"urlTemplate\":\"https:\/\/www.grandmercuredalat.com\/?s={search_term_string}\"},\"query-input\":{\"@type\":\"PropertyValueSpecification\",\"valueRequired\":true,\"valueName\":\"search_term_string\"}}],\"inLanguage\":\"vi-VN\"},{\"@type\":\"Organization\",\"@id\":\"https:\/\/www.grandmercuredalat.com\/#organization\",\"name\":\"Grand Mercure Dalat Resort\",\"url\":\"https:\/\/www.grandmercuredalat.com\/\",\"logo\":{\"@type\":\"ImageObject\",\"inLanguage\":\"vi-VN\",\"@id\":\"https:\/\/www.grandmercuredalat.com\/#\/schema\/logo\/image\/\",\"url\":\"https:\/\/www.grandmercuredalat.com\/wp-content\/uploads\/sites\/4\/2025\/10\/Pool-26.jpg\",\"contentUrl\":\"https:\/\/www.grandmercuredalat.com\/wp-content\/uploads\/sites\/4\/2025\/10\/Pool-26.jpg\",\"width\":1800,\"height\":1200,\"caption\":\"Grand Mercure Dalat Resort\"},\"image\":{\"@id\":\"https:\/\/www.grandmercuredalat.com\/#\/schema\/logo\/image\/\"}}]}<\/script>\n<!-- \/ Yoast SEO plugin. -->","yoast_head_json":{"title":"H\u1ed3 B\u01a1i Ngo\u00e0i Tr\u1eddi t\u1ea1i \u0110\u00e0 L\u1ea1t | S\u1ef1 ki\u1ec7n sang tr\u1ecdng b\u00ean h\u1ed3 b\u01a1i","description":"T\u1ed5 ch\u1ee9c nh\u1eefng l\u1ec5 k\u1ef7 ni\u1ec7m kh\u00f3 qu\u00ean t\u1ea1i kh\u00f4ng gian h\u1ed3 b\u01a1i ngo\u00e0i tr\u1eddi, n\u01a1i v\u01b0\u1eddn h\u1ed3ng t\u01b0\u01a1i th\u1eafm v\u00e0 l\u00e0n gi\u00f3 m\u00e1t l\u00e0nh c\u1ee7a cao nguy\u00ean t\u1ea1o n\u00ean b\u1ee9c tranh thi\u00ean nhi\u00ean ho\u00e0n h\u1ea3o.","robots":{"index":"index","follow":"follow","max-snippet":"max-snippet:-1","max-image-preview":"max-image-preview:large","max-video-preview":"max-video-preview:-1"},"canonical":"https:\/\/www.grandmercuredalat.com\/vi\/meetings-events\/poolside\/","og_locale":"vi_VN","og_type":"article","og_title":"H\u1ed3 B\u01a1i Ngo\u00e0i Tr\u1eddi t\u1ea1i \u0110\u00e0 L\u1ea1t | S\u1ef1 ki\u1ec7n sang tr\u1ecdng b\u00ean h\u1ed3 b\u01a1i","og_description":"T\u1ed5 ch\u1ee9c nh\u1eefng l\u1ec5 k\u1ef7 ni\u1ec7m kh\u00f3 qu\u00ean t\u1ea1i kh\u00f4ng gian h\u1ed3 b\u01a1i ngo\u00e0i tr\u1eddi, n\u01a1i v\u01b0\u1eddn h\u1ed3ng t\u01b0\u01a1i th\u1eafm v\u00e0 l\u00e0n gi\u00f3 m\u00e1t l\u00e0nh c\u1ee7a cao nguy\u00ean t\u1ea1o n\u00ean b\u1ee9c tranh thi\u00ean nhi\u00ean ho\u00e0n h\u1ea3o.","og_url":"https:\/\/www.grandmercuredalat.com\/vi\/meetings-events\/poolside\/","og_site_name":"Grand Mercure Dalat Resort","article_modified_time":"2026-03-02T08:35:01+00:00","og_image":[{"width":2134,"height":1416,"url":"https:\/\/www.grandmercuredalat.com\/wp-content\/uploads\/sites\/4\/2025\/10\/Poolside-ceremony.jpg","type":"image\/jpeg"}],"twitter_card":"summary_large_image","twitter_misc":{"Est. reading time":"1 minute"},"schema":{"@context":"https:\/\/schema.org","@graph":[{"@type":"WebPage","@id":"https:\/\/www.grandmercuredalat.com\/vi\/meetings-events\/poolside\/","url":"https:\/\/www.grandmercuredalat.com\/vi\/meetings-events\/poolside\/","name":"H\u1ed3 B\u01a1i Ngo\u00e0i Tr\u1eddi t\u1ea1i \u0110\u00e0 L\u1ea1t | S\u1ef1 ki\u1ec7n sang tr\u1ecdng b\u00ean h\u1ed3 b\u01a1i","isPartOf":{"@id":"https:\/\/www.grandmercuredalat.com\/#website"},"primaryImageOfPage":{"@id":"https:\/\/www.grandmercuredalat.com\/vi\/meetings-events\/poolside\/#primaryimage"},"image":{"@id":"https:\/\/www.grandmercuredalat.com\/vi\/meetings-events\/poolside\/#primaryimage"},"thumbnailUrl":"https:\/\/www.grandmercuredalat.com\/wp-content\/uploads\/sites\/4\/2025\/10\/Poolside-ceremony.jpg","datePublished":"2025-10-09T04:10:15+00:00","dateModified":"2026-03-02T08:35:01+00:00","description":"T\u1ed5 ch\u1ee9c nh\u1eefng l\u1ec5 k\u1ef7 ni\u1ec7m kh\u00f3 qu\u00ean t\u1ea1i kh\u00f4ng gian h\u1ed3 b\u01a1i ngo\u00e0i tr\u1eddi, n\u01a1i v\u01b0\u1eddn h\u1ed3ng t\u01b0\u01a1i th\u1eafm v\u00e0 l\u00e0n gi\u00f3 m\u00e1t l\u00e0nh c\u1ee7a cao nguy\u00ean t\u1ea1o n\u00ean b\u1ee9c tranh thi\u00ean nhi\u00ean ho\u00e0n h\u1ea3o.","breadcrumb":{"@id":"https:\/\/www.grandmercuredalat.com\/vi\/meetings-events\/poolside\/#breadcrumb"},"inLanguage":"vi-VN","potentialAction":[{"@type":"ReadAction","target":["https:\/\/www.grandmercuredalat.com\/vi\/meetings-events\/poolside\/"]}]},{"@type":"ImageObject","inLanguage":"vi-VN","@id":"https:\/\/www.grandmercuredalat.com\/vi\/meetings-events\/poolside\/#primaryimage","url":"https:\/\/www.grandmercuredalat.com\/wp-content\/uploads\/sites\/4\/2025\/10\/Poolside-ceremony.jpg","contentUrl":"https:\/\/www.grandmercuredalat.com\/wp-content\/uploads\/sites\/4\/2025\/10\/Poolside-ceremony.jpg","width":2134,"height":1416,"caption":"Poolside-ceremony"},{"@type":"BreadcrumbList","@id":"https:\/\/www.grandmercuredalat.com\/vi\/meetings-events\/poolside\/#breadcrumb","itemListElement":[{"@type":"ListItem","position":1,"name":"Home","item":"https:\/\/www.grandmercuredalat.com\/vi\/"},{"@type":"ListItem","position":2,"name":"H\u1ed9i Ngh\u1ecb &amp; S\u1ef1 Ki\u1ec7n","item":"https:\/\/www.grandmercuredalat.com\/vi\/meetings-events\/"},{"@type":"ListItem","position":3,"name":"H\u1ed3 B\u01a1i Ngo\u00e0i Tr\u1eddi"}]},{"@type":"WebSite","@id":"https:\/\/www.grandmercuredalat.com\/#website","url":"https:\/\/www.grandmercuredalat.com\/","name":"Grand Mercure Dalat Resort","description":"","publisher":{"@id":"https:\/\/www.grandmercuredalat.com\/#organization"},"potentialAction":[{"@type":"SearchAction","target":{"@type":"EntryPoint","urlTemplate":"https:\/\/www.grandmercuredalat.com\/?s={search_term_string}"},"query-input":{"@type":"PropertyValueSpecification","valueRequired":true,"valueName":"search_term_string"}}],"inLanguage":"vi-VN"},{"@type":"Organization","@id":"https:\/\/www.grandmercuredalat.com\/#organization","name":"Grand Mercure Dalat Resort","url":"https:\/\/www.grandmercuredalat.com\/","logo":{"@type":"ImageObject","inLanguage":"vi-VN","@id":"https:\/\/www.grandmercuredalat.com\/#\/schema\/logo\/image\/","url":"https:\/\/www.grandmercuredalat.com\/wp-content\/uploads\/sites\/4\/2025\/10\/Pool-26.jpg","contentUrl":"https:\/\/www.grandmercuredalat.com\/wp-content\/uploads\/sites\/4\/2025\/10\/Pool-26.jpg","width":1800,"height":1200,"caption":"Grand Mercure Dalat Resort"},"image":{"@id":"https:\/\/www.grandmercuredalat.com\/#\/schema\/logo\/image\/"}}]}},"_links":{"self":[{"href":"https:\/\/www.grandmercuredalat.com\/vi\/wp-json\/wp\/v2\/pages\/291","targetHints":{"allow":["GET"]}}],"collection":[{"href":"https:\/\/www.grandmercuredalat.com\/vi\/wp-json\/wp\/v2\/pages"}],"about":[{"href":"https:\/\/www.grandmercuredalat.com\/vi\/wp-json\/wp\/v2\/types\/page"}],"author":[{"embeddable":true,"href":"https:\/\/www.grandmercuredalat.com\/vi\/wp-json\/wp\/v2\/users\/30"}],"replies":[{"embeddable":true,"href":"https:\/\/www.grandmercuredalat.com\/vi\/wp-json\/wp\/v2\/comments?post=291"}],"version-history":[{"count":0,"href":"https:\/\/www.grandmercuredalat.com\/vi\/wp-json\/wp\/v2\/pages\/291\/revisions"}],"up":[{"embeddable":true,"href":"https:\/\/www.grandmercuredalat.com\/vi\/wp-json\/wp\/v2\/pages\/285"}],"wp:featuredmedia":[{"embeddable":true,"href":"https:\/\/www.grandmercuredalat.com\/vi\/wp-json\/wp\/v2\/media\/442"}],"wp:attachment":[{"href":"https:\/\/www.grandmercuredalat.com\/vi\/wp-json\/wp\/v2\/media?parent=291"}],"wp:term":[{"taxonomy":"category","embeddable":true,"href":"https:\/\/www.grandmercuredalat.com\/vi\/wp-json\/wp\/v2\/categories?post=291"}],"curies":[{"name":"wp","href":"https:\/\/api.w.org\/{rel}","templated":true}]}}