{"id":290,"date":"2025-10-09T04:08:16","date_gmt":"2025-10-09T04:08:16","guid":{"rendered":"https:\/\/grandmercuredalatresort.accorv2prod2.decms.eu\/meetings-events\/la-fontaine-garden\/"},"modified":"2026-03-02T08:33:14","modified_gmt":"2026-03-02T08:33:14","slug":"la-fontaine-garden","status":"publish","type":"page","link":"https:\/\/www.grandmercuredalat.com\/vi\/meetings-events\/la-fontaine-garden\/","title":{"rendered":"Khu V\u01b0\u1eddn La Fontaine"},"content":{"rendered":"<p>H\u00e3y \u0111\u1ec3 nh\u1eefng kho\u1ea3nh kh\u1eafc \u0111\u00e1ng nh\u1edb c\u1ee7a b\u1ea1n th\u0103ng hoa t\u1ea1i <strong>Khu V\u01b0\u1eddn La Fontaine<\/strong> \u2013 n\u01a1i nh\u1eefng th\u1ea3m c\u1ecf xanh m\u01b0\u1edbt, tri\u1ec1n \u0111\u1ed3i d\u1ecbu d\u00e0ng v\u00e0 l\u00e0n gi\u00f3 cao nguy\u00ean trong l\u00e0nh h\u00f2a quy\u1ec7n t\u1ea1o n\u00ean m\u1ed9t b\u1ee9c tranh thi\u00ean nhi\u00ean t\u0129nh t\u1ea1i. V\u1edbi chi\u1ebfc c\u1ed5ng tr\u1eafng thanh tao c\u00f9ng kh\u00f4ng gian kho\u00e1ng \u0111\u1ea1t, n\u01a1i \u0111\u00e2y l\u00e0 l\u1ef1a ch\u1ecdn ho\u00e0n h\u1ea3o cho l\u1ec5 trao l\u1eddi th\u1ec1, k\u1ef7 ni\u1ec7m ng\u00e0y c\u01b0\u1edbi, ti\u1ec7c ri\u00eang t\u01b0 hay nh\u1eefng bu\u1ed5i h\u1ed9i th\u1ea3o nh\u1eb9 nh\u00e0ng.<\/p>\n<p>V\u1edbi s\u1ee9c ch\u1ee9a l\u00ean \u0111\u1ebfn 120 kh\u00e1ch, Khu V\u01b0\u1eddn La Fontaine mang \u0111\u1ebfn s\u1ef1 c\u00e2n b\u1eb1ng tinh t\u1ebf gi\u1eefa thi\u00ean nhi\u00ean v\u00e0 l\u1ec5 h\u1ed9i, bi\u1ebfn m\u1ecdi d\u1ecbp \u0111\u1eb7c bi\u1ec7t th\u00e0nh m\u1ed9t k\u1ef7 ni\u1ec7m kh\u00f3 qu\u00ean, \u0111\u1eadm ch\u1ea5t th\u01a1 m\u1ed9ng c\u1ee7a \u0110\u00e0 L\u1ea1t.<\/p>\n","protected":false},"excerpt":{"rendered":"<p>H\u00e3y \u0111\u1ec3 nh\u1eefng kho\u1ea3nh kh\u1eafc \u0111\u00e1ng nh\u1edb c\u1ee7a b\u1ea1n th\u0103ng hoa t\u1ea1i Khu V\u01b0\u1eddn La Fontaine \u2013 n\u01a1i nh\u1eefng th\u1ea3m c\u1ecf xanh m\u01b0\u1edbt, tri\u1ec1n \u0111\u1ed3i d\u1ecbu d\u00e0ng v\u00e0 l\u00e0n gi\u00f3 cao nguy\u00ean trong l\u00e0nh h\u00f2a quy\u1ec7n t\u1ea1o n\u00ean m\u1ed9t b\u1ee9c tranh thi\u00ean nhi\u00ean t\u0129nh t\u1ea1i. V\u1edbi chi\u1ebfc c\u1ed5ng tr\u1eafng thanh tao c\u00f9ng kh\u00f4ng gian kho\u00e1ng [&hellip;]<\/p>\n","protected":false},"author":30,"featured_media":503,"parent":285,"menu_order":5,"comment_status":"closed","ping_status":"closed","template":"template-meeting-room.php","meta":{"footnotes":""},"categories":[],"class_list":["post-290","page","type-page","status-publish","has-post-thumbnail","hentry"],"acf":[],"yoast_head":"<!-- This site is optimized with the Yoast SEO plugin v26.9 - https:\/\/yoast.com\/product\/yoast-seo-wordpress\/ -->\n<title>Khu V\u01b0\u1eddn La Fontaine t\u1ea1i \u0110\u00e0 L\u1ea1t | Kh\u00f4ng gian ngo\u00e0i tr\u1eddi thanh l\u1ecbch<\/title>\n<meta name=\"description\" content=\"T\u1ed5 ch\u1ee9c d\u1ecbp \u0111\u1eb7c bi\u1ec7t c\u1ee7a b\u1ea1n t\u1ea1i Khu V\u01b0\u1eddn La Fontaine \u2013 n\u01a1i b\u00e3i c\u1ecf \u0111\u01b0\u1ee3c ch\u0103m s\u00f3c t\u1ec9 m\u1ec9, c\u1ed5ng v\u00f2m tr\u1eafng duy\u00ean d\u00e1ng v\u00e0 l\u00e0n gi\u00f3 cao nguy\u00ean m\u00e1t l\u00e0nh\" \/>\n<meta name=\"robots\" content=\"index, follow, max-snippet:-1, max-image-preview:large, max-video-preview:-1\" \/>\n<link rel=\"canonical\" href=\"https:\/\/www.grandmercuredalat.com\/vi\/meetings-events\/la-fontaine-garden\/\" \/>\n<meta property=\"og:locale\" content=\"vi_VN\" \/>\n<meta property=\"og:type\" content=\"article\" \/>\n<meta property=\"og:title\" content=\"Khu V\u01b0\u1eddn La Fontaine t\u1ea1i \u0110\u00e0 L\u1ea1t | Kh\u00f4ng gian ngo\u00e0i tr\u1eddi thanh l\u1ecbch\" \/>\n<meta property=\"og:description\" content=\"T\u1ed5 ch\u1ee9c d\u1ecbp \u0111\u1eb7c bi\u1ec7t c\u1ee7a b\u1ea1n t\u1ea1i Khu V\u01b0\u1eddn La Fontaine \u2013 n\u01a1i b\u00e3i c\u1ecf \u0111\u01b0\u1ee3c ch\u0103m s\u00f3c t\u1ec9 m\u1ec9, c\u1ed5ng v\u00f2m tr\u1eafng duy\u00ean d\u00e1ng v\u00e0 l\u00e0n gi\u00f3 cao nguy\u00ean m\u00e1t l\u00e0nh\" \/>\n<meta property=\"og:url\" content=\"https:\/\/www.grandmercuredalat.com\/vi\/meetings-events\/la-fontaine-garden\/\" \/>\n<meta property=\"og:site_name\" content=\"Grand Mercure Dalat Resort\" \/>\n<meta property=\"article:modified_time\" content=\"2026-03-02T08:33:14+00:00\" \/>\n<meta property=\"og:image\" content=\"https:\/\/www.grandmercuredalat.com\/wp-content\/uploads\/sites\/4\/2025\/11\/Wedding-ceremony.jpg\" \/>\n\t<meta property=\"og:image:width\" content=\"1300\" \/>\n\t<meta property=\"og:image:height\" content=\"867\" \/>\n\t<meta property=\"og:image:type\" content=\"image\/jpeg\" \/>\n<meta name=\"twitter:card\" content=\"summary_large_image\" \/>\n<meta name=\"twitter:label1\" content=\"Est. reading time\" \/>\n\t<meta name=\"twitter:data1\" content=\"1 minute\" \/>\n<script type=\"application\/ld+json\" class=\"yoast-schema-graph\">{\"@context\":\"https:\/\/schema.org\",\"@graph\":[{\"@type\":\"WebPage\",\"@id\":\"https:\/\/www.grandmercuredalat.com\/vi\/meetings-events\/la-fontaine-garden\/\",\"url\":\"https:\/\/www.grandmercuredalat.com\/vi\/meetings-events\/la-fontaine-garden\/\",\"name\":\"Khu V\u01b0\u1eddn La Fontaine t\u1ea1i \u0110\u00e0 L\u1ea1t | Kh\u00f4ng gian ngo\u00e0i tr\u1eddi thanh l\u1ecbch\",\"isPartOf\":{\"@id\":\"https:\/\/www.grandmercuredalat.com\/#website\"},\"primaryImageOfPage\":{\"@id\":\"https:\/\/www.grandmercuredalat.com\/vi\/meetings-events\/la-fontaine-garden\/#primaryimage\"},\"image\":{\"@id\":\"https:\/\/www.grandmercuredalat.com\/vi\/meetings-events\/la-fontaine-garden\/#primaryimage\"},\"thumbnailUrl\":\"https:\/\/www.grandmercuredalat.com\/wp-content\/uploads\/sites\/4\/2025\/11\/Wedding-ceremony.jpg\",\"datePublished\":\"2025-10-09T04:08:16+00:00\",\"dateModified\":\"2026-03-02T08:33:14+00:00\",\"description\":\"T\u1ed5 ch\u1ee9c d\u1ecbp \u0111\u1eb7c bi\u1ec7t c\u1ee7a b\u1ea1n t\u1ea1i Khu V\u01b0\u1eddn La Fontaine \u2013 n\u01a1i b\u00e3i c\u1ecf \u0111\u01b0\u1ee3c ch\u0103m s\u00f3c t\u1ec9 m\u1ec9, c\u1ed5ng v\u00f2m tr\u1eafng duy\u00ean d\u00e1ng v\u00e0 l\u00e0n gi\u00f3 cao nguy\u00ean m\u00e1t l\u00e0nh\",\"breadcrumb\":{\"@id\":\"https:\/\/www.grandmercuredalat.com\/vi\/meetings-events\/la-fontaine-garden\/#breadcrumb\"},\"inLanguage\":\"vi-VN\",\"potentialAction\":[{\"@type\":\"ReadAction\",\"target\":[\"https:\/\/www.grandmercuredalat.com\/vi\/meetings-events\/la-fontaine-garden\/\"]}]},{\"@type\":\"ImageObject\",\"inLanguage\":\"vi-VN\",\"@id\":\"https:\/\/www.grandmercuredalat.com\/vi\/meetings-events\/la-fontaine-garden\/#primaryimage\",\"url\":\"https:\/\/www.grandmercuredalat.com\/wp-content\/uploads\/sites\/4\/2025\/11\/Wedding-ceremony.jpg\",\"contentUrl\":\"https:\/\/www.grandmercuredalat.com\/wp-content\/uploads\/sites\/4\/2025\/11\/Wedding-ceremony.jpg\",\"width\":1300,\"height\":867,\"caption\":\"Khu V\u01b0\u1eddn La Fontaine\"},{\"@type\":\"BreadcrumbList\",\"@id\":\"https:\/\/www.grandmercuredalat.com\/vi\/meetings-events\/la-fontaine-garden\/#breadcrumb\",\"itemListElement\":[{\"@type\":\"ListItem\",\"position\":1,\"name\":\"Home\",\"item\":\"https:\/\/www.grandmercuredalat.com\/vi\/\"},{\"@type\":\"ListItem\",\"position\":2,\"name\":\"H\u1ed9i Ngh\u1ecb &amp; S\u1ef1 Ki\u1ec7n\",\"item\":\"https:\/\/www.grandmercuredalat.com\/vi\/meetings-events\/\"},{\"@type\":\"ListItem\",\"position\":3,\"name\":\"Khu V\u01b0\u1eddn La Fontaine\"}]},{\"@type\":\"WebSite\",\"@id\":\"https:\/\/www.grandmercuredalat.com\/#website\",\"url\":\"https:\/\/www.grandmercuredalat.com\/\",\"name\":\"Grand Mercure Dalat Resort\",\"description\":\"\",\"publisher\":{\"@id\":\"https:\/\/www.grandmercuredalat.com\/#organization\"},\"potentialAction\":[{\"@type\":\"SearchAction\",\"target\":{\"@type\":\"EntryPoint\",\"urlTemplate\":\"https:\/\/www.grandmercuredalat.com\/?s={search_term_string}\"},\"query-input\":{\"@type\":\"PropertyValueSpecification\",\"valueRequired\":true,\"valueName\":\"search_term_string\"}}],\"inLanguage\":\"vi-VN\"},{\"@type\":\"Organization\",\"@id\":\"https:\/\/www.grandmercuredalat.com\/#organization\",\"name\":\"Grand Mercure Dalat Resort\",\"url\":\"https:\/\/www.grandmercuredalat.com\/\",\"logo\":{\"@type\":\"ImageObject\",\"inLanguage\":\"vi-VN\",\"@id\":\"https:\/\/www.grandmercuredalat.com\/#\/schema\/logo\/image\/\",\"url\":\"https:\/\/www.grandmercuredalat.com\/wp-content\/uploads\/sites\/4\/2025\/10\/Pool-26.jpg\",\"contentUrl\":\"https:\/\/www.grandmercuredalat.com\/wp-content\/uploads\/sites\/4\/2025\/10\/Pool-26.jpg\",\"width\":1800,\"height\":1200,\"caption\":\"Grand Mercure Dalat Resort\"},\"image\":{\"@id\":\"https:\/\/www.grandmercuredalat.com\/#\/schema\/logo\/image\/\"}}]}<\/script>\n<!-- \/ Yoast SEO plugin. -->","yoast_head_json":{"title":"Khu V\u01b0\u1eddn La Fontaine t\u1ea1i \u0110\u00e0 L\u1ea1t | Kh\u00f4ng gian ngo\u00e0i tr\u1eddi thanh l\u1ecbch","description":"T\u1ed5 ch\u1ee9c d\u1ecbp \u0111\u1eb7c bi\u1ec7t c\u1ee7a b\u1ea1n t\u1ea1i Khu V\u01b0\u1eddn La Fontaine \u2013 n\u01a1i b\u00e3i c\u1ecf \u0111\u01b0\u1ee3c ch\u0103m s\u00f3c t\u1ec9 m\u1ec9, c\u1ed5ng v\u00f2m tr\u1eafng duy\u00ean d\u00e1ng v\u00e0 l\u00e0n gi\u00f3 cao nguy\u00ean m\u00e1t l\u00e0nh","robots":{"index":"index","follow":"follow","max-snippet":"max-snippet:-1","max-image-preview":"max-image-preview:large","max-video-preview":"max-video-preview:-1"},"canonical":"https:\/\/www.grandmercuredalat.com\/vi\/meetings-events\/la-fontaine-garden\/","og_locale":"vi_VN","og_type":"article","og_title":"Khu V\u01b0\u1eddn La Fontaine t\u1ea1i \u0110\u00e0 L\u1ea1t | Kh\u00f4ng gian ngo\u00e0i tr\u1eddi thanh l\u1ecbch","og_description":"T\u1ed5 ch\u1ee9c d\u1ecbp \u0111\u1eb7c bi\u1ec7t c\u1ee7a b\u1ea1n t\u1ea1i Khu V\u01b0\u1eddn La Fontaine \u2013 n\u01a1i b\u00e3i c\u1ecf \u0111\u01b0\u1ee3c ch\u0103m s\u00f3c t\u1ec9 m\u1ec9, c\u1ed5ng v\u00f2m tr\u1eafng duy\u00ean d\u00e1ng v\u00e0 l\u00e0n gi\u00f3 cao nguy\u00ean m\u00e1t l\u00e0nh","og_url":"https:\/\/www.grandmercuredalat.com\/vi\/meetings-events\/la-fontaine-garden\/","og_site_name":"Grand Mercure Dalat Resort","article_modified_time":"2026-03-02T08:33:14+00:00","og_image":[{"width":1300,"height":867,"url":"https:\/\/www.grandmercuredalat.com\/wp-content\/uploads\/sites\/4\/2025\/11\/Wedding-ceremony.jpg","type":"image\/jpeg"}],"twitter_card":"summary_large_image","twitter_misc":{"Est. reading time":"1 minute"},"schema":{"@context":"https:\/\/schema.org","@graph":[{"@type":"WebPage","@id":"https:\/\/www.grandmercuredalat.com\/vi\/meetings-events\/la-fontaine-garden\/","url":"https:\/\/www.grandmercuredalat.com\/vi\/meetings-events\/la-fontaine-garden\/","name":"Khu V\u01b0\u1eddn La Fontaine t\u1ea1i \u0110\u00e0 L\u1ea1t | Kh\u00f4ng gian ngo\u00e0i tr\u1eddi thanh l\u1ecbch","isPartOf":{"@id":"https:\/\/www.grandmercuredalat.com\/#website"},"primaryImageOfPage":{"@id":"https:\/\/www.grandmercuredalat.com\/vi\/meetings-events\/la-fontaine-garden\/#primaryimage"},"image":{"@id":"https:\/\/www.grandmercuredalat.com\/vi\/meetings-events\/la-fontaine-garden\/#primaryimage"},"thumbnailUrl":"https:\/\/www.grandmercuredalat.com\/wp-content\/uploads\/sites\/4\/2025\/11\/Wedding-ceremony.jpg","datePublished":"2025-10-09T04:08:16+00:00","dateModified":"2026-03-02T08:33:14+00:00","description":"T\u1ed5 ch\u1ee9c d\u1ecbp \u0111\u1eb7c bi\u1ec7t c\u1ee7a b\u1ea1n t\u1ea1i Khu V\u01b0\u1eddn La Fontaine \u2013 n\u01a1i b\u00e3i c\u1ecf \u0111\u01b0\u1ee3c ch\u0103m s\u00f3c t\u1ec9 m\u1ec9, c\u1ed5ng v\u00f2m tr\u1eafng duy\u00ean d\u00e1ng v\u00e0 l\u00e0n gi\u00f3 cao nguy\u00ean m\u00e1t l\u00e0nh","breadcrumb":{"@id":"https:\/\/www.grandmercuredalat.com\/vi\/meetings-events\/la-fontaine-garden\/#breadcrumb"},"inLanguage":"vi-VN","potentialAction":[{"@type":"ReadAction","target":["https:\/\/www.grandmercuredalat.com\/vi\/meetings-events\/la-fontaine-garden\/"]}]},{"@type":"ImageObject","inLanguage":"vi-VN","@id":"https:\/\/www.grandmercuredalat.com\/vi\/meetings-events\/la-fontaine-garden\/#primaryimage","url":"https:\/\/www.grandmercuredalat.com\/wp-content\/uploads\/sites\/4\/2025\/11\/Wedding-ceremony.jpg","contentUrl":"https:\/\/www.grandmercuredalat.com\/wp-content\/uploads\/sites\/4\/2025\/11\/Wedding-ceremony.jpg","width":1300,"height":867,"caption":"Khu V\u01b0\u1eddn La Fontaine"},{"@type":"BreadcrumbList","@id":"https:\/\/www.grandmercuredalat.com\/vi\/meetings-events\/la-fontaine-garden\/#breadcrumb","itemListElement":[{"@type":"ListItem","position":1,"name":"Home","item":"https:\/\/www.grandmercuredalat.com\/vi\/"},{"@type":"ListItem","position":2,"name":"H\u1ed9i Ngh\u1ecb &amp; S\u1ef1 Ki\u1ec7n","item":"https:\/\/www.grandmercuredalat.com\/vi\/meetings-events\/"},{"@type":"ListItem","position":3,"name":"Khu V\u01b0\u1eddn La Fontaine"}]},{"@type":"WebSite","@id":"https:\/\/www.grandmercuredalat.com\/#website","url":"https:\/\/www.grandmercuredalat.com\/","name":"Grand Mercure Dalat Resort","description":"","publisher":{"@id":"https:\/\/www.grandmercuredalat.com\/#organization"},"potentialAction":[{"@type":"SearchAction","target":{"@type":"EntryPoint","urlTemplate":"https:\/\/www.grandmercuredalat.com\/?s={search_term_string}"},"query-input":{"@type":"PropertyValueSpecification","valueRequired":true,"valueName":"search_term_string"}}],"inLanguage":"vi-VN"},{"@type":"Organization","@id":"https:\/\/www.grandmercuredalat.com\/#organization","name":"Grand Mercure Dalat Resort","url":"https:\/\/www.grandmercuredalat.com\/","logo":{"@type":"ImageObject","inLanguage":"vi-VN","@id":"https:\/\/www.grandmercuredalat.com\/#\/schema\/logo\/image\/","url":"https:\/\/www.grandmercuredalat.com\/wp-content\/uploads\/sites\/4\/2025\/10\/Pool-26.jpg","contentUrl":"https:\/\/www.grandmercuredalat.com\/wp-content\/uploads\/sites\/4\/2025\/10\/Pool-26.jpg","width":1800,"height":1200,"caption":"Grand Mercure Dalat Resort"},"image":{"@id":"https:\/\/www.grandmercuredalat.com\/#\/schema\/logo\/image\/"}}]}},"_links":{"self":[{"href":"https:\/\/www.grandmercuredalat.com\/vi\/wp-json\/wp\/v2\/pages\/290","targetHints":{"allow":["GET"]}}],"collection":[{"href":"https:\/\/www.grandmercuredalat.com\/vi\/wp-json\/wp\/v2\/pages"}],"about":[{"href":"https:\/\/www.grandmercuredalat.com\/vi\/wp-json\/wp\/v2\/types\/page"}],"author":[{"embeddable":true,"href":"https:\/\/www.grandmercuredalat.com\/vi\/wp-json\/wp\/v2\/users\/30"}],"replies":[{"embeddable":true,"href":"https:\/\/www.grandmercuredalat.com\/vi\/wp-json\/wp\/v2\/comments?post=290"}],"version-history":[{"count":0,"href":"https:\/\/www.grandmercuredalat.com\/vi\/wp-json\/wp\/v2\/pages\/290\/revisions"}],"up":[{"embeddable":true,"href":"https:\/\/www.grandmercuredalat.com\/vi\/wp-json\/wp\/v2\/pages\/285"}],"wp:featuredmedia":[{"embeddable":true,"href":"https:\/\/www.grandmercuredalat.com\/vi\/wp-json\/wp\/v2\/media\/503"}],"wp:attachment":[{"href":"https:\/\/www.grandmercuredalat.com\/vi\/wp-json\/wp\/v2\/media?parent=290"}],"wp:term":[{"taxonomy":"category","embeddable":true,"href":"https:\/\/www.grandmercuredalat.com\/vi\/wp-json\/wp\/v2\/categories?post=290"}],"curies":[{"name":"wp","href":"https:\/\/api.w.org\/{rel}","templated":true}]}}