{"id":289,"date":"2025-10-09T04:06:30","date_gmt":"2025-10-09T04:06:30","guid":{"rendered":"https:\/\/grandmercuredalatresort.accorv2prod2.decms.eu\/meetings-events\/lavender-garden\/"},"modified":"2026-03-02T08:32:59","modified_gmt":"2026-03-02T08:32:59","slug":"lavender-garden","status":"publish","type":"page","link":"https:\/\/www.grandmercuredalat.com\/vi\/meetings-events\/lavender-garden\/","title":{"rendered":"Khu V\u01b0\u1eddn Lavender"},"content":{"rendered":"<p>B\u01b0\u1edbc v\u00e0o <strong>khu v\u01b0\u1eddn Lavender<\/strong> ng\u1eadp tr\u00e0n n\u1eafng v\u00e0ng, n\u01a1i n\u00e9t duy\u00ean d\u00e1ng c\u1ee7a ki\u1ebfn tr\u00fac Ph\u00e1p c\u1ed5 \u0111i\u1ec3n h\u00f2a quy\u1ec7n c\u00f9ng v\u1ebb \u0111\u1eb9p t\u1ef1 nhi\u00ean c\u1ee7a \u0110\u00e0 L\u1ea1t. Gi\u1eefa h\u01b0\u01a1ng lavender thoang tho\u1ea3ng, nh\u1eefng tri\u1ec1n \u0111\u1ed3i d\u1ecbu d\u00e0ng v\u00e0 l\u00e0n gi\u00f3 cao nguy\u00ean m\u01a1n man, khung c\u1ea3nh n\u01a1i \u0111\u00e2y tr\u1edf th\u00e0nh ph\u00f4ng n\u1ec1n ho\u00e0n h\u1ea3o cho ti\u1ec7c c\u01b0\u1edbi, l\u1ec5 k\u1ef7 ni\u1ec7m, d\u1ea1 ti\u1ec7c ri\u00eang t\u01b0 hay nh\u1eefng bu\u1ed5i h\u1ed9i ng\u1ed9 doanh nghi\u1ec7p. V\u1edbi s\u1ee9c ch\u1ee9a l\u00ean \u0111\u1ebfn 260 kh\u00e1ch c\u00f9ng \u0111\u1ed9i ng\u0169 ph\u1ee5c v\u1ee5 chuy\u00ean nghi\u1ec7p, m\u1ecdi chi ti\u1ebft \u0111\u1ec1u \u0111\u01b0\u1ee3c ch\u0103m ch\u00fat \u0111\u1ec3 mang \u0111\u1ebfn cho b\u1ea1n tr\u1ea3i nghi\u1ec7m tr\u1ecdn v\u1eb9n.<\/p>\n<p>D\u00f9 d\u01b0\u1edbi b\u1ea7u tr\u1eddi cao nguy\u00ean trong xanh hay trong nh\u1eefng s\u1ea3nh ti\u1ec7c mang c\u1ea3m h\u1ee9ng ki\u1ebfn tr\u00fac Ph\u00e1p ngay g\u1ea7n k\u1ec1, khu v\u01b0\u1eddn Lavender c\u1ee7a <strong><a href=\"https:\/\/www.grandmercuredalat.com\/vi\/\" target=\"_blank\" rel=\"noopener\">Grand Mercure Dalat Resort<\/a><\/strong> lu\u00f4n l\u00e0 n\u01a1i kh\u1eafc ghi nh\u1eefng k\u1ef7 ni\u1ec7m b\u1ea5t t\u1eadn.<\/p>\n","protected":false},"excerpt":{"rendered":"<p>B\u01b0\u1edbc v\u00e0o khu v\u01b0\u1eddn Lavender ng\u1eadp tr\u00e0n n\u1eafng v\u00e0ng, n\u01a1i n\u00e9t duy\u00ean d\u00e1ng c\u1ee7a ki\u1ebfn tr\u00fac Ph\u00e1p c\u1ed5 \u0111i\u1ec3n h\u00f2a quy\u1ec7n c\u00f9ng v\u1ebb \u0111\u1eb9p t\u1ef1 nhi\u00ean c\u1ee7a \u0110\u00e0 L\u1ea1t. Gi\u1eefa h\u01b0\u01a1ng lavender thoang tho\u1ea3ng, nh\u1eefng tri\u1ec1n \u0111\u1ed3i d\u1ecbu d\u00e0ng v\u00e0 l\u00e0n gi\u00f3 cao nguy\u00ean m\u01a1n man, khung c\u1ea3nh n\u01a1i \u0111\u00e2y tr\u1edf th\u00e0nh ph\u00f4ng n\u1ec1n ho\u00e0n [&hellip;]<\/p>\n","protected":false},"author":30,"featured_media":508,"parent":285,"menu_order":4,"comment_status":"closed","ping_status":"closed","template":"template-meeting-room.php","meta":{"footnotes":""},"categories":[],"class_list":["post-289","page","type-page","status-publish","has-post-thumbnail","hentry"],"acf":[],"yoast_head":"<!-- This site is optimized with the Yoast SEO plugin v26.9 - https:\/\/yoast.com\/product\/yoast-seo-wordpress\/ -->\n<title>Khu V\u01b0\u1eddn Lavender t\u1ea1i \u0110\u00e0 L\u1ea1t | Kh\u00f4ng Gian Ngo\u00e0i Tr\u1eddi M\u1ed9ng M\u01a1<\/title>\n<meta name=\"description\" content=\"T\u1ed5 ch\u1ee9c nh\u1eefng s\u1ef1 ki\u1ec7n v\u00e0 b\u1eefa ti\u1ec7c kh\u00f3 qu\u00ean t\u1ea1i khu v\u01b0\u1eddn Lavender, n\u01a1i v\u1ebb \u0111\u1eb9p ki\u1ebfn tr\u00fac Ph\u00e1p thu\u1ed9c \u0111\u1ecba h\u00f2a c\u00f9ng c\u00e1nh \u0111\u1ed3ng o\u1ea3i h\u01b0\u01a1ng t\u00edm bi\u1ebfc.\" \/>\n<meta name=\"robots\" content=\"index, follow, max-snippet:-1, max-image-preview:large, max-video-preview:-1\" \/>\n<link rel=\"canonical\" href=\"https:\/\/www.grandmercuredalat.com\/vi\/meetings-events\/lavender-garden\/\" \/>\n<meta property=\"og:locale\" content=\"vi_VN\" \/>\n<meta property=\"og:type\" content=\"article\" \/>\n<meta property=\"og:title\" content=\"Khu V\u01b0\u1eddn Lavender t\u1ea1i \u0110\u00e0 L\u1ea1t | Kh\u00f4ng Gian Ngo\u00e0i Tr\u1eddi M\u1ed9ng M\u01a1\" \/>\n<meta property=\"og:description\" content=\"T\u1ed5 ch\u1ee9c nh\u1eefng s\u1ef1 ki\u1ec7n v\u00e0 b\u1eefa ti\u1ec7c kh\u00f3 qu\u00ean t\u1ea1i khu v\u01b0\u1eddn Lavender, n\u01a1i v\u1ebb \u0111\u1eb9p ki\u1ebfn tr\u00fac Ph\u00e1p thu\u1ed9c \u0111\u1ecba h\u00f2a c\u00f9ng c\u00e1nh \u0111\u1ed3ng o\u1ea3i h\u01b0\u01a1ng t\u00edm bi\u1ebfc.\" \/>\n<meta property=\"og:url\" content=\"https:\/\/www.grandmercuredalat.com\/vi\/meetings-events\/lavender-garden\/\" \/>\n<meta property=\"og:site_name\" content=\"Grand Mercure Dalat Resort\" \/>\n<meta property=\"article:modified_time\" content=\"2026-03-02T08:32:59+00:00\" \/>\n<meta property=\"og:image\" content=\"https:\/\/www.grandmercuredalat.com\/wp-content\/uploads\/sites\/4\/2025\/11\/Lavender-Garden-2.jpg\" \/>\n\t<meta property=\"og:image:width\" content=\"1300\" \/>\n\t<meta property=\"og:image:height\" content=\"867\" \/>\n\t<meta property=\"og:image:type\" content=\"image\/jpeg\" \/>\n<meta name=\"twitter:card\" content=\"summary_large_image\" \/>\n<meta name=\"twitter:label1\" content=\"Est. reading time\" \/>\n\t<meta name=\"twitter:data1\" content=\"1 minute\" \/>\n<script type=\"application\/ld+json\" class=\"yoast-schema-graph\">{\"@context\":\"https:\/\/schema.org\",\"@graph\":[{\"@type\":\"WebPage\",\"@id\":\"https:\/\/www.grandmercuredalat.com\/vi\/meetings-events\/lavender-garden\/\",\"url\":\"https:\/\/www.grandmercuredalat.com\/vi\/meetings-events\/lavender-garden\/\",\"name\":\"Khu V\u01b0\u1eddn Lavender t\u1ea1i \u0110\u00e0 L\u1ea1t | Kh\u00f4ng Gian Ngo\u00e0i Tr\u1eddi M\u1ed9ng M\u01a1\",\"isPartOf\":{\"@id\":\"https:\/\/www.grandmercuredalat.com\/#website\"},\"primaryImageOfPage\":{\"@id\":\"https:\/\/www.grandmercuredalat.com\/vi\/meetings-events\/lavender-garden\/#primaryimage\"},\"image\":{\"@id\":\"https:\/\/www.grandmercuredalat.com\/vi\/meetings-events\/lavender-garden\/#primaryimage\"},\"thumbnailUrl\":\"https:\/\/www.grandmercuredalat.com\/wp-content\/uploads\/sites\/4\/2025\/11\/Lavender-Garden-2.jpg\",\"datePublished\":\"2025-10-09T04:06:30+00:00\",\"dateModified\":\"2026-03-02T08:32:59+00:00\",\"description\":\"T\u1ed5 ch\u1ee9c nh\u1eefng s\u1ef1 ki\u1ec7n v\u00e0 b\u1eefa ti\u1ec7c kh\u00f3 qu\u00ean t\u1ea1i khu v\u01b0\u1eddn Lavender, n\u01a1i v\u1ebb \u0111\u1eb9p ki\u1ebfn tr\u00fac Ph\u00e1p thu\u1ed9c \u0111\u1ecba h\u00f2a c\u00f9ng c\u00e1nh \u0111\u1ed3ng o\u1ea3i h\u01b0\u01a1ng t\u00edm bi\u1ebfc.\",\"breadcrumb\":{\"@id\":\"https:\/\/www.grandmercuredalat.com\/vi\/meetings-events\/lavender-garden\/#breadcrumb\"},\"inLanguage\":\"vi-VN\",\"potentialAction\":[{\"@type\":\"ReadAction\",\"target\":[\"https:\/\/www.grandmercuredalat.com\/vi\/meetings-events\/lavender-garden\/\"]}]},{\"@type\":\"ImageObject\",\"inLanguage\":\"vi-VN\",\"@id\":\"https:\/\/www.grandmercuredalat.com\/vi\/meetings-events\/lavender-garden\/#primaryimage\",\"url\":\"https:\/\/www.grandmercuredalat.com\/wp-content\/uploads\/sites\/4\/2025\/11\/Lavender-Garden-2.jpg\",\"contentUrl\":\"https:\/\/www.grandmercuredalat.com\/wp-content\/uploads\/sites\/4\/2025\/11\/Lavender-Garden-2.jpg\",\"width\":1300,\"height\":867,\"caption\":\"Lavender Garden\"},{\"@type\":\"BreadcrumbList\",\"@id\":\"https:\/\/www.grandmercuredalat.com\/vi\/meetings-events\/lavender-garden\/#breadcrumb\",\"itemListElement\":[{\"@type\":\"ListItem\",\"position\":1,\"name\":\"Home\",\"item\":\"https:\/\/www.grandmercuredalat.com\/vi\/\"},{\"@type\":\"ListItem\",\"position\":2,\"name\":\"H\u1ed9i Ngh\u1ecb &amp; S\u1ef1 Ki\u1ec7n\",\"item\":\"https:\/\/www.grandmercuredalat.com\/vi\/meetings-events\/\"},{\"@type\":\"ListItem\",\"position\":3,\"name\":\"Khu V\u01b0\u1eddn Lavender\"}]},{\"@type\":\"WebSite\",\"@id\":\"https:\/\/www.grandmercuredalat.com\/#website\",\"url\":\"https:\/\/www.grandmercuredalat.com\/\",\"name\":\"Grand Mercure Dalat Resort\",\"description\":\"\",\"publisher\":{\"@id\":\"https:\/\/www.grandmercuredalat.com\/#organization\"},\"potentialAction\":[{\"@type\":\"SearchAction\",\"target\":{\"@type\":\"EntryPoint\",\"urlTemplate\":\"https:\/\/www.grandmercuredalat.com\/?s={search_term_string}\"},\"query-input\":{\"@type\":\"PropertyValueSpecification\",\"valueRequired\":true,\"valueName\":\"search_term_string\"}}],\"inLanguage\":\"vi-VN\"},{\"@type\":\"Organization\",\"@id\":\"https:\/\/www.grandmercuredalat.com\/#organization\",\"name\":\"Grand Mercure Dalat Resort\",\"url\":\"https:\/\/www.grandmercuredalat.com\/\",\"logo\":{\"@type\":\"ImageObject\",\"inLanguage\":\"vi-VN\",\"@id\":\"https:\/\/www.grandmercuredalat.com\/#\/schema\/logo\/image\/\",\"url\":\"https:\/\/www.grandmercuredalat.com\/wp-content\/uploads\/sites\/4\/2025\/10\/Pool-26.jpg\",\"contentUrl\":\"https:\/\/www.grandmercuredalat.com\/wp-content\/uploads\/sites\/4\/2025\/10\/Pool-26.jpg\",\"width\":1800,\"height\":1200,\"caption\":\"Grand Mercure Dalat Resort\"},\"image\":{\"@id\":\"https:\/\/www.grandmercuredalat.com\/#\/schema\/logo\/image\/\"}}]}<\/script>\n<!-- \/ Yoast SEO plugin. -->","yoast_head_json":{"title":"Khu V\u01b0\u1eddn Lavender t\u1ea1i \u0110\u00e0 L\u1ea1t | Kh\u00f4ng Gian Ngo\u00e0i Tr\u1eddi M\u1ed9ng M\u01a1","description":"T\u1ed5 ch\u1ee9c nh\u1eefng s\u1ef1 ki\u1ec7n v\u00e0 b\u1eefa ti\u1ec7c kh\u00f3 qu\u00ean t\u1ea1i khu v\u01b0\u1eddn Lavender, n\u01a1i v\u1ebb \u0111\u1eb9p ki\u1ebfn tr\u00fac Ph\u00e1p thu\u1ed9c \u0111\u1ecba h\u00f2a c\u00f9ng c\u00e1nh \u0111\u1ed3ng o\u1ea3i h\u01b0\u01a1ng t\u00edm bi\u1ebfc.","robots":{"index":"index","follow":"follow","max-snippet":"max-snippet:-1","max-image-preview":"max-image-preview:large","max-video-preview":"max-video-preview:-1"},"canonical":"https:\/\/www.grandmercuredalat.com\/vi\/meetings-events\/lavender-garden\/","og_locale":"vi_VN","og_type":"article","og_title":"Khu V\u01b0\u1eddn Lavender t\u1ea1i \u0110\u00e0 L\u1ea1t | Kh\u00f4ng Gian Ngo\u00e0i Tr\u1eddi M\u1ed9ng M\u01a1","og_description":"T\u1ed5 ch\u1ee9c nh\u1eefng s\u1ef1 ki\u1ec7n v\u00e0 b\u1eefa ti\u1ec7c kh\u00f3 qu\u00ean t\u1ea1i khu v\u01b0\u1eddn Lavender, n\u01a1i v\u1ebb \u0111\u1eb9p ki\u1ebfn tr\u00fac Ph\u00e1p thu\u1ed9c \u0111\u1ecba h\u00f2a c\u00f9ng c\u00e1nh \u0111\u1ed3ng o\u1ea3i h\u01b0\u01a1ng t\u00edm bi\u1ebfc.","og_url":"https:\/\/www.grandmercuredalat.com\/vi\/meetings-events\/lavender-garden\/","og_site_name":"Grand Mercure Dalat Resort","article_modified_time":"2026-03-02T08:32:59+00:00","og_image":[{"width":1300,"height":867,"url":"https:\/\/www.grandmercuredalat.com\/wp-content\/uploads\/sites\/4\/2025\/11\/Lavender-Garden-2.jpg","type":"image\/jpeg"}],"twitter_card":"summary_large_image","twitter_misc":{"Est. reading time":"1 minute"},"schema":{"@context":"https:\/\/schema.org","@graph":[{"@type":"WebPage","@id":"https:\/\/www.grandmercuredalat.com\/vi\/meetings-events\/lavender-garden\/","url":"https:\/\/www.grandmercuredalat.com\/vi\/meetings-events\/lavender-garden\/","name":"Khu V\u01b0\u1eddn Lavender t\u1ea1i \u0110\u00e0 L\u1ea1t | Kh\u00f4ng Gian Ngo\u00e0i Tr\u1eddi M\u1ed9ng M\u01a1","isPartOf":{"@id":"https:\/\/www.grandmercuredalat.com\/#website"},"primaryImageOfPage":{"@id":"https:\/\/www.grandmercuredalat.com\/vi\/meetings-events\/lavender-garden\/#primaryimage"},"image":{"@id":"https:\/\/www.grandmercuredalat.com\/vi\/meetings-events\/lavender-garden\/#primaryimage"},"thumbnailUrl":"https:\/\/www.grandmercuredalat.com\/wp-content\/uploads\/sites\/4\/2025\/11\/Lavender-Garden-2.jpg","datePublished":"2025-10-09T04:06:30+00:00","dateModified":"2026-03-02T08:32:59+00:00","description":"T\u1ed5 ch\u1ee9c nh\u1eefng s\u1ef1 ki\u1ec7n v\u00e0 b\u1eefa ti\u1ec7c kh\u00f3 qu\u00ean t\u1ea1i khu v\u01b0\u1eddn Lavender, n\u01a1i v\u1ebb \u0111\u1eb9p ki\u1ebfn tr\u00fac Ph\u00e1p thu\u1ed9c \u0111\u1ecba h\u00f2a c\u00f9ng c\u00e1nh \u0111\u1ed3ng o\u1ea3i h\u01b0\u01a1ng t\u00edm bi\u1ebfc.","breadcrumb":{"@id":"https:\/\/www.grandmercuredalat.com\/vi\/meetings-events\/lavender-garden\/#breadcrumb"},"inLanguage":"vi-VN","potentialAction":[{"@type":"ReadAction","target":["https:\/\/www.grandmercuredalat.com\/vi\/meetings-events\/lavender-garden\/"]}]},{"@type":"ImageObject","inLanguage":"vi-VN","@id":"https:\/\/www.grandmercuredalat.com\/vi\/meetings-events\/lavender-garden\/#primaryimage","url":"https:\/\/www.grandmercuredalat.com\/wp-content\/uploads\/sites\/4\/2025\/11\/Lavender-Garden-2.jpg","contentUrl":"https:\/\/www.grandmercuredalat.com\/wp-content\/uploads\/sites\/4\/2025\/11\/Lavender-Garden-2.jpg","width":1300,"height":867,"caption":"Lavender Garden"},{"@type":"BreadcrumbList","@id":"https:\/\/www.grandmercuredalat.com\/vi\/meetings-events\/lavender-garden\/#breadcrumb","itemListElement":[{"@type":"ListItem","position":1,"name":"Home","item":"https:\/\/www.grandmercuredalat.com\/vi\/"},{"@type":"ListItem","position":2,"name":"H\u1ed9i Ngh\u1ecb &amp; S\u1ef1 Ki\u1ec7n","item":"https:\/\/www.grandmercuredalat.com\/vi\/meetings-events\/"},{"@type":"ListItem","position":3,"name":"Khu V\u01b0\u1eddn Lavender"}]},{"@type":"WebSite","@id":"https:\/\/www.grandmercuredalat.com\/#website","url":"https:\/\/www.grandmercuredalat.com\/","name":"Grand Mercure Dalat Resort","description":"","publisher":{"@id":"https:\/\/www.grandmercuredalat.com\/#organization"},"potentialAction":[{"@type":"SearchAction","target":{"@type":"EntryPoint","urlTemplate":"https:\/\/www.grandmercuredalat.com\/?s={search_term_string}"},"query-input":{"@type":"PropertyValueSpecification","valueRequired":true,"valueName":"search_term_string"}}],"inLanguage":"vi-VN"},{"@type":"Organization","@id":"https:\/\/www.grandmercuredalat.com\/#organization","name":"Grand Mercure Dalat Resort","url":"https:\/\/www.grandmercuredalat.com\/","logo":{"@type":"ImageObject","inLanguage":"vi-VN","@id":"https:\/\/www.grandmercuredalat.com\/#\/schema\/logo\/image\/","url":"https:\/\/www.grandmercuredalat.com\/wp-content\/uploads\/sites\/4\/2025\/10\/Pool-26.jpg","contentUrl":"https:\/\/www.grandmercuredalat.com\/wp-content\/uploads\/sites\/4\/2025\/10\/Pool-26.jpg","width":1800,"height":1200,"caption":"Grand Mercure Dalat Resort"},"image":{"@id":"https:\/\/www.grandmercuredalat.com\/#\/schema\/logo\/image\/"}}]}},"_links":{"self":[{"href":"https:\/\/www.grandmercuredalat.com\/vi\/wp-json\/wp\/v2\/pages\/289","targetHints":{"allow":["GET"]}}],"collection":[{"href":"https:\/\/www.grandmercuredalat.com\/vi\/wp-json\/wp\/v2\/pages"}],"about":[{"href":"https:\/\/www.grandmercuredalat.com\/vi\/wp-json\/wp\/v2\/types\/page"}],"author":[{"embeddable":true,"href":"https:\/\/www.grandmercuredalat.com\/vi\/wp-json\/wp\/v2\/users\/30"}],"replies":[{"embeddable":true,"href":"https:\/\/www.grandmercuredalat.com\/vi\/wp-json\/wp\/v2\/comments?post=289"}],"version-history":[{"count":0,"href":"https:\/\/www.grandmercuredalat.com\/vi\/wp-json\/wp\/v2\/pages\/289\/revisions"}],"up":[{"embeddable":true,"href":"https:\/\/www.grandmercuredalat.com\/vi\/wp-json\/wp\/v2\/pages\/285"}],"wp:featuredmedia":[{"embeddable":true,"href":"https:\/\/www.grandmercuredalat.com\/vi\/wp-json\/wp\/v2\/media\/508"}],"wp:attachment":[{"href":"https:\/\/www.grandmercuredalat.com\/vi\/wp-json\/wp\/v2\/media?parent=289"}],"wp:term":[{"taxonomy":"category","embeddable":true,"href":"https:\/\/www.grandmercuredalat.com\/vi\/wp-json\/wp\/v2\/categories?post=289"}],"curies":[{"name":"wp","href":"https:\/\/api.w.org\/{rel}","templated":true}]}}