{"id":288,"date":"2025-10-09T03:05:17","date_gmt":"2025-10-09T03:05:17","guid":{"rendered":"https:\/\/grandmercuredalatresort.accorv2prod2.decms.eu\/meetings-events\/tony-jane\/"},"modified":"2026-03-02T08:32:45","modified_gmt":"2026-03-02T08:32:45","slug":"tony-jane","status":"publish","type":"page","link":"https:\/\/www.grandmercuredalat.com\/vi\/meetings-events\/tony-jane\/","title":{"rendered":"Ph\u00f2ng Tony &amp; Jane"},"content":{"rendered":"<p>B\u1ea1n \u0111ang t\u00ecm m\u1ed9t \u0111\u1ecba \u0111i\u1ec3m v\u1eeba thanh l\u1ecbch v\u1eeba \u0111\u1ed9c b\u1ea3n? Ph\u00f2ng ti\u1ec7c ri\u00eang t\u1ea1i <strong>Ph\u00f2ng Tony &amp; Jane<\/strong> mang \u0111\u1ebfn kh\u00f4ng gian sang tr\u1ecdng, \u0111\u01b0\u1ee3c thi\u1ebft k\u1ebf d\u00e0nh ri\u00eang cho nh\u1eefng bu\u1ed5i g\u1eb7p g\u1ee1 v\u00e0 s\u1ef1 ki\u1ec7n th\u00e2n m\u1eadt v\u1edbi s\u1ee9c ch\u1ee9a t\u1ed1i \u0111a 20 kh\u00e1ch.<\/p>\n<p>V\u1edbi \u0111\u1ed9i ng\u0169 ph\u1ee5c v\u1ee5 chuy\u00ean nghi\u1ec7p v\u00e0 t\u1eadn t\u00e2m, m\u1ed7i v\u1ecb kh\u00e1ch s\u1ebd \u0111\u01b0\u1ee3c \u0111\u00f3n ti\u1ebfp trong b\u1ea7u kh\u00f4ng kh\u00ed ho\u00e0n h\u1ea3o, n\u01a1i s\u1ef1 tinh t\u1ebf v\u00e0 \u0111\u1eb3ng c\u1ea5p to\u00e1t l\u00ean t\u1eeb t\u1eebng chi ti\u1ebft.<\/p>\n<p>Ph\u00f2ng Tony &amp; Jane \u2013 n\u01a1i m\u1ed7i kho\u1ea3nh kh\u1eafc ri\u00eang t\u01b0 tr\u1edf th\u00e0nh m\u1ed9t k\u1ef7 ni\u1ec7m kh\u00f3 qu\u00ean.<\/p>\n","protected":false},"excerpt":{"rendered":"<p>B\u1ea1n \u0111ang t\u00ecm m\u1ed9t \u0111\u1ecba \u0111i\u1ec3m v\u1eeba thanh l\u1ecbch v\u1eeba \u0111\u1ed9c b\u1ea3n? Ph\u00f2ng ti\u1ec7c ri\u00eang t\u1ea1i Ph\u00f2ng Tony &amp; Jane mang \u0111\u1ebfn kh\u00f4ng gian sang tr\u1ecdng, \u0111\u01b0\u1ee3c thi\u1ebft k\u1ebf d\u00e0nh ri\u00eang cho nh\u1eefng bu\u1ed5i g\u1eb7p g\u1ee1 v\u00e0 s\u1ef1 ki\u1ec7n th\u00e2n m\u1eadt v\u1edbi s\u1ee9c ch\u1ee9a t\u1ed1i \u0111a 20 kh\u00e1ch. V\u1edbi \u0111\u1ed9i ng\u0169 ph\u1ee5c v\u1ee5 chuy\u00ean nghi\u1ec7p [&hellip;]<\/p>\n","protected":false},"author":30,"featured_media":174,"parent":285,"menu_order":3,"comment_status":"closed","ping_status":"closed","template":"template-meeting-room.php","meta":{"footnotes":""},"categories":[],"class_list":["post-288","page","type-page","status-publish","has-post-thumbnail","hentry"],"acf":[],"yoast_head":"<!-- This site is optimized with the Yoast SEO plugin v26.9 - https:\/\/yoast.com\/product\/yoast-seo-wordpress\/ -->\n<title>Ph\u00f2ng H\u1ecdp Tony &amp; Jane t\u1ea1i \u0110\u00e0 L\u1ea1t | Kh\u00f4ng gian ri\u00eang t\u01b0 sang tr\u1ecdng<\/title>\n<meta name=\"description\" content=\"Ph\u00f2ng h\u1ecdp nh\u1ecf Tony &amp; Jane t\u1ea1i \u0110\u00e0 L\u1ea1t mang \u0111\u1ebfn s\u1ef1 l\u1ef1a ch\u1ecdn ho\u00e0n h\u1ea3o cho b\u1eefa tr\u01b0a doanh nghi\u1ec7p, ti\u1ec7c th\u00e2n m\u1eadt, hay nh\u1eefng bu\u1ed5i g\u1eb7p g\u1ee1 VIP.\" \/>\n<meta name=\"robots\" content=\"index, follow, max-snippet:-1, max-image-preview:large, max-video-preview:-1\" \/>\n<link rel=\"canonical\" href=\"https:\/\/www.grandmercuredalat.com\/vi\/meetings-events\/tony-jane\/\" \/>\n<meta property=\"og:locale\" content=\"vi_VN\" \/>\n<meta property=\"og:type\" content=\"article\" \/>\n<meta property=\"og:title\" content=\"Ph\u00f2ng H\u1ecdp Tony &amp; Jane t\u1ea1i \u0110\u00e0 L\u1ea1t | Kh\u00f4ng gian ri\u00eang t\u01b0 sang tr\u1ecdng\" \/>\n<meta property=\"og:description\" content=\"Ph\u00f2ng h\u1ecdp nh\u1ecf Tony &amp; Jane t\u1ea1i \u0110\u00e0 L\u1ea1t mang \u0111\u1ebfn s\u1ef1 l\u1ef1a ch\u1ecdn ho\u00e0n h\u1ea3o cho b\u1eefa tr\u01b0a doanh nghi\u1ec7p, ti\u1ec7c th\u00e2n m\u1eadt, hay nh\u1eefng bu\u1ed5i g\u1eb7p g\u1ee1 VIP.\" \/>\n<meta property=\"og:url\" content=\"https:\/\/www.grandmercuredalat.com\/vi\/meetings-events\/tony-jane\/\" \/>\n<meta property=\"og:site_name\" content=\"Grand Mercure Dalat Resort\" \/>\n<meta property=\"article:modified_time\" content=\"2026-03-02T08:32:45+00:00\" \/>\n<meta property=\"og:image\" content=\"https:\/\/www.grandmercuredalat.com\/wp-content\/uploads\/sites\/4\/2025\/10\/Birthday-Party-18.jpg\" \/>\n\t<meta property=\"og:image:width\" content=\"1800\" \/>\n\t<meta property=\"og:image:height\" content=\"1200\" \/>\n\t<meta property=\"og:image:type\" content=\"image\/jpeg\" \/>\n<meta name=\"twitter:card\" content=\"summary_large_image\" \/>\n<meta name=\"twitter:label1\" content=\"Est. reading time\" \/>\n\t<meta name=\"twitter:data1\" content=\"1 minute\" \/>\n<script type=\"application\/ld+json\" class=\"yoast-schema-graph\">{\"@context\":\"https:\/\/schema.org\",\"@graph\":[{\"@type\":\"WebPage\",\"@id\":\"https:\/\/www.grandmercuredalat.com\/vi\/meetings-events\/tony-jane\/\",\"url\":\"https:\/\/www.grandmercuredalat.com\/vi\/meetings-events\/tony-jane\/\",\"name\":\"Ph\u00f2ng H\u1ecdp Tony & Jane t\u1ea1i \u0110\u00e0 L\u1ea1t | Kh\u00f4ng gian ri\u00eang t\u01b0 sang tr\u1ecdng\",\"isPartOf\":{\"@id\":\"https:\/\/www.grandmercuredalat.com\/#website\"},\"primaryImageOfPage\":{\"@id\":\"https:\/\/www.grandmercuredalat.com\/vi\/meetings-events\/tony-jane\/#primaryimage\"},\"image\":{\"@id\":\"https:\/\/www.grandmercuredalat.com\/vi\/meetings-events\/tony-jane\/#primaryimage\"},\"thumbnailUrl\":\"https:\/\/www.grandmercuredalat.com\/wp-content\/uploads\/sites\/4\/2025\/10\/Birthday-Party-18.jpg\",\"datePublished\":\"2025-10-09T03:05:17+00:00\",\"dateModified\":\"2026-03-02T08:32:45+00:00\",\"description\":\"Ph\u00f2ng h\u1ecdp nh\u1ecf Tony & Jane t\u1ea1i \u0110\u00e0 L\u1ea1t mang \u0111\u1ebfn s\u1ef1 l\u1ef1a ch\u1ecdn ho\u00e0n h\u1ea3o cho b\u1eefa tr\u01b0a doanh nghi\u1ec7p, ti\u1ec7c th\u00e2n m\u1eadt, hay nh\u1eefng bu\u1ed5i g\u1eb7p g\u1ee1 VIP.\",\"breadcrumb\":{\"@id\":\"https:\/\/www.grandmercuredalat.com\/vi\/meetings-events\/tony-jane\/#breadcrumb\"},\"inLanguage\":\"vi-VN\",\"potentialAction\":[{\"@type\":\"ReadAction\",\"target\":[\"https:\/\/www.grandmercuredalat.com\/vi\/meetings-events\/tony-jane\/\"]}]},{\"@type\":\"ImageObject\",\"inLanguage\":\"vi-VN\",\"@id\":\"https:\/\/www.grandmercuredalat.com\/vi\/meetings-events\/tony-jane\/#primaryimage\",\"url\":\"https:\/\/www.grandmercuredalat.com\/wp-content\/uploads\/sites\/4\/2025\/10\/Birthday-Party-18.jpg\",\"contentUrl\":\"https:\/\/www.grandmercuredalat.com\/wp-content\/uploads\/sites\/4\/2025\/10\/Birthday-Party-18.jpg\",\"width\":1800,\"height\":1200,\"caption\":\"Ph\u00f2ng Tony & Jane\"},{\"@type\":\"BreadcrumbList\",\"@id\":\"https:\/\/www.grandmercuredalat.com\/vi\/meetings-events\/tony-jane\/#breadcrumb\",\"itemListElement\":[{\"@type\":\"ListItem\",\"position\":1,\"name\":\"Home\",\"item\":\"https:\/\/www.grandmercuredalat.com\/vi\/\"},{\"@type\":\"ListItem\",\"position\":2,\"name\":\"H\u1ed9i Ngh\u1ecb &amp; S\u1ef1 Ki\u1ec7n\",\"item\":\"https:\/\/www.grandmercuredalat.com\/vi\/meetings-events\/\"},{\"@type\":\"ListItem\",\"position\":3,\"name\":\"Ph\u00f2ng Tony &amp; Jane\"}]},{\"@type\":\"WebSite\",\"@id\":\"https:\/\/www.grandmercuredalat.com\/#website\",\"url\":\"https:\/\/www.grandmercuredalat.com\/\",\"name\":\"Grand Mercure Dalat Resort\",\"description\":\"\",\"publisher\":{\"@id\":\"https:\/\/www.grandmercuredalat.com\/#organization\"},\"potentialAction\":[{\"@type\":\"SearchAction\",\"target\":{\"@type\":\"EntryPoint\",\"urlTemplate\":\"https:\/\/www.grandmercuredalat.com\/?s={search_term_string}\"},\"query-input\":{\"@type\":\"PropertyValueSpecification\",\"valueRequired\":true,\"valueName\":\"search_term_string\"}}],\"inLanguage\":\"vi-VN\"},{\"@type\":\"Organization\",\"@id\":\"https:\/\/www.grandmercuredalat.com\/#organization\",\"name\":\"Grand Mercure Dalat Resort\",\"url\":\"https:\/\/www.grandmercuredalat.com\/\",\"logo\":{\"@type\":\"ImageObject\",\"inLanguage\":\"vi-VN\",\"@id\":\"https:\/\/www.grandmercuredalat.com\/#\/schema\/logo\/image\/\",\"url\":\"https:\/\/www.grandmercuredalat.com\/wp-content\/uploads\/sites\/4\/2025\/10\/Pool-26.jpg\",\"contentUrl\":\"https:\/\/www.grandmercuredalat.com\/wp-content\/uploads\/sites\/4\/2025\/10\/Pool-26.jpg\",\"width\":1800,\"height\":1200,\"caption\":\"Grand Mercure Dalat Resort\"},\"image\":{\"@id\":\"https:\/\/www.grandmercuredalat.com\/#\/schema\/logo\/image\/\"}}]}<\/script>\n<!-- \/ Yoast SEO plugin. -->","yoast_head_json":{"title":"Ph\u00f2ng H\u1ecdp Tony & Jane t\u1ea1i \u0110\u00e0 L\u1ea1t | Kh\u00f4ng gian ri\u00eang t\u01b0 sang tr\u1ecdng","description":"Ph\u00f2ng h\u1ecdp nh\u1ecf Tony & Jane t\u1ea1i \u0110\u00e0 L\u1ea1t mang \u0111\u1ebfn s\u1ef1 l\u1ef1a ch\u1ecdn ho\u00e0n h\u1ea3o cho b\u1eefa tr\u01b0a doanh nghi\u1ec7p, ti\u1ec7c th\u00e2n m\u1eadt, hay nh\u1eefng bu\u1ed5i g\u1eb7p g\u1ee1 VIP.","robots":{"index":"index","follow":"follow","max-snippet":"max-snippet:-1","max-image-preview":"max-image-preview:large","max-video-preview":"max-video-preview:-1"},"canonical":"https:\/\/www.grandmercuredalat.com\/vi\/meetings-events\/tony-jane\/","og_locale":"vi_VN","og_type":"article","og_title":"Ph\u00f2ng H\u1ecdp Tony & Jane t\u1ea1i \u0110\u00e0 L\u1ea1t | Kh\u00f4ng gian ri\u00eang t\u01b0 sang tr\u1ecdng","og_description":"Ph\u00f2ng h\u1ecdp nh\u1ecf Tony & Jane t\u1ea1i \u0110\u00e0 L\u1ea1t mang \u0111\u1ebfn s\u1ef1 l\u1ef1a ch\u1ecdn ho\u00e0n h\u1ea3o cho b\u1eefa tr\u01b0a doanh nghi\u1ec7p, ti\u1ec7c th\u00e2n m\u1eadt, hay nh\u1eefng bu\u1ed5i g\u1eb7p g\u1ee1 VIP.","og_url":"https:\/\/www.grandmercuredalat.com\/vi\/meetings-events\/tony-jane\/","og_site_name":"Grand Mercure Dalat Resort","article_modified_time":"2026-03-02T08:32:45+00:00","og_image":[{"width":1800,"height":1200,"url":"https:\/\/www.grandmercuredalat.com\/wp-content\/uploads\/sites\/4\/2025\/10\/Birthday-Party-18.jpg","type":"image\/jpeg"}],"twitter_card":"summary_large_image","twitter_misc":{"Est. reading time":"1 minute"},"schema":{"@context":"https:\/\/schema.org","@graph":[{"@type":"WebPage","@id":"https:\/\/www.grandmercuredalat.com\/vi\/meetings-events\/tony-jane\/","url":"https:\/\/www.grandmercuredalat.com\/vi\/meetings-events\/tony-jane\/","name":"Ph\u00f2ng H\u1ecdp Tony & Jane t\u1ea1i \u0110\u00e0 L\u1ea1t | Kh\u00f4ng gian ri\u00eang t\u01b0 sang tr\u1ecdng","isPartOf":{"@id":"https:\/\/www.grandmercuredalat.com\/#website"},"primaryImageOfPage":{"@id":"https:\/\/www.grandmercuredalat.com\/vi\/meetings-events\/tony-jane\/#primaryimage"},"image":{"@id":"https:\/\/www.grandmercuredalat.com\/vi\/meetings-events\/tony-jane\/#primaryimage"},"thumbnailUrl":"https:\/\/www.grandmercuredalat.com\/wp-content\/uploads\/sites\/4\/2025\/10\/Birthday-Party-18.jpg","datePublished":"2025-10-09T03:05:17+00:00","dateModified":"2026-03-02T08:32:45+00:00","description":"Ph\u00f2ng h\u1ecdp nh\u1ecf Tony & Jane t\u1ea1i \u0110\u00e0 L\u1ea1t mang \u0111\u1ebfn s\u1ef1 l\u1ef1a ch\u1ecdn ho\u00e0n h\u1ea3o cho b\u1eefa tr\u01b0a doanh nghi\u1ec7p, ti\u1ec7c th\u00e2n m\u1eadt, hay nh\u1eefng bu\u1ed5i g\u1eb7p g\u1ee1 VIP.","breadcrumb":{"@id":"https:\/\/www.grandmercuredalat.com\/vi\/meetings-events\/tony-jane\/#breadcrumb"},"inLanguage":"vi-VN","potentialAction":[{"@type":"ReadAction","target":["https:\/\/www.grandmercuredalat.com\/vi\/meetings-events\/tony-jane\/"]}]},{"@type":"ImageObject","inLanguage":"vi-VN","@id":"https:\/\/www.grandmercuredalat.com\/vi\/meetings-events\/tony-jane\/#primaryimage","url":"https:\/\/www.grandmercuredalat.com\/wp-content\/uploads\/sites\/4\/2025\/10\/Birthday-Party-18.jpg","contentUrl":"https:\/\/www.grandmercuredalat.com\/wp-content\/uploads\/sites\/4\/2025\/10\/Birthday-Party-18.jpg","width":1800,"height":1200,"caption":"Ph\u00f2ng Tony & Jane"},{"@type":"BreadcrumbList","@id":"https:\/\/www.grandmercuredalat.com\/vi\/meetings-events\/tony-jane\/#breadcrumb","itemListElement":[{"@type":"ListItem","position":1,"name":"Home","item":"https:\/\/www.grandmercuredalat.com\/vi\/"},{"@type":"ListItem","position":2,"name":"H\u1ed9i Ngh\u1ecb &amp; S\u1ef1 Ki\u1ec7n","item":"https:\/\/www.grandmercuredalat.com\/vi\/meetings-events\/"},{"@type":"ListItem","position":3,"name":"Ph\u00f2ng Tony &amp; Jane"}]},{"@type":"WebSite","@id":"https:\/\/www.grandmercuredalat.com\/#website","url":"https:\/\/www.grandmercuredalat.com\/","name":"Grand Mercure Dalat Resort","description":"","publisher":{"@id":"https:\/\/www.grandmercuredalat.com\/#organization"},"potentialAction":[{"@type":"SearchAction","target":{"@type":"EntryPoint","urlTemplate":"https:\/\/www.grandmercuredalat.com\/?s={search_term_string}"},"query-input":{"@type":"PropertyValueSpecification","valueRequired":true,"valueName":"search_term_string"}}],"inLanguage":"vi-VN"},{"@type":"Organization","@id":"https:\/\/www.grandmercuredalat.com\/#organization","name":"Grand Mercure Dalat Resort","url":"https:\/\/www.grandmercuredalat.com\/","logo":{"@type":"ImageObject","inLanguage":"vi-VN","@id":"https:\/\/www.grandmercuredalat.com\/#\/schema\/logo\/image\/","url":"https:\/\/www.grandmercuredalat.com\/wp-content\/uploads\/sites\/4\/2025\/10\/Pool-26.jpg","contentUrl":"https:\/\/www.grandmercuredalat.com\/wp-content\/uploads\/sites\/4\/2025\/10\/Pool-26.jpg","width":1800,"height":1200,"caption":"Grand Mercure Dalat Resort"},"image":{"@id":"https:\/\/www.grandmercuredalat.com\/#\/schema\/logo\/image\/"}}]}},"_links":{"self":[{"href":"https:\/\/www.grandmercuredalat.com\/vi\/wp-json\/wp\/v2\/pages\/288","targetHints":{"allow":["GET"]}}],"collection":[{"href":"https:\/\/www.grandmercuredalat.com\/vi\/wp-json\/wp\/v2\/pages"}],"about":[{"href":"https:\/\/www.grandmercuredalat.com\/vi\/wp-json\/wp\/v2\/types\/page"}],"author":[{"embeddable":true,"href":"https:\/\/www.grandmercuredalat.com\/vi\/wp-json\/wp\/v2\/users\/30"}],"replies":[{"embeddable":true,"href":"https:\/\/www.grandmercuredalat.com\/vi\/wp-json\/wp\/v2\/comments?post=288"}],"version-history":[{"count":0,"href":"https:\/\/www.grandmercuredalat.com\/vi\/wp-json\/wp\/v2\/pages\/288\/revisions"}],"up":[{"embeddable":true,"href":"https:\/\/www.grandmercuredalat.com\/vi\/wp-json\/wp\/v2\/pages\/285"}],"wp:featuredmedia":[{"embeddable":true,"href":"https:\/\/www.grandmercuredalat.com\/vi\/wp-json\/wp\/v2\/media\/174"}],"wp:attachment":[{"href":"https:\/\/www.grandmercuredalat.com\/vi\/wp-json\/wp\/v2\/media?parent=288"}],"wp:term":[{"taxonomy":"category","embeddable":true,"href":"https:\/\/www.grandmercuredalat.com\/vi\/wp-json\/wp\/v2\/categories?post=288"}],"curies":[{"name":"wp","href":"https:\/\/api.w.org\/{rel}","templated":true}]}}