{"id":287,"date":"2025-10-09T03:01:35","date_gmt":"2025-10-09T03:01:35","guid":{"rendered":"https:\/\/grandmercuredalatresort.accorv2prod2.decms.eu\/meetings-events\/le-soliel\/"},"modified":"2026-03-02T08:32:27","modified_gmt":"2026-03-02T08:32:27","slug":"le-soleil","status":"publish","type":"page","link":"https:\/\/www.grandmercuredalat.com\/vi\/meetings-events\/le-soleil\/","title":{"rendered":"Ph\u00f2ng Y\u1ebfn Ti\u1ec7c Le Soleil"},"content":{"rendered":"<p>Kh\u00e1m ph\u00e1 n\u00e9t \u0111\u1eb9p v\u01b0\u1ee3t th\u1eddi gian v\u00e0 s\u1ef1 \u0111\u1ed9c b\u1ea3n ngay gi\u1eefa l\u00f2ng \u0110\u00e0 L\u1ea1t t\u1ea1i <strong>Ph\u00f2ng y\u1ebfn ti\u1ec7c Le Soleil<\/strong>. V\u1edbi s\u1ee9c ch\u1ee9a l\u00ean \u0111\u1ebfn 220 kh\u00e1ch, kh\u00f4ng gian sang tr\u1ecdng n\u00e0y l\u00e0 l\u1ef1a ch\u1ecdn ho\u00e0n h\u1ea3o cho ti\u1ec7c c\u01b0\u1edbi, s\u1ef1 ki\u1ec7n doanh nghi\u1ec7p hay h\u1ed9i ngh\u1ecb \u2013 n\u01a1i ch\u1ec9 s\u1ef1 ho\u00e0n h\u1ea3o m\u1edbi \u0111\u1ee7 \u0111\u1ec3 x\u1ee9ng t\u1ea7m.<\/p>\n<p>B\u01b0\u1edbc v\u00e0o m\u1ed9t th\u1ebf gi\u1edbi n\u01a1i s\u1ef1 tr\u00e1ng l\u1ec7 g\u1eb7p g\u1ee1 n\u00e9t quy\u1ebfn r\u0169 ngh\u1ec7 thu\u1eadt. Ki\u1ebfn tr\u00fac Ph\u00e1p c\u1ed5 \u0111i\u1ec3n, tr\u1ea7n nh\u00e0 cao v\u00fat c\u00f9ng nh\u1eefng chi ti\u1ebft c\u1ed5 \u0111i\u1ec3n tinh m\u1ef9 t\u1ea1o n\u00ean m\u1ed9t kh\u00f4ng gian v\u1eeba xa hoa v\u1eeba duy\u00ean d\u00e1ng. D\u00f9 b\u1ea1n \u0111ang l\u00ean k\u1ebf ho\u1ea1ch cho m\u1ed9t bu\u1ed5i ti\u1ec7c chi\u00eau \u0111\u00e3i sang tr\u1ecdng hay m\u1ed9t <strong><a href=\"https:\/\/www.grandmercuredalat.com\/vi\/meetings-events\/\" target=\"_blank\" rel=\"noopener\">h\u1ed9i ngh\u1ecb t\u1ea1i \u0110\u00e0 L\u1ea1t<\/a><\/strong> th\u1eadt phong c\u00e1ch, t\u1eebng chi ti\u1ebft trong Ph\u00f2ng Le Soleil \u0111\u1ec1u \u0111\u01b0\u1ee3c ch\u0103m ch\u00fat \u0111\u1ec3 mang l\u1ea1i tr\u1ea3i nghi\u1ec7m kh\u00f3 qu\u00ean.<\/p>\n<p>V\u1edbi \u0111\u1ed9i ng\u0169 t\u1eadn t\u00e2m v\u00e0 chuy\u00ean nghi\u1ec7p, d\u1ecbch v\u1ee5 c\u00e1 nh\u00e2n h\u00f3a ch\u00ednh l\u00e0 tr\u00e1i tim c\u1ee7a m\u1ed7i s\u1ef1 ki\u1ec7n, \u0111\u1ec3 b\u1ea1n th\u1ea3nh th\u01a1i t\u1eadn h\u01b0\u1edfng t\u1eebng kho\u1ea3nh kh\u1eafc trong b\u1ea7u kh\u00f4ng kh\u00ed thanh l\u1ecbch v\u00e0 \u0111\u1eadm ch\u1ea5t h\u01b0\u1edfng th\u1ee5.<\/p>\n<p>Ph\u00f2ng Le Soleil \u2013 n\u01a1i s\u1ef1 tinh t\u1ebf v\u0129nh h\u1eb1ng n\u00e2ng t\u1ea7m t\u1eebng ph\u00fat gi\u00e2y.<\/p>\n","protected":false},"excerpt":{"rendered":"<p>Kh\u00e1m ph\u00e1 n\u00e9t \u0111\u1eb9p v\u01b0\u1ee3t th\u1eddi gian v\u00e0 s\u1ef1 \u0111\u1ed9c b\u1ea3n ngay gi\u1eefa l\u00f2ng \u0110\u00e0 L\u1ea1t t\u1ea1i Ph\u00f2ng y\u1ebfn ti\u1ec7c Le Soleil. V\u1edbi s\u1ee9c ch\u1ee9a l\u00ean \u0111\u1ebfn 220 kh\u00e1ch, kh\u00f4ng gian sang tr\u1ecdng n\u00e0y l\u00e0 l\u1ef1a ch\u1ecdn ho\u00e0n h\u1ea3o cho ti\u1ec7c c\u01b0\u1edbi, s\u1ef1 ki\u1ec7n doanh nghi\u1ec7p hay h\u1ed9i ngh\u1ecb \u2013 n\u01a1i ch\u1ec9 s\u1ef1 ho\u00e0n h\u1ea3o [&hellip;]<\/p>\n","protected":false},"author":30,"featured_media":171,"parent":285,"menu_order":2,"comment_status":"closed","ping_status":"closed","template":"template-meeting-room.php","meta":{"footnotes":""},"categories":[],"class_list":["post-287","page","type-page","status-publish","has-post-thumbnail","hentry"],"acf":[],"yoast_head":"<!-- This site is optimized with the Yoast SEO plugin v26.9 - https:\/\/yoast.com\/product\/yoast-seo-wordpress\/ -->\n<title>Ph\u00f2ng Y\u1ebfn Ti\u1ec7c Le Soleil | Kh\u00f4ng Gian H\u1ed9i Ngh\u1ecb \u0110\u1ea7y Phong C\u00e1ch<\/title>\n<meta name=\"description\" content=\"Ph\u00f2ng Y\u1ebfn Ti\u1ec7c Le Soleil mang \u0111\u1ebfn tr\u1ea7n cao \u1ea5n t\u01b0\u1ee3ng, n\u00e9t duy\u00ean c\u1ed5 \u0111i\u1ec3n v\u00e0 d\u1ecbch v\u1ee5 \u0111\u01b0\u1ee3c ch\u0103m ch\u00fat t\u1ec9 m\u1ec9 cho s\u1ee9c ch\u1ee9a l\u00ean \u0111\u1ebfn 220 kh\u00e1ch.\" \/>\n<meta name=\"robots\" content=\"index, follow, max-snippet:-1, max-image-preview:large, max-video-preview:-1\" \/>\n<link rel=\"canonical\" href=\"https:\/\/www.grandmercuredalat.com\/vi\/meetings-events\/le-soleil\/\" \/>\n<meta property=\"og:locale\" content=\"vi_VN\" \/>\n<meta property=\"og:type\" content=\"article\" \/>\n<meta property=\"og:title\" content=\"Ph\u00f2ng Y\u1ebfn Ti\u1ec7c Le Soleil | Kh\u00f4ng Gian H\u1ed9i Ngh\u1ecb \u0110\u1ea7y Phong C\u00e1ch\" \/>\n<meta property=\"og:description\" content=\"Ph\u00f2ng Y\u1ebfn Ti\u1ec7c Le Soleil mang \u0111\u1ebfn tr\u1ea7n cao \u1ea5n t\u01b0\u1ee3ng, n\u00e9t duy\u00ean c\u1ed5 \u0111i\u1ec3n v\u00e0 d\u1ecbch v\u1ee5 \u0111\u01b0\u1ee3c ch\u0103m ch\u00fat t\u1ec9 m\u1ec9 cho s\u1ee9c ch\u1ee9a l\u00ean \u0111\u1ebfn 220 kh\u00e1ch.\" \/>\n<meta property=\"og:url\" content=\"https:\/\/www.grandmercuredalat.com\/vi\/meetings-events\/le-soleil\/\" \/>\n<meta property=\"og:site_name\" content=\"Grand Mercure Dalat Resort\" \/>\n<meta property=\"article:modified_time\" content=\"2026-03-02T08:32:27+00:00\" \/>\n<meta property=\"og:image\" content=\"https:\/\/www.grandmercuredalat.com\/wp-content\/uploads\/sites\/4\/2025\/10\/Theater2.jpg\" \/>\n\t<meta property=\"og:image:width\" content=\"1800\" \/>\n\t<meta property=\"og:image:height\" content=\"1200\" \/>\n\t<meta property=\"og:image:type\" content=\"image\/jpeg\" \/>\n<meta name=\"twitter:card\" content=\"summary_large_image\" \/>\n<meta name=\"twitter:label1\" content=\"Est. reading time\" \/>\n\t<meta name=\"twitter:data1\" content=\"2 minutes\" \/>\n<script type=\"application\/ld+json\" class=\"yoast-schema-graph\">{\"@context\":\"https:\/\/schema.org\",\"@graph\":[{\"@type\":\"WebPage\",\"@id\":\"https:\/\/www.grandmercuredalat.com\/vi\/meetings-events\/le-soleil\/\",\"url\":\"https:\/\/www.grandmercuredalat.com\/vi\/meetings-events\/le-soleil\/\",\"name\":\"Ph\u00f2ng Y\u1ebfn Ti\u1ec7c Le Soleil | Kh\u00f4ng Gian H\u1ed9i Ngh\u1ecb \u0110\u1ea7y Phong C\u00e1ch\",\"isPartOf\":{\"@id\":\"https:\/\/www.grandmercuredalat.com\/#website\"},\"primaryImageOfPage\":{\"@id\":\"https:\/\/www.grandmercuredalat.com\/vi\/meetings-events\/le-soleil\/#primaryimage\"},\"image\":{\"@id\":\"https:\/\/www.grandmercuredalat.com\/vi\/meetings-events\/le-soleil\/#primaryimage\"},\"thumbnailUrl\":\"https:\/\/www.grandmercuredalat.com\/wp-content\/uploads\/sites\/4\/2025\/10\/Theater2.jpg\",\"datePublished\":\"2025-10-09T03:01:35+00:00\",\"dateModified\":\"2026-03-02T08:32:27+00:00\",\"description\":\"Ph\u00f2ng Y\u1ebfn Ti\u1ec7c Le Soleil mang \u0111\u1ebfn tr\u1ea7n cao \u1ea5n t\u01b0\u1ee3ng, n\u00e9t duy\u00ean c\u1ed5 \u0111i\u1ec3n v\u00e0 d\u1ecbch v\u1ee5 \u0111\u01b0\u1ee3c ch\u0103m ch\u00fat t\u1ec9 m\u1ec9 cho s\u1ee9c ch\u1ee9a l\u00ean \u0111\u1ebfn 220 kh\u00e1ch.\",\"breadcrumb\":{\"@id\":\"https:\/\/www.grandmercuredalat.com\/vi\/meetings-events\/le-soleil\/#breadcrumb\"},\"inLanguage\":\"vi-VN\",\"potentialAction\":[{\"@type\":\"ReadAction\",\"target\":[\"https:\/\/www.grandmercuredalat.com\/vi\/meetings-events\/le-soleil\/\"]}]},{\"@type\":\"ImageObject\",\"inLanguage\":\"vi-VN\",\"@id\":\"https:\/\/www.grandmercuredalat.com\/vi\/meetings-events\/le-soleil\/#primaryimage\",\"url\":\"https:\/\/www.grandmercuredalat.com\/wp-content\/uploads\/sites\/4\/2025\/10\/Theater2.jpg\",\"contentUrl\":\"https:\/\/www.grandmercuredalat.com\/wp-content\/uploads\/sites\/4\/2025\/10\/Theater2.jpg\",\"width\":1800,\"height\":1200,\"caption\":\"Ph\u00f2ng Le Soleil t\u1ea1i \u0110\u00e0 L\u1ea1t\"},{\"@type\":\"BreadcrumbList\",\"@id\":\"https:\/\/www.grandmercuredalat.com\/vi\/meetings-events\/le-soleil\/#breadcrumb\",\"itemListElement\":[{\"@type\":\"ListItem\",\"position\":1,\"name\":\"Home\",\"item\":\"https:\/\/www.grandmercuredalat.com\/vi\/\"},{\"@type\":\"ListItem\",\"position\":2,\"name\":\"H\u1ed9i Ngh\u1ecb &amp; S\u1ef1 Ki\u1ec7n\",\"item\":\"https:\/\/www.grandmercuredalat.com\/vi\/meetings-events\/\"},{\"@type\":\"ListItem\",\"position\":3,\"name\":\"Ph\u00f2ng Y\u1ebfn Ti\u1ec7c Le Soleil\"}]},{\"@type\":\"WebSite\",\"@id\":\"https:\/\/www.grandmercuredalat.com\/#website\",\"url\":\"https:\/\/www.grandmercuredalat.com\/\",\"name\":\"Grand Mercure Dalat Resort\",\"description\":\"\",\"publisher\":{\"@id\":\"https:\/\/www.grandmercuredalat.com\/#organization\"},\"potentialAction\":[{\"@type\":\"SearchAction\",\"target\":{\"@type\":\"EntryPoint\",\"urlTemplate\":\"https:\/\/www.grandmercuredalat.com\/?s={search_term_string}\"},\"query-input\":{\"@type\":\"PropertyValueSpecification\",\"valueRequired\":true,\"valueName\":\"search_term_string\"}}],\"inLanguage\":\"vi-VN\"},{\"@type\":\"Organization\",\"@id\":\"https:\/\/www.grandmercuredalat.com\/#organization\",\"name\":\"Grand Mercure Dalat Resort\",\"url\":\"https:\/\/www.grandmercuredalat.com\/\",\"logo\":{\"@type\":\"ImageObject\",\"inLanguage\":\"vi-VN\",\"@id\":\"https:\/\/www.grandmercuredalat.com\/#\/schema\/logo\/image\/\",\"url\":\"https:\/\/www.grandmercuredalat.com\/wp-content\/uploads\/sites\/4\/2025\/10\/Pool-26.jpg\",\"contentUrl\":\"https:\/\/www.grandmercuredalat.com\/wp-content\/uploads\/sites\/4\/2025\/10\/Pool-26.jpg\",\"width\":1800,\"height\":1200,\"caption\":\"Grand Mercure Dalat Resort\"},\"image\":{\"@id\":\"https:\/\/www.grandmercuredalat.com\/#\/schema\/logo\/image\/\"}}]}<\/script>\n<!-- \/ Yoast SEO plugin. -->","yoast_head_json":{"title":"Ph\u00f2ng Y\u1ebfn Ti\u1ec7c Le Soleil | Kh\u00f4ng Gian H\u1ed9i Ngh\u1ecb \u0110\u1ea7y Phong C\u00e1ch","description":"Ph\u00f2ng Y\u1ebfn Ti\u1ec7c Le Soleil mang \u0111\u1ebfn tr\u1ea7n cao \u1ea5n t\u01b0\u1ee3ng, n\u00e9t duy\u00ean c\u1ed5 \u0111i\u1ec3n v\u00e0 d\u1ecbch v\u1ee5 \u0111\u01b0\u1ee3c ch\u0103m ch\u00fat t\u1ec9 m\u1ec9 cho s\u1ee9c ch\u1ee9a l\u00ean \u0111\u1ebfn 220 kh\u00e1ch.","robots":{"index":"index","follow":"follow","max-snippet":"max-snippet:-1","max-image-preview":"max-image-preview:large","max-video-preview":"max-video-preview:-1"},"canonical":"https:\/\/www.grandmercuredalat.com\/vi\/meetings-events\/le-soleil\/","og_locale":"vi_VN","og_type":"article","og_title":"Ph\u00f2ng Y\u1ebfn Ti\u1ec7c Le Soleil | Kh\u00f4ng Gian H\u1ed9i Ngh\u1ecb \u0110\u1ea7y Phong C\u00e1ch","og_description":"Ph\u00f2ng Y\u1ebfn Ti\u1ec7c Le Soleil mang \u0111\u1ebfn tr\u1ea7n cao \u1ea5n t\u01b0\u1ee3ng, n\u00e9t duy\u00ean c\u1ed5 \u0111i\u1ec3n v\u00e0 d\u1ecbch v\u1ee5 \u0111\u01b0\u1ee3c ch\u0103m ch\u00fat t\u1ec9 m\u1ec9 cho s\u1ee9c ch\u1ee9a l\u00ean \u0111\u1ebfn 220 kh\u00e1ch.","og_url":"https:\/\/www.grandmercuredalat.com\/vi\/meetings-events\/le-soleil\/","og_site_name":"Grand Mercure Dalat Resort","article_modified_time":"2026-03-02T08:32:27+00:00","og_image":[{"width":1800,"height":1200,"url":"https:\/\/www.grandmercuredalat.com\/wp-content\/uploads\/sites\/4\/2025\/10\/Theater2.jpg","type":"image\/jpeg"}],"twitter_card":"summary_large_image","twitter_misc":{"Est. reading time":"2 minutes"},"schema":{"@context":"https:\/\/schema.org","@graph":[{"@type":"WebPage","@id":"https:\/\/www.grandmercuredalat.com\/vi\/meetings-events\/le-soleil\/","url":"https:\/\/www.grandmercuredalat.com\/vi\/meetings-events\/le-soleil\/","name":"Ph\u00f2ng Y\u1ebfn Ti\u1ec7c Le Soleil | Kh\u00f4ng Gian H\u1ed9i Ngh\u1ecb \u0110\u1ea7y Phong C\u00e1ch","isPartOf":{"@id":"https:\/\/www.grandmercuredalat.com\/#website"},"primaryImageOfPage":{"@id":"https:\/\/www.grandmercuredalat.com\/vi\/meetings-events\/le-soleil\/#primaryimage"},"image":{"@id":"https:\/\/www.grandmercuredalat.com\/vi\/meetings-events\/le-soleil\/#primaryimage"},"thumbnailUrl":"https:\/\/www.grandmercuredalat.com\/wp-content\/uploads\/sites\/4\/2025\/10\/Theater2.jpg","datePublished":"2025-10-09T03:01:35+00:00","dateModified":"2026-03-02T08:32:27+00:00","description":"Ph\u00f2ng Y\u1ebfn Ti\u1ec7c Le Soleil mang \u0111\u1ebfn tr\u1ea7n cao \u1ea5n t\u01b0\u1ee3ng, n\u00e9t duy\u00ean c\u1ed5 \u0111i\u1ec3n v\u00e0 d\u1ecbch v\u1ee5 \u0111\u01b0\u1ee3c ch\u0103m ch\u00fat t\u1ec9 m\u1ec9 cho s\u1ee9c ch\u1ee9a l\u00ean \u0111\u1ebfn 220 kh\u00e1ch.","breadcrumb":{"@id":"https:\/\/www.grandmercuredalat.com\/vi\/meetings-events\/le-soleil\/#breadcrumb"},"inLanguage":"vi-VN","potentialAction":[{"@type":"ReadAction","target":["https:\/\/www.grandmercuredalat.com\/vi\/meetings-events\/le-soleil\/"]}]},{"@type":"ImageObject","inLanguage":"vi-VN","@id":"https:\/\/www.grandmercuredalat.com\/vi\/meetings-events\/le-soleil\/#primaryimage","url":"https:\/\/www.grandmercuredalat.com\/wp-content\/uploads\/sites\/4\/2025\/10\/Theater2.jpg","contentUrl":"https:\/\/www.grandmercuredalat.com\/wp-content\/uploads\/sites\/4\/2025\/10\/Theater2.jpg","width":1800,"height":1200,"caption":"Ph\u00f2ng Le Soleil t\u1ea1i \u0110\u00e0 L\u1ea1t"},{"@type":"BreadcrumbList","@id":"https:\/\/www.grandmercuredalat.com\/vi\/meetings-events\/le-soleil\/#breadcrumb","itemListElement":[{"@type":"ListItem","position":1,"name":"Home","item":"https:\/\/www.grandmercuredalat.com\/vi\/"},{"@type":"ListItem","position":2,"name":"H\u1ed9i Ngh\u1ecb &amp; S\u1ef1 Ki\u1ec7n","item":"https:\/\/www.grandmercuredalat.com\/vi\/meetings-events\/"},{"@type":"ListItem","position":3,"name":"Ph\u00f2ng Y\u1ebfn Ti\u1ec7c Le Soleil"}]},{"@type":"WebSite","@id":"https:\/\/www.grandmercuredalat.com\/#website","url":"https:\/\/www.grandmercuredalat.com\/","name":"Grand Mercure Dalat Resort","description":"","publisher":{"@id":"https:\/\/www.grandmercuredalat.com\/#organization"},"potentialAction":[{"@type":"SearchAction","target":{"@type":"EntryPoint","urlTemplate":"https:\/\/www.grandmercuredalat.com\/?s={search_term_string}"},"query-input":{"@type":"PropertyValueSpecification","valueRequired":true,"valueName":"search_term_string"}}],"inLanguage":"vi-VN"},{"@type":"Organization","@id":"https:\/\/www.grandmercuredalat.com\/#organization","name":"Grand Mercure Dalat Resort","url":"https:\/\/www.grandmercuredalat.com\/","logo":{"@type":"ImageObject","inLanguage":"vi-VN","@id":"https:\/\/www.grandmercuredalat.com\/#\/schema\/logo\/image\/","url":"https:\/\/www.grandmercuredalat.com\/wp-content\/uploads\/sites\/4\/2025\/10\/Pool-26.jpg","contentUrl":"https:\/\/www.grandmercuredalat.com\/wp-content\/uploads\/sites\/4\/2025\/10\/Pool-26.jpg","width":1800,"height":1200,"caption":"Grand Mercure Dalat Resort"},"image":{"@id":"https:\/\/www.grandmercuredalat.com\/#\/schema\/logo\/image\/"}}]}},"_links":{"self":[{"href":"https:\/\/www.grandmercuredalat.com\/vi\/wp-json\/wp\/v2\/pages\/287","targetHints":{"allow":["GET"]}}],"collection":[{"href":"https:\/\/www.grandmercuredalat.com\/vi\/wp-json\/wp\/v2\/pages"}],"about":[{"href":"https:\/\/www.grandmercuredalat.com\/vi\/wp-json\/wp\/v2\/types\/page"}],"author":[{"embeddable":true,"href":"https:\/\/www.grandmercuredalat.com\/vi\/wp-json\/wp\/v2\/users\/30"}],"replies":[{"embeddable":true,"href":"https:\/\/www.grandmercuredalat.com\/vi\/wp-json\/wp\/v2\/comments?post=287"}],"version-history":[{"count":0,"href":"https:\/\/www.grandmercuredalat.com\/vi\/wp-json\/wp\/v2\/pages\/287\/revisions"}],"up":[{"embeddable":true,"href":"https:\/\/www.grandmercuredalat.com\/vi\/wp-json\/wp\/v2\/pages\/285"}],"wp:featuredmedia":[{"embeddable":true,"href":"https:\/\/www.grandmercuredalat.com\/vi\/wp-json\/wp\/v2\/media\/171"}],"wp:attachment":[{"href":"https:\/\/www.grandmercuredalat.com\/vi\/wp-json\/wp\/v2\/media?parent=287"}],"wp:term":[{"taxonomy":"category","embeddable":true,"href":"https:\/\/www.grandmercuredalat.com\/vi\/wp-json\/wp\/v2\/categories?post=287"}],"curies":[{"name":"wp","href":"https:\/\/api.w.org\/{rel}","templated":true}]}}