{"id":286,"date":"2025-10-06T08:27:56","date_gmt":"2025-10-06T08:27:56","guid":{"rendered":"https:\/\/grandmercuredalatresort.accorv2prod2.decms.eu\/meetings-events\/la-belle\/"},"modified":"2026-03-02T08:27:29","modified_gmt":"2026-03-02T08:27:29","slug":"la-belle","status":"publish","type":"page","link":"https:\/\/www.grandmercuredalat.com\/vi\/meetings-events\/la-belle\/","title":{"rendered":"Ph\u00f2ng Y\u1ebfn Ti\u1ec7c La Belle"},"content":{"rendered":"<p><strong>Ph\u00f2ng Y\u1ebfn Ti\u1ec7c La Belle t\u1ea1i \u0110\u00e0 L\u1ea1t<\/strong> l\u00e0 n\u01a1i m\u00e0 s\u1ef1 xa hoa h\u00f2a quy\u1ec7n c\u00f9ng t\u00ednh c\u00e1 nh\u00e2n h\u00f3a, mang \u0111\u1ebfn kh\u00f4ng gian s\u1ef1 ki\u1ec7n \u0111\u1ed9c nh\u1ea5t, ph\u1ea3n chi\u1ebfu \u0111\u00fang t\u1ea7m nh\u00ecn v\u00e0 phong c\u00e1ch c\u1ee7a b\u1ea1n. V\u1edbi s\u1ee9c ch\u1ee9a l\u00ean \u0111\u1ebfn 100 kh\u00e1ch, \u0111\u00e2y ch\u00ednh l\u00e0 ph\u00f4ng n\u1ec1n ho\u00e0n h\u1ea3o cho ti\u1ec7c c\u01b0\u1edbi, h\u1ed9i ngh\u1ecb ri\u00eang t\u01b0 hay nh\u1eefng bu\u1ed5i g\u1eb7p g\u1ee1 \u1ea5m c\u00fang.<\/p>\n<p>L\u1ea5y c\u1ea3m h\u1ee9ng t\u1eeb nh\u1eefng c\u00e2u chuy\u1ec7n t\u00ecnh b\u1ea5t t\u1eed, n\u00e9t duy\u00ean d\u00e1ng c\u1ee7a c\u00e1c n\u00e0ng th\u01a1 v\u00e0 nh\u1eefng bu\u1ed5i d\u1ea1 ti\u1ec7c xa hoa th\u1eadp ni\u00ean 1920, Ph\u00f2ng Y\u1ebfn Ti\u1ec7c La Belle k\u1ebft h\u1ee3p tinh t\u1ebf gi\u1eefa ki\u1ebfn tr\u00fac Ph\u00e1p c\u1ed5 \u0111i\u1ec3n v\u00e0 s\u1ef1 sang tr\u1ecdng hi\u1ec7n \u0111\u1ea1i. Tr\u1ea7n cao, chi ti\u1ebft tinh x\u1ea3o c\u00f9ng b\u1ea7u kh\u00f4ng kh\u00ed v\u1eeba th\u00e2n m\u1eadt v\u1eeba tr\u00e1ng l\u1ec7 t\u1ea1o n\u00ean khung c\u1ea3nh kh\u00f3 qu\u00ean.<\/p>\n<p>H\u00e3y bi\u1ebfn gi\u1ea5c m\u01a1 s\u1ef1 ki\u1ec7n c\u1ee7a b\u1ea1n th\u00e0nh hi\u1ec7n th\u1ef1c v\u1edbi nh\u1eefng l\u1ef1a ch\u1ecdn \u0111\u01b0\u1ee3c c\u00e1 nh\u00e2n h\u00f3a \u0111\u1ebfn t\u1eebng chi ti\u1ebft c\u00f9ng c\u00e1c bu\u1ed5i <strong><a href=\"https:\/\/www.grandmercuredalat.com\/vi\/meetings-events\/\" target=\"_blank\" rel=\"noopener\">h\u1ed9i ngh\u1ecb t\u1ea1i \u0110\u00e0 L\u1ea1t<\/a><\/strong>. D\u00f9 l\u00e0 m\u1ed9t h\u00f4n l\u1ec5 r\u1ef1c r\u1ee1, bu\u1ed5i ti\u1ec7c doanh nghi\u1ec7p theo ch\u1ee7 \u0111\u1ec1 hay m\u1ed9t d\u1ea1 ti\u1ec7c ri\u00eang t\u01b0, \u0111\u1ed9i ng\u0169 chuy\u00ean nghi\u1ec7p c\u1ee7a ch\u00fang t\u00f4i s\u1ebd \u0111\u1ed3ng h\u00e0nh, \u0111\u1ea3m b\u1ea3o t\u1eebng kho\u1ea3nh kh\u1eafc \u0111\u1ec1u ho\u00e0n h\u1ea3o.<\/p>\n<p>Ph\u00f2ng Y\u1ebfn Ti\u1ec7c La Belle \u2013 n\u01a1i s\u1ef1 ki\u1ec7n c\u1ee7a b\u1ea1n \u0111\u01b0\u1ee3c n\u00e2ng t\u1ea7m v\u1edbi t\u00ednh \u0111\u1ed9c b\u1ea3n, v\u1ebb thanh l\u1ecbch v\u00e0 d\u1ea5u \u1ea5n c\u00e1 nh\u00e2n.<\/p>\n","protected":false},"excerpt":{"rendered":"<p>Ph\u00f2ng Y\u1ebfn Ti\u1ec7c La Belle t\u1ea1i \u0110\u00e0 L\u1ea1t l\u00e0 n\u01a1i m\u00e0 s\u1ef1 xa hoa h\u00f2a quy\u1ec7n c\u00f9ng t\u00ednh c\u00e1 nh\u00e2n h\u00f3a, mang \u0111\u1ebfn kh\u00f4ng gian s\u1ef1 ki\u1ec7n \u0111\u1ed9c nh\u1ea5t, ph\u1ea3n chi\u1ebfu \u0111\u00fang t\u1ea7m nh\u00ecn v\u00e0 phong c\u00e1ch c\u1ee7a b\u1ea1n. V\u1edbi s\u1ee9c ch\u1ee9a l\u00ean \u0111\u1ebfn 100 kh\u00e1ch, \u0111\u00e2y ch\u00ednh l\u00e0 ph\u00f4ng n\u1ec1n ho\u00e0n h\u1ea3o cho ti\u1ec7c [&hellip;]<\/p>\n","protected":false},"author":30,"featured_media":180,"parent":285,"menu_order":0,"comment_status":"closed","ping_status":"closed","template":"template-meeting-room.php","meta":{"footnotes":""},"categories":[],"class_list":["post-286","page","type-page","status-publish","has-post-thumbnail","hentry"],"acf":[],"yoast_head":"<!-- This site is optimized with the Yoast SEO plugin v26.9 - https:\/\/yoast.com\/product\/yoast-seo-wordpress\/ -->\n<title>Ph\u00f2ng Y\u1ebfn Ti\u1ec7c La Belle t\u1ea1i \u0110\u00e0 L\u1ea1t | Kh\u00f4ng Gian Phong C\u00e1ch Ph\u00e1p<\/title>\n<meta name=\"description\" content=\"T\u1ed5 ch\u1ee9c nh\u1eefng s\u1ef1 ki\u1ec7n kh\u00f3 qu\u00ean t\u1ea1i ph\u00f2ng y\u1ebfn ti\u1ec7c La Belle t\u1ea1i \u0110\u00e0 L\u1ea1t - mang phong c\u00e1ch Ph\u00e1p th\u1eadp ni\u00ean 1920, c\u00f3 s\u1ee9c ch\u1ee9a l\u00ean \u0111\u1ebfn 100 kh\u00e1ch.\" \/>\n<meta name=\"robots\" content=\"index, follow, max-snippet:-1, max-image-preview:large, max-video-preview:-1\" \/>\n<link rel=\"canonical\" href=\"https:\/\/www.grandmercuredalat.com\/vi\/meetings-events\/la-belle\/\" \/>\n<meta property=\"og:locale\" content=\"vi_VN\" \/>\n<meta property=\"og:type\" content=\"article\" \/>\n<meta property=\"og:title\" content=\"Ph\u00f2ng Y\u1ebfn Ti\u1ec7c La Belle t\u1ea1i \u0110\u00e0 L\u1ea1t | Kh\u00f4ng Gian Phong C\u00e1ch Ph\u00e1p\" \/>\n<meta property=\"og:description\" content=\"T\u1ed5 ch\u1ee9c nh\u1eefng s\u1ef1 ki\u1ec7n kh\u00f3 qu\u00ean t\u1ea1i ph\u00f2ng y\u1ebfn ti\u1ec7c La Belle t\u1ea1i \u0110\u00e0 L\u1ea1t - mang phong c\u00e1ch Ph\u00e1p th\u1eadp ni\u00ean 1920, c\u00f3 s\u1ee9c ch\u1ee9a l\u00ean \u0111\u1ebfn 100 kh\u00e1ch.\" \/>\n<meta property=\"og:url\" content=\"https:\/\/www.grandmercuredalat.com\/vi\/meetings-events\/la-belle\/\" \/>\n<meta property=\"og:site_name\" content=\"Grand Mercure Dalat Resort\" \/>\n<meta property=\"article:modified_time\" content=\"2026-03-02T08:27:29+00:00\" \/>\n<meta property=\"og:image\" content=\"https:\/\/www.grandmercuredalat.com\/wp-content\/uploads\/sites\/4\/2025\/10\/Wedding-25-1.jpg\" \/>\n\t<meta property=\"og:image:width\" content=\"1800\" \/>\n\t<meta property=\"og:image:height\" content=\"1200\" \/>\n\t<meta property=\"og:image:type\" content=\"image\/jpeg\" \/>\n<meta name=\"twitter:card\" content=\"summary_large_image\" \/>\n<meta name=\"twitter:label1\" content=\"Est. reading time\" \/>\n\t<meta name=\"twitter:data1\" content=\"2 minutes\" \/>\n<script type=\"application\/ld+json\" class=\"yoast-schema-graph\">{\"@context\":\"https:\/\/schema.org\",\"@graph\":[{\"@type\":\"WebPage\",\"@id\":\"https:\/\/www.grandmercuredalat.com\/vi\/meetings-events\/la-belle\/\",\"url\":\"https:\/\/www.grandmercuredalat.com\/vi\/meetings-events\/la-belle\/\",\"name\":\"Ph\u00f2ng Y\u1ebfn Ti\u1ec7c La Belle t\u1ea1i \u0110\u00e0 L\u1ea1t | Kh\u00f4ng Gian Phong C\u00e1ch Ph\u00e1p\",\"isPartOf\":{\"@id\":\"https:\/\/www.grandmercuredalat.com\/#website\"},\"primaryImageOfPage\":{\"@id\":\"https:\/\/www.grandmercuredalat.com\/vi\/meetings-events\/la-belle\/#primaryimage\"},\"image\":{\"@id\":\"https:\/\/www.grandmercuredalat.com\/vi\/meetings-events\/la-belle\/#primaryimage\"},\"thumbnailUrl\":\"https:\/\/www.grandmercuredalat.com\/wp-content\/uploads\/sites\/4\/2025\/10\/Wedding-25-1.jpg\",\"datePublished\":\"2025-10-06T08:27:56+00:00\",\"dateModified\":\"2026-03-02T08:27:29+00:00\",\"description\":\"T\u1ed5 ch\u1ee9c nh\u1eefng s\u1ef1 ki\u1ec7n kh\u00f3 qu\u00ean t\u1ea1i ph\u00f2ng y\u1ebfn ti\u1ec7c La Belle t\u1ea1i \u0110\u00e0 L\u1ea1t - mang phong c\u00e1ch Ph\u00e1p th\u1eadp ni\u00ean 1920, c\u00f3 s\u1ee9c ch\u1ee9a l\u00ean \u0111\u1ebfn 100 kh\u00e1ch.\",\"breadcrumb\":{\"@id\":\"https:\/\/www.grandmercuredalat.com\/vi\/meetings-events\/la-belle\/#breadcrumb\"},\"inLanguage\":\"vi-VN\",\"potentialAction\":[{\"@type\":\"ReadAction\",\"target\":[\"https:\/\/www.grandmercuredalat.com\/vi\/meetings-events\/la-belle\/\"]}]},{\"@type\":\"ImageObject\",\"inLanguage\":\"vi-VN\",\"@id\":\"https:\/\/www.grandmercuredalat.com\/vi\/meetings-events\/la-belle\/#primaryimage\",\"url\":\"https:\/\/www.grandmercuredalat.com\/wp-content\/uploads\/sites\/4\/2025\/10\/Wedding-25-1.jpg\",\"contentUrl\":\"https:\/\/www.grandmercuredalat.com\/wp-content\/uploads\/sites\/4\/2025\/10\/Wedding-25-1.jpg\",\"width\":1800,\"height\":1200},{\"@type\":\"BreadcrumbList\",\"@id\":\"https:\/\/www.grandmercuredalat.com\/vi\/meetings-events\/la-belle\/#breadcrumb\",\"itemListElement\":[{\"@type\":\"ListItem\",\"position\":1,\"name\":\"Home\",\"item\":\"https:\/\/www.grandmercuredalat.com\/vi\/\"},{\"@type\":\"ListItem\",\"position\":2,\"name\":\"H\u1ed9i Ngh\u1ecb &amp; S\u1ef1 Ki\u1ec7n\",\"item\":\"https:\/\/www.grandmercuredalat.com\/vi\/meetings-events\/\"},{\"@type\":\"ListItem\",\"position\":3,\"name\":\"Ph\u00f2ng Y\u1ebfn Ti\u1ec7c La Belle\"}]},{\"@type\":\"WebSite\",\"@id\":\"https:\/\/www.grandmercuredalat.com\/#website\",\"url\":\"https:\/\/www.grandmercuredalat.com\/\",\"name\":\"Grand Mercure Dalat Resort\",\"description\":\"\",\"publisher\":{\"@id\":\"https:\/\/www.grandmercuredalat.com\/#organization\"},\"potentialAction\":[{\"@type\":\"SearchAction\",\"target\":{\"@type\":\"EntryPoint\",\"urlTemplate\":\"https:\/\/www.grandmercuredalat.com\/?s={search_term_string}\"},\"query-input\":{\"@type\":\"PropertyValueSpecification\",\"valueRequired\":true,\"valueName\":\"search_term_string\"}}],\"inLanguage\":\"vi-VN\"},{\"@type\":\"Organization\",\"@id\":\"https:\/\/www.grandmercuredalat.com\/#organization\",\"name\":\"Grand Mercure Dalat Resort\",\"url\":\"https:\/\/www.grandmercuredalat.com\/\",\"logo\":{\"@type\":\"ImageObject\",\"inLanguage\":\"vi-VN\",\"@id\":\"https:\/\/www.grandmercuredalat.com\/#\/schema\/logo\/image\/\",\"url\":\"https:\/\/www.grandmercuredalat.com\/wp-content\/uploads\/sites\/4\/2025\/10\/Pool-26.jpg\",\"contentUrl\":\"https:\/\/www.grandmercuredalat.com\/wp-content\/uploads\/sites\/4\/2025\/10\/Pool-26.jpg\",\"width\":1800,\"height\":1200,\"caption\":\"Grand Mercure Dalat Resort\"},\"image\":{\"@id\":\"https:\/\/www.grandmercuredalat.com\/#\/schema\/logo\/image\/\"}}]}<\/script>\n<!-- \/ Yoast SEO plugin. -->","yoast_head_json":{"title":"Ph\u00f2ng Y\u1ebfn Ti\u1ec7c La Belle t\u1ea1i \u0110\u00e0 L\u1ea1t | Kh\u00f4ng Gian Phong C\u00e1ch Ph\u00e1p","description":"T\u1ed5 ch\u1ee9c nh\u1eefng s\u1ef1 ki\u1ec7n kh\u00f3 qu\u00ean t\u1ea1i ph\u00f2ng y\u1ebfn ti\u1ec7c La Belle t\u1ea1i \u0110\u00e0 L\u1ea1t - mang phong c\u00e1ch Ph\u00e1p th\u1eadp ni\u00ean 1920, c\u00f3 s\u1ee9c ch\u1ee9a l\u00ean \u0111\u1ebfn 100 kh\u00e1ch.","robots":{"index":"index","follow":"follow","max-snippet":"max-snippet:-1","max-image-preview":"max-image-preview:large","max-video-preview":"max-video-preview:-1"},"canonical":"https:\/\/www.grandmercuredalat.com\/vi\/meetings-events\/la-belle\/","og_locale":"vi_VN","og_type":"article","og_title":"Ph\u00f2ng Y\u1ebfn Ti\u1ec7c La Belle t\u1ea1i \u0110\u00e0 L\u1ea1t | Kh\u00f4ng Gian Phong C\u00e1ch Ph\u00e1p","og_description":"T\u1ed5 ch\u1ee9c nh\u1eefng s\u1ef1 ki\u1ec7n kh\u00f3 qu\u00ean t\u1ea1i ph\u00f2ng y\u1ebfn ti\u1ec7c La Belle t\u1ea1i \u0110\u00e0 L\u1ea1t - mang phong c\u00e1ch Ph\u00e1p th\u1eadp ni\u00ean 1920, c\u00f3 s\u1ee9c ch\u1ee9a l\u00ean \u0111\u1ebfn 100 kh\u00e1ch.","og_url":"https:\/\/www.grandmercuredalat.com\/vi\/meetings-events\/la-belle\/","og_site_name":"Grand Mercure Dalat Resort","article_modified_time":"2026-03-02T08:27:29+00:00","og_image":[{"width":1800,"height":1200,"url":"https:\/\/www.grandmercuredalat.com\/wp-content\/uploads\/sites\/4\/2025\/10\/Wedding-25-1.jpg","type":"image\/jpeg"}],"twitter_card":"summary_large_image","twitter_misc":{"Est. reading time":"2 minutes"},"schema":{"@context":"https:\/\/schema.org","@graph":[{"@type":"WebPage","@id":"https:\/\/www.grandmercuredalat.com\/vi\/meetings-events\/la-belle\/","url":"https:\/\/www.grandmercuredalat.com\/vi\/meetings-events\/la-belle\/","name":"Ph\u00f2ng Y\u1ebfn Ti\u1ec7c La Belle t\u1ea1i \u0110\u00e0 L\u1ea1t | Kh\u00f4ng Gian Phong C\u00e1ch Ph\u00e1p","isPartOf":{"@id":"https:\/\/www.grandmercuredalat.com\/#website"},"primaryImageOfPage":{"@id":"https:\/\/www.grandmercuredalat.com\/vi\/meetings-events\/la-belle\/#primaryimage"},"image":{"@id":"https:\/\/www.grandmercuredalat.com\/vi\/meetings-events\/la-belle\/#primaryimage"},"thumbnailUrl":"https:\/\/www.grandmercuredalat.com\/wp-content\/uploads\/sites\/4\/2025\/10\/Wedding-25-1.jpg","datePublished":"2025-10-06T08:27:56+00:00","dateModified":"2026-03-02T08:27:29+00:00","description":"T\u1ed5 ch\u1ee9c nh\u1eefng s\u1ef1 ki\u1ec7n kh\u00f3 qu\u00ean t\u1ea1i ph\u00f2ng y\u1ebfn ti\u1ec7c La Belle t\u1ea1i \u0110\u00e0 L\u1ea1t - mang phong c\u00e1ch Ph\u00e1p th\u1eadp ni\u00ean 1920, c\u00f3 s\u1ee9c ch\u1ee9a l\u00ean \u0111\u1ebfn 100 kh\u00e1ch.","breadcrumb":{"@id":"https:\/\/www.grandmercuredalat.com\/vi\/meetings-events\/la-belle\/#breadcrumb"},"inLanguage":"vi-VN","potentialAction":[{"@type":"ReadAction","target":["https:\/\/www.grandmercuredalat.com\/vi\/meetings-events\/la-belle\/"]}]},{"@type":"ImageObject","inLanguage":"vi-VN","@id":"https:\/\/www.grandmercuredalat.com\/vi\/meetings-events\/la-belle\/#primaryimage","url":"https:\/\/www.grandmercuredalat.com\/wp-content\/uploads\/sites\/4\/2025\/10\/Wedding-25-1.jpg","contentUrl":"https:\/\/www.grandmercuredalat.com\/wp-content\/uploads\/sites\/4\/2025\/10\/Wedding-25-1.jpg","width":1800,"height":1200},{"@type":"BreadcrumbList","@id":"https:\/\/www.grandmercuredalat.com\/vi\/meetings-events\/la-belle\/#breadcrumb","itemListElement":[{"@type":"ListItem","position":1,"name":"Home","item":"https:\/\/www.grandmercuredalat.com\/vi\/"},{"@type":"ListItem","position":2,"name":"H\u1ed9i Ngh\u1ecb &amp; S\u1ef1 Ki\u1ec7n","item":"https:\/\/www.grandmercuredalat.com\/vi\/meetings-events\/"},{"@type":"ListItem","position":3,"name":"Ph\u00f2ng Y\u1ebfn Ti\u1ec7c La Belle"}]},{"@type":"WebSite","@id":"https:\/\/www.grandmercuredalat.com\/#website","url":"https:\/\/www.grandmercuredalat.com\/","name":"Grand Mercure Dalat Resort","description":"","publisher":{"@id":"https:\/\/www.grandmercuredalat.com\/#organization"},"potentialAction":[{"@type":"SearchAction","target":{"@type":"EntryPoint","urlTemplate":"https:\/\/www.grandmercuredalat.com\/?s={search_term_string}"},"query-input":{"@type":"PropertyValueSpecification","valueRequired":true,"valueName":"search_term_string"}}],"inLanguage":"vi-VN"},{"@type":"Organization","@id":"https:\/\/www.grandmercuredalat.com\/#organization","name":"Grand Mercure Dalat Resort","url":"https:\/\/www.grandmercuredalat.com\/","logo":{"@type":"ImageObject","inLanguage":"vi-VN","@id":"https:\/\/www.grandmercuredalat.com\/#\/schema\/logo\/image\/","url":"https:\/\/www.grandmercuredalat.com\/wp-content\/uploads\/sites\/4\/2025\/10\/Pool-26.jpg","contentUrl":"https:\/\/www.grandmercuredalat.com\/wp-content\/uploads\/sites\/4\/2025\/10\/Pool-26.jpg","width":1800,"height":1200,"caption":"Grand Mercure Dalat Resort"},"image":{"@id":"https:\/\/www.grandmercuredalat.com\/#\/schema\/logo\/image\/"}}]}},"_links":{"self":[{"href":"https:\/\/www.grandmercuredalat.com\/vi\/wp-json\/wp\/v2\/pages\/286","targetHints":{"allow":["GET"]}}],"collection":[{"href":"https:\/\/www.grandmercuredalat.com\/vi\/wp-json\/wp\/v2\/pages"}],"about":[{"href":"https:\/\/www.grandmercuredalat.com\/vi\/wp-json\/wp\/v2\/types\/page"}],"author":[{"embeddable":true,"href":"https:\/\/www.grandmercuredalat.com\/vi\/wp-json\/wp\/v2\/users\/30"}],"replies":[{"embeddable":true,"href":"https:\/\/www.grandmercuredalat.com\/vi\/wp-json\/wp\/v2\/comments?post=286"}],"version-history":[{"count":0,"href":"https:\/\/www.grandmercuredalat.com\/vi\/wp-json\/wp\/v2\/pages\/286\/revisions"}],"up":[{"embeddable":true,"href":"https:\/\/www.grandmercuredalat.com\/vi\/wp-json\/wp\/v2\/pages\/285"}],"wp:featuredmedia":[{"embeddable":true,"href":"https:\/\/www.grandmercuredalat.com\/vi\/wp-json\/wp\/v2\/media\/180"}],"wp:attachment":[{"href":"https:\/\/www.grandmercuredalat.com\/vi\/wp-json\/wp\/v2\/media?parent=286"}],"wp:term":[{"taxonomy":"category","embeddable":true,"href":"https:\/\/www.grandmercuredalat.com\/vi\/wp-json\/wp\/v2\/categories?post=286"}],"curies":[{"name":"wp","href":"https:\/\/api.w.org\/{rel}","templated":true}]}}