{"id":285,"date":"2025-10-06T08:26:33","date_gmt":"2025-10-06T08:26:33","guid":{"rendered":"https:\/\/grandmercuredalatresort.accorv2prod2.decms.eu\/meetings-events\/"},"modified":"2026-01-22T09:02:19","modified_gmt":"2026-01-22T09:02:19","slug":"meetings-events","status":"publish","type":"page","link":"https:\/\/www.grandmercuredalat.com\/vi\/meetings-events\/","title":{"rendered":"H\u1ed9i Ngh\u1ecb &amp; S\u1ef1 Ki\u1ec7n"},"content":{"rendered":"<p>Tr\u1ea3i nghi\u1ec7m v\u1ebb \u0111\u1eb9p thanh l\u1ecbch t\u1ea1i Grand Mercure Dalat Resort, n\u01a1i m\u1ed7i s\u1ef1 ki\u1ec7n \u0111\u1ec1u tr\u1edf n\u00ean \u0111\u00e1ng nh\u1edb. D\u00f9 l\u00e0 c\u00e1c bu\u1ed5i <strong>h\u1ed9i ngh\u1ecb t\u1ea1i \u0110\u00e0 L\u1ea1t<\/strong> hay c\u00e1c bu\u1ed5i ti\u1ec7c xa hoa, c\u00e1c kh\u00f4ng gian linh ho\u1ea1t c\u1ee7a ch\u00fang t\u00f4i \u0111\u01b0\u1ee3c thi\u1ebft k\u1ebf \u0111\u1ec3 mang \u0111\u1ebfn d\u1ea5u \u1ea5n ri\u00eang cho t\u1eebng kho\u1ea3nh kh\u1eafc.<\/p>\n<p><strong><a href=\"https:\/\/www.grandmercuredalat.com\/vi\/meetings-events\/la-belle\/\" target=\"_blank\" rel=\"noopener\">La Belle Ballroom<\/a><\/strong> \u2013 ki\u1ec7t t\u00e1c c\u1ee7a phong c\u00e1ch v\u00e0 c\u00f4ng n\u0103ng, \u0111\u01b0\u1ee3c trang b\u1ecb h\u1ec7 th\u1ed1ng \u00e2m thanh \u2013 \u00e1nh s\u00e1ng hi\u1ec7n \u0111\u1ea1i, n\u1ed9i th\u1ea5t sang tr\u1ecdng v\u00e0 b\u1ed1 c\u1ee5c linh ho\u1ea1t. L\u1ea5y c\u1ea3m h\u1ee9ng t\u1eeb nh\u1eefng giai tho\u1ea1i l\u00e3ng m\u1ea1n, b\u00f3ng d\u00e1ng n\u00e0ng th\u01a1 v\u00e0 s\u1ef1 tr\u00e1ng l\u1ec7 c\u1ee7a gi\u1edbi th\u01b0\u1ee3ng l\u01b0u Ph\u00e1p th\u1eadp ni\u00ean 1920, La Belle ch\u00ednh l\u00e0 s\u1ef1 giao h\u00f2a tuy\u1ec7t m\u1ef9 gi\u1eefa ki\u1ebfn tr\u00fac c\u1ed5 \u0111i\u1ec3n Ph\u00e1p v\u00e0 n\u00e9t tinh t\u1ebf \u0111\u01b0\u01a1ng \u0111\u1ea1i.<\/p>\n<p>V\u1edbi nh\u1eefng ai t\u00ecm ki\u1ebfm tr\u1ea3i nghi\u1ec7m \u0111\u1ed9c \u0111\u00e1o v\u00e0 m\u00ea ho\u1eb7c, d\u1ecbch v\u1ee5 ti\u1ec7c ngo\u00e0i tr\u1eddi c\u1ee7a ch\u00fang t\u00f4i l\u00e0 \u0111i\u1ec3m nh\u1ea5n kh\u00f3 qu\u00ean. Kh\u00f4ng gian m\u1edf c\u1ee7a La Belle c\u00f9ng c\u1ea3nh quan th\u01a1 m\u1ed9ng s\u1ebd \u0111\u01b0a kh\u00e1ch tham d\u1ef1 l\u1ea1c v\u00e0o m\u1ed9t b\u1ee9c tranh n\u00ean th\u01a1, n\u01a1i t\u1eebng gi\u00e2y ph\u00fat \u0111\u1ec1u tr\u1edf th\u00e0nh k\u00fd \u1ee9c tr\u1ecdn v\u1eb9n.<\/p>\n<p>T\u1ea1i Grand Mercure Dalat Resort, nh\u1eefng kh\u00f4ng gian h\u1ed9i ngh\u1ecb t\u1ea1i \u0110\u00e0 L\u1ea1t ngo\u00e0i tr\u1eddi nh\u01b0 Lavender Garden hay khu v\u1ef1c h\u1ed3 b\u01a1i m\u1edf ra m\u1ed9t b\u1ee9c h\u1ecda giao h\u00f2a gi\u1eefa thi\u00ean nhi\u00ean v\u00e0 ni\u1ec1m vui. Trong khi \u0111\u00f3, c\u00e1c ph\u00f2ng ti\u1ec7c trong nh\u00e0 nh\u01b0 <strong><a href=\"https:\/\/www.grandmercuredalat.com\/vi\/meetings-events\/le-soleil\/\" target=\"_blank\" rel=\"noopener\">Le Soleil<\/a><\/strong> hay ballroom tr\u1ea7n cao mang \u0111\u1ebfn v\u1ebb \u0111\u1eb9p v\u01b0\u1ee3t th\u1eddi gian ngay gi\u1eefa l\u00f2ng \u0110\u00e0 L\u1ea1t.<\/p>\n<p>T\u1eeb ti\u1ec7c c\u01b0\u1edbi, bu\u1ed5i h\u1ecdp m\u1eb7t doanh nghi\u1ec7p \u0111\u1ebfn d\u1ea1 ti\u1ec7c ri\u00eang t\u01b0, m\u1ecdi s\u1ef1 ki\u1ec7n c\u1ee7a b\u1ea1n \u0111\u1ec1u \u0111\u01b0\u1ee3c ch\u0103m s\u00f3c b\u1eb1ng s\u1ef1 t\u1eadn t\u00e2m v\u00e0 \u0111\u1eb3ng c\u1ea5p.<\/p>\n","protected":false},"excerpt":{"rendered":"<p>Tr\u1ea3i nghi\u1ec7m v\u1ebb \u0111\u1eb9p thanh l\u1ecbch t\u1ea1i Grand Mercure Dalat Resort, n\u01a1i m\u1ed7i s\u1ef1 ki\u1ec7n \u0111\u1ec1u tr\u1edf n\u00ean \u0111\u00e1ng nh\u1edb. D\u00f9 l\u00e0 c\u00e1c bu\u1ed5i h\u1ed9i ngh\u1ecb t\u1ea1i \u0110\u00e0 L\u1ea1t hay c\u00e1c bu\u1ed5i ti\u1ec7c xa hoa, c\u00e1c kh\u00f4ng gian linh ho\u1ea1t c\u1ee7a ch\u00fang t\u00f4i \u0111\u01b0\u1ee3c thi\u1ebft k\u1ebf \u0111\u1ec3 mang \u0111\u1ebfn d\u1ea5u \u1ea5n ri\u00eang cho t\u1eebng kho\u1ea3nh [&hellip;]<\/p>\n","protected":false},"author":30,"featured_media":172,"parent":0,"menu_order":0,"comment_status":"closed","ping_status":"closed","template":"template-meetings.php","meta":{"footnotes":""},"categories":[],"class_list":["post-285","page","type-page","status-publish","has-post-thumbnail","hentry"],"acf":[],"yoast_head":"<!-- This site is optimized with the Yoast SEO plugin v26.9 - https:\/\/yoast.com\/product\/yoast-seo-wordpress\/ -->\n<title>T\u1ed5 ch\u1ee9c H\u1ed9i Ngh\u1ecb t\u1ea1i \u0110\u00e0 L\u1ea1t | Kh\u00f4ng Gian S\u1ef1 Ki\u1ec7n \u0110\u1eb3ng C\u1ea5p<\/title>\n<meta name=\"description\" content=\"D\u00f9 l\u00e0 c\u00e1c bu\u1ed5i h\u1ed9i ngh\u1ecb t\u1ea1i \u0110\u00e0 L\u1ea1t hay c\u00e1c bu\u1ed5i ti\u1ec7c xa hoa, Grand Mercure Dalat s\u1ebd lu\u00f4n mang \u0111\u1ebfn d\u1ea5u \u1ea5n ri\u00eang cho t\u1eebng s\u1ef1 ki\u1ec7n c\u1ee7a b\u1ea1n.\" \/>\n<meta name=\"robots\" content=\"index, follow, max-snippet:-1, max-image-preview:large, max-video-preview:-1\" \/>\n<link rel=\"canonical\" href=\"https:\/\/www.grandmercuredalat.com\/vi\/meetings-events\/\" \/>\n<meta property=\"og:locale\" content=\"vi_VN\" \/>\n<meta property=\"og:type\" content=\"article\" \/>\n<meta property=\"og:title\" content=\"T\u1ed5 ch\u1ee9c H\u1ed9i Ngh\u1ecb t\u1ea1i \u0110\u00e0 L\u1ea1t | Kh\u00f4ng Gian S\u1ef1 Ki\u1ec7n \u0110\u1eb3ng C\u1ea5p\" \/>\n<meta property=\"og:description\" content=\"D\u00f9 l\u00e0 c\u00e1c bu\u1ed5i h\u1ed9i ngh\u1ecb t\u1ea1i \u0110\u00e0 L\u1ea1t hay c\u00e1c bu\u1ed5i ti\u1ec7c xa hoa, Grand Mercure Dalat s\u1ebd lu\u00f4n mang \u0111\u1ebfn d\u1ea5u \u1ea5n ri\u00eang cho t\u1eebng s\u1ef1 ki\u1ec7n c\u1ee7a b\u1ea1n.\" \/>\n<meta property=\"og:url\" content=\"https:\/\/www.grandmercuredalat.com\/vi\/meetings-events\/\" \/>\n<meta property=\"og:site_name\" content=\"Grand Mercure Dalat Resort\" \/>\n<meta property=\"article:modified_time\" content=\"2026-01-22T09:02:19+00:00\" \/>\n<meta property=\"og:image\" content=\"https:\/\/www.grandmercuredalat.com\/wp-content\/uploads\/sites\/4\/2025\/10\/Round4.jpg\" \/>\n\t<meta property=\"og:image:width\" content=\"1800\" \/>\n\t<meta property=\"og:image:height\" content=\"1200\" \/>\n\t<meta property=\"og:image:type\" content=\"image\/jpeg\" \/>\n<meta name=\"twitter:card\" content=\"summary_large_image\" \/>\n<meta name=\"twitter:label1\" content=\"Est. reading time\" \/>\n\t<meta name=\"twitter:data1\" content=\"2 minutes\" \/>\n<script type=\"application\/ld+json\" class=\"yoast-schema-graph\">{\"@context\":\"https:\/\/schema.org\",\"@graph\":[{\"@type\":\"WebPage\",\"@id\":\"https:\/\/www.grandmercuredalat.com\/vi\/meetings-events\/\",\"url\":\"https:\/\/www.grandmercuredalat.com\/vi\/meetings-events\/\",\"name\":\"T\u1ed5 ch\u1ee9c H\u1ed9i Ngh\u1ecb t\u1ea1i \u0110\u00e0 L\u1ea1t | Kh\u00f4ng Gian S\u1ef1 Ki\u1ec7n \u0110\u1eb3ng C\u1ea5p\",\"isPartOf\":{\"@id\":\"https:\/\/www.grandmercuredalat.com\/#website\"},\"primaryImageOfPage\":{\"@id\":\"https:\/\/www.grandmercuredalat.com\/vi\/meetings-events\/#primaryimage\"},\"image\":{\"@id\":\"https:\/\/www.grandmercuredalat.com\/vi\/meetings-events\/#primaryimage\"},\"thumbnailUrl\":\"https:\/\/www.grandmercuredalat.com\/wp-content\/uploads\/sites\/4\/2025\/10\/Round4.jpg\",\"datePublished\":\"2025-10-06T08:26:33+00:00\",\"dateModified\":\"2026-01-22T09:02:19+00:00\",\"description\":\"D\u00f9 l\u00e0 c\u00e1c bu\u1ed5i h\u1ed9i ngh\u1ecb t\u1ea1i \u0110\u00e0 L\u1ea1t hay c\u00e1c bu\u1ed5i ti\u1ec7c xa hoa, Grand Mercure Dalat s\u1ebd lu\u00f4n mang \u0111\u1ebfn d\u1ea5u \u1ea5n ri\u00eang cho t\u1eebng s\u1ef1 ki\u1ec7n c\u1ee7a b\u1ea1n.\",\"breadcrumb\":{\"@id\":\"https:\/\/www.grandmercuredalat.com\/vi\/meetings-events\/#breadcrumb\"},\"inLanguage\":\"vi-VN\",\"potentialAction\":[{\"@type\":\"ReadAction\",\"target\":[\"https:\/\/www.grandmercuredalat.com\/vi\/meetings-events\/\"]}]},{\"@type\":\"ImageObject\",\"inLanguage\":\"vi-VN\",\"@id\":\"https:\/\/www.grandmercuredalat.com\/vi\/meetings-events\/#primaryimage\",\"url\":\"https:\/\/www.grandmercuredalat.com\/wp-content\/uploads\/sites\/4\/2025\/10\/Round4.jpg\",\"contentUrl\":\"https:\/\/www.grandmercuredalat.com\/wp-content\/uploads\/sites\/4\/2025\/10\/Round4.jpg\",\"width\":1800,\"height\":1200,\"caption\":\"h\u1ed9i ngh\u1ecb t\u1ea1i \u0110\u00e0 L\u1ea1t\"},{\"@type\":\"BreadcrumbList\",\"@id\":\"https:\/\/www.grandmercuredalat.com\/vi\/meetings-events\/#breadcrumb\",\"itemListElement\":[{\"@type\":\"ListItem\",\"position\":1,\"name\":\"Home\",\"item\":\"https:\/\/www.grandmercuredalat.com\/vi\/\"},{\"@type\":\"ListItem\",\"position\":2,\"name\":\"H\u1ed9i Ngh\u1ecb &amp; S\u1ef1 Ki\u1ec7n\"}]},{\"@type\":\"WebSite\",\"@id\":\"https:\/\/www.grandmercuredalat.com\/#website\",\"url\":\"https:\/\/www.grandmercuredalat.com\/\",\"name\":\"Grand Mercure Dalat Resort\",\"description\":\"\",\"publisher\":{\"@id\":\"https:\/\/www.grandmercuredalat.com\/#organization\"},\"potentialAction\":[{\"@type\":\"SearchAction\",\"target\":{\"@type\":\"EntryPoint\",\"urlTemplate\":\"https:\/\/www.grandmercuredalat.com\/?s={search_term_string}\"},\"query-input\":{\"@type\":\"PropertyValueSpecification\",\"valueRequired\":true,\"valueName\":\"search_term_string\"}}],\"inLanguage\":\"vi-VN\"},{\"@type\":\"Organization\",\"@id\":\"https:\/\/www.grandmercuredalat.com\/#organization\",\"name\":\"Grand Mercure Dalat Resort\",\"url\":\"https:\/\/www.grandmercuredalat.com\/\",\"logo\":{\"@type\":\"ImageObject\",\"inLanguage\":\"vi-VN\",\"@id\":\"https:\/\/www.grandmercuredalat.com\/#\/schema\/logo\/image\/\",\"url\":\"https:\/\/www.grandmercuredalat.com\/wp-content\/uploads\/sites\/4\/2025\/10\/Pool-26.jpg\",\"contentUrl\":\"https:\/\/www.grandmercuredalat.com\/wp-content\/uploads\/sites\/4\/2025\/10\/Pool-26.jpg\",\"width\":1800,\"height\":1200,\"caption\":\"Grand Mercure Dalat Resort\"},\"image\":{\"@id\":\"https:\/\/www.grandmercuredalat.com\/#\/schema\/logo\/image\/\"}}]}<\/script>\n<!-- \/ Yoast SEO plugin. -->","yoast_head_json":{"title":"T\u1ed5 ch\u1ee9c H\u1ed9i Ngh\u1ecb t\u1ea1i \u0110\u00e0 L\u1ea1t | Kh\u00f4ng Gian S\u1ef1 Ki\u1ec7n \u0110\u1eb3ng C\u1ea5p","description":"D\u00f9 l\u00e0 c\u00e1c bu\u1ed5i h\u1ed9i ngh\u1ecb t\u1ea1i \u0110\u00e0 L\u1ea1t hay c\u00e1c bu\u1ed5i ti\u1ec7c xa hoa, Grand Mercure Dalat s\u1ebd lu\u00f4n mang \u0111\u1ebfn d\u1ea5u \u1ea5n ri\u00eang cho t\u1eebng s\u1ef1 ki\u1ec7n c\u1ee7a b\u1ea1n.","robots":{"index":"index","follow":"follow","max-snippet":"max-snippet:-1","max-image-preview":"max-image-preview:large","max-video-preview":"max-video-preview:-1"},"canonical":"https:\/\/www.grandmercuredalat.com\/vi\/meetings-events\/","og_locale":"vi_VN","og_type":"article","og_title":"T\u1ed5 ch\u1ee9c H\u1ed9i Ngh\u1ecb t\u1ea1i \u0110\u00e0 L\u1ea1t | Kh\u00f4ng Gian S\u1ef1 Ki\u1ec7n \u0110\u1eb3ng C\u1ea5p","og_description":"D\u00f9 l\u00e0 c\u00e1c bu\u1ed5i h\u1ed9i ngh\u1ecb t\u1ea1i \u0110\u00e0 L\u1ea1t hay c\u00e1c bu\u1ed5i ti\u1ec7c xa hoa, Grand Mercure Dalat s\u1ebd lu\u00f4n mang \u0111\u1ebfn d\u1ea5u \u1ea5n ri\u00eang cho t\u1eebng s\u1ef1 ki\u1ec7n c\u1ee7a b\u1ea1n.","og_url":"https:\/\/www.grandmercuredalat.com\/vi\/meetings-events\/","og_site_name":"Grand Mercure Dalat Resort","article_modified_time":"2026-01-22T09:02:19+00:00","og_image":[{"width":1800,"height":1200,"url":"https:\/\/www.grandmercuredalat.com\/wp-content\/uploads\/sites\/4\/2025\/10\/Round4.jpg","type":"image\/jpeg"}],"twitter_card":"summary_large_image","twitter_misc":{"Est. reading time":"2 minutes"},"schema":{"@context":"https:\/\/schema.org","@graph":[{"@type":"WebPage","@id":"https:\/\/www.grandmercuredalat.com\/vi\/meetings-events\/","url":"https:\/\/www.grandmercuredalat.com\/vi\/meetings-events\/","name":"T\u1ed5 ch\u1ee9c H\u1ed9i Ngh\u1ecb t\u1ea1i \u0110\u00e0 L\u1ea1t | Kh\u00f4ng Gian S\u1ef1 Ki\u1ec7n \u0110\u1eb3ng C\u1ea5p","isPartOf":{"@id":"https:\/\/www.grandmercuredalat.com\/#website"},"primaryImageOfPage":{"@id":"https:\/\/www.grandmercuredalat.com\/vi\/meetings-events\/#primaryimage"},"image":{"@id":"https:\/\/www.grandmercuredalat.com\/vi\/meetings-events\/#primaryimage"},"thumbnailUrl":"https:\/\/www.grandmercuredalat.com\/wp-content\/uploads\/sites\/4\/2025\/10\/Round4.jpg","datePublished":"2025-10-06T08:26:33+00:00","dateModified":"2026-01-22T09:02:19+00:00","description":"D\u00f9 l\u00e0 c\u00e1c bu\u1ed5i h\u1ed9i ngh\u1ecb t\u1ea1i \u0110\u00e0 L\u1ea1t hay c\u00e1c bu\u1ed5i ti\u1ec7c xa hoa, Grand Mercure Dalat s\u1ebd lu\u00f4n mang \u0111\u1ebfn d\u1ea5u \u1ea5n ri\u00eang cho t\u1eebng s\u1ef1 ki\u1ec7n c\u1ee7a b\u1ea1n.","breadcrumb":{"@id":"https:\/\/www.grandmercuredalat.com\/vi\/meetings-events\/#breadcrumb"},"inLanguage":"vi-VN","potentialAction":[{"@type":"ReadAction","target":["https:\/\/www.grandmercuredalat.com\/vi\/meetings-events\/"]}]},{"@type":"ImageObject","inLanguage":"vi-VN","@id":"https:\/\/www.grandmercuredalat.com\/vi\/meetings-events\/#primaryimage","url":"https:\/\/www.grandmercuredalat.com\/wp-content\/uploads\/sites\/4\/2025\/10\/Round4.jpg","contentUrl":"https:\/\/www.grandmercuredalat.com\/wp-content\/uploads\/sites\/4\/2025\/10\/Round4.jpg","width":1800,"height":1200,"caption":"h\u1ed9i ngh\u1ecb t\u1ea1i \u0110\u00e0 L\u1ea1t"},{"@type":"BreadcrumbList","@id":"https:\/\/www.grandmercuredalat.com\/vi\/meetings-events\/#breadcrumb","itemListElement":[{"@type":"ListItem","position":1,"name":"Home","item":"https:\/\/www.grandmercuredalat.com\/vi\/"},{"@type":"ListItem","position":2,"name":"H\u1ed9i Ngh\u1ecb &amp; S\u1ef1 Ki\u1ec7n"}]},{"@type":"WebSite","@id":"https:\/\/www.grandmercuredalat.com\/#website","url":"https:\/\/www.grandmercuredalat.com\/","name":"Grand Mercure Dalat Resort","description":"","publisher":{"@id":"https:\/\/www.grandmercuredalat.com\/#organization"},"potentialAction":[{"@type":"SearchAction","target":{"@type":"EntryPoint","urlTemplate":"https:\/\/www.grandmercuredalat.com\/?s={search_term_string}"},"query-input":{"@type":"PropertyValueSpecification","valueRequired":true,"valueName":"search_term_string"}}],"inLanguage":"vi-VN"},{"@type":"Organization","@id":"https:\/\/www.grandmercuredalat.com\/#organization","name":"Grand Mercure Dalat Resort","url":"https:\/\/www.grandmercuredalat.com\/","logo":{"@type":"ImageObject","inLanguage":"vi-VN","@id":"https:\/\/www.grandmercuredalat.com\/#\/schema\/logo\/image\/","url":"https:\/\/www.grandmercuredalat.com\/wp-content\/uploads\/sites\/4\/2025\/10\/Pool-26.jpg","contentUrl":"https:\/\/www.grandmercuredalat.com\/wp-content\/uploads\/sites\/4\/2025\/10\/Pool-26.jpg","width":1800,"height":1200,"caption":"Grand Mercure Dalat Resort"},"image":{"@id":"https:\/\/www.grandmercuredalat.com\/#\/schema\/logo\/image\/"}}]}},"_links":{"self":[{"href":"https:\/\/www.grandmercuredalat.com\/vi\/wp-json\/wp\/v2\/pages\/285","targetHints":{"allow":["GET"]}}],"collection":[{"href":"https:\/\/www.grandmercuredalat.com\/vi\/wp-json\/wp\/v2\/pages"}],"about":[{"href":"https:\/\/www.grandmercuredalat.com\/vi\/wp-json\/wp\/v2\/types\/page"}],"author":[{"embeddable":true,"href":"https:\/\/www.grandmercuredalat.com\/vi\/wp-json\/wp\/v2\/users\/30"}],"replies":[{"embeddable":true,"href":"https:\/\/www.grandmercuredalat.com\/vi\/wp-json\/wp\/v2\/comments?post=285"}],"version-history":[{"count":0,"href":"https:\/\/www.grandmercuredalat.com\/vi\/wp-json\/wp\/v2\/pages\/285\/revisions"}],"wp:featuredmedia":[{"embeddable":true,"href":"https:\/\/www.grandmercuredalat.com\/vi\/wp-json\/wp\/v2\/media\/172"}],"wp:attachment":[{"href":"https:\/\/www.grandmercuredalat.com\/vi\/wp-json\/wp\/v2\/media?parent=285"}],"wp:term":[{"taxonomy":"category","embeddable":true,"href":"https:\/\/www.grandmercuredalat.com\/vi\/wp-json\/wp\/v2\/categories?post=285"}],"curies":[{"name":"wp","href":"https:\/\/api.w.org\/{rel}","templated":true}]}}