{"id":280,"date":"2025-10-06T08:03:46","date_gmt":"2025-10-06T08:03:46","guid":{"rendered":"https:\/\/grandmercuredalatresort.accorv2prod2.decms.eu\/spa-and-wellness\/"},"modified":"2026-03-31T07:39:27","modified_gmt":"2026-03-31T07:39:27","slug":"wellness","status":"publish","type":"page","link":"https:\/\/www.grandmercuredalat.com\/vi\/wellness\/","title":{"rendered":"Spa &amp; S\u1ee9c Kh\u1ecfe"},"content":{"rendered":"<p>T\u1eadn h\u01b0\u1edfng tr\u1ecdn v\u1eb9n k\u1ef3 ngh\u1ec9 t\u1ea1i Grand Mercure Dalat Resort v\u1edbi <strong>h\u1ec7 th\u1ed1ng ch\u0103m s\u00f3c s\u1ee9c kh\u1ecfe<\/strong> \u0111\u1eb3ng c\u1ea5p, n\u01a1i m\u00e0 th\u01b0 gi\u00e3n v\u00e0 t\u00e1i t\u1ea1o n\u0103ng l\u01b0\u1ee3ng l\u00e0 tr\u1ecdng t\u00e2m c\u1ee7a m\u1ecdi tr\u1ea3i nghi\u1ec7m. L\u1ea5y c\u1ea3m h\u1ee9ng t\u1eeb v\u1ebb \u0111\u1eb9p thi\u00ean nhi\u00ean Vi\u1ec7t Nam, c\u00e1c d\u1ecbch v\u1ee5 spa t\u1ea1i \u0111\u00e2y l\u00e0 s\u1ef1 h\u00f2a quy\u1ec7n tinh t\u1ebf gi\u1eefa li\u1ec7u ph\u00e1p tr\u1ecb li\u1ec7u truy\u1ec1n th\u1ed1ng v\u00e0 k\u1ef9 thu\u1eadt ch\u0103m s\u00f3c hi\u1ec7n \u0111\u1ea1i, gi\u00fap c\u00e2n b\u1eb1ng c\u01a1 th\u1ec3 v\u00e0 \u0111\u00e1nh th\u1ee9c ngu\u1ed3n n\u0103ng l\u01b0\u1ee3ng n\u1ed9i t\u1ea1i.<\/p>\n<p>H\u00e3y \u0111\u1ec3 \u0111\u1ed9i ng\u0169 chuy\u00ean vi\u00ean tr\u1ecb li\u1ec7u t\u1ea1i <strong><a href=\"https:\/\/www.grandmercuredalat.com\/vi\/wellness\/spa-suc-khoe\/\" target=\"_blank\" rel=\"noopener\">La Maison Wellness<\/a><\/strong> n\u00e2ng niu b\u1ea1n v\u1edbi nh\u1eefng li\u1ec7u tr\u00ecnh \u0111\u01b0\u1ee3c ch\u1ebf t\u00e1c t\u1eeb nguy\u00ean li\u1ec7u t\u1ef1 nhi\u00ean cao c\u1ea5p c\u00f9ng c\u00e1c ph\u01b0\u01a1ng ph\u00e1p ch\u0103m s\u00f3c l\u00e2u \u0111\u1eddi. T\u1eeb massage \u0111\u00e1 n\u00f3ng gi\u1ea3i t\u1ecfa c\u0103ng th\u1eb3ng, t\u1ea9y t\u1ebf b\u00e0o ch\u1ebft thanh l\u1ecdc c\u01a1 th\u1ec3 \u0111\u1ebfn li\u1ec7u tr\u00ecnh ch\u0103m s\u00f3c da t\u01b0\u01a1i m\u1edbi, m\u1ed7i tr\u1ea3i nghi\u1ec7m \u0111\u1ec1u \u0111\u01b0\u1ee3c thi\u1ebft k\u1ebf t\u1ec9 m\u1ec9 nh\u1eb1m xoa d\u1ecbu t\u00e2m tr\u00ed, c\u01a1 th\u1ec3 v\u00e0 t\u00e2m h\u1ed3n.<\/p>\n<p>\u0110\u1ed1i v\u1edbi nh\u1eefng ai y\u00eau th\u00edch v\u1eadn \u0111\u1ed9ng, Ph\u00f2ng gym hi\u1ec7n \u0111\u1ea1i \u0111\u01b0\u1ee3c trang b\u1ecb \u0111\u1ea7y \u0111\u1ee7 thi\u1ebft b\u1ecb cardio v\u00e0 r\u00e8n luy\u1ec7n s\u1ee9c m\u1ea1nh ti\u00ean ti\u1ebfn, gi\u00fap b\u1ea1n duy tr\u00ec ngu\u1ed3n n\u0103ng l\u01b0\u1ee3ng d\u1ed3i d\u00e0o. Sau bu\u1ed5i t\u1eadp, h\u00e3y th\u1ea3 m\u00ecnh v\u00e0o <strong><a href=\"https:\/\/www.grandmercuredalat.com\/vi\/wellness\/heated-outdoor-pool\/\" target=\"_blank\" rel=\"noopener\">h\u1ed3 b\u01a1i ngo\u00e0i tr\u1eddi<\/a><\/strong>, n\u01a1i mang \u0111\u1ebfn c\u1ea3m gi\u00e1c th\u01b0 th\u00e1i d\u1ec5 ch\u1ecbu b\u1ea5t k\u1ec3 ti\u1ebft tr\u1eddi cao nguy\u00ean, v\u1edbi t\u1ea7m nh\u00ecn xanh m\u00e1t c\u1ee7a c\u1ea3nh quan \u0110\u00e0 L\u1ea1t.<\/p>\n<p>\u0110\u1eafm m\u00ecnh trong kh\u00f4ng gian an y\u00ean tuy\u1ec7t \u0111\u1ed1i t\u1ea1i khu wellness, n\u01a1i c\u1ea3nh quan thanh b\u00ecnh v\u00e0 b\u1ea7u kh\u00f4ng kh\u00ed d\u1ecbu nh\u1eb9 \u0111\u01b0a b\u1ea1n r\u1eddi xa m\u1ecdi \u00e1p l\u1ef1c th\u01b0\u1eddng nh\u1eadt. D\u00f9 b\u1ea1n t\u00ecm ki\u1ebfm s\u1ef1 t\u00e1i t\u1ea1o, th\u01b0 gi\u00e3n hay m\u1ed9t k\u1ef3 ngh\u1ec9 d\u01b0\u1ee1ng \u0111\u1ea7y s\u1ef1 nu\u00f4ng chi\u1ec1u, khu spa t\u1ea1i <strong><a href=\"https:\/\/www.grandmercuredalat.com\/vi\/\" target=\"_blank\" rel=\"noopener\">Grand Mercure Dalat Resort<\/a><\/strong> ch\u00ednh l\u00e0 \u0111i\u1ec3m \u0111\u1ebfn ho\u00e0n h\u1ea3o \u0111\u1ec3 h\u1ed3i ph\u1ee5c v\u00e0 th\u0103ng hoa c\u1ea3m x\u00fac.<\/p>\n","protected":false},"excerpt":{"rendered":"<p>T\u1eadn h\u01b0\u1edfng tr\u1ecdn v\u1eb9n k\u1ef3 ngh\u1ec9 t\u1ea1i Grand Mercure Dalat Resort v\u1edbi h\u1ec7 th\u1ed1ng ch\u0103m s\u00f3c s\u1ee9c kh\u1ecfe \u0111\u1eb3ng c\u1ea5p, n\u01a1i m\u00e0 th\u01b0 gi\u00e3n v\u00e0 t\u00e1i t\u1ea1o n\u0103ng l\u01b0\u1ee3ng l\u00e0 tr\u1ecdng t\u00e2m c\u1ee7a m\u1ecdi tr\u1ea3i nghi\u1ec7m. L\u1ea5y c\u1ea3m h\u1ee9ng t\u1eeb v\u1ebb \u0111\u1eb9p thi\u00ean nhi\u00ean Vi\u1ec7t Nam, c\u00e1c d\u1ecbch v\u1ee5 spa t\u1ea1i \u0111\u00e2y l\u00e0 s\u1ef1 h\u00f2a [&hellip;]<\/p>\n","protected":false},"author":30,"featured_media":446,"parent":0,"menu_order":0,"comment_status":"closed","ping_status":"closed","template":"template-spa.php","meta":{"footnotes":""},"categories":[],"class_list":["post-280","page","type-page","status-publish","has-post-thumbnail","hentry"],"acf":[],"yoast_head":"<!-- This site is optimized with the Yoast SEO plugin v26.9 - https:\/\/yoast.com\/product\/yoast-seo-wordpress\/ -->\n<title>H\u1ec7 th\u1ed1ng ch\u0103m s\u00f3c s\u1ee9c kho\u1ebb t\u1ea1i \u0110\u00e0 L\u1ea1t \u0111\u1eb3ng c\u1ea5p<\/title>\n<meta name=\"description\" content=\"T\u1eadn h\u01b0\u1edfng h\u1ec7 th\u1ed1ng ch\u0103m s\u00f3c s\u1ee9c kh\u1ecfe \u0111\u1eb3ng c\u1ea5p t\u1ea1i \u0110\u00e0 L\u1ea1t, bao g\u1ed3m c\u00e1c li\u1ec7u tr\u00ecnh spa truy\u1ec1n th\u1ed1ng, ph\u00f2ng gym hi\u1ec7n \u0111\u1ea1i v\u00e0 h\u1ed3 b\u01a1i ngo\u00e0i tr\u1eddi.\" \/>\n<meta name=\"robots\" content=\"index, follow, max-snippet:-1, max-image-preview:large, max-video-preview:-1\" \/>\n<link rel=\"canonical\" href=\"https:\/\/www.grandmercuredalat.com\/vi\/wellness\/\" \/>\n<meta property=\"og:locale\" content=\"vi_VN\" \/>\n<meta property=\"og:type\" content=\"article\" \/>\n<meta property=\"og:title\" content=\"H\u1ec7 th\u1ed1ng ch\u0103m s\u00f3c s\u1ee9c kho\u1ebb t\u1ea1i \u0110\u00e0 L\u1ea1t \u0111\u1eb3ng c\u1ea5p\" \/>\n<meta property=\"og:description\" content=\"T\u1eadn h\u01b0\u1edfng h\u1ec7 th\u1ed1ng ch\u0103m s\u00f3c s\u1ee9c kh\u1ecfe \u0111\u1eb3ng c\u1ea5p t\u1ea1i \u0110\u00e0 L\u1ea1t, bao g\u1ed3m c\u00e1c li\u1ec7u tr\u00ecnh spa truy\u1ec1n th\u1ed1ng, ph\u00f2ng gym hi\u1ec7n \u0111\u1ea1i v\u00e0 h\u1ed3 b\u01a1i ngo\u00e0i tr\u1eddi.\" \/>\n<meta property=\"og:url\" content=\"https:\/\/www.grandmercuredalat.com\/vi\/wellness\/\" \/>\n<meta property=\"og:site_name\" content=\"Grand Mercure Dalat Resort\" \/>\n<meta property=\"article:modified_time\" content=\"2026-03-31T07:39:27+00:00\" \/>\n<meta property=\"og:image\" content=\"https:\/\/www.grandmercuredalat.com\/wp-content\/uploads\/sites\/4\/2025\/10\/Poolside-wedding-venue.jpg\" \/>\n\t<meta property=\"og:image:width\" content=\"2132\" \/>\n\t<meta property=\"og:image:height\" content=\"1420\" \/>\n\t<meta property=\"og:image:type\" content=\"image\/jpeg\" \/>\n<meta name=\"twitter:card\" content=\"summary_large_image\" \/>\n<meta name=\"twitter:label1\" content=\"Est. reading time\" \/>\n\t<meta name=\"twitter:data1\" content=\"2 minutes\" \/>\n<script type=\"application\/ld+json\" class=\"yoast-schema-graph\">{\"@context\":\"https:\/\/schema.org\",\"@graph\":[{\"@type\":\"WebPage\",\"@id\":\"https:\/\/www.grandmercuredalat.com\/vi\/wellness\/\",\"url\":\"https:\/\/www.grandmercuredalat.com\/vi\/wellness\/\",\"name\":\"H\u1ec7 th\u1ed1ng ch\u0103m s\u00f3c s\u1ee9c kho\u1ebb t\u1ea1i \u0110\u00e0 L\u1ea1t \u0111\u1eb3ng c\u1ea5p\",\"isPartOf\":{\"@id\":\"https:\/\/www.grandmercuredalat.com\/#website\"},\"primaryImageOfPage\":{\"@id\":\"https:\/\/www.grandmercuredalat.com\/vi\/wellness\/#primaryimage\"},\"image\":{\"@id\":\"https:\/\/www.grandmercuredalat.com\/vi\/wellness\/#primaryimage\"},\"thumbnailUrl\":\"https:\/\/www.grandmercuredalat.com\/wp-content\/uploads\/sites\/4\/2025\/10\/Poolside-wedding-venue.jpg\",\"datePublished\":\"2025-10-06T08:03:46+00:00\",\"dateModified\":\"2026-03-31T07:39:27+00:00\",\"description\":\"T\u1eadn h\u01b0\u1edfng h\u1ec7 th\u1ed1ng ch\u0103m s\u00f3c s\u1ee9c kh\u1ecfe \u0111\u1eb3ng c\u1ea5p t\u1ea1i \u0110\u00e0 L\u1ea1t, bao g\u1ed3m c\u00e1c li\u1ec7u tr\u00ecnh spa truy\u1ec1n th\u1ed1ng, ph\u00f2ng gym hi\u1ec7n \u0111\u1ea1i v\u00e0 h\u1ed3 b\u01a1i ngo\u00e0i tr\u1eddi.\",\"breadcrumb\":{\"@id\":\"https:\/\/www.grandmercuredalat.com\/vi\/wellness\/#breadcrumb\"},\"inLanguage\":\"vi-VN\",\"potentialAction\":[{\"@type\":\"ReadAction\",\"target\":[\"https:\/\/www.grandmercuredalat.com\/vi\/wellness\/\"]}]},{\"@type\":\"ImageObject\",\"inLanguage\":\"vi-VN\",\"@id\":\"https:\/\/www.grandmercuredalat.com\/vi\/wellness\/#primaryimage\",\"url\":\"https:\/\/www.grandmercuredalat.com\/wp-content\/uploads\/sites\/4\/2025\/10\/Poolside-wedding-venue.jpg\",\"contentUrl\":\"https:\/\/www.grandmercuredalat.com\/wp-content\/uploads\/sites\/4\/2025\/10\/Poolside-wedding-venue.jpg\",\"width\":2132,\"height\":1420,\"caption\":\"Poolside wedding venue\"},{\"@type\":\"BreadcrumbList\",\"@id\":\"https:\/\/www.grandmercuredalat.com\/vi\/wellness\/#breadcrumb\",\"itemListElement\":[{\"@type\":\"ListItem\",\"position\":1,\"name\":\"Home\",\"item\":\"https:\/\/www.grandmercuredalat.com\/vi\/\"},{\"@type\":\"ListItem\",\"position\":2,\"name\":\"Spa &amp; S\u1ee9c Kh\u1ecfe\"}]},{\"@type\":\"WebSite\",\"@id\":\"https:\/\/www.grandmercuredalat.com\/#website\",\"url\":\"https:\/\/www.grandmercuredalat.com\/\",\"name\":\"Grand Mercure Dalat Resort\",\"description\":\"\",\"publisher\":{\"@id\":\"https:\/\/www.grandmercuredalat.com\/#organization\"},\"potentialAction\":[{\"@type\":\"SearchAction\",\"target\":{\"@type\":\"EntryPoint\",\"urlTemplate\":\"https:\/\/www.grandmercuredalat.com\/?s={search_term_string}\"},\"query-input\":{\"@type\":\"PropertyValueSpecification\",\"valueRequired\":true,\"valueName\":\"search_term_string\"}}],\"inLanguage\":\"vi-VN\"},{\"@type\":\"Organization\",\"@id\":\"https:\/\/www.grandmercuredalat.com\/#organization\",\"name\":\"Grand Mercure Dalat Resort\",\"url\":\"https:\/\/www.grandmercuredalat.com\/\",\"logo\":{\"@type\":\"ImageObject\",\"inLanguage\":\"vi-VN\",\"@id\":\"https:\/\/www.grandmercuredalat.com\/#\/schema\/logo\/image\/\",\"url\":\"https:\/\/www.grandmercuredalat.com\/wp-content\/uploads\/sites\/4\/2025\/10\/Pool-26.jpg\",\"contentUrl\":\"https:\/\/www.grandmercuredalat.com\/wp-content\/uploads\/sites\/4\/2025\/10\/Pool-26.jpg\",\"width\":1800,\"height\":1200,\"caption\":\"Grand Mercure Dalat Resort\"},\"image\":{\"@id\":\"https:\/\/www.grandmercuredalat.com\/#\/schema\/logo\/image\/\"}}]}<\/script>\n<!-- \/ Yoast SEO plugin. -->","yoast_head_json":{"title":"H\u1ec7 th\u1ed1ng ch\u0103m s\u00f3c s\u1ee9c kho\u1ebb t\u1ea1i \u0110\u00e0 L\u1ea1t \u0111\u1eb3ng c\u1ea5p","description":"T\u1eadn h\u01b0\u1edfng h\u1ec7 th\u1ed1ng ch\u0103m s\u00f3c s\u1ee9c kh\u1ecfe \u0111\u1eb3ng c\u1ea5p t\u1ea1i \u0110\u00e0 L\u1ea1t, bao g\u1ed3m c\u00e1c li\u1ec7u tr\u00ecnh spa truy\u1ec1n th\u1ed1ng, ph\u00f2ng gym hi\u1ec7n \u0111\u1ea1i v\u00e0 h\u1ed3 b\u01a1i ngo\u00e0i tr\u1eddi.","robots":{"index":"index","follow":"follow","max-snippet":"max-snippet:-1","max-image-preview":"max-image-preview:large","max-video-preview":"max-video-preview:-1"},"canonical":"https:\/\/www.grandmercuredalat.com\/vi\/wellness\/","og_locale":"vi_VN","og_type":"article","og_title":"H\u1ec7 th\u1ed1ng ch\u0103m s\u00f3c s\u1ee9c kho\u1ebb t\u1ea1i \u0110\u00e0 L\u1ea1t \u0111\u1eb3ng c\u1ea5p","og_description":"T\u1eadn h\u01b0\u1edfng h\u1ec7 th\u1ed1ng ch\u0103m s\u00f3c s\u1ee9c kh\u1ecfe \u0111\u1eb3ng c\u1ea5p t\u1ea1i \u0110\u00e0 L\u1ea1t, bao g\u1ed3m c\u00e1c li\u1ec7u tr\u00ecnh spa truy\u1ec1n th\u1ed1ng, ph\u00f2ng gym hi\u1ec7n \u0111\u1ea1i v\u00e0 h\u1ed3 b\u01a1i ngo\u00e0i tr\u1eddi.","og_url":"https:\/\/www.grandmercuredalat.com\/vi\/wellness\/","og_site_name":"Grand Mercure Dalat Resort","article_modified_time":"2026-03-31T07:39:27+00:00","og_image":[{"width":2132,"height":1420,"url":"https:\/\/www.grandmercuredalat.com\/wp-content\/uploads\/sites\/4\/2025\/10\/Poolside-wedding-venue.jpg","type":"image\/jpeg"}],"twitter_card":"summary_large_image","twitter_misc":{"Est. reading time":"2 minutes"},"schema":{"@context":"https:\/\/schema.org","@graph":[{"@type":"WebPage","@id":"https:\/\/www.grandmercuredalat.com\/vi\/wellness\/","url":"https:\/\/www.grandmercuredalat.com\/vi\/wellness\/","name":"H\u1ec7 th\u1ed1ng ch\u0103m s\u00f3c s\u1ee9c kho\u1ebb t\u1ea1i \u0110\u00e0 L\u1ea1t \u0111\u1eb3ng c\u1ea5p","isPartOf":{"@id":"https:\/\/www.grandmercuredalat.com\/#website"},"primaryImageOfPage":{"@id":"https:\/\/www.grandmercuredalat.com\/vi\/wellness\/#primaryimage"},"image":{"@id":"https:\/\/www.grandmercuredalat.com\/vi\/wellness\/#primaryimage"},"thumbnailUrl":"https:\/\/www.grandmercuredalat.com\/wp-content\/uploads\/sites\/4\/2025\/10\/Poolside-wedding-venue.jpg","datePublished":"2025-10-06T08:03:46+00:00","dateModified":"2026-03-31T07:39:27+00:00","description":"T\u1eadn h\u01b0\u1edfng h\u1ec7 th\u1ed1ng ch\u0103m s\u00f3c s\u1ee9c kh\u1ecfe \u0111\u1eb3ng c\u1ea5p t\u1ea1i \u0110\u00e0 L\u1ea1t, bao g\u1ed3m c\u00e1c li\u1ec7u tr\u00ecnh spa truy\u1ec1n th\u1ed1ng, ph\u00f2ng gym hi\u1ec7n \u0111\u1ea1i v\u00e0 h\u1ed3 b\u01a1i ngo\u00e0i tr\u1eddi.","breadcrumb":{"@id":"https:\/\/www.grandmercuredalat.com\/vi\/wellness\/#breadcrumb"},"inLanguage":"vi-VN","potentialAction":[{"@type":"ReadAction","target":["https:\/\/www.grandmercuredalat.com\/vi\/wellness\/"]}]},{"@type":"ImageObject","inLanguage":"vi-VN","@id":"https:\/\/www.grandmercuredalat.com\/vi\/wellness\/#primaryimage","url":"https:\/\/www.grandmercuredalat.com\/wp-content\/uploads\/sites\/4\/2025\/10\/Poolside-wedding-venue.jpg","contentUrl":"https:\/\/www.grandmercuredalat.com\/wp-content\/uploads\/sites\/4\/2025\/10\/Poolside-wedding-venue.jpg","width":2132,"height":1420,"caption":"Poolside wedding venue"},{"@type":"BreadcrumbList","@id":"https:\/\/www.grandmercuredalat.com\/vi\/wellness\/#breadcrumb","itemListElement":[{"@type":"ListItem","position":1,"name":"Home","item":"https:\/\/www.grandmercuredalat.com\/vi\/"},{"@type":"ListItem","position":2,"name":"Spa &amp; S\u1ee9c Kh\u1ecfe"}]},{"@type":"WebSite","@id":"https:\/\/www.grandmercuredalat.com\/#website","url":"https:\/\/www.grandmercuredalat.com\/","name":"Grand Mercure Dalat Resort","description":"","publisher":{"@id":"https:\/\/www.grandmercuredalat.com\/#organization"},"potentialAction":[{"@type":"SearchAction","target":{"@type":"EntryPoint","urlTemplate":"https:\/\/www.grandmercuredalat.com\/?s={search_term_string}"},"query-input":{"@type":"PropertyValueSpecification","valueRequired":true,"valueName":"search_term_string"}}],"inLanguage":"vi-VN"},{"@type":"Organization","@id":"https:\/\/www.grandmercuredalat.com\/#organization","name":"Grand Mercure Dalat Resort","url":"https:\/\/www.grandmercuredalat.com\/","logo":{"@type":"ImageObject","inLanguage":"vi-VN","@id":"https:\/\/www.grandmercuredalat.com\/#\/schema\/logo\/image\/","url":"https:\/\/www.grandmercuredalat.com\/wp-content\/uploads\/sites\/4\/2025\/10\/Pool-26.jpg","contentUrl":"https:\/\/www.grandmercuredalat.com\/wp-content\/uploads\/sites\/4\/2025\/10\/Pool-26.jpg","width":1800,"height":1200,"caption":"Grand Mercure Dalat Resort"},"image":{"@id":"https:\/\/www.grandmercuredalat.com\/#\/schema\/logo\/image\/"}}]}},"_links":{"self":[{"href":"https:\/\/www.grandmercuredalat.com\/vi\/wp-json\/wp\/v2\/pages\/280","targetHints":{"allow":["GET"]}}],"collection":[{"href":"https:\/\/www.grandmercuredalat.com\/vi\/wp-json\/wp\/v2\/pages"}],"about":[{"href":"https:\/\/www.grandmercuredalat.com\/vi\/wp-json\/wp\/v2\/types\/page"}],"author":[{"embeddable":true,"href":"https:\/\/www.grandmercuredalat.com\/vi\/wp-json\/wp\/v2\/users\/30"}],"replies":[{"embeddable":true,"href":"https:\/\/www.grandmercuredalat.com\/vi\/wp-json\/wp\/v2\/comments?post=280"}],"version-history":[{"count":0,"href":"https:\/\/www.grandmercuredalat.com\/vi\/wp-json\/wp\/v2\/pages\/280\/revisions"}],"wp:featuredmedia":[{"embeddable":true,"href":"https:\/\/www.grandmercuredalat.com\/vi\/wp-json\/wp\/v2\/media\/446"}],"wp:attachment":[{"href":"https:\/\/www.grandmercuredalat.com\/vi\/wp-json\/wp\/v2\/media?parent=280"}],"wp:term":[{"taxonomy":"category","embeddable":true,"href":"https:\/\/www.grandmercuredalat.com\/vi\/wp-json\/wp\/v2\/categories?post=280"}],"curies":[{"name":"wp","href":"https:\/\/api.w.org\/{rel}","templated":true}]}}