{"id":279,"date":"2025-10-06T08:06:07","date_gmt":"2025-10-06T08:06:07","guid":{"rendered":"https:\/\/grandmercuredalatresort.accorv2prod2.decms.eu\/heated-outdoor-pool\/"},"modified":"2026-01-23T10:36:12","modified_gmt":"2026-01-23T10:36:12","slug":"heated-outdoor-pool","status":"publish","type":"page","link":"https:\/\/www.grandmercuredalat.com\/vi\/wellness\/heated-outdoor-pool\/","title":{"rendered":"H\u1ed3 B\u01a1i Ngo\u00e0i Tr\u1eddi"},"content":{"rendered":"<p>Kh\u00e1m ph\u00e1 s\u1ef1 an y\u00ean tuy\u1ec7t v\u1eddi t\u1ea1i <strong>h\u1ed3 b\u01a1i ngo\u00e0i tr\u1eddi<\/strong> c\u1ee7a <strong><a href=\"https:\/\/www.grandmercuredalat.com\/vi\/\" target=\"_blank\" rel=\"noopener\">Grand Mercure Dalat Resort<\/a><\/strong>, n\u01a1i m\u1edf c\u1eeda quanh n\u0103m gi\u1eefa khu v\u01b0\u1eddn xanh ng\u00e1t v\u00e0 n\u00e9t ki\u1ebfn tr\u00fac ph\u01b0\u01a1ng T\u00e2y c\u1ed5 \u0111i\u1ec3n. M\u1ed9t kh\u00f4ng gian \u0111\u1ed9c \u0111\u00e1o, mang \u0111\u1ebfn tr\u1ea3i nghi\u1ec7m th\u01b0 gi\u00e3n kh\u00f3 qu\u00ean.<\/p>\n<p>Ho\u00e0n h\u1ea3o cho m\u1ecdi m\u00f9a trong n\u0103m: l\u00e0n n\u01b0\u1edbc m\u00e1t l\u00e0nh t\u1ef1 nhi\u00ean v\u00e0o nh\u1eefng ng\u00e0y \u1ea5m \u00e1p v\u00e0 \u0111\u01b0\u1ee3c s\u01b0\u1edfi \u1ea5m khi ti\u1ebft tr\u1eddi se l\u1ea1nh \u0111\u1ec3 b\u1ea1n lu\u00f4n c\u1ea3m th\u1ea5y tho\u1ea3i m\u00e1i. H\u00e3y th\u1ea3 m\u00ecnh tr\u00f4i nh\u1eb9 d\u01b0\u1edbi b\u1ea7u tr\u1eddi sao \u0110\u00e0 L\u1ea1t, c\u1ea3m nh\u1eadn l\u00e0n gi\u00f3 cao nguy\u00ean trong l\u00e0nh v\u00e0 t\u1eadn h\u01b0\u1edfng nh\u1eefng kho\u1ea3nh kh\u1eafc th\u01b0 th\u00e1i tuy\u1ec7t \u0111\u1ed1i.<\/p>\n<p>H\u1ed3 b\u01a1i m\u1edf c\u1eeda \u0111\u1ebfn 9 gi\u1edd t\u1ed1i, v\u1eeba an to\u00e0n v\u1eeba ti\u1ec7n l\u1ee3i cho m\u1ecdi tr\u1ea3i nghi\u1ec7m.<\/p>\n","protected":false},"excerpt":{"rendered":"<p>Kh\u00e1m ph\u00e1 s\u1ef1 an y\u00ean tuy\u1ec7t v\u1eddi t\u1ea1i h\u1ed3 b\u01a1i ngo\u00e0i tr\u1eddi c\u1ee7a Grand Mercure Dalat Resort, n\u01a1i m\u1edf c\u1eeda quanh n\u0103m gi\u1eefa khu v\u01b0\u1eddn xanh ng\u00e1t v\u00e0 n\u00e9t ki\u1ebfn tr\u00fac ph\u01b0\u01a1ng T\u00e2y c\u1ed5 \u0111i\u1ec3n. M\u1ed9t kh\u00f4ng gian \u0111\u1ed9c \u0111\u00e1o, mang \u0111\u1ebfn tr\u1ea3i nghi\u1ec7m th\u01b0 gi\u00e3n kh\u00f3 qu\u00ean. Ho\u00e0n h\u1ea3o cho m\u1ecdi m\u00f9a trong n\u0103m: [&hellip;]<\/p>\n","protected":false},"author":30,"featured_media":132,"parent":280,"menu_order":0,"comment_status":"closed","ping_status":"closed","template":"template-spa.php","meta":{"footnotes":""},"categories":[],"class_list":["post-279","page","type-page","status-publish","has-post-thumbnail","hentry"],"acf":[],"yoast_head":"<!-- This site is optimized with the Yoast SEO plugin v26.9 - https:\/\/yoast.com\/product\/yoast-seo-wordpress\/ -->\n<title>H\u1ed3 b\u01a1i ngo\u00e0i tr\u1eddi t\u1ea1i \u0110\u00e0 L\u1ea1t | Tr\u1ea3i nghi\u1ec7m h\u1ed3 b\u01a1i \u0111\u1ea7y sang tr\u1ecdng<\/title>\n<meta name=\"description\" content=\"H\u00f2a m\u00ecnh v\u00e0o l\u00e0n n\u01b0\u1edbc trong xanh c\u1ee7a h\u1ed3 b\u01a1i ngo\u00e0i tr\u1eddi t\u1ea1i Grand Mercure Dalat, chu\u1ea9n b\u1ecb cho nh\u1eefng kho\u1ea3nh kh\u1eafc b\u01a1i l\u1ed9i th\u1eadt tho\u1ea3i m\u00e1i.\" \/>\n<meta name=\"robots\" content=\"index, follow, max-snippet:-1, max-image-preview:large, max-video-preview:-1\" \/>\n<link rel=\"canonical\" href=\"https:\/\/www.grandmercuredalat.com\/vi\/wellness\/heated-outdoor-pool\/\" \/>\n<meta property=\"og:locale\" content=\"vi_VN\" \/>\n<meta property=\"og:type\" content=\"article\" \/>\n<meta property=\"og:title\" content=\"H\u1ed3 b\u01a1i ngo\u00e0i tr\u1eddi t\u1ea1i \u0110\u00e0 L\u1ea1t | Tr\u1ea3i nghi\u1ec7m h\u1ed3 b\u01a1i \u0111\u1ea7y sang tr\u1ecdng\" \/>\n<meta property=\"og:description\" content=\"H\u00f2a m\u00ecnh v\u00e0o l\u00e0n n\u01b0\u1edbc trong xanh c\u1ee7a h\u1ed3 b\u01a1i ngo\u00e0i tr\u1eddi t\u1ea1i Grand Mercure Dalat, chu\u1ea9n b\u1ecb cho nh\u1eefng kho\u1ea3nh kh\u1eafc b\u01a1i l\u1ed9i th\u1eadt tho\u1ea3i m\u00e1i.\" \/>\n<meta property=\"og:url\" content=\"https:\/\/www.grandmercuredalat.com\/vi\/wellness\/heated-outdoor-pool\/\" \/>\n<meta property=\"og:site_name\" content=\"Grand Mercure Dalat Resort\" \/>\n<meta property=\"article:modified_time\" content=\"2026-01-23T10:36:12+00:00\" \/>\n<meta property=\"og:image\" content=\"https:\/\/www.grandmercuredalat.com\/wp-content\/uploads\/sites\/4\/2025\/10\/Pool-9.jpg\" \/>\n\t<meta property=\"og:image:width\" content=\"1800\" \/>\n\t<meta property=\"og:image:height\" content=\"1200\" \/>\n\t<meta property=\"og:image:type\" content=\"image\/jpeg\" \/>\n<meta name=\"twitter:card\" content=\"summary_large_image\" \/>\n<meta name=\"twitter:label1\" content=\"Est. reading time\" \/>\n\t<meta name=\"twitter:data1\" content=\"1 minute\" \/>\n<script type=\"application\/ld+json\" class=\"yoast-schema-graph\">{\"@context\":\"https:\/\/schema.org\",\"@graph\":[{\"@type\":\"WebPage\",\"@id\":\"https:\/\/www.grandmercuredalat.com\/vi\/wellness\/heated-outdoor-pool\/\",\"url\":\"https:\/\/www.grandmercuredalat.com\/vi\/wellness\/heated-outdoor-pool\/\",\"name\":\"H\u1ed3 b\u01a1i ngo\u00e0i tr\u1eddi t\u1ea1i \u0110\u00e0 L\u1ea1t | Tr\u1ea3i nghi\u1ec7m h\u1ed3 b\u01a1i \u0111\u1ea7y sang tr\u1ecdng\",\"isPartOf\":{\"@id\":\"https:\/\/www.grandmercuredalat.com\/#website\"},\"primaryImageOfPage\":{\"@id\":\"https:\/\/www.grandmercuredalat.com\/vi\/wellness\/heated-outdoor-pool\/#primaryimage\"},\"image\":{\"@id\":\"https:\/\/www.grandmercuredalat.com\/vi\/wellness\/heated-outdoor-pool\/#primaryimage\"},\"thumbnailUrl\":\"https:\/\/www.grandmercuredalat.com\/wp-content\/uploads\/sites\/4\/2025\/10\/Pool-9.jpg\",\"datePublished\":\"2025-10-06T08:06:07+00:00\",\"dateModified\":\"2026-01-23T10:36:12+00:00\",\"description\":\"H\u00f2a m\u00ecnh v\u00e0o l\u00e0n n\u01b0\u1edbc trong xanh c\u1ee7a h\u1ed3 b\u01a1i ngo\u00e0i tr\u1eddi t\u1ea1i Grand Mercure Dalat, chu\u1ea9n b\u1ecb cho nh\u1eefng kho\u1ea3nh kh\u1eafc b\u01a1i l\u1ed9i th\u1eadt tho\u1ea3i m\u00e1i.\",\"breadcrumb\":{\"@id\":\"https:\/\/www.grandmercuredalat.com\/vi\/wellness\/heated-outdoor-pool\/#breadcrumb\"},\"inLanguage\":\"vi-VN\",\"potentialAction\":[{\"@type\":\"ReadAction\",\"target\":[\"https:\/\/www.grandmercuredalat.com\/vi\/wellness\/heated-outdoor-pool\/\"]}]},{\"@type\":\"ImageObject\",\"inLanguage\":\"vi-VN\",\"@id\":\"https:\/\/www.grandmercuredalat.com\/vi\/wellness\/heated-outdoor-pool\/#primaryimage\",\"url\":\"https:\/\/www.grandmercuredalat.com\/wp-content\/uploads\/sites\/4\/2025\/10\/Pool-9.jpg\",\"contentUrl\":\"https:\/\/www.grandmercuredalat.com\/wp-content\/uploads\/sites\/4\/2025\/10\/Pool-9.jpg\",\"width\":1800,\"height\":1200,\"caption\":\"Outdoor Swimming Pool in Dalat\"},{\"@type\":\"BreadcrumbList\",\"@id\":\"https:\/\/www.grandmercuredalat.com\/vi\/wellness\/heated-outdoor-pool\/#breadcrumb\",\"itemListElement\":[{\"@type\":\"ListItem\",\"position\":1,\"name\":\"Home\",\"item\":\"https:\/\/www.grandmercuredalat.com\/vi\/\"},{\"@type\":\"ListItem\",\"position\":2,\"name\":\"Spa &amp; S\u1ee9c Kh\u1ecfe\",\"item\":\"https:\/\/www.grandmercuredalat.com\/vi\/wellness\/\"},{\"@type\":\"ListItem\",\"position\":3,\"name\":\"H\u1ed3 B\u01a1i Ngo\u00e0i Tr\u1eddi\"}]},{\"@type\":\"WebSite\",\"@id\":\"https:\/\/www.grandmercuredalat.com\/#website\",\"url\":\"https:\/\/www.grandmercuredalat.com\/\",\"name\":\"Grand Mercure Dalat Resort\",\"description\":\"\",\"publisher\":{\"@id\":\"https:\/\/www.grandmercuredalat.com\/#organization\"},\"potentialAction\":[{\"@type\":\"SearchAction\",\"target\":{\"@type\":\"EntryPoint\",\"urlTemplate\":\"https:\/\/www.grandmercuredalat.com\/?s={search_term_string}\"},\"query-input\":{\"@type\":\"PropertyValueSpecification\",\"valueRequired\":true,\"valueName\":\"search_term_string\"}}],\"inLanguage\":\"vi-VN\"},{\"@type\":\"Organization\",\"@id\":\"https:\/\/www.grandmercuredalat.com\/#organization\",\"name\":\"Grand Mercure Dalat Resort\",\"url\":\"https:\/\/www.grandmercuredalat.com\/\",\"logo\":{\"@type\":\"ImageObject\",\"inLanguage\":\"vi-VN\",\"@id\":\"https:\/\/www.grandmercuredalat.com\/#\/schema\/logo\/image\/\",\"url\":\"https:\/\/www.grandmercuredalat.com\/wp-content\/uploads\/sites\/4\/2025\/10\/Pool-26.jpg\",\"contentUrl\":\"https:\/\/www.grandmercuredalat.com\/wp-content\/uploads\/sites\/4\/2025\/10\/Pool-26.jpg\",\"width\":1800,\"height\":1200,\"caption\":\"Grand Mercure Dalat Resort\"},\"image\":{\"@id\":\"https:\/\/www.grandmercuredalat.com\/#\/schema\/logo\/image\/\"}}]}<\/script>\n<!-- \/ Yoast SEO plugin. -->","yoast_head_json":{"title":"H\u1ed3 b\u01a1i ngo\u00e0i tr\u1eddi t\u1ea1i \u0110\u00e0 L\u1ea1t | Tr\u1ea3i nghi\u1ec7m h\u1ed3 b\u01a1i \u0111\u1ea7y sang tr\u1ecdng","description":"H\u00f2a m\u00ecnh v\u00e0o l\u00e0n n\u01b0\u1edbc trong xanh c\u1ee7a h\u1ed3 b\u01a1i ngo\u00e0i tr\u1eddi t\u1ea1i Grand Mercure Dalat, chu\u1ea9n b\u1ecb cho nh\u1eefng kho\u1ea3nh kh\u1eafc b\u01a1i l\u1ed9i th\u1eadt tho\u1ea3i m\u00e1i.","robots":{"index":"index","follow":"follow","max-snippet":"max-snippet:-1","max-image-preview":"max-image-preview:large","max-video-preview":"max-video-preview:-1"},"canonical":"https:\/\/www.grandmercuredalat.com\/vi\/wellness\/heated-outdoor-pool\/","og_locale":"vi_VN","og_type":"article","og_title":"H\u1ed3 b\u01a1i ngo\u00e0i tr\u1eddi t\u1ea1i \u0110\u00e0 L\u1ea1t | Tr\u1ea3i nghi\u1ec7m h\u1ed3 b\u01a1i \u0111\u1ea7y sang tr\u1ecdng","og_description":"H\u00f2a m\u00ecnh v\u00e0o l\u00e0n n\u01b0\u1edbc trong xanh c\u1ee7a h\u1ed3 b\u01a1i ngo\u00e0i tr\u1eddi t\u1ea1i Grand Mercure Dalat, chu\u1ea9n b\u1ecb cho nh\u1eefng kho\u1ea3nh kh\u1eafc b\u01a1i l\u1ed9i th\u1eadt tho\u1ea3i m\u00e1i.","og_url":"https:\/\/www.grandmercuredalat.com\/vi\/wellness\/heated-outdoor-pool\/","og_site_name":"Grand Mercure Dalat Resort","article_modified_time":"2026-01-23T10:36:12+00:00","og_image":[{"width":1800,"height":1200,"url":"https:\/\/www.grandmercuredalat.com\/wp-content\/uploads\/sites\/4\/2025\/10\/Pool-9.jpg","type":"image\/jpeg"}],"twitter_card":"summary_large_image","twitter_misc":{"Est. reading time":"1 minute"},"schema":{"@context":"https:\/\/schema.org","@graph":[{"@type":"WebPage","@id":"https:\/\/www.grandmercuredalat.com\/vi\/wellness\/heated-outdoor-pool\/","url":"https:\/\/www.grandmercuredalat.com\/vi\/wellness\/heated-outdoor-pool\/","name":"H\u1ed3 b\u01a1i ngo\u00e0i tr\u1eddi t\u1ea1i \u0110\u00e0 L\u1ea1t | Tr\u1ea3i nghi\u1ec7m h\u1ed3 b\u01a1i \u0111\u1ea7y sang tr\u1ecdng","isPartOf":{"@id":"https:\/\/www.grandmercuredalat.com\/#website"},"primaryImageOfPage":{"@id":"https:\/\/www.grandmercuredalat.com\/vi\/wellness\/heated-outdoor-pool\/#primaryimage"},"image":{"@id":"https:\/\/www.grandmercuredalat.com\/vi\/wellness\/heated-outdoor-pool\/#primaryimage"},"thumbnailUrl":"https:\/\/www.grandmercuredalat.com\/wp-content\/uploads\/sites\/4\/2025\/10\/Pool-9.jpg","datePublished":"2025-10-06T08:06:07+00:00","dateModified":"2026-01-23T10:36:12+00:00","description":"H\u00f2a m\u00ecnh v\u00e0o l\u00e0n n\u01b0\u1edbc trong xanh c\u1ee7a h\u1ed3 b\u01a1i ngo\u00e0i tr\u1eddi t\u1ea1i Grand Mercure Dalat, chu\u1ea9n b\u1ecb cho nh\u1eefng kho\u1ea3nh kh\u1eafc b\u01a1i l\u1ed9i th\u1eadt tho\u1ea3i m\u00e1i.","breadcrumb":{"@id":"https:\/\/www.grandmercuredalat.com\/vi\/wellness\/heated-outdoor-pool\/#breadcrumb"},"inLanguage":"vi-VN","potentialAction":[{"@type":"ReadAction","target":["https:\/\/www.grandmercuredalat.com\/vi\/wellness\/heated-outdoor-pool\/"]}]},{"@type":"ImageObject","inLanguage":"vi-VN","@id":"https:\/\/www.grandmercuredalat.com\/vi\/wellness\/heated-outdoor-pool\/#primaryimage","url":"https:\/\/www.grandmercuredalat.com\/wp-content\/uploads\/sites\/4\/2025\/10\/Pool-9.jpg","contentUrl":"https:\/\/www.grandmercuredalat.com\/wp-content\/uploads\/sites\/4\/2025\/10\/Pool-9.jpg","width":1800,"height":1200,"caption":"Outdoor Swimming Pool in Dalat"},{"@type":"BreadcrumbList","@id":"https:\/\/www.grandmercuredalat.com\/vi\/wellness\/heated-outdoor-pool\/#breadcrumb","itemListElement":[{"@type":"ListItem","position":1,"name":"Home","item":"https:\/\/www.grandmercuredalat.com\/vi\/"},{"@type":"ListItem","position":2,"name":"Spa &amp; S\u1ee9c Kh\u1ecfe","item":"https:\/\/www.grandmercuredalat.com\/vi\/wellness\/"},{"@type":"ListItem","position":3,"name":"H\u1ed3 B\u01a1i Ngo\u00e0i Tr\u1eddi"}]},{"@type":"WebSite","@id":"https:\/\/www.grandmercuredalat.com\/#website","url":"https:\/\/www.grandmercuredalat.com\/","name":"Grand Mercure Dalat Resort","description":"","publisher":{"@id":"https:\/\/www.grandmercuredalat.com\/#organization"},"potentialAction":[{"@type":"SearchAction","target":{"@type":"EntryPoint","urlTemplate":"https:\/\/www.grandmercuredalat.com\/?s={search_term_string}"},"query-input":{"@type":"PropertyValueSpecification","valueRequired":true,"valueName":"search_term_string"}}],"inLanguage":"vi-VN"},{"@type":"Organization","@id":"https:\/\/www.grandmercuredalat.com\/#organization","name":"Grand Mercure Dalat Resort","url":"https:\/\/www.grandmercuredalat.com\/","logo":{"@type":"ImageObject","inLanguage":"vi-VN","@id":"https:\/\/www.grandmercuredalat.com\/#\/schema\/logo\/image\/","url":"https:\/\/www.grandmercuredalat.com\/wp-content\/uploads\/sites\/4\/2025\/10\/Pool-26.jpg","contentUrl":"https:\/\/www.grandmercuredalat.com\/wp-content\/uploads\/sites\/4\/2025\/10\/Pool-26.jpg","width":1800,"height":1200,"caption":"Grand Mercure Dalat Resort"},"image":{"@id":"https:\/\/www.grandmercuredalat.com\/#\/schema\/logo\/image\/"}}]}},"_links":{"self":[{"href":"https:\/\/www.grandmercuredalat.com\/vi\/wp-json\/wp\/v2\/pages\/279","targetHints":{"allow":["GET"]}}],"collection":[{"href":"https:\/\/www.grandmercuredalat.com\/vi\/wp-json\/wp\/v2\/pages"}],"about":[{"href":"https:\/\/www.grandmercuredalat.com\/vi\/wp-json\/wp\/v2\/types\/page"}],"author":[{"embeddable":true,"href":"https:\/\/www.grandmercuredalat.com\/vi\/wp-json\/wp\/v2\/users\/30"}],"replies":[{"embeddable":true,"href":"https:\/\/www.grandmercuredalat.com\/vi\/wp-json\/wp\/v2\/comments?post=279"}],"version-history":[{"count":0,"href":"https:\/\/www.grandmercuredalat.com\/vi\/wp-json\/wp\/v2\/pages\/279\/revisions"}],"up":[{"embeddable":true,"href":"https:\/\/www.grandmercuredalat.com\/vi\/wp-json\/wp\/v2\/pages\/280"}],"wp:featuredmedia":[{"embeddable":true,"href":"https:\/\/www.grandmercuredalat.com\/vi\/wp-json\/wp\/v2\/media\/132"}],"wp:attachment":[{"href":"https:\/\/www.grandmercuredalat.com\/vi\/wp-json\/wp\/v2\/media?parent=279"}],"wp:term":[{"taxonomy":"category","embeddable":true,"href":"https:\/\/www.grandmercuredalat.com\/vi\/wp-json\/wp\/v2\/categories?post=279"}],"curies":[{"name":"wp","href":"https:\/\/api.w.org\/{rel}","templated":true}]}}