{"id":267,"date":"2025-10-06T07:04:47","date_gmt":"2025-10-06T07:04:47","guid":{"rendered":"https:\/\/grandmercuredalatresort.accorv2prod2.decms.eu\/special-offers\/"},"modified":"2026-01-23T10:24:47","modified_gmt":"2026-01-23T10:24:47","slug":"special-offers","status":"publish","type":"page","link":"https:\/\/www.grandmercuredalat.com\/vi\/special-offers\/","title":{"rendered":"\u01afu \u0110\u00e3i H\u1ea5p D\u1eabn"},"content":{"rendered":"<p>\u0110\u1eebng b\u1ecf l\u1ee1 nh\u1eefng <strong>\u01b0u \u0111\u00e3i \u0111\u1eb7c bi\u1ec7t<\/strong> \u0111\u01b0\u1ee3c thi\u1ebft k\u1ebf ri\u00eang \u0111\u1ec3 bi\u1ebfn k\u1ef3 ngh\u1ec9 c\u1ee7a b\u1ea1n t\u1ea1i <strong><a href=\"https:\/\/www.grandmercuredalat.com\/vi\/\" target=\"_blank\" rel=\"noopener\">Grand Mercure Dalat Resort<\/a><\/strong> tr\u1edf n\u00ean tr\u1ecdn v\u1eb9n h\u01a1n. D\u00f9 b\u1ea1n \u0111ang l\u00ean k\u1ebf ho\u1ea1ch cho m\u1ed9t chuy\u1ebfn ngh\u1ec9 d\u01b0\u1ee1ng th\u01b0 th\u00e1i, m\u1ed9t k\u1ef3 tr\u0103ng m\u1eadt l\u00e3ng m\u1ea1n hay m\u1ed9t chuy\u1ebfn du l\u1ecbch gia \u0111\u00ecnh \u1ea5m \u00e1p, ch\u00fang t\u00f4i \u0111\u1ec1u c\u00f3 nh\u1eefng g\u00f3i \u01b0u \u0111\u00e3i ph\u00f9 h\u1ee3p v\u1edbi phong c\u00e1ch v\u00e0 ng\u00e2n s\u00e1ch c\u1ee7a b\u1ea1n.<\/p>\n<p>T\u1eadn h\u01b0\u1edfng m\u1ee9c gi\u00e1 \u01b0u \u0111\u00e3i, khuy\u1ebfn m\u00e3i theo m\u00f9a v\u00e0 tr\u1ea3i nghi\u1ec7m \u1ea9m th\u1ef1c \u0111\u1eb7c s\u1eafc.<br \/>\n\u0110\u1eb7t ph\u00f2ng tr\u1ef1c ti\u1ebfp v\u1edbi ch\u00fang t\u00f4i \u0111\u1ec3 nh\u1eadn \u0111\u01b0\u1ee3c gi\u00e1 t\u1ed1t nh\u1ea5t v\u00e0 m\u1ed9t k\u1ef3 ngh\u1ec9 th\u1eadt kh\u00f3 qu\u00ean gi\u1eefa \u0111\u1ed3i th\u00f4ng \u0110\u00e0 L\u1ea1t m\u1ed9ng m\u01a1.<\/p>\n","protected":false},"excerpt":{"rendered":"<p>\u0110\u1eebng b\u1ecf l\u1ee1 nh\u1eefng \u01b0u \u0111\u00e3i \u0111\u1eb7c bi\u1ec7t \u0111\u01b0\u1ee3c thi\u1ebft k\u1ebf ri\u00eang \u0111\u1ec3 bi\u1ebfn k\u1ef3 ngh\u1ec9 c\u1ee7a b\u1ea1n t\u1ea1i Grand Mercure Dalat Resort tr\u1edf n\u00ean tr\u1ecdn v\u1eb9n h\u01a1n. D\u00f9 b\u1ea1n \u0111ang l\u00ean k\u1ebf ho\u1ea1ch cho m\u1ed9t chuy\u1ebfn ngh\u1ec9 d\u01b0\u1ee1ng th\u01b0 th\u00e1i, m\u1ed9t k\u1ef3 tr\u0103ng m\u1eadt l\u00e3ng m\u1ea1n hay m\u1ed9t chuy\u1ebfn du l\u1ecbch gia \u0111\u00ecnh \u1ea5m [&hellip;]<\/p>\n","protected":false},"author":30,"featured_media":356,"parent":0,"menu_order":0,"comment_status":"closed","ping_status":"closed","template":"template-special-offers.php","meta":{"footnotes":""},"categories":[],"class_list":["post-267","page","type-page","status-publish","has-post-thumbnail","hentry"],"acf":[],"yoast_head":"<!-- This site is optimized with the Yoast SEO plugin v26.9 - https:\/\/yoast.com\/product\/yoast-seo-wordpress\/ -->\n<title>\u01afu \u0111\u00e3i \u0111\u1eb7c bi\u1ec7t | \u01afu \u0111\u00e3i \u0111\u1ed9c quy\u1ec1n t\u1ea1i Grand Mercure Dalat Resort<\/title>\n<meta name=\"description\" content=\"T\u1eadn h\u01b0\u1edfng nh\u1eefng g\u00f3i \u01b0u \u0111\u00e3i \u0111\u1eb7c bi\u1ec7t cho chuy\u1ebfn ngh\u1ec9 d\u01b0\u1ee1ng l\u00e3ng m\u1ea1n, \u01b0u \u0111\u00e3i gia \u0111\u00ecnh v\u00e0 c\u00e1c \u01b0u \u0111\u00e3i \u1ea9m th\u1ef1c v\u1edbi m\u1ee9c gi\u00e1 \u0111\u1ed9c quy\u1ec1n.\" \/>\n<meta name=\"robots\" content=\"index, follow, max-snippet:-1, max-image-preview:large, max-video-preview:-1\" \/>\n<link rel=\"canonical\" href=\"https:\/\/www.grandmercuredalat.com\/vi\/special-offers\/\" \/>\n<meta property=\"og:locale\" content=\"vi_VN\" \/>\n<meta property=\"og:type\" content=\"article\" \/>\n<meta property=\"og:title\" content=\"\u01afu \u0111\u00e3i \u0111\u1eb7c bi\u1ec7t | \u01afu \u0111\u00e3i \u0111\u1ed9c quy\u1ec1n t\u1ea1i Grand Mercure Dalat Resort\" \/>\n<meta property=\"og:description\" content=\"T\u1eadn h\u01b0\u1edfng nh\u1eefng g\u00f3i \u01b0u \u0111\u00e3i \u0111\u1eb7c bi\u1ec7t cho chuy\u1ebfn ngh\u1ec9 d\u01b0\u1ee1ng l\u00e3ng m\u1ea1n, \u01b0u \u0111\u00e3i gia \u0111\u00ecnh v\u00e0 c\u00e1c \u01b0u \u0111\u00e3i \u1ea9m th\u1ef1c v\u1edbi m\u1ee9c gi\u00e1 \u0111\u1ed9c quy\u1ec1n.\" \/>\n<meta property=\"og:url\" content=\"https:\/\/www.grandmercuredalat.com\/vi\/special-offers\/\" \/>\n<meta property=\"og:site_name\" content=\"Grand Mercure Dalat Resort\" \/>\n<meta property=\"article:modified_time\" content=\"2026-01-23T10:24:47+00:00\" \/>\n<meta property=\"og:image\" content=\"https:\/\/www.grandmercuredalat.com\/wp-content\/uploads\/sites\/4\/2025\/10\/IMG_0014-Enhanced-NR-copy.jpg\" \/>\n\t<meta property=\"og:image:width\" content=\"1800\" \/>\n\t<meta property=\"og:image:height\" content=\"1200\" \/>\n\t<meta property=\"og:image:type\" content=\"image\/jpeg\" \/>\n<meta name=\"twitter:card\" content=\"summary_large_image\" \/>\n<meta name=\"twitter:label1\" content=\"Est. reading time\" \/>\n\t<meta name=\"twitter:data1\" content=\"1 minute\" \/>\n<script type=\"application\/ld+json\" class=\"yoast-schema-graph\">{\"@context\":\"https:\/\/schema.org\",\"@graph\":[{\"@type\":\"WebPage\",\"@id\":\"https:\/\/www.grandmercuredalat.com\/vi\/special-offers\/\",\"url\":\"https:\/\/www.grandmercuredalat.com\/vi\/special-offers\/\",\"name\":\"\u01afu \u0111\u00e3i \u0111\u1eb7c bi\u1ec7t | \u01afu \u0111\u00e3i \u0111\u1ed9c quy\u1ec1n t\u1ea1i Grand Mercure Dalat Resort\",\"isPartOf\":{\"@id\":\"https:\/\/www.grandmercuredalat.com\/#website\"},\"primaryImageOfPage\":{\"@id\":\"https:\/\/www.grandmercuredalat.com\/vi\/special-offers\/#primaryimage\"},\"image\":{\"@id\":\"https:\/\/www.grandmercuredalat.com\/vi\/special-offers\/#primaryimage\"},\"thumbnailUrl\":\"https:\/\/www.grandmercuredalat.com\/wp-content\/uploads\/sites\/4\/2025\/10\/IMG_0014-Enhanced-NR-copy.jpg\",\"datePublished\":\"2025-10-06T07:04:47+00:00\",\"dateModified\":\"2026-01-23T10:24:47+00:00\",\"description\":\"T\u1eadn h\u01b0\u1edfng nh\u1eefng g\u00f3i \u01b0u \u0111\u00e3i \u0111\u1eb7c bi\u1ec7t cho chuy\u1ebfn ngh\u1ec9 d\u01b0\u1ee1ng l\u00e3ng m\u1ea1n, \u01b0u \u0111\u00e3i gia \u0111\u00ecnh v\u00e0 c\u00e1c \u01b0u \u0111\u00e3i \u1ea9m th\u1ef1c v\u1edbi m\u1ee9c gi\u00e1 \u0111\u1ed9c quy\u1ec1n.\",\"breadcrumb\":{\"@id\":\"https:\/\/www.grandmercuredalat.com\/vi\/special-offers\/#breadcrumb\"},\"inLanguage\":\"vi-VN\",\"potentialAction\":[{\"@type\":\"ReadAction\",\"target\":[\"https:\/\/www.grandmercuredalat.com\/vi\/special-offers\/\"]}]},{\"@type\":\"ImageObject\",\"inLanguage\":\"vi-VN\",\"@id\":\"https:\/\/www.grandmercuredalat.com\/vi\/special-offers\/#primaryimage\",\"url\":\"https:\/\/www.grandmercuredalat.com\/wp-content\/uploads\/sites\/4\/2025\/10\/IMG_0014-Enhanced-NR-copy.jpg\",\"contentUrl\":\"https:\/\/www.grandmercuredalat.com\/wp-content\/uploads\/sites\/4\/2025\/10\/IMG_0014-Enhanced-NR-copy.jpg\",\"width\":1800,\"height\":1200,\"caption\":\"Special Offers\"},{\"@type\":\"BreadcrumbList\",\"@id\":\"https:\/\/www.grandmercuredalat.com\/vi\/special-offers\/#breadcrumb\",\"itemListElement\":[{\"@type\":\"ListItem\",\"position\":1,\"name\":\"Home\",\"item\":\"https:\/\/www.grandmercuredalat.com\/vi\/\"},{\"@type\":\"ListItem\",\"position\":2,\"name\":\"\u01afu \u0110\u00e3i H\u1ea5p D\u1eabn\"}]},{\"@type\":\"WebSite\",\"@id\":\"https:\/\/www.grandmercuredalat.com\/#website\",\"url\":\"https:\/\/www.grandmercuredalat.com\/\",\"name\":\"Grand Mercure Dalat Resort\",\"description\":\"\",\"publisher\":{\"@id\":\"https:\/\/www.grandmercuredalat.com\/#organization\"},\"potentialAction\":[{\"@type\":\"SearchAction\",\"target\":{\"@type\":\"EntryPoint\",\"urlTemplate\":\"https:\/\/www.grandmercuredalat.com\/?s={search_term_string}\"},\"query-input\":{\"@type\":\"PropertyValueSpecification\",\"valueRequired\":true,\"valueName\":\"search_term_string\"}}],\"inLanguage\":\"vi-VN\"},{\"@type\":\"Organization\",\"@id\":\"https:\/\/www.grandmercuredalat.com\/#organization\",\"name\":\"Grand Mercure Dalat Resort\",\"url\":\"https:\/\/www.grandmercuredalat.com\/\",\"logo\":{\"@type\":\"ImageObject\",\"inLanguage\":\"vi-VN\",\"@id\":\"https:\/\/www.grandmercuredalat.com\/#\/schema\/logo\/image\/\",\"url\":\"https:\/\/www.grandmercuredalat.com\/wp-content\/uploads\/sites\/4\/2025\/10\/Pool-26.jpg\",\"contentUrl\":\"https:\/\/www.grandmercuredalat.com\/wp-content\/uploads\/sites\/4\/2025\/10\/Pool-26.jpg\",\"width\":1800,\"height\":1200,\"caption\":\"Grand Mercure Dalat Resort\"},\"image\":{\"@id\":\"https:\/\/www.grandmercuredalat.com\/#\/schema\/logo\/image\/\"}}]}<\/script>\n<!-- \/ Yoast SEO plugin. -->","yoast_head_json":{"title":"\u01afu \u0111\u00e3i \u0111\u1eb7c bi\u1ec7t | \u01afu \u0111\u00e3i \u0111\u1ed9c quy\u1ec1n t\u1ea1i Grand Mercure Dalat Resort","description":"T\u1eadn h\u01b0\u1edfng nh\u1eefng g\u00f3i \u01b0u \u0111\u00e3i \u0111\u1eb7c bi\u1ec7t cho chuy\u1ebfn ngh\u1ec9 d\u01b0\u1ee1ng l\u00e3ng m\u1ea1n, \u01b0u \u0111\u00e3i gia \u0111\u00ecnh v\u00e0 c\u00e1c \u01b0u \u0111\u00e3i \u1ea9m th\u1ef1c v\u1edbi m\u1ee9c gi\u00e1 \u0111\u1ed9c quy\u1ec1n.","robots":{"index":"index","follow":"follow","max-snippet":"max-snippet:-1","max-image-preview":"max-image-preview:large","max-video-preview":"max-video-preview:-1"},"canonical":"https:\/\/www.grandmercuredalat.com\/vi\/special-offers\/","og_locale":"vi_VN","og_type":"article","og_title":"\u01afu \u0111\u00e3i \u0111\u1eb7c bi\u1ec7t | \u01afu \u0111\u00e3i \u0111\u1ed9c quy\u1ec1n t\u1ea1i Grand Mercure Dalat Resort","og_description":"T\u1eadn h\u01b0\u1edfng nh\u1eefng g\u00f3i \u01b0u \u0111\u00e3i \u0111\u1eb7c bi\u1ec7t cho chuy\u1ebfn ngh\u1ec9 d\u01b0\u1ee1ng l\u00e3ng m\u1ea1n, \u01b0u \u0111\u00e3i gia \u0111\u00ecnh v\u00e0 c\u00e1c \u01b0u \u0111\u00e3i \u1ea9m th\u1ef1c v\u1edbi m\u1ee9c gi\u00e1 \u0111\u1ed9c quy\u1ec1n.","og_url":"https:\/\/www.grandmercuredalat.com\/vi\/special-offers\/","og_site_name":"Grand Mercure Dalat Resort","article_modified_time":"2026-01-23T10:24:47+00:00","og_image":[{"width":1800,"height":1200,"url":"https:\/\/www.grandmercuredalat.com\/wp-content\/uploads\/sites\/4\/2025\/10\/IMG_0014-Enhanced-NR-copy.jpg","type":"image\/jpeg"}],"twitter_card":"summary_large_image","twitter_misc":{"Est. reading time":"1 minute"},"schema":{"@context":"https:\/\/schema.org","@graph":[{"@type":"WebPage","@id":"https:\/\/www.grandmercuredalat.com\/vi\/special-offers\/","url":"https:\/\/www.grandmercuredalat.com\/vi\/special-offers\/","name":"\u01afu \u0111\u00e3i \u0111\u1eb7c bi\u1ec7t | \u01afu \u0111\u00e3i \u0111\u1ed9c quy\u1ec1n t\u1ea1i Grand Mercure Dalat Resort","isPartOf":{"@id":"https:\/\/www.grandmercuredalat.com\/#website"},"primaryImageOfPage":{"@id":"https:\/\/www.grandmercuredalat.com\/vi\/special-offers\/#primaryimage"},"image":{"@id":"https:\/\/www.grandmercuredalat.com\/vi\/special-offers\/#primaryimage"},"thumbnailUrl":"https:\/\/www.grandmercuredalat.com\/wp-content\/uploads\/sites\/4\/2025\/10\/IMG_0014-Enhanced-NR-copy.jpg","datePublished":"2025-10-06T07:04:47+00:00","dateModified":"2026-01-23T10:24:47+00:00","description":"T\u1eadn h\u01b0\u1edfng nh\u1eefng g\u00f3i \u01b0u \u0111\u00e3i \u0111\u1eb7c bi\u1ec7t cho chuy\u1ebfn ngh\u1ec9 d\u01b0\u1ee1ng l\u00e3ng m\u1ea1n, \u01b0u \u0111\u00e3i gia \u0111\u00ecnh v\u00e0 c\u00e1c \u01b0u \u0111\u00e3i \u1ea9m th\u1ef1c v\u1edbi m\u1ee9c gi\u00e1 \u0111\u1ed9c quy\u1ec1n.","breadcrumb":{"@id":"https:\/\/www.grandmercuredalat.com\/vi\/special-offers\/#breadcrumb"},"inLanguage":"vi-VN","potentialAction":[{"@type":"ReadAction","target":["https:\/\/www.grandmercuredalat.com\/vi\/special-offers\/"]}]},{"@type":"ImageObject","inLanguage":"vi-VN","@id":"https:\/\/www.grandmercuredalat.com\/vi\/special-offers\/#primaryimage","url":"https:\/\/www.grandmercuredalat.com\/wp-content\/uploads\/sites\/4\/2025\/10\/IMG_0014-Enhanced-NR-copy.jpg","contentUrl":"https:\/\/www.grandmercuredalat.com\/wp-content\/uploads\/sites\/4\/2025\/10\/IMG_0014-Enhanced-NR-copy.jpg","width":1800,"height":1200,"caption":"Special Offers"},{"@type":"BreadcrumbList","@id":"https:\/\/www.grandmercuredalat.com\/vi\/special-offers\/#breadcrumb","itemListElement":[{"@type":"ListItem","position":1,"name":"Home","item":"https:\/\/www.grandmercuredalat.com\/vi\/"},{"@type":"ListItem","position":2,"name":"\u01afu \u0110\u00e3i H\u1ea5p D\u1eabn"}]},{"@type":"WebSite","@id":"https:\/\/www.grandmercuredalat.com\/#website","url":"https:\/\/www.grandmercuredalat.com\/","name":"Grand Mercure Dalat Resort","description":"","publisher":{"@id":"https:\/\/www.grandmercuredalat.com\/#organization"},"potentialAction":[{"@type":"SearchAction","target":{"@type":"EntryPoint","urlTemplate":"https:\/\/www.grandmercuredalat.com\/?s={search_term_string}"},"query-input":{"@type":"PropertyValueSpecification","valueRequired":true,"valueName":"search_term_string"}}],"inLanguage":"vi-VN"},{"@type":"Organization","@id":"https:\/\/www.grandmercuredalat.com\/#organization","name":"Grand Mercure Dalat Resort","url":"https:\/\/www.grandmercuredalat.com\/","logo":{"@type":"ImageObject","inLanguage":"vi-VN","@id":"https:\/\/www.grandmercuredalat.com\/#\/schema\/logo\/image\/","url":"https:\/\/www.grandmercuredalat.com\/wp-content\/uploads\/sites\/4\/2025\/10\/Pool-26.jpg","contentUrl":"https:\/\/www.grandmercuredalat.com\/wp-content\/uploads\/sites\/4\/2025\/10\/Pool-26.jpg","width":1800,"height":1200,"caption":"Grand Mercure Dalat Resort"},"image":{"@id":"https:\/\/www.grandmercuredalat.com\/#\/schema\/logo\/image\/"}}]}},"_links":{"self":[{"href":"https:\/\/www.grandmercuredalat.com\/vi\/wp-json\/wp\/v2\/pages\/267","targetHints":{"allow":["GET"]}}],"collection":[{"href":"https:\/\/www.grandmercuredalat.com\/vi\/wp-json\/wp\/v2\/pages"}],"about":[{"href":"https:\/\/www.grandmercuredalat.com\/vi\/wp-json\/wp\/v2\/types\/page"}],"author":[{"embeddable":true,"href":"https:\/\/www.grandmercuredalat.com\/vi\/wp-json\/wp\/v2\/users\/30"}],"replies":[{"embeddable":true,"href":"https:\/\/www.grandmercuredalat.com\/vi\/wp-json\/wp\/v2\/comments?post=267"}],"version-history":[{"count":0,"href":"https:\/\/www.grandmercuredalat.com\/vi\/wp-json\/wp\/v2\/pages\/267\/revisions"}],"wp:featuredmedia":[{"embeddable":true,"href":"https:\/\/www.grandmercuredalat.com\/vi\/wp-json\/wp\/v2\/media\/356"}],"wp:attachment":[{"href":"https:\/\/www.grandmercuredalat.com\/vi\/wp-json\/wp\/v2\/media?parent=267"}],"wp:term":[{"taxonomy":"category","embeddable":true,"href":"https:\/\/www.grandmercuredalat.com\/vi\/wp-json\/wp\/v2\/categories?post=267"}],"curies":[{"name":"wp","href":"https:\/\/api.w.org\/{rel}","templated":true}]}}