{"id":260,"date":"2025-10-06T06:32:39","date_gmt":"2025-10-06T06:32:39","guid":{"rendered":"https:\/\/grandmercuredalatresort.accorv2prod2.decms.eu\/restaurants-bars\/"},"modified":"2026-01-23T09:13:05","modified_gmt":"2026-01-23T09:13:05","slug":"restaurants-bars","status":"publish","type":"page","link":"https:\/\/www.grandmercuredalat.com\/vi\/restaurants-bars\/","title":{"rendered":"Nh\u00e0 h\u00e0ng &amp; Bar"},"content":{"rendered":"<p>\u0110\u1eafm m\u00ecnh trong h\u00e0nh tr\u00ecnh \u1ea9m th\u1ef1c \u0111\u1ea7y c\u1ea3m h\u1ee9ng c\u00f9ng <strong>nh\u00e0 h\u00e0ng v\u00e0 qu\u1ea7y bar \u0110\u00e0 L\u1ea1t \u1ea5n t\u01b0\u1ee3ng<\/strong> t\u1ea1i Grand Mercure Dalat Resort. \u0110\u00e1nh th\u1ee9c m\u1ecdi gi\u00e1c quan khi nh\u00e2m nhi nh\u1eefng ly cocktail \u0111\u01b0\u1ee3c ch\u1ebf t\u00e1c tinh t\u1ebf trong kh\u00f4ng gian mang \u0111\u1eadm ch\u1ea5t Paris t\u1ea1i <strong><a href=\"https:\/\/www.grandmercuredalat.com\/vi\/restaurants-bars\/1929-lobby-bar\/\" target=\"_blank\" rel=\"noopener\">1929 Lobby Bar<\/a><\/strong>, th\u01b0\u1edfng th\u1ee9c h\u01b0\u01a1ng v\u1ecb t\u01b0\u01a1i ngon t\u1eeb n\u00f4ng tr\u1ea1i \u0111\u1ebfn b\u00e0n t\u1ea1i <strong><a href=\"https:\/\/www.grandmercuredalat.com\/vi\/restaurants-bars\/deux-amants\/\" target=\"_blank\" rel=\"noopener\">nh\u00e0 h\u00e0ng Deux Amants<\/a><\/strong>, ho\u1eb7c ph\u00e1 b\u1ecf khu\u00f4n m\u1eabu truy\u1ec1n th\u1ed1ng t\u1ea1i <strong><a href=\"https:\/\/www.grandmercuredalat.com\/vi\/restaurants-bars\/moon-lounge\/\" target=\"_blank\" rel=\"noopener\">Moon Lounge<\/a><\/strong> v\u1edbi nh\u1eefng lo\u1ea1i r\u01b0\u1ee3u s\u1ed1ng \u0111\u1ed9ng, \u00e2m nh\u1ea1c live, v\u00e0 nh\u1eefng m\u00e0n tr\u00ecnh di\u1ec5n pha ch\u1ebf \u0111\u1ea7y ngh\u1ec7 thu\u1eadt. D\u00f9 l\u00e0 b\u1eefa t\u1ed1i sang tr\u1ecdng, bu\u1ed5i g\u1eb7p g\u1ee1 th\u00e2n m\u1eadt, c\u00e1c l\u1ef1a ch\u1ecdn nh\u00e0 h\u00e0ng v\u00e0 qu\u1ea7y bar c\u1ee7a khu ngh\u1ec9 \u0111\u1ec1u \u0111\u00e1p \u1ee9ng m\u1ecdi nhu c\u1ea7u \u1ea9m th\u1ef1c c\u1ee7a b\u1ea1n.<\/p>\n<p>T\u1ea1i <strong><a href=\"https:\/\/www.grandmercuredalat.com\/vi\/\" target=\"_blank\" rel=\"noopener\">Grand Mercure Dalat Resort<\/a><\/strong>, m\u1ed7i b\u1eefa \u0103n l\u00e0 m\u1ed9t h\u00e0nh tr\u00ecnh c\u1ee7a h\u01b0\u01a1ng v\u1ecb, v\u0103n h\u00f3a v\u00e0 s\u1ef1 tinh x\u1ea3o. H\u00e3y \u0111\u1eafm ch\u00ecm trong th\u1ebf gi\u1edbi \u1ea9m th\u1ef1c \u0111\u1ec9nh cao, n\u01a1i h\u01b0\u01a1ng v\u1ecb \u0111\u1ecba ph\u01b0\u01a1ng h\u00f2a quy\u1ec7n c\u00f9ng tinh hoa \u1ea9m th\u1ef1c qu\u1ed1c t\u1ebf, mang \u0111\u1ebfn tr\u1ea3i nghi\u1ec7m kh\u00f3 qu\u00ean.<\/p>\n","protected":false},"excerpt":{"rendered":"<p>\u0110\u1eafm m\u00ecnh trong h\u00e0nh tr\u00ecnh \u1ea9m th\u1ef1c \u0111\u1ea7y c\u1ea3m h\u1ee9ng c\u00f9ng nh\u00e0 h\u00e0ng v\u00e0 qu\u1ea7y bar \u0110\u00e0 L\u1ea1t \u1ea5n t\u01b0\u1ee3ng t\u1ea1i Grand Mercure Dalat Resort. \u0110\u00e1nh th\u1ee9c m\u1ecdi gi\u00e1c quan khi nh\u00e2m nhi nh\u1eefng ly cocktail \u0111\u01b0\u1ee3c ch\u1ebf t\u00e1c tinh t\u1ebf trong kh\u00f4ng gian mang \u0111\u1eadm ch\u1ea5t Paris t\u1ea1i 1929 Lobby Bar, th\u01b0\u1edfng th\u1ee9c h\u01b0\u01a1ng [&hellip;]<\/p>\n","protected":false},"author":30,"featured_media":492,"parent":0,"menu_order":0,"comment_status":"closed","ping_status":"closed","template":"template-restaurants.php","meta":{"footnotes":""},"categories":[],"class_list":["post-260","page","type-page","status-publish","has-post-thumbnail","hentry"],"acf":[],"yoast_head":"<!-- This site is optimized with the Yoast SEO plugin v26.9 - https:\/\/yoast.com\/product\/yoast-seo-wordpress\/ -->\n<title>Nh\u00e0 H\u00e0ng T\u1ea1i \u0110\u00e0 L\u1ea1t | L\u1ea5y C\u1ea3m H\u1ee9ng T\u1eeb \u1ea2m Th\u1ef1c Ph\u00e1p<\/title>\n<meta name=\"description\" content=\"Kh\u00e1m ph\u00e1 nh\u00e0 h\u00e0ng t\u1ea1i \u0110\u00e0 L\u1ea1t \u0111\u1eb3ng c\u1ea5p v\u1edbi \u1ea9m th\u1ef1c &quot;t\u1eeb n\u00f4ng tr\u1ea1i \u0111\u1ebfn b\u00e0n \u0103n&quot; t\u01b0\u01a1i ngon, cocktail \u0111\u01b0\u1ee3c pha ch\u1ebf tinh t\u1ebf v\u00e0 \u00e2m nh\u1ea1c s\u1ed1ng \u0111\u1ed9ng.\" \/>\n<meta name=\"robots\" content=\"index, follow, max-snippet:-1, max-image-preview:large, max-video-preview:-1\" \/>\n<link rel=\"canonical\" href=\"https:\/\/www.grandmercuredalat.com\/vi\/restaurants-bars\/\" \/>\n<meta property=\"og:locale\" content=\"vi_VN\" \/>\n<meta property=\"og:type\" content=\"article\" \/>\n<meta property=\"og:title\" content=\"Nh\u00e0 H\u00e0ng T\u1ea1i \u0110\u00e0 L\u1ea1t | L\u1ea5y C\u1ea3m H\u1ee9ng T\u1eeb \u1ea2m Th\u1ef1c Ph\u00e1p\" \/>\n<meta property=\"og:description\" content=\"Kh\u00e1m ph\u00e1 nh\u00e0 h\u00e0ng t\u1ea1i \u0110\u00e0 L\u1ea1t \u0111\u1eb3ng c\u1ea5p v\u1edbi \u1ea9m th\u1ef1c &quot;t\u1eeb n\u00f4ng tr\u1ea1i \u0111\u1ebfn b\u00e0n \u0103n&quot; t\u01b0\u01a1i ngon, cocktail \u0111\u01b0\u1ee3c pha ch\u1ebf tinh t\u1ebf v\u00e0 \u00e2m nh\u1ea1c s\u1ed1ng \u0111\u1ed9ng.\" \/>\n<meta property=\"og:url\" content=\"https:\/\/www.grandmercuredalat.com\/vi\/restaurants-bars\/\" \/>\n<meta property=\"og:site_name\" content=\"Grand Mercure Dalat Resort\" \/>\n<meta property=\"article:modified_time\" content=\"2026-01-23T09:13:05+00:00\" \/>\n<meta property=\"og:image\" content=\"https:\/\/www.grandmercuredalat.com\/wp-content\/uploads\/sites\/4\/2025\/11\/Restaurants-and-Bars-min.jpg\" \/>\n\t<meta property=\"og:image:width\" content=\"1600\" \/>\n\t<meta property=\"og:image:height\" content=\"1199\" \/>\n\t<meta property=\"og:image:type\" content=\"image\/jpeg\" \/>\n<meta name=\"twitter:card\" content=\"summary_large_image\" \/>\n<meta name=\"twitter:label1\" content=\"Est. reading time\" \/>\n\t<meta name=\"twitter:data1\" content=\"1 minute\" \/>\n<script type=\"application\/ld+json\" class=\"yoast-schema-graph\">{\"@context\":\"https:\/\/schema.org\",\"@graph\":[{\"@type\":\"WebPage\",\"@id\":\"https:\/\/www.grandmercuredalat.com\/vi\/restaurants-bars\/\",\"url\":\"https:\/\/www.grandmercuredalat.com\/vi\/restaurants-bars\/\",\"name\":\"Nh\u00e0 H\u00e0ng T\u1ea1i \u0110\u00e0 L\u1ea1t | L\u1ea5y C\u1ea3m H\u1ee9ng T\u1eeb \u1ea2m Th\u1ef1c Ph\u00e1p\",\"isPartOf\":{\"@id\":\"https:\/\/www.grandmercuredalat.com\/#website\"},\"primaryImageOfPage\":{\"@id\":\"https:\/\/www.grandmercuredalat.com\/vi\/restaurants-bars\/#primaryimage\"},\"image\":{\"@id\":\"https:\/\/www.grandmercuredalat.com\/vi\/restaurants-bars\/#primaryimage\"},\"thumbnailUrl\":\"https:\/\/www.grandmercuredalat.com\/wp-content\/uploads\/sites\/4\/2025\/11\/Restaurants-and-Bars-min.jpg\",\"datePublished\":\"2025-10-06T06:32:39+00:00\",\"dateModified\":\"2026-01-23T09:13:05+00:00\",\"description\":\"Kh\u00e1m ph\u00e1 nh\u00e0 h\u00e0ng t\u1ea1i \u0110\u00e0 L\u1ea1t \u0111\u1eb3ng c\u1ea5p v\u1edbi \u1ea9m th\u1ef1c \\\"t\u1eeb n\u00f4ng tr\u1ea1i \u0111\u1ebfn b\u00e0n \u0103n\\\" t\u01b0\u01a1i ngon, cocktail \u0111\u01b0\u1ee3c pha ch\u1ebf tinh t\u1ebf v\u00e0 \u00e2m nh\u1ea1c s\u1ed1ng \u0111\u1ed9ng.\",\"breadcrumb\":{\"@id\":\"https:\/\/www.grandmercuredalat.com\/vi\/restaurants-bars\/#breadcrumb\"},\"inLanguage\":\"vi-VN\",\"potentialAction\":[{\"@type\":\"ReadAction\",\"target\":[\"https:\/\/www.grandmercuredalat.com\/vi\/restaurants-bars\/\"]}]},{\"@type\":\"ImageObject\",\"inLanguage\":\"vi-VN\",\"@id\":\"https:\/\/www.grandmercuredalat.com\/vi\/restaurants-bars\/#primaryimage\",\"url\":\"https:\/\/www.grandmercuredalat.com\/wp-content\/uploads\/sites\/4\/2025\/11\/Restaurants-and-Bars-min.jpg\",\"contentUrl\":\"https:\/\/www.grandmercuredalat.com\/wp-content\/uploads\/sites\/4\/2025\/11\/Restaurants-and-Bars-min.jpg\",\"width\":1600,\"height\":1199,\"caption\":\"Restaurant in Dalat\"},{\"@type\":\"BreadcrumbList\",\"@id\":\"https:\/\/www.grandmercuredalat.com\/vi\/restaurants-bars\/#breadcrumb\",\"itemListElement\":[{\"@type\":\"ListItem\",\"position\":1,\"name\":\"Home\",\"item\":\"https:\/\/www.grandmercuredalat.com\/vi\/\"},{\"@type\":\"ListItem\",\"position\":2,\"name\":\"Nh\u00e0 h\u00e0ng &amp; Bar\"}]},{\"@type\":\"WebSite\",\"@id\":\"https:\/\/www.grandmercuredalat.com\/#website\",\"url\":\"https:\/\/www.grandmercuredalat.com\/\",\"name\":\"Grand Mercure Dalat Resort\",\"description\":\"\",\"publisher\":{\"@id\":\"https:\/\/www.grandmercuredalat.com\/#organization\"},\"potentialAction\":[{\"@type\":\"SearchAction\",\"target\":{\"@type\":\"EntryPoint\",\"urlTemplate\":\"https:\/\/www.grandmercuredalat.com\/?s={search_term_string}\"},\"query-input\":{\"@type\":\"PropertyValueSpecification\",\"valueRequired\":true,\"valueName\":\"search_term_string\"}}],\"inLanguage\":\"vi-VN\"},{\"@type\":\"Organization\",\"@id\":\"https:\/\/www.grandmercuredalat.com\/#organization\",\"name\":\"Grand Mercure Dalat Resort\",\"url\":\"https:\/\/www.grandmercuredalat.com\/\",\"logo\":{\"@type\":\"ImageObject\",\"inLanguage\":\"vi-VN\",\"@id\":\"https:\/\/www.grandmercuredalat.com\/#\/schema\/logo\/image\/\",\"url\":\"https:\/\/www.grandmercuredalat.com\/wp-content\/uploads\/sites\/4\/2025\/10\/Pool-26.jpg\",\"contentUrl\":\"https:\/\/www.grandmercuredalat.com\/wp-content\/uploads\/sites\/4\/2025\/10\/Pool-26.jpg\",\"width\":1800,\"height\":1200,\"caption\":\"Grand Mercure Dalat Resort\"},\"image\":{\"@id\":\"https:\/\/www.grandmercuredalat.com\/#\/schema\/logo\/image\/\"}}]}<\/script>\n<!-- \/ Yoast SEO plugin. -->","yoast_head_json":{"title":"Nh\u00e0 H\u00e0ng T\u1ea1i \u0110\u00e0 L\u1ea1t | L\u1ea5y C\u1ea3m H\u1ee9ng T\u1eeb \u1ea2m Th\u1ef1c Ph\u00e1p","description":"Kh\u00e1m ph\u00e1 nh\u00e0 h\u00e0ng t\u1ea1i \u0110\u00e0 L\u1ea1t \u0111\u1eb3ng c\u1ea5p v\u1edbi \u1ea9m th\u1ef1c \"t\u1eeb n\u00f4ng tr\u1ea1i \u0111\u1ebfn b\u00e0n \u0103n\" t\u01b0\u01a1i ngon, cocktail \u0111\u01b0\u1ee3c pha ch\u1ebf tinh t\u1ebf v\u00e0 \u00e2m nh\u1ea1c s\u1ed1ng \u0111\u1ed9ng.","robots":{"index":"index","follow":"follow","max-snippet":"max-snippet:-1","max-image-preview":"max-image-preview:large","max-video-preview":"max-video-preview:-1"},"canonical":"https:\/\/www.grandmercuredalat.com\/vi\/restaurants-bars\/","og_locale":"vi_VN","og_type":"article","og_title":"Nh\u00e0 H\u00e0ng T\u1ea1i \u0110\u00e0 L\u1ea1t | L\u1ea5y C\u1ea3m H\u1ee9ng T\u1eeb \u1ea2m Th\u1ef1c Ph\u00e1p","og_description":"Kh\u00e1m ph\u00e1 nh\u00e0 h\u00e0ng t\u1ea1i \u0110\u00e0 L\u1ea1t \u0111\u1eb3ng c\u1ea5p v\u1edbi \u1ea9m th\u1ef1c \"t\u1eeb n\u00f4ng tr\u1ea1i \u0111\u1ebfn b\u00e0n \u0103n\" t\u01b0\u01a1i ngon, cocktail \u0111\u01b0\u1ee3c pha ch\u1ebf tinh t\u1ebf v\u00e0 \u00e2m nh\u1ea1c s\u1ed1ng \u0111\u1ed9ng.","og_url":"https:\/\/www.grandmercuredalat.com\/vi\/restaurants-bars\/","og_site_name":"Grand Mercure Dalat Resort","article_modified_time":"2026-01-23T09:13:05+00:00","og_image":[{"width":1600,"height":1199,"url":"https:\/\/www.grandmercuredalat.com\/wp-content\/uploads\/sites\/4\/2025\/11\/Restaurants-and-Bars-min.jpg","type":"image\/jpeg"}],"twitter_card":"summary_large_image","twitter_misc":{"Est. reading time":"1 minute"},"schema":{"@context":"https:\/\/schema.org","@graph":[{"@type":"WebPage","@id":"https:\/\/www.grandmercuredalat.com\/vi\/restaurants-bars\/","url":"https:\/\/www.grandmercuredalat.com\/vi\/restaurants-bars\/","name":"Nh\u00e0 H\u00e0ng T\u1ea1i \u0110\u00e0 L\u1ea1t | L\u1ea5y C\u1ea3m H\u1ee9ng T\u1eeb \u1ea2m Th\u1ef1c Ph\u00e1p","isPartOf":{"@id":"https:\/\/www.grandmercuredalat.com\/#website"},"primaryImageOfPage":{"@id":"https:\/\/www.grandmercuredalat.com\/vi\/restaurants-bars\/#primaryimage"},"image":{"@id":"https:\/\/www.grandmercuredalat.com\/vi\/restaurants-bars\/#primaryimage"},"thumbnailUrl":"https:\/\/www.grandmercuredalat.com\/wp-content\/uploads\/sites\/4\/2025\/11\/Restaurants-and-Bars-min.jpg","datePublished":"2025-10-06T06:32:39+00:00","dateModified":"2026-01-23T09:13:05+00:00","description":"Kh\u00e1m ph\u00e1 nh\u00e0 h\u00e0ng t\u1ea1i \u0110\u00e0 L\u1ea1t \u0111\u1eb3ng c\u1ea5p v\u1edbi \u1ea9m th\u1ef1c \"t\u1eeb n\u00f4ng tr\u1ea1i \u0111\u1ebfn b\u00e0n \u0103n\" t\u01b0\u01a1i ngon, cocktail \u0111\u01b0\u1ee3c pha ch\u1ebf tinh t\u1ebf v\u00e0 \u00e2m nh\u1ea1c s\u1ed1ng \u0111\u1ed9ng.","breadcrumb":{"@id":"https:\/\/www.grandmercuredalat.com\/vi\/restaurants-bars\/#breadcrumb"},"inLanguage":"vi-VN","potentialAction":[{"@type":"ReadAction","target":["https:\/\/www.grandmercuredalat.com\/vi\/restaurants-bars\/"]}]},{"@type":"ImageObject","inLanguage":"vi-VN","@id":"https:\/\/www.grandmercuredalat.com\/vi\/restaurants-bars\/#primaryimage","url":"https:\/\/www.grandmercuredalat.com\/wp-content\/uploads\/sites\/4\/2025\/11\/Restaurants-and-Bars-min.jpg","contentUrl":"https:\/\/www.grandmercuredalat.com\/wp-content\/uploads\/sites\/4\/2025\/11\/Restaurants-and-Bars-min.jpg","width":1600,"height":1199,"caption":"Restaurant in Dalat"},{"@type":"BreadcrumbList","@id":"https:\/\/www.grandmercuredalat.com\/vi\/restaurants-bars\/#breadcrumb","itemListElement":[{"@type":"ListItem","position":1,"name":"Home","item":"https:\/\/www.grandmercuredalat.com\/vi\/"},{"@type":"ListItem","position":2,"name":"Nh\u00e0 h\u00e0ng &amp; Bar"}]},{"@type":"WebSite","@id":"https:\/\/www.grandmercuredalat.com\/#website","url":"https:\/\/www.grandmercuredalat.com\/","name":"Grand Mercure Dalat Resort","description":"","publisher":{"@id":"https:\/\/www.grandmercuredalat.com\/#organization"},"potentialAction":[{"@type":"SearchAction","target":{"@type":"EntryPoint","urlTemplate":"https:\/\/www.grandmercuredalat.com\/?s={search_term_string}"},"query-input":{"@type":"PropertyValueSpecification","valueRequired":true,"valueName":"search_term_string"}}],"inLanguage":"vi-VN"},{"@type":"Organization","@id":"https:\/\/www.grandmercuredalat.com\/#organization","name":"Grand Mercure Dalat Resort","url":"https:\/\/www.grandmercuredalat.com\/","logo":{"@type":"ImageObject","inLanguage":"vi-VN","@id":"https:\/\/www.grandmercuredalat.com\/#\/schema\/logo\/image\/","url":"https:\/\/www.grandmercuredalat.com\/wp-content\/uploads\/sites\/4\/2025\/10\/Pool-26.jpg","contentUrl":"https:\/\/www.grandmercuredalat.com\/wp-content\/uploads\/sites\/4\/2025\/10\/Pool-26.jpg","width":1800,"height":1200,"caption":"Grand Mercure Dalat Resort"},"image":{"@id":"https:\/\/www.grandmercuredalat.com\/#\/schema\/logo\/image\/"}}]}},"_links":{"self":[{"href":"https:\/\/www.grandmercuredalat.com\/vi\/wp-json\/wp\/v2\/pages\/260","targetHints":{"allow":["GET"]}}],"collection":[{"href":"https:\/\/www.grandmercuredalat.com\/vi\/wp-json\/wp\/v2\/pages"}],"about":[{"href":"https:\/\/www.grandmercuredalat.com\/vi\/wp-json\/wp\/v2\/types\/page"}],"author":[{"embeddable":true,"href":"https:\/\/www.grandmercuredalat.com\/vi\/wp-json\/wp\/v2\/users\/30"}],"replies":[{"embeddable":true,"href":"https:\/\/www.grandmercuredalat.com\/vi\/wp-json\/wp\/v2\/comments?post=260"}],"version-history":[{"count":0,"href":"https:\/\/www.grandmercuredalat.com\/vi\/wp-json\/wp\/v2\/pages\/260\/revisions"}],"wp:featuredmedia":[{"embeddable":true,"href":"https:\/\/www.grandmercuredalat.com\/vi\/wp-json\/wp\/v2\/media\/492"}],"wp:attachment":[{"href":"https:\/\/www.grandmercuredalat.com\/vi\/wp-json\/wp\/v2\/media?parent=260"}],"wp:term":[{"taxonomy":"category","embeddable":true,"href":"https:\/\/www.grandmercuredalat.com\/vi\/wp-json\/wp\/v2\/categories?post=260"}],"curies":[{"name":"wp","href":"https:\/\/api.w.org\/{rel}","templated":true}]}}