{"id":259,"date":"2025-10-06T07:00:28","date_gmt":"2025-10-06T07:00:28","guid":{"rendered":"https:\/\/grandmercuredalatresort.accorv2prod2.decms.eu\/fleurie-cafe\/"},"modified":"2026-01-23T09:44:43","modified_gmt":"2026-01-23T09:44:43","slug":"fleurie-cafe","status":"publish","type":"page","link":"https:\/\/www.grandmercuredalat.com\/vi\/restaurants-bars\/fleurie-cafe\/","title":{"rendered":"Qu\u00e1n Fleurie Caf\u00e9"},"content":{"rendered":"<p>H\u00e3y c\u00f9ng ch\u00fang t\u00f4i \u0111\u1eafm m\u00ecnh trong h\u00e0nh tr\u00ecnh tr\u1ea3i nghi\u1ec7m c\u00e0 ph\u00ea v\u00e0 tr\u00e0 \u0111\u1eadm ch\u1ea5t \u0111\u1ecba ph\u01b0\u01a1ng. \u0110\u1eb7t ch\u00e2n \u0111\u1ebfn <strong>qu\u00e1n Fleurie Caf\u00e9<\/strong>, b\u1ea1n s\u1ebd \u0111\u01b0\u1ee3c ch\u00e0o \u0111\u00f3n b\u1edfi h\u01b0\u01a1ng th\u01a1m ng\u00e2y ng\u1ea5t c\u1ee7a nh\u1eefng t\u00e1ch c\u00e0 ph\u00ea v\u1eeba pha, h\u00f2a quy\u1ec7n c\u00f9ng m\u00f9i b\u00e1nh ng\u1ecdt n\u00f3ng h\u1ed5i v\u1eeba ra l\u00f2. K\u1ebft h\u1ee3p c\u00f9ng nh\u1eefng m\u00f3n m\u1eb7n tinh t\u1ebf, m\u1ed7i kho\u1ea3nh kh\u1eafc t\u1ea1i \u0111\u00e2y l\u00e0 m\u1ed9t ph\u00fat gi\u00e2y chi\u1ec1u chu\u1ed9ng b\u1ea3n th\u00e2n \u0111\u00fang ngh\u0129a.<\/p>\n<p>H\u00e3y ch\u1ecdn cho m\u00ecnh m\u1ed9t ch\u1ed7 ng\u1ed3i l\u00fd t\u01b0\u1edfng trong khu\u00f4n vi\u00ean s\u00e2n v\u01b0\u1eddn, n\u01a1i l\u00e0n gi\u00f3 cao nguy\u00ean m\u00e1t l\u1ea1nh kh\u1ebd l\u00f9a qua t\u00e1n c\u00e2y, g\u00f3p ph\u1ea7n t\u1ea1o n\u00ean ch\u00fat thi v\u1ecb cho s\u1ef1 th\u01b0 gi\u00e3n. D\u00f9 b\u1ea1n \u0111ang l\u00e0m vi\u1ec7c, t\u1eadn h\u01b0\u1edfng th\u1eddi gian h\u1ee9ng kh\u1edfi khi t\u1ee5 t\u1eadp c\u00f9ng b\u1ea1n b\u00e8, hay ch\u1ec9 \u0111\u01a1n gi\u1ea3n l\u00e0 t\u1eadn h\u01b0\u1edfng b\u1ea7u kh\u00f4ng kh\u00ed trong l\u00e0nh, qu\u00e1n Fleurie Caf\u00e9 t\u1ea1i <strong><a href=\"https:\/\/www.grandmercuredalat.com\/vi\/\" target=\"_blank\" rel=\"noopener\">Grand Mercure Dalat Resort<\/a><\/strong> s\u1ebd l\u00e0 \u0111i\u1ec3m d\u1eebng ch\u00e2n l\u00fd t\u01b0\u1edfng c\u1ee7a b\u1ea1n. M\u1ed7i t\u00e1ch c\u00e0 ph\u00ea l\u00e0 m\u1ed9t c\u00e2u chuy\u1ec7n, v\u00e0 m\u1ed7i l\u1ea7n gh\u00e9 th\u0103m l\u00e0 m\u1ed9t kho\u1ea3nh kh\u1eafc ngh\u1ec7 thu\u1eadt \u0111\u01b0\u1ee3c ch\u0103m ch\u00fat tinh t\u1ebf.<\/p>\n","protected":false},"excerpt":{"rendered":"<p>H\u00e3y c\u00f9ng ch\u00fang t\u00f4i \u0111\u1eafm m\u00ecnh trong h\u00e0nh tr\u00ecnh tr\u1ea3i nghi\u1ec7m c\u00e0 ph\u00ea v\u00e0 tr\u00e0 \u0111\u1eadm ch\u1ea5t \u0111\u1ecba ph\u01b0\u01a1ng. \u0110\u1eb7t ch\u00e2n \u0111\u1ebfn qu\u00e1n Fleurie Caf\u00e9, b\u1ea1n s\u1ebd \u0111\u01b0\u1ee3c ch\u00e0o \u0111\u00f3n b\u1edfi h\u01b0\u01a1ng th\u01a1m ng\u00e2y ng\u1ea5t c\u1ee7a nh\u1eefng t\u00e1ch c\u00e0 ph\u00ea v\u1eeba pha, h\u00f2a quy\u1ec7n c\u00f9ng m\u00f9i b\u00e1nh ng\u1ecdt n\u00f3ng h\u1ed5i v\u1eeba ra l\u00f2. K\u1ebft h\u1ee3p [&hellip;]<\/p>\n","protected":false},"author":30,"featured_media":112,"parent":260,"menu_order":5,"comment_status":"closed","ping_status":"closed","template":"template-restaurant.php","meta":{"footnotes":""},"categories":[],"class_list":["post-259","page","type-page","status-publish","has-post-thumbnail","hentry"],"acf":[],"yoast_head":"<!-- This site is optimized with the Yoast SEO plugin v26.9 - https:\/\/yoast.com\/product\/yoast-seo-wordpress\/ -->\n<title>Qu\u00e1n Fleurie Caf\u00e9 | Qu\u00e1n C\u00e0 Ph\u00ea Th\u01a1 M\u1ed9ng T\u1ea1i \u0110\u00e0 L\u1ea1t<\/title>\n<meta name=\"description\" content=\"Kh\u00e1m ph\u00e1 m\u1ed9t trong nh\u1eefng qu\u00e1n c\u00e0 ph\u00ea th\u01a1 m\u1ed9ng t\u1ea1i \u0110\u00e0 L\u1ea1t, Qu\u00e1n Fleurie Caf\u00e9 t\u1ea1i Grand Mercure Dalat Resort. N\u01a1i l\u00fd t\u01b0\u1edfng cho nh\u1eefng b\u1ed9 \u1ea3nh \u0111\u1eb9p.\" \/>\n<meta name=\"robots\" content=\"index, follow, max-snippet:-1, max-image-preview:large, max-video-preview:-1\" \/>\n<link rel=\"canonical\" href=\"https:\/\/www.grandmercuredalat.com\/vi\/restaurants-bars\/fleurie-cafe\/\" \/>\n<meta property=\"og:locale\" content=\"vi_VN\" \/>\n<meta property=\"og:type\" content=\"article\" \/>\n<meta property=\"og:title\" content=\"Qu\u00e1n Fleurie Caf\u00e9 | Qu\u00e1n C\u00e0 Ph\u00ea Th\u01a1 M\u1ed9ng T\u1ea1i \u0110\u00e0 L\u1ea1t\" \/>\n<meta property=\"og:description\" content=\"Kh\u00e1m ph\u00e1 m\u1ed9t trong nh\u1eefng qu\u00e1n c\u00e0 ph\u00ea th\u01a1 m\u1ed9ng t\u1ea1i \u0110\u00e0 L\u1ea1t, Qu\u00e1n Fleurie Caf\u00e9 t\u1ea1i Grand Mercure Dalat Resort. N\u01a1i l\u00fd t\u01b0\u1edfng cho nh\u1eefng b\u1ed9 \u1ea3nh \u0111\u1eb9p.\" \/>\n<meta property=\"og:url\" content=\"https:\/\/www.grandmercuredalat.com\/vi\/restaurants-bars\/fleurie-cafe\/\" \/>\n<meta property=\"og:site_name\" content=\"Grand Mercure Dalat Resort\" \/>\n<meta property=\"article:modified_time\" content=\"2026-01-23T09:44:43+00:00\" \/>\n<meta property=\"og:image\" content=\"https:\/\/www.grandmercuredalat.com\/wp-content\/uploads\/sites\/4\/2025\/10\/IMG_7109-Enhanced-NR-copy.jpg\" \/>\n\t<meta property=\"og:image:width\" content=\"1800\" \/>\n\t<meta property=\"og:image:height\" content=\"1200\" \/>\n\t<meta property=\"og:image:type\" content=\"image\/jpeg\" \/>\n<meta name=\"twitter:card\" content=\"summary_large_image\" \/>\n<meta name=\"twitter:label1\" content=\"Est. reading time\" \/>\n\t<meta name=\"twitter:data1\" content=\"2 minutes\" \/>\n<script type=\"application\/ld+json\" class=\"yoast-schema-graph\">{\"@context\":\"https:\/\/schema.org\",\"@graph\":[{\"@type\":\"WebPage\",\"@id\":\"https:\/\/www.grandmercuredalat.com\/vi\/restaurants-bars\/fleurie-cafe\/\",\"url\":\"https:\/\/www.grandmercuredalat.com\/vi\/restaurants-bars\/fleurie-cafe\/\",\"name\":\"Qu\u00e1n Fleurie Caf\u00e9 | Qu\u00e1n C\u00e0 Ph\u00ea Th\u01a1 M\u1ed9ng T\u1ea1i \u0110\u00e0 L\u1ea1t\",\"isPartOf\":{\"@id\":\"https:\/\/www.grandmercuredalat.com\/#website\"},\"primaryImageOfPage\":{\"@id\":\"https:\/\/www.grandmercuredalat.com\/vi\/restaurants-bars\/fleurie-cafe\/#primaryimage\"},\"image\":{\"@id\":\"https:\/\/www.grandmercuredalat.com\/vi\/restaurants-bars\/fleurie-cafe\/#primaryimage\"},\"thumbnailUrl\":\"https:\/\/www.grandmercuredalat.com\/wp-content\/uploads\/sites\/4\/2025\/10\/IMG_7109-Enhanced-NR-copy.jpg\",\"datePublished\":\"2025-10-06T07:00:28+00:00\",\"dateModified\":\"2026-01-23T09:44:43+00:00\",\"description\":\"Kh\u00e1m ph\u00e1 m\u1ed9t trong nh\u1eefng qu\u00e1n c\u00e0 ph\u00ea th\u01a1 m\u1ed9ng t\u1ea1i \u0110\u00e0 L\u1ea1t, Qu\u00e1n Fleurie Caf\u00e9 t\u1ea1i Grand Mercure Dalat Resort. N\u01a1i l\u00fd t\u01b0\u1edfng cho nh\u1eefng b\u1ed9 \u1ea3nh \u0111\u1eb9p.\",\"breadcrumb\":{\"@id\":\"https:\/\/www.grandmercuredalat.com\/vi\/restaurants-bars\/fleurie-cafe\/#breadcrumb\"},\"inLanguage\":\"vi-VN\",\"potentialAction\":[{\"@type\":\"ReadAction\",\"target\":[\"https:\/\/www.grandmercuredalat.com\/vi\/restaurants-bars\/fleurie-cafe\/\"]}]},{\"@type\":\"ImageObject\",\"inLanguage\":\"vi-VN\",\"@id\":\"https:\/\/www.grandmercuredalat.com\/vi\/restaurants-bars\/fleurie-cafe\/#primaryimage\",\"url\":\"https:\/\/www.grandmercuredalat.com\/wp-content\/uploads\/sites\/4\/2025\/10\/IMG_7109-Enhanced-NR-copy.jpg\",\"contentUrl\":\"https:\/\/www.grandmercuredalat.com\/wp-content\/uploads\/sites\/4\/2025\/10\/IMG_7109-Enhanced-NR-copy.jpg\",\"width\":1800,\"height\":1200,\"caption\":\"Cafe in Dalat\"},{\"@type\":\"BreadcrumbList\",\"@id\":\"https:\/\/www.grandmercuredalat.com\/vi\/restaurants-bars\/fleurie-cafe\/#breadcrumb\",\"itemListElement\":[{\"@type\":\"ListItem\",\"position\":1,\"name\":\"Home\",\"item\":\"https:\/\/www.grandmercuredalat.com\/vi\/\"},{\"@type\":\"ListItem\",\"position\":2,\"name\":\"Nh\u00e0 h\u00e0ng &amp; Bar\",\"item\":\"https:\/\/www.grandmercuredalat.com\/vi\/restaurants-bars\/\"},{\"@type\":\"ListItem\",\"position\":3,\"name\":\"Qu\u00e1n Fleurie Caf\u00e9\"}]},{\"@type\":\"WebSite\",\"@id\":\"https:\/\/www.grandmercuredalat.com\/#website\",\"url\":\"https:\/\/www.grandmercuredalat.com\/\",\"name\":\"Grand Mercure Dalat Resort\",\"description\":\"\",\"publisher\":{\"@id\":\"https:\/\/www.grandmercuredalat.com\/#organization\"},\"potentialAction\":[{\"@type\":\"SearchAction\",\"target\":{\"@type\":\"EntryPoint\",\"urlTemplate\":\"https:\/\/www.grandmercuredalat.com\/?s={search_term_string}\"},\"query-input\":{\"@type\":\"PropertyValueSpecification\",\"valueRequired\":true,\"valueName\":\"search_term_string\"}}],\"inLanguage\":\"vi-VN\"},{\"@type\":\"Organization\",\"@id\":\"https:\/\/www.grandmercuredalat.com\/#organization\",\"name\":\"Grand Mercure Dalat Resort\",\"url\":\"https:\/\/www.grandmercuredalat.com\/\",\"logo\":{\"@type\":\"ImageObject\",\"inLanguage\":\"vi-VN\",\"@id\":\"https:\/\/www.grandmercuredalat.com\/#\/schema\/logo\/image\/\",\"url\":\"https:\/\/www.grandmercuredalat.com\/wp-content\/uploads\/sites\/4\/2025\/10\/Pool-26.jpg\",\"contentUrl\":\"https:\/\/www.grandmercuredalat.com\/wp-content\/uploads\/sites\/4\/2025\/10\/Pool-26.jpg\",\"width\":1800,\"height\":1200,\"caption\":\"Grand Mercure Dalat Resort\"},\"image\":{\"@id\":\"https:\/\/www.grandmercuredalat.com\/#\/schema\/logo\/image\/\"}}]}<\/script>\n<!-- \/ Yoast SEO plugin. -->","yoast_head_json":{"title":"Qu\u00e1n Fleurie Caf\u00e9 | Qu\u00e1n C\u00e0 Ph\u00ea Th\u01a1 M\u1ed9ng T\u1ea1i \u0110\u00e0 L\u1ea1t","description":"Kh\u00e1m ph\u00e1 m\u1ed9t trong nh\u1eefng qu\u00e1n c\u00e0 ph\u00ea th\u01a1 m\u1ed9ng t\u1ea1i \u0110\u00e0 L\u1ea1t, Qu\u00e1n Fleurie Caf\u00e9 t\u1ea1i Grand Mercure Dalat Resort. N\u01a1i l\u00fd t\u01b0\u1edfng cho nh\u1eefng b\u1ed9 \u1ea3nh \u0111\u1eb9p.","robots":{"index":"index","follow":"follow","max-snippet":"max-snippet:-1","max-image-preview":"max-image-preview:large","max-video-preview":"max-video-preview:-1"},"canonical":"https:\/\/www.grandmercuredalat.com\/vi\/restaurants-bars\/fleurie-cafe\/","og_locale":"vi_VN","og_type":"article","og_title":"Qu\u00e1n Fleurie Caf\u00e9 | Qu\u00e1n C\u00e0 Ph\u00ea Th\u01a1 M\u1ed9ng T\u1ea1i \u0110\u00e0 L\u1ea1t","og_description":"Kh\u00e1m ph\u00e1 m\u1ed9t trong nh\u1eefng qu\u00e1n c\u00e0 ph\u00ea th\u01a1 m\u1ed9ng t\u1ea1i \u0110\u00e0 L\u1ea1t, Qu\u00e1n Fleurie Caf\u00e9 t\u1ea1i Grand Mercure Dalat Resort. N\u01a1i l\u00fd t\u01b0\u1edfng cho nh\u1eefng b\u1ed9 \u1ea3nh \u0111\u1eb9p.","og_url":"https:\/\/www.grandmercuredalat.com\/vi\/restaurants-bars\/fleurie-cafe\/","og_site_name":"Grand Mercure Dalat Resort","article_modified_time":"2026-01-23T09:44:43+00:00","og_image":[{"width":1800,"height":1200,"url":"https:\/\/www.grandmercuredalat.com\/wp-content\/uploads\/sites\/4\/2025\/10\/IMG_7109-Enhanced-NR-copy.jpg","type":"image\/jpeg"}],"twitter_card":"summary_large_image","twitter_misc":{"Est. reading time":"2 minutes"},"schema":{"@context":"https:\/\/schema.org","@graph":[{"@type":"WebPage","@id":"https:\/\/www.grandmercuredalat.com\/vi\/restaurants-bars\/fleurie-cafe\/","url":"https:\/\/www.grandmercuredalat.com\/vi\/restaurants-bars\/fleurie-cafe\/","name":"Qu\u00e1n Fleurie Caf\u00e9 | Qu\u00e1n C\u00e0 Ph\u00ea Th\u01a1 M\u1ed9ng T\u1ea1i \u0110\u00e0 L\u1ea1t","isPartOf":{"@id":"https:\/\/www.grandmercuredalat.com\/#website"},"primaryImageOfPage":{"@id":"https:\/\/www.grandmercuredalat.com\/vi\/restaurants-bars\/fleurie-cafe\/#primaryimage"},"image":{"@id":"https:\/\/www.grandmercuredalat.com\/vi\/restaurants-bars\/fleurie-cafe\/#primaryimage"},"thumbnailUrl":"https:\/\/www.grandmercuredalat.com\/wp-content\/uploads\/sites\/4\/2025\/10\/IMG_7109-Enhanced-NR-copy.jpg","datePublished":"2025-10-06T07:00:28+00:00","dateModified":"2026-01-23T09:44:43+00:00","description":"Kh\u00e1m ph\u00e1 m\u1ed9t trong nh\u1eefng qu\u00e1n c\u00e0 ph\u00ea th\u01a1 m\u1ed9ng t\u1ea1i \u0110\u00e0 L\u1ea1t, Qu\u00e1n Fleurie Caf\u00e9 t\u1ea1i Grand Mercure Dalat Resort. N\u01a1i l\u00fd t\u01b0\u1edfng cho nh\u1eefng b\u1ed9 \u1ea3nh \u0111\u1eb9p.","breadcrumb":{"@id":"https:\/\/www.grandmercuredalat.com\/vi\/restaurants-bars\/fleurie-cafe\/#breadcrumb"},"inLanguage":"vi-VN","potentialAction":[{"@type":"ReadAction","target":["https:\/\/www.grandmercuredalat.com\/vi\/restaurants-bars\/fleurie-cafe\/"]}]},{"@type":"ImageObject","inLanguage":"vi-VN","@id":"https:\/\/www.grandmercuredalat.com\/vi\/restaurants-bars\/fleurie-cafe\/#primaryimage","url":"https:\/\/www.grandmercuredalat.com\/wp-content\/uploads\/sites\/4\/2025\/10\/IMG_7109-Enhanced-NR-copy.jpg","contentUrl":"https:\/\/www.grandmercuredalat.com\/wp-content\/uploads\/sites\/4\/2025\/10\/IMG_7109-Enhanced-NR-copy.jpg","width":1800,"height":1200,"caption":"Cafe in Dalat"},{"@type":"BreadcrumbList","@id":"https:\/\/www.grandmercuredalat.com\/vi\/restaurants-bars\/fleurie-cafe\/#breadcrumb","itemListElement":[{"@type":"ListItem","position":1,"name":"Home","item":"https:\/\/www.grandmercuredalat.com\/vi\/"},{"@type":"ListItem","position":2,"name":"Nh\u00e0 h\u00e0ng &amp; Bar","item":"https:\/\/www.grandmercuredalat.com\/vi\/restaurants-bars\/"},{"@type":"ListItem","position":3,"name":"Qu\u00e1n Fleurie Caf\u00e9"}]},{"@type":"WebSite","@id":"https:\/\/www.grandmercuredalat.com\/#website","url":"https:\/\/www.grandmercuredalat.com\/","name":"Grand Mercure Dalat Resort","description":"","publisher":{"@id":"https:\/\/www.grandmercuredalat.com\/#organization"},"potentialAction":[{"@type":"SearchAction","target":{"@type":"EntryPoint","urlTemplate":"https:\/\/www.grandmercuredalat.com\/?s={search_term_string}"},"query-input":{"@type":"PropertyValueSpecification","valueRequired":true,"valueName":"search_term_string"}}],"inLanguage":"vi-VN"},{"@type":"Organization","@id":"https:\/\/www.grandmercuredalat.com\/#organization","name":"Grand Mercure Dalat Resort","url":"https:\/\/www.grandmercuredalat.com\/","logo":{"@type":"ImageObject","inLanguage":"vi-VN","@id":"https:\/\/www.grandmercuredalat.com\/#\/schema\/logo\/image\/","url":"https:\/\/www.grandmercuredalat.com\/wp-content\/uploads\/sites\/4\/2025\/10\/Pool-26.jpg","contentUrl":"https:\/\/www.grandmercuredalat.com\/wp-content\/uploads\/sites\/4\/2025\/10\/Pool-26.jpg","width":1800,"height":1200,"caption":"Grand Mercure Dalat Resort"},"image":{"@id":"https:\/\/www.grandmercuredalat.com\/#\/schema\/logo\/image\/"}}]}},"_links":{"self":[{"href":"https:\/\/www.grandmercuredalat.com\/vi\/wp-json\/wp\/v2\/pages\/259","targetHints":{"allow":["GET"]}}],"collection":[{"href":"https:\/\/www.grandmercuredalat.com\/vi\/wp-json\/wp\/v2\/pages"}],"about":[{"href":"https:\/\/www.grandmercuredalat.com\/vi\/wp-json\/wp\/v2\/types\/page"}],"author":[{"embeddable":true,"href":"https:\/\/www.grandmercuredalat.com\/vi\/wp-json\/wp\/v2\/users\/30"}],"replies":[{"embeddable":true,"href":"https:\/\/www.grandmercuredalat.com\/vi\/wp-json\/wp\/v2\/comments?post=259"}],"version-history":[{"count":0,"href":"https:\/\/www.grandmercuredalat.com\/vi\/wp-json\/wp\/v2\/pages\/259\/revisions"}],"up":[{"embeddable":true,"href":"https:\/\/www.grandmercuredalat.com\/vi\/wp-json\/wp\/v2\/pages\/260"}],"wp:featuredmedia":[{"embeddable":true,"href":"https:\/\/www.grandmercuredalat.com\/vi\/wp-json\/wp\/v2\/media\/112"}],"wp:attachment":[{"href":"https:\/\/www.grandmercuredalat.com\/vi\/wp-json\/wp\/v2\/media?parent=259"}],"wp:term":[{"taxonomy":"category","embeddable":true,"href":"https:\/\/www.grandmercuredalat.com\/vi\/wp-json\/wp\/v2\/categories?post=259"}],"curies":[{"name":"wp","href":"https:\/\/api.w.org\/{rel}","templated":true}]}}