{"id":258,"date":"2025-10-06T06:57:34","date_gmt":"2025-10-06T06:57:34","guid":{"rendered":"https:\/\/grandmercuredalatresort.accorv2prod2.decms.eu\/bao-society\/"},"modified":"2026-03-26T14:06:22","modified_gmt":"2026-03-26T14:06:22","slug":"bao-asian-cuisine","status":"publish","type":"page","link":"https:\/\/www.grandmercuredalat.com\/vi\/restaurants-bars\/bao-asian-cuisine\/","title":{"rendered":"Nh\u00e0 h\u00e0ng BAO Asian Cuisine"},"content":{"rendered":"<p><strong>Nh\u00e0 h\u00e0ng BAO Asian Cuisine<\/strong> l\u00e0 \u0111i\u1ec3m \u0111\u1ebfn \u1ea9m th\u1ef1c Trung Hoa hi\u1ec7n \u0111\u1ea1i, n\u01a1i tinh hoa \u1ea9m th\u1ef1c c\u1ee7a Qu\u1ea3ng \u0110\u00f4ng v\u00e0 T\u1ee9 Xuy\u00ean \u0111\u01b0\u1ee3c t\u00e1i hi\u1ec7n trong m\u1ed9t tr\u1ea3i nghi\u1ec7m \u0111\u1eadm s\u1eafc m\u00e0u \u0111\u01b0\u01a1ng \u0111\u1ea1i. L\u1ea5y c\u1ea3m h\u1ee9ng t\u1eeb tinh th\u1ea7n g\u1eafn k\u1ebft c\u1ee7a v\u0103n h\u00f3a \u1ea9m th\u1ef1c Trung Hoa, kh\u00f4ng gian t\u1ea1i \u0111\u00e2y mang \u0111\u1ebfn s\u1ef1 t\u00e1o b\u1ea1o, t\u01b0\u01a1ng t\u00e1c, bi\u1ebfn m\u1ed7i b\u1eefa \u0103n th\u00e0nh m\u1ed9t l\u1ec5 h\u1ed9i c\u1ee7a h\u01b0\u01a1ng v\u1ecb v\u00e0 s\u1ef1 tinh x\u1ea3o.<\/p>\n<p>Trung t\u00e2m c\u1ee7a tr\u1ea3i nghi\u1ec7m l\u00e0 b\u1ebfp m\u1edf \u2013 m\u1ed9t \u201cs\u00e2n kh\u1ea5u \u1ea9m th\u1ef1c\u201d n\u01a1i nh\u1eefng m\u00f3n \u0103n tr\u1ee9 danh \u0111\u01b0\u1ee3c ch\u1ebf bi\u1ebfn \u0111\u1ea7y ngh\u1ec7 thu\u1eadt: v\u1ecbt quay B\u1eafc Kinh n\u01b0\u1edbng tr\u00ean c\u1ee7i v\u1ea3i, th\u1ecbt heo quay gi\u00f2n r\u1ee5m, v\u00e0 nh\u1eefng chi\u1ebfc h\u00e1 c\u1ea3o \u0111\u01b0\u1ee3c g\u00f3i th\u1ee7 c\u00f4ng, t\u01b0\u01a1i m\u1edbi theo t\u1eebng \u0111\u01a1n \u0111\u1eb7t h\u00e0ng. Th\u1ef1c \u0111\u01a1n t\u00f4n vinh \u1ea9m th\u1ef1c mi\u1ec1n Nam Trung Hoa v\u1edbi c\u00e1c m\u00f3n dim sum tinh t\u1ebf, c\u01a1m chi\u00ean \u0111\u1eadm \u0111\u00e0 v\u00e0 qu\u1ea7y l\u1ea9u c\u00e1 nh\u00e2n, cho ph\u00e9p th\u1ef1c kh\u00e1ch t\u1ef1 do ch\u1ecdn n\u01b0\u1edbc d\u00f9ng v\u00e0 nguy\u00ean li\u1ec7u t\u01b0\u01a1i ngon theo s\u1edf th\u00edch \u2013 t\u1ea1o n\u00ean m\u1ed9t h\u00e0nh tr\u00ecnh \u1ea9m th\u1ef1c \u0111\u1ed9c \u0111\u00e1o, mang \u0111\u1eadm d\u1ea5u \u1ea5n ri\u00eang.<\/p>\n<p>Danh s\u00e1ch \u0111\u1ed3 u\u1ed1ng \u0111\u01b0\u1ee3c thi\u1ebft k\u1ebf \u0111\u1ec3 n\u00e2ng t\u1ea7m tr\u1ea3i nghi\u1ec7m \u1ea9m th\u1ef1c, v\u1edbi cocktail pha tr\u00e0 \u0111\u1ea7y s\u00e1ng t\u1ea1o, r\u01b0\u1ee3u qu\u00fd hi\u1ebfm Trung Hoa v\u00e0 nh\u1eefng lo\u1ea1i tr\u00e0 th\u1ea3o m\u1ed9c \u0111\u1eb7c bi\u1ec7t, t\u1ea5t c\u1ea3 \u0111\u1ec1u \u0111\u01b0\u1ee3c ch\u1ebf t\u00e1c \u0111\u1ec3 mang \u0111\u1ebfn s\u1ef1 b\u1ea5t ng\u1edd v\u00e0 th\u00edch th\u00fa. Thi\u1ebft k\u1ebf t\u1ed1i gi\u1ea3n nh\u01b0ng tinh t\u1ebf g\u1ee3i nh\u1eafc ngh\u1ec7 thu\u1eadt th\u01b0 ph\u00e1p Trung Hoa, k\u1ebft h\u1ee3p c\u00f9ng \u00e2m nh\u1ea1c s\u00f4i \u0111\u1ed9ng v\u00e0 h\u01b0\u01a1ng th\u01a1m \u0111\u01b0\u1ee3c tuy\u1ec3n ch\u1ecdn k\u1ef9 l\u01b0\u1ee1ng, \u0111\u00e1nh th\u1ee9c m\u1ecdi gi\u00e1c quan.<\/p>\n<p>Nh\u00e0 h\u00e0ng BAO Asian Cuisine kh\u00f4ng ch\u1ec9 l\u00e0 m\u1ed9t <strong><a href=\"https:\/\/www.grandmercuredalat.com\/vi\/restaurants-bars\/\" target=\"_blank\" rel=\"noopener\">nh\u00e0 h\u00e0ng t\u1ea1i \u0110\u00e0 L\u1ea1t<\/a><\/strong> \u2013 \u0111\u00f3 l\u00e0 m\u1ed9t nghi th\u1ee9c \u1ea9m th\u1ef1c \u0111\u01b0\u1ee3c t\u00e1i \u0111\u1ecbnh ngh\u0129a, n\u01a1i h\u01b0\u01a1ng v\u1ecb t\u00e1o b\u1ea1o, m\u00f3n \u0103n t\u01b0\u01a1ng t\u00e1c v\u00e0 ni\u1ec1m vui kh\u00e1m ph\u00e1 h\u00f2a quy\u1ec7n th\u00e0nh m\u1ed9t tr\u1ea3i nghi\u1ec7m kh\u00f3 qu\u00ean. H\u00e3y t\u1ee5 h\u1ecdp, th\u01b0\u1edfng th\u1ee9c v\u00e0 kh\u00e1m ph\u00e1 l\u1ea1i ni\u1ec1m h\u1ee9ng kh\u1edfi v\u1edbi \u1ea9m th\u1ef1c Trung Hoa t\u1ea1i BAO.<\/p>\n","protected":false},"excerpt":{"rendered":"<p>Nh\u00e0 h\u00e0ng BAO Asian Cuisine l\u00e0 \u0111i\u1ec3m \u0111\u1ebfn \u1ea9m th\u1ef1c Trung Hoa hi\u1ec7n \u0111\u1ea1i, n\u01a1i tinh hoa \u1ea9m th\u1ef1c c\u1ee7a Qu\u1ea3ng \u0110\u00f4ng v\u00e0 T\u1ee9 Xuy\u00ean \u0111\u01b0\u1ee3c t\u00e1i hi\u1ec7n trong m\u1ed9t tr\u1ea3i nghi\u1ec7m \u0111\u1eadm s\u1eafc m\u00e0u \u0111\u01b0\u01a1ng \u0111\u1ea1i. L\u1ea5y c\u1ea3m h\u1ee9ng t\u1eeb tinh th\u1ea7n g\u1eafn k\u1ebft c\u1ee7a v\u0103n h\u00f3a \u1ea9m th\u1ef1c Trung Hoa, kh\u00f4ng gian t\u1ea1i [&hellip;]<\/p>\n","protected":false},"author":30,"featured_media":425,"parent":260,"menu_order":4,"comment_status":"closed","ping_status":"closed","template":"template-restaurant.php","meta":{"footnotes":""},"categories":[],"class_list":["post-258","page","type-page","status-publish","has-post-thumbnail","hentry"],"acf":[],"yoast_head":"<!-- This site is optimized with the Yoast SEO plugin v26.9 - https:\/\/yoast.com\/product\/yoast-seo-wordpress\/ -->\n<title>Nh\u00e0 h\u00e0ng BAO Asian Cuisine | \u1ea8m Th\u1ef1c Trung Hoa T\u1ea1i \u0110\u00e0 L\u1ea1t<\/title>\n<meta name=\"description\" content=\"BAO Asian Cuisine t\u1ea1i Grand Mercure \u0110\u00e0 L\u1ea1t mang \u0111\u1ebfn tr\u1ea3i nghi\u1ec7m \u1ea9m th\u1ef1c Hoa hi\u1ec7n \u0111\u1ea1i \u0111\u1ea7y c\u1ea3m h\u1ee9ng. Th\u01b0\u1edfng th\u1ee9c v\u1ecbt quay B\u1eafc Kinh tr\u1ee9 danh, dim sum th\u1ee7 c\u00f4ng tinh x\u1ea3o v\u00e0 qu\u1ea7y l\u1ea9u t\u1ef1 ch\u1ecdn theo s\u1edf th\u00edch trong kh\u00f4ng gian s\u00f4i \u0111\u1ed9ng, t\u01b0\u01a1ng t\u00e1c. \u0110\u1eb7t b\u00e0n ngay h\u00f4m nay \u0111\u1ec3 \u0111\u1eafm m\u00ecnh trong b\u1eefa ti\u1ec7c h\u01b0\u01a1ng v\u1ecb \u0111\u1eb7c s\u1eafc.\" \/>\n<meta name=\"robots\" content=\"index, follow, max-snippet:-1, max-image-preview:large, max-video-preview:-1\" \/>\n<link rel=\"canonical\" href=\"https:\/\/www.grandmercuredalat.com\/vi\/restaurants-bars\/bao-asian-cuisine\/\" \/>\n<meta property=\"og:locale\" content=\"vi_VN\" \/>\n<meta property=\"og:type\" content=\"article\" \/>\n<meta property=\"og:title\" content=\"Nh\u00e0 h\u00e0ng BAO Asian Cuisine | \u1ea8m Th\u1ef1c Trung Hoa T\u1ea1i \u0110\u00e0 L\u1ea1t\" \/>\n<meta property=\"og:description\" content=\"BAO Asian Cuisine t\u1ea1i Grand Mercure \u0110\u00e0 L\u1ea1t mang \u0111\u1ebfn tr\u1ea3i nghi\u1ec7m \u1ea9m th\u1ef1c Hoa hi\u1ec7n \u0111\u1ea1i \u0111\u1ea7y c\u1ea3m h\u1ee9ng. Th\u01b0\u1edfng th\u1ee9c v\u1ecbt quay B\u1eafc Kinh tr\u1ee9 danh, dim sum th\u1ee7 c\u00f4ng tinh x\u1ea3o v\u00e0 qu\u1ea7y l\u1ea9u t\u1ef1 ch\u1ecdn theo s\u1edf th\u00edch trong kh\u00f4ng gian s\u00f4i \u0111\u1ed9ng, t\u01b0\u01a1ng t\u00e1c. \u0110\u1eb7t b\u00e0n ngay h\u00f4m nay \u0111\u1ec3 \u0111\u1eafm m\u00ecnh trong b\u1eefa ti\u1ec7c h\u01b0\u01a1ng v\u1ecb \u0111\u1eb7c s\u1eafc.\" \/>\n<meta property=\"og:url\" content=\"https:\/\/www.grandmercuredalat.com\/vi\/restaurants-bars\/bao-asian-cuisine\/\" \/>\n<meta property=\"og:site_name\" content=\"Grand Mercure Dalat Resort\" \/>\n<meta property=\"article:modified_time\" content=\"2026-03-26T14:06:22+00:00\" \/>\n<meta property=\"og:image\" content=\"https:\/\/www.grandmercuredalat.com\/wp-content\/uploads\/sites\/4\/2025\/10\/chinese-restaurant-in-Dalat.jpg\" \/>\n\t<meta property=\"og:image:width\" content=\"2126\" \/>\n\t<meta property=\"og:image:height\" content=\"1370\" \/>\n\t<meta property=\"og:image:type\" content=\"image\/jpeg\" \/>\n<meta name=\"twitter:card\" content=\"summary_large_image\" \/>\n<meta name=\"twitter:label1\" content=\"Est. reading time\" \/>\n\t<meta name=\"twitter:data1\" content=\"2 minutes\" \/>\n<script type=\"application\/ld+json\" class=\"yoast-schema-graph\">{\"@context\":\"https:\/\/schema.org\",\"@graph\":[{\"@type\":\"WebPage\",\"@id\":\"https:\/\/www.grandmercuredalat.com\/vi\/restaurants-bars\/bao-asian-cuisine\/\",\"url\":\"https:\/\/www.grandmercuredalat.com\/vi\/restaurants-bars\/bao-asian-cuisine\/\",\"name\":\"Nh\u00e0 h\u00e0ng BAO Asian Cuisine | \u1ea8m Th\u1ef1c Trung Hoa T\u1ea1i \u0110\u00e0 L\u1ea1t\",\"isPartOf\":{\"@id\":\"https:\/\/www.grandmercuredalat.com\/#website\"},\"primaryImageOfPage\":{\"@id\":\"https:\/\/www.grandmercuredalat.com\/vi\/restaurants-bars\/bao-asian-cuisine\/#primaryimage\"},\"image\":{\"@id\":\"https:\/\/www.grandmercuredalat.com\/vi\/restaurants-bars\/bao-asian-cuisine\/#primaryimage\"},\"thumbnailUrl\":\"https:\/\/www.grandmercuredalat.com\/wp-content\/uploads\/sites\/4\/2025\/10\/chinese-restaurant-in-Dalat.jpg\",\"datePublished\":\"2025-10-06T06:57:34+00:00\",\"dateModified\":\"2026-03-26T14:06:22+00:00\",\"description\":\"BAO Asian Cuisine t\u1ea1i Grand Mercure \u0110\u00e0 L\u1ea1t mang \u0111\u1ebfn tr\u1ea3i nghi\u1ec7m \u1ea9m th\u1ef1c Hoa hi\u1ec7n \u0111\u1ea1i \u0111\u1ea7y c\u1ea3m h\u1ee9ng. Th\u01b0\u1edfng th\u1ee9c v\u1ecbt quay B\u1eafc Kinh tr\u1ee9 danh, dim sum th\u1ee7 c\u00f4ng tinh x\u1ea3o v\u00e0 qu\u1ea7y l\u1ea9u t\u1ef1 ch\u1ecdn theo s\u1edf th\u00edch trong kh\u00f4ng gian s\u00f4i \u0111\u1ed9ng, t\u01b0\u01a1ng t\u00e1c. \u0110\u1eb7t b\u00e0n ngay h\u00f4m nay \u0111\u1ec3 \u0111\u1eafm m\u00ecnh trong b\u1eefa ti\u1ec7c h\u01b0\u01a1ng v\u1ecb \u0111\u1eb7c s\u1eafc.\",\"breadcrumb\":{\"@id\":\"https:\/\/www.grandmercuredalat.com\/vi\/restaurants-bars\/bao-asian-cuisine\/#breadcrumb\"},\"inLanguage\":\"vi-VN\",\"potentialAction\":[{\"@type\":\"ReadAction\",\"target\":[\"https:\/\/www.grandmercuredalat.com\/vi\/restaurants-bars\/bao-asian-cuisine\/\"]}]},{\"@type\":\"ImageObject\",\"inLanguage\":\"vi-VN\",\"@id\":\"https:\/\/www.grandmercuredalat.com\/vi\/restaurants-bars\/bao-asian-cuisine\/#primaryimage\",\"url\":\"https:\/\/www.grandmercuredalat.com\/wp-content\/uploads\/sites\/4\/2025\/10\/chinese-restaurant-in-Dalat.jpg\",\"contentUrl\":\"https:\/\/www.grandmercuredalat.com\/wp-content\/uploads\/sites\/4\/2025\/10\/chinese-restaurant-in-Dalat.jpg\",\"width\":2126,\"height\":1370,\"caption\":\"Chinese restaurant in Dalat\"},{\"@type\":\"BreadcrumbList\",\"@id\":\"https:\/\/www.grandmercuredalat.com\/vi\/restaurants-bars\/bao-asian-cuisine\/#breadcrumb\",\"itemListElement\":[{\"@type\":\"ListItem\",\"position\":1,\"name\":\"Home\",\"item\":\"https:\/\/www.grandmercuredalat.com\/vi\/\"},{\"@type\":\"ListItem\",\"position\":2,\"name\":\"Nh\u00e0 h\u00e0ng &amp; Bar\",\"item\":\"https:\/\/www.grandmercuredalat.com\/vi\/restaurants-bars\/\"},{\"@type\":\"ListItem\",\"position\":3,\"name\":\"Nh\u00e0 h\u00e0ng BAO Asian Cuisine\"}]},{\"@type\":\"WebSite\",\"@id\":\"https:\/\/www.grandmercuredalat.com\/#website\",\"url\":\"https:\/\/www.grandmercuredalat.com\/\",\"name\":\"Grand Mercure Dalat Resort\",\"description\":\"\",\"publisher\":{\"@id\":\"https:\/\/www.grandmercuredalat.com\/#organization\"},\"potentialAction\":[{\"@type\":\"SearchAction\",\"target\":{\"@type\":\"EntryPoint\",\"urlTemplate\":\"https:\/\/www.grandmercuredalat.com\/?s={search_term_string}\"},\"query-input\":{\"@type\":\"PropertyValueSpecification\",\"valueRequired\":true,\"valueName\":\"search_term_string\"}}],\"inLanguage\":\"vi-VN\"},{\"@type\":\"Organization\",\"@id\":\"https:\/\/www.grandmercuredalat.com\/#organization\",\"name\":\"Grand Mercure Dalat Resort\",\"url\":\"https:\/\/www.grandmercuredalat.com\/\",\"logo\":{\"@type\":\"ImageObject\",\"inLanguage\":\"vi-VN\",\"@id\":\"https:\/\/www.grandmercuredalat.com\/#\/schema\/logo\/image\/\",\"url\":\"https:\/\/www.grandmercuredalat.com\/wp-content\/uploads\/sites\/4\/2025\/10\/Pool-26.jpg\",\"contentUrl\":\"https:\/\/www.grandmercuredalat.com\/wp-content\/uploads\/sites\/4\/2025\/10\/Pool-26.jpg\",\"width\":1800,\"height\":1200,\"caption\":\"Grand Mercure Dalat Resort\"},\"image\":{\"@id\":\"https:\/\/www.grandmercuredalat.com\/#\/schema\/logo\/image\/\"}}]}<\/script>\n<!-- \/ Yoast SEO plugin. -->","yoast_head_json":{"title":"Nh\u00e0 h\u00e0ng BAO Asian Cuisine | \u1ea8m Th\u1ef1c Trung Hoa T\u1ea1i \u0110\u00e0 L\u1ea1t","description":"BAO Asian Cuisine t\u1ea1i Grand Mercure \u0110\u00e0 L\u1ea1t mang \u0111\u1ebfn tr\u1ea3i nghi\u1ec7m \u1ea9m th\u1ef1c Hoa hi\u1ec7n \u0111\u1ea1i \u0111\u1ea7y c\u1ea3m h\u1ee9ng. Th\u01b0\u1edfng th\u1ee9c v\u1ecbt quay B\u1eafc Kinh tr\u1ee9 danh, dim sum th\u1ee7 c\u00f4ng tinh x\u1ea3o v\u00e0 qu\u1ea7y l\u1ea9u t\u1ef1 ch\u1ecdn theo s\u1edf th\u00edch trong kh\u00f4ng gian s\u00f4i \u0111\u1ed9ng, t\u01b0\u01a1ng t\u00e1c. \u0110\u1eb7t b\u00e0n ngay h\u00f4m nay \u0111\u1ec3 \u0111\u1eafm m\u00ecnh trong b\u1eefa ti\u1ec7c h\u01b0\u01a1ng v\u1ecb \u0111\u1eb7c s\u1eafc.","robots":{"index":"index","follow":"follow","max-snippet":"max-snippet:-1","max-image-preview":"max-image-preview:large","max-video-preview":"max-video-preview:-1"},"canonical":"https:\/\/www.grandmercuredalat.com\/vi\/restaurants-bars\/bao-asian-cuisine\/","og_locale":"vi_VN","og_type":"article","og_title":"Nh\u00e0 h\u00e0ng BAO Asian Cuisine | \u1ea8m Th\u1ef1c Trung Hoa T\u1ea1i \u0110\u00e0 L\u1ea1t","og_description":"BAO Asian Cuisine t\u1ea1i Grand Mercure \u0110\u00e0 L\u1ea1t mang \u0111\u1ebfn tr\u1ea3i nghi\u1ec7m \u1ea9m th\u1ef1c Hoa hi\u1ec7n \u0111\u1ea1i \u0111\u1ea7y c\u1ea3m h\u1ee9ng. Th\u01b0\u1edfng th\u1ee9c v\u1ecbt quay B\u1eafc Kinh tr\u1ee9 danh, dim sum th\u1ee7 c\u00f4ng tinh x\u1ea3o v\u00e0 qu\u1ea7y l\u1ea9u t\u1ef1 ch\u1ecdn theo s\u1edf th\u00edch trong kh\u00f4ng gian s\u00f4i \u0111\u1ed9ng, t\u01b0\u01a1ng t\u00e1c. \u0110\u1eb7t b\u00e0n ngay h\u00f4m nay \u0111\u1ec3 \u0111\u1eafm m\u00ecnh trong b\u1eefa ti\u1ec7c h\u01b0\u01a1ng v\u1ecb \u0111\u1eb7c s\u1eafc.","og_url":"https:\/\/www.grandmercuredalat.com\/vi\/restaurants-bars\/bao-asian-cuisine\/","og_site_name":"Grand Mercure Dalat Resort","article_modified_time":"2026-03-26T14:06:22+00:00","og_image":[{"width":2126,"height":1370,"url":"https:\/\/www.grandmercuredalat.com\/wp-content\/uploads\/sites\/4\/2025\/10\/chinese-restaurant-in-Dalat.jpg","type":"image\/jpeg"}],"twitter_card":"summary_large_image","twitter_misc":{"Est. reading time":"2 minutes"},"schema":{"@context":"https:\/\/schema.org","@graph":[{"@type":"WebPage","@id":"https:\/\/www.grandmercuredalat.com\/vi\/restaurants-bars\/bao-asian-cuisine\/","url":"https:\/\/www.grandmercuredalat.com\/vi\/restaurants-bars\/bao-asian-cuisine\/","name":"Nh\u00e0 h\u00e0ng BAO Asian Cuisine | \u1ea8m Th\u1ef1c Trung Hoa T\u1ea1i \u0110\u00e0 L\u1ea1t","isPartOf":{"@id":"https:\/\/www.grandmercuredalat.com\/#website"},"primaryImageOfPage":{"@id":"https:\/\/www.grandmercuredalat.com\/vi\/restaurants-bars\/bao-asian-cuisine\/#primaryimage"},"image":{"@id":"https:\/\/www.grandmercuredalat.com\/vi\/restaurants-bars\/bao-asian-cuisine\/#primaryimage"},"thumbnailUrl":"https:\/\/www.grandmercuredalat.com\/wp-content\/uploads\/sites\/4\/2025\/10\/chinese-restaurant-in-Dalat.jpg","datePublished":"2025-10-06T06:57:34+00:00","dateModified":"2026-03-26T14:06:22+00:00","description":"BAO Asian Cuisine t\u1ea1i Grand Mercure \u0110\u00e0 L\u1ea1t mang \u0111\u1ebfn tr\u1ea3i nghi\u1ec7m \u1ea9m th\u1ef1c Hoa hi\u1ec7n \u0111\u1ea1i \u0111\u1ea7y c\u1ea3m h\u1ee9ng. Th\u01b0\u1edfng th\u1ee9c v\u1ecbt quay B\u1eafc Kinh tr\u1ee9 danh, dim sum th\u1ee7 c\u00f4ng tinh x\u1ea3o v\u00e0 qu\u1ea7y l\u1ea9u t\u1ef1 ch\u1ecdn theo s\u1edf th\u00edch trong kh\u00f4ng gian s\u00f4i \u0111\u1ed9ng, t\u01b0\u01a1ng t\u00e1c. \u0110\u1eb7t b\u00e0n ngay h\u00f4m nay \u0111\u1ec3 \u0111\u1eafm m\u00ecnh trong b\u1eefa ti\u1ec7c h\u01b0\u01a1ng v\u1ecb \u0111\u1eb7c s\u1eafc.","breadcrumb":{"@id":"https:\/\/www.grandmercuredalat.com\/vi\/restaurants-bars\/bao-asian-cuisine\/#breadcrumb"},"inLanguage":"vi-VN","potentialAction":[{"@type":"ReadAction","target":["https:\/\/www.grandmercuredalat.com\/vi\/restaurants-bars\/bao-asian-cuisine\/"]}]},{"@type":"ImageObject","inLanguage":"vi-VN","@id":"https:\/\/www.grandmercuredalat.com\/vi\/restaurants-bars\/bao-asian-cuisine\/#primaryimage","url":"https:\/\/www.grandmercuredalat.com\/wp-content\/uploads\/sites\/4\/2025\/10\/chinese-restaurant-in-Dalat.jpg","contentUrl":"https:\/\/www.grandmercuredalat.com\/wp-content\/uploads\/sites\/4\/2025\/10\/chinese-restaurant-in-Dalat.jpg","width":2126,"height":1370,"caption":"Chinese restaurant in Dalat"},{"@type":"BreadcrumbList","@id":"https:\/\/www.grandmercuredalat.com\/vi\/restaurants-bars\/bao-asian-cuisine\/#breadcrumb","itemListElement":[{"@type":"ListItem","position":1,"name":"Home","item":"https:\/\/www.grandmercuredalat.com\/vi\/"},{"@type":"ListItem","position":2,"name":"Nh\u00e0 h\u00e0ng &amp; Bar","item":"https:\/\/www.grandmercuredalat.com\/vi\/restaurants-bars\/"},{"@type":"ListItem","position":3,"name":"Nh\u00e0 h\u00e0ng BAO Asian Cuisine"}]},{"@type":"WebSite","@id":"https:\/\/www.grandmercuredalat.com\/#website","url":"https:\/\/www.grandmercuredalat.com\/","name":"Grand Mercure Dalat Resort","description":"","publisher":{"@id":"https:\/\/www.grandmercuredalat.com\/#organization"},"potentialAction":[{"@type":"SearchAction","target":{"@type":"EntryPoint","urlTemplate":"https:\/\/www.grandmercuredalat.com\/?s={search_term_string}"},"query-input":{"@type":"PropertyValueSpecification","valueRequired":true,"valueName":"search_term_string"}}],"inLanguage":"vi-VN"},{"@type":"Organization","@id":"https:\/\/www.grandmercuredalat.com\/#organization","name":"Grand Mercure Dalat Resort","url":"https:\/\/www.grandmercuredalat.com\/","logo":{"@type":"ImageObject","inLanguage":"vi-VN","@id":"https:\/\/www.grandmercuredalat.com\/#\/schema\/logo\/image\/","url":"https:\/\/www.grandmercuredalat.com\/wp-content\/uploads\/sites\/4\/2025\/10\/Pool-26.jpg","contentUrl":"https:\/\/www.grandmercuredalat.com\/wp-content\/uploads\/sites\/4\/2025\/10\/Pool-26.jpg","width":1800,"height":1200,"caption":"Grand Mercure Dalat Resort"},"image":{"@id":"https:\/\/www.grandmercuredalat.com\/#\/schema\/logo\/image\/"}}]}},"_links":{"self":[{"href":"https:\/\/www.grandmercuredalat.com\/vi\/wp-json\/wp\/v2\/pages\/258","targetHints":{"allow":["GET"]}}],"collection":[{"href":"https:\/\/www.grandmercuredalat.com\/vi\/wp-json\/wp\/v2\/pages"}],"about":[{"href":"https:\/\/www.grandmercuredalat.com\/vi\/wp-json\/wp\/v2\/types\/page"}],"author":[{"embeddable":true,"href":"https:\/\/www.grandmercuredalat.com\/vi\/wp-json\/wp\/v2\/users\/30"}],"replies":[{"embeddable":true,"href":"https:\/\/www.grandmercuredalat.com\/vi\/wp-json\/wp\/v2\/comments?post=258"}],"version-history":[{"count":0,"href":"https:\/\/www.grandmercuredalat.com\/vi\/wp-json\/wp\/v2\/pages\/258\/revisions"}],"up":[{"embeddable":true,"href":"https:\/\/www.grandmercuredalat.com\/vi\/wp-json\/wp\/v2\/pages\/260"}],"wp:featuredmedia":[{"embeddable":true,"href":"https:\/\/www.grandmercuredalat.com\/vi\/wp-json\/wp\/v2\/media\/425"}],"wp:attachment":[{"href":"https:\/\/www.grandmercuredalat.com\/vi\/wp-json\/wp\/v2\/media?parent=258"}],"wp:term":[{"taxonomy":"category","embeddable":true,"href":"https:\/\/www.grandmercuredalat.com\/vi\/wp-json\/wp\/v2\/categories?post=258"}],"curies":[{"name":"wp","href":"https:\/\/api.w.org\/{rel}","templated":true}]}}