{"id":257,"date":"2025-10-06T06:52:58","date_gmt":"2025-10-06T06:52:58","guid":{"rendered":"https:\/\/grandmercuredalatresort.accorv2prod2.decms.eu\/1929-lobby-bar\/"},"modified":"2026-01-23T09:25:20","modified_gmt":"2026-01-23T09:25:20","slug":"1929-lobby-bar","status":"publish","type":"page","link":"https:\/\/www.grandmercuredalat.com\/vi\/restaurants-bars\/1929-lobby-bar\/","title":{"rendered":"Qu\u1ea7y Bar Ti\u1ec1n S\u1ea3nh 1929"},"content":{"rendered":"<p>B\u01b0\u1edbc v\u00e0o kh\u00f4ng gian <strong>qu\u1ea7y bar ti\u1ec1n s\u1ea3nh 1929<\/strong> v\u00e0 c\u1ea3m nh\u1eadn n\u00e9t ho\u00e0i c\u1ed5 c\u1ee7a \u0110\u00e0 L\u1ea1t th\u1eadp ni\u00ean 20. N\u01a1i \u0111\u00e2y, \u00e2m nh\u1ea1c c\u1ed5 \u0111i\u1ec3n, ki\u1ebfn tr\u00fac v\u01b0\u1ee3t th\u1eddi gian v\u00e0 h\u01b0\u01a1ng v\u1ecb l\u1ea5y c\u1ea3m h\u1ee9ng t\u1eeb cao nguy\u00ean h\u00f2a quy\u1ec7n \u0111\u1ec3 t\u1ea1o n\u00ean m\u1ed9t b\u1ea7u kh\u00f4ng kh\u00ed \u1ea5m \u00e1p v\u00e0 \u0111\u1ea7y th\u00e2n thu\u1ed9c.<\/p>\n<p>D\u00f9 b\u1ea1n \u0111ang nh\u00e2m nhi t\u00e1ch c\u00e0 ph\u00ea pha m\u1edbi hay kh\u00e1m ph\u00e1 nh\u1eefng c\u00f4ng th\u1ee9c tr\u00e0 \u0111\u1ed9c \u0111\u00e1o mang h\u01b0\u01a1ng v\u1ecb \u0111\u1ecba ph\u01b0\u01a1ng, m\u1ed7i l\u1ea7n gh\u00e9 th\u0103m \u0111\u1ec1u mang c\u1ea3m gi\u00e1c nh\u01b0 \u0111ang t\u1eadn h\u01b0\u1edfng m\u1ed9t bu\u1ed5i chi\u1ec1u y\u00ean t\u0129nh \u1edf g\u00f3c ph\u1ed1 Paris. T\u1eeb nh\u1eefng ly \u0111\u1ed3 u\u1ed1ng \u0111\u01b0\u1ee3c trang tr\u00ed tinh t\u1ebf cho \u0111\u1ebfn b\u1ea7u kh\u00f4ng kh\u00ed ch\u00e0o \u0111\u00f3n n\u1ed3ng h\u1eadu, 1929 Lobby Bar t\u1ea1i <strong><a href=\"https:\/\/www.grandmercuredalat.com\/vi\/\" target=\"_blank\" rel=\"noopener\">Grand Mercure Dalat Resort<\/a><\/strong> l\u00e0 s\u1ef1 h\u00f2a quy\u1ec7n ho\u00e0n h\u1ea3o gi\u1eefa s\u1ef1 thanh l\u1ecbch v\u00e0 c\u1ea3m gi\u00e1c th\u01b0 th\u00e1i c\u1ee7a m\u1ed9t th\u1eddi \u0111\u00e3 qua.<\/p>\n","protected":false},"excerpt":{"rendered":"<p>B\u01b0\u1edbc v\u00e0o kh\u00f4ng gian qu\u1ea7y bar ti\u1ec1n s\u1ea3nh 1929 v\u00e0 c\u1ea3m nh\u1eadn n\u00e9t ho\u00e0i c\u1ed5 c\u1ee7a \u0110\u00e0 L\u1ea1t th\u1eadp ni\u00ean 20. N\u01a1i \u0111\u00e2y, \u00e2m nh\u1ea1c c\u1ed5 \u0111i\u1ec3n, ki\u1ebfn tr\u00fac v\u01b0\u1ee3t th\u1eddi gian v\u00e0 h\u01b0\u01a1ng v\u1ecb l\u1ea5y c\u1ea3m h\u1ee9ng t\u1eeb cao nguy\u00ean h\u00f2a quy\u1ec7n \u0111\u1ec3 t\u1ea1o n\u00ean m\u1ed9t b\u1ea7u kh\u00f4ng kh\u00ed \u1ea5m \u00e1p v\u00e0 \u0111\u1ea7y th\u00e2n [&hellip;]<\/p>\n","protected":false},"author":30,"featured_media":512,"parent":260,"menu_order":3,"comment_status":"closed","ping_status":"closed","template":"template-restaurant.php","meta":{"footnotes":""},"categories":[],"class_list":["post-257","page","type-page","status-publish","has-post-thumbnail","hentry"],"acf":[],"yoast_head":"<!-- This site is optimized with the Yoast SEO plugin v26.9 - https:\/\/yoast.com\/product\/yoast-seo-wordpress\/ -->\n<title>Qu\u1ea7y Bar Ti\u1ec1n S\u1ea3nh 1929 | Kh\u00f4ng Gian \u0110\u1ea7y Ngh\u1ec7 Thu\u1eadt T\u1ea1i \u0110\u00e0 L\u1ea1t<\/title>\n<meta name=\"description\" content=\"Quay ng\u01b0\u1ee3c th\u1eddi gian v\u1ec1 nh\u1eefng n\u0103m 1920 \u0111\u1ea7y hoa l\u1ec7 t\u1ea1i qu\u1ea7y bar ti\u1ec1n s\u1ea3nh 1929 c\u1ee7a Grand Mercure \u0110\u00e0 L\u1ea1t. Nh\u1eefng th\u1ee9c u\u1ed1ng ho\u00e0n h\u1ea3o \u0111ang ch\u1edd b\u1ea1n.\" \/>\n<meta name=\"robots\" content=\"index, follow, max-snippet:-1, max-image-preview:large, max-video-preview:-1\" \/>\n<link rel=\"canonical\" href=\"https:\/\/www.grandmercuredalat.com\/vi\/restaurants-bars\/1929-lobby-bar\/\" \/>\n<meta property=\"og:locale\" content=\"vi_VN\" \/>\n<meta property=\"og:type\" content=\"article\" \/>\n<meta property=\"og:title\" content=\"Qu\u1ea7y Bar Ti\u1ec1n S\u1ea3nh 1929 | Kh\u00f4ng Gian \u0110\u1ea7y Ngh\u1ec7 Thu\u1eadt T\u1ea1i \u0110\u00e0 L\u1ea1t\" \/>\n<meta property=\"og:description\" content=\"Quay ng\u01b0\u1ee3c th\u1eddi gian v\u1ec1 nh\u1eefng n\u0103m 1920 \u0111\u1ea7y hoa l\u1ec7 t\u1ea1i qu\u1ea7y bar ti\u1ec1n s\u1ea3nh 1929 c\u1ee7a Grand Mercure \u0110\u00e0 L\u1ea1t. Nh\u1eefng th\u1ee9c u\u1ed1ng ho\u00e0n h\u1ea3o \u0111ang ch\u1edd b\u1ea1n.\" \/>\n<meta property=\"og:url\" content=\"https:\/\/www.grandmercuredalat.com\/vi\/restaurants-bars\/1929-lobby-bar\/\" \/>\n<meta property=\"og:site_name\" content=\"Grand Mercure Dalat Resort\" \/>\n<meta property=\"article:modified_time\" content=\"2026-01-23T09:25:20+00:00\" \/>\n<meta property=\"og:image\" content=\"https:\/\/www.grandmercuredalat.com\/wp-content\/uploads\/sites\/4\/2025\/11\/1929-Lobby-Bar-dalat.jpg\" \/>\n\t<meta property=\"og:image:width\" content=\"1300\" \/>\n\t<meta property=\"og:image:height\" content=\"974\" \/>\n\t<meta property=\"og:image:type\" content=\"image\/jpeg\" \/>\n<meta name=\"twitter:card\" content=\"summary_large_image\" \/>\n<meta name=\"twitter:label1\" content=\"Est. reading time\" \/>\n\t<meta name=\"twitter:data1\" content=\"1 minute\" \/>\n<script type=\"application\/ld+json\" class=\"yoast-schema-graph\">{\"@context\":\"https:\/\/schema.org\",\"@graph\":[{\"@type\":\"WebPage\",\"@id\":\"https:\/\/www.grandmercuredalat.com\/vi\/restaurants-bars\/1929-lobby-bar\/\",\"url\":\"https:\/\/www.grandmercuredalat.com\/vi\/restaurants-bars\/1929-lobby-bar\/\",\"name\":\"Qu\u1ea7y Bar Ti\u1ec1n S\u1ea3nh 1929 | Kh\u00f4ng Gian \u0110\u1ea7y Ngh\u1ec7 Thu\u1eadt T\u1ea1i \u0110\u00e0 L\u1ea1t\",\"isPartOf\":{\"@id\":\"https:\/\/www.grandmercuredalat.com\/#website\"},\"primaryImageOfPage\":{\"@id\":\"https:\/\/www.grandmercuredalat.com\/vi\/restaurants-bars\/1929-lobby-bar\/#primaryimage\"},\"image\":{\"@id\":\"https:\/\/www.grandmercuredalat.com\/vi\/restaurants-bars\/1929-lobby-bar\/#primaryimage\"},\"thumbnailUrl\":\"https:\/\/www.grandmercuredalat.com\/wp-content\/uploads\/sites\/4\/2025\/11\/1929-Lobby-Bar-dalat.jpg\",\"datePublished\":\"2025-10-06T06:52:58+00:00\",\"dateModified\":\"2026-01-23T09:25:20+00:00\",\"description\":\"Quay ng\u01b0\u1ee3c th\u1eddi gian v\u1ec1 nh\u1eefng n\u0103m 1920 \u0111\u1ea7y hoa l\u1ec7 t\u1ea1i qu\u1ea7y bar ti\u1ec1n s\u1ea3nh 1929 c\u1ee7a Grand Mercure \u0110\u00e0 L\u1ea1t. Nh\u1eefng th\u1ee9c u\u1ed1ng ho\u00e0n h\u1ea3o \u0111ang ch\u1edd b\u1ea1n.\",\"breadcrumb\":{\"@id\":\"https:\/\/www.grandmercuredalat.com\/vi\/restaurants-bars\/1929-lobby-bar\/#breadcrumb\"},\"inLanguage\":\"vi-VN\",\"potentialAction\":[{\"@type\":\"ReadAction\",\"target\":[\"https:\/\/www.grandmercuredalat.com\/vi\/restaurants-bars\/1929-lobby-bar\/\"]}]},{\"@type\":\"ImageObject\",\"inLanguage\":\"vi-VN\",\"@id\":\"https:\/\/www.grandmercuredalat.com\/vi\/restaurants-bars\/1929-lobby-bar\/#primaryimage\",\"url\":\"https:\/\/www.grandmercuredalat.com\/wp-content\/uploads\/sites\/4\/2025\/11\/1929-Lobby-Bar-dalat.jpg\",\"contentUrl\":\"https:\/\/www.grandmercuredalat.com\/wp-content\/uploads\/sites\/4\/2025\/11\/1929-Lobby-Bar-dalat.jpg\",\"width\":1300,\"height\":974,\"caption\":\"HyperFocal: 0\"},{\"@type\":\"BreadcrumbList\",\"@id\":\"https:\/\/www.grandmercuredalat.com\/vi\/restaurants-bars\/1929-lobby-bar\/#breadcrumb\",\"itemListElement\":[{\"@type\":\"ListItem\",\"position\":1,\"name\":\"Home\",\"item\":\"https:\/\/www.grandmercuredalat.com\/vi\/\"},{\"@type\":\"ListItem\",\"position\":2,\"name\":\"Nh\u00e0 h\u00e0ng &amp; Bar\",\"item\":\"https:\/\/www.grandmercuredalat.com\/vi\/restaurants-bars\/\"},{\"@type\":\"ListItem\",\"position\":3,\"name\":\"Qu\u1ea7y Bar Ti\u1ec1n S\u1ea3nh 1929\"}]},{\"@type\":\"WebSite\",\"@id\":\"https:\/\/www.grandmercuredalat.com\/#website\",\"url\":\"https:\/\/www.grandmercuredalat.com\/\",\"name\":\"Grand Mercure Dalat Resort\",\"description\":\"\",\"publisher\":{\"@id\":\"https:\/\/www.grandmercuredalat.com\/#organization\"},\"potentialAction\":[{\"@type\":\"SearchAction\",\"target\":{\"@type\":\"EntryPoint\",\"urlTemplate\":\"https:\/\/www.grandmercuredalat.com\/?s={search_term_string}\"},\"query-input\":{\"@type\":\"PropertyValueSpecification\",\"valueRequired\":true,\"valueName\":\"search_term_string\"}}],\"inLanguage\":\"vi-VN\"},{\"@type\":\"Organization\",\"@id\":\"https:\/\/www.grandmercuredalat.com\/#organization\",\"name\":\"Grand Mercure Dalat Resort\",\"url\":\"https:\/\/www.grandmercuredalat.com\/\",\"logo\":{\"@type\":\"ImageObject\",\"inLanguage\":\"vi-VN\",\"@id\":\"https:\/\/www.grandmercuredalat.com\/#\/schema\/logo\/image\/\",\"url\":\"https:\/\/www.grandmercuredalat.com\/wp-content\/uploads\/sites\/4\/2025\/10\/Pool-26.jpg\",\"contentUrl\":\"https:\/\/www.grandmercuredalat.com\/wp-content\/uploads\/sites\/4\/2025\/10\/Pool-26.jpg\",\"width\":1800,\"height\":1200,\"caption\":\"Grand Mercure Dalat Resort\"},\"image\":{\"@id\":\"https:\/\/www.grandmercuredalat.com\/#\/schema\/logo\/image\/\"}}]}<\/script>\n<!-- \/ Yoast SEO plugin. -->","yoast_head_json":{"title":"Qu\u1ea7y Bar Ti\u1ec1n S\u1ea3nh 1929 | Kh\u00f4ng Gian \u0110\u1ea7y Ngh\u1ec7 Thu\u1eadt T\u1ea1i \u0110\u00e0 L\u1ea1t","description":"Quay ng\u01b0\u1ee3c th\u1eddi gian v\u1ec1 nh\u1eefng n\u0103m 1920 \u0111\u1ea7y hoa l\u1ec7 t\u1ea1i qu\u1ea7y bar ti\u1ec1n s\u1ea3nh 1929 c\u1ee7a Grand Mercure \u0110\u00e0 L\u1ea1t. Nh\u1eefng th\u1ee9c u\u1ed1ng ho\u00e0n h\u1ea3o \u0111ang ch\u1edd b\u1ea1n.","robots":{"index":"index","follow":"follow","max-snippet":"max-snippet:-1","max-image-preview":"max-image-preview:large","max-video-preview":"max-video-preview:-1"},"canonical":"https:\/\/www.grandmercuredalat.com\/vi\/restaurants-bars\/1929-lobby-bar\/","og_locale":"vi_VN","og_type":"article","og_title":"Qu\u1ea7y Bar Ti\u1ec1n S\u1ea3nh 1929 | Kh\u00f4ng Gian \u0110\u1ea7y Ngh\u1ec7 Thu\u1eadt T\u1ea1i \u0110\u00e0 L\u1ea1t","og_description":"Quay ng\u01b0\u1ee3c th\u1eddi gian v\u1ec1 nh\u1eefng n\u0103m 1920 \u0111\u1ea7y hoa l\u1ec7 t\u1ea1i qu\u1ea7y bar ti\u1ec1n s\u1ea3nh 1929 c\u1ee7a Grand Mercure \u0110\u00e0 L\u1ea1t. Nh\u1eefng th\u1ee9c u\u1ed1ng ho\u00e0n h\u1ea3o \u0111ang ch\u1edd b\u1ea1n.","og_url":"https:\/\/www.grandmercuredalat.com\/vi\/restaurants-bars\/1929-lobby-bar\/","og_site_name":"Grand Mercure Dalat Resort","article_modified_time":"2026-01-23T09:25:20+00:00","og_image":[{"width":1300,"height":974,"url":"https:\/\/www.grandmercuredalat.com\/wp-content\/uploads\/sites\/4\/2025\/11\/1929-Lobby-Bar-dalat.jpg","type":"image\/jpeg"}],"twitter_card":"summary_large_image","twitter_misc":{"Est. reading time":"1 minute"},"schema":{"@context":"https:\/\/schema.org","@graph":[{"@type":"WebPage","@id":"https:\/\/www.grandmercuredalat.com\/vi\/restaurants-bars\/1929-lobby-bar\/","url":"https:\/\/www.grandmercuredalat.com\/vi\/restaurants-bars\/1929-lobby-bar\/","name":"Qu\u1ea7y Bar Ti\u1ec1n S\u1ea3nh 1929 | Kh\u00f4ng Gian \u0110\u1ea7y Ngh\u1ec7 Thu\u1eadt T\u1ea1i \u0110\u00e0 L\u1ea1t","isPartOf":{"@id":"https:\/\/www.grandmercuredalat.com\/#website"},"primaryImageOfPage":{"@id":"https:\/\/www.grandmercuredalat.com\/vi\/restaurants-bars\/1929-lobby-bar\/#primaryimage"},"image":{"@id":"https:\/\/www.grandmercuredalat.com\/vi\/restaurants-bars\/1929-lobby-bar\/#primaryimage"},"thumbnailUrl":"https:\/\/www.grandmercuredalat.com\/wp-content\/uploads\/sites\/4\/2025\/11\/1929-Lobby-Bar-dalat.jpg","datePublished":"2025-10-06T06:52:58+00:00","dateModified":"2026-01-23T09:25:20+00:00","description":"Quay ng\u01b0\u1ee3c th\u1eddi gian v\u1ec1 nh\u1eefng n\u0103m 1920 \u0111\u1ea7y hoa l\u1ec7 t\u1ea1i qu\u1ea7y bar ti\u1ec1n s\u1ea3nh 1929 c\u1ee7a Grand Mercure \u0110\u00e0 L\u1ea1t. Nh\u1eefng th\u1ee9c u\u1ed1ng ho\u00e0n h\u1ea3o \u0111ang ch\u1edd b\u1ea1n.","breadcrumb":{"@id":"https:\/\/www.grandmercuredalat.com\/vi\/restaurants-bars\/1929-lobby-bar\/#breadcrumb"},"inLanguage":"vi-VN","potentialAction":[{"@type":"ReadAction","target":["https:\/\/www.grandmercuredalat.com\/vi\/restaurants-bars\/1929-lobby-bar\/"]}]},{"@type":"ImageObject","inLanguage":"vi-VN","@id":"https:\/\/www.grandmercuredalat.com\/vi\/restaurants-bars\/1929-lobby-bar\/#primaryimage","url":"https:\/\/www.grandmercuredalat.com\/wp-content\/uploads\/sites\/4\/2025\/11\/1929-Lobby-Bar-dalat.jpg","contentUrl":"https:\/\/www.grandmercuredalat.com\/wp-content\/uploads\/sites\/4\/2025\/11\/1929-Lobby-Bar-dalat.jpg","width":1300,"height":974,"caption":"HyperFocal: 0"},{"@type":"BreadcrumbList","@id":"https:\/\/www.grandmercuredalat.com\/vi\/restaurants-bars\/1929-lobby-bar\/#breadcrumb","itemListElement":[{"@type":"ListItem","position":1,"name":"Home","item":"https:\/\/www.grandmercuredalat.com\/vi\/"},{"@type":"ListItem","position":2,"name":"Nh\u00e0 h\u00e0ng &amp; Bar","item":"https:\/\/www.grandmercuredalat.com\/vi\/restaurants-bars\/"},{"@type":"ListItem","position":3,"name":"Qu\u1ea7y Bar Ti\u1ec1n S\u1ea3nh 1929"}]},{"@type":"WebSite","@id":"https:\/\/www.grandmercuredalat.com\/#website","url":"https:\/\/www.grandmercuredalat.com\/","name":"Grand Mercure Dalat Resort","description":"","publisher":{"@id":"https:\/\/www.grandmercuredalat.com\/#organization"},"potentialAction":[{"@type":"SearchAction","target":{"@type":"EntryPoint","urlTemplate":"https:\/\/www.grandmercuredalat.com\/?s={search_term_string}"},"query-input":{"@type":"PropertyValueSpecification","valueRequired":true,"valueName":"search_term_string"}}],"inLanguage":"vi-VN"},{"@type":"Organization","@id":"https:\/\/www.grandmercuredalat.com\/#organization","name":"Grand Mercure Dalat Resort","url":"https:\/\/www.grandmercuredalat.com\/","logo":{"@type":"ImageObject","inLanguage":"vi-VN","@id":"https:\/\/www.grandmercuredalat.com\/#\/schema\/logo\/image\/","url":"https:\/\/www.grandmercuredalat.com\/wp-content\/uploads\/sites\/4\/2025\/10\/Pool-26.jpg","contentUrl":"https:\/\/www.grandmercuredalat.com\/wp-content\/uploads\/sites\/4\/2025\/10\/Pool-26.jpg","width":1800,"height":1200,"caption":"Grand Mercure Dalat Resort"},"image":{"@id":"https:\/\/www.grandmercuredalat.com\/#\/schema\/logo\/image\/"}}]}},"_links":{"self":[{"href":"https:\/\/www.grandmercuredalat.com\/vi\/wp-json\/wp\/v2\/pages\/257","targetHints":{"allow":["GET"]}}],"collection":[{"href":"https:\/\/www.grandmercuredalat.com\/vi\/wp-json\/wp\/v2\/pages"}],"about":[{"href":"https:\/\/www.grandmercuredalat.com\/vi\/wp-json\/wp\/v2\/types\/page"}],"author":[{"embeddable":true,"href":"https:\/\/www.grandmercuredalat.com\/vi\/wp-json\/wp\/v2\/users\/30"}],"replies":[{"embeddable":true,"href":"https:\/\/www.grandmercuredalat.com\/vi\/wp-json\/wp\/v2\/comments?post=257"}],"version-history":[{"count":0,"href":"https:\/\/www.grandmercuredalat.com\/vi\/wp-json\/wp\/v2\/pages\/257\/revisions"}],"up":[{"embeddable":true,"href":"https:\/\/www.grandmercuredalat.com\/vi\/wp-json\/wp\/v2\/pages\/260"}],"wp:featuredmedia":[{"embeddable":true,"href":"https:\/\/www.grandmercuredalat.com\/vi\/wp-json\/wp\/v2\/media\/512"}],"wp:attachment":[{"href":"https:\/\/www.grandmercuredalat.com\/vi\/wp-json\/wp\/v2\/media?parent=257"}],"wp:term":[{"taxonomy":"category","embeddable":true,"href":"https:\/\/www.grandmercuredalat.com\/vi\/wp-json\/wp\/v2\/categories?post=257"}],"curies":[{"name":"wp","href":"https:\/\/api.w.org\/{rel}","templated":true}]}}