{"id":256,"date":"2025-10-06T06:48:57","date_gmt":"2025-10-06T06:48:57","guid":{"rendered":"https:\/\/grandmercuredalatresort.accorv2prod2.decms.eu\/moon-lounge\/"},"modified":"2026-01-23T09:21:32","modified_gmt":"2026-01-23T09:21:32","slug":"moon-lounge","status":"publish","type":"page","link":"https:\/\/www.grandmercuredalat.com\/vi\/restaurants-bars\/moon-lounge\/","title":{"rendered":"Qu\u1ea7y Bar Moon Lounge"},"content":{"rendered":"<p>T\u1ea1i qu\u1ea7y bar\u00a0<strong><a href=\"https:\/\/www.grandmercuredalat.com\/vi\/restaurants-bars\/moon-lounge\/\" target=\"_blank\" rel=\"noopener\">Moon Lounge<\/a><\/strong>, h\u00e3y \u0111\u1eafm m\u00ecnh trong tr\u1ea3i nghi\u1ec7m cocktail \u0111\u00e1nh th\u1ee9c m\u1ecdi gi\u00e1c quan. M\u1ed7i ly \u0111\u1ed3 u\u1ed1ng l\u00e0 m\u1ed9t c\u00e2u chuy\u1ec7n \u0111\u01b0\u1ee3c k\u1ec3 b\u1eb1ng s\u1ef1 h\u00f2a quy\u1ec7n tinh t\u1ebf gi\u1eefa nh\u1eefng nguy\u00ean li\u1ec7u \u0111\u1ecba ph\u01b0\u01a1ng \u0111\u1ed9c \u0111\u00e1o v\u00e0 k\u1ef9 thu\u1eadt pha ch\u1ebf \u0111i\u1ec7u ngh\u1ec7. M\u1ed7i ng\u1ee5m mang \u0111\u1ebfn h\u01b0\u01a1ng v\u1ecb quy\u1ebfn r\u0169 v\u00e0 l\u1eafng \u0111\u1ecdng.<\/p>\n<p>H\u00f2a m\u00ecnh v\u00e0o kh\u00f4ng gian \u00e2m nh\u1ea1c du d\u01b0\u01a1ng, h\u00f2a quy\u1ec7n c\u00f9ng m\u00e0n tr\u00ecnh di\u1ec5n \u1ea5n t\u01b0\u1ee3ng c\u1ee7a c\u00e1c bartender t\u00e0i hoa. H\u00e3y ng\u1eafm nh\u00ecn h\u1ecd t\u1ea1o n\u00ean nh\u1eefng th\u1ee9c u\u1ed1ng ngh\u1ec7 thu\u1eadt ngay tr\u01b0\u1edbc m\u1eaft b\u1ea1n \u2013 d\u00f9 \u0111\u00f3 l\u00e0 m\u1ed9t ly cocktail c\u1ed5 \u0111i\u1ec3n hay m\u1ed9t s\u00e1ng t\u1ea1o \u0111\u1ea7y ph\u00e1 c\u00e1ch, ph\u00e1 v\u1ee1 m\u1ecdi gi\u1edbi h\u1ea1n c\u1ee7a h\u01b0\u01a1ng v\u1ecb.<\/p>\n<p>Trong b\u1ea7u kh\u00f4ng kh\u00ed kh\u00e1c bi\u1ec7t \u0111\u1ea7y cu\u1ed1n h\u00fat, ngu\u1ed3n n\u0103ng l\u01b0\u1ee3ng s\u00f4i \u0111\u1ed9ng h\u00f2a quy\u1ec7n ho\u00e0n h\u1ea3o c\u00f9ng h\u01b0\u01a1ng v\u1ecb tinh t\u1ebf. D\u00f9 b\u1ea1n \u0111ang m\u1eebng m\u1ed9t d\u1ecbp \u0111\u1eb7c bi\u1ec7t hay ch\u1ec9 mu\u1ed1n th\u1ea3 l\u1ecfng t\u00e2m h\u1ed3n, qu\u1ea7y bar Moon Lounge t\u1ea1i <strong><a href=\"https:\/\/www.grandmercuredalat.com\/vi\/\" target=\"_blank\" rel=\"noopener\">Grand Mercure Dalat Resort<\/a><\/strong> h\u1ee9a h\u1eb9n mang \u0111\u1ebfn s\u1ef1 giao h\u00f2a kh\u00f3 qu\u00ean gi\u1eefa s\u00e1ng t\u1ea1o, h\u01b0\u01a1ng v\u1ecb v\u00e0 c\u1ea3m h\u1ee9ng gi\u1ea3i tr\u00ed.<\/p>\n","protected":false},"excerpt":{"rendered":"<p>T\u1ea1i qu\u1ea7y bar\u00a0Moon Lounge, h\u00e3y \u0111\u1eafm m\u00ecnh trong tr\u1ea3i nghi\u1ec7m cocktail \u0111\u00e1nh th\u1ee9c m\u1ecdi gi\u00e1c quan. M\u1ed7i ly \u0111\u1ed3 u\u1ed1ng l\u00e0 m\u1ed9t c\u00e2u chuy\u1ec7n \u0111\u01b0\u1ee3c k\u1ec3 b\u1eb1ng s\u1ef1 h\u00f2a quy\u1ec7n tinh t\u1ebf gi\u1eefa nh\u1eefng nguy\u00ean li\u1ec7u \u0111\u1ecba ph\u01b0\u01a1ng \u0111\u1ed9c \u0111\u00e1o v\u00e0 k\u1ef9 thu\u1eadt pha ch\u1ebf \u0111i\u1ec7u ngh\u1ec7. M\u1ed7i ng\u1ee5m mang \u0111\u1ebfn h\u01b0\u01a1ng v\u1ecb quy\u1ebfn r\u0169 [&hellip;]<\/p>\n","protected":false},"author":30,"featured_media":93,"parent":260,"menu_order":2,"comment_status":"closed","ping_status":"closed","template":"template-restaurant.php","meta":{"footnotes":""},"categories":[],"class_list":["post-256","page","type-page","status-publish","has-post-thumbnail","hentry"],"acf":[],"yoast_head":"<!-- This site is optimized with the Yoast SEO plugin v26.9 - https:\/\/yoast.com\/product\/yoast-seo-wordpress\/ -->\n<title>Qu\u1ea7y Bar Moon Lounge T\u1ea1i \u0110\u00e0 L\u1ea1t | Cocktail Th\u1ee7 C\u00f4ng \u0110\u1eb3ng C\u1ea5p<\/title>\n<meta name=\"description\" content=\"Tr\u1ea3i nghi\u1ec7m kh\u00f4ng gian bar \u0111\u1eb3ng c\u1ea5p nh\u1ea5t \u0110\u00e0 L\u1ea1t \u1edf qu\u1ea7y bar Moon Lounge \u2013 n\u01a1i nh\u1eefng ly cocktail \u0111\u1ea7y s\u00e1ng t\u1ea1o mang \u0111\u1ebfn nh\u1eefng ngh\u1ec7 thu\u1eadt r\u1ef1c r\u1ee1.\" \/>\n<meta name=\"robots\" content=\"index, follow, max-snippet:-1, max-image-preview:large, max-video-preview:-1\" \/>\n<link rel=\"canonical\" href=\"https:\/\/www.grandmercuredalat.com\/vi\/restaurants-bars\/moon-lounge\/\" \/>\n<meta property=\"og:locale\" content=\"vi_VN\" \/>\n<meta property=\"og:type\" content=\"article\" \/>\n<meta property=\"og:title\" content=\"Qu\u1ea7y Bar Moon Lounge T\u1ea1i \u0110\u00e0 L\u1ea1t | Cocktail Th\u1ee7 C\u00f4ng \u0110\u1eb3ng C\u1ea5p\" \/>\n<meta property=\"og:description\" content=\"Tr\u1ea3i nghi\u1ec7m kh\u00f4ng gian bar \u0111\u1eb3ng c\u1ea5p nh\u1ea5t \u0110\u00e0 L\u1ea1t \u1edf qu\u1ea7y bar Moon Lounge \u2013 n\u01a1i nh\u1eefng ly cocktail \u0111\u1ea7y s\u00e1ng t\u1ea1o mang \u0111\u1ebfn nh\u1eefng ngh\u1ec7 thu\u1eadt r\u1ef1c r\u1ee1.\" \/>\n<meta property=\"og:url\" content=\"https:\/\/www.grandmercuredalat.com\/vi\/restaurants-bars\/moon-lounge\/\" \/>\n<meta property=\"og:site_name\" content=\"Grand Mercure Dalat Resort\" \/>\n<meta property=\"article:modified_time\" content=\"2026-01-23T09:21:32+00:00\" \/>\n<meta property=\"og:image\" content=\"https:\/\/www.grandmercuredalat.com\/wp-content\/uploads\/sites\/4\/2025\/10\/Moon-Lounge-10.jpg\" \/>\n\t<meta property=\"og:image:width\" content=\"1800\" \/>\n\t<meta property=\"og:image:height\" content=\"1200\" \/>\n\t<meta property=\"og:image:type\" content=\"image\/jpeg\" \/>\n<meta name=\"twitter:card\" content=\"summary_large_image\" \/>\n<meta name=\"twitter:label1\" content=\"Est. reading time\" \/>\n\t<meta name=\"twitter:data1\" content=\"2 minutes\" \/>\n<script type=\"application\/ld+json\" class=\"yoast-schema-graph\">{\"@context\":\"https:\/\/schema.org\",\"@graph\":[{\"@type\":\"WebPage\",\"@id\":\"https:\/\/www.grandmercuredalat.com\/vi\/restaurants-bars\/moon-lounge\/\",\"url\":\"https:\/\/www.grandmercuredalat.com\/vi\/restaurants-bars\/moon-lounge\/\",\"name\":\"Qu\u1ea7y Bar Moon Lounge T\u1ea1i \u0110\u00e0 L\u1ea1t | Cocktail Th\u1ee7 C\u00f4ng \u0110\u1eb3ng C\u1ea5p\",\"isPartOf\":{\"@id\":\"https:\/\/www.grandmercuredalat.com\/#website\"},\"primaryImageOfPage\":{\"@id\":\"https:\/\/www.grandmercuredalat.com\/vi\/restaurants-bars\/moon-lounge\/#primaryimage\"},\"image\":{\"@id\":\"https:\/\/www.grandmercuredalat.com\/vi\/restaurants-bars\/moon-lounge\/#primaryimage\"},\"thumbnailUrl\":\"https:\/\/www.grandmercuredalat.com\/wp-content\/uploads\/sites\/4\/2025\/10\/Moon-Lounge-10.jpg\",\"datePublished\":\"2025-10-06T06:48:57+00:00\",\"dateModified\":\"2026-01-23T09:21:32+00:00\",\"description\":\"Tr\u1ea3i nghi\u1ec7m kh\u00f4ng gian bar \u0111\u1eb3ng c\u1ea5p nh\u1ea5t \u0110\u00e0 L\u1ea1t \u1edf qu\u1ea7y bar Moon Lounge \u2013 n\u01a1i nh\u1eefng ly cocktail \u0111\u1ea7y s\u00e1ng t\u1ea1o mang \u0111\u1ebfn nh\u1eefng ngh\u1ec7 thu\u1eadt r\u1ef1c r\u1ee1.\",\"breadcrumb\":{\"@id\":\"https:\/\/www.grandmercuredalat.com\/vi\/restaurants-bars\/moon-lounge\/#breadcrumb\"},\"inLanguage\":\"vi-VN\",\"potentialAction\":[{\"@type\":\"ReadAction\",\"target\":[\"https:\/\/www.grandmercuredalat.com\/vi\/restaurants-bars\/moon-lounge\/\"]}]},{\"@type\":\"ImageObject\",\"inLanguage\":\"vi-VN\",\"@id\":\"https:\/\/www.grandmercuredalat.com\/vi\/restaurants-bars\/moon-lounge\/#primaryimage\",\"url\":\"https:\/\/www.grandmercuredalat.com\/wp-content\/uploads\/sites\/4\/2025\/10\/Moon-Lounge-10.jpg\",\"contentUrl\":\"https:\/\/www.grandmercuredalat.com\/wp-content\/uploads\/sites\/4\/2025\/10\/Moon-Lounge-10.jpg\",\"width\":1800,\"height\":1200,\"caption\":\"Moon Lounge Bar\"},{\"@type\":\"BreadcrumbList\",\"@id\":\"https:\/\/www.grandmercuredalat.com\/vi\/restaurants-bars\/moon-lounge\/#breadcrumb\",\"itemListElement\":[{\"@type\":\"ListItem\",\"position\":1,\"name\":\"Home\",\"item\":\"https:\/\/www.grandmercuredalat.com\/vi\/\"},{\"@type\":\"ListItem\",\"position\":2,\"name\":\"Nh\u00e0 h\u00e0ng &amp; Bar\",\"item\":\"https:\/\/www.grandmercuredalat.com\/vi\/restaurants-bars\/\"},{\"@type\":\"ListItem\",\"position\":3,\"name\":\"Qu\u1ea7y Bar Moon Lounge\"}]},{\"@type\":\"WebSite\",\"@id\":\"https:\/\/www.grandmercuredalat.com\/#website\",\"url\":\"https:\/\/www.grandmercuredalat.com\/\",\"name\":\"Grand Mercure Dalat Resort\",\"description\":\"\",\"publisher\":{\"@id\":\"https:\/\/www.grandmercuredalat.com\/#organization\"},\"potentialAction\":[{\"@type\":\"SearchAction\",\"target\":{\"@type\":\"EntryPoint\",\"urlTemplate\":\"https:\/\/www.grandmercuredalat.com\/?s={search_term_string}\"},\"query-input\":{\"@type\":\"PropertyValueSpecification\",\"valueRequired\":true,\"valueName\":\"search_term_string\"}}],\"inLanguage\":\"vi-VN\"},{\"@type\":\"Organization\",\"@id\":\"https:\/\/www.grandmercuredalat.com\/#organization\",\"name\":\"Grand Mercure Dalat Resort\",\"url\":\"https:\/\/www.grandmercuredalat.com\/\",\"logo\":{\"@type\":\"ImageObject\",\"inLanguage\":\"vi-VN\",\"@id\":\"https:\/\/www.grandmercuredalat.com\/#\/schema\/logo\/image\/\",\"url\":\"https:\/\/www.grandmercuredalat.com\/wp-content\/uploads\/sites\/4\/2025\/10\/Pool-26.jpg\",\"contentUrl\":\"https:\/\/www.grandmercuredalat.com\/wp-content\/uploads\/sites\/4\/2025\/10\/Pool-26.jpg\",\"width\":1800,\"height\":1200,\"caption\":\"Grand Mercure Dalat Resort\"},\"image\":{\"@id\":\"https:\/\/www.grandmercuredalat.com\/#\/schema\/logo\/image\/\"}}]}<\/script>\n<!-- \/ Yoast SEO plugin. -->","yoast_head_json":{"title":"Qu\u1ea7y Bar Moon Lounge T\u1ea1i \u0110\u00e0 L\u1ea1t | Cocktail Th\u1ee7 C\u00f4ng \u0110\u1eb3ng C\u1ea5p","description":"Tr\u1ea3i nghi\u1ec7m kh\u00f4ng gian bar \u0111\u1eb3ng c\u1ea5p nh\u1ea5t \u0110\u00e0 L\u1ea1t \u1edf qu\u1ea7y bar Moon Lounge \u2013 n\u01a1i nh\u1eefng ly cocktail \u0111\u1ea7y s\u00e1ng t\u1ea1o mang \u0111\u1ebfn nh\u1eefng ngh\u1ec7 thu\u1eadt r\u1ef1c r\u1ee1.","robots":{"index":"index","follow":"follow","max-snippet":"max-snippet:-1","max-image-preview":"max-image-preview:large","max-video-preview":"max-video-preview:-1"},"canonical":"https:\/\/www.grandmercuredalat.com\/vi\/restaurants-bars\/moon-lounge\/","og_locale":"vi_VN","og_type":"article","og_title":"Qu\u1ea7y Bar Moon Lounge T\u1ea1i \u0110\u00e0 L\u1ea1t | Cocktail Th\u1ee7 C\u00f4ng \u0110\u1eb3ng C\u1ea5p","og_description":"Tr\u1ea3i nghi\u1ec7m kh\u00f4ng gian bar \u0111\u1eb3ng c\u1ea5p nh\u1ea5t \u0110\u00e0 L\u1ea1t \u1edf qu\u1ea7y bar Moon Lounge \u2013 n\u01a1i nh\u1eefng ly cocktail \u0111\u1ea7y s\u00e1ng t\u1ea1o mang \u0111\u1ebfn nh\u1eefng ngh\u1ec7 thu\u1eadt r\u1ef1c r\u1ee1.","og_url":"https:\/\/www.grandmercuredalat.com\/vi\/restaurants-bars\/moon-lounge\/","og_site_name":"Grand Mercure Dalat Resort","article_modified_time":"2026-01-23T09:21:32+00:00","og_image":[{"width":1800,"height":1200,"url":"https:\/\/www.grandmercuredalat.com\/wp-content\/uploads\/sites\/4\/2025\/10\/Moon-Lounge-10.jpg","type":"image\/jpeg"}],"twitter_card":"summary_large_image","twitter_misc":{"Est. reading time":"2 minutes"},"schema":{"@context":"https:\/\/schema.org","@graph":[{"@type":"WebPage","@id":"https:\/\/www.grandmercuredalat.com\/vi\/restaurants-bars\/moon-lounge\/","url":"https:\/\/www.grandmercuredalat.com\/vi\/restaurants-bars\/moon-lounge\/","name":"Qu\u1ea7y Bar Moon Lounge T\u1ea1i \u0110\u00e0 L\u1ea1t | Cocktail Th\u1ee7 C\u00f4ng \u0110\u1eb3ng C\u1ea5p","isPartOf":{"@id":"https:\/\/www.grandmercuredalat.com\/#website"},"primaryImageOfPage":{"@id":"https:\/\/www.grandmercuredalat.com\/vi\/restaurants-bars\/moon-lounge\/#primaryimage"},"image":{"@id":"https:\/\/www.grandmercuredalat.com\/vi\/restaurants-bars\/moon-lounge\/#primaryimage"},"thumbnailUrl":"https:\/\/www.grandmercuredalat.com\/wp-content\/uploads\/sites\/4\/2025\/10\/Moon-Lounge-10.jpg","datePublished":"2025-10-06T06:48:57+00:00","dateModified":"2026-01-23T09:21:32+00:00","description":"Tr\u1ea3i nghi\u1ec7m kh\u00f4ng gian bar \u0111\u1eb3ng c\u1ea5p nh\u1ea5t \u0110\u00e0 L\u1ea1t \u1edf qu\u1ea7y bar Moon Lounge \u2013 n\u01a1i nh\u1eefng ly cocktail \u0111\u1ea7y s\u00e1ng t\u1ea1o mang \u0111\u1ebfn nh\u1eefng ngh\u1ec7 thu\u1eadt r\u1ef1c r\u1ee1.","breadcrumb":{"@id":"https:\/\/www.grandmercuredalat.com\/vi\/restaurants-bars\/moon-lounge\/#breadcrumb"},"inLanguage":"vi-VN","potentialAction":[{"@type":"ReadAction","target":["https:\/\/www.grandmercuredalat.com\/vi\/restaurants-bars\/moon-lounge\/"]}]},{"@type":"ImageObject","inLanguage":"vi-VN","@id":"https:\/\/www.grandmercuredalat.com\/vi\/restaurants-bars\/moon-lounge\/#primaryimage","url":"https:\/\/www.grandmercuredalat.com\/wp-content\/uploads\/sites\/4\/2025\/10\/Moon-Lounge-10.jpg","contentUrl":"https:\/\/www.grandmercuredalat.com\/wp-content\/uploads\/sites\/4\/2025\/10\/Moon-Lounge-10.jpg","width":1800,"height":1200,"caption":"Moon Lounge Bar"},{"@type":"BreadcrumbList","@id":"https:\/\/www.grandmercuredalat.com\/vi\/restaurants-bars\/moon-lounge\/#breadcrumb","itemListElement":[{"@type":"ListItem","position":1,"name":"Home","item":"https:\/\/www.grandmercuredalat.com\/vi\/"},{"@type":"ListItem","position":2,"name":"Nh\u00e0 h\u00e0ng &amp; Bar","item":"https:\/\/www.grandmercuredalat.com\/vi\/restaurants-bars\/"},{"@type":"ListItem","position":3,"name":"Qu\u1ea7y Bar Moon Lounge"}]},{"@type":"WebSite","@id":"https:\/\/www.grandmercuredalat.com\/#website","url":"https:\/\/www.grandmercuredalat.com\/","name":"Grand Mercure Dalat Resort","description":"","publisher":{"@id":"https:\/\/www.grandmercuredalat.com\/#organization"},"potentialAction":[{"@type":"SearchAction","target":{"@type":"EntryPoint","urlTemplate":"https:\/\/www.grandmercuredalat.com\/?s={search_term_string}"},"query-input":{"@type":"PropertyValueSpecification","valueRequired":true,"valueName":"search_term_string"}}],"inLanguage":"vi-VN"},{"@type":"Organization","@id":"https:\/\/www.grandmercuredalat.com\/#organization","name":"Grand Mercure Dalat Resort","url":"https:\/\/www.grandmercuredalat.com\/","logo":{"@type":"ImageObject","inLanguage":"vi-VN","@id":"https:\/\/www.grandmercuredalat.com\/#\/schema\/logo\/image\/","url":"https:\/\/www.grandmercuredalat.com\/wp-content\/uploads\/sites\/4\/2025\/10\/Pool-26.jpg","contentUrl":"https:\/\/www.grandmercuredalat.com\/wp-content\/uploads\/sites\/4\/2025\/10\/Pool-26.jpg","width":1800,"height":1200,"caption":"Grand Mercure Dalat Resort"},"image":{"@id":"https:\/\/www.grandmercuredalat.com\/#\/schema\/logo\/image\/"}}]}},"_links":{"self":[{"href":"https:\/\/www.grandmercuredalat.com\/vi\/wp-json\/wp\/v2\/pages\/256","targetHints":{"allow":["GET"]}}],"collection":[{"href":"https:\/\/www.grandmercuredalat.com\/vi\/wp-json\/wp\/v2\/pages"}],"about":[{"href":"https:\/\/www.grandmercuredalat.com\/vi\/wp-json\/wp\/v2\/types\/page"}],"author":[{"embeddable":true,"href":"https:\/\/www.grandmercuredalat.com\/vi\/wp-json\/wp\/v2\/users\/30"}],"replies":[{"embeddable":true,"href":"https:\/\/www.grandmercuredalat.com\/vi\/wp-json\/wp\/v2\/comments?post=256"}],"version-history":[{"count":0,"href":"https:\/\/www.grandmercuredalat.com\/vi\/wp-json\/wp\/v2\/pages\/256\/revisions"}],"up":[{"embeddable":true,"href":"https:\/\/www.grandmercuredalat.com\/vi\/wp-json\/wp\/v2\/pages\/260"}],"wp:featuredmedia":[{"embeddable":true,"href":"https:\/\/www.grandmercuredalat.com\/vi\/wp-json\/wp\/v2\/media\/93"}],"wp:attachment":[{"href":"https:\/\/www.grandmercuredalat.com\/vi\/wp-json\/wp\/v2\/media?parent=256"}],"wp:term":[{"taxonomy":"category","embeddable":true,"href":"https:\/\/www.grandmercuredalat.com\/vi\/wp-json\/wp\/v2\/categories?post=256"}],"curies":[{"name":"wp","href":"https:\/\/api.w.org\/{rel}","templated":true}]}}