{"id":255,"date":"2025-10-06T06:37:05","date_gmt":"2025-10-06T06:37:05","guid":{"rendered":"https:\/\/grandmercuredalatresort.accorv2prod2.decms.eu\/deux-amants\/"},"modified":"2026-01-23T09:17:29","modified_gmt":"2026-01-23T09:17:29","slug":"deux-amants","status":"publish","type":"page","link":"https:\/\/www.grandmercuredalat.com\/vi\/restaurants-bars\/deux-amants\/","title":{"rendered":"Nh\u00e0 H\u00e0ng Deux Amants"},"content":{"rendered":"<p>T\u1ea1i <strong>nh\u00e0 h\u00e0ng Deux Amants<\/strong>, ngh\u1ec7 thu\u1eadt \u1ea9m th\u1ef1c h\u00f2a quy\u1ec7n c\u00f9ng s\u1ef1 sang tr\u1ecdng tinh t\u1ebf. Th\u1ef1c \u0111\u01a1n \u0111\u01b0\u1ee3c ch\u1ebf bi\u1ebfn t\u1eeb nh\u1eefng nguy\u00ean li\u1ec7u t\u01b0\u01a1i ngon nh\u1ea5t, \u0111\u01b0\u1ee3c ch\u1ecdn l\u1ecdc theo m\u00f9a t\u1eeb ngu\u1ed3n \u0111\u1ecba ph\u01b0\u01a1ng, \u0111\u1ea3m b\u1ea3o m\u1ed7i m\u00f3n \u0103n \u0111\u1ec1u t\u01b0\u01a1i m\u1edbi v\u00e0 tinh x\u1ea3o. K\u1ebft h\u1ee3p gi\u1eefa nh\u1eefng \u0111\u1eb7c s\u1ea3n v\u00f9ng mi\u1ec1n v\u00e0 tinh hoa \u1ea9m th\u1ef1c qu\u1ed1c t\u1ebf, ch\u00fang t\u00f4i mang \u0111\u1ebfn tr\u1ea3i nghi\u1ec7m \u1ea9m th\u1ef1c \u0111\u1ec9nh cao, chi\u1ec1u l\u00f2ng c\u1ea3 nh\u1eefng th\u1ef1c kh\u00e1ch kh\u00f3 t\u00ednh nh\u1ea5t.<\/p>\n<p>Kh\u00e1m ph\u00e1 tinh hoa c\u1ee7a ngh\u1ec7 thu\u1eadt \u1ea9m th\u1ef1c th\u01b0\u1ee3ng h\u1ea1ng, n\u01a1i ngu\u1ed3n nguy\u00ean li\u1ec7u h\u1eefu c\u01a1 t\u01b0\u01a1i s\u1ea1ch \u0111\u01b0\u1ee3c t\u00f4n vinh, n\u00e2ng t\u1ea7m tr\u1ea3i nghi\u1ec7m \u1ea9m th\u1ef1c \u0111\u1eb7c tr\u01b0ng c\u1ee7a <strong><a href=\"https:\/\/www.grandmercuredalat.com\/vi\/\" target=\"_blank\" rel=\"noopener\">Grand Mercure<\/a><\/strong>. T\u1ea1i Deux Amants, m\u1ed7i b\u1eefa \u0103n l\u00e0 m\u1ed9t l\u1ec5 h\u1ed9i c\u1ee7a h\u01b0\u01a1ng v\u1ecb, s\u1ef1 tinh t\u1ebf v\u00e0 n\u00e9t thanh l\u1ecbch mang \u0111\u1eadm c\u1ea3m h\u1ee9ng Ph\u00e1p.<\/p>\n","protected":false},"excerpt":{"rendered":"<p>T\u1ea1i nh\u00e0 h\u00e0ng Deux Amants, ngh\u1ec7 thu\u1eadt \u1ea9m th\u1ef1c h\u00f2a quy\u1ec7n c\u00f9ng s\u1ef1 sang tr\u1ecdng tinh t\u1ebf. Th\u1ef1c \u0111\u01a1n \u0111\u01b0\u1ee3c ch\u1ebf bi\u1ebfn t\u1eeb nh\u1eefng nguy\u00ean li\u1ec7u t\u01b0\u01a1i ngon nh\u1ea5t, \u0111\u01b0\u1ee3c ch\u1ecdn l\u1ecdc theo m\u00f9a t\u1eeb ngu\u1ed3n \u0111\u1ecba ph\u01b0\u01a1ng, \u0111\u1ea3m b\u1ea3o m\u1ed7i m\u00f3n \u0103n \u0111\u1ec1u t\u01b0\u01a1i m\u1edbi v\u00e0 tinh x\u1ea3o. K\u1ebft h\u1ee3p gi\u1eefa nh\u1eefng \u0111\u1eb7c s\u1ea3n [&hellip;]<\/p>\n","protected":false},"author":30,"featured_media":78,"parent":260,"menu_order":0,"comment_status":"closed","ping_status":"closed","template":"template-restaurant.php","meta":{"footnotes":""},"categories":[],"class_list":["post-255","page","type-page","status-publish","has-post-thumbnail","hentry"],"acf":[],"yoast_head":"<!-- This site is optimized with the Yoast SEO plugin v26.9 - https:\/\/yoast.com\/product\/yoast-seo-wordpress\/ -->\n<title>Nh\u00e0 h\u00e0ng Ph\u00e1p t\u1ea1i \u0110\u00e0 L\u1ea1t | Tr\u1ea3i Nghi\u1ec7m \u1ea8m Th\u1ef1c t\u1ea1i Deux Amants<\/title>\n<meta name=\"description\" content=\"Tr\u1ea3i nghi\u1ec7m \u1ea9m th\u1ef1c Ph\u00e1p t\u1ea1i \u0110\u00e0 L\u1ea1t c\u00f9ng nh\u00e0 h\u00e0ng Deux Amants, n\u01a1i nh\u1eefng nguy\u00ean li\u1ec7u t\u01b0\u01a1i ngon h\u00f2a quy\u1ec7n c\u00f9ng ngh\u1ec7 thu\u1eadt \u1ea9m th\u1ef1c Ph\u00e1p.\" \/>\n<meta name=\"robots\" content=\"index, follow, max-snippet:-1, max-image-preview:large, max-video-preview:-1\" \/>\n<link rel=\"canonical\" href=\"https:\/\/www.grandmercuredalat.com\/vi\/restaurants-bars\/deux-amants\/\" \/>\n<meta property=\"og:locale\" content=\"vi_VN\" \/>\n<meta property=\"og:type\" content=\"article\" \/>\n<meta property=\"og:title\" content=\"Nh\u00e0 h\u00e0ng Ph\u00e1p t\u1ea1i \u0110\u00e0 L\u1ea1t | Tr\u1ea3i Nghi\u1ec7m \u1ea8m Th\u1ef1c t\u1ea1i Deux Amants\" \/>\n<meta property=\"og:description\" content=\"Tr\u1ea3i nghi\u1ec7m \u1ea9m th\u1ef1c Ph\u00e1p t\u1ea1i \u0110\u00e0 L\u1ea1t c\u00f9ng nh\u00e0 h\u00e0ng Deux Amants, n\u01a1i nh\u1eefng nguy\u00ean li\u1ec7u t\u01b0\u01a1i ngon h\u00f2a quy\u1ec7n c\u00f9ng ngh\u1ec7 thu\u1eadt \u1ea9m th\u1ef1c Ph\u00e1p.\" \/>\n<meta property=\"og:url\" content=\"https:\/\/www.grandmercuredalat.com\/vi\/restaurants-bars\/deux-amants\/\" \/>\n<meta property=\"og:site_name\" content=\"Grand Mercure Dalat Resort\" \/>\n<meta property=\"article:modified_time\" content=\"2026-01-23T09:17:29+00:00\" \/>\n<meta property=\"og:image\" content=\"https:\/\/www.grandmercuredalat.com\/wp-content\/uploads\/sites\/4\/2025\/10\/Restaurant-6.jpg\" \/>\n\t<meta property=\"og:image:width\" content=\"1600\" \/>\n\t<meta property=\"og:image:height\" content=\"1200\" \/>\n\t<meta property=\"og:image:type\" content=\"image\/jpeg\" \/>\n<meta name=\"twitter:card\" content=\"summary_large_image\" \/>\n<meta name=\"twitter:label1\" content=\"Est. reading time\" \/>\n\t<meta name=\"twitter:data1\" content=\"1 minute\" \/>\n<script type=\"application\/ld+json\" class=\"yoast-schema-graph\">{\"@context\":\"https:\/\/schema.org\",\"@graph\":[{\"@type\":\"WebPage\",\"@id\":\"https:\/\/www.grandmercuredalat.com\/vi\/restaurants-bars\/deux-amants\/\",\"url\":\"https:\/\/www.grandmercuredalat.com\/vi\/restaurants-bars\/deux-amants\/\",\"name\":\"Nh\u00e0 h\u00e0ng Ph\u00e1p t\u1ea1i \u0110\u00e0 L\u1ea1t | Tr\u1ea3i Nghi\u1ec7m \u1ea8m Th\u1ef1c t\u1ea1i Deux Amants\",\"isPartOf\":{\"@id\":\"https:\/\/www.grandmercuredalat.com\/#website\"},\"primaryImageOfPage\":{\"@id\":\"https:\/\/www.grandmercuredalat.com\/vi\/restaurants-bars\/deux-amants\/#primaryimage\"},\"image\":{\"@id\":\"https:\/\/www.grandmercuredalat.com\/vi\/restaurants-bars\/deux-amants\/#primaryimage\"},\"thumbnailUrl\":\"https:\/\/www.grandmercuredalat.com\/wp-content\/uploads\/sites\/4\/2025\/10\/Restaurant-6.jpg\",\"datePublished\":\"2025-10-06T06:37:05+00:00\",\"dateModified\":\"2026-01-23T09:17:29+00:00\",\"description\":\"Tr\u1ea3i nghi\u1ec7m \u1ea9m th\u1ef1c Ph\u00e1p t\u1ea1i \u0110\u00e0 L\u1ea1t c\u00f9ng nh\u00e0 h\u00e0ng Deux Amants, n\u01a1i nh\u1eefng nguy\u00ean li\u1ec7u t\u01b0\u01a1i ngon h\u00f2a quy\u1ec7n c\u00f9ng ngh\u1ec7 thu\u1eadt \u1ea9m th\u1ef1c Ph\u00e1p.\",\"breadcrumb\":{\"@id\":\"https:\/\/www.grandmercuredalat.com\/vi\/restaurants-bars\/deux-amants\/#breadcrumb\"},\"inLanguage\":\"vi-VN\",\"potentialAction\":[{\"@type\":\"ReadAction\",\"target\":[\"https:\/\/www.grandmercuredalat.com\/vi\/restaurants-bars\/deux-amants\/\"]}]},{\"@type\":\"ImageObject\",\"inLanguage\":\"vi-VN\",\"@id\":\"https:\/\/www.grandmercuredalat.com\/vi\/restaurants-bars\/deux-amants\/#primaryimage\",\"url\":\"https:\/\/www.grandmercuredalat.com\/wp-content\/uploads\/sites\/4\/2025\/10\/Restaurant-6.jpg\",\"contentUrl\":\"https:\/\/www.grandmercuredalat.com\/wp-content\/uploads\/sites\/4\/2025\/10\/Restaurant-6.jpg\",\"width\":1600,\"height\":1200,\"caption\":\"Deux Amants Restaurant\"},{\"@type\":\"BreadcrumbList\",\"@id\":\"https:\/\/www.grandmercuredalat.com\/vi\/restaurants-bars\/deux-amants\/#breadcrumb\",\"itemListElement\":[{\"@type\":\"ListItem\",\"position\":1,\"name\":\"Home\",\"item\":\"https:\/\/www.grandmercuredalat.com\/vi\/\"},{\"@type\":\"ListItem\",\"position\":2,\"name\":\"Nh\u00e0 h\u00e0ng &amp; Bar\",\"item\":\"https:\/\/www.grandmercuredalat.com\/vi\/restaurants-bars\/\"},{\"@type\":\"ListItem\",\"position\":3,\"name\":\"Nh\u00e0 H\u00e0ng Deux Amants\"}]},{\"@type\":\"WebSite\",\"@id\":\"https:\/\/www.grandmercuredalat.com\/#website\",\"url\":\"https:\/\/www.grandmercuredalat.com\/\",\"name\":\"Grand Mercure Dalat Resort\",\"description\":\"\",\"publisher\":{\"@id\":\"https:\/\/www.grandmercuredalat.com\/#organization\"},\"potentialAction\":[{\"@type\":\"SearchAction\",\"target\":{\"@type\":\"EntryPoint\",\"urlTemplate\":\"https:\/\/www.grandmercuredalat.com\/?s={search_term_string}\"},\"query-input\":{\"@type\":\"PropertyValueSpecification\",\"valueRequired\":true,\"valueName\":\"search_term_string\"}}],\"inLanguage\":\"vi-VN\"},{\"@type\":\"Organization\",\"@id\":\"https:\/\/www.grandmercuredalat.com\/#organization\",\"name\":\"Grand Mercure Dalat Resort\",\"url\":\"https:\/\/www.grandmercuredalat.com\/\",\"logo\":{\"@type\":\"ImageObject\",\"inLanguage\":\"vi-VN\",\"@id\":\"https:\/\/www.grandmercuredalat.com\/#\/schema\/logo\/image\/\",\"url\":\"https:\/\/www.grandmercuredalat.com\/wp-content\/uploads\/sites\/4\/2025\/10\/Pool-26.jpg\",\"contentUrl\":\"https:\/\/www.grandmercuredalat.com\/wp-content\/uploads\/sites\/4\/2025\/10\/Pool-26.jpg\",\"width\":1800,\"height\":1200,\"caption\":\"Grand Mercure Dalat Resort\"},\"image\":{\"@id\":\"https:\/\/www.grandmercuredalat.com\/#\/schema\/logo\/image\/\"}}]}<\/script>\n<!-- \/ Yoast SEO plugin. -->","yoast_head_json":{"title":"Nh\u00e0 h\u00e0ng Ph\u00e1p t\u1ea1i \u0110\u00e0 L\u1ea1t | Tr\u1ea3i Nghi\u1ec7m \u1ea8m Th\u1ef1c t\u1ea1i Deux Amants","description":"Tr\u1ea3i nghi\u1ec7m \u1ea9m th\u1ef1c Ph\u00e1p t\u1ea1i \u0110\u00e0 L\u1ea1t c\u00f9ng nh\u00e0 h\u00e0ng Deux Amants, n\u01a1i nh\u1eefng nguy\u00ean li\u1ec7u t\u01b0\u01a1i ngon h\u00f2a quy\u1ec7n c\u00f9ng ngh\u1ec7 thu\u1eadt \u1ea9m th\u1ef1c Ph\u00e1p.","robots":{"index":"index","follow":"follow","max-snippet":"max-snippet:-1","max-image-preview":"max-image-preview:large","max-video-preview":"max-video-preview:-1"},"canonical":"https:\/\/www.grandmercuredalat.com\/vi\/restaurants-bars\/deux-amants\/","og_locale":"vi_VN","og_type":"article","og_title":"Nh\u00e0 h\u00e0ng Ph\u00e1p t\u1ea1i \u0110\u00e0 L\u1ea1t | Tr\u1ea3i Nghi\u1ec7m \u1ea8m Th\u1ef1c t\u1ea1i Deux Amants","og_description":"Tr\u1ea3i nghi\u1ec7m \u1ea9m th\u1ef1c Ph\u00e1p t\u1ea1i \u0110\u00e0 L\u1ea1t c\u00f9ng nh\u00e0 h\u00e0ng Deux Amants, n\u01a1i nh\u1eefng nguy\u00ean li\u1ec7u t\u01b0\u01a1i ngon h\u00f2a quy\u1ec7n c\u00f9ng ngh\u1ec7 thu\u1eadt \u1ea9m th\u1ef1c Ph\u00e1p.","og_url":"https:\/\/www.grandmercuredalat.com\/vi\/restaurants-bars\/deux-amants\/","og_site_name":"Grand Mercure Dalat Resort","article_modified_time":"2026-01-23T09:17:29+00:00","og_image":[{"width":1600,"height":1200,"url":"https:\/\/www.grandmercuredalat.com\/wp-content\/uploads\/sites\/4\/2025\/10\/Restaurant-6.jpg","type":"image\/jpeg"}],"twitter_card":"summary_large_image","twitter_misc":{"Est. reading time":"1 minute"},"schema":{"@context":"https:\/\/schema.org","@graph":[{"@type":"WebPage","@id":"https:\/\/www.grandmercuredalat.com\/vi\/restaurants-bars\/deux-amants\/","url":"https:\/\/www.grandmercuredalat.com\/vi\/restaurants-bars\/deux-amants\/","name":"Nh\u00e0 h\u00e0ng Ph\u00e1p t\u1ea1i \u0110\u00e0 L\u1ea1t | Tr\u1ea3i Nghi\u1ec7m \u1ea8m Th\u1ef1c t\u1ea1i Deux Amants","isPartOf":{"@id":"https:\/\/www.grandmercuredalat.com\/#website"},"primaryImageOfPage":{"@id":"https:\/\/www.grandmercuredalat.com\/vi\/restaurants-bars\/deux-amants\/#primaryimage"},"image":{"@id":"https:\/\/www.grandmercuredalat.com\/vi\/restaurants-bars\/deux-amants\/#primaryimage"},"thumbnailUrl":"https:\/\/www.grandmercuredalat.com\/wp-content\/uploads\/sites\/4\/2025\/10\/Restaurant-6.jpg","datePublished":"2025-10-06T06:37:05+00:00","dateModified":"2026-01-23T09:17:29+00:00","description":"Tr\u1ea3i nghi\u1ec7m \u1ea9m th\u1ef1c Ph\u00e1p t\u1ea1i \u0110\u00e0 L\u1ea1t c\u00f9ng nh\u00e0 h\u00e0ng Deux Amants, n\u01a1i nh\u1eefng nguy\u00ean li\u1ec7u t\u01b0\u01a1i ngon h\u00f2a quy\u1ec7n c\u00f9ng ngh\u1ec7 thu\u1eadt \u1ea9m th\u1ef1c Ph\u00e1p.","breadcrumb":{"@id":"https:\/\/www.grandmercuredalat.com\/vi\/restaurants-bars\/deux-amants\/#breadcrumb"},"inLanguage":"vi-VN","potentialAction":[{"@type":"ReadAction","target":["https:\/\/www.grandmercuredalat.com\/vi\/restaurants-bars\/deux-amants\/"]}]},{"@type":"ImageObject","inLanguage":"vi-VN","@id":"https:\/\/www.grandmercuredalat.com\/vi\/restaurants-bars\/deux-amants\/#primaryimage","url":"https:\/\/www.grandmercuredalat.com\/wp-content\/uploads\/sites\/4\/2025\/10\/Restaurant-6.jpg","contentUrl":"https:\/\/www.grandmercuredalat.com\/wp-content\/uploads\/sites\/4\/2025\/10\/Restaurant-6.jpg","width":1600,"height":1200,"caption":"Deux Amants Restaurant"},{"@type":"BreadcrumbList","@id":"https:\/\/www.grandmercuredalat.com\/vi\/restaurants-bars\/deux-amants\/#breadcrumb","itemListElement":[{"@type":"ListItem","position":1,"name":"Home","item":"https:\/\/www.grandmercuredalat.com\/vi\/"},{"@type":"ListItem","position":2,"name":"Nh\u00e0 h\u00e0ng &amp; Bar","item":"https:\/\/www.grandmercuredalat.com\/vi\/restaurants-bars\/"},{"@type":"ListItem","position":3,"name":"Nh\u00e0 H\u00e0ng Deux Amants"}]},{"@type":"WebSite","@id":"https:\/\/www.grandmercuredalat.com\/#website","url":"https:\/\/www.grandmercuredalat.com\/","name":"Grand Mercure Dalat Resort","description":"","publisher":{"@id":"https:\/\/www.grandmercuredalat.com\/#organization"},"potentialAction":[{"@type":"SearchAction","target":{"@type":"EntryPoint","urlTemplate":"https:\/\/www.grandmercuredalat.com\/?s={search_term_string}"},"query-input":{"@type":"PropertyValueSpecification","valueRequired":true,"valueName":"search_term_string"}}],"inLanguage":"vi-VN"},{"@type":"Organization","@id":"https:\/\/www.grandmercuredalat.com\/#organization","name":"Grand Mercure Dalat Resort","url":"https:\/\/www.grandmercuredalat.com\/","logo":{"@type":"ImageObject","inLanguage":"vi-VN","@id":"https:\/\/www.grandmercuredalat.com\/#\/schema\/logo\/image\/","url":"https:\/\/www.grandmercuredalat.com\/wp-content\/uploads\/sites\/4\/2025\/10\/Pool-26.jpg","contentUrl":"https:\/\/www.grandmercuredalat.com\/wp-content\/uploads\/sites\/4\/2025\/10\/Pool-26.jpg","width":1800,"height":1200,"caption":"Grand Mercure Dalat Resort"},"image":{"@id":"https:\/\/www.grandmercuredalat.com\/#\/schema\/logo\/image\/"}}]}},"_links":{"self":[{"href":"https:\/\/www.grandmercuredalat.com\/vi\/wp-json\/wp\/v2\/pages\/255","targetHints":{"allow":["GET"]}}],"collection":[{"href":"https:\/\/www.grandmercuredalat.com\/vi\/wp-json\/wp\/v2\/pages"}],"about":[{"href":"https:\/\/www.grandmercuredalat.com\/vi\/wp-json\/wp\/v2\/types\/page"}],"author":[{"embeddable":true,"href":"https:\/\/www.grandmercuredalat.com\/vi\/wp-json\/wp\/v2\/users\/30"}],"replies":[{"embeddable":true,"href":"https:\/\/www.grandmercuredalat.com\/vi\/wp-json\/wp\/v2\/comments?post=255"}],"version-history":[{"count":0,"href":"https:\/\/www.grandmercuredalat.com\/vi\/wp-json\/wp\/v2\/pages\/255\/revisions"}],"up":[{"embeddable":true,"href":"https:\/\/www.grandmercuredalat.com\/vi\/wp-json\/wp\/v2\/pages\/260"}],"wp:featuredmedia":[{"embeddable":true,"href":"https:\/\/www.grandmercuredalat.com\/vi\/wp-json\/wp\/v2\/media\/78"}],"wp:attachment":[{"href":"https:\/\/www.grandmercuredalat.com\/vi\/wp-json\/wp\/v2\/media?parent=255"}],"wp:term":[{"taxonomy":"category","embeddable":true,"href":"https:\/\/www.grandmercuredalat.com\/vi\/wp-json\/wp\/v2\/categories?post=255"}],"curies":[{"name":"wp","href":"https:\/\/api.w.org\/{rel}","templated":true}]}}