{"id":254,"date":"2025-09-30T07:16:19","date_gmt":"2025-09-30T07:16:19","guid":{"rendered":"https:\/\/grandmercuredalatresort.accorv2prod2.decms.eu\/rooms-suites\/family-premium\/"},"modified":"2026-01-23T10:03:21","modified_gmt":"2026-01-23T10:03:21","slug":"family-premium","status":"publish","type":"page","link":"https:\/\/www.grandmercuredalat.com\/vi\/rooms-suites\/family-premium\/","title":{"rendered":"Ph\u00f2ng Gia \u0110\u00ecnh Premium"},"content":{"rendered":"<p>Kh\u00e1m ph\u00e1 k\u1ef3 ngh\u1ec9 gia \u0111\u00ecnh l\u00fd t\u01b0\u1edfng, \u0111\u01b0\u1ee3c b\u1ed1 tr\u00ed tinh t\u1ebf g\u1ea7n khu vui ch\u01a1i tr\u1ebb em. <strong>Ph\u00f2ng Gia \u0110\u00ecnh Premium<\/strong> r\u1ed9ng 50m\u00b2 mang \u0111\u1ebfn cho gia \u0111\u00ecnh b\u1ea1n m\u1ed9t kh\u00f4ng gian sinh ho\u1ea1t tho\u1ea3i m\u00e1i. \u0110\u01b0\u1ee3c thi\u1ebft k\u1ebf \u0111\u1eb7c bi\u1ec7t cho gia \u0111\u00ecnh, c\u0103n ph\u00f2ng c\u00f3 ban c\u00f4ng r\u1ed9ng r\u00e3i \u0111\u1ec3 gia \u0111\u00ecnh c\u00f9ng nhau t\u1eadn h\u01b0\u1edfng v\u1ebb \u0111\u1eb9p d\u1ecbu d\u00e0ng c\u1ee7a khu v\u01b0\u1eddn xanh m\u00e1t ngay trong khu\u00f4n vi\u00ean c\u1ee7a khu ngh\u1ec9.<\/p>\n<p>Th\u01b0 gi\u00e3n tr\u00ean gi\u01b0\u1eddng King r\u1ed9ng r\u00e3i trong khi c\u00e1c b\u00e9 vui ch\u01a1i tr\u00ean chi\u1ebfc gi\u01b0\u1eddng t\u1ea7ng \u1ea5m c\u00fang c\u1ee7a ri\u00eang m\u00ecnh. \u0110\u1ec3 k\u1ef3 ngh\u1ec9 th\u00eam ti\u1ec7n l\u1ee3i, ph\u00f2ng c\u00f2n c\u00f3 khu v\u1ef1c ti\u1ebfp kh\u00e1ch r\u1ed9ng r\u00e3i, ph\u00f2ng t\u1eafm \u0111\u01b0\u1ee3c trang tr\u00ed tinh t\u1ebf v\u1edbi b\u1ed3n t\u1eafm \u0111\u1ed9c l\u1eadp thanh l\u1ecbch v\u00e0 m\u1ed9t nh\u00e0 v\u1ec7 sinh ph\u1ee5 \u2013 gi\u1ea3i ph\u00e1p l\u00fd t\u01b0\u1edfng cho nh\u1eefng bu\u1ed5i s\u00e1ng b\u1eadn r\u1ed9n c\u1ee7a gia \u0111\u00ecnh.<\/p>\n<p>T\u1eadn h\u01b0\u1edfng ti\u1ec7n \u00edch gi\u1ea3i tr\u00ed t\u1ea1i ph\u00f2ng v\u1edbi tivi th\u00f4ng minh c\u00f9ng Internet mi\u1ec5n ph\u00ed. H\u1ec7 th\u1ed1ng \u0111i\u1ec1u h\u00f2a hai chi\u1ec1u lu\u00f4n mang \u0111\u1ebfn nhi\u1ec7t \u0111\u1ed9 d\u1ec5 ch\u1ecbu nh\u1ea5t trong m\u1ecdi \u0111i\u1ec1u ki\u1ec7n th\u1eddi ti\u1ebft.<\/p>\n<p>T\u1ea5t c\u1ea3 \u0111\u01b0\u1ee3c ho\u00e0n thi\u1ec7n b\u1eb1ng t\u1ea7m nh\u00ecn bao qu\u00e1t khu v\u01b0\u1eddn xanh m\u00e1t, c\u00f9ng b\u1ea7u kh\u00f4ng kh\u00ed trong l\u00e0nh c\u1ee7a \u0110\u00e0 L\u1ea1t, n\u01a1i c\u1ea3nh s\u1eafc, h\u01b0\u01a1ng th\u01a1m v\u00e0 thi\u1ebft k\u1ebf giao h\u00f2a \u0111\u1ec3 t\u1ea1o n\u00ean m\u1ed9t k\u1ef3 ngh\u1ec9 gia \u0111\u00ecnh kh\u00f3 qu\u00ean.<\/p>\n","protected":false},"excerpt":{"rendered":"<p>Kh\u00e1m ph\u00e1 k\u1ef3 ngh\u1ec9 gia \u0111\u00ecnh l\u00fd t\u01b0\u1edfng, \u0111\u01b0\u1ee3c b\u1ed1 tr\u00ed tinh t\u1ebf g\u1ea7n khu vui ch\u01a1i tr\u1ebb em. Ph\u00f2ng Gia \u0110\u00ecnh Premium r\u1ed9ng 50m\u00b2 mang \u0111\u1ebfn cho gia \u0111\u00ecnh b\u1ea1n m\u1ed9t kh\u00f4ng gian sinh ho\u1ea1t tho\u1ea3i m\u00e1i. \u0110\u01b0\u1ee3c thi\u1ebft k\u1ebf \u0111\u1eb7c bi\u1ec7t cho gia \u0111\u00ecnh, c\u0103n ph\u00f2ng c\u00f3 ban c\u00f4ng r\u1ed9ng r\u00e3i \u0111\u1ec3 gia [&hellip;]<\/p>\n","protected":false},"author":30,"featured_media":567,"parent":249,"menu_order":5,"comment_status":"closed","ping_status":"closed","template":"template-room.php","meta":{"footnotes":""},"categories":[35],"class_list":["post-254","page","type-page","status-publish","has-post-thumbnail","hentry","category-phong-nghi"],"acf":[],"yoast_head":"<!-- This site is optimized with the Yoast SEO plugin v26.9 - https:\/\/yoast.com\/product\/yoast-seo-wordpress\/ -->\n<title>Ph\u00f2ng Gia \u0110\u00ecnh Premium | K\u1ef3 Ngh\u1ec9 Gia \u0110\u00ecnh \u0110\u1eb3ng C\u1ea5p T\u1ea1i \u0110\u00e0 L\u1ea1t<\/title>\n<meta name=\"description\" content=\"Ph\u00f2ng Gia \u0110\u00ecnh Premium r\u1ed9ng 50m\u00b2 \u0111\u01b0\u1ee3c trang b\u1ecb gi\u01b0\u1eddng king, gi\u01b0\u1eddng t\u1ea7ng v\u00e0 ban c\u00f4ng ri\u00eang, s\u1ef1 l\u1ef1a ch\u1ecdn ho\u00e0n h\u1ea3o cho k\u1ef3 ngh\u1ec9 gia \u0111\u00ecnh c\u1ee7a b\u1ea1n.\" \/>\n<meta name=\"robots\" content=\"index, follow, max-snippet:-1, max-image-preview:large, max-video-preview:-1\" \/>\n<link rel=\"canonical\" href=\"https:\/\/www.grandmercuredalat.com\/vi\/rooms-suites\/family-premium\/\" \/>\n<meta property=\"og:locale\" content=\"vi_VN\" \/>\n<meta property=\"og:type\" content=\"article\" \/>\n<meta property=\"og:title\" content=\"Ph\u00f2ng Gia \u0110\u00ecnh Premium | K\u1ef3 Ngh\u1ec9 Gia \u0110\u00ecnh \u0110\u1eb3ng C\u1ea5p T\u1ea1i \u0110\u00e0 L\u1ea1t\" \/>\n<meta property=\"og:description\" content=\"Ph\u00f2ng Gia \u0110\u00ecnh Premium r\u1ed9ng 50m\u00b2 \u0111\u01b0\u1ee3c trang b\u1ecb gi\u01b0\u1eddng king, gi\u01b0\u1eddng t\u1ea7ng v\u00e0 ban c\u00f4ng ri\u00eang, s\u1ef1 l\u1ef1a ch\u1ecdn ho\u00e0n h\u1ea3o cho k\u1ef3 ngh\u1ec9 gia \u0111\u00ecnh c\u1ee7a b\u1ea1n.\" \/>\n<meta property=\"og:url\" content=\"https:\/\/www.grandmercuredalat.com\/vi\/rooms-suites\/family-premium\/\" \/>\n<meta property=\"og:site_name\" content=\"Grand Mercure Dalat Resort\" \/>\n<meta property=\"article:modified_time\" content=\"2026-01-23T10:03:21+00:00\" \/>\n<meta property=\"og:image\" content=\"https:\/\/www.grandmercuredalat.com\/wp-content\/uploads\/sites\/4\/2025\/11\/Family-Deluxe-Dalat.jpg\" \/>\n\t<meta property=\"og:image:width\" content=\"1300\" \/>\n\t<meta property=\"og:image:height\" content=\"867\" \/>\n\t<meta property=\"og:image:type\" content=\"image\/jpeg\" \/>\n<meta name=\"twitter:card\" content=\"summary_large_image\" \/>\n<meta name=\"twitter:label1\" content=\"Est. reading time\" \/>\n\t<meta name=\"twitter:data1\" content=\"2 minutes\" \/>\n<script type=\"application\/ld+json\" class=\"yoast-schema-graph\">{\"@context\":\"https:\/\/schema.org\",\"@graph\":[{\"@type\":\"WebPage\",\"@id\":\"https:\/\/www.grandmercuredalat.com\/vi\/rooms-suites\/family-premium\/\",\"url\":\"https:\/\/www.grandmercuredalat.com\/vi\/rooms-suites\/family-premium\/\",\"name\":\"Ph\u00f2ng Gia \u0110\u00ecnh Premium | K\u1ef3 Ngh\u1ec9 Gia \u0110\u00ecnh \u0110\u1eb3ng C\u1ea5p T\u1ea1i \u0110\u00e0 L\u1ea1t\",\"isPartOf\":{\"@id\":\"https:\/\/www.grandmercuredalat.com\/#website\"},\"primaryImageOfPage\":{\"@id\":\"https:\/\/www.grandmercuredalat.com\/vi\/rooms-suites\/family-premium\/#primaryimage\"},\"image\":{\"@id\":\"https:\/\/www.grandmercuredalat.com\/vi\/rooms-suites\/family-premium\/#primaryimage\"},\"thumbnailUrl\":\"https:\/\/www.grandmercuredalat.com\/wp-content\/uploads\/sites\/4\/2025\/11\/Family-Deluxe-Dalat.jpg\",\"datePublished\":\"2025-09-30T07:16:19+00:00\",\"dateModified\":\"2026-01-23T10:03:21+00:00\",\"description\":\"Ph\u00f2ng Gia \u0110\u00ecnh Premium r\u1ed9ng 50m\u00b2 \u0111\u01b0\u1ee3c trang b\u1ecb gi\u01b0\u1eddng king, gi\u01b0\u1eddng t\u1ea7ng v\u00e0 ban c\u00f4ng ri\u00eang, s\u1ef1 l\u1ef1a ch\u1ecdn ho\u00e0n h\u1ea3o cho k\u1ef3 ngh\u1ec9 gia \u0111\u00ecnh c\u1ee7a b\u1ea1n.\",\"breadcrumb\":{\"@id\":\"https:\/\/www.grandmercuredalat.com\/vi\/rooms-suites\/family-premium\/#breadcrumb\"},\"inLanguage\":\"vi-VN\",\"potentialAction\":[{\"@type\":\"ReadAction\",\"target\":[\"https:\/\/www.grandmercuredalat.com\/vi\/rooms-suites\/family-premium\/\"]}]},{\"@type\":\"ImageObject\",\"inLanguage\":\"vi-VN\",\"@id\":\"https:\/\/www.grandmercuredalat.com\/vi\/rooms-suites\/family-premium\/#primaryimage\",\"url\":\"https:\/\/www.grandmercuredalat.com\/wp-content\/uploads\/sites\/4\/2025\/11\/Family-Deluxe-Dalat.jpg\",\"contentUrl\":\"https:\/\/www.grandmercuredalat.com\/wp-content\/uploads\/sites\/4\/2025\/11\/Family-Deluxe-Dalat.jpg\",\"width\":1300,\"height\":867,\"caption\":\"HyperFocal: 0\"},{\"@type\":\"BreadcrumbList\",\"@id\":\"https:\/\/www.grandmercuredalat.com\/vi\/rooms-suites\/family-premium\/#breadcrumb\",\"itemListElement\":[{\"@type\":\"ListItem\",\"position\":1,\"name\":\"Home\",\"item\":\"https:\/\/www.grandmercuredalat.com\/vi\/\"},{\"@type\":\"ListItem\",\"position\":2,\"name\":\"Ph\u00f2ng Ngh\u1ec9 &amp; Suites\",\"item\":\"https:\/\/www.grandmercuredalat.com\/vi\/rooms-suites\/\"},{\"@type\":\"ListItem\",\"position\":3,\"name\":\"Ph\u00f2ng Gia \u0110\u00ecnh Premium\"}]},{\"@type\":\"WebSite\",\"@id\":\"https:\/\/www.grandmercuredalat.com\/#website\",\"url\":\"https:\/\/www.grandmercuredalat.com\/\",\"name\":\"Grand Mercure Dalat Resort\",\"description\":\"\",\"publisher\":{\"@id\":\"https:\/\/www.grandmercuredalat.com\/#organization\"},\"potentialAction\":[{\"@type\":\"SearchAction\",\"target\":{\"@type\":\"EntryPoint\",\"urlTemplate\":\"https:\/\/www.grandmercuredalat.com\/?s={search_term_string}\"},\"query-input\":{\"@type\":\"PropertyValueSpecification\",\"valueRequired\":true,\"valueName\":\"search_term_string\"}}],\"inLanguage\":\"vi-VN\"},{\"@type\":\"Organization\",\"@id\":\"https:\/\/www.grandmercuredalat.com\/#organization\",\"name\":\"Grand Mercure Dalat Resort\",\"url\":\"https:\/\/www.grandmercuredalat.com\/\",\"logo\":{\"@type\":\"ImageObject\",\"inLanguage\":\"vi-VN\",\"@id\":\"https:\/\/www.grandmercuredalat.com\/#\/schema\/logo\/image\/\",\"url\":\"https:\/\/www.grandmercuredalat.com\/wp-content\/uploads\/sites\/4\/2025\/10\/Pool-26.jpg\",\"contentUrl\":\"https:\/\/www.grandmercuredalat.com\/wp-content\/uploads\/sites\/4\/2025\/10\/Pool-26.jpg\",\"width\":1800,\"height\":1200,\"caption\":\"Grand Mercure Dalat Resort\"},\"image\":{\"@id\":\"https:\/\/www.grandmercuredalat.com\/#\/schema\/logo\/image\/\"}}]}<\/script>\n<!-- \/ Yoast SEO plugin. -->","yoast_head_json":{"title":"Ph\u00f2ng Gia \u0110\u00ecnh Premium | K\u1ef3 Ngh\u1ec9 Gia \u0110\u00ecnh \u0110\u1eb3ng C\u1ea5p T\u1ea1i \u0110\u00e0 L\u1ea1t","description":"Ph\u00f2ng Gia \u0110\u00ecnh Premium r\u1ed9ng 50m\u00b2 \u0111\u01b0\u1ee3c trang b\u1ecb gi\u01b0\u1eddng king, gi\u01b0\u1eddng t\u1ea7ng v\u00e0 ban c\u00f4ng ri\u00eang, s\u1ef1 l\u1ef1a ch\u1ecdn ho\u00e0n h\u1ea3o cho k\u1ef3 ngh\u1ec9 gia \u0111\u00ecnh c\u1ee7a b\u1ea1n.","robots":{"index":"index","follow":"follow","max-snippet":"max-snippet:-1","max-image-preview":"max-image-preview:large","max-video-preview":"max-video-preview:-1"},"canonical":"https:\/\/www.grandmercuredalat.com\/vi\/rooms-suites\/family-premium\/","og_locale":"vi_VN","og_type":"article","og_title":"Ph\u00f2ng Gia \u0110\u00ecnh Premium | K\u1ef3 Ngh\u1ec9 Gia \u0110\u00ecnh \u0110\u1eb3ng C\u1ea5p T\u1ea1i \u0110\u00e0 L\u1ea1t","og_description":"Ph\u00f2ng Gia \u0110\u00ecnh Premium r\u1ed9ng 50m\u00b2 \u0111\u01b0\u1ee3c trang b\u1ecb gi\u01b0\u1eddng king, gi\u01b0\u1eddng t\u1ea7ng v\u00e0 ban c\u00f4ng ri\u00eang, s\u1ef1 l\u1ef1a ch\u1ecdn ho\u00e0n h\u1ea3o cho k\u1ef3 ngh\u1ec9 gia \u0111\u00ecnh c\u1ee7a b\u1ea1n.","og_url":"https:\/\/www.grandmercuredalat.com\/vi\/rooms-suites\/family-premium\/","og_site_name":"Grand Mercure Dalat Resort","article_modified_time":"2026-01-23T10:03:21+00:00","og_image":[{"width":1300,"height":867,"url":"https:\/\/www.grandmercuredalat.com\/wp-content\/uploads\/sites\/4\/2025\/11\/Family-Deluxe-Dalat.jpg","type":"image\/jpeg"}],"twitter_card":"summary_large_image","twitter_misc":{"Est. reading time":"2 minutes"},"schema":{"@context":"https:\/\/schema.org","@graph":[{"@type":"WebPage","@id":"https:\/\/www.grandmercuredalat.com\/vi\/rooms-suites\/family-premium\/","url":"https:\/\/www.grandmercuredalat.com\/vi\/rooms-suites\/family-premium\/","name":"Ph\u00f2ng Gia \u0110\u00ecnh Premium | K\u1ef3 Ngh\u1ec9 Gia \u0110\u00ecnh \u0110\u1eb3ng C\u1ea5p T\u1ea1i \u0110\u00e0 L\u1ea1t","isPartOf":{"@id":"https:\/\/www.grandmercuredalat.com\/#website"},"primaryImageOfPage":{"@id":"https:\/\/www.grandmercuredalat.com\/vi\/rooms-suites\/family-premium\/#primaryimage"},"image":{"@id":"https:\/\/www.grandmercuredalat.com\/vi\/rooms-suites\/family-premium\/#primaryimage"},"thumbnailUrl":"https:\/\/www.grandmercuredalat.com\/wp-content\/uploads\/sites\/4\/2025\/11\/Family-Deluxe-Dalat.jpg","datePublished":"2025-09-30T07:16:19+00:00","dateModified":"2026-01-23T10:03:21+00:00","description":"Ph\u00f2ng Gia \u0110\u00ecnh Premium r\u1ed9ng 50m\u00b2 \u0111\u01b0\u1ee3c trang b\u1ecb gi\u01b0\u1eddng king, gi\u01b0\u1eddng t\u1ea7ng v\u00e0 ban c\u00f4ng ri\u00eang, s\u1ef1 l\u1ef1a ch\u1ecdn ho\u00e0n h\u1ea3o cho k\u1ef3 ngh\u1ec9 gia \u0111\u00ecnh c\u1ee7a b\u1ea1n.","breadcrumb":{"@id":"https:\/\/www.grandmercuredalat.com\/vi\/rooms-suites\/family-premium\/#breadcrumb"},"inLanguage":"vi-VN","potentialAction":[{"@type":"ReadAction","target":["https:\/\/www.grandmercuredalat.com\/vi\/rooms-suites\/family-premium\/"]}]},{"@type":"ImageObject","inLanguage":"vi-VN","@id":"https:\/\/www.grandmercuredalat.com\/vi\/rooms-suites\/family-premium\/#primaryimage","url":"https:\/\/www.grandmercuredalat.com\/wp-content\/uploads\/sites\/4\/2025\/11\/Family-Deluxe-Dalat.jpg","contentUrl":"https:\/\/www.grandmercuredalat.com\/wp-content\/uploads\/sites\/4\/2025\/11\/Family-Deluxe-Dalat.jpg","width":1300,"height":867,"caption":"HyperFocal: 0"},{"@type":"BreadcrumbList","@id":"https:\/\/www.grandmercuredalat.com\/vi\/rooms-suites\/family-premium\/#breadcrumb","itemListElement":[{"@type":"ListItem","position":1,"name":"Home","item":"https:\/\/www.grandmercuredalat.com\/vi\/"},{"@type":"ListItem","position":2,"name":"Ph\u00f2ng Ngh\u1ec9 &amp; Suites","item":"https:\/\/www.grandmercuredalat.com\/vi\/rooms-suites\/"},{"@type":"ListItem","position":3,"name":"Ph\u00f2ng Gia \u0110\u00ecnh Premium"}]},{"@type":"WebSite","@id":"https:\/\/www.grandmercuredalat.com\/#website","url":"https:\/\/www.grandmercuredalat.com\/","name":"Grand Mercure Dalat Resort","description":"","publisher":{"@id":"https:\/\/www.grandmercuredalat.com\/#organization"},"potentialAction":[{"@type":"SearchAction","target":{"@type":"EntryPoint","urlTemplate":"https:\/\/www.grandmercuredalat.com\/?s={search_term_string}"},"query-input":{"@type":"PropertyValueSpecification","valueRequired":true,"valueName":"search_term_string"}}],"inLanguage":"vi-VN"},{"@type":"Organization","@id":"https:\/\/www.grandmercuredalat.com\/#organization","name":"Grand Mercure Dalat Resort","url":"https:\/\/www.grandmercuredalat.com\/","logo":{"@type":"ImageObject","inLanguage":"vi-VN","@id":"https:\/\/www.grandmercuredalat.com\/#\/schema\/logo\/image\/","url":"https:\/\/www.grandmercuredalat.com\/wp-content\/uploads\/sites\/4\/2025\/10\/Pool-26.jpg","contentUrl":"https:\/\/www.grandmercuredalat.com\/wp-content\/uploads\/sites\/4\/2025\/10\/Pool-26.jpg","width":1800,"height":1200,"caption":"Grand Mercure Dalat Resort"},"image":{"@id":"https:\/\/www.grandmercuredalat.com\/#\/schema\/logo\/image\/"}}]}},"_links":{"self":[{"href":"https:\/\/www.grandmercuredalat.com\/vi\/wp-json\/wp\/v2\/pages\/254","targetHints":{"allow":["GET"]}}],"collection":[{"href":"https:\/\/www.grandmercuredalat.com\/vi\/wp-json\/wp\/v2\/pages"}],"about":[{"href":"https:\/\/www.grandmercuredalat.com\/vi\/wp-json\/wp\/v2\/types\/page"}],"author":[{"embeddable":true,"href":"https:\/\/www.grandmercuredalat.com\/vi\/wp-json\/wp\/v2\/users\/30"}],"replies":[{"embeddable":true,"href":"https:\/\/www.grandmercuredalat.com\/vi\/wp-json\/wp\/v2\/comments?post=254"}],"version-history":[{"count":0,"href":"https:\/\/www.grandmercuredalat.com\/vi\/wp-json\/wp\/v2\/pages\/254\/revisions"}],"up":[{"embeddable":true,"href":"https:\/\/www.grandmercuredalat.com\/vi\/wp-json\/wp\/v2\/pages\/249"}],"wp:featuredmedia":[{"embeddable":true,"href":"https:\/\/www.grandmercuredalat.com\/vi\/wp-json\/wp\/v2\/media\/567"}],"wp:attachment":[{"href":"https:\/\/www.grandmercuredalat.com\/vi\/wp-json\/wp\/v2\/media?parent=254"}],"wp:term":[{"taxonomy":"category","embeddable":true,"href":"https:\/\/www.grandmercuredalat.com\/vi\/wp-json\/wp\/v2\/categories?post=254"}],"curies":[{"name":"wp","href":"https:\/\/api.w.org\/{rel}","templated":true}]}}