{"id":253,"date":"2025-09-30T07:09:00","date_gmt":"2025-09-30T07:09:00","guid":{"rendered":"https:\/\/grandmercuredalatresort.accorv2prod2.decms.eu\/rooms-suites\/family-deluxe\/"},"modified":"2026-01-23T10:00:56","modified_gmt":"2026-01-23T10:00:56","slug":"family-deluxe","status":"publish","type":"page","link":"https:\/\/www.grandmercuredalat.com\/vi\/rooms-suites\/family-deluxe\/","title":{"rendered":"Ph\u00f2ng Family Deluxe"},"content":{"rendered":"<p>B\u01b0\u1edbc v\u00e0o kh\u00f4ng gian tho\u1ea3i m\u00e1i tuy\u1ec7t \u0111\u1ed1i d\u00e0nh cho gia \u0111\u00ecnh v\u1edbi ph\u00f2ng <strong>Ph\u00f2ng Family Deluxe<\/strong> r\u1ed9ng 50m\u00b2, \u0111\u01b0\u1ee3c b\u1ed1 tr\u00ed thu\u1eadn ti\u1ec7n g\u1ea7n khu vui ch\u01a1i tr\u1ebb em. C\u0103n ph\u00f2ng \u0111\u01b0\u1ee3c thi\u1ebft k\u1ebf \u0111\u1ec3 ch\u00e0o \u0111\u00f3n t\u1eebng th\u00e0nh vi\u00ean trong gia \u0111\u00ecnh b\u1ea1n. V\u1edbi gi\u01b0\u1eddng king r\u1ed9ng r\u00e3i cho b\u1ed1 m\u1eb9, gi\u01b0\u1eddng t\u1ea7ng vui nh\u1ed9n cho c\u00e1c b\u00e9 v\u00e0 khu v\u1ef1c ti\u1ebfp kh\u00e1ch \u1ea5m c\u00fang cho c\u1ea3 nh\u00e0 c\u00f9ng th\u01b0 gi\u00e3n, \u0111\u00e2y ch\u00ednh l\u00e0 n\u01a1i ho\u00e0n h\u1ea3o \u0111\u1ec3 k\u1ebft n\u1ed1i v\u00e0 t\u1eadn h\u01b0\u1edfng nh\u1eefng kho\u1ea3nh kh\u1eafc sum v\u1ea7y.<\/p>\n<p>C\u1ea3m nh\u1eadn n\u00e9t thanh l\u1ecbch v\u00e0 quy\u1ebfn r\u0169 v\u01b0\u1ee3t th\u1eddi gian c\u1ee7a nh\u1eefng ng\u00f4i nh\u00e0 mang \u0111\u1eadm phong c\u00e1ch Ph\u00e1p qua thi\u1ebft k\u1ebf n\u1ed9i th\u1ea5t tinh t\u1ebf, b\u01b0\u1edbc v\u00e0o ph\u00f2ng t\u1eafm hi\u1ec7n \u0111\u1ea1i v\u1edbi khu v\u1ef1c v\u00f2i sen t\u00e1ch bi\u1ec7t, b\u1ed3n t\u1eafm th\u01b0 gi\u00e3n v\u00e0 nh\u00e0 v\u1ec7 sinh ri\u00eang ti\u1ec7n l\u1ee3i. Th\u1ecfa th\u00edch gi\u1ea3i tr\u00ed v\u1edbi TV th\u00f4ng minh 43inch, WiFi t\u1ed1c \u0111\u1ed9 cao mi\u1ec5n ph\u00ed cho m\u1ecdi th\u00e0nh vi\u00ean. H\u1ec7 th\u1ed1ng \u0111i\u1ec1u h\u00f2a hai chi\u1ec1u gi\u00fap b\u1ea1n t\u1eadn h\u01b0\u1edfng nhi\u1ec7t \u0111\u1ed9 d\u1ec5 ch\u1ecbu quanh n\u0103m.<\/p>\n<p>Th\u1ee9c d\u1eady c\u00f9ng t\u1ea7m nh\u00ecn c\u00f4ng vi\u00ean ho\u1eb7c khu v\u01b0\u1eddn xanh m\u00e1t, \u0111\u1ec3 khung c\u1ea3nh thanh b\u00ecnh c\u1ee7a \u0110\u00e0 L\u1ea1t t\u1ea1o n\u00ean kh\u1edfi \u0111\u1ea7u cho m\u1ed9t ng\u00e0y tr\u1ecdn v\u1eb9n. N\u1ed9i th\u1ea5t \u0111\u01b0\u1ee3c l\u1ea5y c\u1ea3m h\u1ee9ng t\u1eeb n\u00e9t duy\u00ean d\u00e1ng \u0111\u1ecba ph\u01b0\u01a1ng, t\u1ea1o n\u00ean m\u1ed9t \u0111\u1ecba \u0111i\u1ec3m ngh\u1ec9 d\u01b0\u1ee1ng \u0111\u00e1ng nh\u1edb cho gia \u0111\u00ecnh b\u1ea1n.<\/p>\n","protected":false},"excerpt":{"rendered":"<p>B\u01b0\u1edbc v\u00e0o kh\u00f4ng gian tho\u1ea3i m\u00e1i tuy\u1ec7t \u0111\u1ed1i d\u00e0nh cho gia \u0111\u00ecnh v\u1edbi ph\u00f2ng Ph\u00f2ng Family Deluxe r\u1ed9ng 50m\u00b2, \u0111\u01b0\u1ee3c b\u1ed1 tr\u00ed thu\u1eadn ti\u1ec7n g\u1ea7n khu vui ch\u01a1i tr\u1ebb em. C\u0103n ph\u00f2ng \u0111\u01b0\u1ee3c thi\u1ebft k\u1ebf \u0111\u1ec3 ch\u00e0o \u0111\u00f3n t\u1eebng th\u00e0nh vi\u00ean trong gia \u0111\u00ecnh b\u1ea1n. V\u1edbi gi\u01b0\u1eddng king r\u1ed9ng r\u00e3i cho b\u1ed1 m\u1eb9, gi\u01b0\u1eddng t\u1ea7ng [&hellip;]<\/p>\n","protected":false},"author":30,"featured_media":26,"parent":249,"menu_order":4,"comment_status":"closed","ping_status":"closed","template":"template-room.php","meta":{"footnotes":""},"categories":[35],"class_list":["post-253","page","type-page","status-publish","has-post-thumbnail","hentry","category-phong-nghi"],"acf":[],"yoast_head":"<!-- This site is optimized with the Yoast SEO plugin v26.9 - https:\/\/yoast.com\/product\/yoast-seo-wordpress\/ -->\n<title>Ph\u00f2ng Family Deluxe | Kh\u00f4ng Gian R\u1ed9ng R\u00e3i Cho C\u1ea3 Gia \u0110\u00ecnh<\/title>\n<meta name=\"description\" content=\"Ph\u00f2ng Family Deluxe r\u1ed9ng 50m\u00b2 \u0111\u01b0\u1ee3c trang b\u1ecb gi\u01b0\u1eddng king, gi\u01b0\u1eddng t\u1ea7ng v\u00e0 khu v\u1ef1c ti\u1ebfp kh\u00e1ch \u2013 l\u1ef1a ch\u1ecdn ho\u00e0n h\u1ea3o cho du l\u1ecbch c\u00f9ng gia \u0111\u00ecnh.\" \/>\n<meta name=\"robots\" content=\"index, follow, max-snippet:-1, max-image-preview:large, max-video-preview:-1\" \/>\n<link rel=\"canonical\" href=\"https:\/\/www.grandmercuredalat.com\/vi\/rooms-suites\/family-deluxe\/\" \/>\n<meta property=\"og:locale\" content=\"vi_VN\" \/>\n<meta property=\"og:type\" content=\"article\" \/>\n<meta property=\"og:title\" content=\"Ph\u00f2ng Family Deluxe | Kh\u00f4ng Gian R\u1ed9ng R\u00e3i Cho C\u1ea3 Gia \u0110\u00ecnh\" \/>\n<meta property=\"og:description\" content=\"Ph\u00f2ng Family Deluxe r\u1ed9ng 50m\u00b2 \u0111\u01b0\u1ee3c trang b\u1ecb gi\u01b0\u1eddng king, gi\u01b0\u1eddng t\u1ea7ng v\u00e0 khu v\u1ef1c ti\u1ebfp kh\u00e1ch \u2013 l\u1ef1a ch\u1ecdn ho\u00e0n h\u1ea3o cho du l\u1ecbch c\u00f9ng gia \u0111\u00ecnh.\" \/>\n<meta property=\"og:url\" content=\"https:\/\/www.grandmercuredalat.com\/vi\/rooms-suites\/family-deluxe\/\" \/>\n<meta property=\"og:site_name\" content=\"Grand Mercure Dalat Resort\" \/>\n<meta property=\"article:modified_time\" content=\"2026-01-23T10:00:56+00:00\" \/>\n<meta property=\"og:image\" content=\"https:\/\/www.grandmercuredalat.com\/wp-content\/uploads\/sites\/4\/2025\/09\/FAMILY_DELUXE_3.jpg\" \/>\n\t<meta property=\"og:image:width\" content=\"1800\" \/>\n\t<meta property=\"og:image:height\" content=\"1200\" \/>\n\t<meta property=\"og:image:type\" content=\"image\/jpeg\" \/>\n<meta name=\"twitter:card\" content=\"summary_large_image\" \/>\n<meta name=\"twitter:label1\" content=\"Est. reading time\" \/>\n\t<meta name=\"twitter:data1\" content=\"2 minutes\" \/>\n<script type=\"application\/ld+json\" class=\"yoast-schema-graph\">{\"@context\":\"https:\/\/schema.org\",\"@graph\":[{\"@type\":\"WebPage\",\"@id\":\"https:\/\/www.grandmercuredalat.com\/vi\/rooms-suites\/family-deluxe\/\",\"url\":\"https:\/\/www.grandmercuredalat.com\/vi\/rooms-suites\/family-deluxe\/\",\"name\":\"Ph\u00f2ng Family Deluxe | Kh\u00f4ng Gian R\u1ed9ng R\u00e3i Cho C\u1ea3 Gia \u0110\u00ecnh\",\"isPartOf\":{\"@id\":\"https:\/\/www.grandmercuredalat.com\/#website\"},\"primaryImageOfPage\":{\"@id\":\"https:\/\/www.grandmercuredalat.com\/vi\/rooms-suites\/family-deluxe\/#primaryimage\"},\"image\":{\"@id\":\"https:\/\/www.grandmercuredalat.com\/vi\/rooms-suites\/family-deluxe\/#primaryimage\"},\"thumbnailUrl\":\"https:\/\/www.grandmercuredalat.com\/wp-content\/uploads\/sites\/4\/2025\/09\/FAMILY_DELUXE_3.jpg\",\"datePublished\":\"2025-09-30T07:09:00+00:00\",\"dateModified\":\"2026-01-23T10:00:56+00:00\",\"description\":\"Ph\u00f2ng Family Deluxe r\u1ed9ng 50m\u00b2 \u0111\u01b0\u1ee3c trang b\u1ecb gi\u01b0\u1eddng king, gi\u01b0\u1eddng t\u1ea7ng v\u00e0 khu v\u1ef1c ti\u1ebfp kh\u00e1ch \u2013 l\u1ef1a ch\u1ecdn ho\u00e0n h\u1ea3o cho du l\u1ecbch c\u00f9ng gia \u0111\u00ecnh.\",\"breadcrumb\":{\"@id\":\"https:\/\/www.grandmercuredalat.com\/vi\/rooms-suites\/family-deluxe\/#breadcrumb\"},\"inLanguage\":\"vi-VN\",\"potentialAction\":[{\"@type\":\"ReadAction\",\"target\":[\"https:\/\/www.grandmercuredalat.com\/vi\/rooms-suites\/family-deluxe\/\"]}]},{\"@type\":\"ImageObject\",\"inLanguage\":\"vi-VN\",\"@id\":\"https:\/\/www.grandmercuredalat.com\/vi\/rooms-suites\/family-deluxe\/#primaryimage\",\"url\":\"https:\/\/www.grandmercuredalat.com\/wp-content\/uploads\/sites\/4\/2025\/09\/FAMILY_DELUXE_3.jpg\",\"contentUrl\":\"https:\/\/www.grandmercuredalat.com\/wp-content\/uploads\/sites\/4\/2025\/09\/FAMILY_DELUXE_3.jpg\",\"width\":1800,\"height\":1200,\"caption\":\"Family Deluxe Room\"},{\"@type\":\"BreadcrumbList\",\"@id\":\"https:\/\/www.grandmercuredalat.com\/vi\/rooms-suites\/family-deluxe\/#breadcrumb\",\"itemListElement\":[{\"@type\":\"ListItem\",\"position\":1,\"name\":\"Home\",\"item\":\"https:\/\/www.grandmercuredalat.com\/vi\/\"},{\"@type\":\"ListItem\",\"position\":2,\"name\":\"Ph\u00f2ng Ngh\u1ec9 &amp; Suites\",\"item\":\"https:\/\/www.grandmercuredalat.com\/vi\/rooms-suites\/\"},{\"@type\":\"ListItem\",\"position\":3,\"name\":\"Ph\u00f2ng Family Deluxe\"}]},{\"@type\":\"WebSite\",\"@id\":\"https:\/\/www.grandmercuredalat.com\/#website\",\"url\":\"https:\/\/www.grandmercuredalat.com\/\",\"name\":\"Grand Mercure Dalat Resort\",\"description\":\"\",\"publisher\":{\"@id\":\"https:\/\/www.grandmercuredalat.com\/#organization\"},\"potentialAction\":[{\"@type\":\"SearchAction\",\"target\":{\"@type\":\"EntryPoint\",\"urlTemplate\":\"https:\/\/www.grandmercuredalat.com\/?s={search_term_string}\"},\"query-input\":{\"@type\":\"PropertyValueSpecification\",\"valueRequired\":true,\"valueName\":\"search_term_string\"}}],\"inLanguage\":\"vi-VN\"},{\"@type\":\"Organization\",\"@id\":\"https:\/\/www.grandmercuredalat.com\/#organization\",\"name\":\"Grand Mercure Dalat Resort\",\"url\":\"https:\/\/www.grandmercuredalat.com\/\",\"logo\":{\"@type\":\"ImageObject\",\"inLanguage\":\"vi-VN\",\"@id\":\"https:\/\/www.grandmercuredalat.com\/#\/schema\/logo\/image\/\",\"url\":\"https:\/\/www.grandmercuredalat.com\/wp-content\/uploads\/sites\/4\/2025\/10\/Pool-26.jpg\",\"contentUrl\":\"https:\/\/www.grandmercuredalat.com\/wp-content\/uploads\/sites\/4\/2025\/10\/Pool-26.jpg\",\"width\":1800,\"height\":1200,\"caption\":\"Grand Mercure Dalat Resort\"},\"image\":{\"@id\":\"https:\/\/www.grandmercuredalat.com\/#\/schema\/logo\/image\/\"}}]}<\/script>\n<!-- \/ Yoast SEO plugin. -->","yoast_head_json":{"title":"Ph\u00f2ng Family Deluxe | Kh\u00f4ng Gian R\u1ed9ng R\u00e3i Cho C\u1ea3 Gia \u0110\u00ecnh","description":"Ph\u00f2ng Family Deluxe r\u1ed9ng 50m\u00b2 \u0111\u01b0\u1ee3c trang b\u1ecb gi\u01b0\u1eddng king, gi\u01b0\u1eddng t\u1ea7ng v\u00e0 khu v\u1ef1c ti\u1ebfp kh\u00e1ch \u2013 l\u1ef1a ch\u1ecdn ho\u00e0n h\u1ea3o cho du l\u1ecbch c\u00f9ng gia \u0111\u00ecnh.","robots":{"index":"index","follow":"follow","max-snippet":"max-snippet:-1","max-image-preview":"max-image-preview:large","max-video-preview":"max-video-preview:-1"},"canonical":"https:\/\/www.grandmercuredalat.com\/vi\/rooms-suites\/family-deluxe\/","og_locale":"vi_VN","og_type":"article","og_title":"Ph\u00f2ng Family Deluxe | Kh\u00f4ng Gian R\u1ed9ng R\u00e3i Cho C\u1ea3 Gia \u0110\u00ecnh","og_description":"Ph\u00f2ng Family Deluxe r\u1ed9ng 50m\u00b2 \u0111\u01b0\u1ee3c trang b\u1ecb gi\u01b0\u1eddng king, gi\u01b0\u1eddng t\u1ea7ng v\u00e0 khu v\u1ef1c ti\u1ebfp kh\u00e1ch \u2013 l\u1ef1a ch\u1ecdn ho\u00e0n h\u1ea3o cho du l\u1ecbch c\u00f9ng gia \u0111\u00ecnh.","og_url":"https:\/\/www.grandmercuredalat.com\/vi\/rooms-suites\/family-deluxe\/","og_site_name":"Grand Mercure Dalat Resort","article_modified_time":"2026-01-23T10:00:56+00:00","og_image":[{"width":1800,"height":1200,"url":"https:\/\/www.grandmercuredalat.com\/wp-content\/uploads\/sites\/4\/2025\/09\/FAMILY_DELUXE_3.jpg","type":"image\/jpeg"}],"twitter_card":"summary_large_image","twitter_misc":{"Est. reading time":"2 minutes"},"schema":{"@context":"https:\/\/schema.org","@graph":[{"@type":"WebPage","@id":"https:\/\/www.grandmercuredalat.com\/vi\/rooms-suites\/family-deluxe\/","url":"https:\/\/www.grandmercuredalat.com\/vi\/rooms-suites\/family-deluxe\/","name":"Ph\u00f2ng Family Deluxe | Kh\u00f4ng Gian R\u1ed9ng R\u00e3i Cho C\u1ea3 Gia \u0110\u00ecnh","isPartOf":{"@id":"https:\/\/www.grandmercuredalat.com\/#website"},"primaryImageOfPage":{"@id":"https:\/\/www.grandmercuredalat.com\/vi\/rooms-suites\/family-deluxe\/#primaryimage"},"image":{"@id":"https:\/\/www.grandmercuredalat.com\/vi\/rooms-suites\/family-deluxe\/#primaryimage"},"thumbnailUrl":"https:\/\/www.grandmercuredalat.com\/wp-content\/uploads\/sites\/4\/2025\/09\/FAMILY_DELUXE_3.jpg","datePublished":"2025-09-30T07:09:00+00:00","dateModified":"2026-01-23T10:00:56+00:00","description":"Ph\u00f2ng Family Deluxe r\u1ed9ng 50m\u00b2 \u0111\u01b0\u1ee3c trang b\u1ecb gi\u01b0\u1eddng king, gi\u01b0\u1eddng t\u1ea7ng v\u00e0 khu v\u1ef1c ti\u1ebfp kh\u00e1ch \u2013 l\u1ef1a ch\u1ecdn ho\u00e0n h\u1ea3o cho du l\u1ecbch c\u00f9ng gia \u0111\u00ecnh.","breadcrumb":{"@id":"https:\/\/www.grandmercuredalat.com\/vi\/rooms-suites\/family-deluxe\/#breadcrumb"},"inLanguage":"vi-VN","potentialAction":[{"@type":"ReadAction","target":["https:\/\/www.grandmercuredalat.com\/vi\/rooms-suites\/family-deluxe\/"]}]},{"@type":"ImageObject","inLanguage":"vi-VN","@id":"https:\/\/www.grandmercuredalat.com\/vi\/rooms-suites\/family-deluxe\/#primaryimage","url":"https:\/\/www.grandmercuredalat.com\/wp-content\/uploads\/sites\/4\/2025\/09\/FAMILY_DELUXE_3.jpg","contentUrl":"https:\/\/www.grandmercuredalat.com\/wp-content\/uploads\/sites\/4\/2025\/09\/FAMILY_DELUXE_3.jpg","width":1800,"height":1200,"caption":"Family Deluxe Room"},{"@type":"BreadcrumbList","@id":"https:\/\/www.grandmercuredalat.com\/vi\/rooms-suites\/family-deluxe\/#breadcrumb","itemListElement":[{"@type":"ListItem","position":1,"name":"Home","item":"https:\/\/www.grandmercuredalat.com\/vi\/"},{"@type":"ListItem","position":2,"name":"Ph\u00f2ng Ngh\u1ec9 &amp; Suites","item":"https:\/\/www.grandmercuredalat.com\/vi\/rooms-suites\/"},{"@type":"ListItem","position":3,"name":"Ph\u00f2ng Family Deluxe"}]},{"@type":"WebSite","@id":"https:\/\/www.grandmercuredalat.com\/#website","url":"https:\/\/www.grandmercuredalat.com\/","name":"Grand Mercure Dalat Resort","description":"","publisher":{"@id":"https:\/\/www.grandmercuredalat.com\/#organization"},"potentialAction":[{"@type":"SearchAction","target":{"@type":"EntryPoint","urlTemplate":"https:\/\/www.grandmercuredalat.com\/?s={search_term_string}"},"query-input":{"@type":"PropertyValueSpecification","valueRequired":true,"valueName":"search_term_string"}}],"inLanguage":"vi-VN"},{"@type":"Organization","@id":"https:\/\/www.grandmercuredalat.com\/#organization","name":"Grand Mercure Dalat Resort","url":"https:\/\/www.grandmercuredalat.com\/","logo":{"@type":"ImageObject","inLanguage":"vi-VN","@id":"https:\/\/www.grandmercuredalat.com\/#\/schema\/logo\/image\/","url":"https:\/\/www.grandmercuredalat.com\/wp-content\/uploads\/sites\/4\/2025\/10\/Pool-26.jpg","contentUrl":"https:\/\/www.grandmercuredalat.com\/wp-content\/uploads\/sites\/4\/2025\/10\/Pool-26.jpg","width":1800,"height":1200,"caption":"Grand Mercure Dalat Resort"},"image":{"@id":"https:\/\/www.grandmercuredalat.com\/#\/schema\/logo\/image\/"}}]}},"_links":{"self":[{"href":"https:\/\/www.grandmercuredalat.com\/vi\/wp-json\/wp\/v2\/pages\/253","targetHints":{"allow":["GET"]}}],"collection":[{"href":"https:\/\/www.grandmercuredalat.com\/vi\/wp-json\/wp\/v2\/pages"}],"about":[{"href":"https:\/\/www.grandmercuredalat.com\/vi\/wp-json\/wp\/v2\/types\/page"}],"author":[{"embeddable":true,"href":"https:\/\/www.grandmercuredalat.com\/vi\/wp-json\/wp\/v2\/users\/30"}],"replies":[{"embeddable":true,"href":"https:\/\/www.grandmercuredalat.com\/vi\/wp-json\/wp\/v2\/comments?post=253"}],"version-history":[{"count":0,"href":"https:\/\/www.grandmercuredalat.com\/vi\/wp-json\/wp\/v2\/pages\/253\/revisions"}],"up":[{"embeddable":true,"href":"https:\/\/www.grandmercuredalat.com\/vi\/wp-json\/wp\/v2\/pages\/249"}],"wp:featuredmedia":[{"embeddable":true,"href":"https:\/\/www.grandmercuredalat.com\/vi\/wp-json\/wp\/v2\/media\/26"}],"wp:attachment":[{"href":"https:\/\/www.grandmercuredalat.com\/vi\/wp-json\/wp\/v2\/media?parent=253"}],"wp:term":[{"taxonomy":"category","embeddable":true,"href":"https:\/\/www.grandmercuredalat.com\/vi\/wp-json\/wp\/v2\/categories?post=253"}],"curies":[{"name":"wp","href":"https:\/\/api.w.org\/{rel}","templated":true}]}}