{"id":252,"date":"2025-09-30T07:06:29","date_gmt":"2025-09-30T07:06:29","guid":{"rendered":"https:\/\/grandmercuredalatresort.accorv2prod2.decms.eu\/rooms-suites\/deluxe-hollywood\/"},"modified":"2026-01-23T09:59:42","modified_gmt":"2026-01-23T09:59:42","slug":"deluxe-hollywood","status":"publish","type":"page","link":"https:\/\/www.grandmercuredalat.com\/vi\/rooms-suites\/deluxe-hollywood\/","title":{"rendered":"Ph\u00f2ng Deluxe Hollywood"},"content":{"rendered":"<p>Kh\u00e1m ph\u00e1 n\u00e9t thanh l\u1ecbch \u0111\u1eadm ch\u1ea5t Ph\u00e1p t\u1ea1i <strong>ph\u00f2ng Deluxe Hollywood<\/strong> r\u1ed9ng 35m\u00b2, n\u01a1i s\u1ef1 tho\u1ea3i m\u00e1i giao h\u00f2a c\u00f9ng v\u1ebb tinh t\u1ebf. Hai gi\u01b0\u1eddng \u0111\u01a1n r\u1ed9ng r\u00e3i c\u00f9ng khu v\u01b0\u1eddn y\u00ean t\u0129nh trong khu\u00f4n vi\u00ean khu ngh\u1ec9 mang \u0111\u1ebfn nh\u1eefng gi\u1ea5c ng\u1ee7 tuy\u1ec7t v\u1eddi nh\u1ea5t.<\/p>\n<p>L\u00e0 l\u1ef1a ch\u1ecdn l\u01b0u tr\u00fa ho\u00e0n h\u1ea3o cho b\u1ea1n b\u00e8 ho\u1eb7c \u0111\u1ed3ng nghi\u1ec7p, kh\u00f4ng gian ph\u00f2ng ngh\u1ec9 \u0111\u01b0\u1ee3c ch\u0103m ch\u00fat t\u1ec9 m\u1ec9 v\u1edbi ph\u00f2ng t\u1eafm thi\u1ebft k\u1ebf ti\u1ec7n nghi c\u00f9ng c\u00e1c trang thi\u1ebft b\u1ecb hi\u1ec7n \u0111\u1ea1i nh\u01b0 tivi th\u00f4ng minh, WiFi t\u1ed1c \u0111\u1ed9 cao mi\u1ec5n ph\u00ed v\u00e0 h\u1ec7 th\u1ed1ng \u0111i\u1ec1u h\u00f2a hai chi\u1ec1u gi\u00fap b\u1ea1n t\u1eadn h\u01b0\u1edfng s\u1ef1 d\u1ec5 ch\u1ecbu quanh n\u0103m.<\/p>\n<p>H\u00f2a m\u00ecnh v\u00e0o n\u00e9t quy\u1ebfn r\u0169 \u0111\u1eb7c tr\u01b0ng c\u1ee7a \u0110\u00e0 L\u1ea1t qua phong c\u00e1ch trang tr\u00ed l\u1ea5y c\u1ea3m h\u1ee9ng \u0111\u1ecba ph\u01b0\u01a1ng, khung c\u1ea3nh v\u01b0\u1eddn t\u0129nh l\u1eb7ng v\u00e0 b\u1ea7u kh\u00f4ng kh\u00ed trong l\u00e0nh c\u1ee7a cao nguy\u00ean \u2013 t\u1ea5t c\u1ea3 t\u1ea1o n\u00ean m\u1ed9t k\u1ef3 ngh\u1ec9 th\u1eadt \u0111\u1eb7c bi\u1ec7t.<\/p>\n","protected":false},"excerpt":{"rendered":"<p>Kh\u00e1m ph\u00e1 n\u00e9t thanh l\u1ecbch \u0111\u1eadm ch\u1ea5t Ph\u00e1p t\u1ea1i ph\u00f2ng Deluxe Hollywood r\u1ed9ng 35m\u00b2, n\u01a1i s\u1ef1 tho\u1ea3i m\u00e1i giao h\u00f2a c\u00f9ng v\u1ebb tinh t\u1ebf. Hai gi\u01b0\u1eddng \u0111\u01a1n r\u1ed9ng r\u00e3i c\u00f9ng khu v\u01b0\u1eddn y\u00ean t\u0129nh trong khu\u00f4n vi\u00ean khu ngh\u1ec9 mang \u0111\u1ebfn nh\u1eefng gi\u1ea5c ng\u1ee7 tuy\u1ec7t v\u1eddi nh\u1ea5t. L\u00e0 l\u1ef1a ch\u1ecdn l\u01b0u tr\u00fa ho\u00e0n h\u1ea3o cho [&hellip;]<\/p>\n","protected":false},"author":30,"featured_media":552,"parent":249,"menu_order":3,"comment_status":"closed","ping_status":"closed","template":"template-room.php","meta":{"footnotes":""},"categories":[35],"class_list":["post-252","page","type-page","status-publish","has-post-thumbnail","hentry","category-phong-nghi"],"acf":[],"yoast_head":"<!-- This site is optimized with the Yoast SEO plugin v26.9 - https:\/\/yoast.com\/product\/yoast-seo-wordpress\/ -->\n<title>Ph\u00f2ng Deluxe Hollywood | Sang Tr\u1ecdng \u0110\u1ea7y Quy\u1ebfn R\u0169 t\u1ea1i \u0110\u00e0 L\u1ea1t<\/title>\n<meta name=\"description\" content=\"Ph\u00f2ng Deluxe Hollywood mang \u0111\u1ebfn s\u1ef1 h\u00f2a quy\u1ec7n gi\u1eefa n\u00e9t c\u1ed5 \u0111i\u1ec3n thanh l\u1ecbch v\u00e0 ti\u1ec7n nghi hi\u1ec7n \u0111\u1ea1i cho m\u1ed9t k\u1ef3 ngh\u1ec9 l\u00e3ng m\u1ea1n t\u1ea1i \u0110\u00e0 L\u1ea1t.\" \/>\n<meta name=\"robots\" content=\"index, follow, max-snippet:-1, max-image-preview:large, max-video-preview:-1\" \/>\n<link rel=\"canonical\" href=\"https:\/\/www.grandmercuredalat.com\/vi\/rooms-suites\/deluxe-hollywood\/\" \/>\n<meta property=\"og:locale\" content=\"vi_VN\" \/>\n<meta property=\"og:type\" content=\"article\" \/>\n<meta property=\"og:title\" content=\"Ph\u00f2ng Deluxe Hollywood | Sang Tr\u1ecdng \u0110\u1ea7y Quy\u1ebfn R\u0169 t\u1ea1i \u0110\u00e0 L\u1ea1t\" \/>\n<meta property=\"og:description\" content=\"Ph\u00f2ng Deluxe Hollywood mang \u0111\u1ebfn s\u1ef1 h\u00f2a quy\u1ec7n gi\u1eefa n\u00e9t c\u1ed5 \u0111i\u1ec3n thanh l\u1ecbch v\u00e0 ti\u1ec7n nghi hi\u1ec7n \u0111\u1ea1i cho m\u1ed9t k\u1ef3 ngh\u1ec9 l\u00e3ng m\u1ea1n t\u1ea1i \u0110\u00e0 L\u1ea1t.\" \/>\n<meta property=\"og:url\" content=\"https:\/\/www.grandmercuredalat.com\/vi\/rooms-suites\/deluxe-hollywood\/\" \/>\n<meta property=\"og:site_name\" content=\"Grand Mercure Dalat Resort\" \/>\n<meta property=\"article:modified_time\" content=\"2026-01-23T09:59:42+00:00\" \/>\n<meta property=\"og:image\" content=\"https:\/\/www.grandmercuredalat.com\/wp-content\/uploads\/sites\/4\/2025\/11\/Deluxe-Twin-2.jpg\" \/>\n\t<meta property=\"og:image:width\" content=\"1300\" \/>\n\t<meta property=\"og:image:height\" content=\"867\" \/>\n\t<meta property=\"og:image:type\" content=\"image\/jpeg\" \/>\n<meta name=\"twitter:card\" content=\"summary_large_image\" \/>\n<meta name=\"twitter:label1\" content=\"Est. reading time\" \/>\n\t<meta name=\"twitter:data1\" content=\"1 minute\" \/>\n<script type=\"application\/ld+json\" class=\"yoast-schema-graph\">{\"@context\":\"https:\/\/schema.org\",\"@graph\":[{\"@type\":\"WebPage\",\"@id\":\"https:\/\/www.grandmercuredalat.com\/vi\/rooms-suites\/deluxe-hollywood\/\",\"url\":\"https:\/\/www.grandmercuredalat.com\/vi\/rooms-suites\/deluxe-hollywood\/\",\"name\":\"Ph\u00f2ng Deluxe Hollywood | Sang Tr\u1ecdng \u0110\u1ea7y Quy\u1ebfn R\u0169 t\u1ea1i \u0110\u00e0 L\u1ea1t\",\"isPartOf\":{\"@id\":\"https:\/\/www.grandmercuredalat.com\/#website\"},\"primaryImageOfPage\":{\"@id\":\"https:\/\/www.grandmercuredalat.com\/vi\/rooms-suites\/deluxe-hollywood\/#primaryimage\"},\"image\":{\"@id\":\"https:\/\/www.grandmercuredalat.com\/vi\/rooms-suites\/deluxe-hollywood\/#primaryimage\"},\"thumbnailUrl\":\"https:\/\/www.grandmercuredalat.com\/wp-content\/uploads\/sites\/4\/2025\/11\/Deluxe-Twin-2.jpg\",\"datePublished\":\"2025-09-30T07:06:29+00:00\",\"dateModified\":\"2026-01-23T09:59:42+00:00\",\"description\":\"Ph\u00f2ng Deluxe Hollywood mang \u0111\u1ebfn s\u1ef1 h\u00f2a quy\u1ec7n gi\u1eefa n\u00e9t c\u1ed5 \u0111i\u1ec3n thanh l\u1ecbch v\u00e0 ti\u1ec7n nghi hi\u1ec7n \u0111\u1ea1i cho m\u1ed9t k\u1ef3 ngh\u1ec9 l\u00e3ng m\u1ea1n t\u1ea1i \u0110\u00e0 L\u1ea1t.\",\"breadcrumb\":{\"@id\":\"https:\/\/www.grandmercuredalat.com\/vi\/rooms-suites\/deluxe-hollywood\/#breadcrumb\"},\"inLanguage\":\"vi-VN\",\"potentialAction\":[{\"@type\":\"ReadAction\",\"target\":[\"https:\/\/www.grandmercuredalat.com\/vi\/rooms-suites\/deluxe-hollywood\/\"]}]},{\"@type\":\"ImageObject\",\"inLanguage\":\"vi-VN\",\"@id\":\"https:\/\/www.grandmercuredalat.com\/vi\/rooms-suites\/deluxe-hollywood\/#primaryimage\",\"url\":\"https:\/\/www.grandmercuredalat.com\/wp-content\/uploads\/sites\/4\/2025\/11\/Deluxe-Twin-2.jpg\",\"contentUrl\":\"https:\/\/www.grandmercuredalat.com\/wp-content\/uploads\/sites\/4\/2025\/11\/Deluxe-Twin-2.jpg\",\"width\":1300,\"height\":867,\"caption\":\"HyperFocal: 0\"},{\"@type\":\"BreadcrumbList\",\"@id\":\"https:\/\/www.grandmercuredalat.com\/vi\/rooms-suites\/deluxe-hollywood\/#breadcrumb\",\"itemListElement\":[{\"@type\":\"ListItem\",\"position\":1,\"name\":\"Home\",\"item\":\"https:\/\/www.grandmercuredalat.com\/vi\/\"},{\"@type\":\"ListItem\",\"position\":2,\"name\":\"Ph\u00f2ng Ngh\u1ec9 &amp; Suites\",\"item\":\"https:\/\/www.grandmercuredalat.com\/vi\/rooms-suites\/\"},{\"@type\":\"ListItem\",\"position\":3,\"name\":\"Ph\u00f2ng Deluxe Hollywood\"}]},{\"@type\":\"WebSite\",\"@id\":\"https:\/\/www.grandmercuredalat.com\/#website\",\"url\":\"https:\/\/www.grandmercuredalat.com\/\",\"name\":\"Grand Mercure Dalat Resort\",\"description\":\"\",\"publisher\":{\"@id\":\"https:\/\/www.grandmercuredalat.com\/#organization\"},\"potentialAction\":[{\"@type\":\"SearchAction\",\"target\":{\"@type\":\"EntryPoint\",\"urlTemplate\":\"https:\/\/www.grandmercuredalat.com\/?s={search_term_string}\"},\"query-input\":{\"@type\":\"PropertyValueSpecification\",\"valueRequired\":true,\"valueName\":\"search_term_string\"}}],\"inLanguage\":\"vi-VN\"},{\"@type\":\"Organization\",\"@id\":\"https:\/\/www.grandmercuredalat.com\/#organization\",\"name\":\"Grand Mercure Dalat Resort\",\"url\":\"https:\/\/www.grandmercuredalat.com\/\",\"logo\":{\"@type\":\"ImageObject\",\"inLanguage\":\"vi-VN\",\"@id\":\"https:\/\/www.grandmercuredalat.com\/#\/schema\/logo\/image\/\",\"url\":\"https:\/\/www.grandmercuredalat.com\/wp-content\/uploads\/sites\/4\/2025\/10\/Pool-26.jpg\",\"contentUrl\":\"https:\/\/www.grandmercuredalat.com\/wp-content\/uploads\/sites\/4\/2025\/10\/Pool-26.jpg\",\"width\":1800,\"height\":1200,\"caption\":\"Grand Mercure Dalat Resort\"},\"image\":{\"@id\":\"https:\/\/www.grandmercuredalat.com\/#\/schema\/logo\/image\/\"}}]}<\/script>\n<!-- \/ Yoast SEO plugin. -->","yoast_head_json":{"title":"Ph\u00f2ng Deluxe Hollywood | Sang Tr\u1ecdng \u0110\u1ea7y Quy\u1ebfn R\u0169 t\u1ea1i \u0110\u00e0 L\u1ea1t","description":"Ph\u00f2ng Deluxe Hollywood mang \u0111\u1ebfn s\u1ef1 h\u00f2a quy\u1ec7n gi\u1eefa n\u00e9t c\u1ed5 \u0111i\u1ec3n thanh l\u1ecbch v\u00e0 ti\u1ec7n nghi hi\u1ec7n \u0111\u1ea1i cho m\u1ed9t k\u1ef3 ngh\u1ec9 l\u00e3ng m\u1ea1n t\u1ea1i \u0110\u00e0 L\u1ea1t.","robots":{"index":"index","follow":"follow","max-snippet":"max-snippet:-1","max-image-preview":"max-image-preview:large","max-video-preview":"max-video-preview:-1"},"canonical":"https:\/\/www.grandmercuredalat.com\/vi\/rooms-suites\/deluxe-hollywood\/","og_locale":"vi_VN","og_type":"article","og_title":"Ph\u00f2ng Deluxe Hollywood | Sang Tr\u1ecdng \u0110\u1ea7y Quy\u1ebfn R\u0169 t\u1ea1i \u0110\u00e0 L\u1ea1t","og_description":"Ph\u00f2ng Deluxe Hollywood mang \u0111\u1ebfn s\u1ef1 h\u00f2a quy\u1ec7n gi\u1eefa n\u00e9t c\u1ed5 \u0111i\u1ec3n thanh l\u1ecbch v\u00e0 ti\u1ec7n nghi hi\u1ec7n \u0111\u1ea1i cho m\u1ed9t k\u1ef3 ngh\u1ec9 l\u00e3ng m\u1ea1n t\u1ea1i \u0110\u00e0 L\u1ea1t.","og_url":"https:\/\/www.grandmercuredalat.com\/vi\/rooms-suites\/deluxe-hollywood\/","og_site_name":"Grand Mercure Dalat Resort","article_modified_time":"2026-01-23T09:59:42+00:00","og_image":[{"width":1300,"height":867,"url":"https:\/\/www.grandmercuredalat.com\/wp-content\/uploads\/sites\/4\/2025\/11\/Deluxe-Twin-2.jpg","type":"image\/jpeg"}],"twitter_card":"summary_large_image","twitter_misc":{"Est. reading time":"1 minute"},"schema":{"@context":"https:\/\/schema.org","@graph":[{"@type":"WebPage","@id":"https:\/\/www.grandmercuredalat.com\/vi\/rooms-suites\/deluxe-hollywood\/","url":"https:\/\/www.grandmercuredalat.com\/vi\/rooms-suites\/deluxe-hollywood\/","name":"Ph\u00f2ng Deluxe Hollywood | Sang Tr\u1ecdng \u0110\u1ea7y Quy\u1ebfn R\u0169 t\u1ea1i \u0110\u00e0 L\u1ea1t","isPartOf":{"@id":"https:\/\/www.grandmercuredalat.com\/#website"},"primaryImageOfPage":{"@id":"https:\/\/www.grandmercuredalat.com\/vi\/rooms-suites\/deluxe-hollywood\/#primaryimage"},"image":{"@id":"https:\/\/www.grandmercuredalat.com\/vi\/rooms-suites\/deluxe-hollywood\/#primaryimage"},"thumbnailUrl":"https:\/\/www.grandmercuredalat.com\/wp-content\/uploads\/sites\/4\/2025\/11\/Deluxe-Twin-2.jpg","datePublished":"2025-09-30T07:06:29+00:00","dateModified":"2026-01-23T09:59:42+00:00","description":"Ph\u00f2ng Deluxe Hollywood mang \u0111\u1ebfn s\u1ef1 h\u00f2a quy\u1ec7n gi\u1eefa n\u00e9t c\u1ed5 \u0111i\u1ec3n thanh l\u1ecbch v\u00e0 ti\u1ec7n nghi hi\u1ec7n \u0111\u1ea1i cho m\u1ed9t k\u1ef3 ngh\u1ec9 l\u00e3ng m\u1ea1n t\u1ea1i \u0110\u00e0 L\u1ea1t.","breadcrumb":{"@id":"https:\/\/www.grandmercuredalat.com\/vi\/rooms-suites\/deluxe-hollywood\/#breadcrumb"},"inLanguage":"vi-VN","potentialAction":[{"@type":"ReadAction","target":["https:\/\/www.grandmercuredalat.com\/vi\/rooms-suites\/deluxe-hollywood\/"]}]},{"@type":"ImageObject","inLanguage":"vi-VN","@id":"https:\/\/www.grandmercuredalat.com\/vi\/rooms-suites\/deluxe-hollywood\/#primaryimage","url":"https:\/\/www.grandmercuredalat.com\/wp-content\/uploads\/sites\/4\/2025\/11\/Deluxe-Twin-2.jpg","contentUrl":"https:\/\/www.grandmercuredalat.com\/wp-content\/uploads\/sites\/4\/2025\/11\/Deluxe-Twin-2.jpg","width":1300,"height":867,"caption":"HyperFocal: 0"},{"@type":"BreadcrumbList","@id":"https:\/\/www.grandmercuredalat.com\/vi\/rooms-suites\/deluxe-hollywood\/#breadcrumb","itemListElement":[{"@type":"ListItem","position":1,"name":"Home","item":"https:\/\/www.grandmercuredalat.com\/vi\/"},{"@type":"ListItem","position":2,"name":"Ph\u00f2ng Ngh\u1ec9 &amp; Suites","item":"https:\/\/www.grandmercuredalat.com\/vi\/rooms-suites\/"},{"@type":"ListItem","position":3,"name":"Ph\u00f2ng Deluxe Hollywood"}]},{"@type":"WebSite","@id":"https:\/\/www.grandmercuredalat.com\/#website","url":"https:\/\/www.grandmercuredalat.com\/","name":"Grand Mercure Dalat Resort","description":"","publisher":{"@id":"https:\/\/www.grandmercuredalat.com\/#organization"},"potentialAction":[{"@type":"SearchAction","target":{"@type":"EntryPoint","urlTemplate":"https:\/\/www.grandmercuredalat.com\/?s={search_term_string}"},"query-input":{"@type":"PropertyValueSpecification","valueRequired":true,"valueName":"search_term_string"}}],"inLanguage":"vi-VN"},{"@type":"Organization","@id":"https:\/\/www.grandmercuredalat.com\/#organization","name":"Grand Mercure Dalat Resort","url":"https:\/\/www.grandmercuredalat.com\/","logo":{"@type":"ImageObject","inLanguage":"vi-VN","@id":"https:\/\/www.grandmercuredalat.com\/#\/schema\/logo\/image\/","url":"https:\/\/www.grandmercuredalat.com\/wp-content\/uploads\/sites\/4\/2025\/10\/Pool-26.jpg","contentUrl":"https:\/\/www.grandmercuredalat.com\/wp-content\/uploads\/sites\/4\/2025\/10\/Pool-26.jpg","width":1800,"height":1200,"caption":"Grand Mercure Dalat Resort"},"image":{"@id":"https:\/\/www.grandmercuredalat.com\/#\/schema\/logo\/image\/"}}]}},"_links":{"self":[{"href":"https:\/\/www.grandmercuredalat.com\/vi\/wp-json\/wp\/v2\/pages\/252","targetHints":{"allow":["GET"]}}],"collection":[{"href":"https:\/\/www.grandmercuredalat.com\/vi\/wp-json\/wp\/v2\/pages"}],"about":[{"href":"https:\/\/www.grandmercuredalat.com\/vi\/wp-json\/wp\/v2\/types\/page"}],"author":[{"embeddable":true,"href":"https:\/\/www.grandmercuredalat.com\/vi\/wp-json\/wp\/v2\/users\/30"}],"replies":[{"embeddable":true,"href":"https:\/\/www.grandmercuredalat.com\/vi\/wp-json\/wp\/v2\/comments?post=252"}],"version-history":[{"count":0,"href":"https:\/\/www.grandmercuredalat.com\/vi\/wp-json\/wp\/v2\/pages\/252\/revisions"}],"up":[{"embeddable":true,"href":"https:\/\/www.grandmercuredalat.com\/vi\/wp-json\/wp\/v2\/pages\/249"}],"wp:featuredmedia":[{"embeddable":true,"href":"https:\/\/www.grandmercuredalat.com\/vi\/wp-json\/wp\/v2\/media\/552"}],"wp:attachment":[{"href":"https:\/\/www.grandmercuredalat.com\/vi\/wp-json\/wp\/v2\/media?parent=252"}],"wp:term":[{"taxonomy":"category","embeddable":true,"href":"https:\/\/www.grandmercuredalat.com\/vi\/wp-json\/wp\/v2\/categories?post=252"}],"curies":[{"name":"wp","href":"https:\/\/api.w.org\/{rel}","templated":true}]}}