{"id":251,"date":"2025-09-30T06:55:22","date_gmt":"2025-09-30T06:55:22","guid":{"rendered":"https:\/\/grandmercuredalatresort.accorv2prod2.decms.eu\/rooms-suites\/deluxe-twin\/"},"modified":"2026-01-23T09:57:48","modified_gmt":"2026-01-23T09:57:48","slug":"deluxe-twin","status":"publish","type":"page","link":"https:\/\/www.grandmercuredalat.com\/vi\/rooms-suites\/deluxe-twin\/","title":{"rendered":"Ph\u00f2ng Deluxe Twin"},"content":{"rendered":"<p>Tr\u1ea3i nghi\u1ec7m s\u1ef1 tho\u1ea3i m\u00e1i v\u01b0\u1ee3t tr\u1ed9i v\u1edbi n\u00e9t quy\u1ebfn r\u0169 \u0111\u1eadm ch\u1ea5t Ph\u00e1p trong <strong>ph\u00f2ng Deluxe Twin<\/strong> r\u1ed9ng 35m\u00b2, \u0111\u01b0\u1ee3c thi\u1ebft k\u1ebf \u0111\u1ec3 \u0111\u00e1p \u1ee9ng m\u1ecdi nhu c\u1ea7u c\u1ee7a b\u1ea1n. V\u1edbi hai gi\u01b0\u1eddng \u0111\u01a1n v\u00e0 t\u1ea7m nh\u00ecn khu v\u01b0\u1eddn xanh m\u01b0\u1edbt, \u0111\u00e2y l\u00e0 l\u1ef1a ch\u1ecdn l\u00fd t\u01b0\u1edfng \u0111\u1ec3 chia s\u1ebb c\u00f9ng b\u1ea1n b\u00e8, \u0111\u1ed3ng nghi\u1ec7p ho\u1eb7c ng\u01b0\u1eddi th\u00e2n.<\/p>\n<p>Th\u01b0 gi\u00e3n v\u1edbi ph\u00f2ng t\u1eafm \u0111\u01b0\u1ee3c b\u1ed1 tr\u00ed tinh t\u1ebf, g\u1ed3m khu v\u1ef1c v\u00f2i sen v\u00e0 nh\u00e0 v\u1ec7 sinh t\u00e1ch bi\u1ec7t, c\u00f9ng c\u00e1c ti\u1ec7n nghi hi\u1ec7n \u0111\u1ea1i nh\u01b0 tivi th\u00f4ng minh, WiFi t\u1ed1c \u0111\u1ed9 cao mi\u1ec5n ph\u00ed v\u00e0 h\u1ec7 th\u1ed1ng \u0111i\u1ec1u h\u00f2a hai chi\u1ec1u gi\u00fap b\u1ea1n t\u1eadn h\u01b0\u1edfng s\u1ef1 d\u1ec5 ch\u1ecbu quanh n\u0103m.<\/p>\n<p>\u0110\u1eafm m\u00ecnh trong n\u00e9t quy\u1ebfn r\u0169 c\u1ee7a c\u00e1c <strong><a href=\"https:\/\/www.grandmercuredalat.com\/vi\/rooms-suites\/\" target=\"_blank\" rel=\"noopener\">ph\u00f2ng ngh\u1ec9 t\u1ea1i \u0110\u00e0 L\u1ea1t<\/a><\/strong>, n\u01a1i c\u1ea3nh s\u1eafc y\u00ean b\u00ecnh, h\u01b0\u01a1ng th\u01a1m t\u01b0\u01a1i m\u00e1t v\u00e0 phong c\u00e1ch trang tr\u00ed \u0111\u1eadm ch\u1ea5t \u0111\u1ecba ph\u01b0\u01a1ng t\u1ea1o n\u00ean m\u1ed9t ch\u1ed1n ngh\u1ec9 d\u01b0\u1ee1ng an l\u00e0nh, d\u00e0nh ri\u00eang cho b\u1ea1n.<\/p>\n","protected":false},"excerpt":{"rendered":"<p>Tr\u1ea3i nghi\u1ec7m s\u1ef1 tho\u1ea3i m\u00e1i v\u01b0\u1ee3t tr\u1ed9i v\u1edbi n\u00e9t quy\u1ebfn r\u0169 \u0111\u1eadm ch\u1ea5t Ph\u00e1p trong ph\u00f2ng Deluxe Twin r\u1ed9ng 35m\u00b2, \u0111\u01b0\u1ee3c thi\u1ebft k\u1ebf \u0111\u1ec3 \u0111\u00e1p \u1ee9ng m\u1ecdi nhu c\u1ea7u c\u1ee7a b\u1ea1n. V\u1edbi hai gi\u01b0\u1eddng \u0111\u01a1n v\u00e0 t\u1ea7m nh\u00ecn khu v\u01b0\u1eddn xanh m\u01b0\u1edbt, \u0111\u00e2y l\u00e0 l\u1ef1a ch\u1ecdn l\u00fd t\u01b0\u1edfng \u0111\u1ec3 chia s\u1ebb c\u00f9ng b\u1ea1n b\u00e8, \u0111\u1ed3ng [&hellip;]<\/p>\n","protected":false},"author":30,"featured_media":563,"parent":249,"menu_order":2,"comment_status":"closed","ping_status":"closed","template":"template-room.php","meta":{"footnotes":""},"categories":[35],"class_list":["post-251","page","type-page","status-publish","has-post-thumbnail","hentry","category-phong-nghi"],"acf":[],"yoast_head":"<!-- This site is optimized with the Yoast SEO plugin v26.9 - https:\/\/yoast.com\/product\/yoast-seo-wordpress\/ -->\n<title>Ph\u00f2ng Deluxe Twin | Ti\u1ec7n Nghi \u0110\u1eadm Ch\u1ea5t Ph\u00e1p t\u1ea1i \u0110\u00e0 L\u1ea1t<\/title>\n<meta name=\"description\" content=\"T\u1eadn h\u01b0\u1edfng ph\u00f2ng Deluxe Twin r\u1ed9ng 35m\u00b2 v\u1edbi hai gi\u01b0\u1eddng \u0111\u01a1n, t\u1ea7m nh\u00ecn khu v\u01b0\u1eddn xanh m\u00e1t v\u00e0 c\u00e1c ti\u1ec7n nghi hi\u1ec7n \u0111\u1ea1i cho nh\u1eefng k\u1ef3 ngh\u1ec9 s\u1ebb chia.\" \/>\n<meta name=\"robots\" content=\"index, follow, max-snippet:-1, max-image-preview:large, max-video-preview:-1\" \/>\n<link rel=\"canonical\" href=\"https:\/\/www.grandmercuredalat.com\/vi\/rooms-suites\/deluxe-twin\/\" \/>\n<meta property=\"og:locale\" content=\"vi_VN\" \/>\n<meta property=\"og:type\" content=\"article\" \/>\n<meta property=\"og:title\" content=\"Ph\u00f2ng Deluxe Twin | Ti\u1ec7n Nghi \u0110\u1eadm Ch\u1ea5t Ph\u00e1p t\u1ea1i \u0110\u00e0 L\u1ea1t\" \/>\n<meta property=\"og:description\" content=\"T\u1eadn h\u01b0\u1edfng ph\u00f2ng Deluxe Twin r\u1ed9ng 35m\u00b2 v\u1edbi hai gi\u01b0\u1eddng \u0111\u01a1n, t\u1ea7m nh\u00ecn khu v\u01b0\u1eddn xanh m\u00e1t v\u00e0 c\u00e1c ti\u1ec7n nghi hi\u1ec7n \u0111\u1ea1i cho nh\u1eefng k\u1ef3 ngh\u1ec9 s\u1ebb chia.\" \/>\n<meta property=\"og:url\" content=\"https:\/\/www.grandmercuredalat.com\/vi\/rooms-suites\/deluxe-twin\/\" \/>\n<meta property=\"og:site_name\" content=\"Grand Mercure Dalat Resort\" \/>\n<meta property=\"article:modified_time\" content=\"2026-01-23T09:57:48+00:00\" \/>\n<meta property=\"og:image\" content=\"https:\/\/www.grandmercuredalat.com\/wp-content\/uploads\/sites\/4\/2025\/11\/DELUXE-TWIN-ROOM_1.jpg\" \/>\n\t<meta property=\"og:image:width\" content=\"1300\" \/>\n\t<meta property=\"og:image:height\" content=\"867\" \/>\n\t<meta property=\"og:image:type\" content=\"image\/jpeg\" \/>\n<meta name=\"twitter:card\" content=\"summary_large_image\" \/>\n<meta name=\"twitter:label1\" content=\"Est. reading time\" \/>\n\t<meta name=\"twitter:data1\" content=\"1 minute\" \/>\n<script type=\"application\/ld+json\" class=\"yoast-schema-graph\">{\"@context\":\"https:\/\/schema.org\",\"@graph\":[{\"@type\":\"WebPage\",\"@id\":\"https:\/\/www.grandmercuredalat.com\/vi\/rooms-suites\/deluxe-twin\/\",\"url\":\"https:\/\/www.grandmercuredalat.com\/vi\/rooms-suites\/deluxe-twin\/\",\"name\":\"Ph\u00f2ng Deluxe Twin | Ti\u1ec7n Nghi \u0110\u1eadm Ch\u1ea5t Ph\u00e1p t\u1ea1i \u0110\u00e0 L\u1ea1t\",\"isPartOf\":{\"@id\":\"https:\/\/www.grandmercuredalat.com\/#website\"},\"primaryImageOfPage\":{\"@id\":\"https:\/\/www.grandmercuredalat.com\/vi\/rooms-suites\/deluxe-twin\/#primaryimage\"},\"image\":{\"@id\":\"https:\/\/www.grandmercuredalat.com\/vi\/rooms-suites\/deluxe-twin\/#primaryimage\"},\"thumbnailUrl\":\"https:\/\/www.grandmercuredalat.com\/wp-content\/uploads\/sites\/4\/2025\/11\/DELUXE-TWIN-ROOM_1.jpg\",\"datePublished\":\"2025-09-30T06:55:22+00:00\",\"dateModified\":\"2026-01-23T09:57:48+00:00\",\"description\":\"T\u1eadn h\u01b0\u1edfng ph\u00f2ng Deluxe Twin r\u1ed9ng 35m\u00b2 v\u1edbi hai gi\u01b0\u1eddng \u0111\u01a1n, t\u1ea7m nh\u00ecn khu v\u01b0\u1eddn xanh m\u00e1t v\u00e0 c\u00e1c ti\u1ec7n nghi hi\u1ec7n \u0111\u1ea1i cho nh\u1eefng k\u1ef3 ngh\u1ec9 s\u1ebb chia.\",\"breadcrumb\":{\"@id\":\"https:\/\/www.grandmercuredalat.com\/vi\/rooms-suites\/deluxe-twin\/#breadcrumb\"},\"inLanguage\":\"vi-VN\",\"potentialAction\":[{\"@type\":\"ReadAction\",\"target\":[\"https:\/\/www.grandmercuredalat.com\/vi\/rooms-suites\/deluxe-twin\/\"]}]},{\"@type\":\"ImageObject\",\"inLanguage\":\"vi-VN\",\"@id\":\"https:\/\/www.grandmercuredalat.com\/vi\/rooms-suites\/deluxe-twin\/#primaryimage\",\"url\":\"https:\/\/www.grandmercuredalat.com\/wp-content\/uploads\/sites\/4\/2025\/11\/DELUXE-TWIN-ROOM_1.jpg\",\"contentUrl\":\"https:\/\/www.grandmercuredalat.com\/wp-content\/uploads\/sites\/4\/2025\/11\/DELUXE-TWIN-ROOM_1.jpg\",\"width\":1300,\"height\":867,\"caption\":\"HyperFocal: 0\"},{\"@type\":\"BreadcrumbList\",\"@id\":\"https:\/\/www.grandmercuredalat.com\/vi\/rooms-suites\/deluxe-twin\/#breadcrumb\",\"itemListElement\":[{\"@type\":\"ListItem\",\"position\":1,\"name\":\"Home\",\"item\":\"https:\/\/www.grandmercuredalat.com\/vi\/\"},{\"@type\":\"ListItem\",\"position\":2,\"name\":\"Ph\u00f2ng Ngh\u1ec9 &amp; Suites\",\"item\":\"https:\/\/www.grandmercuredalat.com\/vi\/rooms-suites\/\"},{\"@type\":\"ListItem\",\"position\":3,\"name\":\"Ph\u00f2ng Deluxe Twin\"}]},{\"@type\":\"WebSite\",\"@id\":\"https:\/\/www.grandmercuredalat.com\/#website\",\"url\":\"https:\/\/www.grandmercuredalat.com\/\",\"name\":\"Grand Mercure Dalat Resort\",\"description\":\"\",\"publisher\":{\"@id\":\"https:\/\/www.grandmercuredalat.com\/#organization\"},\"potentialAction\":[{\"@type\":\"SearchAction\",\"target\":{\"@type\":\"EntryPoint\",\"urlTemplate\":\"https:\/\/www.grandmercuredalat.com\/?s={search_term_string}\"},\"query-input\":{\"@type\":\"PropertyValueSpecification\",\"valueRequired\":true,\"valueName\":\"search_term_string\"}}],\"inLanguage\":\"vi-VN\"},{\"@type\":\"Organization\",\"@id\":\"https:\/\/www.grandmercuredalat.com\/#organization\",\"name\":\"Grand Mercure Dalat Resort\",\"url\":\"https:\/\/www.grandmercuredalat.com\/\",\"logo\":{\"@type\":\"ImageObject\",\"inLanguage\":\"vi-VN\",\"@id\":\"https:\/\/www.grandmercuredalat.com\/#\/schema\/logo\/image\/\",\"url\":\"https:\/\/www.grandmercuredalat.com\/wp-content\/uploads\/sites\/4\/2025\/10\/Pool-26.jpg\",\"contentUrl\":\"https:\/\/www.grandmercuredalat.com\/wp-content\/uploads\/sites\/4\/2025\/10\/Pool-26.jpg\",\"width\":1800,\"height\":1200,\"caption\":\"Grand Mercure Dalat Resort\"},\"image\":{\"@id\":\"https:\/\/www.grandmercuredalat.com\/#\/schema\/logo\/image\/\"}}]}<\/script>\n<!-- \/ Yoast SEO plugin. -->","yoast_head_json":{"title":"Ph\u00f2ng Deluxe Twin | Ti\u1ec7n Nghi \u0110\u1eadm Ch\u1ea5t Ph\u00e1p t\u1ea1i \u0110\u00e0 L\u1ea1t","description":"T\u1eadn h\u01b0\u1edfng ph\u00f2ng Deluxe Twin r\u1ed9ng 35m\u00b2 v\u1edbi hai gi\u01b0\u1eddng \u0111\u01a1n, t\u1ea7m nh\u00ecn khu v\u01b0\u1eddn xanh m\u00e1t v\u00e0 c\u00e1c ti\u1ec7n nghi hi\u1ec7n \u0111\u1ea1i cho nh\u1eefng k\u1ef3 ngh\u1ec9 s\u1ebb chia.","robots":{"index":"index","follow":"follow","max-snippet":"max-snippet:-1","max-image-preview":"max-image-preview:large","max-video-preview":"max-video-preview:-1"},"canonical":"https:\/\/www.grandmercuredalat.com\/vi\/rooms-suites\/deluxe-twin\/","og_locale":"vi_VN","og_type":"article","og_title":"Ph\u00f2ng Deluxe Twin | Ti\u1ec7n Nghi \u0110\u1eadm Ch\u1ea5t Ph\u00e1p t\u1ea1i \u0110\u00e0 L\u1ea1t","og_description":"T\u1eadn h\u01b0\u1edfng ph\u00f2ng Deluxe Twin r\u1ed9ng 35m\u00b2 v\u1edbi hai gi\u01b0\u1eddng \u0111\u01a1n, t\u1ea7m nh\u00ecn khu v\u01b0\u1eddn xanh m\u00e1t v\u00e0 c\u00e1c ti\u1ec7n nghi hi\u1ec7n \u0111\u1ea1i cho nh\u1eefng k\u1ef3 ngh\u1ec9 s\u1ebb chia.","og_url":"https:\/\/www.grandmercuredalat.com\/vi\/rooms-suites\/deluxe-twin\/","og_site_name":"Grand Mercure Dalat Resort","article_modified_time":"2026-01-23T09:57:48+00:00","og_image":[{"width":1300,"height":867,"url":"https:\/\/www.grandmercuredalat.com\/wp-content\/uploads\/sites\/4\/2025\/11\/DELUXE-TWIN-ROOM_1.jpg","type":"image\/jpeg"}],"twitter_card":"summary_large_image","twitter_misc":{"Est. reading time":"1 minute"},"schema":{"@context":"https:\/\/schema.org","@graph":[{"@type":"WebPage","@id":"https:\/\/www.grandmercuredalat.com\/vi\/rooms-suites\/deluxe-twin\/","url":"https:\/\/www.grandmercuredalat.com\/vi\/rooms-suites\/deluxe-twin\/","name":"Ph\u00f2ng Deluxe Twin | Ti\u1ec7n Nghi \u0110\u1eadm Ch\u1ea5t Ph\u00e1p t\u1ea1i \u0110\u00e0 L\u1ea1t","isPartOf":{"@id":"https:\/\/www.grandmercuredalat.com\/#website"},"primaryImageOfPage":{"@id":"https:\/\/www.grandmercuredalat.com\/vi\/rooms-suites\/deluxe-twin\/#primaryimage"},"image":{"@id":"https:\/\/www.grandmercuredalat.com\/vi\/rooms-suites\/deluxe-twin\/#primaryimage"},"thumbnailUrl":"https:\/\/www.grandmercuredalat.com\/wp-content\/uploads\/sites\/4\/2025\/11\/DELUXE-TWIN-ROOM_1.jpg","datePublished":"2025-09-30T06:55:22+00:00","dateModified":"2026-01-23T09:57:48+00:00","description":"T\u1eadn h\u01b0\u1edfng ph\u00f2ng Deluxe Twin r\u1ed9ng 35m\u00b2 v\u1edbi hai gi\u01b0\u1eddng \u0111\u01a1n, t\u1ea7m nh\u00ecn khu v\u01b0\u1eddn xanh m\u00e1t v\u00e0 c\u00e1c ti\u1ec7n nghi hi\u1ec7n \u0111\u1ea1i cho nh\u1eefng k\u1ef3 ngh\u1ec9 s\u1ebb chia.","breadcrumb":{"@id":"https:\/\/www.grandmercuredalat.com\/vi\/rooms-suites\/deluxe-twin\/#breadcrumb"},"inLanguage":"vi-VN","potentialAction":[{"@type":"ReadAction","target":["https:\/\/www.grandmercuredalat.com\/vi\/rooms-suites\/deluxe-twin\/"]}]},{"@type":"ImageObject","inLanguage":"vi-VN","@id":"https:\/\/www.grandmercuredalat.com\/vi\/rooms-suites\/deluxe-twin\/#primaryimage","url":"https:\/\/www.grandmercuredalat.com\/wp-content\/uploads\/sites\/4\/2025\/11\/DELUXE-TWIN-ROOM_1.jpg","contentUrl":"https:\/\/www.grandmercuredalat.com\/wp-content\/uploads\/sites\/4\/2025\/11\/DELUXE-TWIN-ROOM_1.jpg","width":1300,"height":867,"caption":"HyperFocal: 0"},{"@type":"BreadcrumbList","@id":"https:\/\/www.grandmercuredalat.com\/vi\/rooms-suites\/deluxe-twin\/#breadcrumb","itemListElement":[{"@type":"ListItem","position":1,"name":"Home","item":"https:\/\/www.grandmercuredalat.com\/vi\/"},{"@type":"ListItem","position":2,"name":"Ph\u00f2ng Ngh\u1ec9 &amp; Suites","item":"https:\/\/www.grandmercuredalat.com\/vi\/rooms-suites\/"},{"@type":"ListItem","position":3,"name":"Ph\u00f2ng Deluxe Twin"}]},{"@type":"WebSite","@id":"https:\/\/www.grandmercuredalat.com\/#website","url":"https:\/\/www.grandmercuredalat.com\/","name":"Grand Mercure Dalat Resort","description":"","publisher":{"@id":"https:\/\/www.grandmercuredalat.com\/#organization"},"potentialAction":[{"@type":"SearchAction","target":{"@type":"EntryPoint","urlTemplate":"https:\/\/www.grandmercuredalat.com\/?s={search_term_string}"},"query-input":{"@type":"PropertyValueSpecification","valueRequired":true,"valueName":"search_term_string"}}],"inLanguage":"vi-VN"},{"@type":"Organization","@id":"https:\/\/www.grandmercuredalat.com\/#organization","name":"Grand Mercure Dalat Resort","url":"https:\/\/www.grandmercuredalat.com\/","logo":{"@type":"ImageObject","inLanguage":"vi-VN","@id":"https:\/\/www.grandmercuredalat.com\/#\/schema\/logo\/image\/","url":"https:\/\/www.grandmercuredalat.com\/wp-content\/uploads\/sites\/4\/2025\/10\/Pool-26.jpg","contentUrl":"https:\/\/www.grandmercuredalat.com\/wp-content\/uploads\/sites\/4\/2025\/10\/Pool-26.jpg","width":1800,"height":1200,"caption":"Grand Mercure Dalat Resort"},"image":{"@id":"https:\/\/www.grandmercuredalat.com\/#\/schema\/logo\/image\/"}}]}},"_links":{"self":[{"href":"https:\/\/www.grandmercuredalat.com\/vi\/wp-json\/wp\/v2\/pages\/251","targetHints":{"allow":["GET"]}}],"collection":[{"href":"https:\/\/www.grandmercuredalat.com\/vi\/wp-json\/wp\/v2\/pages"}],"about":[{"href":"https:\/\/www.grandmercuredalat.com\/vi\/wp-json\/wp\/v2\/types\/page"}],"author":[{"embeddable":true,"href":"https:\/\/www.grandmercuredalat.com\/vi\/wp-json\/wp\/v2\/users\/30"}],"replies":[{"embeddable":true,"href":"https:\/\/www.grandmercuredalat.com\/vi\/wp-json\/wp\/v2\/comments?post=251"}],"version-history":[{"count":0,"href":"https:\/\/www.grandmercuredalat.com\/vi\/wp-json\/wp\/v2\/pages\/251\/revisions"}],"up":[{"embeddable":true,"href":"https:\/\/www.grandmercuredalat.com\/vi\/wp-json\/wp\/v2\/pages\/249"}],"wp:featuredmedia":[{"embeddable":true,"href":"https:\/\/www.grandmercuredalat.com\/vi\/wp-json\/wp\/v2\/media\/563"}],"wp:attachment":[{"href":"https:\/\/www.grandmercuredalat.com\/vi\/wp-json\/wp\/v2\/media?parent=251"}],"wp:term":[{"taxonomy":"category","embeddable":true,"href":"https:\/\/www.grandmercuredalat.com\/vi\/wp-json\/wp\/v2\/categories?post=251"}],"curies":[{"name":"wp","href":"https:\/\/api.w.org\/{rel}","templated":true}]}}