{"id":250,"date":"2025-09-30T06:47:30","date_gmt":"2025-09-30T06:47:30","guid":{"rendered":"https:\/\/grandmercuredalatresort.accorv2prod2.decms.eu\/rooms-suites\/deluxe-king\/"},"modified":"2026-01-23T09:55:46","modified_gmt":"2026-01-23T09:55:46","slug":"deluxe-king","status":"publish","type":"page","link":"https:\/\/www.grandmercuredalat.com\/vi\/rooms-suites\/deluxe-king\/","title":{"rendered":"Ph\u00f2ng Deluxe King"},"content":{"rendered":"<p>\u0110\u1eafm m\u00ecnh trong s\u1ef1 h\u00f2a quy\u1ec7n ho\u00e0n h\u1ea3o gi\u1eefa n\u00e9t thanh l\u1ecbch v\u01b0\u1ee3t th\u1eddi gian v\u00e0 ti\u1ec7n nghi hi\u1ec7n \u0111\u1ea1i v\u1edbi ph\u00f2ng Deluxe King r\u1ed9ng 35m\u00b2. \u0110\u01b0\u1ee3c trang b\u1ecb gi\u01b0\u1eddng king \u00eam \u00e1i theo nhu c\u1ea7u c\u1ee7a b\u1ea1n, kh\u00f4ng gian n\u00e0y \u0111\u01b0\u1ee3c thi\u1ebft k\u1ebf \u0111\u1ec3 mang \u0111\u1ebfn s\u1ef1 th\u01b0 gi\u00e3n tuy\u1ec7t \u0111\u1ed1i. Ph\u00f2ng t\u1eafm \u0111\u01b0\u1ee3c b\u00e0i b\u1ed1 tinh t\u1ebf v\u1edbi ph\u00f2ng t\u1eafm v\u00e0 khu v\u1ec7 sinh t\u00e1ch bi\u1ec7t, \u0111\u1ea3m b\u1ea3o s\u1ef1 ri\u00eang t\u01b0 v\u00e0 tho\u1ea3i m\u00e1i.<\/p>\n<p>Th\u01b0 gi\u00e3n t\u1ed1i \u0111a t\u1ea1i ph\u00f2ng v\u1edbi nh\u1eefng ch\u01b0\u01a1ng tr\u00ecnh gi\u1ea3i tr\u00ed tr\u00ean tivi th\u00f4ng minh v\u00e0 t\u1eadn h\u01b0\u1edfng nhi\u1ec7t \u0111\u1ed9 l\u00fd t\u01b0\u1edfng theo \u00fd mu\u1ed1n v\u1edbi h\u1ec7 th\u1ed1ng \u0111i\u1ec1u h\u00f2a hai chi\u1ec1u. Ho\u00e0n thi\u1ec7n tr\u1ea3i nghi\u1ec7m c\u1ee7a b\u1ea1n v\u1edbi t\u1ea7m nh\u00ecn khu v\u01b0\u1eddn tuy\u1ec7t \u0111\u1eb9p, <strong><a href=\"https:\/\/www.grandmercuredalat.com\/vi\/rooms-suites\/deluxe-king\/\" target=\"_blank\" rel=\"noopener\">ph\u00f2ng Deluxe King<\/a><\/strong> l\u00e0 l\u1ef1a ch\u1ecdn l\u00fd t\u01b0\u1edfng cho m\u1ed9t k\u1ef3 ngh\u1ec9 y\u00ean b\u00ecnh.<\/p>\n","protected":false},"excerpt":{"rendered":"<p>\u0110\u1eafm m\u00ecnh trong s\u1ef1 h\u00f2a quy\u1ec7n ho\u00e0n h\u1ea3o gi\u1eefa n\u00e9t thanh l\u1ecbch v\u01b0\u1ee3t th\u1eddi gian v\u00e0 ti\u1ec7n nghi hi\u1ec7n \u0111\u1ea1i v\u1edbi ph\u00f2ng Deluxe King r\u1ed9ng 35m\u00b2. \u0110\u01b0\u1ee3c trang b\u1ecb gi\u01b0\u1eddng king \u00eam \u00e1i theo nhu c\u1ea7u c\u1ee7a b\u1ea1n, kh\u00f4ng gian n\u00e0y \u0111\u01b0\u1ee3c thi\u1ebft k\u1ebf \u0111\u1ec3 mang \u0111\u1ebfn s\u1ef1 th\u01b0 gi\u00e3n tuy\u1ec7t \u0111\u1ed1i. Ph\u00f2ng t\u1eafm \u0111\u01b0\u1ee3c [&hellip;]<\/p>\n","protected":false},"author":30,"featured_media":15,"parent":249,"menu_order":1,"comment_status":"closed","ping_status":"closed","template":"template-room.php","meta":{"footnotes":""},"categories":[35],"class_list":["post-250","page","type-page","status-publish","has-post-thumbnail","hentry","category-phong-nghi"],"acf":[],"yoast_head":"<!-- This site is optimized with the Yoast SEO plugin v26.9 - https:\/\/yoast.com\/product\/yoast-seo-wordpress\/ -->\n<title>Ph\u00f2ng Deluxe King | V\u1ebb \u0110\u1eb9p Thanh L\u1ecbch V\u01b0\u1ee3t Th\u1eddi Gian t\u1ea1i \u0110\u00e0 L\u1ea1t<\/title>\n<meta name=\"description\" content=\"Th\u01b0 gi\u00e3n trong ph\u00f2ng Deluxe King r\u1ed9ng 35m\u00b2 v\u1edbi gi\u01b0\u1eddng \u00eam \u00e1i, t\u1ea7m nh\u00ecn khu v\u01b0\u1eddn xanh m\u00e1t v\u00e0 ti\u1ec7n nghi cao c\u1ea5p cho m\u1ed9t k\u1ef3 ngh\u1ec9 ho\u00e0n h\u1ea3o.\" \/>\n<meta name=\"robots\" content=\"index, follow, max-snippet:-1, max-image-preview:large, max-video-preview:-1\" \/>\n<link rel=\"canonical\" href=\"https:\/\/www.grandmercuredalat.com\/vi\/rooms-suites\/deluxe-king\/\" \/>\n<meta property=\"og:locale\" content=\"vi_VN\" \/>\n<meta property=\"og:type\" content=\"article\" \/>\n<meta property=\"og:title\" content=\"Ph\u00f2ng Deluxe King | V\u1ebb \u0110\u1eb9p Thanh L\u1ecbch V\u01b0\u1ee3t Th\u1eddi Gian t\u1ea1i \u0110\u00e0 L\u1ea1t\" \/>\n<meta property=\"og:description\" content=\"Th\u01b0 gi\u00e3n trong ph\u00f2ng Deluxe King r\u1ed9ng 35m\u00b2 v\u1edbi gi\u01b0\u1eddng \u00eam \u00e1i, t\u1ea7m nh\u00ecn khu v\u01b0\u1eddn xanh m\u00e1t v\u00e0 ti\u1ec7n nghi cao c\u1ea5p cho m\u1ed9t k\u1ef3 ngh\u1ec9 ho\u00e0n h\u1ea3o.\" \/>\n<meta property=\"og:url\" content=\"https:\/\/www.grandmercuredalat.com\/vi\/rooms-suites\/deluxe-king\/\" \/>\n<meta property=\"og:site_name\" content=\"Grand Mercure Dalat Resort\" \/>\n<meta property=\"article:modified_time\" content=\"2026-01-23T09:55:46+00:00\" \/>\n<meta property=\"og:image\" content=\"https:\/\/www.grandmercuredalat.com\/wp-content\/uploads\/sites\/4\/2025\/09\/DELUXE-DOUBLE-ROOM_4.jpg\" \/>\n\t<meta property=\"og:image:width\" content=\"1800\" \/>\n\t<meta property=\"og:image:height\" content=\"1200\" \/>\n\t<meta property=\"og:image:type\" content=\"image\/jpeg\" \/>\n<meta name=\"twitter:card\" content=\"summary_large_image\" \/>\n<meta name=\"twitter:label1\" content=\"Est. reading time\" \/>\n\t<meta name=\"twitter:data1\" content=\"1 minute\" \/>\n<script type=\"application\/ld+json\" class=\"yoast-schema-graph\">{\"@context\":\"https:\/\/schema.org\",\"@graph\":[{\"@type\":\"WebPage\",\"@id\":\"https:\/\/www.grandmercuredalat.com\/vi\/rooms-suites\/deluxe-king\/\",\"url\":\"https:\/\/www.grandmercuredalat.com\/vi\/rooms-suites\/deluxe-king\/\",\"name\":\"Ph\u00f2ng Deluxe King | V\u1ebb \u0110\u1eb9p Thanh L\u1ecbch V\u01b0\u1ee3t Th\u1eddi Gian t\u1ea1i \u0110\u00e0 L\u1ea1t\",\"isPartOf\":{\"@id\":\"https:\/\/www.grandmercuredalat.com\/#website\"},\"primaryImageOfPage\":{\"@id\":\"https:\/\/www.grandmercuredalat.com\/vi\/rooms-suites\/deluxe-king\/#primaryimage\"},\"image\":{\"@id\":\"https:\/\/www.grandmercuredalat.com\/vi\/rooms-suites\/deluxe-king\/#primaryimage\"},\"thumbnailUrl\":\"https:\/\/www.grandmercuredalat.com\/wp-content\/uploads\/sites\/4\/2025\/09\/DELUXE-DOUBLE-ROOM_4.jpg\",\"datePublished\":\"2025-09-30T06:47:30+00:00\",\"dateModified\":\"2026-01-23T09:55:46+00:00\",\"description\":\"Th\u01b0 gi\u00e3n trong ph\u00f2ng Deluxe King r\u1ed9ng 35m\u00b2 v\u1edbi gi\u01b0\u1eddng \u00eam \u00e1i, t\u1ea7m nh\u00ecn khu v\u01b0\u1eddn xanh m\u00e1t v\u00e0 ti\u1ec7n nghi cao c\u1ea5p cho m\u1ed9t k\u1ef3 ngh\u1ec9 ho\u00e0n h\u1ea3o.\",\"breadcrumb\":{\"@id\":\"https:\/\/www.grandmercuredalat.com\/vi\/rooms-suites\/deluxe-king\/#breadcrumb\"},\"inLanguage\":\"vi-VN\",\"potentialAction\":[{\"@type\":\"ReadAction\",\"target\":[\"https:\/\/www.grandmercuredalat.com\/vi\/rooms-suites\/deluxe-king\/\"]}]},{\"@type\":\"ImageObject\",\"inLanguage\":\"vi-VN\",\"@id\":\"https:\/\/www.grandmercuredalat.com\/vi\/rooms-suites\/deluxe-king\/#primaryimage\",\"url\":\"https:\/\/www.grandmercuredalat.com\/wp-content\/uploads\/sites\/4\/2025\/09\/DELUXE-DOUBLE-ROOM_4.jpg\",\"contentUrl\":\"https:\/\/www.grandmercuredalat.com\/wp-content\/uploads\/sites\/4\/2025\/09\/DELUXE-DOUBLE-ROOM_4.jpg\",\"width\":1800,\"height\":1200,\"caption\":\"Deluxe King Room\"},{\"@type\":\"BreadcrumbList\",\"@id\":\"https:\/\/www.grandmercuredalat.com\/vi\/rooms-suites\/deluxe-king\/#breadcrumb\",\"itemListElement\":[{\"@type\":\"ListItem\",\"position\":1,\"name\":\"Home\",\"item\":\"https:\/\/www.grandmercuredalat.com\/vi\/\"},{\"@type\":\"ListItem\",\"position\":2,\"name\":\"Ph\u00f2ng Ngh\u1ec9 &amp; Suites\",\"item\":\"https:\/\/www.grandmercuredalat.com\/vi\/rooms-suites\/\"},{\"@type\":\"ListItem\",\"position\":3,\"name\":\"Ph\u00f2ng Deluxe King\"}]},{\"@type\":\"WebSite\",\"@id\":\"https:\/\/www.grandmercuredalat.com\/#website\",\"url\":\"https:\/\/www.grandmercuredalat.com\/\",\"name\":\"Grand Mercure Dalat Resort\",\"description\":\"\",\"publisher\":{\"@id\":\"https:\/\/www.grandmercuredalat.com\/#organization\"},\"potentialAction\":[{\"@type\":\"SearchAction\",\"target\":{\"@type\":\"EntryPoint\",\"urlTemplate\":\"https:\/\/www.grandmercuredalat.com\/?s={search_term_string}\"},\"query-input\":{\"@type\":\"PropertyValueSpecification\",\"valueRequired\":true,\"valueName\":\"search_term_string\"}}],\"inLanguage\":\"vi-VN\"},{\"@type\":\"Organization\",\"@id\":\"https:\/\/www.grandmercuredalat.com\/#organization\",\"name\":\"Grand Mercure Dalat Resort\",\"url\":\"https:\/\/www.grandmercuredalat.com\/\",\"logo\":{\"@type\":\"ImageObject\",\"inLanguage\":\"vi-VN\",\"@id\":\"https:\/\/www.grandmercuredalat.com\/#\/schema\/logo\/image\/\",\"url\":\"https:\/\/www.grandmercuredalat.com\/wp-content\/uploads\/sites\/4\/2025\/10\/Pool-26.jpg\",\"contentUrl\":\"https:\/\/www.grandmercuredalat.com\/wp-content\/uploads\/sites\/4\/2025\/10\/Pool-26.jpg\",\"width\":1800,\"height\":1200,\"caption\":\"Grand Mercure Dalat Resort\"},\"image\":{\"@id\":\"https:\/\/www.grandmercuredalat.com\/#\/schema\/logo\/image\/\"}}]}<\/script>\n<!-- \/ Yoast SEO plugin. -->","yoast_head_json":{"title":"Ph\u00f2ng Deluxe King | V\u1ebb \u0110\u1eb9p Thanh L\u1ecbch V\u01b0\u1ee3t Th\u1eddi Gian t\u1ea1i \u0110\u00e0 L\u1ea1t","description":"Th\u01b0 gi\u00e3n trong ph\u00f2ng Deluxe King r\u1ed9ng 35m\u00b2 v\u1edbi gi\u01b0\u1eddng \u00eam \u00e1i, t\u1ea7m nh\u00ecn khu v\u01b0\u1eddn xanh m\u00e1t v\u00e0 ti\u1ec7n nghi cao c\u1ea5p cho m\u1ed9t k\u1ef3 ngh\u1ec9 ho\u00e0n h\u1ea3o.","robots":{"index":"index","follow":"follow","max-snippet":"max-snippet:-1","max-image-preview":"max-image-preview:large","max-video-preview":"max-video-preview:-1"},"canonical":"https:\/\/www.grandmercuredalat.com\/vi\/rooms-suites\/deluxe-king\/","og_locale":"vi_VN","og_type":"article","og_title":"Ph\u00f2ng Deluxe King | V\u1ebb \u0110\u1eb9p Thanh L\u1ecbch V\u01b0\u1ee3t Th\u1eddi Gian t\u1ea1i \u0110\u00e0 L\u1ea1t","og_description":"Th\u01b0 gi\u00e3n trong ph\u00f2ng Deluxe King r\u1ed9ng 35m\u00b2 v\u1edbi gi\u01b0\u1eddng \u00eam \u00e1i, t\u1ea7m nh\u00ecn khu v\u01b0\u1eddn xanh m\u00e1t v\u00e0 ti\u1ec7n nghi cao c\u1ea5p cho m\u1ed9t k\u1ef3 ngh\u1ec9 ho\u00e0n h\u1ea3o.","og_url":"https:\/\/www.grandmercuredalat.com\/vi\/rooms-suites\/deluxe-king\/","og_site_name":"Grand Mercure Dalat Resort","article_modified_time":"2026-01-23T09:55:46+00:00","og_image":[{"width":1800,"height":1200,"url":"https:\/\/www.grandmercuredalat.com\/wp-content\/uploads\/sites\/4\/2025\/09\/DELUXE-DOUBLE-ROOM_4.jpg","type":"image\/jpeg"}],"twitter_card":"summary_large_image","twitter_misc":{"Est. reading time":"1 minute"},"schema":{"@context":"https:\/\/schema.org","@graph":[{"@type":"WebPage","@id":"https:\/\/www.grandmercuredalat.com\/vi\/rooms-suites\/deluxe-king\/","url":"https:\/\/www.grandmercuredalat.com\/vi\/rooms-suites\/deluxe-king\/","name":"Ph\u00f2ng Deluxe King | V\u1ebb \u0110\u1eb9p Thanh L\u1ecbch V\u01b0\u1ee3t Th\u1eddi Gian t\u1ea1i \u0110\u00e0 L\u1ea1t","isPartOf":{"@id":"https:\/\/www.grandmercuredalat.com\/#website"},"primaryImageOfPage":{"@id":"https:\/\/www.grandmercuredalat.com\/vi\/rooms-suites\/deluxe-king\/#primaryimage"},"image":{"@id":"https:\/\/www.grandmercuredalat.com\/vi\/rooms-suites\/deluxe-king\/#primaryimage"},"thumbnailUrl":"https:\/\/www.grandmercuredalat.com\/wp-content\/uploads\/sites\/4\/2025\/09\/DELUXE-DOUBLE-ROOM_4.jpg","datePublished":"2025-09-30T06:47:30+00:00","dateModified":"2026-01-23T09:55:46+00:00","description":"Th\u01b0 gi\u00e3n trong ph\u00f2ng Deluxe King r\u1ed9ng 35m\u00b2 v\u1edbi gi\u01b0\u1eddng \u00eam \u00e1i, t\u1ea7m nh\u00ecn khu v\u01b0\u1eddn xanh m\u00e1t v\u00e0 ti\u1ec7n nghi cao c\u1ea5p cho m\u1ed9t k\u1ef3 ngh\u1ec9 ho\u00e0n h\u1ea3o.","breadcrumb":{"@id":"https:\/\/www.grandmercuredalat.com\/vi\/rooms-suites\/deluxe-king\/#breadcrumb"},"inLanguage":"vi-VN","potentialAction":[{"@type":"ReadAction","target":["https:\/\/www.grandmercuredalat.com\/vi\/rooms-suites\/deluxe-king\/"]}]},{"@type":"ImageObject","inLanguage":"vi-VN","@id":"https:\/\/www.grandmercuredalat.com\/vi\/rooms-suites\/deluxe-king\/#primaryimage","url":"https:\/\/www.grandmercuredalat.com\/wp-content\/uploads\/sites\/4\/2025\/09\/DELUXE-DOUBLE-ROOM_4.jpg","contentUrl":"https:\/\/www.grandmercuredalat.com\/wp-content\/uploads\/sites\/4\/2025\/09\/DELUXE-DOUBLE-ROOM_4.jpg","width":1800,"height":1200,"caption":"Deluxe King Room"},{"@type":"BreadcrumbList","@id":"https:\/\/www.grandmercuredalat.com\/vi\/rooms-suites\/deluxe-king\/#breadcrumb","itemListElement":[{"@type":"ListItem","position":1,"name":"Home","item":"https:\/\/www.grandmercuredalat.com\/vi\/"},{"@type":"ListItem","position":2,"name":"Ph\u00f2ng Ngh\u1ec9 &amp; Suites","item":"https:\/\/www.grandmercuredalat.com\/vi\/rooms-suites\/"},{"@type":"ListItem","position":3,"name":"Ph\u00f2ng Deluxe King"}]},{"@type":"WebSite","@id":"https:\/\/www.grandmercuredalat.com\/#website","url":"https:\/\/www.grandmercuredalat.com\/","name":"Grand Mercure Dalat Resort","description":"","publisher":{"@id":"https:\/\/www.grandmercuredalat.com\/#organization"},"potentialAction":[{"@type":"SearchAction","target":{"@type":"EntryPoint","urlTemplate":"https:\/\/www.grandmercuredalat.com\/?s={search_term_string}"},"query-input":{"@type":"PropertyValueSpecification","valueRequired":true,"valueName":"search_term_string"}}],"inLanguage":"vi-VN"},{"@type":"Organization","@id":"https:\/\/www.grandmercuredalat.com\/#organization","name":"Grand Mercure Dalat Resort","url":"https:\/\/www.grandmercuredalat.com\/","logo":{"@type":"ImageObject","inLanguage":"vi-VN","@id":"https:\/\/www.grandmercuredalat.com\/#\/schema\/logo\/image\/","url":"https:\/\/www.grandmercuredalat.com\/wp-content\/uploads\/sites\/4\/2025\/10\/Pool-26.jpg","contentUrl":"https:\/\/www.grandmercuredalat.com\/wp-content\/uploads\/sites\/4\/2025\/10\/Pool-26.jpg","width":1800,"height":1200,"caption":"Grand Mercure Dalat Resort"},"image":{"@id":"https:\/\/www.grandmercuredalat.com\/#\/schema\/logo\/image\/"}}]}},"_links":{"self":[{"href":"https:\/\/www.grandmercuredalat.com\/vi\/wp-json\/wp\/v2\/pages\/250","targetHints":{"allow":["GET"]}}],"collection":[{"href":"https:\/\/www.grandmercuredalat.com\/vi\/wp-json\/wp\/v2\/pages"}],"about":[{"href":"https:\/\/www.grandmercuredalat.com\/vi\/wp-json\/wp\/v2\/types\/page"}],"author":[{"embeddable":true,"href":"https:\/\/www.grandmercuredalat.com\/vi\/wp-json\/wp\/v2\/users\/30"}],"replies":[{"embeddable":true,"href":"https:\/\/www.grandmercuredalat.com\/vi\/wp-json\/wp\/v2\/comments?post=250"}],"version-history":[{"count":0,"href":"https:\/\/www.grandmercuredalat.com\/vi\/wp-json\/wp\/v2\/pages\/250\/revisions"}],"up":[{"embeddable":true,"href":"https:\/\/www.grandmercuredalat.com\/vi\/wp-json\/wp\/v2\/pages\/249"}],"wp:featuredmedia":[{"embeddable":true,"href":"https:\/\/www.grandmercuredalat.com\/vi\/wp-json\/wp\/v2\/media\/15"}],"wp:attachment":[{"href":"https:\/\/www.grandmercuredalat.com\/vi\/wp-json\/wp\/v2\/media?parent=250"}],"wp:term":[{"taxonomy":"category","embeddable":true,"href":"https:\/\/www.grandmercuredalat.com\/vi\/wp-json\/wp\/v2\/categories?post=250"}],"curies":[{"name":"wp","href":"https:\/\/api.w.org\/{rel}","templated":true}]}}