{"id":249,"date":"2025-09-30T06:22:23","date_gmt":"2025-09-30T06:22:23","guid":{"rendered":"https:\/\/grandmercuredalatresort.accorv2prod2.decms.eu\/rooms-suites\/"},"modified":"2026-01-23T09:53:24","modified_gmt":"2026-01-23T09:53:24","slug":"rooms-suites","status":"publish","type":"page","link":"https:\/\/www.grandmercuredalat.com\/vi\/rooms-suites\/","title":{"rendered":"Ph\u00f2ng Ngh\u1ec9 &amp; Suites"},"content":{"rendered":"<p>N\u1eb1m \u1ea9n m\u00ecnh sau nh\u1eefng r\u1eb7ng th\u00f4ng gi\u1eefa thung l\u0169ng \u0111\u1eb9p nh\u1ea5t th\u00e0nh ph\u1ed1 \u0110\u00e0 L\u1ea1t, c\u00e1c h\u1ea1ng ph\u00f2ng c\u1ee7a Grand Mercure Dalat Resort l\u00e0 s\u1ef1 h\u00f2a quy\u1ec7n tinh t\u1ebf gi\u1eefa v\u1ebb \u0111\u1eb9p c\u1ed5 \u0111i\u1ec3n c\u1ee7a ki\u1ebfn tr\u00fac Ph\u00e1p v\u00e0 nh\u1eefng ti\u1ec7n nghi hi\u1ec7n \u0111\u1ea1i. V\u1edbi l\u1ef1a ch\u1ecdn 131 ph\u00f2ng v\u00e0 suite \u0111\u01b0\u1ee3c thi\u1ebft k\u1ebf t\u1ec9 m\u1ec9 n\u1eb1m trong 12 bi\u1ec7t th\u1ef1 quy\u1ebfn r\u0169, g\u1ee3i nh\u1eafc \u0111\u1ebfn di s\u1ea3n ki\u1ebfn tr\u00fac \u0111\u1ed9c \u0111\u00e1o c\u1ee7a th\u1eddi k\u1ef3 Ph\u00e1p thu\u1ed9c t\u1ea1i th\u00e0nh ph\u1ed1 m\u1ed9ng m\u01a1.<\/p>\n<p>Ph\u00f2ng ngh\u1ec9 t\u1ea1i Grand Mercure Dalat \u0111\u01b0\u1ee3c t\u1ea1o n\u00ean \u0111\u1ec3 \u0111\u00e1p \u1ee9ng m\u1ecdi mong mu\u1ed1n c\u1ee7a du kh\u00e1ch. D\u00f9 b\u1ea1n l\u00e0 m\u1ed9t c\u1eb7p \u0111\u00f4i \u0111ang t\u00ecm ki\u1ebfm k\u1ef3 ngh\u1ec9 l\u00e3ng m\u1ea1n hay m\u1ed9t gia \u0111\u00ecnh mu\u1ed1n l\u01b0u gi\u1eef nh\u1eefng k\u1ef7 ni\u1ec7m kh\u00f3 qu\u00ean. L\u01b0u tr\u00fa t\u1ea1i \u0110\u00e0 L\u1ea1t c\u00f9ng ph\u00f2ng Deluxe thanh l\u1ecbch \u0111\u1ebfn \u0111\u1eb3ng c\u1ea5p v\u01b0\u1ee3t tr\u1ed9i c\u1ee7a bi\u1ec7t th\u1ef1 T\u1ed5ng Th\u1ed1ng, t\u1ea5t c\u1ea3 \u0111\u1ec1u \u0111\u01b0\u1ee3c ch\u0103m ch\u00fat t\u1eadn t\u00e2m \u0111\u1ec3 b\u1ea1n \u0111\u1eafm ch\u00ecm trong v\u1ebb thanh l\u1ecbch v\u00e0 quy\u1ebfn r\u0169 v\u01b0\u1ee3t th\u1eddi gian c\u1ee7a vi\u00ean ng\u1ecdc gi\u1eefa \u0111\u1ea1i ng\u00e0n.<\/p>\n<p>Ch\u00e0o \u0111\u00f3n ng\u00e0y m\u1edbi y\u00ean b\u00ecnh v\u1edbi gi\u00e2y ph\u00fat ng\u1eafm c\u1ea3nh t\u01b0 ban c\u00f4ng hay th\u1ea3nh th\u01a1i c\u1ea3 ng\u00e0y trong kh\u00f4ng gian r\u1ed9ng r\u00e3i c\u1ee7a ph\u00f2ng Suite \u2013 t\u1eebng chi ti\u1ebft \u0111\u1ec1u \u0111\u01b0\u1ee3c s\u1eafp x\u1ebfp \u0111\u1ea7y d\u1ee5ng \u00fd \u0111\u1ec3 mang \u0111\u1ebfn m\u1ed9t k\u1ef3 ngh\u1ec9 tuy\u1ec7t v\u1eddi nh\u1ea5t t\u1ea1i <strong><a href=\"https:\/\/www.grandmercuredalat.com\/vi\/\" target=\"_blank\" rel=\"noopener\">Grand Mercure Dalat Resort<\/a><\/strong>.<\/p>\n","protected":false},"excerpt":{"rendered":"<p>N\u1eb1m \u1ea9n m\u00ecnh sau nh\u1eefng r\u1eb7ng th\u00f4ng gi\u1eefa thung l\u0169ng \u0111\u1eb9p nh\u1ea5t th\u00e0nh ph\u1ed1 \u0110\u00e0 L\u1ea1t, c\u00e1c h\u1ea1ng ph\u00f2ng c\u1ee7a Grand Mercure Dalat Resort l\u00e0 s\u1ef1 h\u00f2a quy\u1ec7n tinh t\u1ebf gi\u1eefa v\u1ebb \u0111\u1eb9p c\u1ed5 \u0111i\u1ec3n c\u1ee7a ki\u1ebfn tr\u00fac Ph\u00e1p v\u00e0 nh\u1eefng ti\u1ec7n nghi hi\u1ec7n \u0111\u1ea1i. V\u1edbi l\u1ef1a ch\u1ecdn 131 ph\u00f2ng v\u00e0 suite \u0111\u01b0\u1ee3c thi\u1ebft k\u1ebf [&hellip;]<\/p>\n","protected":false},"author":30,"featured_media":499,"parent":0,"menu_order":0,"comment_status":"closed","ping_status":"closed","template":"template-rooms.php","meta":{"footnotes":""},"categories":[],"class_list":["post-249","page","type-page","status-publish","has-post-thumbnail","hentry"],"acf":[],"yoast_head":"<!-- This site is optimized with the Yoast SEO plugin v26.9 - https:\/\/yoast.com\/product\/yoast-seo-wordpress\/ -->\n<title>L\u01b0u tr\u00fa t\u1ea1i \u0110\u00e0 L\u1ea1t | S\u1ef1 sang tr\u1ecdng theo phong c\u00e1ch Ph\u00e1p.<\/title>\n<meta name=\"description\" content=\"L\u01b0u tr\u00fa t\u1ea1i Grand Mercure \u0110\u00e0 L\u1ea1t \u0111\u1ea7y sang tr\u1ecdng v\u1edbi 131 ph\u00f2ng v\u00e0 suite trong 12 bi\u1ec7t th\u1ef1 \u0111\u1ea7y quy\u1ebfn r\u0169. Ho\u00e0n h\u1ea3o cho c\u00e1c c\u1eb7p \u0111\u00f4i v\u00e0 gia \u0111\u00ecnh.\" \/>\n<meta name=\"robots\" content=\"index, follow, max-snippet:-1, max-image-preview:large, max-video-preview:-1\" \/>\n<link rel=\"canonical\" href=\"https:\/\/www.grandmercuredalat.com\/vi\/rooms-suites\/\" \/>\n<meta property=\"og:locale\" content=\"vi_VN\" \/>\n<meta property=\"og:type\" content=\"article\" \/>\n<meta property=\"og:title\" content=\"L\u01b0u tr\u00fa t\u1ea1i \u0110\u00e0 L\u1ea1t | S\u1ef1 sang tr\u1ecdng theo phong c\u00e1ch Ph\u00e1p.\" \/>\n<meta property=\"og:description\" content=\"L\u01b0u tr\u00fa t\u1ea1i Grand Mercure \u0110\u00e0 L\u1ea1t \u0111\u1ea7y sang tr\u1ecdng v\u1edbi 131 ph\u00f2ng v\u00e0 suite trong 12 bi\u1ec7t th\u1ef1 \u0111\u1ea7y quy\u1ebfn r\u0169. Ho\u00e0n h\u1ea3o cho c\u00e1c c\u1eb7p \u0111\u00f4i v\u00e0 gia \u0111\u00ecnh.\" \/>\n<meta property=\"og:url\" content=\"https:\/\/www.grandmercuredalat.com\/vi\/rooms-suites\/\" \/>\n<meta property=\"og:site_name\" content=\"Grand Mercure Dalat Resort\" \/>\n<meta property=\"article:modified_time\" content=\"2026-01-23T09:53:24+00:00\" \/>\n<meta property=\"og:image\" content=\"https:\/\/www.grandmercuredalat.com\/wp-content\/uploads\/sites\/4\/2025\/11\/Rooms-and-Suites-min-scaled.jpg\" \/>\n\t<meta property=\"og:image:width\" content=\"2560\" \/>\n\t<meta property=\"og:image:height\" content=\"1918\" \/>\n\t<meta property=\"og:image:type\" content=\"image\/jpeg\" \/>\n<meta name=\"twitter:card\" content=\"summary_large_image\" \/>\n<meta name=\"twitter:label1\" content=\"Est. reading time\" \/>\n\t<meta name=\"twitter:data1\" content=\"2 minutes\" \/>\n<script type=\"application\/ld+json\" class=\"yoast-schema-graph\">{\"@context\":\"https:\/\/schema.org\",\"@graph\":[{\"@type\":\"WebPage\",\"@id\":\"https:\/\/www.grandmercuredalat.com\/vi\/rooms-suites\/\",\"url\":\"https:\/\/www.grandmercuredalat.com\/vi\/rooms-suites\/\",\"name\":\"L\u01b0u tr\u00fa t\u1ea1i \u0110\u00e0 L\u1ea1t | S\u1ef1 sang tr\u1ecdng theo phong c\u00e1ch Ph\u00e1p.\",\"isPartOf\":{\"@id\":\"https:\/\/www.grandmercuredalat.com\/#website\"},\"primaryImageOfPage\":{\"@id\":\"https:\/\/www.grandmercuredalat.com\/vi\/rooms-suites\/#primaryimage\"},\"image\":{\"@id\":\"https:\/\/www.grandmercuredalat.com\/vi\/rooms-suites\/#primaryimage\"},\"thumbnailUrl\":\"https:\/\/www.grandmercuredalat.com\/wp-content\/uploads\/sites\/4\/2025\/11\/Rooms-and-Suites-min-scaled.jpg\",\"datePublished\":\"2025-09-30T06:22:23+00:00\",\"dateModified\":\"2026-01-23T09:53:24+00:00\",\"description\":\"L\u01b0u tr\u00fa t\u1ea1i Grand Mercure \u0110\u00e0 L\u1ea1t \u0111\u1ea7y sang tr\u1ecdng v\u1edbi 131 ph\u00f2ng v\u00e0 suite trong 12 bi\u1ec7t th\u1ef1 \u0111\u1ea7y quy\u1ebfn r\u0169. Ho\u00e0n h\u1ea3o cho c\u00e1c c\u1eb7p \u0111\u00f4i v\u00e0 gia \u0111\u00ecnh.\",\"breadcrumb\":{\"@id\":\"https:\/\/www.grandmercuredalat.com\/vi\/rooms-suites\/#breadcrumb\"},\"inLanguage\":\"vi-VN\",\"potentialAction\":[{\"@type\":\"ReadAction\",\"target\":[\"https:\/\/www.grandmercuredalat.com\/vi\/rooms-suites\/\"]}]},{\"@type\":\"ImageObject\",\"inLanguage\":\"vi-VN\",\"@id\":\"https:\/\/www.grandmercuredalat.com\/vi\/rooms-suites\/#primaryimage\",\"url\":\"https:\/\/www.grandmercuredalat.com\/wp-content\/uploads\/sites\/4\/2025\/11\/Rooms-and-Suites-min-scaled.jpg\",\"contentUrl\":\"https:\/\/www.grandmercuredalat.com\/wp-content\/uploads\/sites\/4\/2025\/11\/Rooms-and-Suites-min-scaled.jpg\",\"width\":2560,\"height\":1918,\"caption\":\"accommodation in Dalat\"},{\"@type\":\"BreadcrumbList\",\"@id\":\"https:\/\/www.grandmercuredalat.com\/vi\/rooms-suites\/#breadcrumb\",\"itemListElement\":[{\"@type\":\"ListItem\",\"position\":1,\"name\":\"Home\",\"item\":\"https:\/\/www.grandmercuredalat.com\/vi\/\"},{\"@type\":\"ListItem\",\"position\":2,\"name\":\"Ph\u00f2ng Ngh\u1ec9 &amp; Suites\"}]},{\"@type\":\"WebSite\",\"@id\":\"https:\/\/www.grandmercuredalat.com\/#website\",\"url\":\"https:\/\/www.grandmercuredalat.com\/\",\"name\":\"Grand Mercure Dalat Resort\",\"description\":\"\",\"publisher\":{\"@id\":\"https:\/\/www.grandmercuredalat.com\/#organization\"},\"potentialAction\":[{\"@type\":\"SearchAction\",\"target\":{\"@type\":\"EntryPoint\",\"urlTemplate\":\"https:\/\/www.grandmercuredalat.com\/?s={search_term_string}\"},\"query-input\":{\"@type\":\"PropertyValueSpecification\",\"valueRequired\":true,\"valueName\":\"search_term_string\"}}],\"inLanguage\":\"vi-VN\"},{\"@type\":\"Organization\",\"@id\":\"https:\/\/www.grandmercuredalat.com\/#organization\",\"name\":\"Grand Mercure Dalat Resort\",\"url\":\"https:\/\/www.grandmercuredalat.com\/\",\"logo\":{\"@type\":\"ImageObject\",\"inLanguage\":\"vi-VN\",\"@id\":\"https:\/\/www.grandmercuredalat.com\/#\/schema\/logo\/image\/\",\"url\":\"https:\/\/www.grandmercuredalat.com\/wp-content\/uploads\/sites\/4\/2025\/10\/Pool-26.jpg\",\"contentUrl\":\"https:\/\/www.grandmercuredalat.com\/wp-content\/uploads\/sites\/4\/2025\/10\/Pool-26.jpg\",\"width\":1800,\"height\":1200,\"caption\":\"Grand Mercure Dalat Resort\"},\"image\":{\"@id\":\"https:\/\/www.grandmercuredalat.com\/#\/schema\/logo\/image\/\"}}]}<\/script>\n<!-- \/ Yoast SEO plugin. -->","yoast_head_json":{"title":"L\u01b0u tr\u00fa t\u1ea1i \u0110\u00e0 L\u1ea1t | S\u1ef1 sang tr\u1ecdng theo phong c\u00e1ch Ph\u00e1p.","description":"L\u01b0u tr\u00fa t\u1ea1i Grand Mercure \u0110\u00e0 L\u1ea1t \u0111\u1ea7y sang tr\u1ecdng v\u1edbi 131 ph\u00f2ng v\u00e0 suite trong 12 bi\u1ec7t th\u1ef1 \u0111\u1ea7y quy\u1ebfn r\u0169. Ho\u00e0n h\u1ea3o cho c\u00e1c c\u1eb7p \u0111\u00f4i v\u00e0 gia \u0111\u00ecnh.","robots":{"index":"index","follow":"follow","max-snippet":"max-snippet:-1","max-image-preview":"max-image-preview:large","max-video-preview":"max-video-preview:-1"},"canonical":"https:\/\/www.grandmercuredalat.com\/vi\/rooms-suites\/","og_locale":"vi_VN","og_type":"article","og_title":"L\u01b0u tr\u00fa t\u1ea1i \u0110\u00e0 L\u1ea1t | S\u1ef1 sang tr\u1ecdng theo phong c\u00e1ch Ph\u00e1p.","og_description":"L\u01b0u tr\u00fa t\u1ea1i Grand Mercure \u0110\u00e0 L\u1ea1t \u0111\u1ea7y sang tr\u1ecdng v\u1edbi 131 ph\u00f2ng v\u00e0 suite trong 12 bi\u1ec7t th\u1ef1 \u0111\u1ea7y quy\u1ebfn r\u0169. Ho\u00e0n h\u1ea3o cho c\u00e1c c\u1eb7p \u0111\u00f4i v\u00e0 gia \u0111\u00ecnh.","og_url":"https:\/\/www.grandmercuredalat.com\/vi\/rooms-suites\/","og_site_name":"Grand Mercure Dalat Resort","article_modified_time":"2026-01-23T09:53:24+00:00","og_image":[{"width":2560,"height":1918,"url":"https:\/\/www.grandmercuredalat.com\/wp-content\/uploads\/sites\/4\/2025\/11\/Rooms-and-Suites-min-scaled.jpg","type":"image\/jpeg"}],"twitter_card":"summary_large_image","twitter_misc":{"Est. reading time":"2 minutes"},"schema":{"@context":"https:\/\/schema.org","@graph":[{"@type":"WebPage","@id":"https:\/\/www.grandmercuredalat.com\/vi\/rooms-suites\/","url":"https:\/\/www.grandmercuredalat.com\/vi\/rooms-suites\/","name":"L\u01b0u tr\u00fa t\u1ea1i \u0110\u00e0 L\u1ea1t | S\u1ef1 sang tr\u1ecdng theo phong c\u00e1ch Ph\u00e1p.","isPartOf":{"@id":"https:\/\/www.grandmercuredalat.com\/#website"},"primaryImageOfPage":{"@id":"https:\/\/www.grandmercuredalat.com\/vi\/rooms-suites\/#primaryimage"},"image":{"@id":"https:\/\/www.grandmercuredalat.com\/vi\/rooms-suites\/#primaryimage"},"thumbnailUrl":"https:\/\/www.grandmercuredalat.com\/wp-content\/uploads\/sites\/4\/2025\/11\/Rooms-and-Suites-min-scaled.jpg","datePublished":"2025-09-30T06:22:23+00:00","dateModified":"2026-01-23T09:53:24+00:00","description":"L\u01b0u tr\u00fa t\u1ea1i Grand Mercure \u0110\u00e0 L\u1ea1t \u0111\u1ea7y sang tr\u1ecdng v\u1edbi 131 ph\u00f2ng v\u00e0 suite trong 12 bi\u1ec7t th\u1ef1 \u0111\u1ea7y quy\u1ebfn r\u0169. Ho\u00e0n h\u1ea3o cho c\u00e1c c\u1eb7p \u0111\u00f4i v\u00e0 gia \u0111\u00ecnh.","breadcrumb":{"@id":"https:\/\/www.grandmercuredalat.com\/vi\/rooms-suites\/#breadcrumb"},"inLanguage":"vi-VN","potentialAction":[{"@type":"ReadAction","target":["https:\/\/www.grandmercuredalat.com\/vi\/rooms-suites\/"]}]},{"@type":"ImageObject","inLanguage":"vi-VN","@id":"https:\/\/www.grandmercuredalat.com\/vi\/rooms-suites\/#primaryimage","url":"https:\/\/www.grandmercuredalat.com\/wp-content\/uploads\/sites\/4\/2025\/11\/Rooms-and-Suites-min-scaled.jpg","contentUrl":"https:\/\/www.grandmercuredalat.com\/wp-content\/uploads\/sites\/4\/2025\/11\/Rooms-and-Suites-min-scaled.jpg","width":2560,"height":1918,"caption":"accommodation in Dalat"},{"@type":"BreadcrumbList","@id":"https:\/\/www.grandmercuredalat.com\/vi\/rooms-suites\/#breadcrumb","itemListElement":[{"@type":"ListItem","position":1,"name":"Home","item":"https:\/\/www.grandmercuredalat.com\/vi\/"},{"@type":"ListItem","position":2,"name":"Ph\u00f2ng Ngh\u1ec9 &amp; Suites"}]},{"@type":"WebSite","@id":"https:\/\/www.grandmercuredalat.com\/#website","url":"https:\/\/www.grandmercuredalat.com\/","name":"Grand Mercure Dalat Resort","description":"","publisher":{"@id":"https:\/\/www.grandmercuredalat.com\/#organization"},"potentialAction":[{"@type":"SearchAction","target":{"@type":"EntryPoint","urlTemplate":"https:\/\/www.grandmercuredalat.com\/?s={search_term_string}"},"query-input":{"@type":"PropertyValueSpecification","valueRequired":true,"valueName":"search_term_string"}}],"inLanguage":"vi-VN"},{"@type":"Organization","@id":"https:\/\/www.grandmercuredalat.com\/#organization","name":"Grand Mercure Dalat Resort","url":"https:\/\/www.grandmercuredalat.com\/","logo":{"@type":"ImageObject","inLanguage":"vi-VN","@id":"https:\/\/www.grandmercuredalat.com\/#\/schema\/logo\/image\/","url":"https:\/\/www.grandmercuredalat.com\/wp-content\/uploads\/sites\/4\/2025\/10\/Pool-26.jpg","contentUrl":"https:\/\/www.grandmercuredalat.com\/wp-content\/uploads\/sites\/4\/2025\/10\/Pool-26.jpg","width":1800,"height":1200,"caption":"Grand Mercure Dalat Resort"},"image":{"@id":"https:\/\/www.grandmercuredalat.com\/#\/schema\/logo\/image\/"}}]}},"_links":{"self":[{"href":"https:\/\/www.grandmercuredalat.com\/vi\/wp-json\/wp\/v2\/pages\/249","targetHints":{"allow":["GET"]}}],"collection":[{"href":"https:\/\/www.grandmercuredalat.com\/vi\/wp-json\/wp\/v2\/pages"}],"about":[{"href":"https:\/\/www.grandmercuredalat.com\/vi\/wp-json\/wp\/v2\/types\/page"}],"author":[{"embeddable":true,"href":"https:\/\/www.grandmercuredalat.com\/vi\/wp-json\/wp\/v2\/users\/30"}],"replies":[{"embeddable":true,"href":"https:\/\/www.grandmercuredalat.com\/vi\/wp-json\/wp\/v2\/comments?post=249"}],"version-history":[{"count":0,"href":"https:\/\/www.grandmercuredalat.com\/vi\/wp-json\/wp\/v2\/pages\/249\/revisions"}],"wp:featuredmedia":[{"embeddable":true,"href":"https:\/\/www.grandmercuredalat.com\/vi\/wp-json\/wp\/v2\/media\/499"}],"wp:attachment":[{"href":"https:\/\/www.grandmercuredalat.com\/vi\/wp-json\/wp\/v2\/media?parent=249"}],"wp:term":[{"taxonomy":"category","embeddable":true,"href":"https:\/\/www.grandmercuredalat.com\/vi\/wp-json\/wp\/v2\/categories?post=249"}],"curies":[{"name":"wp","href":"https:\/\/api.w.org\/{rel}","templated":true}]}}