{"id":204,"date":"2025-10-09T05:44:34","date_gmt":"2025-10-09T05:44:34","guid":{"rendered":"https:\/\/grandmercuredalatresort.accorv2prod2.decms.eu\/newsletter\/"},"modified":"2026-01-23T08:58:24","modified_gmt":"2026-01-23T08:58:24","slug":"newsletter","status":"publish","type":"page","link":"https:\/\/www.grandmercuredalat.com\/vi\/newsletter\/","title":{"rendered":"Tin T\u1ee9c"},"content":{"rendered":"","protected":false},"excerpt":{"rendered":"","protected":false},"author":30,"featured_media":166,"parent":0,"menu_order":0,"comment_status":"closed","ping_status":"closed","template":"template-newsletter.php","meta":{"footnotes":""},"categories":[],"class_list":["post-204","page","type-page","status-publish","has-post-thumbnail","hentry"],"acf":[],"yoast_head":"<!-- This site is optimized with the Yoast SEO plugin v26.9 - https:\/\/yoast.com\/product\/yoast-seo-wordpress\/ -->\n<title>Tin T\u1ee9c V\u1ec1 Khu Ngh\u1ec9 D\u01b0\u1ee1ng - Grand Mercure Dalat Resort<\/title>\n<meta name=\"description\" content=\"Mang v\u1ebb \u0111\u1eb9p quy\u1ebfn r\u0169 c\u1ee7a v\u00f9ng cao nguy\u00ean \u0111\u1ebfn h\u1ed9p th\u01b0 c\u1ee7a b\u1ea1n. \u0110\u0103ng k\u00fd nh\u1eadn b\u1ea3n tin m\u1edbi nh\u1ea5t c\u1ee7a ch\u00fang t\u00f4i \u0111\u1ec3 c\u00f3 th\u00eam c\u1ea3m h\u1ee9ng du l\u1ecbch.\" \/>\n<meta name=\"robots\" content=\"index, follow, max-snippet:-1, max-image-preview:large, max-video-preview:-1\" \/>\n<link rel=\"canonical\" href=\"https:\/\/www.grandmercuredalat.com\/vi\/newsletter\/\" \/>\n<meta property=\"og:locale\" content=\"vi_VN\" \/>\n<meta property=\"og:type\" content=\"article\" \/>\n<meta property=\"og:title\" content=\"Tin T\u1ee9c V\u1ec1 Khu Ngh\u1ec9 D\u01b0\u1ee1ng - Grand Mercure Dalat Resort\" \/>\n<meta property=\"og:description\" content=\"Mang v\u1ebb \u0111\u1eb9p quy\u1ebfn r\u0169 c\u1ee7a v\u00f9ng cao nguy\u00ean \u0111\u1ebfn h\u1ed9p th\u01b0 c\u1ee7a b\u1ea1n. \u0110\u0103ng k\u00fd nh\u1eadn b\u1ea3n tin m\u1edbi nh\u1ea5t c\u1ee7a ch\u00fang t\u00f4i \u0111\u1ec3 c\u00f3 th\u00eam c\u1ea3m h\u1ee9ng du l\u1ecbch.\" \/>\n<meta property=\"og:url\" content=\"https:\/\/www.grandmercuredalat.com\/vi\/newsletter\/\" \/>\n<meta property=\"og:site_name\" content=\"Grand Mercure Dalat Resort\" \/>\n<meta property=\"article:modified_time\" content=\"2026-01-23T08:58:24+00:00\" \/>\n<meta property=\"og:image\" content=\"https:\/\/www.grandmercuredalat.com\/wp-content\/uploads\/sites\/4\/2025\/10\/Tuyen-Lam-Lake.jpg\" \/>\n\t<meta property=\"og:image:width\" content=\"1600\" \/>\n\t<meta property=\"og:image:height\" content=\"1200\" \/>\n\t<meta property=\"og:image:type\" content=\"image\/jpeg\" \/>\n<meta name=\"twitter:card\" content=\"summary_large_image\" \/>\n<meta name=\"twitter:label1\" content=\"Est. reading time\" \/>\n\t<meta name=\"twitter:data1\" content=\"1 minute\" \/>\n<script type=\"application\/ld+json\" class=\"yoast-schema-graph\">{\"@context\":\"https:\/\/schema.org\",\"@graph\":[{\"@type\":\"WebPage\",\"@id\":\"https:\/\/www.grandmercuredalat.com\/vi\/newsletter\/\",\"url\":\"https:\/\/www.grandmercuredalat.com\/vi\/newsletter\/\",\"name\":\"Tin T\u1ee9c V\u1ec1 Khu Ngh\u1ec9 D\u01b0\u1ee1ng - Grand Mercure Dalat Resort\",\"isPartOf\":{\"@id\":\"https:\/\/www.grandmercuredalat.com\/#website\"},\"primaryImageOfPage\":{\"@id\":\"https:\/\/www.grandmercuredalat.com\/vi\/newsletter\/#primaryimage\"},\"image\":{\"@id\":\"https:\/\/www.grandmercuredalat.com\/vi\/newsletter\/#primaryimage\"},\"thumbnailUrl\":\"https:\/\/www.grandmercuredalat.com\/wp-content\/uploads\/sites\/4\/2025\/10\/Tuyen-Lam-Lake.jpg\",\"datePublished\":\"2025-10-09T05:44:34+00:00\",\"dateModified\":\"2026-01-23T08:58:24+00:00\",\"description\":\"Mang v\u1ebb \u0111\u1eb9p quy\u1ebfn r\u0169 c\u1ee7a v\u00f9ng cao nguy\u00ean \u0111\u1ebfn h\u1ed9p th\u01b0 c\u1ee7a b\u1ea1n. \u0110\u0103ng k\u00fd nh\u1eadn b\u1ea3n tin m\u1edbi nh\u1ea5t c\u1ee7a ch\u00fang t\u00f4i \u0111\u1ec3 c\u00f3 th\u00eam c\u1ea3m h\u1ee9ng du l\u1ecbch.\",\"breadcrumb\":{\"@id\":\"https:\/\/www.grandmercuredalat.com\/vi\/newsletter\/#breadcrumb\"},\"inLanguage\":\"vi-VN\",\"potentialAction\":[{\"@type\":\"ReadAction\",\"target\":[\"https:\/\/www.grandmercuredalat.com\/vi\/newsletter\/\"]}]},{\"@type\":\"ImageObject\",\"inLanguage\":\"vi-VN\",\"@id\":\"https:\/\/www.grandmercuredalat.com\/vi\/newsletter\/#primaryimage\",\"url\":\"https:\/\/www.grandmercuredalat.com\/wp-content\/uploads\/sites\/4\/2025\/10\/Tuyen-Lam-Lake.jpg\",\"contentUrl\":\"https:\/\/www.grandmercuredalat.com\/wp-content\/uploads\/sites\/4\/2025\/10\/Tuyen-Lam-Lake.jpg\",\"width\":1600,\"height\":1200,\"caption\":\"Tuyen Lam Lake\"},{\"@type\":\"BreadcrumbList\",\"@id\":\"https:\/\/www.grandmercuredalat.com\/vi\/newsletter\/#breadcrumb\",\"itemListElement\":[{\"@type\":\"ListItem\",\"position\":1,\"name\":\"Home\",\"item\":\"https:\/\/www.grandmercuredalat.com\/vi\/\"},{\"@type\":\"ListItem\",\"position\":2,\"name\":\"Tin T\u1ee9c\"}]},{\"@type\":\"WebSite\",\"@id\":\"https:\/\/www.grandmercuredalat.com\/#website\",\"url\":\"https:\/\/www.grandmercuredalat.com\/\",\"name\":\"Grand Mercure Dalat Resort\",\"description\":\"\",\"publisher\":{\"@id\":\"https:\/\/www.grandmercuredalat.com\/#organization\"},\"potentialAction\":[{\"@type\":\"SearchAction\",\"target\":{\"@type\":\"EntryPoint\",\"urlTemplate\":\"https:\/\/www.grandmercuredalat.com\/?s={search_term_string}\"},\"query-input\":{\"@type\":\"PropertyValueSpecification\",\"valueRequired\":true,\"valueName\":\"search_term_string\"}}],\"inLanguage\":\"vi-VN\"},{\"@type\":\"Organization\",\"@id\":\"https:\/\/www.grandmercuredalat.com\/#organization\",\"name\":\"Grand Mercure Dalat Resort\",\"url\":\"https:\/\/www.grandmercuredalat.com\/\",\"logo\":{\"@type\":\"ImageObject\",\"inLanguage\":\"vi-VN\",\"@id\":\"https:\/\/www.grandmercuredalat.com\/#\/schema\/logo\/image\/\",\"url\":\"https:\/\/www.grandmercuredalat.com\/wp-content\/uploads\/sites\/4\/2025\/10\/Pool-26.jpg\",\"contentUrl\":\"https:\/\/www.grandmercuredalat.com\/wp-content\/uploads\/sites\/4\/2025\/10\/Pool-26.jpg\",\"width\":1800,\"height\":1200,\"caption\":\"Grand Mercure Dalat Resort\"},\"image\":{\"@id\":\"https:\/\/www.grandmercuredalat.com\/#\/schema\/logo\/image\/\"}}]}<\/script>\n<!-- \/ Yoast SEO plugin. -->","yoast_head_json":{"title":"Tin T\u1ee9c V\u1ec1 Khu Ngh\u1ec9 D\u01b0\u1ee1ng - Grand Mercure Dalat Resort","description":"Mang v\u1ebb \u0111\u1eb9p quy\u1ebfn r\u0169 c\u1ee7a v\u00f9ng cao nguy\u00ean \u0111\u1ebfn h\u1ed9p th\u01b0 c\u1ee7a b\u1ea1n. \u0110\u0103ng k\u00fd nh\u1eadn b\u1ea3n tin m\u1edbi nh\u1ea5t c\u1ee7a ch\u00fang t\u00f4i \u0111\u1ec3 c\u00f3 th\u00eam c\u1ea3m h\u1ee9ng du l\u1ecbch.","robots":{"index":"index","follow":"follow","max-snippet":"max-snippet:-1","max-image-preview":"max-image-preview:large","max-video-preview":"max-video-preview:-1"},"canonical":"https:\/\/www.grandmercuredalat.com\/vi\/newsletter\/","og_locale":"vi_VN","og_type":"article","og_title":"Tin T\u1ee9c V\u1ec1 Khu Ngh\u1ec9 D\u01b0\u1ee1ng - Grand Mercure Dalat Resort","og_description":"Mang v\u1ebb \u0111\u1eb9p quy\u1ebfn r\u0169 c\u1ee7a v\u00f9ng cao nguy\u00ean \u0111\u1ebfn h\u1ed9p th\u01b0 c\u1ee7a b\u1ea1n. \u0110\u0103ng k\u00fd nh\u1eadn b\u1ea3n tin m\u1edbi nh\u1ea5t c\u1ee7a ch\u00fang t\u00f4i \u0111\u1ec3 c\u00f3 th\u00eam c\u1ea3m h\u1ee9ng du l\u1ecbch.","og_url":"https:\/\/www.grandmercuredalat.com\/vi\/newsletter\/","og_site_name":"Grand Mercure Dalat Resort","article_modified_time":"2026-01-23T08:58:24+00:00","og_image":[{"width":1600,"height":1200,"url":"https:\/\/www.grandmercuredalat.com\/wp-content\/uploads\/sites\/4\/2025\/10\/Tuyen-Lam-Lake.jpg","type":"image\/jpeg"}],"twitter_card":"summary_large_image","twitter_misc":{"Est. reading time":"1 minute"},"schema":{"@context":"https:\/\/schema.org","@graph":[{"@type":"WebPage","@id":"https:\/\/www.grandmercuredalat.com\/vi\/newsletter\/","url":"https:\/\/www.grandmercuredalat.com\/vi\/newsletter\/","name":"Tin T\u1ee9c V\u1ec1 Khu Ngh\u1ec9 D\u01b0\u1ee1ng - Grand Mercure Dalat Resort","isPartOf":{"@id":"https:\/\/www.grandmercuredalat.com\/#website"},"primaryImageOfPage":{"@id":"https:\/\/www.grandmercuredalat.com\/vi\/newsletter\/#primaryimage"},"image":{"@id":"https:\/\/www.grandmercuredalat.com\/vi\/newsletter\/#primaryimage"},"thumbnailUrl":"https:\/\/www.grandmercuredalat.com\/wp-content\/uploads\/sites\/4\/2025\/10\/Tuyen-Lam-Lake.jpg","datePublished":"2025-10-09T05:44:34+00:00","dateModified":"2026-01-23T08:58:24+00:00","description":"Mang v\u1ebb \u0111\u1eb9p quy\u1ebfn r\u0169 c\u1ee7a v\u00f9ng cao nguy\u00ean \u0111\u1ebfn h\u1ed9p th\u01b0 c\u1ee7a b\u1ea1n. \u0110\u0103ng k\u00fd nh\u1eadn b\u1ea3n tin m\u1edbi nh\u1ea5t c\u1ee7a ch\u00fang t\u00f4i \u0111\u1ec3 c\u00f3 th\u00eam c\u1ea3m h\u1ee9ng du l\u1ecbch.","breadcrumb":{"@id":"https:\/\/www.grandmercuredalat.com\/vi\/newsletter\/#breadcrumb"},"inLanguage":"vi-VN","potentialAction":[{"@type":"ReadAction","target":["https:\/\/www.grandmercuredalat.com\/vi\/newsletter\/"]}]},{"@type":"ImageObject","inLanguage":"vi-VN","@id":"https:\/\/www.grandmercuredalat.com\/vi\/newsletter\/#primaryimage","url":"https:\/\/www.grandmercuredalat.com\/wp-content\/uploads\/sites\/4\/2025\/10\/Tuyen-Lam-Lake.jpg","contentUrl":"https:\/\/www.grandmercuredalat.com\/wp-content\/uploads\/sites\/4\/2025\/10\/Tuyen-Lam-Lake.jpg","width":1600,"height":1200,"caption":"Tuyen Lam Lake"},{"@type":"BreadcrumbList","@id":"https:\/\/www.grandmercuredalat.com\/vi\/newsletter\/#breadcrumb","itemListElement":[{"@type":"ListItem","position":1,"name":"Home","item":"https:\/\/www.grandmercuredalat.com\/vi\/"},{"@type":"ListItem","position":2,"name":"Tin T\u1ee9c"}]},{"@type":"WebSite","@id":"https:\/\/www.grandmercuredalat.com\/#website","url":"https:\/\/www.grandmercuredalat.com\/","name":"Grand Mercure Dalat Resort","description":"","publisher":{"@id":"https:\/\/www.grandmercuredalat.com\/#organization"},"potentialAction":[{"@type":"SearchAction","target":{"@type":"EntryPoint","urlTemplate":"https:\/\/www.grandmercuredalat.com\/?s={search_term_string}"},"query-input":{"@type":"PropertyValueSpecification","valueRequired":true,"valueName":"search_term_string"}}],"inLanguage":"vi-VN"},{"@type":"Organization","@id":"https:\/\/www.grandmercuredalat.com\/#organization","name":"Grand Mercure Dalat Resort","url":"https:\/\/www.grandmercuredalat.com\/","logo":{"@type":"ImageObject","inLanguage":"vi-VN","@id":"https:\/\/www.grandmercuredalat.com\/#\/schema\/logo\/image\/","url":"https:\/\/www.grandmercuredalat.com\/wp-content\/uploads\/sites\/4\/2025\/10\/Pool-26.jpg","contentUrl":"https:\/\/www.grandmercuredalat.com\/wp-content\/uploads\/sites\/4\/2025\/10\/Pool-26.jpg","width":1800,"height":1200,"caption":"Grand Mercure Dalat Resort"},"image":{"@id":"https:\/\/www.grandmercuredalat.com\/#\/schema\/logo\/image\/"}}]}},"_links":{"self":[{"href":"https:\/\/www.grandmercuredalat.com\/vi\/wp-json\/wp\/v2\/pages\/204","targetHints":{"allow":["GET"]}}],"collection":[{"href":"https:\/\/www.grandmercuredalat.com\/vi\/wp-json\/wp\/v2\/pages"}],"about":[{"href":"https:\/\/www.grandmercuredalat.com\/vi\/wp-json\/wp\/v2\/types\/page"}],"author":[{"embeddable":true,"href":"https:\/\/www.grandmercuredalat.com\/vi\/wp-json\/wp\/v2\/users\/30"}],"replies":[{"embeddable":true,"href":"https:\/\/www.grandmercuredalat.com\/vi\/wp-json\/wp\/v2\/comments?post=204"}],"version-history":[{"count":0,"href":"https:\/\/www.grandmercuredalat.com\/vi\/wp-json\/wp\/v2\/pages\/204\/revisions"}],"wp:featuredmedia":[{"embeddable":true,"href":"https:\/\/www.grandmercuredalat.com\/vi\/wp-json\/wp\/v2\/media\/166"}],"wp:attachment":[{"href":"https:\/\/www.grandmercuredalat.com\/vi\/wp-json\/wp\/v2\/media?parent=204"}],"wp:term":[{"taxonomy":"category","embeddable":true,"href":"https:\/\/www.grandmercuredalat.com\/vi\/wp-json\/wp\/v2\/categories?post=204"}],"curies":[{"name":"wp","href":"https:\/\/api.w.org\/{rel}","templated":true}]}}