{"id":202,"date":"2025-10-09T05:43:59","date_gmt":"2025-10-09T05:43:59","guid":{"rendered":"https:\/\/grandmercuredalatresort.accorv2prod2.decms.eu\/sitemap\/"},"modified":"2026-01-23T10:22:19","modified_gmt":"2026-01-23T10:22:19","slug":"sitemap","status":"publish","type":"page","link":"https:\/\/www.grandmercuredalat.com\/vi\/sitemap\/","title":{"rendered":"Sitemap"},"content":{"rendered":"","protected":false},"excerpt":{"rendered":"","protected":false},"author":30,"featured_media":540,"parent":0,"menu_order":0,"comment_status":"closed","ping_status":"closed","template":"template-sitemap.php","meta":{"footnotes":""},"categories":[],"class_list":["post-202","page","type-page","status-publish","has-post-thumbnail","hentry"],"acf":[],"yoast_head":"<!-- This site is optimized with the Yoast SEO plugin v26.9 - https:\/\/yoast.com\/product\/yoast-seo-wordpress\/ -->\n<title>Sitemap - Grand Mercure Dalat Resort<\/title>\n<meta name=\"description\" content=\"Kh\u00e1m ph\u00e1 kh\u00f4ng gian ngh\u1ec9 d\u01b0\u1ee1ng mang c\u1ea3m h\u1ee9ng Ph\u00e1p. S\u1eed d\u1ee5ng s\u01a1 \u0111\u1ed3 trang web c\u1ee7a khu ngh\u1ec9 d\u01b0\u1ee1ng \u0111\u1ec3 d\u1ec5 d\u00e0ng t\u00ecm hi\u1ec3u nh\u1eefng g\u00ec ch\u00fang t\u00f4i cung c\u1ea5p.\" \/>\n<meta name=\"robots\" content=\"index, follow, max-snippet:-1, max-image-preview:large, max-video-preview:-1\" \/>\n<link rel=\"canonical\" href=\"https:\/\/www.grandmercuredalat.com\/vi\/sitemap\/\" \/>\n<meta property=\"og:locale\" content=\"vi_VN\" \/>\n<meta property=\"og:type\" content=\"article\" \/>\n<meta property=\"og:title\" content=\"Sitemap - Grand Mercure Dalat Resort\" \/>\n<meta property=\"og:description\" content=\"Kh\u00e1m ph\u00e1 kh\u00f4ng gian ngh\u1ec9 d\u01b0\u1ee1ng mang c\u1ea3m h\u1ee9ng Ph\u00e1p. S\u1eed d\u1ee5ng s\u01a1 \u0111\u1ed3 trang web c\u1ee7a khu ngh\u1ec9 d\u01b0\u1ee1ng \u0111\u1ec3 d\u1ec5 d\u00e0ng t\u00ecm hi\u1ec3u nh\u1eefng g\u00ec ch\u00fang t\u00f4i cung c\u1ea5p.\" \/>\n<meta property=\"og:url\" content=\"https:\/\/www.grandmercuredalat.com\/vi\/sitemap\/\" \/>\n<meta property=\"og:site_name\" content=\"Grand Mercure Dalat Resort\" \/>\n<meta property=\"article:modified_time\" content=\"2026-01-23T10:22:19+00:00\" \/>\n<meta property=\"og:image\" content=\"https:\/\/www.grandmercuredalat.com\/wp-content\/uploads\/sites\/4\/2025\/11\/Pool-Outdoor.jpg\" \/>\n\t<meta property=\"og:image:width\" content=\"1300\" \/>\n\t<meta property=\"og:image:height\" content=\"867\" \/>\n\t<meta property=\"og:image:type\" content=\"image\/jpeg\" \/>\n<meta name=\"twitter:card\" content=\"summary_large_image\" \/>\n<meta name=\"twitter:label1\" content=\"Est. reading time\" \/>\n\t<meta name=\"twitter:data1\" content=\"1 minute\" \/>\n<script type=\"application\/ld+json\" class=\"yoast-schema-graph\">{\"@context\":\"https:\/\/schema.org\",\"@graph\":[{\"@type\":\"WebPage\",\"@id\":\"https:\/\/www.grandmercuredalat.com\/vi\/sitemap\/\",\"url\":\"https:\/\/www.grandmercuredalat.com\/vi\/sitemap\/\",\"name\":\"Sitemap - Grand Mercure Dalat Resort\",\"isPartOf\":{\"@id\":\"https:\/\/www.grandmercuredalat.com\/#website\"},\"primaryImageOfPage\":{\"@id\":\"https:\/\/www.grandmercuredalat.com\/vi\/sitemap\/#primaryimage\"},\"image\":{\"@id\":\"https:\/\/www.grandmercuredalat.com\/vi\/sitemap\/#primaryimage\"},\"thumbnailUrl\":\"https:\/\/www.grandmercuredalat.com\/wp-content\/uploads\/sites\/4\/2025\/11\/Pool-Outdoor.jpg\",\"datePublished\":\"2025-10-09T05:43:59+00:00\",\"dateModified\":\"2026-01-23T10:22:19+00:00\",\"description\":\"Kh\u00e1m ph\u00e1 kh\u00f4ng gian ngh\u1ec9 d\u01b0\u1ee1ng mang c\u1ea3m h\u1ee9ng Ph\u00e1p. S\u1eed d\u1ee5ng s\u01a1 \u0111\u1ed3 trang web c\u1ee7a khu ngh\u1ec9 d\u01b0\u1ee1ng \u0111\u1ec3 d\u1ec5 d\u00e0ng t\u00ecm hi\u1ec3u nh\u1eefng g\u00ec ch\u00fang t\u00f4i cung c\u1ea5p.\",\"breadcrumb\":{\"@id\":\"https:\/\/www.grandmercuredalat.com\/vi\/sitemap\/#breadcrumb\"},\"inLanguage\":\"vi-VN\",\"potentialAction\":[{\"@type\":\"ReadAction\",\"target\":[\"https:\/\/www.grandmercuredalat.com\/vi\/sitemap\/\"]}]},{\"@type\":\"ImageObject\",\"inLanguage\":\"vi-VN\",\"@id\":\"https:\/\/www.grandmercuredalat.com\/vi\/sitemap\/#primaryimage\",\"url\":\"https:\/\/www.grandmercuredalat.com\/wp-content\/uploads\/sites\/4\/2025\/11\/Pool-Outdoor.jpg\",\"contentUrl\":\"https:\/\/www.grandmercuredalat.com\/wp-content\/uploads\/sites\/4\/2025\/11\/Pool-Outdoor.jpg\",\"width\":1300,\"height\":867,\"caption\":\"sitemap\"},{\"@type\":\"BreadcrumbList\",\"@id\":\"https:\/\/www.grandmercuredalat.com\/vi\/sitemap\/#breadcrumb\",\"itemListElement\":[{\"@type\":\"ListItem\",\"position\":1,\"name\":\"Home\",\"item\":\"https:\/\/www.grandmercuredalat.com\/vi\/\"},{\"@type\":\"ListItem\",\"position\":2,\"name\":\"Sitemap\"}]},{\"@type\":\"WebSite\",\"@id\":\"https:\/\/www.grandmercuredalat.com\/#website\",\"url\":\"https:\/\/www.grandmercuredalat.com\/\",\"name\":\"Grand Mercure Dalat Resort\",\"description\":\"\",\"publisher\":{\"@id\":\"https:\/\/www.grandmercuredalat.com\/#organization\"},\"potentialAction\":[{\"@type\":\"SearchAction\",\"target\":{\"@type\":\"EntryPoint\",\"urlTemplate\":\"https:\/\/www.grandmercuredalat.com\/?s={search_term_string}\"},\"query-input\":{\"@type\":\"PropertyValueSpecification\",\"valueRequired\":true,\"valueName\":\"search_term_string\"}}],\"inLanguage\":\"vi-VN\"},{\"@type\":\"Organization\",\"@id\":\"https:\/\/www.grandmercuredalat.com\/#organization\",\"name\":\"Grand Mercure Dalat Resort\",\"url\":\"https:\/\/www.grandmercuredalat.com\/\",\"logo\":{\"@type\":\"ImageObject\",\"inLanguage\":\"vi-VN\",\"@id\":\"https:\/\/www.grandmercuredalat.com\/#\/schema\/logo\/image\/\",\"url\":\"https:\/\/www.grandmercuredalat.com\/wp-content\/uploads\/sites\/4\/2025\/10\/Pool-26.jpg\",\"contentUrl\":\"https:\/\/www.grandmercuredalat.com\/wp-content\/uploads\/sites\/4\/2025\/10\/Pool-26.jpg\",\"width\":1800,\"height\":1200,\"caption\":\"Grand Mercure Dalat Resort\"},\"image\":{\"@id\":\"https:\/\/www.grandmercuredalat.com\/#\/schema\/logo\/image\/\"}}]}<\/script>\n<!-- \/ Yoast SEO plugin. -->","yoast_head_json":{"title":"Sitemap - Grand Mercure Dalat Resort","description":"Kh\u00e1m ph\u00e1 kh\u00f4ng gian ngh\u1ec9 d\u01b0\u1ee1ng mang c\u1ea3m h\u1ee9ng Ph\u00e1p. S\u1eed d\u1ee5ng s\u01a1 \u0111\u1ed3 trang web c\u1ee7a khu ngh\u1ec9 d\u01b0\u1ee1ng \u0111\u1ec3 d\u1ec5 d\u00e0ng t\u00ecm hi\u1ec3u nh\u1eefng g\u00ec ch\u00fang t\u00f4i cung c\u1ea5p.","robots":{"index":"index","follow":"follow","max-snippet":"max-snippet:-1","max-image-preview":"max-image-preview:large","max-video-preview":"max-video-preview:-1"},"canonical":"https:\/\/www.grandmercuredalat.com\/vi\/sitemap\/","og_locale":"vi_VN","og_type":"article","og_title":"Sitemap - Grand Mercure Dalat Resort","og_description":"Kh\u00e1m ph\u00e1 kh\u00f4ng gian ngh\u1ec9 d\u01b0\u1ee1ng mang c\u1ea3m h\u1ee9ng Ph\u00e1p. S\u1eed d\u1ee5ng s\u01a1 \u0111\u1ed3 trang web c\u1ee7a khu ngh\u1ec9 d\u01b0\u1ee1ng \u0111\u1ec3 d\u1ec5 d\u00e0ng t\u00ecm hi\u1ec3u nh\u1eefng g\u00ec ch\u00fang t\u00f4i cung c\u1ea5p.","og_url":"https:\/\/www.grandmercuredalat.com\/vi\/sitemap\/","og_site_name":"Grand Mercure Dalat Resort","article_modified_time":"2026-01-23T10:22:19+00:00","og_image":[{"width":1300,"height":867,"url":"https:\/\/www.grandmercuredalat.com\/wp-content\/uploads\/sites\/4\/2025\/11\/Pool-Outdoor.jpg","type":"image\/jpeg"}],"twitter_card":"summary_large_image","twitter_misc":{"Est. reading time":"1 minute"},"schema":{"@context":"https:\/\/schema.org","@graph":[{"@type":"WebPage","@id":"https:\/\/www.grandmercuredalat.com\/vi\/sitemap\/","url":"https:\/\/www.grandmercuredalat.com\/vi\/sitemap\/","name":"Sitemap - Grand Mercure Dalat Resort","isPartOf":{"@id":"https:\/\/www.grandmercuredalat.com\/#website"},"primaryImageOfPage":{"@id":"https:\/\/www.grandmercuredalat.com\/vi\/sitemap\/#primaryimage"},"image":{"@id":"https:\/\/www.grandmercuredalat.com\/vi\/sitemap\/#primaryimage"},"thumbnailUrl":"https:\/\/www.grandmercuredalat.com\/wp-content\/uploads\/sites\/4\/2025\/11\/Pool-Outdoor.jpg","datePublished":"2025-10-09T05:43:59+00:00","dateModified":"2026-01-23T10:22:19+00:00","description":"Kh\u00e1m ph\u00e1 kh\u00f4ng gian ngh\u1ec9 d\u01b0\u1ee1ng mang c\u1ea3m h\u1ee9ng Ph\u00e1p. S\u1eed d\u1ee5ng s\u01a1 \u0111\u1ed3 trang web c\u1ee7a khu ngh\u1ec9 d\u01b0\u1ee1ng \u0111\u1ec3 d\u1ec5 d\u00e0ng t\u00ecm hi\u1ec3u nh\u1eefng g\u00ec ch\u00fang t\u00f4i cung c\u1ea5p.","breadcrumb":{"@id":"https:\/\/www.grandmercuredalat.com\/vi\/sitemap\/#breadcrumb"},"inLanguage":"vi-VN","potentialAction":[{"@type":"ReadAction","target":["https:\/\/www.grandmercuredalat.com\/vi\/sitemap\/"]}]},{"@type":"ImageObject","inLanguage":"vi-VN","@id":"https:\/\/www.grandmercuredalat.com\/vi\/sitemap\/#primaryimage","url":"https:\/\/www.grandmercuredalat.com\/wp-content\/uploads\/sites\/4\/2025\/11\/Pool-Outdoor.jpg","contentUrl":"https:\/\/www.grandmercuredalat.com\/wp-content\/uploads\/sites\/4\/2025\/11\/Pool-Outdoor.jpg","width":1300,"height":867,"caption":"sitemap"},{"@type":"BreadcrumbList","@id":"https:\/\/www.grandmercuredalat.com\/vi\/sitemap\/#breadcrumb","itemListElement":[{"@type":"ListItem","position":1,"name":"Home","item":"https:\/\/www.grandmercuredalat.com\/vi\/"},{"@type":"ListItem","position":2,"name":"Sitemap"}]},{"@type":"WebSite","@id":"https:\/\/www.grandmercuredalat.com\/#website","url":"https:\/\/www.grandmercuredalat.com\/","name":"Grand Mercure Dalat Resort","description":"","publisher":{"@id":"https:\/\/www.grandmercuredalat.com\/#organization"},"potentialAction":[{"@type":"SearchAction","target":{"@type":"EntryPoint","urlTemplate":"https:\/\/www.grandmercuredalat.com\/?s={search_term_string}"},"query-input":{"@type":"PropertyValueSpecification","valueRequired":true,"valueName":"search_term_string"}}],"inLanguage":"vi-VN"},{"@type":"Organization","@id":"https:\/\/www.grandmercuredalat.com\/#organization","name":"Grand Mercure Dalat Resort","url":"https:\/\/www.grandmercuredalat.com\/","logo":{"@type":"ImageObject","inLanguage":"vi-VN","@id":"https:\/\/www.grandmercuredalat.com\/#\/schema\/logo\/image\/","url":"https:\/\/www.grandmercuredalat.com\/wp-content\/uploads\/sites\/4\/2025\/10\/Pool-26.jpg","contentUrl":"https:\/\/www.grandmercuredalat.com\/wp-content\/uploads\/sites\/4\/2025\/10\/Pool-26.jpg","width":1800,"height":1200,"caption":"Grand Mercure Dalat Resort"},"image":{"@id":"https:\/\/www.grandmercuredalat.com\/#\/schema\/logo\/image\/"}}]}},"_links":{"self":[{"href":"https:\/\/www.grandmercuredalat.com\/vi\/wp-json\/wp\/v2\/pages\/202","targetHints":{"allow":["GET"]}}],"collection":[{"href":"https:\/\/www.grandmercuredalat.com\/vi\/wp-json\/wp\/v2\/pages"}],"about":[{"href":"https:\/\/www.grandmercuredalat.com\/vi\/wp-json\/wp\/v2\/types\/page"}],"author":[{"embeddable":true,"href":"https:\/\/www.grandmercuredalat.com\/vi\/wp-json\/wp\/v2\/users\/30"}],"replies":[{"embeddable":true,"href":"https:\/\/www.grandmercuredalat.com\/vi\/wp-json\/wp\/v2\/comments?post=202"}],"version-history":[{"count":0,"href":"https:\/\/www.grandmercuredalat.com\/vi\/wp-json\/wp\/v2\/pages\/202\/revisions"}],"wp:featuredmedia":[{"embeddable":true,"href":"https:\/\/www.grandmercuredalat.com\/vi\/wp-json\/wp\/v2\/media\/540"}],"wp:attachment":[{"href":"https:\/\/www.grandmercuredalat.com\/vi\/wp-json\/wp\/v2\/media?parent=202"}],"wp:term":[{"taxonomy":"category","embeddable":true,"href":"https:\/\/www.grandmercuredalat.com\/vi\/wp-json\/wp\/v2\/categories?post=202"}],"curies":[{"name":"wp","href":"https:\/\/api.w.org\/{rel}","templated":true}]}}