{"id":193,"date":"2025-10-09T05:31:49","date_gmt":"2025-10-09T05:31:49","guid":{"rendered":"https:\/\/grandmercuredalatresort.accorv2prod2.decms.eu\/frequently-asked-questions\/"},"modified":"2026-01-22T08:42:54","modified_gmt":"2026-01-22T08:42:54","slug":"frequently-asked-questions","status":"publish","type":"page","link":"https:\/\/www.grandmercuredalat.com\/vi\/frequently-asked-questions\/","title":{"rendered":"Nh\u1eefng c\u00e2u h\u1ecfi th\u01b0\u1eddng g\u1eb7p"},"content":{"rendered":"<p>Ch\u00fang t\u00f4i hi\u1ec3u r\u1eb1ng l\u00ean k\u1ebf ho\u1ea1ch cho k\u1ef3 ngh\u1ec9 lu\u00f4n \u0111i k\u00e8m v\u1edbi nhi\u1ec1u c\u00e2u h\u1ecfi. T\u1ea1i \u0111\u00e2y, b\u1ea1n s\u1ebd t\u00ecm th\u1ea5y c\u00e2u tr\u1ea3 l\u1eddi cho nh\u1eefng th\u1eafc m\u1eafc ph\u1ed5 bi\u1ebfn nh\u1ea5t, gi\u00fap tr\u1ea3i nghi\u1ec7m t\u1ea1i Grand Mercure Dalat Resort tr\u1edf n\u00ean su\u00f4n s\u1ebb v\u00e0 th\u00fa v\u1ecb.<\/p>\n","protected":false},"excerpt":{"rendered":"<p>Ch\u00fang t\u00f4i hi\u1ec3u r\u1eb1ng l\u00ean k\u1ebf ho\u1ea1ch cho k\u1ef3 ngh\u1ec9 lu\u00f4n \u0111i k\u00e8m v\u1edbi nhi\u1ec1u c\u00e2u h\u1ecfi. T\u1ea1i \u0111\u00e2y, b\u1ea1n s\u1ebd t\u00ecm th\u1ea5y c\u00e2u tr\u1ea3 l\u1eddi cho nh\u1eefng th\u1eafc m\u1eafc ph\u1ed5 bi\u1ebfn nh\u1ea5t, gi\u00fap tr\u1ea3i nghi\u1ec7m t\u1ea1i Grand Mercure Dalat Resort tr\u1edf n\u00ean su\u00f4n s\u1ebb v\u00e0 th\u00fa v\u1ecb.<\/p>\n","protected":false},"author":30,"featured_media":417,"parent":0,"menu_order":0,"comment_status":"closed","ping_status":"closed","template":"template-faq.php","meta":{"footnotes":""},"categories":[],"class_list":["post-193","page","type-page","status-publish","has-post-thumbnail","hentry"],"acf":[],"yoast_head":"<!-- This site is optimized with the Yoast SEO plugin v26.9 - https:\/\/yoast.com\/product\/yoast-seo-wordpress\/ -->\n<title>Nh\u1eefng c\u00e2u h\u1ecfi th\u01b0\u1eddng g\u1eb7p v\u1ec1 Grand Mercure Dalat Resort<\/title>\n<meta name=\"description\" content=\"T\u1ea1i \u0111\u00e2y, b\u1ea1n s\u1ebd t\u00ecm th\u1ea5y c\u00e2u tr\u1ea3 l\u1eddi cho nh\u1eefng th\u1eafc m\u1eafc ph\u1ed5 bi\u1ebfn nh\u1ea5t, gi\u00fap tr\u1ea3i nghi\u1ec7m t\u1ea1i Grand Mercure Dalat Resort tr\u1edf n\u00ean su\u00f4n s\u1ebb.\" \/>\n<meta name=\"robots\" content=\"index, follow, max-snippet:-1, max-image-preview:large, max-video-preview:-1\" \/>\n<link rel=\"canonical\" href=\"https:\/\/www.grandmercuredalat.com\/vi\/frequently-asked-questions\/\" \/>\n<meta property=\"og:locale\" content=\"vi_VN\" \/>\n<meta property=\"og:type\" content=\"article\" \/>\n<meta property=\"og:title\" content=\"Nh\u1eefng c\u00e2u h\u1ecfi th\u01b0\u1eddng g\u1eb7p v\u1ec1 Grand Mercure Dalat Resort\" \/>\n<meta property=\"og:description\" content=\"T\u1ea1i \u0111\u00e2y, b\u1ea1n s\u1ebd t\u00ecm th\u1ea5y c\u00e2u tr\u1ea3 l\u1eddi cho nh\u1eefng th\u1eafc m\u1eafc ph\u1ed5 bi\u1ebfn nh\u1ea5t, gi\u00fap tr\u1ea3i nghi\u1ec7m t\u1ea1i Grand Mercure Dalat Resort tr\u1edf n\u00ean su\u00f4n s\u1ebb.\" \/>\n<meta property=\"og:url\" content=\"https:\/\/www.grandmercuredalat.com\/vi\/frequently-asked-questions\/\" \/>\n<meta property=\"og:site_name\" content=\"Grand Mercure Dalat Resort\" \/>\n<meta property=\"article:modified_time\" content=\"2026-01-22T08:42:54+00:00\" \/>\n<meta property=\"og:image\" content=\"https:\/\/www.grandmercuredalat.com\/wp-content\/uploads\/sites\/4\/2025\/10\/air-scaled.jpg\" \/>\n\t<meta property=\"og:image:width\" content=\"2560\" \/>\n\t<meta property=\"og:image:height\" content=\"1704\" \/>\n\t<meta property=\"og:image:type\" content=\"image\/jpeg\" \/>\n<meta name=\"twitter:card\" content=\"summary_large_image\" \/>\n<meta name=\"twitter:label1\" content=\"Est. reading time\" \/>\n\t<meta name=\"twitter:data1\" content=\"1 minute\" \/>\n<script type=\"application\/ld+json\" class=\"yoast-schema-graph\">{\"@context\":\"https:\/\/schema.org\",\"@graph\":[{\"@type\":\"WebPage\",\"@id\":\"https:\/\/www.grandmercuredalat.com\/vi\/frequently-asked-questions\/\",\"url\":\"https:\/\/www.grandmercuredalat.com\/vi\/frequently-asked-questions\/\",\"name\":\"Nh\u1eefng c\u00e2u h\u1ecfi th\u01b0\u1eddng g\u1eb7p v\u1ec1 Grand Mercure Dalat Resort\",\"isPartOf\":{\"@id\":\"https:\/\/www.grandmercuredalat.com\/#website\"},\"primaryImageOfPage\":{\"@id\":\"https:\/\/www.grandmercuredalat.com\/vi\/frequently-asked-questions\/#primaryimage\"},\"image\":{\"@id\":\"https:\/\/www.grandmercuredalat.com\/vi\/frequently-asked-questions\/#primaryimage\"},\"thumbnailUrl\":\"https:\/\/www.grandmercuredalat.com\/wp-content\/uploads\/sites\/4\/2025\/10\/air-scaled.jpg\",\"datePublished\":\"2025-10-09T05:31:49+00:00\",\"dateModified\":\"2026-01-22T08:42:54+00:00\",\"description\":\"T\u1ea1i \u0111\u00e2y, b\u1ea1n s\u1ebd t\u00ecm th\u1ea5y c\u00e2u tr\u1ea3 l\u1eddi cho nh\u1eefng th\u1eafc m\u1eafc ph\u1ed5 bi\u1ebfn nh\u1ea5t, gi\u00fap tr\u1ea3i nghi\u1ec7m t\u1ea1i Grand Mercure Dalat Resort tr\u1edf n\u00ean su\u00f4n s\u1ebb.\",\"breadcrumb\":{\"@id\":\"https:\/\/www.grandmercuredalat.com\/vi\/frequently-asked-questions\/#breadcrumb\"},\"inLanguage\":\"vi-VN\",\"potentialAction\":[{\"@type\":\"ReadAction\",\"target\":[\"https:\/\/www.grandmercuredalat.com\/vi\/frequently-asked-questions\/\"]}]},{\"@type\":\"ImageObject\",\"inLanguage\":\"vi-VN\",\"@id\":\"https:\/\/www.grandmercuredalat.com\/vi\/frequently-asked-questions\/#primaryimage\",\"url\":\"https:\/\/www.grandmercuredalat.com\/wp-content\/uploads\/sites\/4\/2025\/10\/air-scaled.jpg\",\"contentUrl\":\"https:\/\/www.grandmercuredalat.com\/wp-content\/uploads\/sites\/4\/2025\/10\/air-scaled.jpg\",\"width\":2560,\"height\":1704,\"caption\":\"Dalat Airport\"},{\"@type\":\"BreadcrumbList\",\"@id\":\"https:\/\/www.grandmercuredalat.com\/vi\/frequently-asked-questions\/#breadcrumb\",\"itemListElement\":[{\"@type\":\"ListItem\",\"position\":1,\"name\":\"Home\",\"item\":\"https:\/\/www.grandmercuredalat.com\/vi\/\"},{\"@type\":\"ListItem\",\"position\":2,\"name\":\"Nh\u1eefng c\u00e2u h\u1ecfi th\u01b0\u1eddng g\u1eb7p\"}]},{\"@type\":\"WebSite\",\"@id\":\"https:\/\/www.grandmercuredalat.com\/#website\",\"url\":\"https:\/\/www.grandmercuredalat.com\/\",\"name\":\"Grand Mercure Dalat Resort\",\"description\":\"\",\"publisher\":{\"@id\":\"https:\/\/www.grandmercuredalat.com\/#organization\"},\"potentialAction\":[{\"@type\":\"SearchAction\",\"target\":{\"@type\":\"EntryPoint\",\"urlTemplate\":\"https:\/\/www.grandmercuredalat.com\/?s={search_term_string}\"},\"query-input\":{\"@type\":\"PropertyValueSpecification\",\"valueRequired\":true,\"valueName\":\"search_term_string\"}}],\"inLanguage\":\"vi-VN\"},{\"@type\":\"Organization\",\"@id\":\"https:\/\/www.grandmercuredalat.com\/#organization\",\"name\":\"Grand Mercure Dalat Resort\",\"url\":\"https:\/\/www.grandmercuredalat.com\/\",\"logo\":{\"@type\":\"ImageObject\",\"inLanguage\":\"vi-VN\",\"@id\":\"https:\/\/www.grandmercuredalat.com\/#\/schema\/logo\/image\/\",\"url\":\"https:\/\/www.grandmercuredalat.com\/wp-content\/uploads\/sites\/4\/2025\/10\/Pool-26.jpg\",\"contentUrl\":\"https:\/\/www.grandmercuredalat.com\/wp-content\/uploads\/sites\/4\/2025\/10\/Pool-26.jpg\",\"width\":1800,\"height\":1200,\"caption\":\"Grand Mercure Dalat Resort\"},\"image\":{\"@id\":\"https:\/\/www.grandmercuredalat.com\/#\/schema\/logo\/image\/\"}}]}<\/script>\n<!-- \/ Yoast SEO plugin. -->","yoast_head_json":{"title":"Nh\u1eefng c\u00e2u h\u1ecfi th\u01b0\u1eddng g\u1eb7p v\u1ec1 Grand Mercure Dalat Resort","description":"T\u1ea1i \u0111\u00e2y, b\u1ea1n s\u1ebd t\u00ecm th\u1ea5y c\u00e2u tr\u1ea3 l\u1eddi cho nh\u1eefng th\u1eafc m\u1eafc ph\u1ed5 bi\u1ebfn nh\u1ea5t, gi\u00fap tr\u1ea3i nghi\u1ec7m t\u1ea1i Grand Mercure Dalat Resort tr\u1edf n\u00ean su\u00f4n s\u1ebb.","robots":{"index":"index","follow":"follow","max-snippet":"max-snippet:-1","max-image-preview":"max-image-preview:large","max-video-preview":"max-video-preview:-1"},"canonical":"https:\/\/www.grandmercuredalat.com\/vi\/frequently-asked-questions\/","og_locale":"vi_VN","og_type":"article","og_title":"Nh\u1eefng c\u00e2u h\u1ecfi th\u01b0\u1eddng g\u1eb7p v\u1ec1 Grand Mercure Dalat Resort","og_description":"T\u1ea1i \u0111\u00e2y, b\u1ea1n s\u1ebd t\u00ecm th\u1ea5y c\u00e2u tr\u1ea3 l\u1eddi cho nh\u1eefng th\u1eafc m\u1eafc ph\u1ed5 bi\u1ebfn nh\u1ea5t, gi\u00fap tr\u1ea3i nghi\u1ec7m t\u1ea1i Grand Mercure Dalat Resort tr\u1edf n\u00ean su\u00f4n s\u1ebb.","og_url":"https:\/\/www.grandmercuredalat.com\/vi\/frequently-asked-questions\/","og_site_name":"Grand Mercure Dalat Resort","article_modified_time":"2026-01-22T08:42:54+00:00","og_image":[{"width":2560,"height":1704,"url":"https:\/\/www.grandmercuredalat.com\/wp-content\/uploads\/sites\/4\/2025\/10\/air-scaled.jpg","type":"image\/jpeg"}],"twitter_card":"summary_large_image","twitter_misc":{"Est. reading time":"1 minute"},"schema":{"@context":"https:\/\/schema.org","@graph":[{"@type":"WebPage","@id":"https:\/\/www.grandmercuredalat.com\/vi\/frequently-asked-questions\/","url":"https:\/\/www.grandmercuredalat.com\/vi\/frequently-asked-questions\/","name":"Nh\u1eefng c\u00e2u h\u1ecfi th\u01b0\u1eddng g\u1eb7p v\u1ec1 Grand Mercure Dalat Resort","isPartOf":{"@id":"https:\/\/www.grandmercuredalat.com\/#website"},"primaryImageOfPage":{"@id":"https:\/\/www.grandmercuredalat.com\/vi\/frequently-asked-questions\/#primaryimage"},"image":{"@id":"https:\/\/www.grandmercuredalat.com\/vi\/frequently-asked-questions\/#primaryimage"},"thumbnailUrl":"https:\/\/www.grandmercuredalat.com\/wp-content\/uploads\/sites\/4\/2025\/10\/air-scaled.jpg","datePublished":"2025-10-09T05:31:49+00:00","dateModified":"2026-01-22T08:42:54+00:00","description":"T\u1ea1i \u0111\u00e2y, b\u1ea1n s\u1ebd t\u00ecm th\u1ea5y c\u00e2u tr\u1ea3 l\u1eddi cho nh\u1eefng th\u1eafc m\u1eafc ph\u1ed5 bi\u1ebfn nh\u1ea5t, gi\u00fap tr\u1ea3i nghi\u1ec7m t\u1ea1i Grand Mercure Dalat Resort tr\u1edf n\u00ean su\u00f4n s\u1ebb.","breadcrumb":{"@id":"https:\/\/www.grandmercuredalat.com\/vi\/frequently-asked-questions\/#breadcrumb"},"inLanguage":"vi-VN","potentialAction":[{"@type":"ReadAction","target":["https:\/\/www.grandmercuredalat.com\/vi\/frequently-asked-questions\/"]}]},{"@type":"ImageObject","inLanguage":"vi-VN","@id":"https:\/\/www.grandmercuredalat.com\/vi\/frequently-asked-questions\/#primaryimage","url":"https:\/\/www.grandmercuredalat.com\/wp-content\/uploads\/sites\/4\/2025\/10\/air-scaled.jpg","contentUrl":"https:\/\/www.grandmercuredalat.com\/wp-content\/uploads\/sites\/4\/2025\/10\/air-scaled.jpg","width":2560,"height":1704,"caption":"Dalat Airport"},{"@type":"BreadcrumbList","@id":"https:\/\/www.grandmercuredalat.com\/vi\/frequently-asked-questions\/#breadcrumb","itemListElement":[{"@type":"ListItem","position":1,"name":"Home","item":"https:\/\/www.grandmercuredalat.com\/vi\/"},{"@type":"ListItem","position":2,"name":"Nh\u1eefng c\u00e2u h\u1ecfi th\u01b0\u1eddng g\u1eb7p"}]},{"@type":"WebSite","@id":"https:\/\/www.grandmercuredalat.com\/#website","url":"https:\/\/www.grandmercuredalat.com\/","name":"Grand Mercure Dalat Resort","description":"","publisher":{"@id":"https:\/\/www.grandmercuredalat.com\/#organization"},"potentialAction":[{"@type":"SearchAction","target":{"@type":"EntryPoint","urlTemplate":"https:\/\/www.grandmercuredalat.com\/?s={search_term_string}"},"query-input":{"@type":"PropertyValueSpecification","valueRequired":true,"valueName":"search_term_string"}}],"inLanguage":"vi-VN"},{"@type":"Organization","@id":"https:\/\/www.grandmercuredalat.com\/#organization","name":"Grand Mercure Dalat Resort","url":"https:\/\/www.grandmercuredalat.com\/","logo":{"@type":"ImageObject","inLanguage":"vi-VN","@id":"https:\/\/www.grandmercuredalat.com\/#\/schema\/logo\/image\/","url":"https:\/\/www.grandmercuredalat.com\/wp-content\/uploads\/sites\/4\/2025\/10\/Pool-26.jpg","contentUrl":"https:\/\/www.grandmercuredalat.com\/wp-content\/uploads\/sites\/4\/2025\/10\/Pool-26.jpg","width":1800,"height":1200,"caption":"Grand Mercure Dalat Resort"},"image":{"@id":"https:\/\/www.grandmercuredalat.com\/#\/schema\/logo\/image\/"}}]}},"_links":{"self":[{"href":"https:\/\/www.grandmercuredalat.com\/vi\/wp-json\/wp\/v2\/pages\/193","targetHints":{"allow":["GET"]}}],"collection":[{"href":"https:\/\/www.grandmercuredalat.com\/vi\/wp-json\/wp\/v2\/pages"}],"about":[{"href":"https:\/\/www.grandmercuredalat.com\/vi\/wp-json\/wp\/v2\/types\/page"}],"author":[{"embeddable":true,"href":"https:\/\/www.grandmercuredalat.com\/vi\/wp-json\/wp\/v2\/users\/30"}],"replies":[{"embeddable":true,"href":"https:\/\/www.grandmercuredalat.com\/vi\/wp-json\/wp\/v2\/comments?post=193"}],"version-history":[{"count":0,"href":"https:\/\/www.grandmercuredalat.com\/vi\/wp-json\/wp\/v2\/pages\/193\/revisions"}],"wp:featuredmedia":[{"embeddable":true,"href":"https:\/\/www.grandmercuredalat.com\/vi\/wp-json\/wp\/v2\/media\/417"}],"wp:attachment":[{"href":"https:\/\/www.grandmercuredalat.com\/vi\/wp-json\/wp\/v2\/media?parent=193"}],"wp:term":[{"taxonomy":"category","embeddable":true,"href":"https:\/\/www.grandmercuredalat.com\/vi\/wp-json\/wp\/v2\/categories?post=193"}],"curies":[{"name":"wp","href":"https:\/\/api.w.org\/{rel}","templated":true}]}}