{"id":191,"date":"2025-10-09T05:18:03","date_gmt":"2025-10-09T05:18:03","guid":{"rendered":"https:\/\/grandmercuredalatresort.accorv2prod2.decms.eu\/gallery\/"},"modified":"2026-01-22T08:52:26","modified_gmt":"2026-01-22T08:52:26","slug":"gallery","status":"publish","type":"page","link":"https:\/\/www.grandmercuredalat.com\/vi\/gallery\/","title":{"rendered":"Th\u01b0 Vi\u1ec7n \u1ea2nh"},"content":{"rendered":"","protected":false},"excerpt":{"rendered":"","protected":false},"author":30,"featured_media":543,"parent":0,"menu_order":0,"comment_status":"closed","ping_status":"closed","template":"template-gallery.php","meta":{"footnotes":""},"categories":[],"class_list":["post-191","page","type-page","status-publish","has-post-thumbnail","hentry"],"acf":[],"yoast_head":"<!-- This site is optimized with the Yoast SEO plugin v26.9 - https:\/\/yoast.com\/product\/yoast-seo-wordpress\/ -->\n<title>Th\u01b0 Vi\u1ec7n \u1ea2nh Grand Mercure Dalat | Kh\u00e1m Ph\u00e1 Ngay<\/title>\n<meta name=\"description\" content=\"H\u00e3y tham kh\u1ea3o th\u01b0 vi\u1ec7n \u1ea3nh c\u1ee7a Grand Mercure Dalat Resort \u0111\u1ec3 kh\u00e1m ph\u00e1 nh\u1eefng v\u1ebb \u0111\u1eb9p sang tr\u1ecdng t\u1ea1i khu ngh\u1ec9 d\u01b0\u1ee1ng v\u00f9ng cao n\u00e0y.\" \/>\n<meta name=\"robots\" content=\"index, follow, max-snippet:-1, max-image-preview:large, max-video-preview:-1\" \/>\n<link rel=\"canonical\" href=\"https:\/\/www.grandmercuredalat.com\/vi\/gallery\/\" \/>\n<meta property=\"og:locale\" content=\"vi_VN\" \/>\n<meta property=\"og:type\" content=\"article\" \/>\n<meta property=\"og:title\" content=\"Th\u01b0 Vi\u1ec7n \u1ea2nh Grand Mercure Dalat | Kh\u00e1m Ph\u00e1 Ngay\" \/>\n<meta property=\"og:description\" content=\"H\u00e3y tham kh\u1ea3o th\u01b0 vi\u1ec7n \u1ea3nh c\u1ee7a Grand Mercure Dalat Resort \u0111\u1ec3 kh\u00e1m ph\u00e1 nh\u1eefng v\u1ebb \u0111\u1eb9p sang tr\u1ecdng t\u1ea1i khu ngh\u1ec9 d\u01b0\u1ee1ng v\u00f9ng cao n\u00e0y.\" \/>\n<meta property=\"og:url\" content=\"https:\/\/www.grandmercuredalat.com\/vi\/gallery\/\" \/>\n<meta property=\"og:site_name\" content=\"Grand Mercure Dalat Resort\" \/>\n<meta property=\"article:modified_time\" content=\"2026-01-22T08:52:26+00:00\" \/>\n<meta property=\"og:image\" content=\"https:\/\/www.grandmercuredalat.com\/wp-content\/uploads\/sites\/4\/2025\/11\/Where-r-we.jpg\" \/>\n\t<meta property=\"og:image:width\" content=\"1300\" \/>\n\t<meta property=\"og:image:height\" content=\"716\" \/>\n\t<meta property=\"og:image:type\" content=\"image\/jpeg\" \/>\n<meta name=\"twitter:card\" content=\"summary_large_image\" \/>\n<meta name=\"twitter:label1\" content=\"Est. reading time\" \/>\n\t<meta name=\"twitter:data1\" content=\"1 minute\" \/>\n<script type=\"application\/ld+json\" class=\"yoast-schema-graph\">{\"@context\":\"https:\/\/schema.org\",\"@graph\":[{\"@type\":\"WebPage\",\"@id\":\"https:\/\/www.grandmercuredalat.com\/vi\/gallery\/\",\"url\":\"https:\/\/www.grandmercuredalat.com\/vi\/gallery\/\",\"name\":\"Th\u01b0 Vi\u1ec7n \u1ea2nh Grand Mercure Dalat | Kh\u00e1m Ph\u00e1 Ngay\",\"isPartOf\":{\"@id\":\"https:\/\/www.grandmercuredalat.com\/#website\"},\"primaryImageOfPage\":{\"@id\":\"https:\/\/www.grandmercuredalat.com\/vi\/gallery\/#primaryimage\"},\"image\":{\"@id\":\"https:\/\/www.grandmercuredalat.com\/vi\/gallery\/#primaryimage\"},\"thumbnailUrl\":\"https:\/\/www.grandmercuredalat.com\/wp-content\/uploads\/sites\/4\/2025\/11\/Where-r-we.jpg\",\"datePublished\":\"2025-10-09T05:18:03+00:00\",\"dateModified\":\"2026-01-22T08:52:26+00:00\",\"description\":\"H\u00e3y tham kh\u1ea3o th\u01b0 vi\u1ec7n \u1ea3nh c\u1ee7a Grand Mercure Dalat Resort \u0111\u1ec3 kh\u00e1m ph\u00e1 nh\u1eefng v\u1ebb \u0111\u1eb9p sang tr\u1ecdng t\u1ea1i khu ngh\u1ec9 d\u01b0\u1ee1ng v\u00f9ng cao n\u00e0y.\",\"breadcrumb\":{\"@id\":\"https:\/\/www.grandmercuredalat.com\/vi\/gallery\/#breadcrumb\"},\"inLanguage\":\"vi-VN\",\"potentialAction\":[{\"@type\":\"ReadAction\",\"target\":[\"https:\/\/www.grandmercuredalat.com\/vi\/gallery\/\"]}]},{\"@type\":\"ImageObject\",\"inLanguage\":\"vi-VN\",\"@id\":\"https:\/\/www.grandmercuredalat.com\/vi\/gallery\/#primaryimage\",\"url\":\"https:\/\/www.grandmercuredalat.com\/wp-content\/uploads\/sites\/4\/2025\/11\/Where-r-we.jpg\",\"contentUrl\":\"https:\/\/www.grandmercuredalat.com\/wp-content\/uploads\/sites\/4\/2025\/11\/Where-r-we.jpg\",\"width\":1300,\"height\":716,\"caption\":\"Kh\u00e1ch s\u1ea1n 5 sao t\u1ea1i \u0110\u00e0 L\u1ea1t\"},{\"@type\":\"BreadcrumbList\",\"@id\":\"https:\/\/www.grandmercuredalat.com\/vi\/gallery\/#breadcrumb\",\"itemListElement\":[{\"@type\":\"ListItem\",\"position\":1,\"name\":\"Home\",\"item\":\"https:\/\/www.grandmercuredalat.com\/vi\/\"},{\"@type\":\"ListItem\",\"position\":2,\"name\":\"Th\u01b0 Vi\u1ec7n \u1ea2nh\"}]},{\"@type\":\"WebSite\",\"@id\":\"https:\/\/www.grandmercuredalat.com\/#website\",\"url\":\"https:\/\/www.grandmercuredalat.com\/\",\"name\":\"Grand Mercure Dalat Resort\",\"description\":\"\",\"publisher\":{\"@id\":\"https:\/\/www.grandmercuredalat.com\/#organization\"},\"potentialAction\":[{\"@type\":\"SearchAction\",\"target\":{\"@type\":\"EntryPoint\",\"urlTemplate\":\"https:\/\/www.grandmercuredalat.com\/?s={search_term_string}\"},\"query-input\":{\"@type\":\"PropertyValueSpecification\",\"valueRequired\":true,\"valueName\":\"search_term_string\"}}],\"inLanguage\":\"vi-VN\"},{\"@type\":\"Organization\",\"@id\":\"https:\/\/www.grandmercuredalat.com\/#organization\",\"name\":\"Grand Mercure Dalat Resort\",\"url\":\"https:\/\/www.grandmercuredalat.com\/\",\"logo\":{\"@type\":\"ImageObject\",\"inLanguage\":\"vi-VN\",\"@id\":\"https:\/\/www.grandmercuredalat.com\/#\/schema\/logo\/image\/\",\"url\":\"https:\/\/www.grandmercuredalat.com\/wp-content\/uploads\/sites\/4\/2025\/10\/Pool-26.jpg\",\"contentUrl\":\"https:\/\/www.grandmercuredalat.com\/wp-content\/uploads\/sites\/4\/2025\/10\/Pool-26.jpg\",\"width\":1800,\"height\":1200,\"caption\":\"Grand Mercure Dalat Resort\"},\"image\":{\"@id\":\"https:\/\/www.grandmercuredalat.com\/#\/schema\/logo\/image\/\"}}]}<\/script>\n<!-- \/ Yoast SEO plugin. -->","yoast_head_json":{"title":"Th\u01b0 Vi\u1ec7n \u1ea2nh Grand Mercure Dalat | Kh\u00e1m Ph\u00e1 Ngay","description":"H\u00e3y tham kh\u1ea3o th\u01b0 vi\u1ec7n \u1ea3nh c\u1ee7a Grand Mercure Dalat Resort \u0111\u1ec3 kh\u00e1m ph\u00e1 nh\u1eefng v\u1ebb \u0111\u1eb9p sang tr\u1ecdng t\u1ea1i khu ngh\u1ec9 d\u01b0\u1ee1ng v\u00f9ng cao n\u00e0y.","robots":{"index":"index","follow":"follow","max-snippet":"max-snippet:-1","max-image-preview":"max-image-preview:large","max-video-preview":"max-video-preview:-1"},"canonical":"https:\/\/www.grandmercuredalat.com\/vi\/gallery\/","og_locale":"vi_VN","og_type":"article","og_title":"Th\u01b0 Vi\u1ec7n \u1ea2nh Grand Mercure Dalat | Kh\u00e1m Ph\u00e1 Ngay","og_description":"H\u00e3y tham kh\u1ea3o th\u01b0 vi\u1ec7n \u1ea3nh c\u1ee7a Grand Mercure Dalat Resort \u0111\u1ec3 kh\u00e1m ph\u00e1 nh\u1eefng v\u1ebb \u0111\u1eb9p sang tr\u1ecdng t\u1ea1i khu ngh\u1ec9 d\u01b0\u1ee1ng v\u00f9ng cao n\u00e0y.","og_url":"https:\/\/www.grandmercuredalat.com\/vi\/gallery\/","og_site_name":"Grand Mercure Dalat Resort","article_modified_time":"2026-01-22T08:52:26+00:00","og_image":[{"width":1300,"height":716,"url":"https:\/\/www.grandmercuredalat.com\/wp-content\/uploads\/sites\/4\/2025\/11\/Where-r-we.jpg","type":"image\/jpeg"}],"twitter_card":"summary_large_image","twitter_misc":{"Est. reading time":"1 minute"},"schema":{"@context":"https:\/\/schema.org","@graph":[{"@type":"WebPage","@id":"https:\/\/www.grandmercuredalat.com\/vi\/gallery\/","url":"https:\/\/www.grandmercuredalat.com\/vi\/gallery\/","name":"Th\u01b0 Vi\u1ec7n \u1ea2nh Grand Mercure Dalat | Kh\u00e1m Ph\u00e1 Ngay","isPartOf":{"@id":"https:\/\/www.grandmercuredalat.com\/#website"},"primaryImageOfPage":{"@id":"https:\/\/www.grandmercuredalat.com\/vi\/gallery\/#primaryimage"},"image":{"@id":"https:\/\/www.grandmercuredalat.com\/vi\/gallery\/#primaryimage"},"thumbnailUrl":"https:\/\/www.grandmercuredalat.com\/wp-content\/uploads\/sites\/4\/2025\/11\/Where-r-we.jpg","datePublished":"2025-10-09T05:18:03+00:00","dateModified":"2026-01-22T08:52:26+00:00","description":"H\u00e3y tham kh\u1ea3o th\u01b0 vi\u1ec7n \u1ea3nh c\u1ee7a Grand Mercure Dalat Resort \u0111\u1ec3 kh\u00e1m ph\u00e1 nh\u1eefng v\u1ebb \u0111\u1eb9p sang tr\u1ecdng t\u1ea1i khu ngh\u1ec9 d\u01b0\u1ee1ng v\u00f9ng cao n\u00e0y.","breadcrumb":{"@id":"https:\/\/www.grandmercuredalat.com\/vi\/gallery\/#breadcrumb"},"inLanguage":"vi-VN","potentialAction":[{"@type":"ReadAction","target":["https:\/\/www.grandmercuredalat.com\/vi\/gallery\/"]}]},{"@type":"ImageObject","inLanguage":"vi-VN","@id":"https:\/\/www.grandmercuredalat.com\/vi\/gallery\/#primaryimage","url":"https:\/\/www.grandmercuredalat.com\/wp-content\/uploads\/sites\/4\/2025\/11\/Where-r-we.jpg","contentUrl":"https:\/\/www.grandmercuredalat.com\/wp-content\/uploads\/sites\/4\/2025\/11\/Where-r-we.jpg","width":1300,"height":716,"caption":"Kh\u00e1ch s\u1ea1n 5 sao t\u1ea1i \u0110\u00e0 L\u1ea1t"},{"@type":"BreadcrumbList","@id":"https:\/\/www.grandmercuredalat.com\/vi\/gallery\/#breadcrumb","itemListElement":[{"@type":"ListItem","position":1,"name":"Home","item":"https:\/\/www.grandmercuredalat.com\/vi\/"},{"@type":"ListItem","position":2,"name":"Th\u01b0 Vi\u1ec7n \u1ea2nh"}]},{"@type":"WebSite","@id":"https:\/\/www.grandmercuredalat.com\/#website","url":"https:\/\/www.grandmercuredalat.com\/","name":"Grand Mercure Dalat Resort","description":"","publisher":{"@id":"https:\/\/www.grandmercuredalat.com\/#organization"},"potentialAction":[{"@type":"SearchAction","target":{"@type":"EntryPoint","urlTemplate":"https:\/\/www.grandmercuredalat.com\/?s={search_term_string}"},"query-input":{"@type":"PropertyValueSpecification","valueRequired":true,"valueName":"search_term_string"}}],"inLanguage":"vi-VN"},{"@type":"Organization","@id":"https:\/\/www.grandmercuredalat.com\/#organization","name":"Grand Mercure Dalat Resort","url":"https:\/\/www.grandmercuredalat.com\/","logo":{"@type":"ImageObject","inLanguage":"vi-VN","@id":"https:\/\/www.grandmercuredalat.com\/#\/schema\/logo\/image\/","url":"https:\/\/www.grandmercuredalat.com\/wp-content\/uploads\/sites\/4\/2025\/10\/Pool-26.jpg","contentUrl":"https:\/\/www.grandmercuredalat.com\/wp-content\/uploads\/sites\/4\/2025\/10\/Pool-26.jpg","width":1800,"height":1200,"caption":"Grand Mercure Dalat Resort"},"image":{"@id":"https:\/\/www.grandmercuredalat.com\/#\/schema\/logo\/image\/"}}]}},"_links":{"self":[{"href":"https:\/\/www.grandmercuredalat.com\/vi\/wp-json\/wp\/v2\/pages\/191","targetHints":{"allow":["GET"]}}],"collection":[{"href":"https:\/\/www.grandmercuredalat.com\/vi\/wp-json\/wp\/v2\/pages"}],"about":[{"href":"https:\/\/www.grandmercuredalat.com\/vi\/wp-json\/wp\/v2\/types\/page"}],"author":[{"embeddable":true,"href":"https:\/\/www.grandmercuredalat.com\/vi\/wp-json\/wp\/v2\/users\/30"}],"replies":[{"embeddable":true,"href":"https:\/\/www.grandmercuredalat.com\/vi\/wp-json\/wp\/v2\/comments?post=191"}],"version-history":[{"count":0,"href":"https:\/\/www.grandmercuredalat.com\/vi\/wp-json\/wp\/v2\/pages\/191\/revisions"}],"wp:featuredmedia":[{"embeddable":true,"href":"https:\/\/www.grandmercuredalat.com\/vi\/wp-json\/wp\/v2\/media\/543"}],"wp:attachment":[{"href":"https:\/\/www.grandmercuredalat.com\/vi\/wp-json\/wp\/v2\/media?parent=191"}],"wp:term":[{"taxonomy":"category","embeddable":true,"href":"https:\/\/www.grandmercuredalat.com\/vi\/wp-json\/wp\/v2\/categories?post=191"}],"curies":[{"name":"wp","href":"https:\/\/api.w.org\/{rel}","templated":true}]}}